{"id":9864,"date":"2025-06-02T13:13:47","date_gmt":"2025-06-02T13:13:47","guid":{"rendered":"https:\/\/bbqassad.ee\/toode\/%d1%80%d0%b5%d0%b2%d0%bd%d0%b8%d0%b2%d1%8b%d0%b9-%d0%b4%d1%8c%d1%8f%d0%b2%d0%be%d0%bb-boom-%d0%be%d1%87%d0%b5%d0%bd%d1%8c-%d0%ba%d1%80%d1%83%d1%82%d0%b0%d1%8f-%d1%80%d0%b0%d1%81%d1%82%d0%be%d0%bf\/"},"modified":"2025-06-02T13:13:47","modified_gmt":"2025-06-02T13:13:47","slug":"%d1%80%d0%b5%d0%b2%d0%bd%d0%b8%d0%b2%d1%8b%d0%b9-%d0%b4%d1%8c%d1%8f%d0%b2%d0%be%d0%bb-boom-%d0%be%d1%87%d0%b5%d0%bd%d1%8c-%d0%ba%d1%80%d1%83%d1%82%d0%b0%d1%8f-%d1%80%d0%b0%d1%81%d1%82%d0%be%d0%bf","status":"publish","type":"product","link":"https:\/\/bbqassad.ee\/ru\/toode\/%d1%80%d0%b5%d0%b2%d0%bd%d0%b8%d0%b2%d1%8b%d0%b9-%d0%b4%d1%8c%d1%8f%d0%b2%d0%be%d0%bb-boom-%d0%be%d1%87%d0%b5%d0%bd%d1%8c-%d0%ba%d1%80%d1%83%d1%82%d0%b0%d1%8f-%d1%80%d0%b0%d1%81%d1%82%d0%be%d0%bf\/","title":{"rendered":"\u0420\u0435\u0432\u043d\u0438\u0432\u044b\u0439 \u0434\u044c\u044f\u0432\u043e\u043b BOOM! \u041e\u0447\u0435\u043d\u044c \u043a\u0440\u0443\u0442\u0430\u044f \u0440\u0430\u0441\u0442\u043e\u043f\u043a\u0430! \u0412 \u0443\u043f\u0430\u043a\u043e\u0432\u043a\u0435 \u2014 8 \u0448\u0442\u0443\u043a \u0434\u043b\u044f \u0440\u043e\u0437\u0436\u0438\u0433\u0430."},"content":{"rendered":"<h3>\u0420\u0435\u0432\u043d\u0438\u0432\u044b\u0439 \u0434\u044c\u044f\u0432\u043e\u043b BOOM! \u041e\u0447\u0435\u043d\u044c \u043a\u0440\u0443\u0442\u0430\u044f \u0440\u0430\u0441\u0442\u043e\u043f\u043a\u0430! \u0412 \u0443\u043f\u0430\u043a\u043e\u0432\u043a\u0435 \u2014 8 \u0448\u0442\u0443\u043a \u0434\u043b\u044f \u0440\u043e\u0437\u0436\u0438\u0433\u0430.<\/h3>\n<p>\u0425\u043e\u0442\u0438\u0442\u0435 \u0437\u0430\u0431\u0430\u0432\u043d\u044b\u0439 \u0438 \u0432 \u0442\u043e \u0436\u0435 \u0432\u0440\u0435\u043c\u044f \u043f\u043e\u0442\u0440\u044f\u0441\u0430\u044e\u0449\u0438\u0439 \u043f\u043e\u0434\u0430\u0440\u043e\u043a \u0434\u043b\u044f \u0412\u0430\u0448\u0435\u0433\u043e \u0434\u0440\u0443\u0433\u0430, \u043f\u043e\u043c\u0435\u0448\u0430\u043d\u043d\u043e\u0433\u043e \u043d\u0430 \u0431\u0430\u0440\u0431\u0435\u043a\u044e, &#8212; \u0432\u043e\u0442 \u043e\u043d &#8212; \u0437\u0430\u0436\u0438\u0433\u0430\u0442\u0435\u043b\u044c\u043d\u044b\u0435 \u0431\u043e\u043c\u0431\u044b BOOM.<\/p>\n","protected":false},"excerpt":{"rendered":"<p style=\"font-weight: 400;\">100% \u043e\u0440\u0433\u0430\u043d\u0438\u0447\u0435\u0441\u043a\u0438\u0439 \u0438 \u044d\u043a\u043e\u043b\u043e\u0433\u0438\u0447\u0435\u0441\u043a\u0438 \u0447\u0438\u0441\u0442\u044b\u0439 \u043c\u0430\u0442\u0435\u0440\u0438\u0430\u043b, \u043f\u043e\u043b\u043d\u043e\u0441\u0442\u044c\u044e \u0438\u0437\u0433\u043e\u0442\u043e\u0432\u043b\u0435\u043d\u043d\u044b\u0439 \u0438\u0437 \u043a\u043e\u043a\u043e\u0441\u043e\u0432\u043e\u0433\u043e \u0432\u043e\u043b\u043e\u043a\u043d\u0430<\/p>\n<p style=\"font-weight: 400;\">\u0417\u0430\u043f\u0430\u0442\u0435\u043d\u0442\u043e\u0432\u0430\u043d\u043d\u0430\u044f \u0444\u043e\u0440\u043c\u0443\u043b\u0430 \u0438 \u0444\u043e\u0440\u043c\u0430<\/p>\n<p style=\"font-weight: 400;\">\u041e\u0434\u0438\u043d \u0431\u0443\u043c \u044d\u043a\u0432\u0438\u0432\u0430\u043b\u0435\u043d\u0442\u0435\u043d 3-5 \u043a\u0430\u0442\u0443\u0448\u043a\u0430\u043c \u0437\u0430\u0436\u0438\u0433\u0430\u043d\u0438\u044f \u0432\u0435\u0434\u0443\u0449\u0438\u0445 \u043a\u043e\u043d\u043a\u0443\u0440\u0435\u043d\u0442\u043e\u0432<\/p>\n<p style=\"font-weight: 400;\">\u0421\u043e\u0437\u0434\u0430\u0435\u0442 \u043f\u043b\u0430\u043c\u044f \u0432\u044b\u0441\u043e\u0442\u043e\u0439 25 \u0441\u043c, \u0434\u043e\u0441\u0442\u0438\u0433\u0430\u0435\u0442 \u0442\u0435\u043c\u043f\u0435\u0440\u0430\u0442\u0443\u0440\u044b \u0432\u044b\u0448\u0435 760\u00b0F \u0438 \u0433\u043e\u0440\u0438\u0442 \u0431\u043e\u043b\u0435\u0435 10 \u043c\u0438\u043d\u0443\u0442.<\/p>\n<p style=\"font-weight: 400;\">\u041f\u0440\u0430\u043a\u0442\u0438\u0447\u0435\u0441\u043a\u0438 \u043d\u0435 \u0441\u043e\u0434\u0435\u0440\u0436\u0438\u0442 \u0434\u044b\u043c\u0430 \u0438 \u0437\u0430\u043f\u0430\u0445\u0430 \u0438 \u043d\u0435 \u0434\u043e\u0431\u0430\u0432\u043b\u044f\u0435\u0442 \u0430\u0440\u043e\u043c\u0430\u0442\u0430 \u0432 \u043f\u0438\u0449\u0443<\/p>\n<p style=\"font-weight: 400;\">\u0412\u043e\u0434\u043e\u043d\u0435\u043f\u0440\u043e\u043d\u0438\u0446\u0430\u0435\u043c\u044b\u0439<\/p>\n<p style=\"font-weight: 400;\">\u0411\u043e\u043c\u0431\u043e\u043e\u0431\u0440\u0430\u0437\u043d\u0430\u044f \u0444\u043e\u0440\u043c\u0430 &#8212; \u044d\u0442\u043e \u043f\u0440\u043e\u0441\u0442\u043e \u043f\u043e\u0442\u0440\u044f\u0441\u0430\u044e\u0449\u0435!<\/p>\n","protected":false},"featured_media":9865,"comment_status":"open","ping_status":"closed","template":"","meta":[],"product_brand":[],"product_cat":[519],"product_tag":[],"class_list":{"0":"post-9864","1":"product","2":"type-product","3":"status-publish","4":"has-post-thumbnail","6":"product_cat-soodus","8":"first","9":"instock","10":"taxable","11":"shipping-taxable","12":"purchasable","13":"product-type-simple"},"yoast_head":"<!-- This site is optimized with the Yoast SEO plugin v27.1.1 - https:\/\/yoast.com\/product\/yoast-seo-wordpress\/ -->\n<title>\u0420\u0435\u0432\u043d\u0438\u0432\u044b\u0439 \u0434\u044c\u044f\u0432\u043e\u043b BOOM! \u041e\u0447\u0435\u043d\u044c \u043a\u0440\u0443\u0442\u0430\u044f \u0440\u0430\u0441\u0442\u043e\u043f\u043a\u0430! \u0412 \u0443\u043f\u0430\u043a\u043e\u0432\u043a\u0435 \u2014 8 \u0448\u0442\u0443\u043a \u0434\u043b\u044f \u0440\u043e\u0437\u0436\u0438\u0433\u0430. - BBQ \u00c4ssad<\/title>\n<meta name=\"robots\" content=\"index, follow, max-snippet:-1, max-image-preview:large, max-video-preview:-1\" \/>\n<link rel=\"canonical\" href=\"https:\/\/bbqassad.ee\/ru\/toode\/%d1%80%d0%b5%d0%b2%d0%bd%d0%b8%d0%b2%d1%8b%d0%b9-%d0%b4%d1%8c%d1%8f%d0%b2%d0%be%d0%bb-boom-%d0%be%d1%87%d0%b5%d0%bd%d1%8c-%d0%ba%d1%80%d1%83%d1%82%d0%b0%d1%8f-%d1%80%d0%b0%d1%81%d1%82%d0%be%d0%bf\/\" \/>\n<meta property=\"og:locale\" content=\"ru_RU\" \/>\n<meta property=\"og:type\" content=\"article\" \/>\n<meta property=\"og:title\" content=\"\u0420\u0435\u0432\u043d\u0438\u0432\u044b\u0439 \u0434\u044c\u044f\u0432\u043e\u043b BOOM! \u041e\u0447\u0435\u043d\u044c \u043a\u0440\u0443\u0442\u0430\u044f \u0440\u0430\u0441\u0442\u043e\u043f\u043a\u0430! \u0412 \u0443\u043f\u0430\u043a\u043e\u0432\u043a\u0435 \u2014 8 \u0448\u0442\u0443\u043a \u0434\u043b\u044f \u0440\u043e\u0437\u0436\u0438\u0433\u0430. - BBQ \u00c4ssad\" \/>\n<meta property=\"og:description\" content=\"100% \u043e\u0440\u0433\u0430\u043d\u0438\u0447\u0435\u0441\u043a\u0438\u0439 \u0438 \u044d\u043a\u043e\u043b\u043e\u0433\u0438\u0447\u0435\u0441\u043a\u0438 \u0447\u0438\u0441\u0442\u044b\u0439 \u043c\u0430\u0442\u0435\u0440\u0438\u0430\u043b, \u043f\u043e\u043b\u043d\u043e\u0441\u0442\u044c\u044e \u0438\u0437\u0433\u043e\u0442\u043e\u0432\u043b\u0435\u043d\u043d\u044b\u0439 \u0438\u0437 \u043a\u043e\u043a\u043e\u0441\u043e\u0432\u043e\u0433\u043e \u0432\u043e\u043b\u043e\u043a\u043d\u0430 \u0417\u0430\u043f\u0430\u0442\u0435\u043d\u0442\u043e\u0432\u0430\u043d\u043d\u0430\u044f \u0444\u043e\u0440\u043c\u0443\u043b\u0430 \u0438 \u0444\u043e\u0440\u043c\u0430 \u041e\u0434\u0438\u043d \u0431\u0443\u043c \u044d\u043a\u0432\u0438\u0432\u0430\u043b\u0435\u043d\u0442\u0435\u043d 3-5 \u043a\u0430\u0442\u0443\u0448\u043a\u0430\u043c \u0437\u0430\u0436\u0438\u0433\u0430\u043d\u0438\u044f \u0432\u0435\u0434\u0443\u0449\u0438\u0445 \u043a\u043e\u043d\u043a\u0443\u0440\u0435\u043d\u0442\u043e\u0432 \u0421\u043e\u0437\u0434\u0430\u0435\u0442 \u043f\u043b\u0430\u043c\u044f \u0432\u044b\u0441\u043e\u0442\u043e\u0439 25 \u0441\u043c, \u0434\u043e\u0441\u0442\u0438\u0433\u0430\u0435\u0442 \u0442\u0435\u043c\u043f\u0435\u0440\u0430\u0442\u0443\u0440\u044b \u0432\u044b\u0448\u0435 760\u00b0F \u0438 \u0433\u043e\u0440\u0438\u0442 \u0431\u043e\u043b\u0435\u0435 10 \u043c\u0438\u043d\u0443\u0442. \u041f\u0440\u0430\u043a\u0442\u0438\u0447\u0435\u0441\u043a\u0438 \u043d\u0435 \u0441\u043e\u0434\u0435\u0440\u0436\u0438\u0442 \u0434\u044b\u043c\u0430 \u0438 \u0437\u0430\u043f\u0430\u0445\u0430 \u0438 \u043d\u0435 \u0434\u043e\u0431\u0430\u0432\u043b\u044f\u0435\u0442 \u0430\u0440\u043e\u043c\u0430\u0442\u0430 \u0432 \u043f\u0438\u0449\u0443 \u0412\u043e\u0434\u043e\u043d\u0435\u043f\u0440\u043e\u043d\u0438\u0446\u0430\u0435\u043c\u044b\u0439 \u0411\u043e\u043c\u0431\u043e\u043e\u0431\u0440\u0430\u0437\u043d\u0430\u044f \u0444\u043e\u0440\u043c\u0430 - \u044d\u0442\u043e \u043f\u0440\u043e\u0441\u0442\u043e \u043f\u043e\u0442\u0440\u044f\u0441\u0430\u044e\u0449\u0435!\" \/>\n<meta property=\"og:url\" content=\"https:\/\/bbqassad.ee\/ru\/toode\/%d1%80%d0%b5%d0%b2%d0%bd%d0%b8%d0%b2%d1%8b%d0%b9-%d0%b4%d1%8c%d1%8f%d0%b2%d0%be%d0%bb-boom-%d0%be%d1%87%d0%b5%d0%bd%d1%8c-%d0%ba%d1%80%d1%83%d1%82%d0%b0%d1%8f-%d1%80%d0%b0%d1%81%d1%82%d0%be%d0%bf\/\" \/>\n<meta property=\"og:site_name\" content=\"BBQ \u00c4ssad\" \/>\n<meta property=\"article:publisher\" content=\"https:\/\/www.facebook.com\/bbqassad\" \/>\n<meta property=\"og:image\" content=\"https:\/\/bbqassad.ee\/wp-content\/uploads\/2025\/06\/boom-8pack-front-right-1024x796.png\" \/>\n\t<meta property=\"og:image:width\" content=\"1024\" \/>\n\t<meta property=\"og:image:height\" content=\"796\" \/>\n\t<meta property=\"og:image:type\" content=\"image\/png\" \/>\n<meta name=\"twitter:card\" content=\"summary_large_image\" \/>\n<script type=\"application\/ld+json\" class=\"yoast-schema-graph\">{\"@context\":\"https:\/\/schema.org\",\"@graph\":[{\"@type\":\"WebPage\",\"@id\":\"https:\/\/bbqassad.ee\/ru\/toode\/%d1%80%d0%b5%d0%b2%d0%bd%d0%b8%d0%b2%d1%8b%d0%b9-%d0%b4%d1%8c%d1%8f%d0%b2%d0%be%d0%bb-boom-%d0%be%d1%87%d0%b5%d0%bd%d1%8c-%d0%ba%d1%80%d1%83%d1%82%d0%b0%d1%8f-%d1%80%d0%b0%d1%81%d1%82%d0%be%d0%bf\/\",\"url\":\"https:\/\/bbqassad.ee\/ru\/toode\/%d1%80%d0%b5%d0%b2%d0%bd%d0%b8%d0%b2%d1%8b%d0%b9-%d0%b4%d1%8c%d1%8f%d0%b2%d0%be%d0%bb-boom-%d0%be%d1%87%d0%b5%d0%bd%d1%8c-%d0%ba%d1%80%d1%83%d1%82%d0%b0%d1%8f-%d1%80%d0%b0%d1%81%d1%82%d0%be%d0%bf\/\",\"name\":\"\u0420\u0435\u0432\u043d\u0438\u0432\u044b\u0439 \u0434\u044c\u044f\u0432\u043e\u043b BOOM! \u041e\u0447\u0435\u043d\u044c \u043a\u0440\u0443\u0442\u0430\u044f \u0440\u0430\u0441\u0442\u043e\u043f\u043a\u0430! \u0412 \u0443\u043f\u0430\u043a\u043e\u0432\u043a\u0435 \u2014 8 \u0448\u0442\u0443\u043a \u0434\u043b\u044f \u0440\u043e\u0437\u0436\u0438\u0433\u0430. - BBQ \u00c4ssad\",\"isPartOf\":{\"@id\":\"https:\/\/bbqassad.ee\/ru\/#website\"},\"primaryImageOfPage\":{\"@id\":\"https:\/\/bbqassad.ee\/ru\/toode\/%d1%80%d0%b5%d0%b2%d0%bd%d0%b8%d0%b2%d1%8b%d0%b9-%d0%b4%d1%8c%d1%8f%d0%b2%d0%be%d0%bb-boom-%d0%be%d1%87%d0%b5%d0%bd%d1%8c-%d0%ba%d1%80%d1%83%d1%82%d0%b0%d1%8f-%d1%80%d0%b0%d1%81%d1%82%d0%be%d0%bf\/#primaryimage\"},\"image\":{\"@id\":\"https:\/\/bbqassad.ee\/ru\/toode\/%d1%80%d0%b5%d0%b2%d0%bd%d0%b8%d0%b2%d1%8b%d0%b9-%d0%b4%d1%8c%d1%8f%d0%b2%d0%be%d0%bb-boom-%d0%be%d1%87%d0%b5%d0%bd%d1%8c-%d0%ba%d1%80%d1%83%d1%82%d0%b0%d1%8f-%d1%80%d0%b0%d1%81%d1%82%d0%be%d0%bf\/#primaryimage\"},\"thumbnailUrl\":\"https:\/\/bbqassad.ee\/wp-content\/uploads\/2025\/06\/boom-8pack-front-right.png\",\"datePublished\":\"2025-06-02T13:13:47+00:00\",\"breadcrumb\":{\"@id\":\"https:\/\/bbqassad.ee\/ru\/toode\/%d1%80%d0%b5%d0%b2%d0%bd%d0%b8%d0%b2%d1%8b%d0%b9-%d0%b4%d1%8c%d1%8f%d0%b2%d0%be%d0%bb-boom-%d0%be%d1%87%d0%b5%d0%bd%d1%8c-%d0%ba%d1%80%d1%83%d1%82%d0%b0%d1%8f-%d1%80%d0%b0%d1%81%d1%82%d0%be%d0%bf\/#breadcrumb\"},\"inLanguage\":\"ru-RU\",\"potentialAction\":[{\"@type\":\"ReadAction\",\"target\":[\"https:\/\/bbqassad.ee\/ru\/toode\/%d1%80%d0%b5%d0%b2%d0%bd%d0%b8%d0%b2%d1%8b%d0%b9-%d0%b4%d1%8c%d1%8f%d0%b2%d0%be%d0%bb-boom-%d0%be%d1%87%d0%b5%d0%bd%d1%8c-%d0%ba%d1%80%d1%83%d1%82%d0%b0%d1%8f-%d1%80%d0%b0%d1%81%d1%82%d0%be%d0%bf\/\"]}]},{\"@type\":\"ImageObject\",\"inLanguage\":\"ru-RU\",\"@id\":\"https:\/\/bbqassad.ee\/ru\/toode\/%d1%80%d0%b5%d0%b2%d0%bd%d0%b8%d0%b2%d1%8b%d0%b9-%d0%b4%d1%8c%d1%8f%d0%b2%d0%be%d0%bb-boom-%d0%be%d1%87%d0%b5%d0%bd%d1%8c-%d0%ba%d1%80%d1%83%d1%82%d0%b0%d1%8f-%d1%80%d0%b0%d1%81%d1%82%d0%be%d0%bf\/#primaryimage\",\"url\":\"https:\/\/bbqassad.ee\/wp-content\/uploads\/2025\/06\/boom-8pack-front-right.png\",\"contentUrl\":\"https:\/\/bbqassad.ee\/wp-content\/uploads\/2025\/06\/boom-8pack-front-right.png\",\"width\":1800,\"height\":1400,\"caption\":\"Jealous Devil BOOM! \u00dcli\u00e4ge s\u00fc\u00fctepala, pakis kaheksa s\u00fc\u00fctamist.\"},{\"@type\":\"BreadcrumbList\",\"@id\":\"https:\/\/bbqassad.ee\/ru\/toode\/%d1%80%d0%b5%d0%b2%d0%bd%d0%b8%d0%b2%d1%8b%d0%b9-%d0%b4%d1%8c%d1%8f%d0%b2%d0%be%d0%bb-boom-%d0%be%d1%87%d0%b5%d0%bd%d1%8c-%d0%ba%d1%80%d1%83%d1%82%d0%b0%d1%8f-%d1%80%d0%b0%d1%81%d1%82%d0%be%d0%bf\/#breadcrumb\",\"itemListElement\":[{\"@type\":\"ListItem\",\"position\":1,\"name\":\"Home\",\"item\":\"https:\/\/bbqassad.ee\/ru\/%d1%82%d1%83%d0%b7%d1%8b-%d0%b1%d0%b0%d1%80%d0%b1%d0%b5%d0%ba%d1%8e\/\"},{\"@type\":\"ListItem\",\"position\":2,\"name\":\"\u0414\u0435\u043b\u0430\u0439\u0442\u0435 \u043f\u043e\u043a\u0443\u043f\u043a\u0438 \u0432\",\"item\":\"https:\/\/bbqassad.ee\/ru\/%d0%b4%d0%b5%d0%bb%d0%b0%d0%b9%d1%82%d0%b5-%d0%bf%d0%be%d0%ba%d1%83%d0%bf%d0%ba%d0%b8-%d0%b2\/\"},{\"@type\":\"ListItem\",\"position\":3,\"name\":\"\u0420\u0435\u0432\u043d\u0438\u0432\u044b\u0439 \u0434\u044c\u044f\u0432\u043e\u043b BOOM! \u041e\u0447\u0435\u043d\u044c \u043a\u0440\u0443\u0442\u0430\u044f \u0440\u0430\u0441\u0442\u043e\u043f\u043a\u0430! \u0412 \u0443\u043f\u0430\u043a\u043e\u0432\u043a\u0435 \u2014 8 \u0448\u0442\u0443\u043a \u0434\u043b\u044f \u0440\u043e\u0437\u0436\u0438\u0433\u0430.\"}]},{\"@type\":\"WebSite\",\"@id\":\"https:\/\/bbqassad.ee\/ru\/#website\",\"url\":\"https:\/\/bbqassad.ee\/ru\/\",\"name\":\"BBQ \u00c4ssad\",\"description\":\"\",\"publisher\":{\"@id\":\"https:\/\/bbqassad.ee\/ru\/#organization\"},\"potentialAction\":[{\"@type\":\"SearchAction\",\"target\":{\"@type\":\"EntryPoint\",\"urlTemplate\":\"https:\/\/bbqassad.ee\/ru\/?s={search_term_string}\"},\"query-input\":{\"@type\":\"PropertyValueSpecification\",\"valueRequired\":true,\"valueName\":\"search_term_string\"}}],\"inLanguage\":\"ru-RU\"},{\"@type\":\"Organization\",\"@id\":\"https:\/\/bbqassad.ee\/ru\/#organization\",\"name\":\"BBQ \u00c4ssad\",\"url\":\"https:\/\/bbqassad.ee\/ru\/\",\"logo\":{\"@type\":\"ImageObject\",\"inLanguage\":\"ru-RU\",\"@id\":\"https:\/\/bbqassad.ee\/ru\/#\/schema\/logo\/image\/\",\"url\":\"https:\/\/bbqassad.ee\/wp-content\/uploads\/2022\/10\/BBQ-2ssadlogo.png\",\"contentUrl\":\"https:\/\/bbqassad.ee\/wp-content\/uploads\/2022\/10\/BBQ-2ssadlogo.png\",\"width\":1080,\"height\":1080,\"caption\":\"BBQ \u00c4ssad\"},\"image\":{\"@id\":\"https:\/\/bbqassad.ee\/ru\/#\/schema\/logo\/image\/\"},\"sameAs\":[\"https:\/\/www.facebook.com\/bbqassad\",\"https:\/\/www.youtube.com\/channel\/UCsoufn49J6TVi9Ah9meE93w\"]}]}<\/script>\n<!-- \/ Yoast SEO plugin. -->","yoast_head_json":{"title":"\u0420\u0435\u0432\u043d\u0438\u0432\u044b\u0439 \u0434\u044c\u044f\u0432\u043e\u043b BOOM! \u041e\u0447\u0435\u043d\u044c \u043a\u0440\u0443\u0442\u0430\u044f \u0440\u0430\u0441\u0442\u043e\u043f\u043a\u0430! \u0412 \u0443\u043f\u0430\u043a\u043e\u0432\u043a\u0435 \u2014 8 \u0448\u0442\u0443\u043a \u0434\u043b\u044f \u0440\u043e\u0437\u0436\u0438\u0433\u0430. - BBQ \u00c4ssad","robots":{"index":"index","follow":"follow","max-snippet":"max-snippet:-1","max-image-preview":"max-image-preview:large","max-video-preview":"max-video-preview:-1"},"canonical":"https:\/\/bbqassad.ee\/ru\/toode\/%d1%80%d0%b5%d0%b2%d0%bd%d0%b8%d0%b2%d1%8b%d0%b9-%d0%b4%d1%8c%d1%8f%d0%b2%d0%be%d0%bb-boom-%d0%be%d1%87%d0%b5%d0%bd%d1%8c-%d0%ba%d1%80%d1%83%d1%82%d0%b0%d1%8f-%d1%80%d0%b0%d1%81%d1%82%d0%be%d0%bf\/","og_locale":"ru_RU","og_type":"article","og_title":"\u0420\u0435\u0432\u043d\u0438\u0432\u044b\u0439 \u0434\u044c\u044f\u0432\u043e\u043b BOOM! \u041e\u0447\u0435\u043d\u044c \u043a\u0440\u0443\u0442\u0430\u044f \u0440\u0430\u0441\u0442\u043e\u043f\u043a\u0430! \u0412 \u0443\u043f\u0430\u043a\u043e\u0432\u043a\u0435 \u2014 8 \u0448\u0442\u0443\u043a \u0434\u043b\u044f \u0440\u043e\u0437\u0436\u0438\u0433\u0430. - BBQ \u00c4ssad","og_description":"100% \u043e\u0440\u0433\u0430\u043d\u0438\u0447\u0435\u0441\u043a\u0438\u0439 \u0438 \u044d\u043a\u043e\u043b\u043e\u0433\u0438\u0447\u0435\u0441\u043a\u0438 \u0447\u0438\u0441\u0442\u044b\u0439 \u043c\u0430\u0442\u0435\u0440\u0438\u0430\u043b, \u043f\u043e\u043b\u043d\u043e\u0441\u0442\u044c\u044e \u0438\u0437\u0433\u043e\u0442\u043e\u0432\u043b\u0435\u043d\u043d\u044b\u0439 \u0438\u0437 \u043a\u043e\u043a\u043e\u0441\u043e\u0432\u043e\u0433\u043e \u0432\u043e\u043b\u043e\u043a\u043d\u0430 \u0417\u0430\u043f\u0430\u0442\u0435\u043d\u0442\u043e\u0432\u0430\u043d\u043d\u0430\u044f \u0444\u043e\u0440\u043c\u0443\u043b\u0430 \u0438 \u0444\u043e\u0440\u043c\u0430 \u041e\u0434\u0438\u043d \u0431\u0443\u043c \u044d\u043a\u0432\u0438\u0432\u0430\u043b\u0435\u043d\u0442\u0435\u043d 3-5 \u043a\u0430\u0442\u0443\u0448\u043a\u0430\u043c \u0437\u0430\u0436\u0438\u0433\u0430\u043d\u0438\u044f \u0432\u0435\u0434\u0443\u0449\u0438\u0445 \u043a\u043e\u043d\u043a\u0443\u0440\u0435\u043d\u0442\u043e\u0432 \u0421\u043e\u0437\u0434\u0430\u0435\u0442 \u043f\u043b\u0430\u043c\u044f \u0432\u044b\u0441\u043e\u0442\u043e\u0439 25 \u0441\u043c, \u0434\u043e\u0441\u0442\u0438\u0433\u0430\u0435\u0442 \u0442\u0435\u043c\u043f\u0435\u0440\u0430\u0442\u0443\u0440\u044b \u0432\u044b\u0448\u0435 760\u00b0F \u0438 \u0433\u043e\u0440\u0438\u0442 \u0431\u043e\u043b\u0435\u0435 10 \u043c\u0438\u043d\u0443\u0442. \u041f\u0440\u0430\u043a\u0442\u0438\u0447\u0435\u0441\u043a\u0438 \u043d\u0435 \u0441\u043e\u0434\u0435\u0440\u0436\u0438\u0442 \u0434\u044b\u043c\u0430 \u0438 \u0437\u0430\u043f\u0430\u0445\u0430 \u0438 \u043d\u0435 \u0434\u043e\u0431\u0430\u0432\u043b\u044f\u0435\u0442 \u0430\u0440\u043e\u043c\u0430\u0442\u0430 \u0432 \u043f\u0438\u0449\u0443 \u0412\u043e\u0434\u043e\u043d\u0435\u043f\u0440\u043e\u043d\u0438\u0446\u0430\u0435\u043c\u044b\u0439 \u0411\u043e\u043c\u0431\u043e\u043e\u0431\u0440\u0430\u0437\u043d\u0430\u044f \u0444\u043e\u0440\u043c\u0430 - \u044d\u0442\u043e \u043f\u0440\u043e\u0441\u0442\u043e \u043f\u043e\u0442\u0440\u044f\u0441\u0430\u044e\u0449\u0435!","og_url":"https:\/\/bbqassad.ee\/ru\/toode\/%d1%80%d0%b5%d0%b2%d0%bd%d0%b8%d0%b2%d1%8b%d0%b9-%d0%b4%d1%8c%d1%8f%d0%b2%d0%be%d0%bb-boom-%d0%be%d1%87%d0%b5%d0%bd%d1%8c-%d0%ba%d1%80%d1%83%d1%82%d0%b0%d1%8f-%d1%80%d0%b0%d1%81%d1%82%d0%be%d0%bf\/","og_site_name":"BBQ \u00c4ssad","article_publisher":"https:\/\/www.facebook.com\/bbqassad","og_image":[{"width":1024,"height":796,"url":"https:\/\/bbqassad.ee\/wp-content\/uploads\/2025\/06\/boom-8pack-front-right-1024x796.png","type":"image\/png"}],"twitter_card":"summary_large_image","schema":{"@context":"https:\/\/schema.org","@graph":[{"@type":"WebPage","@id":"https:\/\/bbqassad.ee\/ru\/toode\/%d1%80%d0%b5%d0%b2%d0%bd%d0%b8%d0%b2%d1%8b%d0%b9-%d0%b4%d1%8c%d1%8f%d0%b2%d0%be%d0%bb-boom-%d0%be%d1%87%d0%b5%d0%bd%d1%8c-%d0%ba%d1%80%d1%83%d1%82%d0%b0%d1%8f-%d1%80%d0%b0%d1%81%d1%82%d0%be%d0%bf\/","url":"https:\/\/bbqassad.ee\/ru\/toode\/%d1%80%d0%b5%d0%b2%d0%bd%d0%b8%d0%b2%d1%8b%d0%b9-%d0%b4%d1%8c%d1%8f%d0%b2%d0%be%d0%bb-boom-%d0%be%d1%87%d0%b5%d0%bd%d1%8c-%d0%ba%d1%80%d1%83%d1%82%d0%b0%d1%8f-%d1%80%d0%b0%d1%81%d1%82%d0%be%d0%bf\/","name":"\u0420\u0435\u0432\u043d\u0438\u0432\u044b\u0439 \u0434\u044c\u044f\u0432\u043e\u043b BOOM! \u041e\u0447\u0435\u043d\u044c \u043a\u0440\u0443\u0442\u0430\u044f \u0440\u0430\u0441\u0442\u043e\u043f\u043a\u0430! \u0412 \u0443\u043f\u0430\u043a\u043e\u0432\u043a\u0435 \u2014 8 \u0448\u0442\u0443\u043a \u0434\u043b\u044f \u0440\u043e\u0437\u0436\u0438\u0433\u0430. - BBQ \u00c4ssad","isPartOf":{"@id":"https:\/\/bbqassad.ee\/ru\/#website"},"primaryImageOfPage":{"@id":"https:\/\/bbqassad.ee\/ru\/toode\/%d1%80%d0%b5%d0%b2%d0%bd%d0%b8%d0%b2%d1%8b%d0%b9-%d0%b4%d1%8c%d1%8f%d0%b2%d0%be%d0%bb-boom-%d0%be%d1%87%d0%b5%d0%bd%d1%8c-%d0%ba%d1%80%d1%83%d1%82%d0%b0%d1%8f-%d1%80%d0%b0%d1%81%d1%82%d0%be%d0%bf\/#primaryimage"},"image":{"@id":"https:\/\/bbqassad.ee\/ru\/toode\/%d1%80%d0%b5%d0%b2%d0%bd%d0%b8%d0%b2%d1%8b%d0%b9-%d0%b4%d1%8c%d1%8f%d0%b2%d0%be%d0%bb-boom-%d0%be%d1%87%d0%b5%d0%bd%d1%8c-%d0%ba%d1%80%d1%83%d1%82%d0%b0%d1%8f-%d1%80%d0%b0%d1%81%d1%82%d0%be%d0%bf\/#primaryimage"},"thumbnailUrl":"https:\/\/bbqassad.ee\/wp-content\/uploads\/2025\/06\/boom-8pack-front-right.png","datePublished":"2025-06-02T13:13:47+00:00","breadcrumb":{"@id":"https:\/\/bbqassad.ee\/ru\/toode\/%d1%80%d0%b5%d0%b2%d0%bd%d0%b8%d0%b2%d1%8b%d0%b9-%d0%b4%d1%8c%d1%8f%d0%b2%d0%be%d0%bb-boom-%d0%be%d1%87%d0%b5%d0%bd%d1%8c-%d0%ba%d1%80%d1%83%d1%82%d0%b0%d1%8f-%d1%80%d0%b0%d1%81%d1%82%d0%be%d0%bf\/#breadcrumb"},"inLanguage":"ru-RU","potentialAction":[{"@type":"ReadAction","target":["https:\/\/bbqassad.ee\/ru\/toode\/%d1%80%d0%b5%d0%b2%d0%bd%d0%b8%d0%b2%d1%8b%d0%b9-%d0%b4%d1%8c%d1%8f%d0%b2%d0%be%d0%bb-boom-%d0%be%d1%87%d0%b5%d0%bd%d1%8c-%d0%ba%d1%80%d1%83%d1%82%d0%b0%d1%8f-%d1%80%d0%b0%d1%81%d1%82%d0%be%d0%bf\/"]}]},{"@type":"ImageObject","inLanguage":"ru-RU","@id":"https:\/\/bbqassad.ee\/ru\/toode\/%d1%80%d0%b5%d0%b2%d0%bd%d0%b8%d0%b2%d1%8b%d0%b9-%d0%b4%d1%8c%d1%8f%d0%b2%d0%be%d0%bb-boom-%d0%be%d1%87%d0%b5%d0%bd%d1%8c-%d0%ba%d1%80%d1%83%d1%82%d0%b0%d1%8f-%d1%80%d0%b0%d1%81%d1%82%d0%be%d0%bf\/#primaryimage","url":"https:\/\/bbqassad.ee\/wp-content\/uploads\/2025\/06\/boom-8pack-front-right.png","contentUrl":"https:\/\/bbqassad.ee\/wp-content\/uploads\/2025\/06\/boom-8pack-front-right.png","width":1800,"height":1400,"caption":"Jealous Devil BOOM! \u00dcli\u00e4ge s\u00fc\u00fctepala, pakis kaheksa s\u00fc\u00fctamist."},{"@type":"BreadcrumbList","@id":"https:\/\/bbqassad.ee\/ru\/toode\/%d1%80%d0%b5%d0%b2%d0%bd%d0%b8%d0%b2%d1%8b%d0%b9-%d0%b4%d1%8c%d1%8f%d0%b2%d0%be%d0%bb-boom-%d0%be%d1%87%d0%b5%d0%bd%d1%8c-%d0%ba%d1%80%d1%83%d1%82%d0%b0%d1%8f-%d1%80%d0%b0%d1%81%d1%82%d0%be%d0%bf\/#breadcrumb","itemListElement":[{"@type":"ListItem","position":1,"name":"Home","item":"https:\/\/bbqassad.ee\/ru\/%d1%82%d1%83%d0%b7%d1%8b-%d0%b1%d0%b0%d1%80%d0%b1%d0%b5%d0%ba%d1%8e\/"},{"@type":"ListItem","position":2,"name":"\u0414\u0435\u043b\u0430\u0439\u0442\u0435 \u043f\u043e\u043a\u0443\u043f\u043a\u0438 \u0432","item":"https:\/\/bbqassad.ee\/ru\/%d0%b4%d0%b5%d0%bb%d0%b0%d0%b9%d1%82%d0%b5-%d0%bf%d0%be%d0%ba%d1%83%d0%bf%d0%ba%d0%b8-%d0%b2\/"},{"@type":"ListItem","position":3,"name":"\u0420\u0435\u0432\u043d\u0438\u0432\u044b\u0439 \u0434\u044c\u044f\u0432\u043e\u043b BOOM! \u041e\u0447\u0435\u043d\u044c \u043a\u0440\u0443\u0442\u0430\u044f \u0440\u0430\u0441\u0442\u043e\u043f\u043a\u0430! \u0412 \u0443\u043f\u0430\u043a\u043e\u0432\u043a\u0435 \u2014 8 \u0448\u0442\u0443\u043a \u0434\u043b\u044f \u0440\u043e\u0437\u0436\u0438\u0433\u0430."}]},{"@type":"WebSite","@id":"https:\/\/bbqassad.ee\/ru\/#website","url":"https:\/\/bbqassad.ee\/ru\/","name":"BBQ \u00c4ssad","description":"","publisher":{"@id":"https:\/\/bbqassad.ee\/ru\/#organization"},"potentialAction":[{"@type":"SearchAction","target":{"@type":"EntryPoint","urlTemplate":"https:\/\/bbqassad.ee\/ru\/?s={search_term_string}"},"query-input":{"@type":"PropertyValueSpecification","valueRequired":true,"valueName":"search_term_string"}}],"inLanguage":"ru-RU"},{"@type":"Organization","@id":"https:\/\/bbqassad.ee\/ru\/#organization","name":"BBQ \u00c4ssad","url":"https:\/\/bbqassad.ee\/ru\/","logo":{"@type":"ImageObject","inLanguage":"ru-RU","@id":"https:\/\/bbqassad.ee\/ru\/#\/schema\/logo\/image\/","url":"https:\/\/bbqassad.ee\/wp-content\/uploads\/2022\/10\/BBQ-2ssadlogo.png","contentUrl":"https:\/\/bbqassad.ee\/wp-content\/uploads\/2022\/10\/BBQ-2ssadlogo.png","width":1080,"height":1080,"caption":"BBQ \u00c4ssad"},"image":{"@id":"https:\/\/bbqassad.ee\/ru\/#\/schema\/logo\/image\/"},"sameAs":["https:\/\/www.facebook.com\/bbqassad","https:\/\/www.youtube.com\/channel\/UCsoufn49J6TVi9Ah9meE93w"]}]}},"_links":{"self":[{"href":"https:\/\/bbqassad.ee\/ru\/wp-json\/wp\/v2\/product\/9864","targetHints":{"allow":["GET"]}}],"collection":[{"href":"https:\/\/bbqassad.ee\/ru\/wp-json\/wp\/v2\/product"}],"about":[{"href":"https:\/\/bbqassad.ee\/ru\/wp-json\/wp\/v2\/types\/product"}],"replies":[{"embeddable":true,"href":"https:\/\/bbqassad.ee\/ru\/wp-json\/wp\/v2\/comments?post=9864"}],"wp:featuredmedia":[{"embeddable":true,"href":"https:\/\/bbqassad.ee\/ru\/wp-json\/wp\/v2\/media\/9865"}],"wp:attachment":[{"href":"https:\/\/bbqassad.ee\/ru\/wp-json\/wp\/v2\/media?parent=9864"}],"wp:term":[{"taxonomy":"product_brand","embeddable":true,"href":"https:\/\/bbqassad.ee\/ru\/wp-json\/wp\/v2\/product_brand?post=9864"},{"taxonomy":"product_cat","embeddable":true,"href":"https:\/\/bbqassad.ee\/ru\/wp-json\/wp\/v2\/product_cat?post=9864"},{"taxonomy":"product_tag","embeddable":true,"href":"https:\/\/bbqassad.ee\/ru\/wp-json\/wp\/v2\/product_tag?post=9864"}],"curies":[{"name":"wp","href":"https:\/\/api.w.org\/{rel}","templated":true}]}}