{"id":10448,"date":"2025-09-01T08:53:12","date_gmt":"2025-09-01T08:53:12","guid":{"rendered":"https:\/\/bbqassad.ee\/toode\/professional-grade-ultra-thin-probe-bluetooth-meat-thermometer-int-21-b\/"},"modified":"2026-02-09T10:42:31","modified_gmt":"2026-02-09T10:42:31","slug":"professional-grade-ultra-thin-probe-bluetooth-meat-thermometer-int-21-b","status":"publish","type":"product","link":"https:\/\/bbqassad.ee\/ru\/toode\/professional-grade-ultra-thin-probe-bluetooth-meat-thermometer-int-21-b\/","title":{"rendered":"Inkbird Professional Grade Ultra-Thin Probe Bluetooth Meat Thermometer INT-21-B"},"content":{"rendered":"<h2>Professional Grade Ultra-Thin Probe Bluetooth Meat Thermometer INT-21-B<\/h2>\n<p>INT-21-B on nutikas, juhtmevaba lihatermomeeter, mis toetab stabiilset ja t\u00f5husat \u00fchendust Bluetooth 5.4 kaudu. M\u00f5\u00f5teseadme alusel on ere LCD-ekraan, mis kuvab reaalajas nii toidutemperatuuri kui ka \u00fcmbritseva temperatuuri, pakkudes selget \u00fclevaadet k\u00fcpsetamisest. Lisaks v\u00f5imaldab nutitelefoni rakendus kauglugemist ja -kontrolli, muutes kogu protsessi lihtsamaks ja mugavamaks. \u00dcksk\u00f5ik, kas k\u00fcpsetate kodus v\u00f5i esitlete oma oskusi professionaalsel \u00fcritusel, see juhtmevaba termomeeter on ideaalne vahend t\u00e4iuslike tulemuste saavutamiseks.<\/p>\n","protected":false},"excerpt":{"rendered":"<p>Tootekirjeldus<\/p>\n<p>\u25cf Bluetooth 5.4 \u00fchenduvus, 328 ft\/100 m takistustevabas keskkonnas<\/p>\n<p>\u25cf 5 mm \u00a0n\u00f5el; h\u00f5lpsaks sisestamiseks ja minimaalseks liha l\u00f5hkimiseks<\/p>\n<p>\u25cf Toidukvaliteediga roostevaba terasest n\u00f5el koos alumiiniumkorpusega laadimisalusega<\/p>\n<p>\u25cf IP67 veekindlus, n\u00f5udepesumasinas kasutatav<\/p>\n<p>\u25cf Kiire 1 sekundi reageerimisaeg, t\u00e4psus \u00b11,8\u00b0F\/\u00b11\u00b0C<\/p>\n<p>\u25cf HD LCD-ekraan, kuvatakse k\u00f5ik temperatuurid intuitiivseks k\u00fcpsetamiseks<\/p>\n<p>\u25cf 26 eelkonfiguratsiooni koos USDA-soovitatud temperatuuride ja kohandatavate seadistustega<\/p>\n<p>\u25cf Sihttemperatuuri alarm, eelalarm, k\u00fcpsetustimer ning \u00fcletemperatuuri teade<\/p>\n<p>\u25cf Alus toidetud 2 x AAA patareiga, t\u00f6\u00f6iga kuni 120 tundi<\/p>\n<p>\u25cf N\u00f5el laeb 30 minutiga, pidev kasutus kuni 20 tundi<\/p>\n<p>\u25cf 60 minutit offline temperatuuri andmeid, automaatne s\u00fcnkroonimine rakendusega \u00fchenduse loomisel<\/p>\n","protected":false},"featured_media":10422,"comment_status":"open","ping_status":"closed","template":"","meta":[],"product_brand":[145],"product_cat":[515],"product_tag":[],"class_list":{"0":"post-10448","1":"product","2":"type-product","3":"status-publish","4":"has-post-thumbnail","6":"product_brand-inkbird","7":"product_cat-515","9":"first","10":"instock","11":"taxable","12":"shipping-taxable","13":"purchasable","14":"product-type-simple"},"yoast_head":"<!-- This site is optimized with the Yoast SEO plugin v27.1.1 - https:\/\/yoast.com\/product\/yoast-seo-wordpress\/ -->\n<title>Inkbird Professional Grade Ultra-Thin Probe Bluetooth Meat Thermometer INT-21-B - BBQ \u00c4ssad<\/title>\n<meta name=\"robots\" content=\"index, follow, max-snippet:-1, max-image-preview:large, max-video-preview:-1\" \/>\n<link rel=\"canonical\" href=\"https:\/\/bbqassad.ee\/ru\/toode\/professional-grade-ultra-thin-probe-bluetooth-meat-thermometer-int-21-b\/\" \/>\n<meta property=\"og:locale\" content=\"ru_RU\" \/>\n<meta property=\"og:type\" content=\"article\" \/>\n<meta property=\"og:title\" content=\"Inkbird Professional Grade Ultra-Thin Probe Bluetooth Meat Thermometer INT-21-B - BBQ \u00c4ssad\" \/>\n<meta property=\"og:description\" content=\"Tootekirjeldus  \u25cf Bluetooth 5.4 \u00fchenduvus, 328 ft\/100 m takistustevabas keskkonnas  \u25cf 5 mm \u00a0n\u00f5el; h\u00f5lpsaks sisestamiseks ja minimaalseks liha l\u00f5hkimiseks  \u25cf Toidukvaliteediga roostevaba terasest n\u00f5el koos alumiiniumkorpusega laadimisalusega  \u25cf IP67 veekindlus, n\u00f5udepesumasinas kasutatav  \u25cf Kiire 1 sekundi reageerimisaeg, t\u00e4psus \u00b11,8\u00b0F\/\u00b11\u00b0C  \u25cf HD LCD-ekraan, kuvatakse k\u00f5ik temperatuurid intuitiivseks k\u00fcpsetamiseks  \u25cf 26 eelkonfiguratsiooni koos USDA-soovitatud temperatuuride ja kohandatavate seadistustega  \u25cf Sihttemperatuuri alarm, eelalarm, k\u00fcpsetustimer ning \u00fcletemperatuuri teade  \u25cf Alus toidetud 2 x AAA patareiga, t\u00f6\u00f6iga kuni 120 tundi  \u25cf N\u00f5el laeb 30 minutiga, pidev kasutus kuni 20 tundi  \u25cf 60 minutit offline temperatuuri andmeid, automaatne s\u00fcnkroonimine rakendusega \u00fchenduse loomisel\" \/>\n<meta property=\"og:url\" content=\"https:\/\/bbqassad.ee\/ru\/toode\/professional-grade-ultra-thin-probe-bluetooth-meat-thermometer-int-21-b\/\" \/>\n<meta property=\"og:site_name\" content=\"BBQ \u00c4ssad\" \/>\n<meta property=\"article:publisher\" content=\"https:\/\/www.facebook.com\/bbqassad\" \/>\n<meta property=\"article:modified_time\" content=\"2026-02-09T10:42:31+00:00\" \/>\n<meta property=\"og:image\" content=\"https:\/\/bbqassad.ee\/wp-content\/uploads\/2025\/09\/bluetooth-meat-thermometer-int-21-b-578126.jpg.webp\" \/>\n\t<meta property=\"og:image:width\" content=\"1600\" \/>\n\t<meta property=\"og:image:height\" content=\"1600\" \/>\n\t<meta property=\"og:image:type\" content=\"image\/webp\" \/>\n<meta name=\"twitter:card\" content=\"summary_large_image\" \/>\n<script type=\"application\/ld+json\" class=\"yoast-schema-graph\">{\"@context\":\"https:\/\/schema.org\",\"@graph\":[{\"@type\":\"WebPage\",\"@id\":\"https:\/\/bbqassad.ee\/ru\/toode\/professional-grade-ultra-thin-probe-bluetooth-meat-thermometer-int-21-b\/\",\"url\":\"https:\/\/bbqassad.ee\/ru\/toode\/professional-grade-ultra-thin-probe-bluetooth-meat-thermometer-int-21-b\/\",\"name\":\"Inkbird Professional Grade Ultra-Thin Probe Bluetooth Meat Thermometer INT-21-B - BBQ \u00c4ssad\",\"isPartOf\":{\"@id\":\"https:\/\/bbqassad.ee\/ru\/#website\"},\"primaryImageOfPage\":{\"@id\":\"https:\/\/bbqassad.ee\/ru\/toode\/professional-grade-ultra-thin-probe-bluetooth-meat-thermometer-int-21-b\/#primaryimage\"},\"image\":{\"@id\":\"https:\/\/bbqassad.ee\/ru\/toode\/professional-grade-ultra-thin-probe-bluetooth-meat-thermometer-int-21-b\/#primaryimage\"},\"thumbnailUrl\":\"https:\/\/bbqassad.ee\/wp-content\/uploads\/2025\/09\/bluetooth-meat-thermometer-int-21-b-578126.jpg.webp\",\"datePublished\":\"2025-09-01T08:53:12+00:00\",\"dateModified\":\"2026-02-09T10:42:31+00:00\",\"breadcrumb\":{\"@id\":\"https:\/\/bbqassad.ee\/ru\/toode\/professional-grade-ultra-thin-probe-bluetooth-meat-thermometer-int-21-b\/#breadcrumb\"},\"inLanguage\":\"ru-RU\",\"potentialAction\":[{\"@type\":\"ReadAction\",\"target\":[\"https:\/\/bbqassad.ee\/ru\/toode\/professional-grade-ultra-thin-probe-bluetooth-meat-thermometer-int-21-b\/\"]}]},{\"@type\":\"ImageObject\",\"inLanguage\":\"ru-RU\",\"@id\":\"https:\/\/bbqassad.ee\/ru\/toode\/professional-grade-ultra-thin-probe-bluetooth-meat-thermometer-int-21-b\/#primaryimage\",\"url\":\"https:\/\/bbqassad.ee\/wp-content\/uploads\/2025\/09\/bluetooth-meat-thermometer-int-21-b-578126.jpg.webp\",\"contentUrl\":\"https:\/\/bbqassad.ee\/wp-content\/uploads\/2025\/09\/bluetooth-meat-thermometer-int-21-b-578126.jpg.webp\",\"width\":1600,\"height\":1600,\"caption\":\"nkbird Professional Grade Ultra-Thin Probe Bluetooth Meat Thermometer\"},{\"@type\":\"BreadcrumbList\",\"@id\":\"https:\/\/bbqassad.ee\/ru\/toode\/professional-grade-ultra-thin-probe-bluetooth-meat-thermometer-int-21-b\/#breadcrumb\",\"itemListElement\":[{\"@type\":\"ListItem\",\"position\":1,\"name\":\"Home\",\"item\":\"https:\/\/bbqassad.ee\/ru\/%d1%82%d1%83%d0%b7%d1%8b-%d0%b1%d0%b0%d1%80%d0%b1%d0%b5%d0%ba%d1%8e\/\"},{\"@type\":\"ListItem\",\"position\":2,\"name\":\"\u0414\u0435\u043b\u0430\u0439\u0442\u0435 \u043f\u043e\u043a\u0443\u043f\u043a\u0438 \u0432\",\"item\":\"https:\/\/bbqassad.ee\/ru\/%d0%b4%d0%b5%d0%bb%d0%b0%d0%b9%d1%82%d0%b5-%d0%bf%d0%be%d0%ba%d1%83%d0%bf%d0%ba%d0%b8-%d0%b2\/\"},{\"@type\":\"ListItem\",\"position\":3,\"name\":\"Inkbird Professional Grade Ultra-Thin Probe Bluetooth Meat Thermometer INT-21-B\"}]},{\"@type\":\"WebSite\",\"@id\":\"https:\/\/bbqassad.ee\/ru\/#website\",\"url\":\"https:\/\/bbqassad.ee\/ru\/\",\"name\":\"BBQ \u00c4ssad\",\"description\":\"\",\"publisher\":{\"@id\":\"https:\/\/bbqassad.ee\/ru\/#organization\"},\"potentialAction\":[{\"@type\":\"SearchAction\",\"target\":{\"@type\":\"EntryPoint\",\"urlTemplate\":\"https:\/\/bbqassad.ee\/ru\/?s={search_term_string}\"},\"query-input\":{\"@type\":\"PropertyValueSpecification\",\"valueRequired\":true,\"valueName\":\"search_term_string\"}}],\"inLanguage\":\"ru-RU\"},{\"@type\":\"Organization\",\"@id\":\"https:\/\/bbqassad.ee\/ru\/#organization\",\"name\":\"BBQ \u00c4ssad\",\"url\":\"https:\/\/bbqassad.ee\/ru\/\",\"logo\":{\"@type\":\"ImageObject\",\"inLanguage\":\"ru-RU\",\"@id\":\"https:\/\/bbqassad.ee\/ru\/#\/schema\/logo\/image\/\",\"url\":\"https:\/\/bbqassad.ee\/wp-content\/uploads\/2022\/10\/BBQ-2ssadlogo.png\",\"contentUrl\":\"https:\/\/bbqassad.ee\/wp-content\/uploads\/2022\/10\/BBQ-2ssadlogo.png\",\"width\":1080,\"height\":1080,\"caption\":\"BBQ \u00c4ssad\"},\"image\":{\"@id\":\"https:\/\/bbqassad.ee\/ru\/#\/schema\/logo\/image\/\"},\"sameAs\":[\"https:\/\/www.facebook.com\/bbqassad\",\"https:\/\/www.youtube.com\/channel\/UCsoufn49J6TVi9Ah9meE93w\"]}]}<\/script>\n<!-- \/ Yoast SEO plugin. -->","yoast_head_json":{"title":"Inkbird Professional Grade Ultra-Thin Probe Bluetooth Meat Thermometer INT-21-B - BBQ \u00c4ssad","robots":{"index":"index","follow":"follow","max-snippet":"max-snippet:-1","max-image-preview":"max-image-preview:large","max-video-preview":"max-video-preview:-1"},"canonical":"https:\/\/bbqassad.ee\/ru\/toode\/professional-grade-ultra-thin-probe-bluetooth-meat-thermometer-int-21-b\/","og_locale":"ru_RU","og_type":"article","og_title":"Inkbird Professional Grade Ultra-Thin Probe Bluetooth Meat Thermometer INT-21-B - BBQ \u00c4ssad","og_description":"Tootekirjeldus  \u25cf Bluetooth 5.4 \u00fchenduvus, 328 ft\/100 m takistustevabas keskkonnas  \u25cf 5 mm \u00a0n\u00f5el; h\u00f5lpsaks sisestamiseks ja minimaalseks liha l\u00f5hkimiseks  \u25cf Toidukvaliteediga roostevaba terasest n\u00f5el koos alumiiniumkorpusega laadimisalusega  \u25cf IP67 veekindlus, n\u00f5udepesumasinas kasutatav  \u25cf Kiire 1 sekundi reageerimisaeg, t\u00e4psus \u00b11,8\u00b0F\/\u00b11\u00b0C  \u25cf HD LCD-ekraan, kuvatakse k\u00f5ik temperatuurid intuitiivseks k\u00fcpsetamiseks  \u25cf 26 eelkonfiguratsiooni koos USDA-soovitatud temperatuuride ja kohandatavate seadistustega  \u25cf Sihttemperatuuri alarm, eelalarm, k\u00fcpsetustimer ning \u00fcletemperatuuri teade  \u25cf Alus toidetud 2 x AAA patareiga, t\u00f6\u00f6iga kuni 120 tundi  \u25cf N\u00f5el laeb 30 minutiga, pidev kasutus kuni 20 tundi  \u25cf 60 minutit offline temperatuuri andmeid, automaatne s\u00fcnkroonimine rakendusega \u00fchenduse loomisel","og_url":"https:\/\/bbqassad.ee\/ru\/toode\/professional-grade-ultra-thin-probe-bluetooth-meat-thermometer-int-21-b\/","og_site_name":"BBQ \u00c4ssad","article_publisher":"https:\/\/www.facebook.com\/bbqassad","article_modified_time":"2026-02-09T10:42:31+00:00","og_image":[{"width":1600,"height":1600,"url":"https:\/\/bbqassad.ee\/wp-content\/uploads\/2025\/09\/bluetooth-meat-thermometer-int-21-b-578126.jpg.webp","type":"image\/webp"}],"twitter_card":"summary_large_image","schema":{"@context":"https:\/\/schema.org","@graph":[{"@type":"WebPage","@id":"https:\/\/bbqassad.ee\/ru\/toode\/professional-grade-ultra-thin-probe-bluetooth-meat-thermometer-int-21-b\/","url":"https:\/\/bbqassad.ee\/ru\/toode\/professional-grade-ultra-thin-probe-bluetooth-meat-thermometer-int-21-b\/","name":"Inkbird Professional Grade Ultra-Thin Probe Bluetooth Meat Thermometer INT-21-B - BBQ \u00c4ssad","isPartOf":{"@id":"https:\/\/bbqassad.ee\/ru\/#website"},"primaryImageOfPage":{"@id":"https:\/\/bbqassad.ee\/ru\/toode\/professional-grade-ultra-thin-probe-bluetooth-meat-thermometer-int-21-b\/#primaryimage"},"image":{"@id":"https:\/\/bbqassad.ee\/ru\/toode\/professional-grade-ultra-thin-probe-bluetooth-meat-thermometer-int-21-b\/#primaryimage"},"thumbnailUrl":"https:\/\/bbqassad.ee\/wp-content\/uploads\/2025\/09\/bluetooth-meat-thermometer-int-21-b-578126.jpg.webp","datePublished":"2025-09-01T08:53:12+00:00","dateModified":"2026-02-09T10:42:31+00:00","breadcrumb":{"@id":"https:\/\/bbqassad.ee\/ru\/toode\/professional-grade-ultra-thin-probe-bluetooth-meat-thermometer-int-21-b\/#breadcrumb"},"inLanguage":"ru-RU","potentialAction":[{"@type":"ReadAction","target":["https:\/\/bbqassad.ee\/ru\/toode\/professional-grade-ultra-thin-probe-bluetooth-meat-thermometer-int-21-b\/"]}]},{"@type":"ImageObject","inLanguage":"ru-RU","@id":"https:\/\/bbqassad.ee\/ru\/toode\/professional-grade-ultra-thin-probe-bluetooth-meat-thermometer-int-21-b\/#primaryimage","url":"https:\/\/bbqassad.ee\/wp-content\/uploads\/2025\/09\/bluetooth-meat-thermometer-int-21-b-578126.jpg.webp","contentUrl":"https:\/\/bbqassad.ee\/wp-content\/uploads\/2025\/09\/bluetooth-meat-thermometer-int-21-b-578126.jpg.webp","width":1600,"height":1600,"caption":"nkbird Professional Grade Ultra-Thin Probe Bluetooth Meat Thermometer"},{"@type":"BreadcrumbList","@id":"https:\/\/bbqassad.ee\/ru\/toode\/professional-grade-ultra-thin-probe-bluetooth-meat-thermometer-int-21-b\/#breadcrumb","itemListElement":[{"@type":"ListItem","position":1,"name":"Home","item":"https:\/\/bbqassad.ee\/ru\/%d1%82%d1%83%d0%b7%d1%8b-%d0%b1%d0%b0%d1%80%d0%b1%d0%b5%d0%ba%d1%8e\/"},{"@type":"ListItem","position":2,"name":"\u0414\u0435\u043b\u0430\u0439\u0442\u0435 \u043f\u043e\u043a\u0443\u043f\u043a\u0438 \u0432","item":"https:\/\/bbqassad.ee\/ru\/%d0%b4%d0%b5%d0%bb%d0%b0%d0%b9%d1%82%d0%b5-%d0%bf%d0%be%d0%ba%d1%83%d0%bf%d0%ba%d0%b8-%d0%b2\/"},{"@type":"ListItem","position":3,"name":"Inkbird Professional Grade Ultra-Thin Probe Bluetooth Meat Thermometer INT-21-B"}]},{"@type":"WebSite","@id":"https:\/\/bbqassad.ee\/ru\/#website","url":"https:\/\/bbqassad.ee\/ru\/","name":"BBQ \u00c4ssad","description":"","publisher":{"@id":"https:\/\/bbqassad.ee\/ru\/#organization"},"potentialAction":[{"@type":"SearchAction","target":{"@type":"EntryPoint","urlTemplate":"https:\/\/bbqassad.ee\/ru\/?s={search_term_string}"},"query-input":{"@type":"PropertyValueSpecification","valueRequired":true,"valueName":"search_term_string"}}],"inLanguage":"ru-RU"},{"@type":"Organization","@id":"https:\/\/bbqassad.ee\/ru\/#organization","name":"BBQ \u00c4ssad","url":"https:\/\/bbqassad.ee\/ru\/","logo":{"@type":"ImageObject","inLanguage":"ru-RU","@id":"https:\/\/bbqassad.ee\/ru\/#\/schema\/logo\/image\/","url":"https:\/\/bbqassad.ee\/wp-content\/uploads\/2022\/10\/BBQ-2ssadlogo.png","contentUrl":"https:\/\/bbqassad.ee\/wp-content\/uploads\/2022\/10\/BBQ-2ssadlogo.png","width":1080,"height":1080,"caption":"BBQ \u00c4ssad"},"image":{"@id":"https:\/\/bbqassad.ee\/ru\/#\/schema\/logo\/image\/"},"sameAs":["https:\/\/www.facebook.com\/bbqassad","https:\/\/www.youtube.com\/channel\/UCsoufn49J6TVi9Ah9meE93w"]}]}},"_links":{"self":[{"href":"https:\/\/bbqassad.ee\/ru\/wp-json\/wp\/v2\/product\/10448","targetHints":{"allow":["GET"]}}],"collection":[{"href":"https:\/\/bbqassad.ee\/ru\/wp-json\/wp\/v2\/product"}],"about":[{"href":"https:\/\/bbqassad.ee\/ru\/wp-json\/wp\/v2\/types\/product"}],"replies":[{"embeddable":true,"href":"https:\/\/bbqassad.ee\/ru\/wp-json\/wp\/v2\/comments?post=10448"}],"wp:featuredmedia":[{"embeddable":true,"href":"https:\/\/bbqassad.ee\/ru\/wp-json\/wp\/v2\/media\/10422"}],"wp:attachment":[{"href":"https:\/\/bbqassad.ee\/ru\/wp-json\/wp\/v2\/media?parent=10448"}],"wp:term":[{"taxonomy":"product_brand","embeddable":true,"href":"https:\/\/bbqassad.ee\/ru\/wp-json\/wp\/v2\/product_brand?post=10448"},{"taxonomy":"product_cat","embeddable":true,"href":"https:\/\/bbqassad.ee\/ru\/wp-json\/wp\/v2\/product_cat?post=10448"},{"taxonomy":"product_tag","embeddable":true,"href":"https:\/\/bbqassad.ee\/ru\/wp-json\/wp\/v2\/product_tag?post=10448"}],"curies":[{"name":"wp","href":"https:\/\/api.w.org\/{rel}","templated":true}]}}