{"id":24160,"date":"2026-04-01T12:03:52","date_gmt":"2026-04-01T12:03:52","guid":{"rendered":"https:\/\/bbqassad.ee\/toode\/barbecoa-hot-hunajainen-grillikastike-500ml\/"},"modified":"2026-04-01T12:03:52","modified_gmt":"2026-04-01T12:03:52","slug":"barbecoa-hot-hunajainen-grillikastike-500ml","status":"publish","type":"product","link":"https:\/\/bbqassad.ee\/fi\/toode\/barbecoa-hot-hunajainen-grillikastike-500ml\/","title":{"rendered":"Barbecoa HOT Hunajainen grillikastike 500ml"},"content":{"rendered":"<h2>Barbecoa HOT Hunajainen grillikastike 500ml<\/h2>\n<p>Barbecoa on eritt\u00e4in tunnettu belgialainen grilliryhm\u00e4, joka on maansa moninkertainen mestari. Joukkue kilpailee aina Euroopan parhaan BBQ-joukkueen tittelist\u00e4. Johtaja Tom Bertels valmistaa my\u00f6s kastikkeita ja mausteita.  <\/p>\n<p><strong>BBQAces kommentti:<\/strong> Tom on seurannut Hot Honeyn suurta kansainv\u00e4list\u00e4 trendi\u00e4, mutta tehnyt siit\u00e4 &#8221;oman juttunsa&#8221; eli BBQ-kastikkeen. Se on tosissaan hunajainen, ja kuumuus kutittaa juuri oikealla hetkell\u00e4, ehk\u00e4 kurkussa. <\/p>\n<p><strong>Pro-vinkki:<\/strong> k\u00e4yt\u00e4 sit\u00e4 sianlihan k\u00e4\u00e4reiss\u00e4.<\/p>\n<p>&nbsp;<\/p>\n<p>&nbsp;<\/p>\n","protected":false},"excerpt":{"rendered":"<div>Barbecoa Hot Honey BBQ-kastike Net 500ml<\/div>\n<div><\/div>\n<div>Ainesosat: vesi, sokeri, kuivattu glukoosisiirappi,<\/div>\n<div>muunnettu maissit\u00e4rkkelys, tomaatti, suola, sokerisiirappi, SOIJA,<\/div>\n<div>VEHN\u00c4 (GLUTEENIT), ananas, omena, SINEP, sipuli, valkosipuli,<\/div>\n<div>savupaprika, mausteet, luontaiset aromit,<\/div>\n<div>sipulimehutiiviste, elintarvikehappo (sitruunahappo),<\/div>\n<div>hunajav\u00e4ri (paprikauute), s\u00e4il\u00f6nt\u00e4aineet.<\/div>\n<div>Ravintosis\u00e4lt\u00f6 100 g:aa kohti: energia: 642 kJ\/153 kcal;<\/div>\n<div>rasvoja 0,2 g, joista tyydyttyneit\u00e4 rasvahappoja 0,03 g;<\/div>\n<div>hiilihydraatteja 35 g, josta sokereita 29 g; proteiineja 0,9 g; suolaa 2,6 g.<\/div>\n<div>Parasta ennen: katso pakkauksesta.<\/div>\n<div><\/div>\n<div>Valmistettu Alankomaissa.<\/div>\n<div>Myyj\u00e4 Virossa: BBQ Aces O\u00dc<\/div>\n","protected":false},"featured_media":23788,"comment_status":"open","ping_status":"closed","template":"","meta":[],"product_brand":[535],"product_cat":[788],"product_tag":[],"class_list":{"0":"post-24160","1":"product","2":"type-product","3":"status-publish","4":"has-post-thumbnail","6":"product_brand-barbecoa","7":"product_cat-kastit","9":"first","10":"instock","11":"taxable","12":"shipping-taxable","13":"purchasable","14":"product-type-simple"},"yoast_head":"<!-- This site is optimized with the Yoast SEO plugin v27.1.1 - https:\/\/yoast.com\/product\/yoast-seo-wordpress\/ -->\n<title>Barbecoa HOT Hunajainen grillikastike 500ml - BBQ \u00c4ssad<\/title>\n<meta name=\"robots\" content=\"index, follow, max-snippet:-1, max-image-preview:large, max-video-preview:-1\" \/>\n<link rel=\"canonical\" href=\"https:\/\/bbqassad.ee\/fi\/toode\/barbecoa-hot-hunajainen-grillikastike-500ml\/\" \/>\n<meta property=\"og:locale\" content=\"fi_FI\" \/>\n<meta property=\"og:type\" content=\"article\" \/>\n<meta property=\"og:title\" content=\"Barbecoa HOT Hunajainen grillikastike 500ml - BBQ \u00c4ssad\" \/>\n<meta property=\"og:description\" content=\"Barbecoa Hot Honey BBQ-kastike Net 500ml Ainesosat: vesi, sokeri, kuivattu glukoosisiirappi, muunnettu maissit\u00e4rkkelys, tomaatti, suola, sokerisiirappi, SOIJA, VEHN\u00c4 (GLUTEENIT), ananas, omena, SINEP, sipuli, valkosipuli, savupaprika, mausteet, luontaiset aromit, sipulimehutiiviste, elintarvikehappo (sitruunahappo), hunajav\u00e4ri (paprikauute), s\u00e4il\u00f6nt\u00e4aineet. Ravintosis\u00e4lt\u00f6 100 g:aa kohti: energia: 642 kJ\/153 kcal; rasvoja 0,2 g, joista tyydyttyneit\u00e4 rasvahappoja 0,03 g; hiilihydraatteja 35 g, josta sokereita 29 g; proteiineja 0,9 g; suolaa 2,6 g. Parasta ennen: katso pakkauksesta. Valmistettu Alankomaissa. Myyj\u00e4 Virossa: BBQ Aces O\u00dc\" \/>\n<meta property=\"og:url\" content=\"https:\/\/bbqassad.ee\/fi\/toode\/barbecoa-hot-hunajainen-grillikastike-500ml\/\" \/>\n<meta property=\"og:site_name\" content=\"BBQ \u00c4ssad\" \/>\n<meta property=\"article:publisher\" content=\"https:\/\/www.facebook.com\/bbqassad\" \/>\n<meta property=\"og:image\" content=\"https:\/\/bbqassad.ee\/wp-content\/uploads\/2026\/04\/Nimetu-kujundus-287.png\" \/>\n\t<meta property=\"og:image:width\" content=\"1280\" \/>\n\t<meta property=\"og:image:height\" content=\"720\" \/>\n\t<meta property=\"og:image:type\" content=\"image\/png\" \/>\n<meta name=\"twitter:card\" content=\"summary_large_image\" \/>\n<script type=\"application\/ld+json\" class=\"yoast-schema-graph\">{\"@context\":\"https:\/\/schema.org\",\"@graph\":[{\"@type\":\"WebPage\",\"@id\":\"https:\/\/bbqassad.ee\/fi\/toode\/barbecoa-hot-hunajainen-grillikastike-500ml\/\",\"url\":\"https:\/\/bbqassad.ee\/fi\/toode\/barbecoa-hot-hunajainen-grillikastike-500ml\/\",\"name\":\"Barbecoa HOT Hunajainen grillikastike 500ml - BBQ \u00c4ssad\",\"isPartOf\":{\"@id\":\"https:\/\/bbqassad.ee\/fi\/#website\"},\"primaryImageOfPage\":{\"@id\":\"https:\/\/bbqassad.ee\/fi\/toode\/barbecoa-hot-hunajainen-grillikastike-500ml\/#primaryimage\"},\"image\":{\"@id\":\"https:\/\/bbqassad.ee\/fi\/toode\/barbecoa-hot-hunajainen-grillikastike-500ml\/#primaryimage\"},\"thumbnailUrl\":\"https:\/\/bbqassad.ee\/wp-content\/uploads\/2026\/04\/Nimetu-kujundus-287.png\",\"datePublished\":\"2026-04-01T12:03:52+00:00\",\"breadcrumb\":{\"@id\":\"https:\/\/bbqassad.ee\/fi\/toode\/barbecoa-hot-hunajainen-grillikastike-500ml\/#breadcrumb\"},\"inLanguage\":\"fi\",\"potentialAction\":[{\"@type\":\"ReadAction\",\"target\":[\"https:\/\/bbqassad.ee\/fi\/toode\/barbecoa-hot-hunajainen-grillikastike-500ml\/\"]}]},{\"@type\":\"ImageObject\",\"inLanguage\":\"fi\",\"@id\":\"https:\/\/bbqassad.ee\/fi\/toode\/barbecoa-hot-hunajainen-grillikastike-500ml\/#primaryimage\",\"url\":\"https:\/\/bbqassad.ee\/wp-content\/uploads\/2026\/04\/Nimetu-kujundus-287.png\",\"contentUrl\":\"https:\/\/bbqassad.ee\/wp-content\/uploads\/2026\/04\/Nimetu-kujundus-287.png\",\"width\":1280,\"height\":720},{\"@type\":\"BreadcrumbList\",\"@id\":\"https:\/\/bbqassad.ee\/fi\/toode\/barbecoa-hot-hunajainen-grillikastike-500ml\/#breadcrumb\",\"itemListElement\":[{\"@type\":\"ListItem\",\"position\":1,\"name\":\"Home\",\"item\":\"https:\/\/bbqassad.ee\/fi\/bbq-assat\/\"},{\"@type\":\"ListItem\",\"position\":2,\"name\":\"Verkkokauppa\",\"item\":\"https:\/\/bbqassad.ee\/fi\/verkkokauppa\/\"},{\"@type\":\"ListItem\",\"position\":3,\"name\":\"Barbecoa HOT Hunajainen grillikastike 500ml\"}]},{\"@type\":\"WebSite\",\"@id\":\"https:\/\/bbqassad.ee\/fi\/#website\",\"url\":\"https:\/\/bbqassad.ee\/fi\/\",\"name\":\"BBQ \u00c4ssad\",\"description\":\"\",\"publisher\":{\"@id\":\"https:\/\/bbqassad.ee\/fi\/#organization\"},\"potentialAction\":[{\"@type\":\"SearchAction\",\"target\":{\"@type\":\"EntryPoint\",\"urlTemplate\":\"https:\/\/bbqassad.ee\/fi\/?s={search_term_string}\"},\"query-input\":{\"@type\":\"PropertyValueSpecification\",\"valueRequired\":true,\"valueName\":\"search_term_string\"}}],\"inLanguage\":\"fi\"},{\"@type\":\"Organization\",\"@id\":\"https:\/\/bbqassad.ee\/fi\/#organization\",\"name\":\"BBQ \u00c4ssad\",\"url\":\"https:\/\/bbqassad.ee\/fi\/\",\"logo\":{\"@type\":\"ImageObject\",\"inLanguage\":\"fi\",\"@id\":\"https:\/\/bbqassad.ee\/fi\/#\/schema\/logo\/image\/\",\"url\":\"https:\/\/bbqassad.ee\/wp-content\/uploads\/2022\/10\/BBQ-2ssadlogo.png\",\"contentUrl\":\"https:\/\/bbqassad.ee\/wp-content\/uploads\/2022\/10\/BBQ-2ssadlogo.png\",\"width\":1080,\"height\":1080,\"caption\":\"BBQ \u00c4ssad\"},\"image\":{\"@id\":\"https:\/\/bbqassad.ee\/fi\/#\/schema\/logo\/image\/\"},\"sameAs\":[\"https:\/\/www.facebook.com\/bbqassad\",\"https:\/\/www.youtube.com\/channel\/UCsoufn49J6TVi9Ah9meE93w\"]}]}<\/script>\n<!-- \/ Yoast SEO plugin. -->","yoast_head_json":{"title":"Barbecoa HOT Hunajainen grillikastike 500ml - BBQ \u00c4ssad","robots":{"index":"index","follow":"follow","max-snippet":"max-snippet:-1","max-image-preview":"max-image-preview:large","max-video-preview":"max-video-preview:-1"},"canonical":"https:\/\/bbqassad.ee\/fi\/toode\/barbecoa-hot-hunajainen-grillikastike-500ml\/","og_locale":"fi_FI","og_type":"article","og_title":"Barbecoa HOT Hunajainen grillikastike 500ml - BBQ \u00c4ssad","og_description":"Barbecoa Hot Honey BBQ-kastike Net 500ml Ainesosat: vesi, sokeri, kuivattu glukoosisiirappi, muunnettu maissit\u00e4rkkelys, tomaatti, suola, sokerisiirappi, SOIJA, VEHN\u00c4 (GLUTEENIT), ananas, omena, SINEP, sipuli, valkosipuli, savupaprika, mausteet, luontaiset aromit, sipulimehutiiviste, elintarvikehappo (sitruunahappo), hunajav\u00e4ri (paprikauute), s\u00e4il\u00f6nt\u00e4aineet. Ravintosis\u00e4lt\u00f6 100 g:aa kohti: energia: 642 kJ\/153 kcal; rasvoja 0,2 g, joista tyydyttyneit\u00e4 rasvahappoja 0,03 g; hiilihydraatteja 35 g, josta sokereita 29 g; proteiineja 0,9 g; suolaa 2,6 g. Parasta ennen: katso pakkauksesta. Valmistettu Alankomaissa. Myyj\u00e4 Virossa: BBQ Aces O\u00dc","og_url":"https:\/\/bbqassad.ee\/fi\/toode\/barbecoa-hot-hunajainen-grillikastike-500ml\/","og_site_name":"BBQ \u00c4ssad","article_publisher":"https:\/\/www.facebook.com\/bbqassad","og_image":[{"width":1280,"height":720,"url":"https:\/\/bbqassad.ee\/wp-content\/uploads\/2026\/04\/Nimetu-kujundus-287.png","type":"image\/png"}],"twitter_card":"summary_large_image","schema":{"@context":"https:\/\/schema.org","@graph":[{"@type":"WebPage","@id":"https:\/\/bbqassad.ee\/fi\/toode\/barbecoa-hot-hunajainen-grillikastike-500ml\/","url":"https:\/\/bbqassad.ee\/fi\/toode\/barbecoa-hot-hunajainen-grillikastike-500ml\/","name":"Barbecoa HOT Hunajainen grillikastike 500ml - BBQ \u00c4ssad","isPartOf":{"@id":"https:\/\/bbqassad.ee\/fi\/#website"},"primaryImageOfPage":{"@id":"https:\/\/bbqassad.ee\/fi\/toode\/barbecoa-hot-hunajainen-grillikastike-500ml\/#primaryimage"},"image":{"@id":"https:\/\/bbqassad.ee\/fi\/toode\/barbecoa-hot-hunajainen-grillikastike-500ml\/#primaryimage"},"thumbnailUrl":"https:\/\/bbqassad.ee\/wp-content\/uploads\/2026\/04\/Nimetu-kujundus-287.png","datePublished":"2026-04-01T12:03:52+00:00","breadcrumb":{"@id":"https:\/\/bbqassad.ee\/fi\/toode\/barbecoa-hot-hunajainen-grillikastike-500ml\/#breadcrumb"},"inLanguage":"fi","potentialAction":[{"@type":"ReadAction","target":["https:\/\/bbqassad.ee\/fi\/toode\/barbecoa-hot-hunajainen-grillikastike-500ml\/"]}]},{"@type":"ImageObject","inLanguage":"fi","@id":"https:\/\/bbqassad.ee\/fi\/toode\/barbecoa-hot-hunajainen-grillikastike-500ml\/#primaryimage","url":"https:\/\/bbqassad.ee\/wp-content\/uploads\/2026\/04\/Nimetu-kujundus-287.png","contentUrl":"https:\/\/bbqassad.ee\/wp-content\/uploads\/2026\/04\/Nimetu-kujundus-287.png","width":1280,"height":720},{"@type":"BreadcrumbList","@id":"https:\/\/bbqassad.ee\/fi\/toode\/barbecoa-hot-hunajainen-grillikastike-500ml\/#breadcrumb","itemListElement":[{"@type":"ListItem","position":1,"name":"Home","item":"https:\/\/bbqassad.ee\/fi\/bbq-assat\/"},{"@type":"ListItem","position":2,"name":"Verkkokauppa","item":"https:\/\/bbqassad.ee\/fi\/verkkokauppa\/"},{"@type":"ListItem","position":3,"name":"Barbecoa HOT Hunajainen grillikastike 500ml"}]},{"@type":"WebSite","@id":"https:\/\/bbqassad.ee\/fi\/#website","url":"https:\/\/bbqassad.ee\/fi\/","name":"BBQ \u00c4ssad","description":"","publisher":{"@id":"https:\/\/bbqassad.ee\/fi\/#organization"},"potentialAction":[{"@type":"SearchAction","target":{"@type":"EntryPoint","urlTemplate":"https:\/\/bbqassad.ee\/fi\/?s={search_term_string}"},"query-input":{"@type":"PropertyValueSpecification","valueRequired":true,"valueName":"search_term_string"}}],"inLanguage":"fi"},{"@type":"Organization","@id":"https:\/\/bbqassad.ee\/fi\/#organization","name":"BBQ \u00c4ssad","url":"https:\/\/bbqassad.ee\/fi\/","logo":{"@type":"ImageObject","inLanguage":"fi","@id":"https:\/\/bbqassad.ee\/fi\/#\/schema\/logo\/image\/","url":"https:\/\/bbqassad.ee\/wp-content\/uploads\/2022\/10\/BBQ-2ssadlogo.png","contentUrl":"https:\/\/bbqassad.ee\/wp-content\/uploads\/2022\/10\/BBQ-2ssadlogo.png","width":1080,"height":1080,"caption":"BBQ \u00c4ssad"},"image":{"@id":"https:\/\/bbqassad.ee\/fi\/#\/schema\/logo\/image\/"},"sameAs":["https:\/\/www.facebook.com\/bbqassad","https:\/\/www.youtube.com\/channel\/UCsoufn49J6TVi9Ah9meE93w"]}]}},"_links":{"self":[{"href":"https:\/\/bbqassad.ee\/fi\/wp-json\/wp\/v2\/product\/24160","targetHints":{"allow":["GET"]}}],"collection":[{"href":"https:\/\/bbqassad.ee\/fi\/wp-json\/wp\/v2\/product"}],"about":[{"href":"https:\/\/bbqassad.ee\/fi\/wp-json\/wp\/v2\/types\/product"}],"replies":[{"embeddable":true,"href":"https:\/\/bbqassad.ee\/fi\/wp-json\/wp\/v2\/comments?post=24160"}],"wp:featuredmedia":[{"embeddable":true,"href":"https:\/\/bbqassad.ee\/fi\/wp-json\/wp\/v2\/media\/23788"}],"wp:attachment":[{"href":"https:\/\/bbqassad.ee\/fi\/wp-json\/wp\/v2\/media?parent=24160"}],"wp:term":[{"taxonomy":"product_brand","embeddable":true,"href":"https:\/\/bbqassad.ee\/fi\/wp-json\/wp\/v2\/product_brand?post=24160"},{"taxonomy":"product_cat","embeddable":true,"href":"https:\/\/bbqassad.ee\/fi\/wp-json\/wp\/v2\/product_cat?post=24160"},{"taxonomy":"product_tag","embeddable":true,"href":"https:\/\/bbqassad.ee\/fi\/wp-json\/wp\/v2\/product_tag?post=24160"}],"curies":[{"name":"wp","href":"https:\/\/api.w.org\/{rel}","templated":true}]}}