{"id":23685,"date":"2026-03-25T13:05:34","date_gmt":"2026-03-25T13:05:34","guid":{"rendered":"https:\/\/bbqassad.ee\/toode\/boars-night-out-bbq-rub-mausteseos-298g\/"},"modified":"2026-04-14T06:34:35","modified_gmt":"2026-04-14T06:34:35","slug":"boars-night-out-bbq-rub-mausteseos-298g","status":"publish","type":"product","link":"https:\/\/bbqassad.ee\/fi\/toode\/boars-night-out-bbq-rub-mausteseos-298g\/","title":{"rendered":"Boars Night Out BBQ Rub 298g"},"content":{"rendered":"<h2>Boars Night Out BBQ Rub mausteseos 298g<\/h2>\n<p>Boars Night Out BBQ Rub on Yhdysvaltojen kilpailullisessa BBQ-maailmassa arvostettu mausteseos, joka antaa lihalle syv\u00e4n umamin, tasapainoisen suola-makean maun ja kauniin karamellikuoren.<\/p>\n<div><\/div>\n<h2>\ud83c\udf1f BBQ \u00c4ss\u00e4t kommentoimassa<\/h2>\n<p>Se on yksi niist\u00e4 sekoituksista, joita kokeilet kerran&#8230; ja sitten se <em>napsahtaa.<\/em> Kaikki muut mausteet lent\u00e4v\u00e4t hyllyst\u00e4, ja grilli alkaa yht\u00e4kki\u00e4 maistua amerikkalaiselta etel\u00e4n kilpailukeitti\u00f6lt\u00e4. Sit\u00e4 ripottelee p\u00e4\u00e4lle, ja jo raa&#8217;an lihan tuoksu lupaa, ett\u00e4 jotain hyv\u00e4\u00e4 on tulossa. Kypsennyksen my\u00f6t\u00e4 mausta tulee karamellimainen, t\u00e4ytel\u00e4inen ja niin hyv\u00e4, ett\u00e4 sit\u00e4 voisi sy\u00f6d\u00e4 purkista lusikalla.   <\/p>\n<div><\/div>\n<h2>\ud83d\udca1 Pro tip<\/h2>\n<p>Jos sanotaan, ett\u00e4 &#8221;huonoa lihaa ei ole olemassa, mausteita on vain v\u00e4h\u00e4n&#8221;, niin Boars Night Outin tapauksessa se on pikemminkin niin, ett\u00e4 <strong>ei ole olemassa lihaa, jolle t\u00e4m\u00e4 sekoitus ei sovi<\/strong>. Ribsit, kana, sianliha, naudanliha, kalkkuna, vihannekset &#8211; kaikki muuttuu paremmaksi.<\/p>\n<p>&nbsp;<\/p>\n","protected":false},"excerpt":{"rendered":"<p>Boars night out BBQ Rub, mausteseos. Nettopaino 298 g. <\/p>\n<p>Ainesosat: suola, paprika, ruskea sokeri, ruokosokeri, mausteet,<br \/>\nvalkosipulijauhe, sipulijauhe, arominvahventeet (natriumglutamaatti),<br \/>\npaakkuuntumisenestoaineet (piidioksidi, trikalsiumfosfaatti).<br \/>\nSaattaa sis\u00e4lt\u00e4\u00e4: gluteenipitoisia viljoja, maitoa, kananmunaa, p\u00e4hkin\u00f6it\u00e4,<br \/>\nkalaa, soijaa, SELLER, SINEP, seesaminsiemeni\u00e4, sulfiittia.<\/p>\n<p>Ravintosis\u00e4lt\u00f6 100 g kohti: energia: 0 kJ\/0 kcal; rasva: 0 g, josta tyydyttyneit\u00e4 rasvahappoja: 0 g; hiilihydraatit 100 g, josta<br \/>\nsokereita: 0 g; proteiini: 0 g; suola: 2,5 g.<br \/>\nS\u00e4ilyvyysaika: ks. pakkauksesta.<br \/>\nS\u00e4ilyt\u00e4 avattuasi j\u00e4\u00e4kaapissa. S\u00e4ilyt\u00e4 j\u00e4\u00e4kaapissa.<\/p>\n<p>Tuotettu Yhdysvalloissa.<br \/>\nMaahantuoja: RESACO B.V., Karrewiel 8, 6942 LK Didam.<br \/>\nJakelija Virossa: BBQ\u00c4ssad O\u00dc www.bbqassad.ee www.bbqassad.ee.<\/p>\n","protected":false},"featured_media":22183,"comment_status":"open","ping_status":"closed","template":"","meta":[],"product_brand":[],"product_cat":[802],"product_tag":[],"class_list":{"0":"post-23685","1":"product","2":"type-product","3":"status-publish","4":"has-post-thumbnail","6":"product_cat-sekoitukset","8":"first","9":"outofstock","10":"taxable","11":"shipping-taxable","12":"purchasable","13":"product-type-simple"},"yoast_head":"<!-- This site is optimized with the Yoast SEO plugin v27.4 - https:\/\/yoast.com\/product\/yoast-seo-wordpress\/ -->\n<title>Boars Night Out BBQ Rub 298g - BBQ \u00c4ssad%<\/title>\n<meta name=\"description\" content=\"Boars Night Out BBQ Rub on mausteseos, joka sis\u00e4lt\u00e4\u00e4 suolaa, paprikaa, ruskeaa ja ruokosokeria sek\u00e4 erilaisia mausteita. Nettopaino 298 g.\" \/>\n<meta name=\"robots\" content=\"index, follow, max-snippet:-1, max-image-preview:large, max-video-preview:-1\" \/>\n<link rel=\"canonical\" href=\"https:\/\/bbqassad.ee\/fi\/toode\/boars-night-out-bbq-rub-mausteseos-298g\/\" \/>\n<meta property=\"og:locale\" content=\"fi_FI\" \/>\n<meta property=\"og:type\" content=\"article\" \/>\n<meta property=\"og:title\" content=\"Boars Night Out BBQ Rub 298g - BBQ \u00c4ssad%\" \/>\n<meta property=\"og:description\" content=\"Boars Night Out BBQ Rub on mausteseos, joka sis\u00e4lt\u00e4\u00e4 suolaa, paprikaa, ruskeaa ja ruokosokeria sek\u00e4 erilaisia mausteita. Nettopaino 298 g.\" \/>\n<meta property=\"og:url\" content=\"https:\/\/bbqassad.ee\/fi\/toode\/boars-night-out-bbq-rub-mausteseos-298g\/\" \/>\n<meta property=\"og:site_name\" content=\"BBQ \u00c4ssad\" \/>\n<meta property=\"article:publisher\" content=\"https:\/\/www.facebook.com\/bbqassad\" \/>\n<meta property=\"article:modified_time\" content=\"2026-04-14T06:34:35+00:00\" \/>\n<meta property=\"og:image\" content=\"https:\/\/bbqassad.ee\/wp-content\/uploads\/2026\/03\/Boars_Night_Out_BBQ_Rub_maitseainesegu_298g.png\" \/>\n<meta name=\"twitter:card\" content=\"summary_large_image\" \/>\n<meta name=\"twitter:title\" content=\"Boars Night Out BBQ Rub 298g - BBQ \u00c4ssad%\" \/>\n<meta name=\"twitter:description\" content=\"Boars Night Out BBQ Rub on mausteseos, joka sis\u00e4lt\u00e4\u00e4 suolaa, paprikaa, ruskeaa ja ruokosokeria sek\u00e4 erilaisia mausteita. Nettopaino 298 g.\" \/>\n<meta name=\"twitter:image\" content=\"https:\/\/bbqassad.ee\/wp-content\/uploads\/2026\/03\/Boars_Night_Out_BBQ_Rub_maitseainesegu_298g.png\" \/>\n<meta name=\"twitter:label1\" content=\"Arvioitu lukuaika\" \/>\n\t<meta name=\"twitter:data1\" content=\"1 minuutti\" \/>\n<script type=\"application\/ld+json\" class=\"yoast-schema-graph\">{\"@context\":\"https:\\\/\\\/schema.org\",\"@graph\":[{\"@type\":\"WebPage\",\"@id\":\"https:\\\/\\\/bbqassad.ee\\\/fi\\\/toode\\\/boars-night-out-bbq-rub-mausteseos-298g\\\/\",\"url\":\"https:\\\/\\\/bbqassad.ee\\\/fi\\\/toode\\\/boars-night-out-bbq-rub-mausteseos-298g\\\/\",\"name\":\"Boars Night Out BBQ Rub 298g - BBQ \u00c4ssad%\",\"isPartOf\":{\"@id\":\"https:\\\/\\\/bbqassad.ee\\\/fi\\\/#website\"},\"primaryImageOfPage\":{\"@id\":\"https:\\\/\\\/bbqassad.ee\\\/fi\\\/toode\\\/boars-night-out-bbq-rub-mausteseos-298g\\\/#primaryimage\"},\"image\":{\"@id\":\"https:\\\/\\\/bbqassad.ee\\\/fi\\\/toode\\\/boars-night-out-bbq-rub-mausteseos-298g\\\/#primaryimage\"},\"thumbnailUrl\":\"https:\\\/\\\/bbqassad.ee\\\/wp-content\\\/uploads\\\/2026\\\/03\\\/Boars_Night_Out_BBQ_Rub_maitseainesegu_298g.png\",\"datePublished\":\"2026-03-25T13:05:34+00:00\",\"dateModified\":\"2026-04-14T06:34:35+00:00\",\"description\":\"Boars Night Out BBQ Rub on mausteseos, joka sis\u00e4lt\u00e4\u00e4 suolaa, paprikaa, ruskeaa ja ruokosokeria sek\u00e4 erilaisia mausteita. Nettopaino 298 g.\",\"breadcrumb\":{\"@id\":\"https:\\\/\\\/bbqassad.ee\\\/fi\\\/toode\\\/boars-night-out-bbq-rub-mausteseos-298g\\\/#breadcrumb\"},\"inLanguage\":\"fi\",\"potentialAction\":[{\"@type\":\"ReadAction\",\"target\":[\"https:\\\/\\\/bbqassad.ee\\\/fi\\\/toode\\\/boars-night-out-bbq-rub-mausteseos-298g\\\/\"]}]},{\"@type\":\"ImageObject\",\"inLanguage\":\"fi\",\"@id\":\"https:\\\/\\\/bbqassad.ee\\\/fi\\\/toode\\\/boars-night-out-bbq-rub-mausteseos-298g\\\/#primaryimage\",\"url\":\"https:\\\/\\\/bbqassad.ee\\\/wp-content\\\/uploads\\\/2026\\\/03\\\/Boars_Night_Out_BBQ_Rub_maitseainesegu_298g.png\",\"contentUrl\":\"https:\\\/\\\/bbqassad.ee\\\/wp-content\\\/uploads\\\/2026\\\/03\\\/Boars_Night_Out_BBQ_Rub_maitseainesegu_298g.png\",\"width\":1280,\"height\":720},{\"@type\":\"BreadcrumbList\",\"@id\":\"https:\\\/\\\/bbqassad.ee\\\/fi\\\/toode\\\/boars-night-out-bbq-rub-mausteseos-298g\\\/#breadcrumb\",\"itemListElement\":[{\"@type\":\"ListItem\",\"position\":1,\"name\":\"Home\",\"item\":\"https:\\\/\\\/bbqassad.ee\\\/fi\\\/bbq-assat\\\/\"},{\"@type\":\"ListItem\",\"position\":2,\"name\":\"Verkkokauppa\",\"item\":\"https:\\\/\\\/bbqassad.ee\\\/fi\\\/verkkokauppa\\\/\"},{\"@type\":\"ListItem\",\"position\":3,\"name\":\"Boars Night Out BBQ Rub 298g\"}]},{\"@type\":\"WebSite\",\"@id\":\"https:\\\/\\\/bbqassad.ee\\\/fi\\\/#website\",\"url\":\"https:\\\/\\\/bbqassad.ee\\\/fi\\\/\",\"name\":\"BBQ \u00c4ssad\",\"description\":\"BBQ maitseained, kastmed, ahjud\",\"publisher\":{\"@id\":\"https:\\\/\\\/bbqassad.ee\\\/fi\\\/#organization\"},\"potentialAction\":[{\"@type\":\"SearchAction\",\"target\":{\"@type\":\"EntryPoint\",\"urlTemplate\":\"https:\\\/\\\/bbqassad.ee\\\/fi\\\/?s={search_term_string}\"},\"query-input\":{\"@type\":\"PropertyValueSpecification\",\"valueRequired\":true,\"valueName\":\"search_term_string\"}}],\"inLanguage\":\"fi\"},{\"@type\":\"Organization\",\"@id\":\"https:\\\/\\\/bbqassad.ee\\\/fi\\\/#organization\",\"name\":\"BBQ \u00c4ssad\",\"url\":\"https:\\\/\\\/bbqassad.ee\\\/fi\\\/\",\"logo\":{\"@type\":\"ImageObject\",\"inLanguage\":\"fi\",\"@id\":\"https:\\\/\\\/bbqassad.ee\\\/fi\\\/#\\\/schema\\\/logo\\\/image\\\/\",\"url\":\"https:\\\/\\\/bbqassad.ee\\\/wp-content\\\/uploads\\\/2022\\\/10\\\/BBQ-2ssadlogo.png\",\"contentUrl\":\"https:\\\/\\\/bbqassad.ee\\\/wp-content\\\/uploads\\\/2022\\\/10\\\/BBQ-2ssadlogo.png\",\"width\":1080,\"height\":1080,\"caption\":\"BBQ \u00c4ssad\"},\"image\":{\"@id\":\"https:\\\/\\\/bbqassad.ee\\\/fi\\\/#\\\/schema\\\/logo\\\/image\\\/\"},\"sameAs\":[\"https:\\\/\\\/www.facebook.com\\\/bbqassad\",\"https:\\\/\\\/www.youtube.com\\\/channel\\\/UCsoufn49J6TVi9Ah9meE93w\"]}]}<\/script>\n<!-- \/ Yoast SEO plugin. -->","yoast_head_json":{"title":"Boars Night Out BBQ Rub 298g - BBQ \u00c4ssad%","description":"Boars Night Out BBQ Rub on mausteseos, joka sis\u00e4lt\u00e4\u00e4 suolaa, paprikaa, ruskeaa ja ruokosokeria sek\u00e4 erilaisia mausteita. Nettopaino 298 g.","robots":{"index":"index","follow":"follow","max-snippet":"max-snippet:-1","max-image-preview":"max-image-preview:large","max-video-preview":"max-video-preview:-1"},"canonical":"https:\/\/bbqassad.ee\/fi\/toode\/boars-night-out-bbq-rub-mausteseos-298g\/","og_locale":"fi_FI","og_type":"article","og_title":"Boars Night Out BBQ Rub 298g - BBQ \u00c4ssad%","og_description":"Boars Night Out BBQ Rub on mausteseos, joka sis\u00e4lt\u00e4\u00e4 suolaa, paprikaa, ruskeaa ja ruokosokeria sek\u00e4 erilaisia mausteita. Nettopaino 298 g.","og_url":"https:\/\/bbqassad.ee\/fi\/toode\/boars-night-out-bbq-rub-mausteseos-298g\/","og_site_name":"BBQ \u00c4ssad","article_publisher":"https:\/\/www.facebook.com\/bbqassad","article_modified_time":"2026-04-14T06:34:35+00:00","og_image":[{"url":"https:\/\/bbqassad.ee\/wp-content\/uploads\/2026\/03\/Boars_Night_Out_BBQ_Rub_maitseainesegu_298g.png","type":"","width":"","height":""}],"twitter_card":"summary_large_image","twitter_title":"Boars Night Out BBQ Rub 298g - BBQ \u00c4ssad%","twitter_description":"Boars Night Out BBQ Rub on mausteseos, joka sis\u00e4lt\u00e4\u00e4 suolaa, paprikaa, ruskeaa ja ruokosokeria sek\u00e4 erilaisia mausteita. Nettopaino 298 g.","twitter_image":"https:\/\/bbqassad.ee\/wp-content\/uploads\/2026\/03\/Boars_Night_Out_BBQ_Rub_maitseainesegu_298g.png","twitter_misc":{"Arvioitu lukuaika":"1 minuutti"},"schema":{"@context":"https:\/\/schema.org","@graph":[{"@type":"WebPage","@id":"https:\/\/bbqassad.ee\/fi\/toode\/boars-night-out-bbq-rub-mausteseos-298g\/","url":"https:\/\/bbqassad.ee\/fi\/toode\/boars-night-out-bbq-rub-mausteseos-298g\/","name":"Boars Night Out BBQ Rub 298g - BBQ \u00c4ssad%","isPartOf":{"@id":"https:\/\/bbqassad.ee\/fi\/#website"},"primaryImageOfPage":{"@id":"https:\/\/bbqassad.ee\/fi\/toode\/boars-night-out-bbq-rub-mausteseos-298g\/#primaryimage"},"image":{"@id":"https:\/\/bbqassad.ee\/fi\/toode\/boars-night-out-bbq-rub-mausteseos-298g\/#primaryimage"},"thumbnailUrl":"https:\/\/bbqassad.ee\/wp-content\/uploads\/2026\/03\/Boars_Night_Out_BBQ_Rub_maitseainesegu_298g.png","datePublished":"2026-03-25T13:05:34+00:00","dateModified":"2026-04-14T06:34:35+00:00","description":"Boars Night Out BBQ Rub on mausteseos, joka sis\u00e4lt\u00e4\u00e4 suolaa, paprikaa, ruskeaa ja ruokosokeria sek\u00e4 erilaisia mausteita. Nettopaino 298 g.","breadcrumb":{"@id":"https:\/\/bbqassad.ee\/fi\/toode\/boars-night-out-bbq-rub-mausteseos-298g\/#breadcrumb"},"inLanguage":"fi","potentialAction":[{"@type":"ReadAction","target":["https:\/\/bbqassad.ee\/fi\/toode\/boars-night-out-bbq-rub-mausteseos-298g\/"]}]},{"@type":"ImageObject","inLanguage":"fi","@id":"https:\/\/bbqassad.ee\/fi\/toode\/boars-night-out-bbq-rub-mausteseos-298g\/#primaryimage","url":"https:\/\/bbqassad.ee\/wp-content\/uploads\/2026\/03\/Boars_Night_Out_BBQ_Rub_maitseainesegu_298g.png","contentUrl":"https:\/\/bbqassad.ee\/wp-content\/uploads\/2026\/03\/Boars_Night_Out_BBQ_Rub_maitseainesegu_298g.png","width":1280,"height":720},{"@type":"BreadcrumbList","@id":"https:\/\/bbqassad.ee\/fi\/toode\/boars-night-out-bbq-rub-mausteseos-298g\/#breadcrumb","itemListElement":[{"@type":"ListItem","position":1,"name":"Home","item":"https:\/\/bbqassad.ee\/fi\/bbq-assat\/"},{"@type":"ListItem","position":2,"name":"Verkkokauppa","item":"https:\/\/bbqassad.ee\/fi\/verkkokauppa\/"},{"@type":"ListItem","position":3,"name":"Boars Night Out BBQ Rub 298g"}]},{"@type":"WebSite","@id":"https:\/\/bbqassad.ee\/fi\/#website","url":"https:\/\/bbqassad.ee\/fi\/","name":"BBQ \u00c4ssad","description":"BBQ maitseained, kastmed, ahjud","publisher":{"@id":"https:\/\/bbqassad.ee\/fi\/#organization"},"potentialAction":[{"@type":"SearchAction","target":{"@type":"EntryPoint","urlTemplate":"https:\/\/bbqassad.ee\/fi\/?s={search_term_string}"},"query-input":{"@type":"PropertyValueSpecification","valueRequired":true,"valueName":"search_term_string"}}],"inLanguage":"fi"},{"@type":"Organization","@id":"https:\/\/bbqassad.ee\/fi\/#organization","name":"BBQ \u00c4ssad","url":"https:\/\/bbqassad.ee\/fi\/","logo":{"@type":"ImageObject","inLanguage":"fi","@id":"https:\/\/bbqassad.ee\/fi\/#\/schema\/logo\/image\/","url":"https:\/\/bbqassad.ee\/wp-content\/uploads\/2022\/10\/BBQ-2ssadlogo.png","contentUrl":"https:\/\/bbqassad.ee\/wp-content\/uploads\/2022\/10\/BBQ-2ssadlogo.png","width":1080,"height":1080,"caption":"BBQ \u00c4ssad"},"image":{"@id":"https:\/\/bbqassad.ee\/fi\/#\/schema\/logo\/image\/"},"sameAs":["https:\/\/www.facebook.com\/bbqassad","https:\/\/www.youtube.com\/channel\/UCsoufn49J6TVi9Ah9meE93w"]}]}},"_links":{"self":[{"href":"https:\/\/bbqassad.ee\/fi\/wp-json\/wp\/v2\/product\/23685","targetHints":{"allow":["GET"]}}],"collection":[{"href":"https:\/\/bbqassad.ee\/fi\/wp-json\/wp\/v2\/product"}],"about":[{"href":"https:\/\/bbqassad.ee\/fi\/wp-json\/wp\/v2\/types\/product"}],"replies":[{"embeddable":true,"href":"https:\/\/bbqassad.ee\/fi\/wp-json\/wp\/v2\/comments?post=23685"}],"wp:featuredmedia":[{"embeddable":true,"href":"https:\/\/bbqassad.ee\/fi\/wp-json\/wp\/v2\/media\/22183"}],"wp:attachment":[{"href":"https:\/\/bbqassad.ee\/fi\/wp-json\/wp\/v2\/media?parent=23685"}],"wp:term":[{"taxonomy":"product_brand","embeddable":true,"href":"https:\/\/bbqassad.ee\/fi\/wp-json\/wp\/v2\/product_brand?post=23685"},{"taxonomy":"product_cat","embeddable":true,"href":"https:\/\/bbqassad.ee\/fi\/wp-json\/wp\/v2\/product_cat?post=23685"},{"taxonomy":"product_tag","embeddable":true,"href":"https:\/\/bbqassad.ee\/fi\/wp-json\/wp\/v2\/product_tag?post=23685"}],"curies":[{"name":"wp","href":"https:\/\/api.w.org\/{rel}","templated":true}]}}