{"id":23682,"date":"2026-03-25T14:01:20","date_gmt":"2026-03-25T14:01:20","guid":{"rendered":"https:\/\/bbqassad.ee\/toode\/kansas-citys-cowtown-the-squeal-184g-2\/"},"modified":"2026-04-14T06:34:35","modified_gmt":"2026-04-14T06:34:35","slug":"kansas-citys-cowtown-the-squeal-184g-2","status":"publish","type":"product","link":"https:\/\/bbqassad.ee\/fi\/toode\/kansas-citys-cowtown-the-squeal-184g-2\/","title":{"rendered":"Kansas City&#8217;s Cowtown The Squeal 184g"},"content":{"rendered":"<h2>Kansas City\u00b4s Cowtown The Squeal 184g<\/h2>\n<h4>Cowtown The Squeal on moninkertaisesti palkittu Kansas City -tyylinen BBQ-savu, jossa yhdistyv\u00e4t klassinen makean savuinen luonne ja rohkea mausteisuus. T\u00e4m\u00e4 mauste on saavuttanut legendaarisen maineen niin grillimestareiden kuin tiimigrillaajienkin keskuudessa &#8211; siit\u00e4 syyst\u00e4, ett\u00e4 se tuo v\u00e4litt\u00f6m\u00e4sti syvyytt\u00e4, kirpeytt\u00e4 ja t\u00e4ydellisen tasapainon mihin tahansa lihaan. Se sopii t\u00e4ydellisesti niille, jotka etsiv\u00e4t rohkeaa, luonteenomaista ja todella klassista Kansas City -tyyli\u00e4 &#8211; jotain, joka tuo lihan pintaan kauniin kuoren ja syv\u00e4n maun. <\/h4>\n<div>\n<h3><strong>BBQAces kommentti<\/strong><\/h3>\n<p>T\u00e4m\u00e4 rub on <strong>makean mausteinen, t\u00e4ytel\u00e4inen ja selv\u00e4sti koukuttava<\/strong>. Se ei ole liian ter\u00e4v\u00e4, mutta se antaa hyv\u00e4n potkun, joka tuo lihan maut erityisen hyvin esiin. Todella erikoinen&#8230; anteeksi, mutta todella hyv\u00e4. Sopii l\u00e4hes kaikkeen, mihin haluat lis\u00e4t\u00e4 kilpailuluokan BBQ-taikaa.   <\/p>\n<h3><strong>Pro-vinkki<\/strong><\/h3>\n<p>Pirskota The Squealia rohkeasti <strong>kylkiluiden, sianlihan tai kananpalojen p\u00e4\u00e4lle<\/strong>, anna seist\u00e4 hetki &#8211; ja vie ne sitten matalalla l\u00e4mm\u00f6ll\u00e4 &#8221;matalalle ja hitaalle&#8221; matkalle.<br \/>\nErityisen hyv\u00e4 <strong>pulled porkille<\/strong>, jossa sokerit ja mausteet luovat t\u00e4ydellisen karamellisoituneen kuoren.<\/p>\n<\/div>\n<p>&nbsp;<\/p>\n","protected":false},"excerpt":{"rendered":"<p>Kansas City`s Cowtown The Squeal Rub. Nettopaino 184g <\/p>\n<p>Ainesosat: suola, kuivattu valkosipuli ja sipuli, ruskea sokeri,<br \/>\npaprika, sokeri, mausteet, dinatriuminosinaatti ja dinatriumguanilaatti<br \/>\nluonnollinen hikkorinsavuaromi.<br \/>\nRavintosis\u00e4lt\u00f6 100 g kohti: energia 0 kcal (0 kJ), rasva 0 g, josta tyydyttyneit\u00e4 rasvahappoja 0 g,<br \/>\n, hiilihydraatteja 0 g,<br \/>\njosta sokereita 0 g, proteiineja 0 g, suolaa 37,5 g.<br \/>\nParasta ennen: katso pakkauksesta.<\/p>\n<p>Tuotettu Yhdysvalloissa<br \/>\nMaahantuoja: Resaco BV, Karrewiel 8, LK Didam.<br \/>\nJ\u00e4lleenmyyj\u00e4 Virossa: BBQ \u00c4ssad O\u00dc www.bbqassad.ee www.bbqassad.ee www.bbqassad.ee.<\/p>\n","protected":false},"featured_media":22246,"comment_status":"open","ping_status":"closed","template":"","meta":[],"product_brand":[],"product_cat":[802],"product_tag":[],"class_list":{"0":"post-23682","1":"product","2":"type-product","3":"status-publish","4":"has-post-thumbnail","6":"product_cat-sekoitukset","8":"first","9":"instock","10":"taxable","11":"shipping-taxable","12":"purchasable","13":"product-type-simple"},"yoast_head":"<!-- This site is optimized with the Yoast SEO plugin v27.4 - https:\/\/yoast.com\/product\/yoast-seo-wordpress\/ -->\n<title>Kansas City\u00b4s Cowtown The Squeal 184g - BBQ \u00c4ssad%<\/title>\n<meta name=\"description\" content=\"Kansas City`s Cowtown The Squeal Rub 184g. Ainesosat: suola, kuivattu valkosipuli, ruskea sokeri, paprika ja mausteet. Valmistettu Amerikassa. Parasta ennen katso pakkaus.\" \/>\n<meta name=\"robots\" content=\"index, follow, max-snippet:-1, max-image-preview:large, max-video-preview:-1\" \/>\n<link rel=\"canonical\" href=\"https:\/\/bbqassad.ee\/fi\/toode\/kansas-citys-cowtown-the-squeal-184g-2\/\" \/>\n<meta property=\"og:locale\" content=\"fi_FI\" \/>\n<meta property=\"og:type\" content=\"article\" \/>\n<meta property=\"og:title\" content=\"Kansas City\u00b4s Cowtown The Squeal 184g - BBQ \u00c4ssad%\" \/>\n<meta property=\"og:description\" content=\"Kansas City`s Cowtown The Squeal Rub 184g. Ainesosat: suola, kuivattu valkosipuli, ruskea sokeri, paprika ja mausteet. Valmistettu Amerikassa. Parasta ennen katso pakkaus.\" \/>\n<meta property=\"og:url\" content=\"https:\/\/bbqassad.ee\/fi\/toode\/kansas-citys-cowtown-the-squeal-184g-2\/\" \/>\n<meta property=\"og:site_name\" content=\"BBQ \u00c4ssad\" \/>\n<meta property=\"article:publisher\" content=\"https:\/\/www.facebook.com\/bbqassad\" \/>\n<meta property=\"article:modified_time\" content=\"2026-04-14T06:34:35+00:00\" \/>\n<meta property=\"og:image\" content=\"https:\/\/bbqassad.ee\/wp-content\/uploads\/2026\/03\/Kansas_City\u00b4s_Cowtown_The_Squeal_184g.png\" \/>\n<meta name=\"twitter:card\" content=\"summary_large_image\" \/>\n<meta name=\"twitter:title\" content=\"Kansas City\u00b4s Cowtown The Squeal 184g - BBQ \u00c4ssad%\" \/>\n<meta name=\"twitter:description\" content=\"Kansas City`s Cowtown The Squeal Rub 184g. Ainesosat: suola, kuivattu valkosipuli, ruskea sokeri, paprika ja mausteet. Valmistettu Amerikassa. Parasta ennen katso pakkaus.\" \/>\n<meta name=\"twitter:image\" content=\"https:\/\/bbqassad.ee\/wp-content\/uploads\/2026\/03\/Kansas_City\u00b4s_Cowtown_The_Squeal_184g.png\" \/>\n<meta name=\"twitter:label1\" content=\"Arvioitu lukuaika\" \/>\n\t<meta name=\"twitter:data1\" content=\"1 minuutti\" \/>\n<script type=\"application\/ld+json\" class=\"yoast-schema-graph\">{\"@context\":\"https:\\\/\\\/schema.org\",\"@graph\":[{\"@type\":\"WebPage\",\"@id\":\"https:\\\/\\\/bbqassad.ee\\\/fi\\\/toode\\\/kansas-citys-cowtown-the-squeal-184g-2\\\/\",\"url\":\"https:\\\/\\\/bbqassad.ee\\\/fi\\\/toode\\\/kansas-citys-cowtown-the-squeal-184g-2\\\/\",\"name\":\"Kansas City\u00b4s Cowtown The Squeal 184g - BBQ \u00c4ssad%\",\"isPartOf\":{\"@id\":\"https:\\\/\\\/bbqassad.ee\\\/fi\\\/#website\"},\"primaryImageOfPage\":{\"@id\":\"https:\\\/\\\/bbqassad.ee\\\/fi\\\/toode\\\/kansas-citys-cowtown-the-squeal-184g-2\\\/#primaryimage\"},\"image\":{\"@id\":\"https:\\\/\\\/bbqassad.ee\\\/fi\\\/toode\\\/kansas-citys-cowtown-the-squeal-184g-2\\\/#primaryimage\"},\"thumbnailUrl\":\"https:\\\/\\\/bbqassad.ee\\\/wp-content\\\/uploads\\\/2026\\\/03\\\/Kansas_City\u00b4s_Cowtown_The_Squeal_184g.png\",\"datePublished\":\"2026-03-25T14:01:20+00:00\",\"dateModified\":\"2026-04-14T06:34:35+00:00\",\"description\":\"Kansas City`s Cowtown The Squeal Rub 184g. Ainesosat: suola, kuivattu valkosipuli, ruskea sokeri, paprika ja mausteet. Valmistettu Amerikassa. Parasta ennen katso pakkaus.\",\"breadcrumb\":{\"@id\":\"https:\\\/\\\/bbqassad.ee\\\/fi\\\/toode\\\/kansas-citys-cowtown-the-squeal-184g-2\\\/#breadcrumb\"},\"inLanguage\":\"fi\",\"potentialAction\":[{\"@type\":\"ReadAction\",\"target\":[\"https:\\\/\\\/bbqassad.ee\\\/fi\\\/toode\\\/kansas-citys-cowtown-the-squeal-184g-2\\\/\"]}]},{\"@type\":\"ImageObject\",\"inLanguage\":\"fi\",\"@id\":\"https:\\\/\\\/bbqassad.ee\\\/fi\\\/toode\\\/kansas-citys-cowtown-the-squeal-184g-2\\\/#primaryimage\",\"url\":\"https:\\\/\\\/bbqassad.ee\\\/wp-content\\\/uploads\\\/2026\\\/03\\\/Kansas_City\u00b4s_Cowtown_The_Squeal_184g.png\",\"contentUrl\":\"https:\\\/\\\/bbqassad.ee\\\/wp-content\\\/uploads\\\/2026\\\/03\\\/Kansas_City\u00b4s_Cowtown_The_Squeal_184g.png\",\"width\":1280,\"height\":720},{\"@type\":\"BreadcrumbList\",\"@id\":\"https:\\\/\\\/bbqassad.ee\\\/fi\\\/toode\\\/kansas-citys-cowtown-the-squeal-184g-2\\\/#breadcrumb\",\"itemListElement\":[{\"@type\":\"ListItem\",\"position\":1,\"name\":\"Home\",\"item\":\"https:\\\/\\\/bbqassad.ee\\\/fi\\\/bbq-assat\\\/\"},{\"@type\":\"ListItem\",\"position\":2,\"name\":\"Verkkokauppa\",\"item\":\"https:\\\/\\\/bbqassad.ee\\\/fi\\\/verkkokauppa\\\/\"},{\"@type\":\"ListItem\",\"position\":3,\"name\":\"Kansas City&#8217;s Cowtown The Squeal 184g\"}]},{\"@type\":\"WebSite\",\"@id\":\"https:\\\/\\\/bbqassad.ee\\\/fi\\\/#website\",\"url\":\"https:\\\/\\\/bbqassad.ee\\\/fi\\\/\",\"name\":\"BBQ \u00c4ssad\",\"description\":\"BBQ maitseained, kastmed, ahjud\",\"publisher\":{\"@id\":\"https:\\\/\\\/bbqassad.ee\\\/fi\\\/#organization\"},\"potentialAction\":[{\"@type\":\"SearchAction\",\"target\":{\"@type\":\"EntryPoint\",\"urlTemplate\":\"https:\\\/\\\/bbqassad.ee\\\/fi\\\/?s={search_term_string}\"},\"query-input\":{\"@type\":\"PropertyValueSpecification\",\"valueRequired\":true,\"valueName\":\"search_term_string\"}}],\"inLanguage\":\"fi\"},{\"@type\":\"Organization\",\"@id\":\"https:\\\/\\\/bbqassad.ee\\\/fi\\\/#organization\",\"name\":\"BBQ \u00c4ssad\",\"url\":\"https:\\\/\\\/bbqassad.ee\\\/fi\\\/\",\"logo\":{\"@type\":\"ImageObject\",\"inLanguage\":\"fi\",\"@id\":\"https:\\\/\\\/bbqassad.ee\\\/fi\\\/#\\\/schema\\\/logo\\\/image\\\/\",\"url\":\"https:\\\/\\\/bbqassad.ee\\\/wp-content\\\/uploads\\\/2022\\\/10\\\/BBQ-2ssadlogo.png\",\"contentUrl\":\"https:\\\/\\\/bbqassad.ee\\\/wp-content\\\/uploads\\\/2022\\\/10\\\/BBQ-2ssadlogo.png\",\"width\":1080,\"height\":1080,\"caption\":\"BBQ \u00c4ssad\"},\"image\":{\"@id\":\"https:\\\/\\\/bbqassad.ee\\\/fi\\\/#\\\/schema\\\/logo\\\/image\\\/\"},\"sameAs\":[\"https:\\\/\\\/www.facebook.com\\\/bbqassad\",\"https:\\\/\\\/www.youtube.com\\\/channel\\\/UCsoufn49J6TVi9Ah9meE93w\"]}]}<\/script>\n<!-- \/ Yoast SEO plugin. -->","yoast_head_json":{"title":"Kansas City\u00b4s Cowtown The Squeal 184g - BBQ \u00c4ssad%","description":"Kansas City`s Cowtown The Squeal Rub 184g. Ainesosat: suola, kuivattu valkosipuli, ruskea sokeri, paprika ja mausteet. Valmistettu Amerikassa. Parasta ennen katso pakkaus.","robots":{"index":"index","follow":"follow","max-snippet":"max-snippet:-1","max-image-preview":"max-image-preview:large","max-video-preview":"max-video-preview:-1"},"canonical":"https:\/\/bbqassad.ee\/fi\/toode\/kansas-citys-cowtown-the-squeal-184g-2\/","og_locale":"fi_FI","og_type":"article","og_title":"Kansas City\u00b4s Cowtown The Squeal 184g - BBQ \u00c4ssad%","og_description":"Kansas City`s Cowtown The Squeal Rub 184g. Ainesosat: suola, kuivattu valkosipuli, ruskea sokeri, paprika ja mausteet. Valmistettu Amerikassa. Parasta ennen katso pakkaus.","og_url":"https:\/\/bbqassad.ee\/fi\/toode\/kansas-citys-cowtown-the-squeal-184g-2\/","og_site_name":"BBQ \u00c4ssad","article_publisher":"https:\/\/www.facebook.com\/bbqassad","article_modified_time":"2026-04-14T06:34:35+00:00","og_image":[{"url":"https:\/\/bbqassad.ee\/wp-content\/uploads\/2026\/03\/Kansas_City\u00b4s_Cowtown_The_Squeal_184g.png","type":"","width":"","height":""}],"twitter_card":"summary_large_image","twitter_title":"Kansas City\u00b4s Cowtown The Squeal 184g - BBQ \u00c4ssad%","twitter_description":"Kansas City`s Cowtown The Squeal Rub 184g. Ainesosat: suola, kuivattu valkosipuli, ruskea sokeri, paprika ja mausteet. Valmistettu Amerikassa. Parasta ennen katso pakkaus.","twitter_image":"https:\/\/bbqassad.ee\/wp-content\/uploads\/2026\/03\/Kansas_City\u00b4s_Cowtown_The_Squeal_184g.png","twitter_misc":{"Arvioitu lukuaika":"1 minuutti"},"schema":{"@context":"https:\/\/schema.org","@graph":[{"@type":"WebPage","@id":"https:\/\/bbqassad.ee\/fi\/toode\/kansas-citys-cowtown-the-squeal-184g-2\/","url":"https:\/\/bbqassad.ee\/fi\/toode\/kansas-citys-cowtown-the-squeal-184g-2\/","name":"Kansas City\u00b4s Cowtown The Squeal 184g - BBQ \u00c4ssad%","isPartOf":{"@id":"https:\/\/bbqassad.ee\/fi\/#website"},"primaryImageOfPage":{"@id":"https:\/\/bbqassad.ee\/fi\/toode\/kansas-citys-cowtown-the-squeal-184g-2\/#primaryimage"},"image":{"@id":"https:\/\/bbqassad.ee\/fi\/toode\/kansas-citys-cowtown-the-squeal-184g-2\/#primaryimage"},"thumbnailUrl":"https:\/\/bbqassad.ee\/wp-content\/uploads\/2026\/03\/Kansas_City\u00b4s_Cowtown_The_Squeal_184g.png","datePublished":"2026-03-25T14:01:20+00:00","dateModified":"2026-04-14T06:34:35+00:00","description":"Kansas City`s Cowtown The Squeal Rub 184g. Ainesosat: suola, kuivattu valkosipuli, ruskea sokeri, paprika ja mausteet. Valmistettu Amerikassa. Parasta ennen katso pakkaus.","breadcrumb":{"@id":"https:\/\/bbqassad.ee\/fi\/toode\/kansas-citys-cowtown-the-squeal-184g-2\/#breadcrumb"},"inLanguage":"fi","potentialAction":[{"@type":"ReadAction","target":["https:\/\/bbqassad.ee\/fi\/toode\/kansas-citys-cowtown-the-squeal-184g-2\/"]}]},{"@type":"ImageObject","inLanguage":"fi","@id":"https:\/\/bbqassad.ee\/fi\/toode\/kansas-citys-cowtown-the-squeal-184g-2\/#primaryimage","url":"https:\/\/bbqassad.ee\/wp-content\/uploads\/2026\/03\/Kansas_City\u00b4s_Cowtown_The_Squeal_184g.png","contentUrl":"https:\/\/bbqassad.ee\/wp-content\/uploads\/2026\/03\/Kansas_City\u00b4s_Cowtown_The_Squeal_184g.png","width":1280,"height":720},{"@type":"BreadcrumbList","@id":"https:\/\/bbqassad.ee\/fi\/toode\/kansas-citys-cowtown-the-squeal-184g-2\/#breadcrumb","itemListElement":[{"@type":"ListItem","position":1,"name":"Home","item":"https:\/\/bbqassad.ee\/fi\/bbq-assat\/"},{"@type":"ListItem","position":2,"name":"Verkkokauppa","item":"https:\/\/bbqassad.ee\/fi\/verkkokauppa\/"},{"@type":"ListItem","position":3,"name":"Kansas City&#8217;s Cowtown The Squeal 184g"}]},{"@type":"WebSite","@id":"https:\/\/bbqassad.ee\/fi\/#website","url":"https:\/\/bbqassad.ee\/fi\/","name":"BBQ \u00c4ssad","description":"BBQ maitseained, kastmed, ahjud","publisher":{"@id":"https:\/\/bbqassad.ee\/fi\/#organization"},"potentialAction":[{"@type":"SearchAction","target":{"@type":"EntryPoint","urlTemplate":"https:\/\/bbqassad.ee\/fi\/?s={search_term_string}"},"query-input":{"@type":"PropertyValueSpecification","valueRequired":true,"valueName":"search_term_string"}}],"inLanguage":"fi"},{"@type":"Organization","@id":"https:\/\/bbqassad.ee\/fi\/#organization","name":"BBQ \u00c4ssad","url":"https:\/\/bbqassad.ee\/fi\/","logo":{"@type":"ImageObject","inLanguage":"fi","@id":"https:\/\/bbqassad.ee\/fi\/#\/schema\/logo\/image\/","url":"https:\/\/bbqassad.ee\/wp-content\/uploads\/2022\/10\/BBQ-2ssadlogo.png","contentUrl":"https:\/\/bbqassad.ee\/wp-content\/uploads\/2022\/10\/BBQ-2ssadlogo.png","width":1080,"height":1080,"caption":"BBQ \u00c4ssad"},"image":{"@id":"https:\/\/bbqassad.ee\/fi\/#\/schema\/logo\/image\/"},"sameAs":["https:\/\/www.facebook.com\/bbqassad","https:\/\/www.youtube.com\/channel\/UCsoufn49J6TVi9Ah9meE93w"]}]}},"_links":{"self":[{"href":"https:\/\/bbqassad.ee\/fi\/wp-json\/wp\/v2\/product\/23682","targetHints":{"allow":["GET"]}}],"collection":[{"href":"https:\/\/bbqassad.ee\/fi\/wp-json\/wp\/v2\/product"}],"about":[{"href":"https:\/\/bbqassad.ee\/fi\/wp-json\/wp\/v2\/types\/product"}],"replies":[{"embeddable":true,"href":"https:\/\/bbqassad.ee\/fi\/wp-json\/wp\/v2\/comments?post=23682"}],"wp:featuredmedia":[{"embeddable":true,"href":"https:\/\/bbqassad.ee\/fi\/wp-json\/wp\/v2\/media\/22246"}],"wp:attachment":[{"href":"https:\/\/bbqassad.ee\/fi\/wp-json\/wp\/v2\/media?parent=23682"}],"wp:term":[{"taxonomy":"product_brand","embeddable":true,"href":"https:\/\/bbqassad.ee\/fi\/wp-json\/wp\/v2\/product_brand?post=23682"},{"taxonomy":"product_cat","embeddable":true,"href":"https:\/\/bbqassad.ee\/fi\/wp-json\/wp\/v2\/product_cat?post=23682"},{"taxonomy":"product_tag","embeddable":true,"href":"https:\/\/bbqassad.ee\/fi\/wp-json\/wp\/v2\/product_tag?post=23682"}],"curies":[{"name":"wp","href":"https:\/\/api.w.org\/{rel}","templated":true}]}}