{"id":23681,"date":"2026-03-25T14:12:09","date_gmt":"2026-03-25T14:12:09","guid":{"rendered":"https:\/\/bbqassad.ee\/toode\/franklin-bbq-all-purpose-spice-rub-326-g-2\/"},"modified":"2026-04-14T06:34:34","modified_gmt":"2026-04-14T06:34:34","slug":"franklin-bbq-all-purpose-spice-rub-326-g-2","status":"publish","type":"product","link":"https:\/\/bbqassad.ee\/fi\/toode\/franklin-bbq-all-purpose-spice-rub-326-g-2\/","title":{"rendered":"Franklin BBQ All Purpose Spice Rub 326 g"},"content":{"rendered":"<h2>Franklin BBQ All Purpose Spice Rub 326 g<\/h2>\n<div>\n<p><strong style=\"font-size: 14.4px;\">Franklin BBQ All Purpose Spice Rub -maustekumi<\/strong><span style=\"font-size: 14.4px;\"> maailmankuululta grillimestarilta <\/span><strong style=\"font-size: 14.4px;\">Aaron Franklin<\/strong><span style=\"font-size: 14.4px;\">  mauste, joka tuo aitoa Texas BBQ -maustetta grilliin. Monipuolinen, yksinkertainen ja puhdas makuprofiili tekee siit\u00e4 ihanteellisen valinnan sek\u00e4 aloittelevalle BBQ:n yst\u00e4v\u00e4lle ett\u00e4 kokeneelle BBQ:n harrastajalle.   <\/span><span style=\"font-size: 14.4px;\">T\u00e4m\u00e4 mauste sopii t\u00e4ydellisesti grilliharrastajalle, joka arvostaa <\/span><strong style=\"font-size: 14.4px;\">yksinkertaisuutta, rehellisyytt\u00e4 ja aitoa grillimaustetta.<\/strong><span style=\"font-size: 14.4px;\">, ilman liiallista makeutta tai voimakasta savun makua.<\/span><\/p>\n<div>\n<h2><strong>BBQAces kommentti<\/strong><\/h2>\n<p>&#8221;Miellytt\u00e4v\u00e4n suolainen, pippurinen ja minimalistinen &#8211; juuri sellainen kuin klassisen texasilaisen rubin pit\u00e4isi olla. Eritt\u00e4in erikoinen&#8230; anteeksi, mutta eritt\u00e4in hyv\u00e4. Sopii kaikkeen, miss\u00e4 ei haluta liian makeaa tai mausteista sekoitusta.&#8221;<\/p>\n<h2><strong>Pro-vinkki<\/strong><\/h2>\n<p>Haluatko tehd\u00e4 <strong>rintafileen kuten Aaron Franklin itse<\/strong>? T\u00e4m\u00e4 on juuri oikea rub.<br \/>\nSopii my\u00f6s <strong>kanan, ribsien ja pulled porkin k\u00e4sittelyyn<\/strong>, jos haluat puhdasta ja raikasta BBQ-maustetta. <\/p>\n<\/div>\n<\/div>\n<p>&nbsp;<\/p>\n","protected":false},"excerpt":{"rendered":"<p>Franklin BBQ AP Spice Rub. Nettom\u00e4\u00e4r\u00e4 326g <\/p>\n<p>Ainesosat: suola, valkosipuli, sipuli, sokeri, paprika, mausteet,<br \/>\nKOKKIJAUHE, shiitake-sienet, tomaattijauhe, SINEP,<br \/>\npiidioksidi.<br \/>\nRavintosis\u00e4lt\u00f6 100g kohti : energia 0kcal (0kJ), rasva 0 g, josta tyydyttyneit\u00e4 rasvahappoja 0 g,<br \/>\n, hiilihydraatteja 0 g,<br \/>\nsokeria 0 g, proteiinia 0 g, suolaa 40 g,<br \/>\nS\u00e4ilyvyysaika: katso pakkauksesta.<\/p>\n<p>Tuotettu Yhdysvalloissa.<br \/>\nMaahantuoja: RESACO B.V., Karrewiel 8, 6942 LK Didam.<br \/>\nJ\u00e4lleenmyyj\u00e4 Virossa: BBQ \u00c4ssad O\u00dc www.bbqassad.ee www.bbqassad.ee.<\/p>\n","protected":false},"featured_media":22251,"comment_status":"open","ping_status":"closed","template":"","meta":[],"product_brand":[],"product_cat":[802],"product_tag":[],"class_list":{"0":"post-23681","1":"product","2":"type-product","3":"status-publish","4":"has-post-thumbnail","6":"product_cat-sekoitukset","8":"first","9":"instock","10":"taxable","11":"shipping-taxable","12":"purchasable","13":"product-type-simple"},"yoast_head":"<!-- This site is optimized with the Yoast SEO plugin v27.4 - https:\/\/yoast.com\/product\/yoast-seo-wordpress\/ -->\n<title>Franklin BBQ All Purpose Spice Rub 326 g -% BBQ \u00c4ssad%<\/title>\n<meta name=\"description\" content=\"Franklin BBQ AP Spice Rub 326g sis\u00e4lt\u00e4\u00e4 suolaa, valkosipulia, sipulia, sokeria, paprikaa ja shiitake-sieni\u00e4. Valmistettu Yhdysvalloissa.\" \/>\n<meta name=\"robots\" content=\"index, follow, max-snippet:-1, max-image-preview:large, max-video-preview:-1\" \/>\n<link rel=\"canonical\" href=\"https:\/\/bbqassad.ee\/fi\/toode\/franklin-bbq-all-purpose-spice-rub-326-g-2\/\" \/>\n<meta property=\"og:locale\" content=\"fi_FI\" \/>\n<meta property=\"og:type\" content=\"article\" \/>\n<meta property=\"og:title\" content=\"Franklin BBQ All Purpose Spice Rub 326 g -% BBQ \u00c4ssad%\" \/>\n<meta property=\"og:description\" content=\"Franklin BBQ AP Spice Rub 326g sis\u00e4lt\u00e4\u00e4 suolaa, valkosipulia, sipulia, sokeria, paprikaa ja shiitake-sieni\u00e4. Valmistettu Yhdysvalloissa.\" \/>\n<meta property=\"og:url\" content=\"https:\/\/bbqassad.ee\/fi\/toode\/franklin-bbq-all-purpose-spice-rub-326-g-2\/\" \/>\n<meta property=\"og:site_name\" content=\"BBQ \u00c4ssad\" \/>\n<meta property=\"article:publisher\" content=\"https:\/\/www.facebook.com\/bbqassad\" \/>\n<meta property=\"article:modified_time\" content=\"2026-04-14T06:34:34+00:00\" \/>\n<meta property=\"og:image\" content=\"https:\/\/bbqassad.ee\/wp-content\/uploads\/2026\/03\/Franklin_BBQ_All_Purpose_Spice_Rub_326g.png\" \/>\n<meta name=\"twitter:card\" content=\"summary_large_image\" \/>\n<meta name=\"twitter:title\" content=\"Franklin BBQ All Purpose Spice Rub 326 g -% BBQ \u00c4ssad%\" \/>\n<meta name=\"twitter:description\" content=\"Franklin BBQ AP Spice Rub 326g sis\u00e4lt\u00e4\u00e4 suolaa, valkosipulia, sipulia, sokeria, paprikaa ja shiitake-sieni\u00e4. Valmistettu Yhdysvalloissa.\" \/>\n<meta name=\"twitter:image\" content=\"https:\/\/bbqassad.ee\/wp-content\/uploads\/2026\/03\/Franklin_BBQ_All_Purpose_Spice_Rub_326g.png\" \/>\n<meta name=\"twitter:label1\" content=\"Arvioitu lukuaika\" \/>\n\t<meta name=\"twitter:data1\" content=\"1 minuutti\" \/>\n<script type=\"application\/ld+json\" class=\"yoast-schema-graph\">{\"@context\":\"https:\\\/\\\/schema.org\",\"@graph\":[{\"@type\":\"WebPage\",\"@id\":\"https:\\\/\\\/bbqassad.ee\\\/fi\\\/toode\\\/franklin-bbq-all-purpose-spice-rub-326-g-2\\\/\",\"url\":\"https:\\\/\\\/bbqassad.ee\\\/fi\\\/toode\\\/franklin-bbq-all-purpose-spice-rub-326-g-2\\\/\",\"name\":\"Franklin BBQ All Purpose Spice Rub 326 g -% BBQ \u00c4ssad%\",\"isPartOf\":{\"@id\":\"https:\\\/\\\/bbqassad.ee\\\/fi\\\/#website\"},\"primaryImageOfPage\":{\"@id\":\"https:\\\/\\\/bbqassad.ee\\\/fi\\\/toode\\\/franklin-bbq-all-purpose-spice-rub-326-g-2\\\/#primaryimage\"},\"image\":{\"@id\":\"https:\\\/\\\/bbqassad.ee\\\/fi\\\/toode\\\/franklin-bbq-all-purpose-spice-rub-326-g-2\\\/#primaryimage\"},\"thumbnailUrl\":\"https:\\\/\\\/bbqassad.ee\\\/wp-content\\\/uploads\\\/2026\\\/03\\\/Franklin_BBQ_All_Purpose_Spice_Rub_326g.png\",\"datePublished\":\"2026-03-25T14:12:09+00:00\",\"dateModified\":\"2026-04-14T06:34:34+00:00\",\"description\":\"Franklin BBQ AP Spice Rub 326g sis\u00e4lt\u00e4\u00e4 suolaa, valkosipulia, sipulia, sokeria, paprikaa ja shiitake-sieni\u00e4. Valmistettu Yhdysvalloissa.\",\"breadcrumb\":{\"@id\":\"https:\\\/\\\/bbqassad.ee\\\/fi\\\/toode\\\/franklin-bbq-all-purpose-spice-rub-326-g-2\\\/#breadcrumb\"},\"inLanguage\":\"fi\",\"potentialAction\":[{\"@type\":\"ReadAction\",\"target\":[\"https:\\\/\\\/bbqassad.ee\\\/fi\\\/toode\\\/franklin-bbq-all-purpose-spice-rub-326-g-2\\\/\"]}]},{\"@type\":\"ImageObject\",\"inLanguage\":\"fi\",\"@id\":\"https:\\\/\\\/bbqassad.ee\\\/fi\\\/toode\\\/franklin-bbq-all-purpose-spice-rub-326-g-2\\\/#primaryimage\",\"url\":\"https:\\\/\\\/bbqassad.ee\\\/wp-content\\\/uploads\\\/2026\\\/03\\\/Franklin_BBQ_All_Purpose_Spice_Rub_326g.png\",\"contentUrl\":\"https:\\\/\\\/bbqassad.ee\\\/wp-content\\\/uploads\\\/2026\\\/03\\\/Franklin_BBQ_All_Purpose_Spice_Rub_326g.png\",\"width\":1280,\"height\":720},{\"@type\":\"BreadcrumbList\",\"@id\":\"https:\\\/\\\/bbqassad.ee\\\/fi\\\/toode\\\/franklin-bbq-all-purpose-spice-rub-326-g-2\\\/#breadcrumb\",\"itemListElement\":[{\"@type\":\"ListItem\",\"position\":1,\"name\":\"Home\",\"item\":\"https:\\\/\\\/bbqassad.ee\\\/fi\\\/bbq-assat\\\/\"},{\"@type\":\"ListItem\",\"position\":2,\"name\":\"Verkkokauppa\",\"item\":\"https:\\\/\\\/bbqassad.ee\\\/fi\\\/verkkokauppa\\\/\"},{\"@type\":\"ListItem\",\"position\":3,\"name\":\"Franklin BBQ All Purpose Spice Rub 326 g\"}]},{\"@type\":\"WebSite\",\"@id\":\"https:\\\/\\\/bbqassad.ee\\\/fi\\\/#website\",\"url\":\"https:\\\/\\\/bbqassad.ee\\\/fi\\\/\",\"name\":\"BBQ \u00c4ssad\",\"description\":\"BBQ maitseained, kastmed, ahjud\",\"publisher\":{\"@id\":\"https:\\\/\\\/bbqassad.ee\\\/fi\\\/#organization\"},\"potentialAction\":[{\"@type\":\"SearchAction\",\"target\":{\"@type\":\"EntryPoint\",\"urlTemplate\":\"https:\\\/\\\/bbqassad.ee\\\/fi\\\/?s={search_term_string}\"},\"query-input\":{\"@type\":\"PropertyValueSpecification\",\"valueRequired\":true,\"valueName\":\"search_term_string\"}}],\"inLanguage\":\"fi\"},{\"@type\":\"Organization\",\"@id\":\"https:\\\/\\\/bbqassad.ee\\\/fi\\\/#organization\",\"name\":\"BBQ \u00c4ssad\",\"url\":\"https:\\\/\\\/bbqassad.ee\\\/fi\\\/\",\"logo\":{\"@type\":\"ImageObject\",\"inLanguage\":\"fi\",\"@id\":\"https:\\\/\\\/bbqassad.ee\\\/fi\\\/#\\\/schema\\\/logo\\\/image\\\/\",\"url\":\"https:\\\/\\\/bbqassad.ee\\\/wp-content\\\/uploads\\\/2022\\\/10\\\/BBQ-2ssadlogo.png\",\"contentUrl\":\"https:\\\/\\\/bbqassad.ee\\\/wp-content\\\/uploads\\\/2022\\\/10\\\/BBQ-2ssadlogo.png\",\"width\":1080,\"height\":1080,\"caption\":\"BBQ \u00c4ssad\"},\"image\":{\"@id\":\"https:\\\/\\\/bbqassad.ee\\\/fi\\\/#\\\/schema\\\/logo\\\/image\\\/\"},\"sameAs\":[\"https:\\\/\\\/www.facebook.com\\\/bbqassad\",\"https:\\\/\\\/www.youtube.com\\\/channel\\\/UCsoufn49J6TVi9Ah9meE93w\"]}]}<\/script>\n<!-- \/ Yoast SEO plugin. -->","yoast_head_json":{"title":"Franklin BBQ All Purpose Spice Rub 326 g -% BBQ \u00c4ssad%","description":"Franklin BBQ AP Spice Rub 326g sis\u00e4lt\u00e4\u00e4 suolaa, valkosipulia, sipulia, sokeria, paprikaa ja shiitake-sieni\u00e4. Valmistettu Yhdysvalloissa.","robots":{"index":"index","follow":"follow","max-snippet":"max-snippet:-1","max-image-preview":"max-image-preview:large","max-video-preview":"max-video-preview:-1"},"canonical":"https:\/\/bbqassad.ee\/fi\/toode\/franklin-bbq-all-purpose-spice-rub-326-g-2\/","og_locale":"fi_FI","og_type":"article","og_title":"Franklin BBQ All Purpose Spice Rub 326 g -% BBQ \u00c4ssad%","og_description":"Franklin BBQ AP Spice Rub 326g sis\u00e4lt\u00e4\u00e4 suolaa, valkosipulia, sipulia, sokeria, paprikaa ja shiitake-sieni\u00e4. Valmistettu Yhdysvalloissa.","og_url":"https:\/\/bbqassad.ee\/fi\/toode\/franklin-bbq-all-purpose-spice-rub-326-g-2\/","og_site_name":"BBQ \u00c4ssad","article_publisher":"https:\/\/www.facebook.com\/bbqassad","article_modified_time":"2026-04-14T06:34:34+00:00","og_image":[{"url":"https:\/\/bbqassad.ee\/wp-content\/uploads\/2026\/03\/Franklin_BBQ_All_Purpose_Spice_Rub_326g.png","type":"","width":"","height":""}],"twitter_card":"summary_large_image","twitter_title":"Franklin BBQ All Purpose Spice Rub 326 g -% BBQ \u00c4ssad%","twitter_description":"Franklin BBQ AP Spice Rub 326g sis\u00e4lt\u00e4\u00e4 suolaa, valkosipulia, sipulia, sokeria, paprikaa ja shiitake-sieni\u00e4. Valmistettu Yhdysvalloissa.","twitter_image":"https:\/\/bbqassad.ee\/wp-content\/uploads\/2026\/03\/Franklin_BBQ_All_Purpose_Spice_Rub_326g.png","twitter_misc":{"Arvioitu lukuaika":"1 minuutti"},"schema":{"@context":"https:\/\/schema.org","@graph":[{"@type":"WebPage","@id":"https:\/\/bbqassad.ee\/fi\/toode\/franklin-bbq-all-purpose-spice-rub-326-g-2\/","url":"https:\/\/bbqassad.ee\/fi\/toode\/franklin-bbq-all-purpose-spice-rub-326-g-2\/","name":"Franklin BBQ All Purpose Spice Rub 326 g -% BBQ \u00c4ssad%","isPartOf":{"@id":"https:\/\/bbqassad.ee\/fi\/#website"},"primaryImageOfPage":{"@id":"https:\/\/bbqassad.ee\/fi\/toode\/franklin-bbq-all-purpose-spice-rub-326-g-2\/#primaryimage"},"image":{"@id":"https:\/\/bbqassad.ee\/fi\/toode\/franklin-bbq-all-purpose-spice-rub-326-g-2\/#primaryimage"},"thumbnailUrl":"https:\/\/bbqassad.ee\/wp-content\/uploads\/2026\/03\/Franklin_BBQ_All_Purpose_Spice_Rub_326g.png","datePublished":"2026-03-25T14:12:09+00:00","dateModified":"2026-04-14T06:34:34+00:00","description":"Franklin BBQ AP Spice Rub 326g sis\u00e4lt\u00e4\u00e4 suolaa, valkosipulia, sipulia, sokeria, paprikaa ja shiitake-sieni\u00e4. Valmistettu Yhdysvalloissa.","breadcrumb":{"@id":"https:\/\/bbqassad.ee\/fi\/toode\/franklin-bbq-all-purpose-spice-rub-326-g-2\/#breadcrumb"},"inLanguage":"fi","potentialAction":[{"@type":"ReadAction","target":["https:\/\/bbqassad.ee\/fi\/toode\/franklin-bbq-all-purpose-spice-rub-326-g-2\/"]}]},{"@type":"ImageObject","inLanguage":"fi","@id":"https:\/\/bbqassad.ee\/fi\/toode\/franklin-bbq-all-purpose-spice-rub-326-g-2\/#primaryimage","url":"https:\/\/bbqassad.ee\/wp-content\/uploads\/2026\/03\/Franklin_BBQ_All_Purpose_Spice_Rub_326g.png","contentUrl":"https:\/\/bbqassad.ee\/wp-content\/uploads\/2026\/03\/Franklin_BBQ_All_Purpose_Spice_Rub_326g.png","width":1280,"height":720},{"@type":"BreadcrumbList","@id":"https:\/\/bbqassad.ee\/fi\/toode\/franklin-bbq-all-purpose-spice-rub-326-g-2\/#breadcrumb","itemListElement":[{"@type":"ListItem","position":1,"name":"Home","item":"https:\/\/bbqassad.ee\/fi\/bbq-assat\/"},{"@type":"ListItem","position":2,"name":"Verkkokauppa","item":"https:\/\/bbqassad.ee\/fi\/verkkokauppa\/"},{"@type":"ListItem","position":3,"name":"Franklin BBQ All Purpose Spice Rub 326 g"}]},{"@type":"WebSite","@id":"https:\/\/bbqassad.ee\/fi\/#website","url":"https:\/\/bbqassad.ee\/fi\/","name":"BBQ \u00c4ssad","description":"BBQ maitseained, kastmed, ahjud","publisher":{"@id":"https:\/\/bbqassad.ee\/fi\/#organization"},"potentialAction":[{"@type":"SearchAction","target":{"@type":"EntryPoint","urlTemplate":"https:\/\/bbqassad.ee\/fi\/?s={search_term_string}"},"query-input":{"@type":"PropertyValueSpecification","valueRequired":true,"valueName":"search_term_string"}}],"inLanguage":"fi"},{"@type":"Organization","@id":"https:\/\/bbqassad.ee\/fi\/#organization","name":"BBQ \u00c4ssad","url":"https:\/\/bbqassad.ee\/fi\/","logo":{"@type":"ImageObject","inLanguage":"fi","@id":"https:\/\/bbqassad.ee\/fi\/#\/schema\/logo\/image\/","url":"https:\/\/bbqassad.ee\/wp-content\/uploads\/2022\/10\/BBQ-2ssadlogo.png","contentUrl":"https:\/\/bbqassad.ee\/wp-content\/uploads\/2022\/10\/BBQ-2ssadlogo.png","width":1080,"height":1080,"caption":"BBQ \u00c4ssad"},"image":{"@id":"https:\/\/bbqassad.ee\/fi\/#\/schema\/logo\/image\/"},"sameAs":["https:\/\/www.facebook.com\/bbqassad","https:\/\/www.youtube.com\/channel\/UCsoufn49J6TVi9Ah9meE93w"]}]}},"_links":{"self":[{"href":"https:\/\/bbqassad.ee\/fi\/wp-json\/wp\/v2\/product\/23681","targetHints":{"allow":["GET"]}}],"collection":[{"href":"https:\/\/bbqassad.ee\/fi\/wp-json\/wp\/v2\/product"}],"about":[{"href":"https:\/\/bbqassad.ee\/fi\/wp-json\/wp\/v2\/types\/product"}],"replies":[{"embeddable":true,"href":"https:\/\/bbqassad.ee\/fi\/wp-json\/wp\/v2\/comments?post=23681"}],"wp:featuredmedia":[{"embeddable":true,"href":"https:\/\/bbqassad.ee\/fi\/wp-json\/wp\/v2\/media\/22251"}],"wp:attachment":[{"href":"https:\/\/bbqassad.ee\/fi\/wp-json\/wp\/v2\/media?parent=23681"}],"wp:term":[{"taxonomy":"product_brand","embeddable":true,"href":"https:\/\/bbqassad.ee\/fi\/wp-json\/wp\/v2\/product_brand?post=23681"},{"taxonomy":"product_cat","embeddable":true,"href":"https:\/\/bbqassad.ee\/fi\/wp-json\/wp\/v2\/product_cat?post=23681"},{"taxonomy":"product_tag","embeddable":true,"href":"https:\/\/bbqassad.ee\/fi\/wp-json\/wp\/v2\/product_tag?post=23681"}],"curies":[{"name":"wp","href":"https:\/\/api.w.org\/{rel}","templated":true}]}}