{"id":23680,"date":"2026-03-25T14:22:56","date_gmt":"2026-03-25T14:22:56","guid":{"rendered":"https:\/\/bbqassad.ee\/toode\/fire-smoke-society-charred-chile-lime-193-g-2\/"},"modified":"2026-04-14T06:34:34","modified_gmt":"2026-04-14T06:34:34","slug":"fire-smoke-society-charred-chile-lime-193-g-2","status":"publish","type":"product","link":"https:\/\/bbqassad.ee\/fi\/toode\/fire-smoke-society-charred-chile-lime-193-g-2\/","title":{"rendered":"Fire &#038; Smoke Society Charred Chile &#038; Lime 193g"},"content":{"rendered":"<h2>Fire &amp; Smoke Society Charred Chile &amp; Lime 193 g<\/h2>\n<p>&nbsp;<\/p>\n<div>\n<p><strong>Fire &amp; Smoke Society Charred Chile &amp; Lime<\/strong> on kirpe\u00e4 ja kes\u00e4isen raikas makusekoitus, jossa yhdistyv\u00e4t kevyesti hiilletyn chilin syvyys ja kirkkaan limen hapokkuus. T\u00e4m\u00e4 sekoitus tuo elinvoimaisen, kuohuvan ja pursuavan maun mihin tahansa lihaan, kalaan tai vihanneksiin &#8211; t\u00e4ydellinen niille, jotka rakastavat mausteisuutta, joka ei ole liian mausteinen, mutta tuo energiaa jokaiseen suupalaan. Toisin kuin makeat BBQ rubit, t\u00e4m\u00e4 sekoitus on <strong>happamampi, raikkaampi ja hieman savuinen<\/strong>, joten se on loistava valinta, jos haluat korostaa mausteisuutta makean sijaan.  <\/p>\n<h3><strong>BBQAces kommentti<\/strong><\/h3>\n<p>T\u00e4m\u00e4 sekoitus on <strong>miellytt\u00e4v\u00e4n hapokas, kirpe\u00e4 ja juuri sopiva m\u00e4\u00e4r\u00e4 chili\u00e4<\/strong>. Sopii melkein kaikkeen, miss\u00e4 et halua linssim\u00e4ist\u00e4 tai ylimaustettua hierontaa, vaan haluat eloisan ja raikkaan makupurkauksen. <\/p>\n<h3><strong>Pro-vinkki<\/strong><\/h3>\n<p><strong>Grillattua kanaa tai katkarapuja lime-chilihieronnalla?<\/strong> Ehdoton hitti.<br \/>\nToimii loistavasti <strong>tacojen, vihannesten, porsaankyljysten<\/strong> ja jopa <strong>grillatun maissin<\/strong> <strong>kanssa<\/strong>, jossa lime ja chili luovat t\u00e4ydellisen tasapainon.<\/p>\n<\/div>\n<p>&nbsp;<\/p>\n","protected":false},"excerpt":{"rendered":"<p>Fire &amp; Smoke Sociery Charred Chile &amp; Lime. Nettopaino 193g <\/p>\n<p>Ainesosat: Suola, sokeri, jalapeno<br \/>\nsitruunahappo, kiteytetty limetti (sitruunahappo, valkosipuli, fenkoli,<br \/>\nmustapippuri) limettimehu, alle 2 % trikalsiumfosfaatti<br \/>\n(paakkuuntumisenestoaine).<br \/>\nRavintosis\u00e4lt\u00f6 100 g kohti: energia 0 kcal (0 kJ), rasva 0 g, josta tyydyttyneit\u00e4 rasvahappoja 0 g,<br \/>\n, hiilihydraatteja 0 g,<br \/>\njosta sokereita 0 g, proteiinia 0 g, suolaa 60 g.<br \/>\nSy\u00f6m\u00e4kelpoisuus: katso pakkauksesta.  <\/p>\n<p>Tuotettu Yhdysvalloissa<br \/>\nMaahantuoja. Resaco B.V., Karrewiel 8, 6942 LK Didam.<br \/>\nJakelija Virossa: BBQ \u00c4ssad O\u00dc www.bbqassad.ee. <\/p>\n","protected":false},"featured_media":22256,"comment_status":"open","ping_status":"closed","template":"","meta":[],"product_brand":[],"product_cat":[802],"product_tag":[],"class_list":{"0":"post-23680","1":"product","2":"type-product","3":"status-publish","4":"has-post-thumbnail","6":"product_cat-sekoitukset","8":"first","9":"instock","10":"taxable","11":"shipping-taxable","12":"purchasable","13":"product-type-simple"},"yoast_head":"<!-- This site is optimized with the Yoast SEO plugin v27.4 - https:\/\/yoast.com\/product\/yoast-seo-wordpress\/ -->\n<title>Hiillostettu Chile &amp; Lime 193 g - BBQ \u00c4ssad%<\/title>\n<meta name=\"description\" content=\"Fire &amp; Smoke Society Charred Chile &amp; Lime on mausteseos, joka sis\u00e4lt\u00e4\u00e4 suolaa, sokeria ja jalapenoa. Tuotettu Yhdysvalloissa, 193 g netto.\" \/>\n<meta name=\"robots\" content=\"index, follow, max-snippet:-1, max-image-preview:large, max-video-preview:-1\" \/>\n<link rel=\"canonical\" href=\"https:\/\/bbqassad.ee\/fi\/toode\/fire-smoke-society-charred-chile-lime-193-g-2\/\" \/>\n<meta property=\"og:locale\" content=\"fi_FI\" \/>\n<meta property=\"og:type\" content=\"article\" \/>\n<meta property=\"og:title\" content=\"Hiillostettu Chile &amp; Lime 193 g - BBQ \u00c4ssad%\" \/>\n<meta property=\"og:description\" content=\"Fire &amp; Smoke Society Charred Chile &amp; Lime on mausteseos, joka sis\u00e4lt\u00e4\u00e4 suolaa, sokeria ja jalapenoa. Tuotettu Yhdysvalloissa, 193 g netto.\" \/>\n<meta property=\"og:url\" content=\"https:\/\/bbqassad.ee\/fi\/toode\/fire-smoke-society-charred-chile-lime-193-g-2\/\" \/>\n<meta property=\"og:site_name\" content=\"BBQ \u00c4ssad\" \/>\n<meta property=\"article:publisher\" content=\"https:\/\/www.facebook.com\/bbqassad\" \/>\n<meta property=\"article:modified_time\" content=\"2026-04-14T06:34:34+00:00\" \/>\n<meta property=\"og:image\" content=\"https:\/\/bbqassad.ee\/wp-content\/uploads\/2026\/03\/Fire__Smoke_Society_Charred_Chile__Lime_193g.png\" \/>\n<meta name=\"twitter:card\" content=\"summary_large_image\" \/>\n<meta name=\"twitter:title\" content=\"Hiillostettu Chile &amp; Lime 193 g - BBQ \u00c4ssad%\" \/>\n<meta name=\"twitter:description\" content=\"Fire &amp; Smoke Society Charred Chile &amp; Lime on mausteseos, joka sis\u00e4lt\u00e4\u00e4 suolaa, sokeria ja jalapenoa. Tuotettu Yhdysvalloissa, 193 g netto.\" \/>\n<meta name=\"twitter:image\" content=\"https:\/\/bbqassad.ee\/wp-content\/uploads\/2026\/03\/Fire__Smoke_Society_Charred_Chile__Lime_193g.png\" \/>\n<meta name=\"twitter:label1\" content=\"Arvioitu lukuaika\" \/>\n\t<meta name=\"twitter:data1\" content=\"1 minuutti\" \/>\n<script type=\"application\/ld+json\" class=\"yoast-schema-graph\">{\"@context\":\"https:\\\/\\\/schema.org\",\"@graph\":[{\"@type\":\"WebPage\",\"@id\":\"https:\\\/\\\/bbqassad.ee\\\/fi\\\/toode\\\/fire-smoke-society-charred-chile-lime-193-g-2\\\/\",\"url\":\"https:\\\/\\\/bbqassad.ee\\\/fi\\\/toode\\\/fire-smoke-society-charred-chile-lime-193-g-2\\\/\",\"name\":\"Hiillostettu Chile & Lime 193 g - BBQ \u00c4ssad%\",\"isPartOf\":{\"@id\":\"https:\\\/\\\/bbqassad.ee\\\/fi\\\/#website\"},\"primaryImageOfPage\":{\"@id\":\"https:\\\/\\\/bbqassad.ee\\\/fi\\\/toode\\\/fire-smoke-society-charred-chile-lime-193-g-2\\\/#primaryimage\"},\"image\":{\"@id\":\"https:\\\/\\\/bbqassad.ee\\\/fi\\\/toode\\\/fire-smoke-society-charred-chile-lime-193-g-2\\\/#primaryimage\"},\"thumbnailUrl\":\"https:\\\/\\\/bbqassad.ee\\\/wp-content\\\/uploads\\\/2026\\\/03\\\/Fire__Smoke_Society_Charred_Chile__Lime_193g.png\",\"datePublished\":\"2026-03-25T14:22:56+00:00\",\"dateModified\":\"2026-04-14T06:34:34+00:00\",\"description\":\"Fire & Smoke Society Charred Chile & Lime on mausteseos, joka sis\u00e4lt\u00e4\u00e4 suolaa, sokeria ja jalapenoa. Tuotettu Yhdysvalloissa, 193 g netto.\",\"breadcrumb\":{\"@id\":\"https:\\\/\\\/bbqassad.ee\\\/fi\\\/toode\\\/fire-smoke-society-charred-chile-lime-193-g-2\\\/#breadcrumb\"},\"inLanguage\":\"fi\",\"potentialAction\":[{\"@type\":\"ReadAction\",\"target\":[\"https:\\\/\\\/bbqassad.ee\\\/fi\\\/toode\\\/fire-smoke-society-charred-chile-lime-193-g-2\\\/\"]}]},{\"@type\":\"ImageObject\",\"inLanguage\":\"fi\",\"@id\":\"https:\\\/\\\/bbqassad.ee\\\/fi\\\/toode\\\/fire-smoke-society-charred-chile-lime-193-g-2\\\/#primaryimage\",\"url\":\"https:\\\/\\\/bbqassad.ee\\\/wp-content\\\/uploads\\\/2026\\\/03\\\/Fire__Smoke_Society_Charred_Chile__Lime_193g.png\",\"contentUrl\":\"https:\\\/\\\/bbqassad.ee\\\/wp-content\\\/uploads\\\/2026\\\/03\\\/Fire__Smoke_Society_Charred_Chile__Lime_193g.png\",\"width\":1280,\"height\":720},{\"@type\":\"BreadcrumbList\",\"@id\":\"https:\\\/\\\/bbqassad.ee\\\/fi\\\/toode\\\/fire-smoke-society-charred-chile-lime-193-g-2\\\/#breadcrumb\",\"itemListElement\":[{\"@type\":\"ListItem\",\"position\":1,\"name\":\"Home\",\"item\":\"https:\\\/\\\/bbqassad.ee\\\/fi\\\/bbq-assat\\\/\"},{\"@type\":\"ListItem\",\"position\":2,\"name\":\"Verkkokauppa\",\"item\":\"https:\\\/\\\/bbqassad.ee\\\/fi\\\/verkkokauppa\\\/\"},{\"@type\":\"ListItem\",\"position\":3,\"name\":\"Fire &#038; Smoke Society Charred Chile &#038; Lime 193g\"}]},{\"@type\":\"WebSite\",\"@id\":\"https:\\\/\\\/bbqassad.ee\\\/fi\\\/#website\",\"url\":\"https:\\\/\\\/bbqassad.ee\\\/fi\\\/\",\"name\":\"BBQ \u00c4ssad\",\"description\":\"BBQ maitseained, kastmed, ahjud\",\"publisher\":{\"@id\":\"https:\\\/\\\/bbqassad.ee\\\/fi\\\/#organization\"},\"potentialAction\":[{\"@type\":\"SearchAction\",\"target\":{\"@type\":\"EntryPoint\",\"urlTemplate\":\"https:\\\/\\\/bbqassad.ee\\\/fi\\\/?s={search_term_string}\"},\"query-input\":{\"@type\":\"PropertyValueSpecification\",\"valueRequired\":true,\"valueName\":\"search_term_string\"}}],\"inLanguage\":\"fi\"},{\"@type\":\"Organization\",\"@id\":\"https:\\\/\\\/bbqassad.ee\\\/fi\\\/#organization\",\"name\":\"BBQ \u00c4ssad\",\"url\":\"https:\\\/\\\/bbqassad.ee\\\/fi\\\/\",\"logo\":{\"@type\":\"ImageObject\",\"inLanguage\":\"fi\",\"@id\":\"https:\\\/\\\/bbqassad.ee\\\/fi\\\/#\\\/schema\\\/logo\\\/image\\\/\",\"url\":\"https:\\\/\\\/bbqassad.ee\\\/wp-content\\\/uploads\\\/2022\\\/10\\\/BBQ-2ssadlogo.png\",\"contentUrl\":\"https:\\\/\\\/bbqassad.ee\\\/wp-content\\\/uploads\\\/2022\\\/10\\\/BBQ-2ssadlogo.png\",\"width\":1080,\"height\":1080,\"caption\":\"BBQ \u00c4ssad\"},\"image\":{\"@id\":\"https:\\\/\\\/bbqassad.ee\\\/fi\\\/#\\\/schema\\\/logo\\\/image\\\/\"},\"sameAs\":[\"https:\\\/\\\/www.facebook.com\\\/bbqassad\",\"https:\\\/\\\/www.youtube.com\\\/channel\\\/UCsoufn49J6TVi9Ah9meE93w\"]}]}<\/script>\n<!-- \/ Yoast SEO plugin. -->","yoast_head_json":{"title":"Hiillostettu Chile & Lime 193 g - BBQ \u00c4ssad%","description":"Fire & Smoke Society Charred Chile & Lime on mausteseos, joka sis\u00e4lt\u00e4\u00e4 suolaa, sokeria ja jalapenoa. Tuotettu Yhdysvalloissa, 193 g netto.","robots":{"index":"index","follow":"follow","max-snippet":"max-snippet:-1","max-image-preview":"max-image-preview:large","max-video-preview":"max-video-preview:-1"},"canonical":"https:\/\/bbqassad.ee\/fi\/toode\/fire-smoke-society-charred-chile-lime-193-g-2\/","og_locale":"fi_FI","og_type":"article","og_title":"Hiillostettu Chile & Lime 193 g - BBQ \u00c4ssad%","og_description":"Fire & Smoke Society Charred Chile & Lime on mausteseos, joka sis\u00e4lt\u00e4\u00e4 suolaa, sokeria ja jalapenoa. Tuotettu Yhdysvalloissa, 193 g netto.","og_url":"https:\/\/bbqassad.ee\/fi\/toode\/fire-smoke-society-charred-chile-lime-193-g-2\/","og_site_name":"BBQ \u00c4ssad","article_publisher":"https:\/\/www.facebook.com\/bbqassad","article_modified_time":"2026-04-14T06:34:34+00:00","og_image":[{"url":"https:\/\/bbqassad.ee\/wp-content\/uploads\/2026\/03\/Fire__Smoke_Society_Charred_Chile__Lime_193g.png","type":"","width":"","height":""}],"twitter_card":"summary_large_image","twitter_title":"Hiillostettu Chile & Lime 193 g - BBQ \u00c4ssad%","twitter_description":"Fire & Smoke Society Charred Chile & Lime on mausteseos, joka sis\u00e4lt\u00e4\u00e4 suolaa, sokeria ja jalapenoa. Tuotettu Yhdysvalloissa, 193 g netto.","twitter_image":"https:\/\/bbqassad.ee\/wp-content\/uploads\/2026\/03\/Fire__Smoke_Society_Charred_Chile__Lime_193g.png","twitter_misc":{"Arvioitu lukuaika":"1 minuutti"},"schema":{"@context":"https:\/\/schema.org","@graph":[{"@type":"WebPage","@id":"https:\/\/bbqassad.ee\/fi\/toode\/fire-smoke-society-charred-chile-lime-193-g-2\/","url":"https:\/\/bbqassad.ee\/fi\/toode\/fire-smoke-society-charred-chile-lime-193-g-2\/","name":"Hiillostettu Chile & Lime 193 g - BBQ \u00c4ssad%","isPartOf":{"@id":"https:\/\/bbqassad.ee\/fi\/#website"},"primaryImageOfPage":{"@id":"https:\/\/bbqassad.ee\/fi\/toode\/fire-smoke-society-charred-chile-lime-193-g-2\/#primaryimage"},"image":{"@id":"https:\/\/bbqassad.ee\/fi\/toode\/fire-smoke-society-charred-chile-lime-193-g-2\/#primaryimage"},"thumbnailUrl":"https:\/\/bbqassad.ee\/wp-content\/uploads\/2026\/03\/Fire__Smoke_Society_Charred_Chile__Lime_193g.png","datePublished":"2026-03-25T14:22:56+00:00","dateModified":"2026-04-14T06:34:34+00:00","description":"Fire & Smoke Society Charred Chile & Lime on mausteseos, joka sis\u00e4lt\u00e4\u00e4 suolaa, sokeria ja jalapenoa. Tuotettu Yhdysvalloissa, 193 g netto.","breadcrumb":{"@id":"https:\/\/bbqassad.ee\/fi\/toode\/fire-smoke-society-charred-chile-lime-193-g-2\/#breadcrumb"},"inLanguage":"fi","potentialAction":[{"@type":"ReadAction","target":["https:\/\/bbqassad.ee\/fi\/toode\/fire-smoke-society-charred-chile-lime-193-g-2\/"]}]},{"@type":"ImageObject","inLanguage":"fi","@id":"https:\/\/bbqassad.ee\/fi\/toode\/fire-smoke-society-charred-chile-lime-193-g-2\/#primaryimage","url":"https:\/\/bbqassad.ee\/wp-content\/uploads\/2026\/03\/Fire__Smoke_Society_Charred_Chile__Lime_193g.png","contentUrl":"https:\/\/bbqassad.ee\/wp-content\/uploads\/2026\/03\/Fire__Smoke_Society_Charred_Chile__Lime_193g.png","width":1280,"height":720},{"@type":"BreadcrumbList","@id":"https:\/\/bbqassad.ee\/fi\/toode\/fire-smoke-society-charred-chile-lime-193-g-2\/#breadcrumb","itemListElement":[{"@type":"ListItem","position":1,"name":"Home","item":"https:\/\/bbqassad.ee\/fi\/bbq-assat\/"},{"@type":"ListItem","position":2,"name":"Verkkokauppa","item":"https:\/\/bbqassad.ee\/fi\/verkkokauppa\/"},{"@type":"ListItem","position":3,"name":"Fire &#038; Smoke Society Charred Chile &#038; Lime 193g"}]},{"@type":"WebSite","@id":"https:\/\/bbqassad.ee\/fi\/#website","url":"https:\/\/bbqassad.ee\/fi\/","name":"BBQ \u00c4ssad","description":"BBQ maitseained, kastmed, ahjud","publisher":{"@id":"https:\/\/bbqassad.ee\/fi\/#organization"},"potentialAction":[{"@type":"SearchAction","target":{"@type":"EntryPoint","urlTemplate":"https:\/\/bbqassad.ee\/fi\/?s={search_term_string}"},"query-input":{"@type":"PropertyValueSpecification","valueRequired":true,"valueName":"search_term_string"}}],"inLanguage":"fi"},{"@type":"Organization","@id":"https:\/\/bbqassad.ee\/fi\/#organization","name":"BBQ \u00c4ssad","url":"https:\/\/bbqassad.ee\/fi\/","logo":{"@type":"ImageObject","inLanguage":"fi","@id":"https:\/\/bbqassad.ee\/fi\/#\/schema\/logo\/image\/","url":"https:\/\/bbqassad.ee\/wp-content\/uploads\/2022\/10\/BBQ-2ssadlogo.png","contentUrl":"https:\/\/bbqassad.ee\/wp-content\/uploads\/2022\/10\/BBQ-2ssadlogo.png","width":1080,"height":1080,"caption":"BBQ \u00c4ssad"},"image":{"@id":"https:\/\/bbqassad.ee\/fi\/#\/schema\/logo\/image\/"},"sameAs":["https:\/\/www.facebook.com\/bbqassad","https:\/\/www.youtube.com\/channel\/UCsoufn49J6TVi9Ah9meE93w"]}]}},"_links":{"self":[{"href":"https:\/\/bbqassad.ee\/fi\/wp-json\/wp\/v2\/product\/23680","targetHints":{"allow":["GET"]}}],"collection":[{"href":"https:\/\/bbqassad.ee\/fi\/wp-json\/wp\/v2\/product"}],"about":[{"href":"https:\/\/bbqassad.ee\/fi\/wp-json\/wp\/v2\/types\/product"}],"replies":[{"embeddable":true,"href":"https:\/\/bbqassad.ee\/fi\/wp-json\/wp\/v2\/comments?post=23680"}],"wp:featuredmedia":[{"embeddable":true,"href":"https:\/\/bbqassad.ee\/fi\/wp-json\/wp\/v2\/media\/22256"}],"wp:attachment":[{"href":"https:\/\/bbqassad.ee\/fi\/wp-json\/wp\/v2\/media?parent=23680"}],"wp:term":[{"taxonomy":"product_brand","embeddable":true,"href":"https:\/\/bbqassad.ee\/fi\/wp-json\/wp\/v2\/product_brand?post=23680"},{"taxonomy":"product_cat","embeddable":true,"href":"https:\/\/bbqassad.ee\/fi\/wp-json\/wp\/v2\/product_cat?post=23680"},{"taxonomy":"product_tag","embeddable":true,"href":"https:\/\/bbqassad.ee\/fi\/wp-json\/wp\/v2\/product_tag?post=23680"}],"curies":[{"name":"wp","href":"https:\/\/api.w.org\/{rel}","templated":true}]}}