{"id":23679,"date":"2026-03-25T14:39:51","date_gmt":"2026-03-25T14:39:51","guid":{"rendered":"https:\/\/bbqassad.ee\/toode\/burnt-finger-bbq-savuinen-kansas-city-bbq-kastike\/"},"modified":"2026-04-14T06:34:34","modified_gmt":"2026-04-14T06:34:34","slug":"burnt-finger-bbq-savuinen-kansas-city-bbq-kastike","status":"publish","type":"product","link":"https:\/\/bbqassad.ee\/fi\/toode\/burnt-finger-bbq-savuinen-kansas-city-bbq-kastike\/","title":{"rendered":"Burnt Finger BBQ Smokey Kansas City BBQ -kastike"},"content":{"rendered":"<h2>Burnt Finger BBQ Savuinen Kansas City BBQ-kastike<\/h2>\n<div>\n<p><strong>Burnt Finger BBQ Smokey Kansas City BBQ -kastike<\/strong> on todellinen Kansas Cityn klassikko &#8211; t\u00e4ytel\u00e4inen, makean savuinen ja t\u00e4ytel\u00e4inen BBQ-kastike, joka on saanut palkintoja ja faneja grillimaailmassa. Tunnistat kastikkeen, vaikka ottaisit etiketin pois &#8211; syv\u00e4 savuisuus, paksu rakenne ja makujen t\u00e4ydellinen tasapaino puhuvat puolestaan. T\u00e4m\u00e4 paksu, ketsuppipohjainen kastike tarttuu lihaan t\u00e4ydellisesti ja luo kauniin, kiilt\u00e4v\u00e4n kuorrutuksen. Makeus, tomaattit\u00e4yte ja maltillinen savuinen mauste tuntuvat sulautuvan yhten\u00e4iseksi kokonaisuudeksi. Juuri sit\u00e4, mit\u00e4 todellinen Kansas Cityn BBQ-fani odottaa.    <\/p>\n<h3><strong>BBQ Aces kommentti<\/strong><\/h3>\n<p>&#8221;Burnt Finger Smokey KC on yksi niist\u00e4 kastikkeista, joita jokaisella BBQ-harrastajalla <em>pit\u00e4isi<\/em> olla kaapissaan. Ota se vain, kaada p\u00e4\u00e4lle ja se toimii.<br \/>\nPaksu, maukas ja herkullisen savuinen &#8211; t\u00e4ydellinen kaikille lihoille, hampurilaisille, ribseille ja kanalle. Jos Blues Hog on legenda, Burnt Finger on sen Kansas Cityn veli. Rehellisesti sanottuna emme viitsi puhua pitk\u00e4\u00e4n&#8230; t\u00e4m\u00e4 kastike on vain pirun hyv\u00e4\u00e4.&#8221;   <\/p>\n<h3><strong>Ammattilaisen vinkki<\/strong><\/h3>\n<p>Sekoita t\u00e4m\u00e4 kastike suosikki punajuuri- tai etikkapohjaiseen kastikkeeseesi ja valmista <strong>kyljykset, kana tai rintafileet<\/strong> t\u00e4sm\u00e4lleen samalla kuorrutuksella kuin Etel\u00e4- ja Keski-Amerikan joukkueet.<br \/>\nKlassinen yhdistelm\u00e4: <strong>50 % Burnt Finger Smokey KC + 50 % lis\u00e4\u00e4 nestem\u00e4ist\u00e4 maustekastiketta.<\/strong><br \/>\nS\u00e4\u00e4d\u00e4 sek\u00e4 mausteisuus ett\u00e4 makeus oman makusi mukaan.<\/p>\n<\/div>\n","protected":false},"excerpt":{"rendered":"<p>Burnt Finger BBQ Smokey KC Barbecue -kastike. Nettopaino 558g <\/p>\n<p>KOMPONENTIT:<br \/>\n mausteet (sinappijauho, sokeri, suola, mausteet, kuivattu<br \/>\nvalkosipuli, paprika, Worcestershire-kastike (etikka, melassi,<br \/>\nmaissisiirappi, suola, karamelliv\u00e4ri), valkosipuli, sakkaroosi, mausteet,<br \/>\ntamarindi, luontainen aromi ja maltodekstriini),<br \/>\nsipulijauhe ja omenahappo), melassi, luontainen aromi,<br \/>\nmausteet, MAISI-t\u00e4rkkelys, karamelliv\u00e4ri.<\/p>\n<p>Ravintosis\u00e4lt\u00f6 100 g kohti: energia 143 kcal (598 kJ), rasva 0 g, josta tyydyttyneit\u00e4 rasvahappoja 0 g, hiilihydraatteja 37 g, josta sokereita 31 g,<br \/>\n, proteiinia 0 g, suolaa 2,3 g.<br \/>\nParasta ennen: katso pakkauksesta.<\/p>\n<p>Tuotettu Yhdysvalloissa<br \/>\nMaahantuoja: Resaco BV, Karrewiel 8, 6942 LK Didam.<br \/>\nJ\u00e4lleenmyyj\u00e4 Virossa: BBQ \u00c4ssad O\u00dc www.bbqassad.ee www.bbqassad.ee.<\/p>\n","protected":false},"featured_media":22261,"comment_status":"open","ping_status":"closed","template":"","meta":[],"product_brand":[],"product_cat":[788],"product_tag":[],"class_list":{"0":"post-23679","1":"product","2":"type-product","3":"status-publish","4":"has-post-thumbnail","6":"product_cat-kastit","8":"first","9":"instock","10":"taxable","11":"shipping-taxable","12":"purchasable","13":"product-type-simple"},"yoast_head":"<!-- This site is optimized with the Yoast SEO plugin v27.4 - https:\/\/yoast.com\/product\/yoast-seo-wordpress\/ -->\n<title>Burnt Finger BBQ Smokey Kansas City BBQ Sauce -% BBQ \u00c4ssad%<\/title>\n<meta name=\"description\" content=\"Burnt Finger BBQ Savuinen Kansas City BBQ-kastike 558g. Ainesosat. Valmistettu Yhdysvalloissa.\" \/>\n<meta name=\"robots\" content=\"index, follow, max-snippet:-1, max-image-preview:large, max-video-preview:-1\" \/>\n<link rel=\"canonical\" href=\"https:\/\/bbqassad.ee\/fi\/toode\/burnt-finger-bbq-savuinen-kansas-city-bbq-kastike\/\" \/>\n<meta property=\"og:locale\" content=\"fi_FI\" \/>\n<meta property=\"og:type\" content=\"article\" \/>\n<meta property=\"og:title\" content=\"Burnt Finger BBQ Smokey Kansas City BBQ Sauce -% BBQ \u00c4ssad%\" \/>\n<meta property=\"og:description\" content=\"Burnt Finger BBQ Savuinen Kansas City BBQ-kastike 558g. Ainesosat: vesi, sokeri, tomaattipyree, etikka, mausteet ja melassi. Valmistettu Yhdysvalloissa.\" \/>\n<meta property=\"og:url\" content=\"https:\/\/bbqassad.ee\/fi\/toode\/burnt-finger-bbq-savuinen-kansas-city-bbq-kastike\/\" \/>\n<meta property=\"og:site_name\" content=\"BBQ \u00c4ssad\" \/>\n<meta property=\"article:publisher\" content=\"https:\/\/www.facebook.com\/bbqassad\" \/>\n<meta property=\"article:modified_time\" content=\"2026-04-14T06:34:34+00:00\" \/>\n<meta property=\"og:image\" content=\"https:\/\/bbqassad.ee\/wp-content\/uploads\/2026\/03\/Burnt_Finger_BBQ_Smokey_Kansas_City_BBQ_sauce_558g.png\" \/>\n<meta name=\"twitter:card\" content=\"summary_large_image\" \/>\n<meta name=\"twitter:title\" content=\"Burnt Finger BBQ Smokey Kansas City BBQ Sauce -% BBQ \u00c4ssad%\" \/>\n<meta name=\"twitter:description\" content=\"Burnt Finger BBQ Savuinen Kansas City BBQ-kastike 558g. Ainesosat: vesi, sokeri, tomaattipyree, etikka, mausteet ja melassi. Valmistettu Yhdysvalloissa.\" \/>\n<meta name=\"twitter:image\" content=\"https:\/\/bbqassad.ee\/wp-content\/uploads\/2026\/03\/Burnt_Finger_BBQ_Smokey_Kansas_City_BBQ_sauce_558g.png\" \/>\n<meta name=\"twitter:label1\" content=\"Arvioitu lukuaika\" \/>\n\t<meta name=\"twitter:data1\" content=\"1 minuutti\" \/>\n<script type=\"application\/ld+json\" class=\"yoast-schema-graph\">{\"@context\":\"https:\\\/\\\/schema.org\",\"@graph\":[{\"@type\":\"WebPage\",\"@id\":\"https:\\\/\\\/bbqassad.ee\\\/fi\\\/toode\\\/burnt-finger-bbq-savuinen-kansas-city-bbq-kastike\\\/\",\"url\":\"https:\\\/\\\/bbqassad.ee\\\/fi\\\/toode\\\/burnt-finger-bbq-savuinen-kansas-city-bbq-kastike\\\/\",\"name\":\"Burnt Finger BBQ Smokey Kansas City BBQ Sauce -% BBQ \u00c4ssad%\",\"isPartOf\":{\"@id\":\"https:\\\/\\\/bbqassad.ee\\\/fi\\\/#website\"},\"primaryImageOfPage\":{\"@id\":\"https:\\\/\\\/bbqassad.ee\\\/fi\\\/toode\\\/burnt-finger-bbq-savuinen-kansas-city-bbq-kastike\\\/#primaryimage\"},\"image\":{\"@id\":\"https:\\\/\\\/bbqassad.ee\\\/fi\\\/toode\\\/burnt-finger-bbq-savuinen-kansas-city-bbq-kastike\\\/#primaryimage\"},\"thumbnailUrl\":\"https:\\\/\\\/bbqassad.ee\\\/wp-content\\\/uploads\\\/2026\\\/03\\\/Burnt_Finger_BBQ_Smokey_Kansas_City_BBQ_sauce_558g.png\",\"datePublished\":\"2026-03-25T14:39:51+00:00\",\"dateModified\":\"2026-04-14T06:34:34+00:00\",\"description\":\"Burnt Finger BBQ Savuinen Kansas City BBQ-kastike 558g. Ainesosat. Valmistettu Yhdysvalloissa.\",\"breadcrumb\":{\"@id\":\"https:\\\/\\\/bbqassad.ee\\\/fi\\\/toode\\\/burnt-finger-bbq-savuinen-kansas-city-bbq-kastike\\\/#breadcrumb\"},\"inLanguage\":\"fi\",\"potentialAction\":[{\"@type\":\"ReadAction\",\"target\":[\"https:\\\/\\\/bbqassad.ee\\\/fi\\\/toode\\\/burnt-finger-bbq-savuinen-kansas-city-bbq-kastike\\\/\"]}]},{\"@type\":\"ImageObject\",\"inLanguage\":\"fi\",\"@id\":\"https:\\\/\\\/bbqassad.ee\\\/fi\\\/toode\\\/burnt-finger-bbq-savuinen-kansas-city-bbq-kastike\\\/#primaryimage\",\"url\":\"https:\\\/\\\/bbqassad.ee\\\/wp-content\\\/uploads\\\/2026\\\/03\\\/Burnt_Finger_BBQ_Smokey_Kansas_City_BBQ_sauce_558g.png\",\"contentUrl\":\"https:\\\/\\\/bbqassad.ee\\\/wp-content\\\/uploads\\\/2026\\\/03\\\/Burnt_Finger_BBQ_Smokey_Kansas_City_BBQ_sauce_558g.png\",\"width\":1280,\"height\":720},{\"@type\":\"BreadcrumbList\",\"@id\":\"https:\\\/\\\/bbqassad.ee\\\/fi\\\/toode\\\/burnt-finger-bbq-savuinen-kansas-city-bbq-kastike\\\/#breadcrumb\",\"itemListElement\":[{\"@type\":\"ListItem\",\"position\":1,\"name\":\"Home\",\"item\":\"https:\\\/\\\/bbqassad.ee\\\/fi\\\/bbq-assat\\\/\"},{\"@type\":\"ListItem\",\"position\":2,\"name\":\"Verkkokauppa\",\"item\":\"https:\\\/\\\/bbqassad.ee\\\/fi\\\/verkkokauppa\\\/\"},{\"@type\":\"ListItem\",\"position\":3,\"name\":\"Burnt Finger BBQ Smokey Kansas City BBQ -kastike\"}]},{\"@type\":\"WebSite\",\"@id\":\"https:\\\/\\\/bbqassad.ee\\\/fi\\\/#website\",\"url\":\"https:\\\/\\\/bbqassad.ee\\\/fi\\\/\",\"name\":\"BBQ \u00c4ssad\",\"description\":\"BBQ maitseained, kastmed, ahjud\",\"publisher\":{\"@id\":\"https:\\\/\\\/bbqassad.ee\\\/fi\\\/#organization\"},\"potentialAction\":[{\"@type\":\"SearchAction\",\"target\":{\"@type\":\"EntryPoint\",\"urlTemplate\":\"https:\\\/\\\/bbqassad.ee\\\/fi\\\/?s={search_term_string}\"},\"query-input\":{\"@type\":\"PropertyValueSpecification\",\"valueRequired\":true,\"valueName\":\"search_term_string\"}}],\"inLanguage\":\"fi\"},{\"@type\":\"Organization\",\"@id\":\"https:\\\/\\\/bbqassad.ee\\\/fi\\\/#organization\",\"name\":\"BBQ \u00c4ssad\",\"url\":\"https:\\\/\\\/bbqassad.ee\\\/fi\\\/\",\"logo\":{\"@type\":\"ImageObject\",\"inLanguage\":\"fi\",\"@id\":\"https:\\\/\\\/bbqassad.ee\\\/fi\\\/#\\\/schema\\\/logo\\\/image\\\/\",\"url\":\"https:\\\/\\\/bbqassad.ee\\\/wp-content\\\/uploads\\\/2022\\\/10\\\/BBQ-2ssadlogo.png\",\"contentUrl\":\"https:\\\/\\\/bbqassad.ee\\\/wp-content\\\/uploads\\\/2022\\\/10\\\/BBQ-2ssadlogo.png\",\"width\":1080,\"height\":1080,\"caption\":\"BBQ \u00c4ssad\"},\"image\":{\"@id\":\"https:\\\/\\\/bbqassad.ee\\\/fi\\\/#\\\/schema\\\/logo\\\/image\\\/\"},\"sameAs\":[\"https:\\\/\\\/www.facebook.com\\\/bbqassad\",\"https:\\\/\\\/www.youtube.com\\\/channel\\\/UCsoufn49J6TVi9Ah9meE93w\"]}]}<\/script>\n<!-- \/ Yoast SEO plugin. -->","yoast_head_json":{"title":"Burnt Finger BBQ Smokey Kansas City BBQ Sauce -% BBQ \u00c4ssad%","description":"Burnt Finger BBQ Savuinen Kansas City BBQ-kastike 558g. Ainesosat. Valmistettu Yhdysvalloissa.","robots":{"index":"index","follow":"follow","max-snippet":"max-snippet:-1","max-image-preview":"max-image-preview:large","max-video-preview":"max-video-preview:-1"},"canonical":"https:\/\/bbqassad.ee\/fi\/toode\/burnt-finger-bbq-savuinen-kansas-city-bbq-kastike\/","og_locale":"fi_FI","og_type":"article","og_title":"Burnt Finger BBQ Smokey Kansas City BBQ Sauce -% BBQ \u00c4ssad%","og_description":"Burnt Finger BBQ Savuinen Kansas City BBQ-kastike 558g. Ainesosat: vesi, sokeri, tomaattipyree, etikka, mausteet ja melassi. Valmistettu Yhdysvalloissa.","og_url":"https:\/\/bbqassad.ee\/fi\/toode\/burnt-finger-bbq-savuinen-kansas-city-bbq-kastike\/","og_site_name":"BBQ \u00c4ssad","article_publisher":"https:\/\/www.facebook.com\/bbqassad","article_modified_time":"2026-04-14T06:34:34+00:00","og_image":[{"url":"https:\/\/bbqassad.ee\/wp-content\/uploads\/2026\/03\/Burnt_Finger_BBQ_Smokey_Kansas_City_BBQ_sauce_558g.png","type":"","width":"","height":""}],"twitter_card":"summary_large_image","twitter_title":"Burnt Finger BBQ Smokey Kansas City BBQ Sauce -% BBQ \u00c4ssad%","twitter_description":"Burnt Finger BBQ Savuinen Kansas City BBQ-kastike 558g. Ainesosat: vesi, sokeri, tomaattipyree, etikka, mausteet ja melassi. Valmistettu Yhdysvalloissa.","twitter_image":"https:\/\/bbqassad.ee\/wp-content\/uploads\/2026\/03\/Burnt_Finger_BBQ_Smokey_Kansas_City_BBQ_sauce_558g.png","twitter_misc":{"Arvioitu lukuaika":"1 minuutti"},"schema":{"@context":"https:\/\/schema.org","@graph":[{"@type":"WebPage","@id":"https:\/\/bbqassad.ee\/fi\/toode\/burnt-finger-bbq-savuinen-kansas-city-bbq-kastike\/","url":"https:\/\/bbqassad.ee\/fi\/toode\/burnt-finger-bbq-savuinen-kansas-city-bbq-kastike\/","name":"Burnt Finger BBQ Smokey Kansas City BBQ Sauce -% BBQ \u00c4ssad%","isPartOf":{"@id":"https:\/\/bbqassad.ee\/fi\/#website"},"primaryImageOfPage":{"@id":"https:\/\/bbqassad.ee\/fi\/toode\/burnt-finger-bbq-savuinen-kansas-city-bbq-kastike\/#primaryimage"},"image":{"@id":"https:\/\/bbqassad.ee\/fi\/toode\/burnt-finger-bbq-savuinen-kansas-city-bbq-kastike\/#primaryimage"},"thumbnailUrl":"https:\/\/bbqassad.ee\/wp-content\/uploads\/2026\/03\/Burnt_Finger_BBQ_Smokey_Kansas_City_BBQ_sauce_558g.png","datePublished":"2026-03-25T14:39:51+00:00","dateModified":"2026-04-14T06:34:34+00:00","description":"Burnt Finger BBQ Savuinen Kansas City BBQ-kastike 558g. Ainesosat. Valmistettu Yhdysvalloissa.","breadcrumb":{"@id":"https:\/\/bbqassad.ee\/fi\/toode\/burnt-finger-bbq-savuinen-kansas-city-bbq-kastike\/#breadcrumb"},"inLanguage":"fi","potentialAction":[{"@type":"ReadAction","target":["https:\/\/bbqassad.ee\/fi\/toode\/burnt-finger-bbq-savuinen-kansas-city-bbq-kastike\/"]}]},{"@type":"ImageObject","inLanguage":"fi","@id":"https:\/\/bbqassad.ee\/fi\/toode\/burnt-finger-bbq-savuinen-kansas-city-bbq-kastike\/#primaryimage","url":"https:\/\/bbqassad.ee\/wp-content\/uploads\/2026\/03\/Burnt_Finger_BBQ_Smokey_Kansas_City_BBQ_sauce_558g.png","contentUrl":"https:\/\/bbqassad.ee\/wp-content\/uploads\/2026\/03\/Burnt_Finger_BBQ_Smokey_Kansas_City_BBQ_sauce_558g.png","width":1280,"height":720},{"@type":"BreadcrumbList","@id":"https:\/\/bbqassad.ee\/fi\/toode\/burnt-finger-bbq-savuinen-kansas-city-bbq-kastike\/#breadcrumb","itemListElement":[{"@type":"ListItem","position":1,"name":"Home","item":"https:\/\/bbqassad.ee\/fi\/bbq-assat\/"},{"@type":"ListItem","position":2,"name":"Verkkokauppa","item":"https:\/\/bbqassad.ee\/fi\/verkkokauppa\/"},{"@type":"ListItem","position":3,"name":"Burnt Finger BBQ Smokey Kansas City BBQ -kastike"}]},{"@type":"WebSite","@id":"https:\/\/bbqassad.ee\/fi\/#website","url":"https:\/\/bbqassad.ee\/fi\/","name":"BBQ \u00c4ssad","description":"BBQ maitseained, kastmed, ahjud","publisher":{"@id":"https:\/\/bbqassad.ee\/fi\/#organization"},"potentialAction":[{"@type":"SearchAction","target":{"@type":"EntryPoint","urlTemplate":"https:\/\/bbqassad.ee\/fi\/?s={search_term_string}"},"query-input":{"@type":"PropertyValueSpecification","valueRequired":true,"valueName":"search_term_string"}}],"inLanguage":"fi"},{"@type":"Organization","@id":"https:\/\/bbqassad.ee\/fi\/#organization","name":"BBQ \u00c4ssad","url":"https:\/\/bbqassad.ee\/fi\/","logo":{"@type":"ImageObject","inLanguage":"fi","@id":"https:\/\/bbqassad.ee\/fi\/#\/schema\/logo\/image\/","url":"https:\/\/bbqassad.ee\/wp-content\/uploads\/2022\/10\/BBQ-2ssadlogo.png","contentUrl":"https:\/\/bbqassad.ee\/wp-content\/uploads\/2022\/10\/BBQ-2ssadlogo.png","width":1080,"height":1080,"caption":"BBQ \u00c4ssad"},"image":{"@id":"https:\/\/bbqassad.ee\/fi\/#\/schema\/logo\/image\/"},"sameAs":["https:\/\/www.facebook.com\/bbqassad","https:\/\/www.youtube.com\/channel\/UCsoufn49J6TVi9Ah9meE93w"]}]}},"_links":{"self":[{"href":"https:\/\/bbqassad.ee\/fi\/wp-json\/wp\/v2\/product\/23679","targetHints":{"allow":["GET"]}}],"collection":[{"href":"https:\/\/bbqassad.ee\/fi\/wp-json\/wp\/v2\/product"}],"about":[{"href":"https:\/\/bbqassad.ee\/fi\/wp-json\/wp\/v2\/types\/product"}],"replies":[{"embeddable":true,"href":"https:\/\/bbqassad.ee\/fi\/wp-json\/wp\/v2\/comments?post=23679"}],"wp:featuredmedia":[{"embeddable":true,"href":"https:\/\/bbqassad.ee\/fi\/wp-json\/wp\/v2\/media\/22261"}],"wp:attachment":[{"href":"https:\/\/bbqassad.ee\/fi\/wp-json\/wp\/v2\/media?parent=23679"}],"wp:term":[{"taxonomy":"product_brand","embeddable":true,"href":"https:\/\/bbqassad.ee\/fi\/wp-json\/wp\/v2\/product_brand?post=23679"},{"taxonomy":"product_cat","embeddable":true,"href":"https:\/\/bbqassad.ee\/fi\/wp-json\/wp\/v2\/product_cat?post=23679"},{"taxonomy":"product_tag","embeddable":true,"href":"https:\/\/bbqassad.ee\/fi\/wp-json\/wp\/v2\/product_tag?post=23679"}],"curies":[{"name":"wp","href":"https:\/\/api.w.org\/{rel}","templated":true}]}}