{"id":23678,"date":"2026-03-25T15:04:12","date_gmt":"2026-03-25T15:04:12","guid":{"rendered":"https:\/\/bbqassad.ee\/toode\/boars-night-out-valkoinen-salama-411g\/"},"modified":"2026-04-14T06:34:34","modified_gmt":"2026-04-14T06:34:34","slug":"boars-night-out-valkoinen-salama-411g","status":"publish","type":"product","link":"https:\/\/bbqassad.ee\/fi\/toode\/boars-night-out-valkoinen-salama-411g\/","title":{"rendered":"Boars Night Out White Lightning 411g"},"content":{"rendered":"<h2>Boars Night Out Valkoinen salama 411g<\/h2>\n<div>\n<p><strong>Boars Night Out White Lightning<\/strong> tunnetaan yhten\u00e4 vaikutusvaltaisimmista ja rakastetuimmista mauista kilpailukykyisen grillauksen maailmassa. Se on rub, jota k\u00e4ytet\u00e4\u00e4n piilossa kameroilta, teipattuna pullon ymp\u00e4rille&#8230; koska kaikki tiet\u00e4v\u00e4t, mit\u00e4 voittaja-annoksen sis\u00e4ll\u00e4 on &#8211; White Lightning. T\u00e4m\u00e4 sekoitus voittaa makutestin ja tekee ihmeit\u00e4 mink\u00e4 tahansa lihan kanssa, johon sit\u00e4 ravistelet.  <\/p>\n<p>White Lightning on <strong>ei-liigamainen suolainen<\/strong>, hieman valkosipulimainen ja t\u00e4ydellisen tasapainoinen mauste, joka tuo esiin lihan luonnollisen maun ja antaa sille kilpailukykyisen &#8221;popin&#8221;. Se on sekoitus, joka sopii kaikkeen kanansiivist\u00e4 ja kylkiluista rintaleikkeeseen, possun kaulaan, hampurilaisiin ja vihanneksiin. <\/p>\n<h3><strong>BBQ Aces kommentti<\/strong><\/h3>\n<p>Boars Night Out White Lightning on rub, jonka pit\u00e4isi olla jokaisen grillaajan hyllyss\u00e4. Sit\u00e4 ei tarvitse sekoittaa, sit\u00e4 ei tarvitse viritell\u00e4 &#8211; ripottele sit\u00e4 vain p\u00e4\u00e4lle ja se toimii.<br \/>\nSe on loistava sellaisenaan, mutta se on my\u00f6s t\u00e4ydellinen <strong>pohja<\/strong> kaikille muille rubeille. Emme rehellisesti sanottuna tied\u00e4, miten he saivat sen tasapainottumaan niin hyvin&#8230; Mutta yhden asian tied\u00e4mme: White Lightning on yksi parhaista BBQ-mausteista ikin\u00e4. Yksinkertaista.&#8221;   <\/p>\n<p><strong style=\"font-size: 20.16px;\">Ammattilaisen vinkki<\/strong><\/p>\n<p>K\u00e4yt\u00e4 White Lightningia <strong>pohjakerroksena<\/strong> jokaisen hieronnan <strong>alla<\/strong> &#8211; erityisesti kanansiiville, kylkiluille ja sianlihalle.<\/p>\n<\/div>\n","protected":false},"excerpt":{"rendered":"<p>Boars Night Out White Lightning Rub. Nettopaino 411g <\/p>\n<p>Ainesosat: suola, sokeri, mononatriumglutamaatti, mausteet,<br \/>\nvalkosipulijauhe, enint\u00e4\u00e4n 2 % trikalsiumfosfaattia<br \/>\ntarttumisen est\u00e4miseksi.<br \/>\nRavintosis\u00e4lt\u00f6 100 g:aa kohti: energia 0 kcal\/0 kJ, rasva 0 g, josta<br \/>\ntyydyttyneit\u00e4 rasvoja 0 g, suola 40 g, hiilihydraatti 0 g, josta<br \/>\nsokereita 0 g, proteiini 0 g.<br \/>\nS\u00e4ilyvyys ennen: ks. pakkauksesta.<\/p>\n<p>Tuotettu: Yhdysvallat<br \/>\nMaahantuoja: Resaco, Karrewiel 8, LK Didam.<br \/>\nJ\u00e4lleenmyyj\u00e4 Virossa: BBQ \u00c4ssad O\u00dc www.bbqassad.ee www.bbqassad.ee www.bbqassad.ee<\/p>\n","protected":false},"featured_media":22266,"comment_status":"open","ping_status":"closed","template":"","meta":[],"product_brand":[],"product_cat":[802],"product_tag":[],"class_list":{"0":"post-23678","1":"product","2":"type-product","3":"status-publish","4":"has-post-thumbnail","6":"product_cat-sekoitukset","8":"first","9":"outofstock","10":"taxable","11":"shipping-taxable","12":"purchasable","13":"product-type-simple"},"yoast_head":"<!-- This site is optimized with the Yoast SEO plugin v27.4 - https:\/\/yoast.com\/product\/yoast-seo-wordpress\/ -->\n<title>Boars Night Out White Lightning 411g - BBQ \u00c4ssad%<\/title>\n<meta name=\"description\" content=\"Boars Night Out White Lightning mausteseos 411g. Ainesosat: suola, sokeri, mausteet, valkosipulijauhe. Valmistettu Yhdysvalloissa.\" \/>\n<meta name=\"robots\" content=\"index, follow, max-snippet:-1, max-image-preview:large, max-video-preview:-1\" \/>\n<link rel=\"canonical\" href=\"https:\/\/bbqassad.ee\/fi\/toode\/boars-night-out-valkoinen-salama-411g\/\" \/>\n<meta property=\"og:locale\" content=\"fi_FI\" \/>\n<meta property=\"og:type\" content=\"article\" \/>\n<meta property=\"og:title\" content=\"Boars Night Out White Lightning 411g - BBQ \u00c4ssad%\" \/>\n<meta property=\"og:description\" content=\"Boars Night Out White Lightning mausteseos 411g. Ainesosat: suola, sokeri, mausteet, valkosipulijauhe. Valmistettu Yhdysvalloissa.\" \/>\n<meta property=\"og:url\" content=\"https:\/\/bbqassad.ee\/fi\/toode\/boars-night-out-valkoinen-salama-411g\/\" \/>\n<meta property=\"og:site_name\" content=\"BBQ \u00c4ssad\" \/>\n<meta property=\"article:publisher\" content=\"https:\/\/www.facebook.com\/bbqassad\" \/>\n<meta property=\"article:modified_time\" content=\"2026-04-14T06:34:34+00:00\" \/>\n<meta property=\"og:image\" content=\"https:\/\/bbqassad.ee\/wp-content\/uploads\/2026\/03\/Boars_Night_Out_White_Lightning_411g.png\" \/>\n<meta name=\"twitter:card\" content=\"summary_large_image\" \/>\n<meta name=\"twitter:title\" content=\"Boars Night Out White Lightning 411g - BBQ \u00c4ssad%\" \/>\n<meta name=\"twitter:description\" content=\"Boars Night Out White Lightning mausteseos 411g. Ainesosat: suola, sokeri, mausteet, valkosipulijauhe. Valmistettu Yhdysvalloissa.\" \/>\n<meta name=\"twitter:image\" content=\"https:\/\/bbqassad.ee\/wp-content\/uploads\/2026\/03\/Boars_Night_Out_White_Lightning_411g.png\" \/>\n<meta name=\"twitter:label1\" content=\"Arvioitu lukuaika\" \/>\n\t<meta name=\"twitter:data1\" content=\"1 minuutti\" \/>\n<script type=\"application\/ld+json\" class=\"yoast-schema-graph\">{\"@context\":\"https:\\\/\\\/schema.org\",\"@graph\":[{\"@type\":\"WebPage\",\"@id\":\"https:\\\/\\\/bbqassad.ee\\\/fi\\\/toode\\\/boars-night-out-valkoinen-salama-411g\\\/\",\"url\":\"https:\\\/\\\/bbqassad.ee\\\/fi\\\/toode\\\/boars-night-out-valkoinen-salama-411g\\\/\",\"name\":\"Boars Night Out White Lightning 411g - BBQ \u00c4ssad%\",\"isPartOf\":{\"@id\":\"https:\\\/\\\/bbqassad.ee\\\/fi\\\/#website\"},\"primaryImageOfPage\":{\"@id\":\"https:\\\/\\\/bbqassad.ee\\\/fi\\\/toode\\\/boars-night-out-valkoinen-salama-411g\\\/#primaryimage\"},\"image\":{\"@id\":\"https:\\\/\\\/bbqassad.ee\\\/fi\\\/toode\\\/boars-night-out-valkoinen-salama-411g\\\/#primaryimage\"},\"thumbnailUrl\":\"https:\\\/\\\/bbqassad.ee\\\/wp-content\\\/uploads\\\/2026\\\/03\\\/Boars_Night_Out_White_Lightning_411g.png\",\"datePublished\":\"2026-03-25T15:04:12+00:00\",\"dateModified\":\"2026-04-14T06:34:34+00:00\",\"description\":\"Boars Night Out White Lightning mausteseos 411g. Ainesosat: suola, sokeri, mausteet, valkosipulijauhe. Valmistettu Yhdysvalloissa.\",\"breadcrumb\":{\"@id\":\"https:\\\/\\\/bbqassad.ee\\\/fi\\\/toode\\\/boars-night-out-valkoinen-salama-411g\\\/#breadcrumb\"},\"inLanguage\":\"fi\",\"potentialAction\":[{\"@type\":\"ReadAction\",\"target\":[\"https:\\\/\\\/bbqassad.ee\\\/fi\\\/toode\\\/boars-night-out-valkoinen-salama-411g\\\/\"]}]},{\"@type\":\"ImageObject\",\"inLanguage\":\"fi\",\"@id\":\"https:\\\/\\\/bbqassad.ee\\\/fi\\\/toode\\\/boars-night-out-valkoinen-salama-411g\\\/#primaryimage\",\"url\":\"https:\\\/\\\/bbqassad.ee\\\/wp-content\\\/uploads\\\/2026\\\/03\\\/Boars_Night_Out_White_Lightning_411g.png\",\"contentUrl\":\"https:\\\/\\\/bbqassad.ee\\\/wp-content\\\/uploads\\\/2026\\\/03\\\/Boars_Night_Out_White_Lightning_411g.png\",\"width\":1280,\"height\":720},{\"@type\":\"BreadcrumbList\",\"@id\":\"https:\\\/\\\/bbqassad.ee\\\/fi\\\/toode\\\/boars-night-out-valkoinen-salama-411g\\\/#breadcrumb\",\"itemListElement\":[{\"@type\":\"ListItem\",\"position\":1,\"name\":\"Home\",\"item\":\"https:\\\/\\\/bbqassad.ee\\\/fi\\\/bbq-assat\\\/\"},{\"@type\":\"ListItem\",\"position\":2,\"name\":\"Verkkokauppa\",\"item\":\"https:\\\/\\\/bbqassad.ee\\\/fi\\\/verkkokauppa\\\/\"},{\"@type\":\"ListItem\",\"position\":3,\"name\":\"Boars Night Out White Lightning 411g\"}]},{\"@type\":\"WebSite\",\"@id\":\"https:\\\/\\\/bbqassad.ee\\\/fi\\\/#website\",\"url\":\"https:\\\/\\\/bbqassad.ee\\\/fi\\\/\",\"name\":\"BBQ \u00c4ssad\",\"description\":\"BBQ maitseained, kastmed, ahjud\",\"publisher\":{\"@id\":\"https:\\\/\\\/bbqassad.ee\\\/fi\\\/#organization\"},\"potentialAction\":[{\"@type\":\"SearchAction\",\"target\":{\"@type\":\"EntryPoint\",\"urlTemplate\":\"https:\\\/\\\/bbqassad.ee\\\/fi\\\/?s={search_term_string}\"},\"query-input\":{\"@type\":\"PropertyValueSpecification\",\"valueRequired\":true,\"valueName\":\"search_term_string\"}}],\"inLanguage\":\"fi\"},{\"@type\":\"Organization\",\"@id\":\"https:\\\/\\\/bbqassad.ee\\\/fi\\\/#organization\",\"name\":\"BBQ \u00c4ssad\",\"url\":\"https:\\\/\\\/bbqassad.ee\\\/fi\\\/\",\"logo\":{\"@type\":\"ImageObject\",\"inLanguage\":\"fi\",\"@id\":\"https:\\\/\\\/bbqassad.ee\\\/fi\\\/#\\\/schema\\\/logo\\\/image\\\/\",\"url\":\"https:\\\/\\\/bbqassad.ee\\\/wp-content\\\/uploads\\\/2022\\\/10\\\/BBQ-2ssadlogo.png\",\"contentUrl\":\"https:\\\/\\\/bbqassad.ee\\\/wp-content\\\/uploads\\\/2022\\\/10\\\/BBQ-2ssadlogo.png\",\"width\":1080,\"height\":1080,\"caption\":\"BBQ \u00c4ssad\"},\"image\":{\"@id\":\"https:\\\/\\\/bbqassad.ee\\\/fi\\\/#\\\/schema\\\/logo\\\/image\\\/\"},\"sameAs\":[\"https:\\\/\\\/www.facebook.com\\\/bbqassad\",\"https:\\\/\\\/www.youtube.com\\\/channel\\\/UCsoufn49J6TVi9Ah9meE93w\"]}]}<\/script>\n<!-- \/ Yoast SEO plugin. -->","yoast_head_json":{"title":"Boars Night Out White Lightning 411g - BBQ \u00c4ssad%","description":"Boars Night Out White Lightning mausteseos 411g. Ainesosat: suola, sokeri, mausteet, valkosipulijauhe. Valmistettu Yhdysvalloissa.","robots":{"index":"index","follow":"follow","max-snippet":"max-snippet:-1","max-image-preview":"max-image-preview:large","max-video-preview":"max-video-preview:-1"},"canonical":"https:\/\/bbqassad.ee\/fi\/toode\/boars-night-out-valkoinen-salama-411g\/","og_locale":"fi_FI","og_type":"article","og_title":"Boars Night Out White Lightning 411g - BBQ \u00c4ssad%","og_description":"Boars Night Out White Lightning mausteseos 411g. Ainesosat: suola, sokeri, mausteet, valkosipulijauhe. Valmistettu Yhdysvalloissa.","og_url":"https:\/\/bbqassad.ee\/fi\/toode\/boars-night-out-valkoinen-salama-411g\/","og_site_name":"BBQ \u00c4ssad","article_publisher":"https:\/\/www.facebook.com\/bbqassad","article_modified_time":"2026-04-14T06:34:34+00:00","og_image":[{"url":"https:\/\/bbqassad.ee\/wp-content\/uploads\/2026\/03\/Boars_Night_Out_White_Lightning_411g.png","type":"","width":"","height":""}],"twitter_card":"summary_large_image","twitter_title":"Boars Night Out White Lightning 411g - BBQ \u00c4ssad%","twitter_description":"Boars Night Out White Lightning mausteseos 411g. Ainesosat: suola, sokeri, mausteet, valkosipulijauhe. Valmistettu Yhdysvalloissa.","twitter_image":"https:\/\/bbqassad.ee\/wp-content\/uploads\/2026\/03\/Boars_Night_Out_White_Lightning_411g.png","twitter_misc":{"Arvioitu lukuaika":"1 minuutti"},"schema":{"@context":"https:\/\/schema.org","@graph":[{"@type":"WebPage","@id":"https:\/\/bbqassad.ee\/fi\/toode\/boars-night-out-valkoinen-salama-411g\/","url":"https:\/\/bbqassad.ee\/fi\/toode\/boars-night-out-valkoinen-salama-411g\/","name":"Boars Night Out White Lightning 411g - BBQ \u00c4ssad%","isPartOf":{"@id":"https:\/\/bbqassad.ee\/fi\/#website"},"primaryImageOfPage":{"@id":"https:\/\/bbqassad.ee\/fi\/toode\/boars-night-out-valkoinen-salama-411g\/#primaryimage"},"image":{"@id":"https:\/\/bbqassad.ee\/fi\/toode\/boars-night-out-valkoinen-salama-411g\/#primaryimage"},"thumbnailUrl":"https:\/\/bbqassad.ee\/wp-content\/uploads\/2026\/03\/Boars_Night_Out_White_Lightning_411g.png","datePublished":"2026-03-25T15:04:12+00:00","dateModified":"2026-04-14T06:34:34+00:00","description":"Boars Night Out White Lightning mausteseos 411g. Ainesosat: suola, sokeri, mausteet, valkosipulijauhe. Valmistettu Yhdysvalloissa.","breadcrumb":{"@id":"https:\/\/bbqassad.ee\/fi\/toode\/boars-night-out-valkoinen-salama-411g\/#breadcrumb"},"inLanguage":"fi","potentialAction":[{"@type":"ReadAction","target":["https:\/\/bbqassad.ee\/fi\/toode\/boars-night-out-valkoinen-salama-411g\/"]}]},{"@type":"ImageObject","inLanguage":"fi","@id":"https:\/\/bbqassad.ee\/fi\/toode\/boars-night-out-valkoinen-salama-411g\/#primaryimage","url":"https:\/\/bbqassad.ee\/wp-content\/uploads\/2026\/03\/Boars_Night_Out_White_Lightning_411g.png","contentUrl":"https:\/\/bbqassad.ee\/wp-content\/uploads\/2026\/03\/Boars_Night_Out_White_Lightning_411g.png","width":1280,"height":720},{"@type":"BreadcrumbList","@id":"https:\/\/bbqassad.ee\/fi\/toode\/boars-night-out-valkoinen-salama-411g\/#breadcrumb","itemListElement":[{"@type":"ListItem","position":1,"name":"Home","item":"https:\/\/bbqassad.ee\/fi\/bbq-assat\/"},{"@type":"ListItem","position":2,"name":"Verkkokauppa","item":"https:\/\/bbqassad.ee\/fi\/verkkokauppa\/"},{"@type":"ListItem","position":3,"name":"Boars Night Out White Lightning 411g"}]},{"@type":"WebSite","@id":"https:\/\/bbqassad.ee\/fi\/#website","url":"https:\/\/bbqassad.ee\/fi\/","name":"BBQ \u00c4ssad","description":"BBQ maitseained, kastmed, ahjud","publisher":{"@id":"https:\/\/bbqassad.ee\/fi\/#organization"},"potentialAction":[{"@type":"SearchAction","target":{"@type":"EntryPoint","urlTemplate":"https:\/\/bbqassad.ee\/fi\/?s={search_term_string}"},"query-input":{"@type":"PropertyValueSpecification","valueRequired":true,"valueName":"search_term_string"}}],"inLanguage":"fi"},{"@type":"Organization","@id":"https:\/\/bbqassad.ee\/fi\/#organization","name":"BBQ \u00c4ssad","url":"https:\/\/bbqassad.ee\/fi\/","logo":{"@type":"ImageObject","inLanguage":"fi","@id":"https:\/\/bbqassad.ee\/fi\/#\/schema\/logo\/image\/","url":"https:\/\/bbqassad.ee\/wp-content\/uploads\/2022\/10\/BBQ-2ssadlogo.png","contentUrl":"https:\/\/bbqassad.ee\/wp-content\/uploads\/2022\/10\/BBQ-2ssadlogo.png","width":1080,"height":1080,"caption":"BBQ \u00c4ssad"},"image":{"@id":"https:\/\/bbqassad.ee\/fi\/#\/schema\/logo\/image\/"},"sameAs":["https:\/\/www.facebook.com\/bbqassad","https:\/\/www.youtube.com\/channel\/UCsoufn49J6TVi9Ah9meE93w"]}]}},"_links":{"self":[{"href":"https:\/\/bbqassad.ee\/fi\/wp-json\/wp\/v2\/product\/23678","targetHints":{"allow":["GET"]}}],"collection":[{"href":"https:\/\/bbqassad.ee\/fi\/wp-json\/wp\/v2\/product"}],"about":[{"href":"https:\/\/bbqassad.ee\/fi\/wp-json\/wp\/v2\/types\/product"}],"replies":[{"embeddable":true,"href":"https:\/\/bbqassad.ee\/fi\/wp-json\/wp\/v2\/comments?post=23678"}],"wp:featuredmedia":[{"embeddable":true,"href":"https:\/\/bbqassad.ee\/fi\/wp-json\/wp\/v2\/media\/22266"}],"wp:attachment":[{"href":"https:\/\/bbqassad.ee\/fi\/wp-json\/wp\/v2\/media?parent=23678"}],"wp:term":[{"taxonomy":"product_brand","embeddable":true,"href":"https:\/\/bbqassad.ee\/fi\/wp-json\/wp\/v2\/product_brand?post=23678"},{"taxonomy":"product_cat","embeddable":true,"href":"https:\/\/bbqassad.ee\/fi\/wp-json\/wp\/v2\/product_cat?post=23678"},{"taxonomy":"product_tag","embeddable":true,"href":"https:\/\/bbqassad.ee\/fi\/wp-json\/wp\/v2\/product_tag?post=23678"}],"curies":[{"name":"wp","href":"https:\/\/api.w.org\/{rel}","templated":true}]}}