{"id":23677,"date":"2026-03-26T05:54:16","date_gmt":"2026-03-26T05:54:16","guid":{"rendered":"https:\/\/bbqassad.ee\/toode\/sucklebusters-chipotle-bbq-kastike-354ml\/"},"modified":"2026-04-14T06:34:34","modified_gmt":"2026-04-14T06:34:34","slug":"sucklebusters-chipotle-bbq-kastike-354ml","status":"publish","type":"product","link":"https:\/\/bbqassad.ee\/fi\/toode\/sucklebusters-chipotle-bbq-kastike-354ml\/","title":{"rendered":"SuckleBusters Chipotle BBQ -kastike 354ml"},"content":{"rendered":"<h2>SuckleBusters Chipotle BBQ-kastike 354ml<\/h2>\n<p>&nbsp;<\/p>\n<div>\n<p>Teksasin syd\u00e4mest\u00e4 kotoisin oleva <strong>SuckleBusters Chipotle BBQ -kastike<\/strong> on yksi niist\u00e4 tuotteista, joista ei tarvitse paljon puhua &#8211; sit\u00e4 on k\u00e4ytetty kilpailuissa ja kotigrilliss\u00e4 jo vuosia, ja hyv\u00e4st\u00e4 syyst\u00e4. SuckleBusters tunnetaan &#8221;yksinkertaisesta &#8211; rehellisest\u00e4 &#8211; hyvyydest\u00e4\u00e4n&#8221;, ja t\u00e4m\u00e4 kastike ilment\u00e4\u00e4 juuri sit\u00e4: <strong>t\u00e4ytel\u00e4inen, savuinen ja mukavan chipotle-potkun omaava<\/strong>. <\/p>\n<p>Chipotle antaa kastikkeelle syv\u00e4n savuisen maun ja liev\u00e4n, mutta tuntuvan tulisuuden, kun taas tomaattinen ja hieman makea pohjanoteeraus tasapainottaa sit\u00e4 t\u00e4ydellisesti. Kastike on tarpeeksi paksua tarttuakseen lihaan hienosti ja luodakseen kauniin kiillon aterian p\u00e4\u00e4tteeksi &#8211; juuri sit\u00e4, mit\u00e4 BBQ-mestari odottaa lihalta. <\/p>\n<h2><strong>BBQ Aces kommentti<\/strong><\/h2>\n<p>SuckleBusters Chipotle BBQ -kastike on niin k\u00e4yt\u00e4nn\u00f6llist\u00e4 ja monik\u00e4ytt\u00f6ist\u00e4, ett\u00e4 saat sen paketoitua joka grillijuhlassa. Chipotle antaa kastikkeelle <strong>rauhallisen, kotoisan savuisuuden<\/strong>, mutta ilman liikaa tulisuutta. Laita sit\u00e4 lihan p\u00e4\u00e4lle, laita sit\u00e4 kylkiluiden p\u00e4\u00e4lle, laita sit\u00e4 kanan p\u00e4\u00e4lle &#8211; kaikki vain toimii. T\u00e4m\u00e4 kastike on ollut kastikekaapissamme jo vuosia, ja suoraan sanottuna &#8211; jos joku kysyy suositusta texasilaisesta chipotlekastikkeesta, t\u00e4m\u00e4 pullo lent\u00e4\u00e4 ensimm\u00e4isen\u00e4 hyllyst\u00e4.   <\/p>\n<h2><strong>Ammattilaisen vinkki<\/strong><\/h2>\n<p>T\u00e4m\u00e4 kastike <strong>sopii erinomaisesti ribseille<\/strong>, varsinkin jos haluat kevyesti savuisen, hieman kirpe\u00e4n lopputuloksen, jossa on kaunis punainen kiilto.<br \/>\nLis\u00e4ksi sit\u00e4 voi hyvin sekoittaa muihin kastikkeisiin &#8211; haluatko mausteisempaa? Lis\u00e4\u00e4 suosikkikastikkeesi ja olet valmis. Haluatko makeampaa? Sekoita joukkoon hunajaa tai ruskeaa sokeria.<br \/>\nSuckleBusters chipotle base ottaa kaikki ylim\u00e4\u00e4r\u00e4iset maut hienosti vastaan ja antaa sinulle haluamasi BBQ-profiilin.   <\/p>\n<\/div>\n","protected":false},"excerpt":{"rendered":"<p>SuckleBuster Chipotle BBQ -kastike. Nettom\u00e4\u00e4r\u00e4 354ml <\/p>\n<p>Ainesosat sokeri, etikka, chipotle, vesi, tomaatit, sipuli, suola,<br \/>\nmelassi, SINAPPIjauho, SOIJU\u00f6ljy, mausteet ja ksantaanikumi.<br \/>\nRavintosis\u00e4lt\u00f6 100 g kohti: energia 214 kcal (897 kJ), rasva 0 g, josta tyydyttynytt\u00e4 rasvaa 0 g,<br \/>\n, hiilihydraatteja 54 g, josta sokereita 54 g,<br \/>\nproteiinia 0 g, suolaa 0 g.<br \/>\nParasta ennen: ks. pakkaus.<br \/>\nS\u00e4ilyt\u00e4 avaamisen j\u00e4lkeen j\u00e4\u00e4kaapissa. Parasta ennen: ks. pakkaus. S\u00e4ilyt\u00e4 avaamisen j\u00e4lkeen kylm\u00e4ss\u00e4.<\/p>\n<p>Tuotettu: USA<br \/>\nMaahantuoja: Resaco BV, Karrewiel 8, 6942 LK Didam.<br \/>\nJ\u00e4lleenmyyj\u00e4 Virossa: BBQ \u00c4ssad O\u00dc www.bbqassad.ee www.bbqassad.ee www.bbqassad.ee.<\/p>\n","protected":false},"featured_media":22274,"comment_status":"open","ping_status":"closed","template":"","meta":[],"product_brand":[],"product_cat":[788],"product_tag":[],"class_list":{"0":"post-23677","1":"product","2":"type-product","3":"status-publish","4":"has-post-thumbnail","6":"product_cat-kastit","8":"first","9":"instock","10":"taxable","11":"shipping-taxable","12":"purchasable","13":"product-type-simple"},"yoast_head":"<!-- This site is optimized with the Yoast SEO plugin v27.4 - https:\/\/yoast.com\/product\/yoast-seo-wordpress\/ -->\n<title>SuckleBusters Chipotle BBQ-kastike 354ml -% BBQ \u00c4ssad%<\/title>\n<meta name=\"description\" content=\"SuckleBusters Chipotle BBQ -kastike 354ml on herkullinen kastike, joka sis\u00e4lt\u00e4\u00e4 sokeria, etikkaa, chipotleja, tomaatteja ja mausteita. S\u00e4ilyt\u00e4 j\u00e4\u00e4kaapissa avaamisen j\u00e4lkeen.\" \/>\n<meta name=\"robots\" content=\"index, follow, max-snippet:-1, max-image-preview:large, max-video-preview:-1\" \/>\n<link rel=\"canonical\" href=\"https:\/\/bbqassad.ee\/fi\/toode\/sucklebusters-chipotle-bbq-kastike-354ml\/\" \/>\n<meta property=\"og:locale\" content=\"fi_FI\" \/>\n<meta property=\"og:type\" content=\"article\" \/>\n<meta property=\"og:title\" content=\"SuckleBusters Chipotle BBQ-kastike 354ml -% BBQ \u00c4ssad%\" \/>\n<meta property=\"og:description\" content=\"SuckleBusters Chipotle BBQ -kastike 354ml on herkullinen kastike, joka sis\u00e4lt\u00e4\u00e4 sokeria, etikkaa, chipotleja, tomaatteja ja mausteita. S\u00e4ilyt\u00e4 j\u00e4\u00e4kaapissa avaamisen j\u00e4lkeen.\" \/>\n<meta property=\"og:url\" content=\"https:\/\/bbqassad.ee\/fi\/toode\/sucklebusters-chipotle-bbq-kastike-354ml\/\" \/>\n<meta property=\"og:site_name\" content=\"BBQ \u00c4ssad\" \/>\n<meta property=\"article:publisher\" content=\"https:\/\/www.facebook.com\/bbqassad\" \/>\n<meta property=\"article:modified_time\" content=\"2026-04-14T06:34:34+00:00\" \/>\n<meta property=\"og:image\" content=\"https:\/\/bbqassad.ee\/wp-content\/uploads\/2026\/03\/SuckleBusters_Chipotle_BBQ_kaste_354ml.png\" \/>\n<meta name=\"twitter:card\" content=\"summary_large_image\" \/>\n<meta name=\"twitter:title\" content=\"SuckleBusters Chipotle BBQ-kastike 354ml -% BBQ \u00c4ssad%\" \/>\n<meta name=\"twitter:description\" content=\"SuckleBusters Chipotle BBQ -kastike 354ml on herkullinen kastike, joka sis\u00e4lt\u00e4\u00e4 sokeria, etikkaa, chipotleja, tomaatteja ja mausteita. S\u00e4ilyt\u00e4 j\u00e4\u00e4kaapissa avaamisen j\u00e4lkeen.\" \/>\n<meta name=\"twitter:image\" content=\"https:\/\/bbqassad.ee\/wp-content\/uploads\/2026\/03\/SuckleBusters_Chipotle_BBQ_kaste_354ml.png\" \/>\n<meta name=\"twitter:label1\" content=\"Arvioitu lukuaika\" \/>\n\t<meta name=\"twitter:data1\" content=\"1 minuutti\" \/>\n<script type=\"application\/ld+json\" class=\"yoast-schema-graph\">{\"@context\":\"https:\\\/\\\/schema.org\",\"@graph\":[{\"@type\":\"WebPage\",\"@id\":\"https:\\\/\\\/bbqassad.ee\\\/fi\\\/toode\\\/sucklebusters-chipotle-bbq-kastike-354ml\\\/\",\"url\":\"https:\\\/\\\/bbqassad.ee\\\/fi\\\/toode\\\/sucklebusters-chipotle-bbq-kastike-354ml\\\/\",\"name\":\"SuckleBusters Chipotle BBQ-kastike 354ml -% BBQ \u00c4ssad%\",\"isPartOf\":{\"@id\":\"https:\\\/\\\/bbqassad.ee\\\/fi\\\/#website\"},\"primaryImageOfPage\":{\"@id\":\"https:\\\/\\\/bbqassad.ee\\\/fi\\\/toode\\\/sucklebusters-chipotle-bbq-kastike-354ml\\\/#primaryimage\"},\"image\":{\"@id\":\"https:\\\/\\\/bbqassad.ee\\\/fi\\\/toode\\\/sucklebusters-chipotle-bbq-kastike-354ml\\\/#primaryimage\"},\"thumbnailUrl\":\"https:\\\/\\\/bbqassad.ee\\\/wp-content\\\/uploads\\\/2026\\\/03\\\/SuckleBusters_Chipotle_BBQ_kaste_354ml.png\",\"datePublished\":\"2026-03-26T05:54:16+00:00\",\"dateModified\":\"2026-04-14T06:34:34+00:00\",\"description\":\"SuckleBusters Chipotle BBQ -kastike 354ml on herkullinen kastike, joka sis\u00e4lt\u00e4\u00e4 sokeria, etikkaa, chipotleja, tomaatteja ja mausteita. S\u00e4ilyt\u00e4 j\u00e4\u00e4kaapissa avaamisen j\u00e4lkeen.\",\"breadcrumb\":{\"@id\":\"https:\\\/\\\/bbqassad.ee\\\/fi\\\/toode\\\/sucklebusters-chipotle-bbq-kastike-354ml\\\/#breadcrumb\"},\"inLanguage\":\"fi\",\"potentialAction\":[{\"@type\":\"ReadAction\",\"target\":[\"https:\\\/\\\/bbqassad.ee\\\/fi\\\/toode\\\/sucklebusters-chipotle-bbq-kastike-354ml\\\/\"]}]},{\"@type\":\"ImageObject\",\"inLanguage\":\"fi\",\"@id\":\"https:\\\/\\\/bbqassad.ee\\\/fi\\\/toode\\\/sucklebusters-chipotle-bbq-kastike-354ml\\\/#primaryimage\",\"url\":\"https:\\\/\\\/bbqassad.ee\\\/wp-content\\\/uploads\\\/2026\\\/03\\\/SuckleBusters_Chipotle_BBQ_kaste_354ml.png\",\"contentUrl\":\"https:\\\/\\\/bbqassad.ee\\\/wp-content\\\/uploads\\\/2026\\\/03\\\/SuckleBusters_Chipotle_BBQ_kaste_354ml.png\",\"width\":1280,\"height\":720},{\"@type\":\"BreadcrumbList\",\"@id\":\"https:\\\/\\\/bbqassad.ee\\\/fi\\\/toode\\\/sucklebusters-chipotle-bbq-kastike-354ml\\\/#breadcrumb\",\"itemListElement\":[{\"@type\":\"ListItem\",\"position\":1,\"name\":\"Home\",\"item\":\"https:\\\/\\\/bbqassad.ee\\\/fi\\\/bbq-assat\\\/\"},{\"@type\":\"ListItem\",\"position\":2,\"name\":\"Verkkokauppa\",\"item\":\"https:\\\/\\\/bbqassad.ee\\\/fi\\\/verkkokauppa\\\/\"},{\"@type\":\"ListItem\",\"position\":3,\"name\":\"SuckleBusters Chipotle BBQ -kastike 354ml\"}]},{\"@type\":\"WebSite\",\"@id\":\"https:\\\/\\\/bbqassad.ee\\\/fi\\\/#website\",\"url\":\"https:\\\/\\\/bbqassad.ee\\\/fi\\\/\",\"name\":\"BBQ \u00c4ssad\",\"description\":\"BBQ maitseained, kastmed, ahjud\",\"publisher\":{\"@id\":\"https:\\\/\\\/bbqassad.ee\\\/fi\\\/#organization\"},\"potentialAction\":[{\"@type\":\"SearchAction\",\"target\":{\"@type\":\"EntryPoint\",\"urlTemplate\":\"https:\\\/\\\/bbqassad.ee\\\/fi\\\/?s={search_term_string}\"},\"query-input\":{\"@type\":\"PropertyValueSpecification\",\"valueRequired\":true,\"valueName\":\"search_term_string\"}}],\"inLanguage\":\"fi\"},{\"@type\":\"Organization\",\"@id\":\"https:\\\/\\\/bbqassad.ee\\\/fi\\\/#organization\",\"name\":\"BBQ \u00c4ssad\",\"url\":\"https:\\\/\\\/bbqassad.ee\\\/fi\\\/\",\"logo\":{\"@type\":\"ImageObject\",\"inLanguage\":\"fi\",\"@id\":\"https:\\\/\\\/bbqassad.ee\\\/fi\\\/#\\\/schema\\\/logo\\\/image\\\/\",\"url\":\"https:\\\/\\\/bbqassad.ee\\\/wp-content\\\/uploads\\\/2022\\\/10\\\/BBQ-2ssadlogo.png\",\"contentUrl\":\"https:\\\/\\\/bbqassad.ee\\\/wp-content\\\/uploads\\\/2022\\\/10\\\/BBQ-2ssadlogo.png\",\"width\":1080,\"height\":1080,\"caption\":\"BBQ \u00c4ssad\"},\"image\":{\"@id\":\"https:\\\/\\\/bbqassad.ee\\\/fi\\\/#\\\/schema\\\/logo\\\/image\\\/\"},\"sameAs\":[\"https:\\\/\\\/www.facebook.com\\\/bbqassad\",\"https:\\\/\\\/www.youtube.com\\\/channel\\\/UCsoufn49J6TVi9Ah9meE93w\"]}]}<\/script>\n<!-- \/ Yoast SEO plugin. -->","yoast_head_json":{"title":"SuckleBusters Chipotle BBQ-kastike 354ml -% BBQ \u00c4ssad%","description":"SuckleBusters Chipotle BBQ -kastike 354ml on herkullinen kastike, joka sis\u00e4lt\u00e4\u00e4 sokeria, etikkaa, chipotleja, tomaatteja ja mausteita. S\u00e4ilyt\u00e4 j\u00e4\u00e4kaapissa avaamisen j\u00e4lkeen.","robots":{"index":"index","follow":"follow","max-snippet":"max-snippet:-1","max-image-preview":"max-image-preview:large","max-video-preview":"max-video-preview:-1"},"canonical":"https:\/\/bbqassad.ee\/fi\/toode\/sucklebusters-chipotle-bbq-kastike-354ml\/","og_locale":"fi_FI","og_type":"article","og_title":"SuckleBusters Chipotle BBQ-kastike 354ml -% BBQ \u00c4ssad%","og_description":"SuckleBusters Chipotle BBQ -kastike 354ml on herkullinen kastike, joka sis\u00e4lt\u00e4\u00e4 sokeria, etikkaa, chipotleja, tomaatteja ja mausteita. S\u00e4ilyt\u00e4 j\u00e4\u00e4kaapissa avaamisen j\u00e4lkeen.","og_url":"https:\/\/bbqassad.ee\/fi\/toode\/sucklebusters-chipotle-bbq-kastike-354ml\/","og_site_name":"BBQ \u00c4ssad","article_publisher":"https:\/\/www.facebook.com\/bbqassad","article_modified_time":"2026-04-14T06:34:34+00:00","og_image":[{"url":"https:\/\/bbqassad.ee\/wp-content\/uploads\/2026\/03\/SuckleBusters_Chipotle_BBQ_kaste_354ml.png","type":"","width":"","height":""}],"twitter_card":"summary_large_image","twitter_title":"SuckleBusters Chipotle BBQ-kastike 354ml -% BBQ \u00c4ssad%","twitter_description":"SuckleBusters Chipotle BBQ -kastike 354ml on herkullinen kastike, joka sis\u00e4lt\u00e4\u00e4 sokeria, etikkaa, chipotleja, tomaatteja ja mausteita. S\u00e4ilyt\u00e4 j\u00e4\u00e4kaapissa avaamisen j\u00e4lkeen.","twitter_image":"https:\/\/bbqassad.ee\/wp-content\/uploads\/2026\/03\/SuckleBusters_Chipotle_BBQ_kaste_354ml.png","twitter_misc":{"Arvioitu lukuaika":"1 minuutti"},"schema":{"@context":"https:\/\/schema.org","@graph":[{"@type":"WebPage","@id":"https:\/\/bbqassad.ee\/fi\/toode\/sucklebusters-chipotle-bbq-kastike-354ml\/","url":"https:\/\/bbqassad.ee\/fi\/toode\/sucklebusters-chipotle-bbq-kastike-354ml\/","name":"SuckleBusters Chipotle BBQ-kastike 354ml -% BBQ \u00c4ssad%","isPartOf":{"@id":"https:\/\/bbqassad.ee\/fi\/#website"},"primaryImageOfPage":{"@id":"https:\/\/bbqassad.ee\/fi\/toode\/sucklebusters-chipotle-bbq-kastike-354ml\/#primaryimage"},"image":{"@id":"https:\/\/bbqassad.ee\/fi\/toode\/sucklebusters-chipotle-bbq-kastike-354ml\/#primaryimage"},"thumbnailUrl":"https:\/\/bbqassad.ee\/wp-content\/uploads\/2026\/03\/SuckleBusters_Chipotle_BBQ_kaste_354ml.png","datePublished":"2026-03-26T05:54:16+00:00","dateModified":"2026-04-14T06:34:34+00:00","description":"SuckleBusters Chipotle BBQ -kastike 354ml on herkullinen kastike, joka sis\u00e4lt\u00e4\u00e4 sokeria, etikkaa, chipotleja, tomaatteja ja mausteita. S\u00e4ilyt\u00e4 j\u00e4\u00e4kaapissa avaamisen j\u00e4lkeen.","breadcrumb":{"@id":"https:\/\/bbqassad.ee\/fi\/toode\/sucklebusters-chipotle-bbq-kastike-354ml\/#breadcrumb"},"inLanguage":"fi","potentialAction":[{"@type":"ReadAction","target":["https:\/\/bbqassad.ee\/fi\/toode\/sucklebusters-chipotle-bbq-kastike-354ml\/"]}]},{"@type":"ImageObject","inLanguage":"fi","@id":"https:\/\/bbqassad.ee\/fi\/toode\/sucklebusters-chipotle-bbq-kastike-354ml\/#primaryimage","url":"https:\/\/bbqassad.ee\/wp-content\/uploads\/2026\/03\/SuckleBusters_Chipotle_BBQ_kaste_354ml.png","contentUrl":"https:\/\/bbqassad.ee\/wp-content\/uploads\/2026\/03\/SuckleBusters_Chipotle_BBQ_kaste_354ml.png","width":1280,"height":720},{"@type":"BreadcrumbList","@id":"https:\/\/bbqassad.ee\/fi\/toode\/sucklebusters-chipotle-bbq-kastike-354ml\/#breadcrumb","itemListElement":[{"@type":"ListItem","position":1,"name":"Home","item":"https:\/\/bbqassad.ee\/fi\/bbq-assat\/"},{"@type":"ListItem","position":2,"name":"Verkkokauppa","item":"https:\/\/bbqassad.ee\/fi\/verkkokauppa\/"},{"@type":"ListItem","position":3,"name":"SuckleBusters Chipotle BBQ -kastike 354ml"}]},{"@type":"WebSite","@id":"https:\/\/bbqassad.ee\/fi\/#website","url":"https:\/\/bbqassad.ee\/fi\/","name":"BBQ \u00c4ssad","description":"BBQ maitseained, kastmed, ahjud","publisher":{"@id":"https:\/\/bbqassad.ee\/fi\/#organization"},"potentialAction":[{"@type":"SearchAction","target":{"@type":"EntryPoint","urlTemplate":"https:\/\/bbqassad.ee\/fi\/?s={search_term_string}"},"query-input":{"@type":"PropertyValueSpecification","valueRequired":true,"valueName":"search_term_string"}}],"inLanguage":"fi"},{"@type":"Organization","@id":"https:\/\/bbqassad.ee\/fi\/#organization","name":"BBQ \u00c4ssad","url":"https:\/\/bbqassad.ee\/fi\/","logo":{"@type":"ImageObject","inLanguage":"fi","@id":"https:\/\/bbqassad.ee\/fi\/#\/schema\/logo\/image\/","url":"https:\/\/bbqassad.ee\/wp-content\/uploads\/2022\/10\/BBQ-2ssadlogo.png","contentUrl":"https:\/\/bbqassad.ee\/wp-content\/uploads\/2022\/10\/BBQ-2ssadlogo.png","width":1080,"height":1080,"caption":"BBQ \u00c4ssad"},"image":{"@id":"https:\/\/bbqassad.ee\/fi\/#\/schema\/logo\/image\/"},"sameAs":["https:\/\/www.facebook.com\/bbqassad","https:\/\/www.youtube.com\/channel\/UCsoufn49J6TVi9Ah9meE93w"]}]}},"_links":{"self":[{"href":"https:\/\/bbqassad.ee\/fi\/wp-json\/wp\/v2\/product\/23677","targetHints":{"allow":["GET"]}}],"collection":[{"href":"https:\/\/bbqassad.ee\/fi\/wp-json\/wp\/v2\/product"}],"about":[{"href":"https:\/\/bbqassad.ee\/fi\/wp-json\/wp\/v2\/types\/product"}],"replies":[{"embeddable":true,"href":"https:\/\/bbqassad.ee\/fi\/wp-json\/wp\/v2\/comments?post=23677"}],"wp:featuredmedia":[{"embeddable":true,"href":"https:\/\/bbqassad.ee\/fi\/wp-json\/wp\/v2\/media\/22274"}],"wp:attachment":[{"href":"https:\/\/bbqassad.ee\/fi\/wp-json\/wp\/v2\/media?parent=23677"}],"wp:term":[{"taxonomy":"product_brand","embeddable":true,"href":"https:\/\/bbqassad.ee\/fi\/wp-json\/wp\/v2\/product_brand?post=23677"},{"taxonomy":"product_cat","embeddable":true,"href":"https:\/\/bbqassad.ee\/fi\/wp-json\/wp\/v2\/product_cat?post=23677"},{"taxonomy":"product_tag","embeddable":true,"href":"https:\/\/bbqassad.ee\/fi\/wp-json\/wp\/v2\/product_tag?post=23677"}],"curies":[{"name":"wp","href":"https:\/\/api.w.org\/{rel}","templated":true}]}}