{"id":23676,"date":"2026-03-26T06:09:22","date_gmt":"2026-03-26T06:09:22","guid":{"rendered":"https:\/\/bbqassad.ee\/toode\/sucklebusters-1836-beef-rub-340g-2\/"},"modified":"2026-04-14T06:34:33","modified_gmt":"2026-04-14T06:34:33","slug":"sucklebusters-1836-beef-rub-340g-2","status":"publish","type":"product","link":"https:\/\/bbqassad.ee\/fi\/toode\/sucklebusters-1836-beef-rub-340g-2\/","title":{"rendered":"SuckleBusters 1836 Beef Rub 340g"},"content":{"rendered":"<h2>SuckleBusters 1836 Beef Rub 340g<\/h2>\n<p><strong style=\"font-size: 14.4px;\">SuckleBusters 1836 naudanlihakumi<\/strong><span style=\"font-size: 14.4px;\">  on puhdasta teksasilaisen tyylin kultaa &#8211; suunniteltu erityisesti naudanlihalle, ja se on osoittautunut hyv\u00e4ksi niin kilpailuareenalla kuin kotigrillaajien keskuudessa. Nimi &#8221;1836&#8221; viittaa Teksasin itsen\u00e4isyyden vuoteen, ja t\u00e4m\u00e4n rubin makuprofiili on yht\u00e4 itsen\u00e4inen, rehellinen ja voimakas. Se on sekoitettu minimaalisilla ainesosilla, mutta t\u00e4ydellisen tasapainoisesti &#8211; juuri niin kuin lihaa maustetaan Teksasissa.  <\/span><\/p>\n<div>\n<p>T\u00e4m\u00e4 rub on <strong>teksasilainen klassikko, jonka taustalla on mustapippuria, suolaa, valkosipulia, paprikaa ja yrttej\u00e4<\/strong>, joiden tarkoituksena ei ole lihan ylikorostaminen vaan sen luonnollisten makujen maksimointi. Tuloksena on kaunis tumma &#8221;kuori&#8221;, mehukas sisus ja aito BBQ-luonne. <\/p>\n<p><strong>BBQ Aces kommentti<\/strong><\/p>\n<p><strong>1836 Beef Rub<\/strong> on yleinen <em>naudanlihalle.<\/em> Se on rub, joka ei vaadi sinua kantamaan mukanasi kymmeni\u00e4 mausteita &#8211; kaikki tarvittava on jo yhdess\u00e4 purkissa. Yksinkertainen, puhdas ja tehokas. Hyllyss\u00e4mme t\u00e4m\u00e4 rub on vuosien varrella ollut t\u00e4ydellinen ty\u00f6juhta: brisket, naudan kylkiluut, kylkipihvi, tri-tip, tomahawk &#8211; kaikki saavat upean maun 1836:n avulla. T\u00e4m\u00e4 rub antaa lihalle <strong>eritt\u00e4in kauniin tummanruskean kuoren<\/strong>, juuri sellaisen, jota voit odottaa texasilaiselta BBQ:lta.    <\/p>\n<h2><strong>Ammattilaisen vinkki<\/strong><\/h2>\n<p>1836 on <strong>yksi parhaista brisket rubeista<\/strong>, joita voit l\u00f6yt\u00e4\u00e4.<\/p>\n<\/div>\n","protected":false},"excerpt":{"rendered":"<p>SuckleBusters 1836 Beef Rub. Netto 340g <\/p>\n<p>Ainesosat: merisuola, mustapippuri, valkosipuli, sipuli, paprika,<br \/>\nmausteet.<br \/>\nRavintosis\u00e4lt\u00f6 100 g:ssa: energia 147 kcal (615 kJ), rasva 0 g, josta tyydyttyneit\u00e4 rasvahappoja 0 g, hiilihydraatteja 29 g, josta sokereita 0 g, proteiineja 0 g, suolaa 40,4 g.<br \/>\nS\u00e4ilyvyys: ks. pakkaus.<\/p>\n<p>Tuotettu Yhdysvalloissa<br \/>\nMaahantuoja: Resaco BV, Karrewiel 8, 6942 LK Didam.<br \/>\nJ\u00e4lleenmyyj\u00e4 Virossa: BBQ \u00c4ssad O\u00dc www.bbqassad.ee www.bbqassad.ee.<\/p>\n","protected":false},"featured_media":22280,"comment_status":"open","ping_status":"closed","template":"","meta":[],"product_brand":[],"product_cat":[802],"product_tag":[],"class_list":{"0":"post-23676","1":"product","2":"type-product","3":"status-publish","4":"has-post-thumbnail","6":"product_cat-sekoitukset","8":"first","9":"instock","10":"taxable","11":"shipping-taxable","12":"purchasable","13":"product-type-simple"},"yoast_head":"<!-- This site is optimized with the Yoast SEO plugin v27.4 - https:\/\/yoast.com\/product\/yoast-seo-wordpress\/ -->\n<title>SuckleBusters 1836 Beef Rub 340g -% BBQ \u00c4ssad%<\/title>\n<meta name=\"description\" content=\"SuckleBusters 1836 Beef Rub 340g sis\u00e4lt\u00e4\u00e4 merisuolaa, mustapippuria, valkosipulia, sipulia ja paprikaa. Ihanteellinen mauste liharuokien maustamiseen.\" \/>\n<meta name=\"robots\" content=\"index, follow, max-snippet:-1, max-image-preview:large, max-video-preview:-1\" \/>\n<link rel=\"canonical\" href=\"https:\/\/bbqassad.ee\/fi\/toode\/sucklebusters-1836-beef-rub-340g-2\/\" \/>\n<meta property=\"og:locale\" content=\"fi_FI\" \/>\n<meta property=\"og:type\" content=\"article\" \/>\n<meta property=\"og:title\" content=\"SuckleBusters 1836 Beef Rub 340g -% BBQ \u00c4ssad%\" \/>\n<meta property=\"og:description\" content=\"SuckleBusters 1836 Beef Rub 340g sis\u00e4lt\u00e4\u00e4 merisuolaa, mustapippuria, valkosipulia, sipulia ja paprikaa. Ihanteellinen mauste liharuokien maustamiseen.\" \/>\n<meta property=\"og:url\" content=\"https:\/\/bbqassad.ee\/fi\/toode\/sucklebusters-1836-beef-rub-340g-2\/\" \/>\n<meta property=\"og:site_name\" content=\"BBQ \u00c4ssad\" \/>\n<meta property=\"article:publisher\" content=\"https:\/\/www.facebook.com\/bbqassad\" \/>\n<meta property=\"article:modified_time\" content=\"2026-04-14T06:34:33+00:00\" \/>\n<meta property=\"og:image\" content=\"https:\/\/bbqassad.ee\/wp-content\/uploads\/2026\/03\/SuckleBusters_1836_Beef_Rub_340g.png\" \/>\n<meta name=\"twitter:card\" content=\"summary_large_image\" \/>\n<meta name=\"twitter:title\" content=\"SuckleBusters 1836 Beef Rub 340g -% BBQ \u00c4ssad%\" \/>\n<meta name=\"twitter:description\" content=\"SuckleBusters 1836 Beef Rub 340g sis\u00e4lt\u00e4\u00e4 merisuolaa, mustapippuria, valkosipulia, sipulia ja paprikaa. Ihanteellinen mauste liharuokien maustamiseen.\" \/>\n<meta name=\"twitter:image\" content=\"https:\/\/bbqassad.ee\/wp-content\/uploads\/2026\/03\/SuckleBusters_1836_Beef_Rub_340g.png\" \/>\n<meta name=\"twitter:label1\" content=\"Arvioitu lukuaika\" \/>\n\t<meta name=\"twitter:data1\" content=\"1 minuutti\" \/>\n<script type=\"application\/ld+json\" class=\"yoast-schema-graph\">{\"@context\":\"https:\\\/\\\/schema.org\",\"@graph\":[{\"@type\":\"WebPage\",\"@id\":\"https:\\\/\\\/bbqassad.ee\\\/fi\\\/toode\\\/sucklebusters-1836-beef-rub-340g-2\\\/\",\"url\":\"https:\\\/\\\/bbqassad.ee\\\/fi\\\/toode\\\/sucklebusters-1836-beef-rub-340g-2\\\/\",\"name\":\"SuckleBusters 1836 Beef Rub 340g -% BBQ \u00c4ssad%\",\"isPartOf\":{\"@id\":\"https:\\\/\\\/bbqassad.ee\\\/fi\\\/#website\"},\"primaryImageOfPage\":{\"@id\":\"https:\\\/\\\/bbqassad.ee\\\/fi\\\/toode\\\/sucklebusters-1836-beef-rub-340g-2\\\/#primaryimage\"},\"image\":{\"@id\":\"https:\\\/\\\/bbqassad.ee\\\/fi\\\/toode\\\/sucklebusters-1836-beef-rub-340g-2\\\/#primaryimage\"},\"thumbnailUrl\":\"https:\\\/\\\/bbqassad.ee\\\/wp-content\\\/uploads\\\/2026\\\/03\\\/SuckleBusters_1836_Beef_Rub_340g.png\",\"datePublished\":\"2026-03-26T06:09:22+00:00\",\"dateModified\":\"2026-04-14T06:34:33+00:00\",\"description\":\"SuckleBusters 1836 Beef Rub 340g sis\u00e4lt\u00e4\u00e4 merisuolaa, mustapippuria, valkosipulia, sipulia ja paprikaa. Ihanteellinen mauste liharuokien maustamiseen.\",\"breadcrumb\":{\"@id\":\"https:\\\/\\\/bbqassad.ee\\\/fi\\\/toode\\\/sucklebusters-1836-beef-rub-340g-2\\\/#breadcrumb\"},\"inLanguage\":\"fi\",\"potentialAction\":[{\"@type\":\"ReadAction\",\"target\":[\"https:\\\/\\\/bbqassad.ee\\\/fi\\\/toode\\\/sucklebusters-1836-beef-rub-340g-2\\\/\"]}]},{\"@type\":\"ImageObject\",\"inLanguage\":\"fi\",\"@id\":\"https:\\\/\\\/bbqassad.ee\\\/fi\\\/toode\\\/sucklebusters-1836-beef-rub-340g-2\\\/#primaryimage\",\"url\":\"https:\\\/\\\/bbqassad.ee\\\/wp-content\\\/uploads\\\/2026\\\/03\\\/SuckleBusters_1836_Beef_Rub_340g.png\",\"contentUrl\":\"https:\\\/\\\/bbqassad.ee\\\/wp-content\\\/uploads\\\/2026\\\/03\\\/SuckleBusters_1836_Beef_Rub_340g.png\",\"width\":1280,\"height\":720},{\"@type\":\"BreadcrumbList\",\"@id\":\"https:\\\/\\\/bbqassad.ee\\\/fi\\\/toode\\\/sucklebusters-1836-beef-rub-340g-2\\\/#breadcrumb\",\"itemListElement\":[{\"@type\":\"ListItem\",\"position\":1,\"name\":\"Home\",\"item\":\"https:\\\/\\\/bbqassad.ee\\\/fi\\\/bbq-assat\\\/\"},{\"@type\":\"ListItem\",\"position\":2,\"name\":\"Verkkokauppa\",\"item\":\"https:\\\/\\\/bbqassad.ee\\\/fi\\\/verkkokauppa\\\/\"},{\"@type\":\"ListItem\",\"position\":3,\"name\":\"SuckleBusters 1836 Beef Rub 340g\"}]},{\"@type\":\"WebSite\",\"@id\":\"https:\\\/\\\/bbqassad.ee\\\/fi\\\/#website\",\"url\":\"https:\\\/\\\/bbqassad.ee\\\/fi\\\/\",\"name\":\"BBQ \u00c4ssad\",\"description\":\"BBQ maitseained, kastmed, ahjud\",\"publisher\":{\"@id\":\"https:\\\/\\\/bbqassad.ee\\\/fi\\\/#organization\"},\"potentialAction\":[{\"@type\":\"SearchAction\",\"target\":{\"@type\":\"EntryPoint\",\"urlTemplate\":\"https:\\\/\\\/bbqassad.ee\\\/fi\\\/?s={search_term_string}\"},\"query-input\":{\"@type\":\"PropertyValueSpecification\",\"valueRequired\":true,\"valueName\":\"search_term_string\"}}],\"inLanguage\":\"fi\"},{\"@type\":\"Organization\",\"@id\":\"https:\\\/\\\/bbqassad.ee\\\/fi\\\/#organization\",\"name\":\"BBQ \u00c4ssad\",\"url\":\"https:\\\/\\\/bbqassad.ee\\\/fi\\\/\",\"logo\":{\"@type\":\"ImageObject\",\"inLanguage\":\"fi\",\"@id\":\"https:\\\/\\\/bbqassad.ee\\\/fi\\\/#\\\/schema\\\/logo\\\/image\\\/\",\"url\":\"https:\\\/\\\/bbqassad.ee\\\/wp-content\\\/uploads\\\/2022\\\/10\\\/BBQ-2ssadlogo.png\",\"contentUrl\":\"https:\\\/\\\/bbqassad.ee\\\/wp-content\\\/uploads\\\/2022\\\/10\\\/BBQ-2ssadlogo.png\",\"width\":1080,\"height\":1080,\"caption\":\"BBQ \u00c4ssad\"},\"image\":{\"@id\":\"https:\\\/\\\/bbqassad.ee\\\/fi\\\/#\\\/schema\\\/logo\\\/image\\\/\"},\"sameAs\":[\"https:\\\/\\\/www.facebook.com\\\/bbqassad\",\"https:\\\/\\\/www.youtube.com\\\/channel\\\/UCsoufn49J6TVi9Ah9meE93w\"]}]}<\/script>\n<!-- \/ Yoast SEO plugin. -->","yoast_head_json":{"title":"SuckleBusters 1836 Beef Rub 340g -% BBQ \u00c4ssad%","description":"SuckleBusters 1836 Beef Rub 340g sis\u00e4lt\u00e4\u00e4 merisuolaa, mustapippuria, valkosipulia, sipulia ja paprikaa. Ihanteellinen mauste liharuokien maustamiseen.","robots":{"index":"index","follow":"follow","max-snippet":"max-snippet:-1","max-image-preview":"max-image-preview:large","max-video-preview":"max-video-preview:-1"},"canonical":"https:\/\/bbqassad.ee\/fi\/toode\/sucklebusters-1836-beef-rub-340g-2\/","og_locale":"fi_FI","og_type":"article","og_title":"SuckleBusters 1836 Beef Rub 340g -% BBQ \u00c4ssad%","og_description":"SuckleBusters 1836 Beef Rub 340g sis\u00e4lt\u00e4\u00e4 merisuolaa, mustapippuria, valkosipulia, sipulia ja paprikaa. Ihanteellinen mauste liharuokien maustamiseen.","og_url":"https:\/\/bbqassad.ee\/fi\/toode\/sucklebusters-1836-beef-rub-340g-2\/","og_site_name":"BBQ \u00c4ssad","article_publisher":"https:\/\/www.facebook.com\/bbqassad","article_modified_time":"2026-04-14T06:34:33+00:00","og_image":[{"url":"https:\/\/bbqassad.ee\/wp-content\/uploads\/2026\/03\/SuckleBusters_1836_Beef_Rub_340g.png","type":"","width":"","height":""}],"twitter_card":"summary_large_image","twitter_title":"SuckleBusters 1836 Beef Rub 340g -% BBQ \u00c4ssad%","twitter_description":"SuckleBusters 1836 Beef Rub 340g sis\u00e4lt\u00e4\u00e4 merisuolaa, mustapippuria, valkosipulia, sipulia ja paprikaa. Ihanteellinen mauste liharuokien maustamiseen.","twitter_image":"https:\/\/bbqassad.ee\/wp-content\/uploads\/2026\/03\/SuckleBusters_1836_Beef_Rub_340g.png","twitter_misc":{"Arvioitu lukuaika":"1 minuutti"},"schema":{"@context":"https:\/\/schema.org","@graph":[{"@type":"WebPage","@id":"https:\/\/bbqassad.ee\/fi\/toode\/sucklebusters-1836-beef-rub-340g-2\/","url":"https:\/\/bbqassad.ee\/fi\/toode\/sucklebusters-1836-beef-rub-340g-2\/","name":"SuckleBusters 1836 Beef Rub 340g -% BBQ \u00c4ssad%","isPartOf":{"@id":"https:\/\/bbqassad.ee\/fi\/#website"},"primaryImageOfPage":{"@id":"https:\/\/bbqassad.ee\/fi\/toode\/sucklebusters-1836-beef-rub-340g-2\/#primaryimage"},"image":{"@id":"https:\/\/bbqassad.ee\/fi\/toode\/sucklebusters-1836-beef-rub-340g-2\/#primaryimage"},"thumbnailUrl":"https:\/\/bbqassad.ee\/wp-content\/uploads\/2026\/03\/SuckleBusters_1836_Beef_Rub_340g.png","datePublished":"2026-03-26T06:09:22+00:00","dateModified":"2026-04-14T06:34:33+00:00","description":"SuckleBusters 1836 Beef Rub 340g sis\u00e4lt\u00e4\u00e4 merisuolaa, mustapippuria, valkosipulia, sipulia ja paprikaa. Ihanteellinen mauste liharuokien maustamiseen.","breadcrumb":{"@id":"https:\/\/bbqassad.ee\/fi\/toode\/sucklebusters-1836-beef-rub-340g-2\/#breadcrumb"},"inLanguage":"fi","potentialAction":[{"@type":"ReadAction","target":["https:\/\/bbqassad.ee\/fi\/toode\/sucklebusters-1836-beef-rub-340g-2\/"]}]},{"@type":"ImageObject","inLanguage":"fi","@id":"https:\/\/bbqassad.ee\/fi\/toode\/sucklebusters-1836-beef-rub-340g-2\/#primaryimage","url":"https:\/\/bbqassad.ee\/wp-content\/uploads\/2026\/03\/SuckleBusters_1836_Beef_Rub_340g.png","contentUrl":"https:\/\/bbqassad.ee\/wp-content\/uploads\/2026\/03\/SuckleBusters_1836_Beef_Rub_340g.png","width":1280,"height":720},{"@type":"BreadcrumbList","@id":"https:\/\/bbqassad.ee\/fi\/toode\/sucklebusters-1836-beef-rub-340g-2\/#breadcrumb","itemListElement":[{"@type":"ListItem","position":1,"name":"Home","item":"https:\/\/bbqassad.ee\/fi\/bbq-assat\/"},{"@type":"ListItem","position":2,"name":"Verkkokauppa","item":"https:\/\/bbqassad.ee\/fi\/verkkokauppa\/"},{"@type":"ListItem","position":3,"name":"SuckleBusters 1836 Beef Rub 340g"}]},{"@type":"WebSite","@id":"https:\/\/bbqassad.ee\/fi\/#website","url":"https:\/\/bbqassad.ee\/fi\/","name":"BBQ \u00c4ssad","description":"BBQ maitseained, kastmed, ahjud","publisher":{"@id":"https:\/\/bbqassad.ee\/fi\/#organization"},"potentialAction":[{"@type":"SearchAction","target":{"@type":"EntryPoint","urlTemplate":"https:\/\/bbqassad.ee\/fi\/?s={search_term_string}"},"query-input":{"@type":"PropertyValueSpecification","valueRequired":true,"valueName":"search_term_string"}}],"inLanguage":"fi"},{"@type":"Organization","@id":"https:\/\/bbqassad.ee\/fi\/#organization","name":"BBQ \u00c4ssad","url":"https:\/\/bbqassad.ee\/fi\/","logo":{"@type":"ImageObject","inLanguage":"fi","@id":"https:\/\/bbqassad.ee\/fi\/#\/schema\/logo\/image\/","url":"https:\/\/bbqassad.ee\/wp-content\/uploads\/2022\/10\/BBQ-2ssadlogo.png","contentUrl":"https:\/\/bbqassad.ee\/wp-content\/uploads\/2022\/10\/BBQ-2ssadlogo.png","width":1080,"height":1080,"caption":"BBQ \u00c4ssad"},"image":{"@id":"https:\/\/bbqassad.ee\/fi\/#\/schema\/logo\/image\/"},"sameAs":["https:\/\/www.facebook.com\/bbqassad","https:\/\/www.youtube.com\/channel\/UCsoufn49J6TVi9Ah9meE93w"]}]}},"_links":{"self":[{"href":"https:\/\/bbqassad.ee\/fi\/wp-json\/wp\/v2\/product\/23676","targetHints":{"allow":["GET"]}}],"collection":[{"href":"https:\/\/bbqassad.ee\/fi\/wp-json\/wp\/v2\/product"}],"about":[{"href":"https:\/\/bbqassad.ee\/fi\/wp-json\/wp\/v2\/types\/product"}],"replies":[{"embeddable":true,"href":"https:\/\/bbqassad.ee\/fi\/wp-json\/wp\/v2\/comments?post=23676"}],"wp:featuredmedia":[{"embeddable":true,"href":"https:\/\/bbqassad.ee\/fi\/wp-json\/wp\/v2\/media\/22280"}],"wp:attachment":[{"href":"https:\/\/bbqassad.ee\/fi\/wp-json\/wp\/v2\/media?parent=23676"}],"wp:term":[{"taxonomy":"product_brand","embeddable":true,"href":"https:\/\/bbqassad.ee\/fi\/wp-json\/wp\/v2\/product_brand?post=23676"},{"taxonomy":"product_cat","embeddable":true,"href":"https:\/\/bbqassad.ee\/fi\/wp-json\/wp\/v2\/product_cat?post=23676"},{"taxonomy":"product_tag","embeddable":true,"href":"https:\/\/bbqassad.ee\/fi\/wp-json\/wp\/v2\/product_tag?post=23676"}],"curies":[{"name":"wp","href":"https:\/\/api.w.org\/{rel}","templated":true}]}}