{"id":23675,"date":"2026-03-26T06:17:11","date_gmt":"2026-03-26T06:17:11","guid":{"rendered":"https:\/\/bbqassad.ee\/toode\/sucklebusters-bamm-habanero-bbq-rub-404g-2\/"},"modified":"2026-04-14T06:34:33","modified_gmt":"2026-04-14T06:34:33","slug":"sucklebusters-bamm-habanero-bbq-rub-404g-2","status":"publish","type":"product","link":"https:\/\/bbqassad.ee\/fi\/toode\/sucklebusters-bamm-habanero-bbq-rub-404g-2\/","title":{"rendered":"SuckleBusters BAMM! Habanero BBQ Rub 404g"},"content":{"rendered":"<h2>SuckleBusters BAMM! Habanero BBQ Rub 404g <\/h2>\n<p><strong style=\"font-size: 14.4px;\">SuckleBusters BAMM! Habanero BBQ Rub <\/strong><span style=\"font-size: 14.4px;\">  on teksasilaisittain r\u00e4j\u00e4ht\u00e4v\u00e4 &#8211; voimakas, kirpe\u00e4 ja maukas sekoitus, joka antaa mille tahansa lihalle todella tulisen luonteen. Kun tavalliset rubit ovat vain mausteisia, BAMM! on juuri sellainen sekoitus, joka saa makunystyr\u00e4t todella kihelm\u00f6im\u00e4\u00e4n. Habanero antaa sekoitukselle omaleimaisen hedelm\u00e4isen mutta ter\u00e4v\u00e4n potkun, kun taas paprika, valkosipuli ja tasapainoinen suolaisuus luovat syv\u00e4n ja t\u00e4ytel\u00e4isen profiilin.  <\/span><span style=\"font-size: 14.4px;\">Se on hankaus, joka on luotu niille, jotka rakastavat <\/span><em style=\"font-size: 14.4px;\">todella mausteista<\/em><span style=\"font-size: 14.4px;\"> BBQ:ta &#8211; ei kevyesti tulinen, vaan mukavan rohkea ja polttava.<\/span><\/p>\n<div>\n<h2><strong>BBQ Aces kommentti<\/strong><\/h2>\n<p>Se on mausteista, mutta ei sellaista, ett\u00e4 suuta polttaa ja haluat juosta j\u00e4\u00e4kaapille hakemaan maitoa. Ensin suussa on eritt\u00e4in hyv\u00e4n mausteseoksen perusmaku &#8211; paprika, valkosipuli, suola &#8211; ja SITTEN tulee liev\u00e4 habanero-&#8221;potku&#8221;, joka antaa kurkkuusi juuri oikean v\u00e4rin\u00e4n.<br \/>\nJuuri sopiva m\u00e4\u00e4r\u00e4 pippurisuutta, mutta nautit jokaisesta suupalasta. <\/p>\n<h2><strong>Ammattilaisen vinkki<\/strong><\/h2>\n<p>Laita BAMM! <em>minne haluat<\/em> &#8211; kyljyksi\u00e4, kanaa, sianlihaa, naudanlihaa, vihanneksia, jopa shashlikia &#8211; se vain toimii.<\/p>\n<\/div>\n","protected":false},"excerpt":{"rendered":"<p>SuckleBusters BAMM! Habanero BBQ Rub. Nettom\u00e4\u00e4r\u00e4 404g  <\/p>\n<p>Ainesosat: merisuola, sokeri, turbinadosokeri, ruskea sokeri,<br \/>\nmustapippuri, chili, habanero, mausteet ja piidioksidi.<br \/>\nRavintosis\u00e4lt\u00f6 100 g:ssa: energia 125 kcal (523 kJ),<br \/>\nrasvaa 0 g, josta tyydyttynytt\u00e4 0 g, hiilihydraatteja 50 g,<br \/>\njosta sokereita 25 g, proteiinia 0 g, suolaa 2,5 g.<br \/>\nS\u00e4ilyvyys ennen: ks. pakkauksesta.<\/p>\n<p>Tuotettu Yhdysvalloissa<br \/>\nMaahantuoja: Resaco BV, Karrewiel 8, 6942 LK Didam.<br \/>\nJ\u00e4lleenmyyj\u00e4 Virossa: BBQ \u00c4ssad O\u00dc www.bbqassad.ee www.bbqassad.ee.<\/p>\n","protected":false},"featured_media":22287,"comment_status":"open","ping_status":"closed","template":"","meta":[],"product_brand":[],"product_cat":[802],"product_tag":[],"class_list":{"0":"post-23675","1":"product","2":"type-product","3":"status-publish","4":"has-post-thumbnail","6":"product_cat-sekoitukset","8":"first","9":"instock","10":"taxable","11":"shipping-taxable","12":"purchasable","13":"product-type-simple"},"yoast_head":"<!-- This site is optimized with the Yoast SEO plugin v27.4 - https:\/\/yoast.com\/product\/yoast-seo-wordpress\/ -->\n<title>SuckleBusters BAMM! Habanero BBQ Rub 404g - BBQ \u00c4ssad%<\/title>\n<meta name=\"description\" content=\"SuckleBusters BAMM! Habanero BBQ Rub 404g. Ainesosat: merisuola, sokeri, habanero ja mausteet. Valmistettu Yhdysvalloissa. Ihanteellinen grillaukseen.\" \/>\n<meta name=\"robots\" content=\"index, follow, max-snippet:-1, max-image-preview:large, max-video-preview:-1\" \/>\n<link rel=\"canonical\" href=\"https:\/\/bbqassad.ee\/fi\/toode\/sucklebusters-bamm-habanero-bbq-rub-404g-2\/\" \/>\n<meta property=\"og:locale\" content=\"fi_FI\" \/>\n<meta property=\"og:type\" content=\"article\" \/>\n<meta property=\"og:title\" content=\"SuckleBusters BAMM! Habanero BBQ Rub 404g - BBQ \u00c4ssad%\" \/>\n<meta property=\"og:description\" content=\"SuckleBusters BAMM! Habanero BBQ Rub 404g. Ainesosat: merisuola, sokeri, habanero ja mausteet. Valmistettu Yhdysvalloissa. Ihanteellinen grillaukseen.\" \/>\n<meta property=\"og:url\" content=\"https:\/\/bbqassad.ee\/fi\/toode\/sucklebusters-bamm-habanero-bbq-rub-404g-2\/\" \/>\n<meta property=\"og:site_name\" content=\"BBQ \u00c4ssad\" \/>\n<meta property=\"article:publisher\" content=\"https:\/\/www.facebook.com\/bbqassad\" \/>\n<meta property=\"article:modified_time\" content=\"2026-04-14T06:34:33+00:00\" \/>\n<meta property=\"og:image\" content=\"https:\/\/bbqassad.ee\/wp-content\/uploads\/2026\/03\/SuckleBusters_BAMM_Habanero_BBQ_Rub_404g.png\" \/>\n<meta name=\"twitter:card\" content=\"summary_large_image\" \/>\n<meta name=\"twitter:title\" content=\"SuckleBusters BAMM! Habanero BBQ Rub 404g - BBQ \u00c4ssad%\" \/>\n<meta name=\"twitter:description\" content=\"SuckleBusters BAMM! Habanero BBQ Rub 404g. Ainesosat: merisuola, sokeri, habanero ja mausteet. Valmistettu Yhdysvalloissa. Ihanteellinen grillaukseen.\" \/>\n<meta name=\"twitter:image\" content=\"https:\/\/bbqassad.ee\/wp-content\/uploads\/2026\/03\/SuckleBusters_BAMM_Habanero_BBQ_Rub_404g.png\" \/>\n<meta name=\"twitter:label1\" content=\"Arvioitu lukuaika\" \/>\n\t<meta name=\"twitter:data1\" content=\"1 minuutti\" \/>\n<script type=\"application\/ld+json\" class=\"yoast-schema-graph\">{\"@context\":\"https:\\\/\\\/schema.org\",\"@graph\":[{\"@type\":\"WebPage\",\"@id\":\"https:\\\/\\\/bbqassad.ee\\\/fi\\\/toode\\\/sucklebusters-bamm-habanero-bbq-rub-404g-2\\\/\",\"url\":\"https:\\\/\\\/bbqassad.ee\\\/fi\\\/toode\\\/sucklebusters-bamm-habanero-bbq-rub-404g-2\\\/\",\"name\":\"SuckleBusters BAMM! Habanero BBQ Rub 404g - BBQ \u00c4ssad%\",\"isPartOf\":{\"@id\":\"https:\\\/\\\/bbqassad.ee\\\/fi\\\/#website\"},\"primaryImageOfPage\":{\"@id\":\"https:\\\/\\\/bbqassad.ee\\\/fi\\\/toode\\\/sucklebusters-bamm-habanero-bbq-rub-404g-2\\\/#primaryimage\"},\"image\":{\"@id\":\"https:\\\/\\\/bbqassad.ee\\\/fi\\\/toode\\\/sucklebusters-bamm-habanero-bbq-rub-404g-2\\\/#primaryimage\"},\"thumbnailUrl\":\"https:\\\/\\\/bbqassad.ee\\\/wp-content\\\/uploads\\\/2026\\\/03\\\/SuckleBusters_BAMM_Habanero_BBQ_Rub_404g.png\",\"datePublished\":\"2026-03-26T06:17:11+00:00\",\"dateModified\":\"2026-04-14T06:34:33+00:00\",\"description\":\"SuckleBusters BAMM! Habanero BBQ Rub 404g. Ainesosat: merisuola, sokeri, habanero ja mausteet. Valmistettu Yhdysvalloissa. Ihanteellinen grillaukseen.\",\"breadcrumb\":{\"@id\":\"https:\\\/\\\/bbqassad.ee\\\/fi\\\/toode\\\/sucklebusters-bamm-habanero-bbq-rub-404g-2\\\/#breadcrumb\"},\"inLanguage\":\"fi\",\"potentialAction\":[{\"@type\":\"ReadAction\",\"target\":[\"https:\\\/\\\/bbqassad.ee\\\/fi\\\/toode\\\/sucklebusters-bamm-habanero-bbq-rub-404g-2\\\/\"]}]},{\"@type\":\"ImageObject\",\"inLanguage\":\"fi\",\"@id\":\"https:\\\/\\\/bbqassad.ee\\\/fi\\\/toode\\\/sucklebusters-bamm-habanero-bbq-rub-404g-2\\\/#primaryimage\",\"url\":\"https:\\\/\\\/bbqassad.ee\\\/wp-content\\\/uploads\\\/2026\\\/03\\\/SuckleBusters_BAMM_Habanero_BBQ_Rub_404g.png\",\"contentUrl\":\"https:\\\/\\\/bbqassad.ee\\\/wp-content\\\/uploads\\\/2026\\\/03\\\/SuckleBusters_BAMM_Habanero_BBQ_Rub_404g.png\",\"width\":1280,\"height\":720},{\"@type\":\"BreadcrumbList\",\"@id\":\"https:\\\/\\\/bbqassad.ee\\\/fi\\\/toode\\\/sucklebusters-bamm-habanero-bbq-rub-404g-2\\\/#breadcrumb\",\"itemListElement\":[{\"@type\":\"ListItem\",\"position\":1,\"name\":\"Home\",\"item\":\"https:\\\/\\\/bbqassad.ee\\\/fi\\\/bbq-assat\\\/\"},{\"@type\":\"ListItem\",\"position\":2,\"name\":\"Verkkokauppa\",\"item\":\"https:\\\/\\\/bbqassad.ee\\\/fi\\\/verkkokauppa\\\/\"},{\"@type\":\"ListItem\",\"position\":3,\"name\":\"SuckleBusters BAMM! Habanero BBQ Rub 404g\"}]},{\"@type\":\"WebSite\",\"@id\":\"https:\\\/\\\/bbqassad.ee\\\/fi\\\/#website\",\"url\":\"https:\\\/\\\/bbqassad.ee\\\/fi\\\/\",\"name\":\"BBQ \u00c4ssad\",\"description\":\"BBQ maitseained, kastmed, ahjud\",\"publisher\":{\"@id\":\"https:\\\/\\\/bbqassad.ee\\\/fi\\\/#organization\"},\"potentialAction\":[{\"@type\":\"SearchAction\",\"target\":{\"@type\":\"EntryPoint\",\"urlTemplate\":\"https:\\\/\\\/bbqassad.ee\\\/fi\\\/?s={search_term_string}\"},\"query-input\":{\"@type\":\"PropertyValueSpecification\",\"valueRequired\":true,\"valueName\":\"search_term_string\"}}],\"inLanguage\":\"fi\"},{\"@type\":\"Organization\",\"@id\":\"https:\\\/\\\/bbqassad.ee\\\/fi\\\/#organization\",\"name\":\"BBQ \u00c4ssad\",\"url\":\"https:\\\/\\\/bbqassad.ee\\\/fi\\\/\",\"logo\":{\"@type\":\"ImageObject\",\"inLanguage\":\"fi\",\"@id\":\"https:\\\/\\\/bbqassad.ee\\\/fi\\\/#\\\/schema\\\/logo\\\/image\\\/\",\"url\":\"https:\\\/\\\/bbqassad.ee\\\/wp-content\\\/uploads\\\/2022\\\/10\\\/BBQ-2ssadlogo.png\",\"contentUrl\":\"https:\\\/\\\/bbqassad.ee\\\/wp-content\\\/uploads\\\/2022\\\/10\\\/BBQ-2ssadlogo.png\",\"width\":1080,\"height\":1080,\"caption\":\"BBQ \u00c4ssad\"},\"image\":{\"@id\":\"https:\\\/\\\/bbqassad.ee\\\/fi\\\/#\\\/schema\\\/logo\\\/image\\\/\"},\"sameAs\":[\"https:\\\/\\\/www.facebook.com\\\/bbqassad\",\"https:\\\/\\\/www.youtube.com\\\/channel\\\/UCsoufn49J6TVi9Ah9meE93w\"]}]}<\/script>\n<!-- \/ Yoast SEO plugin. -->","yoast_head_json":{"title":"SuckleBusters BAMM! Habanero BBQ Rub 404g - BBQ \u00c4ssad%","description":"SuckleBusters BAMM! Habanero BBQ Rub 404g. Ainesosat: merisuola, sokeri, habanero ja mausteet. Valmistettu Yhdysvalloissa. Ihanteellinen grillaukseen.","robots":{"index":"index","follow":"follow","max-snippet":"max-snippet:-1","max-image-preview":"max-image-preview:large","max-video-preview":"max-video-preview:-1"},"canonical":"https:\/\/bbqassad.ee\/fi\/toode\/sucklebusters-bamm-habanero-bbq-rub-404g-2\/","og_locale":"fi_FI","og_type":"article","og_title":"SuckleBusters BAMM! Habanero BBQ Rub 404g - BBQ \u00c4ssad%","og_description":"SuckleBusters BAMM! Habanero BBQ Rub 404g. Ainesosat: merisuola, sokeri, habanero ja mausteet. Valmistettu Yhdysvalloissa. Ihanteellinen grillaukseen.","og_url":"https:\/\/bbqassad.ee\/fi\/toode\/sucklebusters-bamm-habanero-bbq-rub-404g-2\/","og_site_name":"BBQ \u00c4ssad","article_publisher":"https:\/\/www.facebook.com\/bbqassad","article_modified_time":"2026-04-14T06:34:33+00:00","og_image":[{"url":"https:\/\/bbqassad.ee\/wp-content\/uploads\/2026\/03\/SuckleBusters_BAMM_Habanero_BBQ_Rub_404g.png","type":"","width":"","height":""}],"twitter_card":"summary_large_image","twitter_title":"SuckleBusters BAMM! Habanero BBQ Rub 404g - BBQ \u00c4ssad%","twitter_description":"SuckleBusters BAMM! Habanero BBQ Rub 404g. Ainesosat: merisuola, sokeri, habanero ja mausteet. Valmistettu Yhdysvalloissa. Ihanteellinen grillaukseen.","twitter_image":"https:\/\/bbqassad.ee\/wp-content\/uploads\/2026\/03\/SuckleBusters_BAMM_Habanero_BBQ_Rub_404g.png","twitter_misc":{"Arvioitu lukuaika":"1 minuutti"},"schema":{"@context":"https:\/\/schema.org","@graph":[{"@type":"WebPage","@id":"https:\/\/bbqassad.ee\/fi\/toode\/sucklebusters-bamm-habanero-bbq-rub-404g-2\/","url":"https:\/\/bbqassad.ee\/fi\/toode\/sucklebusters-bamm-habanero-bbq-rub-404g-2\/","name":"SuckleBusters BAMM! Habanero BBQ Rub 404g - BBQ \u00c4ssad%","isPartOf":{"@id":"https:\/\/bbqassad.ee\/fi\/#website"},"primaryImageOfPage":{"@id":"https:\/\/bbqassad.ee\/fi\/toode\/sucklebusters-bamm-habanero-bbq-rub-404g-2\/#primaryimage"},"image":{"@id":"https:\/\/bbqassad.ee\/fi\/toode\/sucklebusters-bamm-habanero-bbq-rub-404g-2\/#primaryimage"},"thumbnailUrl":"https:\/\/bbqassad.ee\/wp-content\/uploads\/2026\/03\/SuckleBusters_BAMM_Habanero_BBQ_Rub_404g.png","datePublished":"2026-03-26T06:17:11+00:00","dateModified":"2026-04-14T06:34:33+00:00","description":"SuckleBusters BAMM! Habanero BBQ Rub 404g. Ainesosat: merisuola, sokeri, habanero ja mausteet. Valmistettu Yhdysvalloissa. Ihanteellinen grillaukseen.","breadcrumb":{"@id":"https:\/\/bbqassad.ee\/fi\/toode\/sucklebusters-bamm-habanero-bbq-rub-404g-2\/#breadcrumb"},"inLanguage":"fi","potentialAction":[{"@type":"ReadAction","target":["https:\/\/bbqassad.ee\/fi\/toode\/sucklebusters-bamm-habanero-bbq-rub-404g-2\/"]}]},{"@type":"ImageObject","inLanguage":"fi","@id":"https:\/\/bbqassad.ee\/fi\/toode\/sucklebusters-bamm-habanero-bbq-rub-404g-2\/#primaryimage","url":"https:\/\/bbqassad.ee\/wp-content\/uploads\/2026\/03\/SuckleBusters_BAMM_Habanero_BBQ_Rub_404g.png","contentUrl":"https:\/\/bbqassad.ee\/wp-content\/uploads\/2026\/03\/SuckleBusters_BAMM_Habanero_BBQ_Rub_404g.png","width":1280,"height":720},{"@type":"BreadcrumbList","@id":"https:\/\/bbqassad.ee\/fi\/toode\/sucklebusters-bamm-habanero-bbq-rub-404g-2\/#breadcrumb","itemListElement":[{"@type":"ListItem","position":1,"name":"Home","item":"https:\/\/bbqassad.ee\/fi\/bbq-assat\/"},{"@type":"ListItem","position":2,"name":"Verkkokauppa","item":"https:\/\/bbqassad.ee\/fi\/verkkokauppa\/"},{"@type":"ListItem","position":3,"name":"SuckleBusters BAMM! Habanero BBQ Rub 404g"}]},{"@type":"WebSite","@id":"https:\/\/bbqassad.ee\/fi\/#website","url":"https:\/\/bbqassad.ee\/fi\/","name":"BBQ \u00c4ssad","description":"BBQ maitseained, kastmed, ahjud","publisher":{"@id":"https:\/\/bbqassad.ee\/fi\/#organization"},"potentialAction":[{"@type":"SearchAction","target":{"@type":"EntryPoint","urlTemplate":"https:\/\/bbqassad.ee\/fi\/?s={search_term_string}"},"query-input":{"@type":"PropertyValueSpecification","valueRequired":true,"valueName":"search_term_string"}}],"inLanguage":"fi"},{"@type":"Organization","@id":"https:\/\/bbqassad.ee\/fi\/#organization","name":"BBQ \u00c4ssad","url":"https:\/\/bbqassad.ee\/fi\/","logo":{"@type":"ImageObject","inLanguage":"fi","@id":"https:\/\/bbqassad.ee\/fi\/#\/schema\/logo\/image\/","url":"https:\/\/bbqassad.ee\/wp-content\/uploads\/2022\/10\/BBQ-2ssadlogo.png","contentUrl":"https:\/\/bbqassad.ee\/wp-content\/uploads\/2022\/10\/BBQ-2ssadlogo.png","width":1080,"height":1080,"caption":"BBQ \u00c4ssad"},"image":{"@id":"https:\/\/bbqassad.ee\/fi\/#\/schema\/logo\/image\/"},"sameAs":["https:\/\/www.facebook.com\/bbqassad","https:\/\/www.youtube.com\/channel\/UCsoufn49J6TVi9Ah9meE93w"]}]}},"_links":{"self":[{"href":"https:\/\/bbqassad.ee\/fi\/wp-json\/wp\/v2\/product\/23675","targetHints":{"allow":["GET"]}}],"collection":[{"href":"https:\/\/bbqassad.ee\/fi\/wp-json\/wp\/v2\/product"}],"about":[{"href":"https:\/\/bbqassad.ee\/fi\/wp-json\/wp\/v2\/types\/product"}],"replies":[{"embeddable":true,"href":"https:\/\/bbqassad.ee\/fi\/wp-json\/wp\/v2\/comments?post=23675"}],"wp:featuredmedia":[{"embeddable":true,"href":"https:\/\/bbqassad.ee\/fi\/wp-json\/wp\/v2\/media\/22287"}],"wp:attachment":[{"href":"https:\/\/bbqassad.ee\/fi\/wp-json\/wp\/v2\/media?parent=23675"}],"wp:term":[{"taxonomy":"product_brand","embeddable":true,"href":"https:\/\/bbqassad.ee\/fi\/wp-json\/wp\/v2\/product_brand?post=23675"},{"taxonomy":"product_cat","embeddable":true,"href":"https:\/\/bbqassad.ee\/fi\/wp-json\/wp\/v2\/product_cat?post=23675"},{"taxonomy":"product_tag","embeddable":true,"href":"https:\/\/bbqassad.ee\/fi\/wp-json\/wp\/v2\/product_tag?post=23675"}],"curies":[{"name":"wp","href":"https:\/\/api.w.org\/{rel}","templated":true}]}}