{"id":23674,"date":"2026-03-26T06:25:33","date_gmt":"2026-03-26T06:25:33","guid":{"rendered":"https:\/\/bbqassad.ee\/toode\/american-stockyard-smokey-mustard-bbq-kastike-383ml\/"},"modified":"2026-04-14T06:34:33","modified_gmt":"2026-04-14T06:34:33","slug":"american-stockyard-smokey-mustard-bbq-kastike-383ml","status":"publish","type":"product","link":"https:\/\/bbqassad.ee\/fi\/toode\/american-stockyard-smokey-mustard-bbq-kastike-383ml\/","title":{"rendered":"American Stockyard Smokey Mustard BBQ -kastike 383ml"},"content":{"rendered":"<h2>American Stockyard Smokey Mustard BBQ-kastike 383ml<\/h2>\n<p><strong style=\"font-size: 14.4px;\">American Stockyard Smokey Mustard BBQ-kastike (savusinappi)<\/strong><span style=\"font-size: 14.4px;\">  on klassinen sinappipohjainen BBQ-kastike, joka on per\u00e4isin Yhdysvaltojen keski-etel\u00e4iselt\u00e4 alueelta ja jossa on mukavan tasapainoinen savuisuus ja kevyt mausteisuus. Kaikki keskittyy tasapainoon ja puhtaaseen makuun, kaikki on kohdallaan, mit\u00e4\u00e4n ei ole liikaa tai puuttuu. <\/span><span style=\"font-size: 14.4px;\">Tulos on <\/span><strong style=\"font-size: 14.4px;\">t\u00e4ytel\u00e4inen, kermainen ja savuinen sinappikastike.<\/strong><span style=\"font-size: 14.4px;\">, joka sopii erinomaisesti kanan, sianlihan, makkaran ja jopa perunoiden tai voileipien lisukkeeksi. Se on kastike, joka her\u00e4tt\u00e4\u00e4 ruoan eloon ilman, ett\u00e4 se on liian makea tai mausteinen. <\/span><\/p>\n<div>\n<h2><strong>BBQ Aces kommentti<\/strong><\/h2>\n<p>&#8221;Smokey Mustard on kuin sinappipohjaisten kastikkeiden kuningas &#8211; puhdas, tasapainoinen ja hieman potkiva. Sinappi antaa ter\u00e4vyytt\u00e4, ruskea sokeri luo pehme\u00e4n taustan ja savuisuus sitoo kaiken yhteen. Se on erityisen hyv\u00e4\u00e4 kanan p\u00e4\u00e4ll\u00e4, mutta toimii todella hyvin mink\u00e4 tahansa lihan p\u00e4\u00e4ll\u00e4.<br \/>\nYksinkertainen, puhdas ja rehellinen maku &#8211; juuri sit\u00e4, mit\u00e4 sinapin yst\u00e4v\u00e4 tarvitsee.&#8221;  <\/p>\n<h2><strong>Ammattilaisen vinkki<\/strong><\/h2>\n<p>T\u00e4m\u00e4 kastike tekee <strong>tavallisessa uunissa kypsennetyst\u00e4 kanasta<\/strong> heti paljon j\u00e4nnitt\u00e4v\u00e4mp\u00e4\u00e4.<br \/>\nSit\u00e4 voidaan k\u00e4ytt\u00e4\u00e4 turvallisesti grillaukseen, paistamiseen tai yksinkertaisesti kastikkeena.<\/p>\n<\/div>\n","protected":false},"excerpt":{"rendered":"<p>American Stockyard Smokey Mustard BBQ -kastike. Nettom\u00e4\u00e4r\u00e4 383 ml <\/p>\n<p>Ainesosat: <\/p>\n<p> omenaviinietikka, vesi, 9% SINEP (vesi, konjakkietikka,<br \/>\nSINEP-siemenet, suola, kurkuma, mausteet), melassi, savuaromi,<br \/>\nkuivattu sipuli, sakeuttamisaine ksantaanikumi<br \/>\nRavintosis\u00e4lt\u00f6 per 100 g:<br \/>\n josta tyydyttyneit\u00e4 rasvahappoja 0 g, hiilihydraatteja 34 g,<br \/>\njosta sokereita 32 g, proteiineja 1 g, suolaa 0,93 g.<br \/>\nParasta ennen: katso pakkaus<br \/>\nS\u00e4ilyt\u00e4 j\u00e4\u00e4kaapissa avaamisen j\u00e4lkeen.<\/p>\n<p>Tuotettu Yhdysvalloissa.<br \/>\nMaahantuoja: RESACO B.V., Karrewiel 8, 6942 LK Didam.<br \/>\nJ\u00e4lleenmyyj\u00e4 Virossa: BBQ \u00c4ssad O\u00dc www.bbqassad.ee www.bbqassad.ee.<\/p>\n","protected":false},"featured_media":22293,"comment_status":"open","ping_status":"closed","template":"","meta":[],"product_brand":[],"product_cat":[788],"product_tag":[],"class_list":{"0":"post-23674","1":"product","2":"type-product","3":"status-publish","4":"has-post-thumbnail","6":"product_cat-kastit","8":"first","9":"instock","10":"taxable","11":"shipping-taxable","12":"purchasable","13":"product-type-simple"},"yoast_head":"<!-- This site is optimized with the Yoast SEO plugin v27.4 - https:\/\/yoast.com\/product\/yoast-seo-wordpress\/ -->\n<title>American Stockyard Smokey Mustard BBQ-kastike 383ml -% BBQ \u00c4ssad%<\/title>\n<meta name=\"description\" content=\"American Stockyard Smokey Mustard BBQ Sauce 383 ml on herkullinen lis\u00e4aine, joka sis\u00e4lt\u00e4\u00e4 ruskeaa sokeria, sinappia ja savuaromia. Ihanteellinen grillaukseen ja kastikkeeksi.\" \/>\n<meta name=\"robots\" content=\"index, follow, max-snippet:-1, max-image-preview:large, max-video-preview:-1\" \/>\n<link rel=\"canonical\" href=\"https:\/\/bbqassad.ee\/fi\/toode\/american-stockyard-smokey-mustard-bbq-kastike-383ml\/\" \/>\n<meta property=\"og:locale\" content=\"fi_FI\" \/>\n<meta property=\"og:type\" content=\"article\" \/>\n<meta property=\"og:title\" content=\"American Stockyard Smokey Mustard BBQ-kastike 383ml -% BBQ \u00c4ssad%\" \/>\n<meta property=\"og:description\" content=\"American Stockyard Smokey Mustard BBQ Sauce 383 ml on herkullinen lis\u00e4aine, joka sis\u00e4lt\u00e4\u00e4 ruskeaa sokeria, sinappia ja savuaromia. Ihanteellinen grillaukseen ja kastikkeeksi.\" \/>\n<meta property=\"og:url\" content=\"https:\/\/bbqassad.ee\/fi\/toode\/american-stockyard-smokey-mustard-bbq-kastike-383ml\/\" \/>\n<meta property=\"og:site_name\" content=\"BBQ \u00c4ssad\" \/>\n<meta property=\"article:publisher\" content=\"https:\/\/www.facebook.com\/bbqassad\" \/>\n<meta property=\"article:modified_time\" content=\"2026-04-14T06:34:33+00:00\" \/>\n<meta property=\"og:image\" content=\"https:\/\/bbqassad.ee\/wp-content\/uploads\/2026\/03\/American_Stockyard_Smokey_Mustard_BBQ_kaste_383ml.png\" \/>\n<meta name=\"twitter:card\" content=\"summary_large_image\" \/>\n<meta name=\"twitter:title\" content=\"American Stockyard Smokey Mustard BBQ-kastike 383ml -% BBQ \u00c4ssad%\" \/>\n<meta name=\"twitter:description\" content=\"American Stockyard Smokey Mustard BBQ Sauce 383 ml on herkullinen lis\u00e4aine, joka sis\u00e4lt\u00e4\u00e4 ruskeaa sokeria, sinappia ja savuaromia. Ihanteellinen grillaukseen ja kastikkeeksi.\" \/>\n<meta name=\"twitter:image\" content=\"https:\/\/bbqassad.ee\/wp-content\/uploads\/2026\/03\/American_Stockyard_Smokey_Mustard_BBQ_kaste_383ml.png\" \/>\n<meta name=\"twitter:label1\" content=\"Arvioitu lukuaika\" \/>\n\t<meta name=\"twitter:data1\" content=\"1 minuutti\" \/>\n<script type=\"application\/ld+json\" class=\"yoast-schema-graph\">{\"@context\":\"https:\\\/\\\/schema.org\",\"@graph\":[{\"@type\":\"WebPage\",\"@id\":\"https:\\\/\\\/bbqassad.ee\\\/fi\\\/toode\\\/american-stockyard-smokey-mustard-bbq-kastike-383ml\\\/\",\"url\":\"https:\\\/\\\/bbqassad.ee\\\/fi\\\/toode\\\/american-stockyard-smokey-mustard-bbq-kastike-383ml\\\/\",\"name\":\"American Stockyard Smokey Mustard BBQ-kastike 383ml -% BBQ \u00c4ssad%\",\"isPartOf\":{\"@id\":\"https:\\\/\\\/bbqassad.ee\\\/fi\\\/#website\"},\"primaryImageOfPage\":{\"@id\":\"https:\\\/\\\/bbqassad.ee\\\/fi\\\/toode\\\/american-stockyard-smokey-mustard-bbq-kastike-383ml\\\/#primaryimage\"},\"image\":{\"@id\":\"https:\\\/\\\/bbqassad.ee\\\/fi\\\/toode\\\/american-stockyard-smokey-mustard-bbq-kastike-383ml\\\/#primaryimage\"},\"thumbnailUrl\":\"https:\\\/\\\/bbqassad.ee\\\/wp-content\\\/uploads\\\/2026\\\/03\\\/American_Stockyard_Smokey_Mustard_BBQ_kaste_383ml.png\",\"datePublished\":\"2026-03-26T06:25:33+00:00\",\"dateModified\":\"2026-04-14T06:34:33+00:00\",\"description\":\"American Stockyard Smokey Mustard BBQ Sauce 383 ml on herkullinen lis\u00e4aine, joka sis\u00e4lt\u00e4\u00e4 ruskeaa sokeria, sinappia ja savuaromia. Ihanteellinen grillaukseen ja kastikkeeksi.\",\"breadcrumb\":{\"@id\":\"https:\\\/\\\/bbqassad.ee\\\/fi\\\/toode\\\/american-stockyard-smokey-mustard-bbq-kastike-383ml\\\/#breadcrumb\"},\"inLanguage\":\"fi\",\"potentialAction\":[{\"@type\":\"ReadAction\",\"target\":[\"https:\\\/\\\/bbqassad.ee\\\/fi\\\/toode\\\/american-stockyard-smokey-mustard-bbq-kastike-383ml\\\/\"]}]},{\"@type\":\"ImageObject\",\"inLanguage\":\"fi\",\"@id\":\"https:\\\/\\\/bbqassad.ee\\\/fi\\\/toode\\\/american-stockyard-smokey-mustard-bbq-kastike-383ml\\\/#primaryimage\",\"url\":\"https:\\\/\\\/bbqassad.ee\\\/wp-content\\\/uploads\\\/2026\\\/03\\\/American_Stockyard_Smokey_Mustard_BBQ_kaste_383ml.png\",\"contentUrl\":\"https:\\\/\\\/bbqassad.ee\\\/wp-content\\\/uploads\\\/2026\\\/03\\\/American_Stockyard_Smokey_Mustard_BBQ_kaste_383ml.png\",\"width\":1280,\"height\":720},{\"@type\":\"BreadcrumbList\",\"@id\":\"https:\\\/\\\/bbqassad.ee\\\/fi\\\/toode\\\/american-stockyard-smokey-mustard-bbq-kastike-383ml\\\/#breadcrumb\",\"itemListElement\":[{\"@type\":\"ListItem\",\"position\":1,\"name\":\"Home\",\"item\":\"https:\\\/\\\/bbqassad.ee\\\/fi\\\/bbq-assat\\\/\"},{\"@type\":\"ListItem\",\"position\":2,\"name\":\"Verkkokauppa\",\"item\":\"https:\\\/\\\/bbqassad.ee\\\/fi\\\/verkkokauppa\\\/\"},{\"@type\":\"ListItem\",\"position\":3,\"name\":\"American Stockyard Smokey Mustard BBQ -kastike 383ml\"}]},{\"@type\":\"WebSite\",\"@id\":\"https:\\\/\\\/bbqassad.ee\\\/fi\\\/#website\",\"url\":\"https:\\\/\\\/bbqassad.ee\\\/fi\\\/\",\"name\":\"BBQ \u00c4ssad\",\"description\":\"BBQ maitseained, kastmed, ahjud\",\"publisher\":{\"@id\":\"https:\\\/\\\/bbqassad.ee\\\/fi\\\/#organization\"},\"potentialAction\":[{\"@type\":\"SearchAction\",\"target\":{\"@type\":\"EntryPoint\",\"urlTemplate\":\"https:\\\/\\\/bbqassad.ee\\\/fi\\\/?s={search_term_string}\"},\"query-input\":{\"@type\":\"PropertyValueSpecification\",\"valueRequired\":true,\"valueName\":\"search_term_string\"}}],\"inLanguage\":\"fi\"},{\"@type\":\"Organization\",\"@id\":\"https:\\\/\\\/bbqassad.ee\\\/fi\\\/#organization\",\"name\":\"BBQ \u00c4ssad\",\"url\":\"https:\\\/\\\/bbqassad.ee\\\/fi\\\/\",\"logo\":{\"@type\":\"ImageObject\",\"inLanguage\":\"fi\",\"@id\":\"https:\\\/\\\/bbqassad.ee\\\/fi\\\/#\\\/schema\\\/logo\\\/image\\\/\",\"url\":\"https:\\\/\\\/bbqassad.ee\\\/wp-content\\\/uploads\\\/2022\\\/10\\\/BBQ-2ssadlogo.png\",\"contentUrl\":\"https:\\\/\\\/bbqassad.ee\\\/wp-content\\\/uploads\\\/2022\\\/10\\\/BBQ-2ssadlogo.png\",\"width\":1080,\"height\":1080,\"caption\":\"BBQ \u00c4ssad\"},\"image\":{\"@id\":\"https:\\\/\\\/bbqassad.ee\\\/fi\\\/#\\\/schema\\\/logo\\\/image\\\/\"},\"sameAs\":[\"https:\\\/\\\/www.facebook.com\\\/bbqassad\",\"https:\\\/\\\/www.youtube.com\\\/channel\\\/UCsoufn49J6TVi9Ah9meE93w\"]}]}<\/script>\n<!-- \/ Yoast SEO plugin. -->","yoast_head_json":{"title":"American Stockyard Smokey Mustard BBQ-kastike 383ml -% BBQ \u00c4ssad%","description":"American Stockyard Smokey Mustard BBQ Sauce 383 ml on herkullinen lis\u00e4aine, joka sis\u00e4lt\u00e4\u00e4 ruskeaa sokeria, sinappia ja savuaromia. Ihanteellinen grillaukseen ja kastikkeeksi.","robots":{"index":"index","follow":"follow","max-snippet":"max-snippet:-1","max-image-preview":"max-image-preview:large","max-video-preview":"max-video-preview:-1"},"canonical":"https:\/\/bbqassad.ee\/fi\/toode\/american-stockyard-smokey-mustard-bbq-kastike-383ml\/","og_locale":"fi_FI","og_type":"article","og_title":"American Stockyard Smokey Mustard BBQ-kastike 383ml -% BBQ \u00c4ssad%","og_description":"American Stockyard Smokey Mustard BBQ Sauce 383 ml on herkullinen lis\u00e4aine, joka sis\u00e4lt\u00e4\u00e4 ruskeaa sokeria, sinappia ja savuaromia. Ihanteellinen grillaukseen ja kastikkeeksi.","og_url":"https:\/\/bbqassad.ee\/fi\/toode\/american-stockyard-smokey-mustard-bbq-kastike-383ml\/","og_site_name":"BBQ \u00c4ssad","article_publisher":"https:\/\/www.facebook.com\/bbqassad","article_modified_time":"2026-04-14T06:34:33+00:00","og_image":[{"url":"https:\/\/bbqassad.ee\/wp-content\/uploads\/2026\/03\/American_Stockyard_Smokey_Mustard_BBQ_kaste_383ml.png","type":"","width":"","height":""}],"twitter_card":"summary_large_image","twitter_title":"American Stockyard Smokey Mustard BBQ-kastike 383ml -% BBQ \u00c4ssad%","twitter_description":"American Stockyard Smokey Mustard BBQ Sauce 383 ml on herkullinen lis\u00e4aine, joka sis\u00e4lt\u00e4\u00e4 ruskeaa sokeria, sinappia ja savuaromia. Ihanteellinen grillaukseen ja kastikkeeksi.","twitter_image":"https:\/\/bbqassad.ee\/wp-content\/uploads\/2026\/03\/American_Stockyard_Smokey_Mustard_BBQ_kaste_383ml.png","twitter_misc":{"Arvioitu lukuaika":"1 minuutti"},"schema":{"@context":"https:\/\/schema.org","@graph":[{"@type":"WebPage","@id":"https:\/\/bbqassad.ee\/fi\/toode\/american-stockyard-smokey-mustard-bbq-kastike-383ml\/","url":"https:\/\/bbqassad.ee\/fi\/toode\/american-stockyard-smokey-mustard-bbq-kastike-383ml\/","name":"American Stockyard Smokey Mustard BBQ-kastike 383ml -% BBQ \u00c4ssad%","isPartOf":{"@id":"https:\/\/bbqassad.ee\/fi\/#website"},"primaryImageOfPage":{"@id":"https:\/\/bbqassad.ee\/fi\/toode\/american-stockyard-smokey-mustard-bbq-kastike-383ml\/#primaryimage"},"image":{"@id":"https:\/\/bbqassad.ee\/fi\/toode\/american-stockyard-smokey-mustard-bbq-kastike-383ml\/#primaryimage"},"thumbnailUrl":"https:\/\/bbqassad.ee\/wp-content\/uploads\/2026\/03\/American_Stockyard_Smokey_Mustard_BBQ_kaste_383ml.png","datePublished":"2026-03-26T06:25:33+00:00","dateModified":"2026-04-14T06:34:33+00:00","description":"American Stockyard Smokey Mustard BBQ Sauce 383 ml on herkullinen lis\u00e4aine, joka sis\u00e4lt\u00e4\u00e4 ruskeaa sokeria, sinappia ja savuaromia. Ihanteellinen grillaukseen ja kastikkeeksi.","breadcrumb":{"@id":"https:\/\/bbqassad.ee\/fi\/toode\/american-stockyard-smokey-mustard-bbq-kastike-383ml\/#breadcrumb"},"inLanguage":"fi","potentialAction":[{"@type":"ReadAction","target":["https:\/\/bbqassad.ee\/fi\/toode\/american-stockyard-smokey-mustard-bbq-kastike-383ml\/"]}]},{"@type":"ImageObject","inLanguage":"fi","@id":"https:\/\/bbqassad.ee\/fi\/toode\/american-stockyard-smokey-mustard-bbq-kastike-383ml\/#primaryimage","url":"https:\/\/bbqassad.ee\/wp-content\/uploads\/2026\/03\/American_Stockyard_Smokey_Mustard_BBQ_kaste_383ml.png","contentUrl":"https:\/\/bbqassad.ee\/wp-content\/uploads\/2026\/03\/American_Stockyard_Smokey_Mustard_BBQ_kaste_383ml.png","width":1280,"height":720},{"@type":"BreadcrumbList","@id":"https:\/\/bbqassad.ee\/fi\/toode\/american-stockyard-smokey-mustard-bbq-kastike-383ml\/#breadcrumb","itemListElement":[{"@type":"ListItem","position":1,"name":"Home","item":"https:\/\/bbqassad.ee\/fi\/bbq-assat\/"},{"@type":"ListItem","position":2,"name":"Verkkokauppa","item":"https:\/\/bbqassad.ee\/fi\/verkkokauppa\/"},{"@type":"ListItem","position":3,"name":"American Stockyard Smokey Mustard BBQ -kastike 383ml"}]},{"@type":"WebSite","@id":"https:\/\/bbqassad.ee\/fi\/#website","url":"https:\/\/bbqassad.ee\/fi\/","name":"BBQ \u00c4ssad","description":"BBQ maitseained, kastmed, ahjud","publisher":{"@id":"https:\/\/bbqassad.ee\/fi\/#organization"},"potentialAction":[{"@type":"SearchAction","target":{"@type":"EntryPoint","urlTemplate":"https:\/\/bbqassad.ee\/fi\/?s={search_term_string}"},"query-input":{"@type":"PropertyValueSpecification","valueRequired":true,"valueName":"search_term_string"}}],"inLanguage":"fi"},{"@type":"Organization","@id":"https:\/\/bbqassad.ee\/fi\/#organization","name":"BBQ \u00c4ssad","url":"https:\/\/bbqassad.ee\/fi\/","logo":{"@type":"ImageObject","inLanguage":"fi","@id":"https:\/\/bbqassad.ee\/fi\/#\/schema\/logo\/image\/","url":"https:\/\/bbqassad.ee\/wp-content\/uploads\/2022\/10\/BBQ-2ssadlogo.png","contentUrl":"https:\/\/bbqassad.ee\/wp-content\/uploads\/2022\/10\/BBQ-2ssadlogo.png","width":1080,"height":1080,"caption":"BBQ \u00c4ssad"},"image":{"@id":"https:\/\/bbqassad.ee\/fi\/#\/schema\/logo\/image\/"},"sameAs":["https:\/\/www.facebook.com\/bbqassad","https:\/\/www.youtube.com\/channel\/UCsoufn49J6TVi9Ah9meE93w"]}]}},"_links":{"self":[{"href":"https:\/\/bbqassad.ee\/fi\/wp-json\/wp\/v2\/product\/23674","targetHints":{"allow":["GET"]}}],"collection":[{"href":"https:\/\/bbqassad.ee\/fi\/wp-json\/wp\/v2\/product"}],"about":[{"href":"https:\/\/bbqassad.ee\/fi\/wp-json\/wp\/v2\/types\/product"}],"replies":[{"embeddable":true,"href":"https:\/\/bbqassad.ee\/fi\/wp-json\/wp\/v2\/comments?post=23674"}],"wp:featuredmedia":[{"embeddable":true,"href":"https:\/\/bbqassad.ee\/fi\/wp-json\/wp\/v2\/media\/22293"}],"wp:attachment":[{"href":"https:\/\/bbqassad.ee\/fi\/wp-json\/wp\/v2\/media?parent=23674"}],"wp:term":[{"taxonomy":"product_brand","embeddable":true,"href":"https:\/\/bbqassad.ee\/fi\/wp-json\/wp\/v2\/product_brand?post=23674"},{"taxonomy":"product_cat","embeddable":true,"href":"https:\/\/bbqassad.ee\/fi\/wp-json\/wp\/v2\/product_cat?post=23674"},{"taxonomy":"product_tag","embeddable":true,"href":"https:\/\/bbqassad.ee\/fi\/wp-json\/wp\/v2\/product_tag?post=23674"}],"curies":[{"name":"wp","href":"https:\/\/api.w.org\/{rel}","templated":true}]}}