{"id":23672,"date":"2026-03-26T06:46:53","date_gmt":"2026-03-26T06:46:53","guid":{"rendered":"https:\/\/bbqassad.ee\/toode\/franklin-bbq-suola-ja-pippuri-maustekumi-326g\/"},"modified":"2026-04-14T06:34:33","modified_gmt":"2026-04-14T06:34:33","slug":"franklin-bbq-suola-ja-pippuri-maustekumi-326g","status":"publish","type":"product","link":"https:\/\/bbqassad.ee\/fi\/toode\/franklin-bbq-suola-ja-pippuri-maustekumi-326g\/","title":{"rendered":"Franklin BBQ Salt and Pepper Rub 326g"},"content":{"rendered":"<h2>Franklin BBQ Suola ja pippuri maustekumi 326g<\/h2>\n<p><strong style=\"font-size: 14.4px;\">Franklin BBQ Suola ja pippuri Rub<\/strong><span style=\"font-size: 14.4px;\"> on todellinen texasilaisen BBQ:n peruspaketti &#8211; yksinkertainen, rehellinen ja puhdas mauste, jonka on luonut BBQ-legenda <\/span><strong style=\"font-size: 14.4px;\">Aaron Franklin<\/strong><span style=\"font-size: 14.4px;\">  itse. T\u00e4m\u00e4 sekoitus ei ole pelkk\u00e4\u00e4 suolaa ja pippuria, vaan t\u00e4ydellisen tasapainoinen yhdistelm\u00e4, joka tuo esiin naudanlihan luonnolliset aromit, aivan kuten Teksasissa tehd\u00e4\u00e4n. <\/span><\/p>\n<p>T\u00e4m\u00e4 rub on <strong>suolapohjainen ja vahvasti mustapippuripainotteinen<\/strong>, aivan kuten texasilaisessa BBQ-perinteess\u00e4. Karkeasti jauhettu mustapippuri antaa lihalle t\u00e4ytel\u00e4isen kuoren ja voimakkaan, mutta ei liian mausteisen potkun. Merisuola korostaa lihan luonnollista makua ja luo t\u00e4ydellisen tasapainon.<br \/>\nToisin kuin hienostuneissa rubeissa, t\u00e4ss\u00e4 ei ole makeutta tai voimakkaita yrttimakuja &#8211; <strong>puhtaat aromit antavat lihan puhua puolestaan.<\/strong>  <\/p>\n<div>\n<p>Se on rub, joka korvaa puolet maistelumenusta kotona &#8211; sopii kaikkeen, mutta loistaa erityisen kirkkaasti naudanlihalla, kuten reippaalla naudanlihalla, ribeell\u00e4, short ribsill\u00e4, kylkipihvill\u00e4 ja hampurilaisilla.Yksinkertainen, selke\u00e4 ja juuri oikeassa suhteessa &#8211; juuri sellainen kuin aidon texasilaisen BBQ-sekoituksen pit\u00e4isi olla.<\/p>\n<h2><strong>BBQ Aces kommentti<\/strong><\/h2>\n<p>Se on er\u00e4\u00e4nlainen jokap\u00e4iv\u00e4inen kotisekoitus. Franklin BBQ Salt and Pepper Rub tekee kaikista ruuista parempia &#8211; jopa pizzakastike parani sen avulla. Puhdas, rehellinen ja monik\u00e4ytt\u00f6inen sekoitus, joka saa lihan maut loistamaan ilman liiallista ajattelua.  <\/p>\n<h2><strong>Ammattilaisen vinkki<\/strong><\/h2>\n<p>Kun muut miksaukset sanovat <em>&#8221;\u00e4l\u00e4 pelk\u00e4\u00e4 laittaa&#8230;&#8221;,<\/em> t\u00e4ss\u00e4 on sanottava:<br \/>\n<strong>\u00e4l\u00e4 pelk\u00e4\u00e4 laittaa JOKAISTA.<\/strong><\/p>\n<\/div>\n<p>&nbsp;<\/p>\n","protected":false},"excerpt":{"rendered":"<p>Franklin BBQ Salt and Pepper Spice Rub. Nettom\u00e4\u00e4r\u00e4 326g <\/p>\n<p>Ainesosat: suola ja pippuri.<br \/>\nRavintosis\u00e4lt\u00f6 100 g kohti: energia 0 kcal (0 kJ),<br \/>\nrasva 0 g, josta tyydyttynytt\u00e4 rasvaa 0 g, hiilihydraatti 0 g,<br \/>\njosta sokereita 0 g, proteiini 0 g, suola 70 g.<br \/>\nParasta ennen: katso pakkauksesta.<\/p>\n<p>Tuotettu Yhdysvalloissa<br \/>\nMaahantuoja: Resaco B.V., Karrewiel 8, 6942 LK Didam.<br \/>\nJ\u00e4lleenmyyj\u00e4 Virossa: BBQ \u00c4ssad O\u00dc www.bbqassad.ee www.bbqassad.ee www.bbqassad.ee<\/p>\n","protected":false},"featured_media":22304,"comment_status":"open","ping_status":"closed","template":"","meta":[],"product_brand":[],"product_cat":[802],"product_tag":[],"class_list":{"0":"post-23672","1":"product","2":"type-product","3":"status-publish","4":"has-post-thumbnail","6":"product_cat-sekoitukset","8":"first","9":"instock","10":"taxable","11":"shipping-taxable","12":"purchasable","13":"product-type-simple"},"yoast_head":"<!-- This site is optimized with the Yoast SEO plugin v27.4 - https:\/\/yoast.com\/product\/yoast-seo-wordpress\/ -->\n<title>Franklin BBQ suola ja pippuri mauste 326g -% BBQ \u00c4ssad%<\/title>\n<meta name=\"description\" content=\"Franklin BBQ suola ja pippuri mauste 326g. Ainesosat: suola ja pippuri. Suola, pippuri, suola, suola ja pippuri. Sopii grillaukseen.\" \/>\n<meta name=\"robots\" content=\"index, follow, max-snippet:-1, max-image-preview:large, max-video-preview:-1\" \/>\n<link rel=\"canonical\" href=\"https:\/\/bbqassad.ee\/fi\/toode\/franklin-bbq-suola-ja-pippuri-maustekumi-326g\/\" \/>\n<meta property=\"og:locale\" content=\"fi_FI\" \/>\n<meta property=\"og:type\" content=\"article\" \/>\n<meta property=\"og:title\" content=\"Franklin BBQ suola- ja pippurimauste 326g -% BBQ \u00c4ssad%\" \/>\n<meta property=\"og:description\" content=\"Franklin BBQ suola ja pippuri mauste 326g. Ainesosat: suola ja pippuri. Suola, pippuri, suola, suola ja pippuri. Sopii grillaukseen.\" \/>\n<meta property=\"og:url\" content=\"https:\/\/bbqassad.ee\/fi\/toode\/franklin-bbq-suola-ja-pippuri-maustekumi-326g\/\" \/>\n<meta property=\"og:site_name\" content=\"BBQ \u00c4ssad\" \/>\n<meta property=\"article:publisher\" content=\"https:\/\/www.facebook.com\/bbqassad\" \/>\n<meta property=\"article:modified_time\" content=\"2026-04-14T06:34:33+00:00\" \/>\n<meta property=\"og:image\" content=\"https:\/\/bbqassad.ee\/wp-content\/uploads\/2026\/03\/Franklin_BBQ_Salt_and_Pepper_Spice_Rub_326g.png\" \/>\n<meta name=\"twitter:card\" content=\"summary_large_image\" \/>\n<meta name=\"twitter:title\" content=\"Franklin BBQ suola- ja pippurimauste 326g -% BBQ \u00c4ssad%\" \/>\n<meta name=\"twitter:description\" content=\"Franklin BBQ suola ja pippuri mauste 326g. Ainesosat: suola ja pippuri. Suola, pippuri, suola, suola ja pippuri. Sopii grillaukseen.\" \/>\n<meta name=\"twitter:image\" content=\"https:\/\/bbqassad.ee\/wp-content\/uploads\/2026\/03\/Franklin_BBQ_Salt_and_Pepper_Spice_Rub_326g.png\" \/>\n<meta name=\"twitter:label1\" content=\"Arvioitu lukuaika\" \/>\n\t<meta name=\"twitter:data1\" content=\"1 minuutti\" \/>\n<script type=\"application\/ld+json\" class=\"yoast-schema-graph\">{\"@context\":\"https:\\\/\\\/schema.org\",\"@graph\":[{\"@type\":\"WebPage\",\"@id\":\"https:\\\/\\\/bbqassad.ee\\\/fi\\\/toode\\\/franklin-bbq-suola-ja-pippuri-maustekumi-326g\\\/\",\"url\":\"https:\\\/\\\/bbqassad.ee\\\/fi\\\/toode\\\/franklin-bbq-suola-ja-pippuri-maustekumi-326g\\\/\",\"name\":\"Franklin BBQ suola ja pippuri mauste 326g -% BBQ \u00c4ssad%\",\"isPartOf\":{\"@id\":\"https:\\\/\\\/bbqassad.ee\\\/fi\\\/#website\"},\"primaryImageOfPage\":{\"@id\":\"https:\\\/\\\/bbqassad.ee\\\/fi\\\/toode\\\/franklin-bbq-suola-ja-pippuri-maustekumi-326g\\\/#primaryimage\"},\"image\":{\"@id\":\"https:\\\/\\\/bbqassad.ee\\\/fi\\\/toode\\\/franklin-bbq-suola-ja-pippuri-maustekumi-326g\\\/#primaryimage\"},\"thumbnailUrl\":\"https:\\\/\\\/bbqassad.ee\\\/wp-content\\\/uploads\\\/2026\\\/03\\\/Franklin_BBQ_Salt_and_Pepper_Spice_Rub_326g.png\",\"datePublished\":\"2026-03-26T06:46:53+00:00\",\"dateModified\":\"2026-04-14T06:34:33+00:00\",\"description\":\"Franklin BBQ suola ja pippuri mauste 326g. Ainesosat: suola ja pippuri. Suola, pippuri, suola, suola ja pippuri. Sopii grillaukseen.\",\"breadcrumb\":{\"@id\":\"https:\\\/\\\/bbqassad.ee\\\/fi\\\/toode\\\/franklin-bbq-suola-ja-pippuri-maustekumi-326g\\\/#breadcrumb\"},\"inLanguage\":\"fi\",\"potentialAction\":[{\"@type\":\"ReadAction\",\"target\":[\"https:\\\/\\\/bbqassad.ee\\\/fi\\\/toode\\\/franklin-bbq-suola-ja-pippuri-maustekumi-326g\\\/\"]}]},{\"@type\":\"ImageObject\",\"inLanguage\":\"fi\",\"@id\":\"https:\\\/\\\/bbqassad.ee\\\/fi\\\/toode\\\/franklin-bbq-suola-ja-pippuri-maustekumi-326g\\\/#primaryimage\",\"url\":\"https:\\\/\\\/bbqassad.ee\\\/wp-content\\\/uploads\\\/2026\\\/03\\\/Franklin_BBQ_Salt_and_Pepper_Spice_Rub_326g.png\",\"contentUrl\":\"https:\\\/\\\/bbqassad.ee\\\/wp-content\\\/uploads\\\/2026\\\/03\\\/Franklin_BBQ_Salt_and_Pepper_Spice_Rub_326g.png\",\"width\":1280,\"height\":720},{\"@type\":\"BreadcrumbList\",\"@id\":\"https:\\\/\\\/bbqassad.ee\\\/fi\\\/toode\\\/franklin-bbq-suola-ja-pippuri-maustekumi-326g\\\/#breadcrumb\",\"itemListElement\":[{\"@type\":\"ListItem\",\"position\":1,\"name\":\"Home\",\"item\":\"https:\\\/\\\/bbqassad.ee\\\/fi\\\/bbq-assat\\\/\"},{\"@type\":\"ListItem\",\"position\":2,\"name\":\"Verkkokauppa\",\"item\":\"https:\\\/\\\/bbqassad.ee\\\/fi\\\/verkkokauppa\\\/\"},{\"@type\":\"ListItem\",\"position\":3,\"name\":\"Franklin BBQ Salt and Pepper Rub 326g\"}]},{\"@type\":\"WebSite\",\"@id\":\"https:\\\/\\\/bbqassad.ee\\\/fi\\\/#website\",\"url\":\"https:\\\/\\\/bbqassad.ee\\\/fi\\\/\",\"name\":\"BBQ \u00c4ssad\",\"description\":\"BBQ maitseained, kastmed, ahjud\",\"publisher\":{\"@id\":\"https:\\\/\\\/bbqassad.ee\\\/fi\\\/#organization\"},\"potentialAction\":[{\"@type\":\"SearchAction\",\"target\":{\"@type\":\"EntryPoint\",\"urlTemplate\":\"https:\\\/\\\/bbqassad.ee\\\/fi\\\/?s={search_term_string}\"},\"query-input\":{\"@type\":\"PropertyValueSpecification\",\"valueRequired\":true,\"valueName\":\"search_term_string\"}}],\"inLanguage\":\"fi\"},{\"@type\":\"Organization\",\"@id\":\"https:\\\/\\\/bbqassad.ee\\\/fi\\\/#organization\",\"name\":\"BBQ \u00c4ssad\",\"url\":\"https:\\\/\\\/bbqassad.ee\\\/fi\\\/\",\"logo\":{\"@type\":\"ImageObject\",\"inLanguage\":\"fi\",\"@id\":\"https:\\\/\\\/bbqassad.ee\\\/fi\\\/#\\\/schema\\\/logo\\\/image\\\/\",\"url\":\"https:\\\/\\\/bbqassad.ee\\\/wp-content\\\/uploads\\\/2022\\\/10\\\/BBQ-2ssadlogo.png\",\"contentUrl\":\"https:\\\/\\\/bbqassad.ee\\\/wp-content\\\/uploads\\\/2022\\\/10\\\/BBQ-2ssadlogo.png\",\"width\":1080,\"height\":1080,\"caption\":\"BBQ \u00c4ssad\"},\"image\":{\"@id\":\"https:\\\/\\\/bbqassad.ee\\\/fi\\\/#\\\/schema\\\/logo\\\/image\\\/\"},\"sameAs\":[\"https:\\\/\\\/www.facebook.com\\\/bbqassad\",\"https:\\\/\\\/www.youtube.com\\\/channel\\\/UCsoufn49J6TVi9Ah9meE93w\"]}]}<\/script>\n<!-- \/ Yoast SEO plugin. -->","yoast_head_json":{"title":"Franklin BBQ suola ja pippuri mauste 326g -% BBQ \u00c4ssad%","description":"Franklin BBQ suola ja pippuri mauste 326g. Ainesosat: suola ja pippuri. Suola, pippuri, suola, suola ja pippuri. Sopii grillaukseen.","robots":{"index":"index","follow":"follow","max-snippet":"max-snippet:-1","max-image-preview":"max-image-preview:large","max-video-preview":"max-video-preview:-1"},"canonical":"https:\/\/bbqassad.ee\/fi\/toode\/franklin-bbq-suola-ja-pippuri-maustekumi-326g\/","og_locale":"fi_FI","og_type":"article","og_title":"Franklin BBQ suola- ja pippurimauste 326g -% BBQ \u00c4ssad%","og_description":"Franklin BBQ suola ja pippuri mauste 326g. Ainesosat: suola ja pippuri. Suola, pippuri, suola, suola ja pippuri. Sopii grillaukseen.","og_url":"https:\/\/bbqassad.ee\/fi\/toode\/franklin-bbq-suola-ja-pippuri-maustekumi-326g\/","og_site_name":"BBQ \u00c4ssad","article_publisher":"https:\/\/www.facebook.com\/bbqassad","article_modified_time":"2026-04-14T06:34:33+00:00","og_image":[{"url":"https:\/\/bbqassad.ee\/wp-content\/uploads\/2026\/03\/Franklin_BBQ_Salt_and_Pepper_Spice_Rub_326g.png","type":"","width":"","height":""}],"twitter_card":"summary_large_image","twitter_title":"Franklin BBQ suola- ja pippurimauste 326g -% BBQ \u00c4ssad%","twitter_description":"Franklin BBQ suola ja pippuri mauste 326g. Ainesosat: suola ja pippuri. Suola, pippuri, suola, suola ja pippuri. Sopii grillaukseen.","twitter_image":"https:\/\/bbqassad.ee\/wp-content\/uploads\/2026\/03\/Franklin_BBQ_Salt_and_Pepper_Spice_Rub_326g.png","twitter_misc":{"Arvioitu lukuaika":"1 minuutti"},"schema":{"@context":"https:\/\/schema.org","@graph":[{"@type":"WebPage","@id":"https:\/\/bbqassad.ee\/fi\/toode\/franklin-bbq-suola-ja-pippuri-maustekumi-326g\/","url":"https:\/\/bbqassad.ee\/fi\/toode\/franklin-bbq-suola-ja-pippuri-maustekumi-326g\/","name":"Franklin BBQ suola ja pippuri mauste 326g -% BBQ \u00c4ssad%","isPartOf":{"@id":"https:\/\/bbqassad.ee\/fi\/#website"},"primaryImageOfPage":{"@id":"https:\/\/bbqassad.ee\/fi\/toode\/franklin-bbq-suola-ja-pippuri-maustekumi-326g\/#primaryimage"},"image":{"@id":"https:\/\/bbqassad.ee\/fi\/toode\/franklin-bbq-suola-ja-pippuri-maustekumi-326g\/#primaryimage"},"thumbnailUrl":"https:\/\/bbqassad.ee\/wp-content\/uploads\/2026\/03\/Franklin_BBQ_Salt_and_Pepper_Spice_Rub_326g.png","datePublished":"2026-03-26T06:46:53+00:00","dateModified":"2026-04-14T06:34:33+00:00","description":"Franklin BBQ suola ja pippuri mauste 326g. Ainesosat: suola ja pippuri. Suola, pippuri, suola, suola ja pippuri. Sopii grillaukseen.","breadcrumb":{"@id":"https:\/\/bbqassad.ee\/fi\/toode\/franklin-bbq-suola-ja-pippuri-maustekumi-326g\/#breadcrumb"},"inLanguage":"fi","potentialAction":[{"@type":"ReadAction","target":["https:\/\/bbqassad.ee\/fi\/toode\/franklin-bbq-suola-ja-pippuri-maustekumi-326g\/"]}]},{"@type":"ImageObject","inLanguage":"fi","@id":"https:\/\/bbqassad.ee\/fi\/toode\/franklin-bbq-suola-ja-pippuri-maustekumi-326g\/#primaryimage","url":"https:\/\/bbqassad.ee\/wp-content\/uploads\/2026\/03\/Franklin_BBQ_Salt_and_Pepper_Spice_Rub_326g.png","contentUrl":"https:\/\/bbqassad.ee\/wp-content\/uploads\/2026\/03\/Franklin_BBQ_Salt_and_Pepper_Spice_Rub_326g.png","width":1280,"height":720},{"@type":"BreadcrumbList","@id":"https:\/\/bbqassad.ee\/fi\/toode\/franklin-bbq-suola-ja-pippuri-maustekumi-326g\/#breadcrumb","itemListElement":[{"@type":"ListItem","position":1,"name":"Home","item":"https:\/\/bbqassad.ee\/fi\/bbq-assat\/"},{"@type":"ListItem","position":2,"name":"Verkkokauppa","item":"https:\/\/bbqassad.ee\/fi\/verkkokauppa\/"},{"@type":"ListItem","position":3,"name":"Franklin BBQ Salt and Pepper Rub 326g"}]},{"@type":"WebSite","@id":"https:\/\/bbqassad.ee\/fi\/#website","url":"https:\/\/bbqassad.ee\/fi\/","name":"BBQ \u00c4ssad","description":"BBQ maitseained, kastmed, ahjud","publisher":{"@id":"https:\/\/bbqassad.ee\/fi\/#organization"},"potentialAction":[{"@type":"SearchAction","target":{"@type":"EntryPoint","urlTemplate":"https:\/\/bbqassad.ee\/fi\/?s={search_term_string}"},"query-input":{"@type":"PropertyValueSpecification","valueRequired":true,"valueName":"search_term_string"}}],"inLanguage":"fi"},{"@type":"Organization","@id":"https:\/\/bbqassad.ee\/fi\/#organization","name":"BBQ \u00c4ssad","url":"https:\/\/bbqassad.ee\/fi\/","logo":{"@type":"ImageObject","inLanguage":"fi","@id":"https:\/\/bbqassad.ee\/fi\/#\/schema\/logo\/image\/","url":"https:\/\/bbqassad.ee\/wp-content\/uploads\/2022\/10\/BBQ-2ssadlogo.png","contentUrl":"https:\/\/bbqassad.ee\/wp-content\/uploads\/2022\/10\/BBQ-2ssadlogo.png","width":1080,"height":1080,"caption":"BBQ \u00c4ssad"},"image":{"@id":"https:\/\/bbqassad.ee\/fi\/#\/schema\/logo\/image\/"},"sameAs":["https:\/\/www.facebook.com\/bbqassad","https:\/\/www.youtube.com\/channel\/UCsoufn49J6TVi9Ah9meE93w"]}]}},"_links":{"self":[{"href":"https:\/\/bbqassad.ee\/fi\/wp-json\/wp\/v2\/product\/23672","targetHints":{"allow":["GET"]}}],"collection":[{"href":"https:\/\/bbqassad.ee\/fi\/wp-json\/wp\/v2\/product"}],"about":[{"href":"https:\/\/bbqassad.ee\/fi\/wp-json\/wp\/v2\/types\/product"}],"replies":[{"embeddable":true,"href":"https:\/\/bbqassad.ee\/fi\/wp-json\/wp\/v2\/comments?post=23672"}],"wp:featuredmedia":[{"embeddable":true,"href":"https:\/\/bbqassad.ee\/fi\/wp-json\/wp\/v2\/media\/22304"}],"wp:attachment":[{"href":"https:\/\/bbqassad.ee\/fi\/wp-json\/wp\/v2\/media?parent=23672"}],"wp:term":[{"taxonomy":"product_brand","embeddable":true,"href":"https:\/\/bbqassad.ee\/fi\/wp-json\/wp\/v2\/product_brand?post=23672"},{"taxonomy":"product_cat","embeddable":true,"href":"https:\/\/bbqassad.ee\/fi\/wp-json\/wp\/v2\/product_cat?post=23672"},{"taxonomy":"product_tag","embeddable":true,"href":"https:\/\/bbqassad.ee\/fi\/wp-json\/wp\/v2\/product_tag?post=23672"}],"curies":[{"name":"wp","href":"https:\/\/api.w.org\/{rel}","templated":true}]}}