{"id":23671,"date":"2026-03-26T07:05:05","date_gmt":"2026-03-26T07:05:05","guid":{"rendered":"https:\/\/bbqassad.ee\/toode\/lihakirkon-kanan-paistettu-leipa-283-g\/"},"modified":"2026-04-14T06:34:33","modified_gmt":"2026-04-14T06:34:33","slug":"lihakirkon-kanan-paistettu-leipa-283-g","status":"publish","type":"product","link":"https:\/\/bbqassad.ee\/fi\/toode\/lihakirkon-kanan-paistettu-leipa-283-g\/","title":{"rendered":"Meat Church Chicken Fried 283 g"},"content":{"rendered":"<h2>Lihakirkon kanan paistettu leip\u00e4 283 g<\/h2>\n<p><strong style=\"font-size: 14.4px;\">Lihakirkko Kanan paistettu leip\u00e4<\/strong><span style=\"font-size: 14.4px;\">  on aito teksasilaisittain valmistettu panerointisekoitus, joka tekee kanasta, schnitzelist\u00e4 ja jopa vihanneksista todella rapeita, herkullisia ja suoraan sanottuna&#8230; koukuttavia. Kuten Heath Riles Everyday Rub, t\u00e4m\u00e4 sekoitus on suunniteltu korvaamaan useita purkkeja kerralla kotikeitti\u00f6ss\u00e4 &#8211; kaikki mit\u00e4 tarvitset yhdess\u00e4 paketissa, juuri oikeassa suhteessa. <\/span><\/p>\n<div>\n<p>Se ei ole vain jauhoja ja mausteita. Siin\u00e4 on <strong>tasapainoista suolaisuutta, lempe\u00e4\u00e4 pippurisuutta, valkosipulin syvyytt\u00e4, yrttien taustaa ja kevytt\u00e4, t\u00e4ydellisesti ruskistuvaa kuorta<\/strong>. T\u00e4m\u00e4 sekoitus sopii kanan paistamiseen, pannulla paistamiseen tai uunissa paistamiseen.  <\/p>\n<h2><strong>BBQ Aces kommentti<\/strong><\/h2>\n<p>Se on jokap\u00e4iv\u00e4inen sekoitus &#8211; mutta panerointia varten. Meat Church Chicken Fried Breading tekee kaikesta paremman version.<\/p>\n<p>Kanaa? Parempi.  <\/p>\n<p>\u0160nitsel? Parempi.<\/p>\n<p>Jopa sipulirenkaat saivat aivan uuden el\u00e4m\u00e4n. <\/p>\n<p><strong style=\"font-size: 20.16px; color: #333333;\">PRO VINKKI<\/strong><\/p>\n<div>\n<p>Kokeile Chicken Fried Breading -panerointia <strong>ohuena &#8221;double-dip&#8221;-panerointina<\/strong>:<\/p>\n<p>Kasta liha tai vihannekset ensin jauhoseokseen, sitten maitoon (tai maitoon + kananmunaan) ja lopuksi seokseen uudelleen.<\/p>\n<p>Tuloksena on <strong>kultaisen rapea kuori, jossa on superrapeutta<\/strong> ja joka pysyy jopa mehukkaiden kananpalojen p\u00e4\u00e4ll\u00e4.<\/p>\n<\/div>\n<\/div>\n<div>\n<p>&nbsp;<\/p>\n<\/div>\n","protected":false},"excerpt":{"rendered":"<p>Lihakirkon kana paistettu leip\u00e4. Nettopaino 283 g <\/p>\n<p>Ainesosat: valkaistu VEHN\u00c4jauho (vehn\u00e4jauho, mallasohrajauho,<\/p>\n<p>niasiini, rauta, tiamiini, mononitraatti, riboflaviini), maissit\u00e4rkkelys, suola,<\/p>\n<p>P\u00c4\u00c4RYN\u00c4, mausteet, maissit\u00e4rkkelys ja kuivattu valkosipuli.<\/p>\n<p>Sis\u00e4lt\u00e4\u00e4 allergeenia: NISU.<\/p>\n<p>Ravintosis\u00e4lt\u00f6 100 g:ssa: energia 333 kcal (1396 kJ), rasva 60 g<\/p>\n<p>josta tyydyttyneit\u00e4 rasvahappoja 0 g, hiilihydraatteja 67 g josta<\/p>\n<p>sokereita 0 g. proteiinia 0 g, suolaa 51,7 g<\/p>\n<p>S\u00e4ilyt\u00e4 j\u00e4\u00e4kaapissa avaamisen j\u00e4lkeen.<\/p>\n<p>S\u00e4ilyvyysaika: katso pakkauksesta. <\/p>\n<p>Tuotettu Yhdysvalloissa<\/p>\n<p>Maahantuoja: Resaco BV, Karrewiel 8, 6942 LK Didam<\/p>\n<p>Jakelija Virossa: BBQ \u00c4ssad O\u00dc www.bbqassad.ee<\/p>\n","protected":false},"featured_media":22314,"comment_status":"open","ping_status":"closed","template":"","meta":[],"product_brand":[],"product_cat":[812],"product_tag":[],"class_list":{"0":"post-23671","1":"product","2":"type-product","3":"status-publish","4":"has-post-thumbnail","6":"product_cat-marinadit","8":"first","9":"instock","10":"taxable","11":"shipping-taxable","12":"purchasable","13":"product-type-simple"},"yoast_head":"<!-- This site is optimized with the Yoast SEO plugin v27.4 - https:\/\/yoast.com\/product\/yoast-seo-wordpress\/ -->\n<title>Lihakirkon kana paistettu leip\u00e4 283 g - % BBQ \u00c4ssad %<\/title>\n<meta name=\"description\" content=\"Lihakirkon kana paistettu leip\u00e4 283 g. Ainesosat. S\u00e4ilyt\u00e4 j\u00e4\u00e4kaapissa avaamisen j\u00e4lkeen.\" \/>\n<meta name=\"robots\" content=\"index, follow, max-snippet:-1, max-image-preview:large, max-video-preview:-1\" \/>\n<link rel=\"canonical\" href=\"https:\/\/bbqassad.ee\/fi\/toode\/lihakirkon-kanan-paistettu-leipa-283-g\/\" \/>\n<meta property=\"og:locale\" content=\"fi_FI\" \/>\n<meta property=\"og:type\" content=\"article\" \/>\n<meta property=\"og:title\" content=\"Lihakirkon kana paistettu leip\u00e4 283 g - % BBQ \u00c4ssad %\" \/>\n<meta property=\"og:description\" content=\"Lihakirkon kana paistettu leip\u00e4 283 g. Ainesosat. S\u00e4ilyt\u00e4 j\u00e4\u00e4kaapissa avaamisen j\u00e4lkeen.\" \/>\n<meta property=\"og:url\" content=\"https:\/\/bbqassad.ee\/fi\/toode\/lihakirkon-kanan-paistettu-leipa-283-g\/\" \/>\n<meta property=\"og:site_name\" content=\"BBQ \u00c4ssad\" \/>\n<meta property=\"article:publisher\" content=\"https:\/\/www.facebook.com\/bbqassad\" \/>\n<meta property=\"article:modified_time\" content=\"2026-04-14T06:34:33+00:00\" \/>\n<meta property=\"og:image\" content=\"https:\/\/bbqassad.ee\/wp-content\/uploads\/2026\/03\/Meat_Church_Chicken_Fried_Breading_283g.png\" \/>\n<meta name=\"twitter:card\" content=\"summary_large_image\" \/>\n<meta name=\"twitter:title\" content=\"Lihakirkon kana paistettu leip\u00e4 283 g -% BBQ \u00c4ssad%\" \/>\n<meta name=\"twitter:description\" content=\"Lihakirkon kana paistettu leip\u00e4 283 g. Ainesosat. S\u00e4ilyt\u00e4 j\u00e4\u00e4kaapissa avaamisen j\u00e4lkeen.\" \/>\n<meta name=\"twitter:image\" content=\"https:\/\/bbqassad.ee\/wp-content\/uploads\/2026\/03\/Meat_Church_Chicken_Fried_Breading_283g.png\" \/>\n<meta name=\"twitter:label1\" content=\"Arvioitu lukuaika\" \/>\n\t<meta name=\"twitter:data1\" content=\"2 minuuttia\" \/>\n<script type=\"application\/ld+json\" class=\"yoast-schema-graph\">{\"@context\":\"https:\\\/\\\/schema.org\",\"@graph\":[{\"@type\":\"WebPage\",\"@id\":\"https:\\\/\\\/bbqassad.ee\\\/fi\\\/toode\\\/lihakirkon-kanan-paistettu-leipa-283-g\\\/\",\"url\":\"https:\\\/\\\/bbqassad.ee\\\/fi\\\/toode\\\/lihakirkon-kanan-paistettu-leipa-283-g\\\/\",\"name\":\"Lihakirkon kana paistettu leip\u00e4 283 g - % BBQ \u00c4ssad %\",\"isPartOf\":{\"@id\":\"https:\\\/\\\/bbqassad.ee\\\/fi\\\/#website\"},\"primaryImageOfPage\":{\"@id\":\"https:\\\/\\\/bbqassad.ee\\\/fi\\\/toode\\\/lihakirkon-kanan-paistettu-leipa-283-g\\\/#primaryimage\"},\"image\":{\"@id\":\"https:\\\/\\\/bbqassad.ee\\\/fi\\\/toode\\\/lihakirkon-kanan-paistettu-leipa-283-g\\\/#primaryimage\"},\"thumbnailUrl\":\"https:\\\/\\\/bbqassad.ee\\\/wp-content\\\/uploads\\\/2026\\\/03\\\/Meat_Church_Chicken_Fried_Breading_283g.png\",\"datePublished\":\"2026-03-26T07:05:05+00:00\",\"dateModified\":\"2026-04-14T06:34:33+00:00\",\"description\":\"Lihakirkon kana paistettu leip\u00e4 283 g. Ainesosat. S\u00e4ilyt\u00e4 j\u00e4\u00e4kaapissa avaamisen j\u00e4lkeen.\",\"breadcrumb\":{\"@id\":\"https:\\\/\\\/bbqassad.ee\\\/fi\\\/toode\\\/lihakirkon-kanan-paistettu-leipa-283-g\\\/#breadcrumb\"},\"inLanguage\":\"fi\",\"potentialAction\":[{\"@type\":\"ReadAction\",\"target\":[\"https:\\\/\\\/bbqassad.ee\\\/fi\\\/toode\\\/lihakirkon-kanan-paistettu-leipa-283-g\\\/\"]}]},{\"@type\":\"ImageObject\",\"inLanguage\":\"fi\",\"@id\":\"https:\\\/\\\/bbqassad.ee\\\/fi\\\/toode\\\/lihakirkon-kanan-paistettu-leipa-283-g\\\/#primaryimage\",\"url\":\"https:\\\/\\\/bbqassad.ee\\\/wp-content\\\/uploads\\\/2026\\\/03\\\/Meat_Church_Chicken_Fried_Breading_283g.png\",\"contentUrl\":\"https:\\\/\\\/bbqassad.ee\\\/wp-content\\\/uploads\\\/2026\\\/03\\\/Meat_Church_Chicken_Fried_Breading_283g.png\",\"width\":1280,\"height\":720},{\"@type\":\"BreadcrumbList\",\"@id\":\"https:\\\/\\\/bbqassad.ee\\\/fi\\\/toode\\\/lihakirkon-kanan-paistettu-leipa-283-g\\\/#breadcrumb\",\"itemListElement\":[{\"@type\":\"ListItem\",\"position\":1,\"name\":\"Home\",\"item\":\"https:\\\/\\\/bbqassad.ee\\\/fi\\\/bbq-assat\\\/\"},{\"@type\":\"ListItem\",\"position\":2,\"name\":\"Verkkokauppa\",\"item\":\"https:\\\/\\\/bbqassad.ee\\\/fi\\\/verkkokauppa\\\/\"},{\"@type\":\"ListItem\",\"position\":3,\"name\":\"Meat Church Chicken Fried 283 g\"}]},{\"@type\":\"WebSite\",\"@id\":\"https:\\\/\\\/bbqassad.ee\\\/fi\\\/#website\",\"url\":\"https:\\\/\\\/bbqassad.ee\\\/fi\\\/\",\"name\":\"BBQ \u00c4ssad\",\"description\":\"BBQ maitseained, kastmed, ahjud\",\"publisher\":{\"@id\":\"https:\\\/\\\/bbqassad.ee\\\/fi\\\/#organization\"},\"potentialAction\":[{\"@type\":\"SearchAction\",\"target\":{\"@type\":\"EntryPoint\",\"urlTemplate\":\"https:\\\/\\\/bbqassad.ee\\\/fi\\\/?s={search_term_string}\"},\"query-input\":{\"@type\":\"PropertyValueSpecification\",\"valueRequired\":true,\"valueName\":\"search_term_string\"}}],\"inLanguage\":\"fi\"},{\"@type\":\"Organization\",\"@id\":\"https:\\\/\\\/bbqassad.ee\\\/fi\\\/#organization\",\"name\":\"BBQ \u00c4ssad\",\"url\":\"https:\\\/\\\/bbqassad.ee\\\/fi\\\/\",\"logo\":{\"@type\":\"ImageObject\",\"inLanguage\":\"fi\",\"@id\":\"https:\\\/\\\/bbqassad.ee\\\/fi\\\/#\\\/schema\\\/logo\\\/image\\\/\",\"url\":\"https:\\\/\\\/bbqassad.ee\\\/wp-content\\\/uploads\\\/2022\\\/10\\\/BBQ-2ssadlogo.png\",\"contentUrl\":\"https:\\\/\\\/bbqassad.ee\\\/wp-content\\\/uploads\\\/2022\\\/10\\\/BBQ-2ssadlogo.png\",\"width\":1080,\"height\":1080,\"caption\":\"BBQ \u00c4ssad\"},\"image\":{\"@id\":\"https:\\\/\\\/bbqassad.ee\\\/fi\\\/#\\\/schema\\\/logo\\\/image\\\/\"},\"sameAs\":[\"https:\\\/\\\/www.facebook.com\\\/bbqassad\",\"https:\\\/\\\/www.youtube.com\\\/channel\\\/UCsoufn49J6TVi9Ah9meE93w\"]}]}<\/script>\n<!-- \/ Yoast SEO plugin. -->","yoast_head_json":{"title":"Lihakirkon kana paistettu leip\u00e4 283 g - % BBQ \u00c4ssad %","description":"Lihakirkon kana paistettu leip\u00e4 283 g. Ainesosat. S\u00e4ilyt\u00e4 j\u00e4\u00e4kaapissa avaamisen j\u00e4lkeen.","robots":{"index":"index","follow":"follow","max-snippet":"max-snippet:-1","max-image-preview":"max-image-preview:large","max-video-preview":"max-video-preview:-1"},"canonical":"https:\/\/bbqassad.ee\/fi\/toode\/lihakirkon-kanan-paistettu-leipa-283-g\/","og_locale":"fi_FI","og_type":"article","og_title":"Lihakirkon kana paistettu leip\u00e4 283 g - % BBQ \u00c4ssad %","og_description":"Lihakirkon kana paistettu leip\u00e4 283 g. Ainesosat. S\u00e4ilyt\u00e4 j\u00e4\u00e4kaapissa avaamisen j\u00e4lkeen.","og_url":"https:\/\/bbqassad.ee\/fi\/toode\/lihakirkon-kanan-paistettu-leipa-283-g\/","og_site_name":"BBQ \u00c4ssad","article_publisher":"https:\/\/www.facebook.com\/bbqassad","article_modified_time":"2026-04-14T06:34:33+00:00","og_image":[{"url":"https:\/\/bbqassad.ee\/wp-content\/uploads\/2026\/03\/Meat_Church_Chicken_Fried_Breading_283g.png","type":"","width":"","height":""}],"twitter_card":"summary_large_image","twitter_title":"Lihakirkon kana paistettu leip\u00e4 283 g -% BBQ \u00c4ssad%","twitter_description":"Lihakirkon kana paistettu leip\u00e4 283 g. Ainesosat. S\u00e4ilyt\u00e4 j\u00e4\u00e4kaapissa avaamisen j\u00e4lkeen.","twitter_image":"https:\/\/bbqassad.ee\/wp-content\/uploads\/2026\/03\/Meat_Church_Chicken_Fried_Breading_283g.png","twitter_misc":{"Arvioitu lukuaika":"2 minuuttia"},"schema":{"@context":"https:\/\/schema.org","@graph":[{"@type":"WebPage","@id":"https:\/\/bbqassad.ee\/fi\/toode\/lihakirkon-kanan-paistettu-leipa-283-g\/","url":"https:\/\/bbqassad.ee\/fi\/toode\/lihakirkon-kanan-paistettu-leipa-283-g\/","name":"Lihakirkon kana paistettu leip\u00e4 283 g - % BBQ \u00c4ssad %","isPartOf":{"@id":"https:\/\/bbqassad.ee\/fi\/#website"},"primaryImageOfPage":{"@id":"https:\/\/bbqassad.ee\/fi\/toode\/lihakirkon-kanan-paistettu-leipa-283-g\/#primaryimage"},"image":{"@id":"https:\/\/bbqassad.ee\/fi\/toode\/lihakirkon-kanan-paistettu-leipa-283-g\/#primaryimage"},"thumbnailUrl":"https:\/\/bbqassad.ee\/wp-content\/uploads\/2026\/03\/Meat_Church_Chicken_Fried_Breading_283g.png","datePublished":"2026-03-26T07:05:05+00:00","dateModified":"2026-04-14T06:34:33+00:00","description":"Lihakirkon kana paistettu leip\u00e4 283 g. Ainesosat. S\u00e4ilyt\u00e4 j\u00e4\u00e4kaapissa avaamisen j\u00e4lkeen.","breadcrumb":{"@id":"https:\/\/bbqassad.ee\/fi\/toode\/lihakirkon-kanan-paistettu-leipa-283-g\/#breadcrumb"},"inLanguage":"fi","potentialAction":[{"@type":"ReadAction","target":["https:\/\/bbqassad.ee\/fi\/toode\/lihakirkon-kanan-paistettu-leipa-283-g\/"]}]},{"@type":"ImageObject","inLanguage":"fi","@id":"https:\/\/bbqassad.ee\/fi\/toode\/lihakirkon-kanan-paistettu-leipa-283-g\/#primaryimage","url":"https:\/\/bbqassad.ee\/wp-content\/uploads\/2026\/03\/Meat_Church_Chicken_Fried_Breading_283g.png","contentUrl":"https:\/\/bbqassad.ee\/wp-content\/uploads\/2026\/03\/Meat_Church_Chicken_Fried_Breading_283g.png","width":1280,"height":720},{"@type":"BreadcrumbList","@id":"https:\/\/bbqassad.ee\/fi\/toode\/lihakirkon-kanan-paistettu-leipa-283-g\/#breadcrumb","itemListElement":[{"@type":"ListItem","position":1,"name":"Home","item":"https:\/\/bbqassad.ee\/fi\/bbq-assat\/"},{"@type":"ListItem","position":2,"name":"Verkkokauppa","item":"https:\/\/bbqassad.ee\/fi\/verkkokauppa\/"},{"@type":"ListItem","position":3,"name":"Meat Church Chicken Fried 283 g"}]},{"@type":"WebSite","@id":"https:\/\/bbqassad.ee\/fi\/#website","url":"https:\/\/bbqassad.ee\/fi\/","name":"BBQ \u00c4ssad","description":"BBQ maitseained, kastmed, ahjud","publisher":{"@id":"https:\/\/bbqassad.ee\/fi\/#organization"},"potentialAction":[{"@type":"SearchAction","target":{"@type":"EntryPoint","urlTemplate":"https:\/\/bbqassad.ee\/fi\/?s={search_term_string}"},"query-input":{"@type":"PropertyValueSpecification","valueRequired":true,"valueName":"search_term_string"}}],"inLanguage":"fi"},{"@type":"Organization","@id":"https:\/\/bbqassad.ee\/fi\/#organization","name":"BBQ \u00c4ssad","url":"https:\/\/bbqassad.ee\/fi\/","logo":{"@type":"ImageObject","inLanguage":"fi","@id":"https:\/\/bbqassad.ee\/fi\/#\/schema\/logo\/image\/","url":"https:\/\/bbqassad.ee\/wp-content\/uploads\/2022\/10\/BBQ-2ssadlogo.png","contentUrl":"https:\/\/bbqassad.ee\/wp-content\/uploads\/2022\/10\/BBQ-2ssadlogo.png","width":1080,"height":1080,"caption":"BBQ \u00c4ssad"},"image":{"@id":"https:\/\/bbqassad.ee\/fi\/#\/schema\/logo\/image\/"},"sameAs":["https:\/\/www.facebook.com\/bbqassad","https:\/\/www.youtube.com\/channel\/UCsoufn49J6TVi9Ah9meE93w"]}]}},"_links":{"self":[{"href":"https:\/\/bbqassad.ee\/fi\/wp-json\/wp\/v2\/product\/23671","targetHints":{"allow":["GET"]}}],"collection":[{"href":"https:\/\/bbqassad.ee\/fi\/wp-json\/wp\/v2\/product"}],"about":[{"href":"https:\/\/bbqassad.ee\/fi\/wp-json\/wp\/v2\/types\/product"}],"replies":[{"embeddable":true,"href":"https:\/\/bbqassad.ee\/fi\/wp-json\/wp\/v2\/comments?post=23671"}],"wp:featuredmedia":[{"embeddable":true,"href":"https:\/\/bbqassad.ee\/fi\/wp-json\/wp\/v2\/media\/22314"}],"wp:attachment":[{"href":"https:\/\/bbqassad.ee\/fi\/wp-json\/wp\/v2\/media?parent=23671"}],"wp:term":[{"taxonomy":"product_brand","embeddable":true,"href":"https:\/\/bbqassad.ee\/fi\/wp-json\/wp\/v2\/product_brand?post=23671"},{"taxonomy":"product_cat","embeddable":true,"href":"https:\/\/bbqassad.ee\/fi\/wp-json\/wp\/v2\/product_cat?post=23671"},{"taxonomy":"product_tag","embeddable":true,"href":"https:\/\/bbqassad.ee\/fi\/wp-json\/wp\/v2\/product_tag?post=23671"}],"curies":[{"name":"wp","href":"https:\/\/api.w.org\/{rel}","templated":true}]}}