{"id":23669,"date":"2026-03-26T08:15:53","date_gmt":"2026-03-26T08:15:53","guid":{"rendered":"https:\/\/bbqassad.ee\/toode\/lillies-q-carolina-dirt-bbq-rub-312g-2\/"},"modified":"2026-04-14T06:34:32","modified_gmt":"2026-04-14T06:34:32","slug":"lillies-q-carolina-dirt-bbq-rub-312g-2","status":"publish","type":"product","link":"https:\/\/bbqassad.ee\/fi\/toode\/lillies-q-carolina-dirt-bbq-rub-312g-2\/","title":{"rendered":"Lillie&#8217;s Q Carolina Dirt BBQ Rub 312g"},"content":{"rendered":"<h2>Lillie&#8217;s Q Carolina Dirt BBQ Rub 312g<\/h2>\n<p><strong style=\"font-size: 14.4px;\">Lillien Q Carolina Dirt<\/strong><span style=\"font-size: 14.4px;\">  on yksi Carolinasin ikonisimmista grilliruokaresepteist\u00e4 &#8211; makean, suolaisen ja yrttisen sekoitus, joka tekee erityisesti sianlihasta ja kanasta uskomattoman maukkaita. T\u00e4ss\u00e4 rubissa kaikki ainesosat on saatettu t\u00e4sm\u00e4lliseen sopusointuun, joten mit\u00e4\u00e4n ei ole liikaa tai puuttuu. Tuloksena on rub, joka sopii niin grillauskilpailuihin kuin aivan tavalliseen arkiruokaan.  <\/span><\/p>\n<div>\n<p>Heath Riles Everyday Rubin tapaan Carolina Dirt on mauste, joka toimii ihmeellisesti ribseille, pulled porkille, kanansiiville, ranskalaisille ja jopa maissille. Eritt\u00e4in monipuolinen, eritt\u00e4in k\u00e4ytt\u00e4j\u00e4yst\u00e4v\u00e4llinen ja toimii aina. <\/p>\n<h2><strong>BBQ Aces kommentti<\/strong><\/h2>\n<p>Carolinan tyyliin sopiva makean ja suolan tasapaino, joka sopii uskomattoman moneen ruokalajiin. Jos tarvitset rubin, jonka kanssa et voi menn\u00e4 pieleen, Carolina Dirt on hyv\u00e4 valinta. <\/p>\n<h2><strong>Ammattilaisen vinkki  <\/strong><\/h2>\n<p>K\u00e4yt\u00e4 Carolina Dirt <strong>-kuivasuolausmenetelm\u00e4\u00e4<\/strong> saadaksesi erityisen syv\u00e4n maun ja kauniin kuoren. Suola ja sokeri vet\u00e4v\u00e4t kosteutta pintaan, rub sulaa lihaan ja lopputulos on paljon intensiivisempi, mehukkaampi ja syv\u00e4makuisempi.<br \/>\nT\u00e4m\u00e4 menetelm\u00e4 sopii <em>erityisen<\/em> hyvin ribseille, pulled porkille ja my\u00f6s kanalle. <\/p>\n<\/div>\n","protected":false},"excerpt":{"rendered":"<p>Lillie&#8217;s Q Carolina Dirt BBQ Rub. Nettom\u00e4\u00e4r\u00e4 312g <\/p>\n<p>Ainesosat: sokeri, paprika, ruskea sokeri, merisuola,<br \/>\nmausteet, mukaan lukien chili, suola, sipuli- ja valkosipulijauhe, SINESEEDS,<br \/>\nSELLER-siemenet, paprika, enint\u00e4\u00e4n 2 % lis\u00e4tty<br \/>\ntrikalsiumfosfaatti (paakkuuntumisenestoaine).<\/p>\n<p>Ravintosis\u00e4lt\u00f6 100g kohti: Energiaa 500 kcal (2093kJ), Rasvaa 0 g,<br \/>\njosta tyydyttyneit\u00e4 rasvahappoja 0 g, sokereita 0 g, proteiinia 0 g,<br \/>\nhiilihydraatteja 100g josta sokereita 0 g, suolaa 18,8 g.<\/p>\n<p>Parasta ennen: katso pakkaus,<br \/>\nMade in the USA.<\/p>\n<p>Maahantuoja: Resaco BV, Karrewiel 8, NL-6942 LK Didam.<br \/>\nJ\u00e4lleenmyyj\u00e4 Virossa: BBQ \u00c4ssad O\u00dc www.bbqassad.ee<\/p>\n","protected":false},"featured_media":22327,"comment_status":"open","ping_status":"closed","template":"","meta":[],"product_brand":[],"product_cat":[802],"product_tag":[],"class_list":{"0":"post-23669","1":"product","2":"type-product","3":"status-publish","4":"has-post-thumbnail","6":"product_cat-sekoitukset","8":"first","9":"instock","10":"taxable","11":"shipping-taxable","12":"purchasable","13":"product-type-simple"},"yoast_head":"<!-- This site is optimized with the Yoast SEO plugin v27.4 - https:\/\/yoast.com\/product\/yoast-seo-wordpress\/ -->\n<title>Lillie&#039;s Q Carolina Dirt BBQ Rub 312g - BBQ \u00c4ssad%<\/title>\n<meta name=\"description\" content=\"Lillie&#039;s Q Carolina Dirt BBQ Rub 312g sis\u00e4lt\u00e4\u00e4 sokeria, paprikaa, ruskeaa sokeria ja merisuolaa. Tuote on valmistettu Yhdysvalloissa. Parasta ennen katso pakkaus.\" \/>\n<meta name=\"robots\" content=\"index, follow, max-snippet:-1, max-image-preview:large, max-video-preview:-1\" \/>\n<link rel=\"canonical\" href=\"https:\/\/bbqassad.ee\/fi\/toode\/lillies-q-carolina-dirt-bbq-rub-312g-2\/\" \/>\n<meta property=\"og:locale\" content=\"fi_FI\" \/>\n<meta property=\"og:type\" content=\"article\" \/>\n<meta property=\"og:title\" content=\"Lillie&#039;s Q Carolina Dirt BBQ Rub 312g - BBQ \u00c4ssad%\" \/>\n<meta property=\"og:description\" content=\"Lillie&#039;s Q Carolina Dirt BBQ Rub 312g sis\u00e4lt\u00e4\u00e4 sokeria, paprikaa, ruskeaa sokeria ja merisuolaa. Tuote on valmistettu Yhdysvalloissa. Parasta ennen katso pakkaus.\" \/>\n<meta property=\"og:url\" content=\"https:\/\/bbqassad.ee\/fi\/toode\/lillies-q-carolina-dirt-bbq-rub-312g-2\/\" \/>\n<meta property=\"og:site_name\" content=\"BBQ \u00c4ssad\" \/>\n<meta property=\"article:publisher\" content=\"https:\/\/www.facebook.com\/bbqassad\" \/>\n<meta property=\"article:modified_time\" content=\"2026-04-14T06:34:32+00:00\" \/>\n<meta property=\"og:image\" content=\"https:\/\/bbqassad.ee\/wp-content\/uploads\/2026\/03\/Lillies_Q_Carolina_Dirt_BBQ_Rub_312g.png\" \/>\n<meta name=\"twitter:card\" content=\"summary_large_image\" \/>\n<meta name=\"twitter:title\" content=\"Lillie&#039;s Q Carolina Dirt BBQ Rub 312g - BBQ \u00c4ssad%\" \/>\n<meta name=\"twitter:description\" content=\"Lillie&#039;s Q Carolina Dirt BBQ Rub 312g sis\u00e4lt\u00e4\u00e4 sokeria, paprikaa, ruskeaa sokeria ja merisuolaa. Tuote on valmistettu Yhdysvalloissa. Parasta ennen katso pakkaus.\" \/>\n<meta name=\"twitter:image\" content=\"https:\/\/bbqassad.ee\/wp-content\/uploads\/2026\/03\/Lillies_Q_Carolina_Dirt_BBQ_Rub_312g.png\" \/>\n<meta name=\"twitter:label1\" content=\"Arvioitu lukuaika\" \/>\n\t<meta name=\"twitter:data1\" content=\"1 minuutti\" \/>\n<script type=\"application\/ld+json\" class=\"yoast-schema-graph\">{\"@context\":\"https:\\\/\\\/schema.org\",\"@graph\":[{\"@type\":\"WebPage\",\"@id\":\"https:\\\/\\\/bbqassad.ee\\\/fi\\\/toode\\\/lillies-q-carolina-dirt-bbq-rub-312g-2\\\/\",\"url\":\"https:\\\/\\\/bbqassad.ee\\\/fi\\\/toode\\\/lillies-q-carolina-dirt-bbq-rub-312g-2\\\/\",\"name\":\"Lillie's Q Carolina Dirt BBQ Rub 312g - BBQ \u00c4ssad%\",\"isPartOf\":{\"@id\":\"https:\\\/\\\/bbqassad.ee\\\/fi\\\/#website\"},\"primaryImageOfPage\":{\"@id\":\"https:\\\/\\\/bbqassad.ee\\\/fi\\\/toode\\\/lillies-q-carolina-dirt-bbq-rub-312g-2\\\/#primaryimage\"},\"image\":{\"@id\":\"https:\\\/\\\/bbqassad.ee\\\/fi\\\/toode\\\/lillies-q-carolina-dirt-bbq-rub-312g-2\\\/#primaryimage\"},\"thumbnailUrl\":\"https:\\\/\\\/bbqassad.ee\\\/wp-content\\\/uploads\\\/2026\\\/03\\\/Lillies_Q_Carolina_Dirt_BBQ_Rub_312g.png\",\"datePublished\":\"2026-03-26T08:15:53+00:00\",\"dateModified\":\"2026-04-14T06:34:32+00:00\",\"description\":\"Lillie's Q Carolina Dirt BBQ Rub 312g sis\u00e4lt\u00e4\u00e4 sokeria, paprikaa, ruskeaa sokeria ja merisuolaa. Tuote on valmistettu Yhdysvalloissa. Parasta ennen katso pakkaus.\",\"breadcrumb\":{\"@id\":\"https:\\\/\\\/bbqassad.ee\\\/fi\\\/toode\\\/lillies-q-carolina-dirt-bbq-rub-312g-2\\\/#breadcrumb\"},\"inLanguage\":\"fi\",\"potentialAction\":[{\"@type\":\"ReadAction\",\"target\":[\"https:\\\/\\\/bbqassad.ee\\\/fi\\\/toode\\\/lillies-q-carolina-dirt-bbq-rub-312g-2\\\/\"]}]},{\"@type\":\"ImageObject\",\"inLanguage\":\"fi\",\"@id\":\"https:\\\/\\\/bbqassad.ee\\\/fi\\\/toode\\\/lillies-q-carolina-dirt-bbq-rub-312g-2\\\/#primaryimage\",\"url\":\"https:\\\/\\\/bbqassad.ee\\\/wp-content\\\/uploads\\\/2026\\\/03\\\/Lillies_Q_Carolina_Dirt_BBQ_Rub_312g.png\",\"contentUrl\":\"https:\\\/\\\/bbqassad.ee\\\/wp-content\\\/uploads\\\/2026\\\/03\\\/Lillies_Q_Carolina_Dirt_BBQ_Rub_312g.png\",\"width\":1280,\"height\":720},{\"@type\":\"BreadcrumbList\",\"@id\":\"https:\\\/\\\/bbqassad.ee\\\/fi\\\/toode\\\/lillies-q-carolina-dirt-bbq-rub-312g-2\\\/#breadcrumb\",\"itemListElement\":[{\"@type\":\"ListItem\",\"position\":1,\"name\":\"Home\",\"item\":\"https:\\\/\\\/bbqassad.ee\\\/fi\\\/bbq-assat\\\/\"},{\"@type\":\"ListItem\",\"position\":2,\"name\":\"Verkkokauppa\",\"item\":\"https:\\\/\\\/bbqassad.ee\\\/fi\\\/verkkokauppa\\\/\"},{\"@type\":\"ListItem\",\"position\":3,\"name\":\"Lillie&#8217;s Q Carolina Dirt BBQ Rub 312g\"}]},{\"@type\":\"WebSite\",\"@id\":\"https:\\\/\\\/bbqassad.ee\\\/fi\\\/#website\",\"url\":\"https:\\\/\\\/bbqassad.ee\\\/fi\\\/\",\"name\":\"BBQ \u00c4ssad\",\"description\":\"BBQ maitseained, kastmed, ahjud\",\"publisher\":{\"@id\":\"https:\\\/\\\/bbqassad.ee\\\/fi\\\/#organization\"},\"potentialAction\":[{\"@type\":\"SearchAction\",\"target\":{\"@type\":\"EntryPoint\",\"urlTemplate\":\"https:\\\/\\\/bbqassad.ee\\\/fi\\\/?s={search_term_string}\"},\"query-input\":{\"@type\":\"PropertyValueSpecification\",\"valueRequired\":true,\"valueName\":\"search_term_string\"}}],\"inLanguage\":\"fi\"},{\"@type\":\"Organization\",\"@id\":\"https:\\\/\\\/bbqassad.ee\\\/fi\\\/#organization\",\"name\":\"BBQ \u00c4ssad\",\"url\":\"https:\\\/\\\/bbqassad.ee\\\/fi\\\/\",\"logo\":{\"@type\":\"ImageObject\",\"inLanguage\":\"fi\",\"@id\":\"https:\\\/\\\/bbqassad.ee\\\/fi\\\/#\\\/schema\\\/logo\\\/image\\\/\",\"url\":\"https:\\\/\\\/bbqassad.ee\\\/wp-content\\\/uploads\\\/2022\\\/10\\\/BBQ-2ssadlogo.png\",\"contentUrl\":\"https:\\\/\\\/bbqassad.ee\\\/wp-content\\\/uploads\\\/2022\\\/10\\\/BBQ-2ssadlogo.png\",\"width\":1080,\"height\":1080,\"caption\":\"BBQ \u00c4ssad\"},\"image\":{\"@id\":\"https:\\\/\\\/bbqassad.ee\\\/fi\\\/#\\\/schema\\\/logo\\\/image\\\/\"},\"sameAs\":[\"https:\\\/\\\/www.facebook.com\\\/bbqassad\",\"https:\\\/\\\/www.youtube.com\\\/channel\\\/UCsoufn49J6TVi9Ah9meE93w\"]}]}<\/script>\n<!-- \/ Yoast SEO plugin. -->","yoast_head_json":{"title":"Lillie's Q Carolina Dirt BBQ Rub 312g - BBQ \u00c4ssad%","description":"Lillie's Q Carolina Dirt BBQ Rub 312g sis\u00e4lt\u00e4\u00e4 sokeria, paprikaa, ruskeaa sokeria ja merisuolaa. Tuote on valmistettu Yhdysvalloissa. Parasta ennen katso pakkaus.","robots":{"index":"index","follow":"follow","max-snippet":"max-snippet:-1","max-image-preview":"max-image-preview:large","max-video-preview":"max-video-preview:-1"},"canonical":"https:\/\/bbqassad.ee\/fi\/toode\/lillies-q-carolina-dirt-bbq-rub-312g-2\/","og_locale":"fi_FI","og_type":"article","og_title":"Lillie's Q Carolina Dirt BBQ Rub 312g - BBQ \u00c4ssad%","og_description":"Lillie's Q Carolina Dirt BBQ Rub 312g sis\u00e4lt\u00e4\u00e4 sokeria, paprikaa, ruskeaa sokeria ja merisuolaa. Tuote on valmistettu Yhdysvalloissa. Parasta ennen katso pakkaus.","og_url":"https:\/\/bbqassad.ee\/fi\/toode\/lillies-q-carolina-dirt-bbq-rub-312g-2\/","og_site_name":"BBQ \u00c4ssad","article_publisher":"https:\/\/www.facebook.com\/bbqassad","article_modified_time":"2026-04-14T06:34:32+00:00","og_image":[{"url":"https:\/\/bbqassad.ee\/wp-content\/uploads\/2026\/03\/Lillies_Q_Carolina_Dirt_BBQ_Rub_312g.png","type":"","width":"","height":""}],"twitter_card":"summary_large_image","twitter_title":"Lillie's Q Carolina Dirt BBQ Rub 312g - BBQ \u00c4ssad%","twitter_description":"Lillie's Q Carolina Dirt BBQ Rub 312g sis\u00e4lt\u00e4\u00e4 sokeria, paprikaa, ruskeaa sokeria ja merisuolaa. Tuote on valmistettu Yhdysvalloissa. Parasta ennen katso pakkaus.","twitter_image":"https:\/\/bbqassad.ee\/wp-content\/uploads\/2026\/03\/Lillies_Q_Carolina_Dirt_BBQ_Rub_312g.png","twitter_misc":{"Arvioitu lukuaika":"1 minuutti"},"schema":{"@context":"https:\/\/schema.org","@graph":[{"@type":"WebPage","@id":"https:\/\/bbqassad.ee\/fi\/toode\/lillies-q-carolina-dirt-bbq-rub-312g-2\/","url":"https:\/\/bbqassad.ee\/fi\/toode\/lillies-q-carolina-dirt-bbq-rub-312g-2\/","name":"Lillie's Q Carolina Dirt BBQ Rub 312g - BBQ \u00c4ssad%","isPartOf":{"@id":"https:\/\/bbqassad.ee\/fi\/#website"},"primaryImageOfPage":{"@id":"https:\/\/bbqassad.ee\/fi\/toode\/lillies-q-carolina-dirt-bbq-rub-312g-2\/#primaryimage"},"image":{"@id":"https:\/\/bbqassad.ee\/fi\/toode\/lillies-q-carolina-dirt-bbq-rub-312g-2\/#primaryimage"},"thumbnailUrl":"https:\/\/bbqassad.ee\/wp-content\/uploads\/2026\/03\/Lillies_Q_Carolina_Dirt_BBQ_Rub_312g.png","datePublished":"2026-03-26T08:15:53+00:00","dateModified":"2026-04-14T06:34:32+00:00","description":"Lillie's Q Carolina Dirt BBQ Rub 312g sis\u00e4lt\u00e4\u00e4 sokeria, paprikaa, ruskeaa sokeria ja merisuolaa. Tuote on valmistettu Yhdysvalloissa. Parasta ennen katso pakkaus.","breadcrumb":{"@id":"https:\/\/bbqassad.ee\/fi\/toode\/lillies-q-carolina-dirt-bbq-rub-312g-2\/#breadcrumb"},"inLanguage":"fi","potentialAction":[{"@type":"ReadAction","target":["https:\/\/bbqassad.ee\/fi\/toode\/lillies-q-carolina-dirt-bbq-rub-312g-2\/"]}]},{"@type":"ImageObject","inLanguage":"fi","@id":"https:\/\/bbqassad.ee\/fi\/toode\/lillies-q-carolina-dirt-bbq-rub-312g-2\/#primaryimage","url":"https:\/\/bbqassad.ee\/wp-content\/uploads\/2026\/03\/Lillies_Q_Carolina_Dirt_BBQ_Rub_312g.png","contentUrl":"https:\/\/bbqassad.ee\/wp-content\/uploads\/2026\/03\/Lillies_Q_Carolina_Dirt_BBQ_Rub_312g.png","width":1280,"height":720},{"@type":"BreadcrumbList","@id":"https:\/\/bbqassad.ee\/fi\/toode\/lillies-q-carolina-dirt-bbq-rub-312g-2\/#breadcrumb","itemListElement":[{"@type":"ListItem","position":1,"name":"Home","item":"https:\/\/bbqassad.ee\/fi\/bbq-assat\/"},{"@type":"ListItem","position":2,"name":"Verkkokauppa","item":"https:\/\/bbqassad.ee\/fi\/verkkokauppa\/"},{"@type":"ListItem","position":3,"name":"Lillie&#8217;s Q Carolina Dirt BBQ Rub 312g"}]},{"@type":"WebSite","@id":"https:\/\/bbqassad.ee\/fi\/#website","url":"https:\/\/bbqassad.ee\/fi\/","name":"BBQ \u00c4ssad","description":"BBQ maitseained, kastmed, ahjud","publisher":{"@id":"https:\/\/bbqassad.ee\/fi\/#organization"},"potentialAction":[{"@type":"SearchAction","target":{"@type":"EntryPoint","urlTemplate":"https:\/\/bbqassad.ee\/fi\/?s={search_term_string}"},"query-input":{"@type":"PropertyValueSpecification","valueRequired":true,"valueName":"search_term_string"}}],"inLanguage":"fi"},{"@type":"Organization","@id":"https:\/\/bbqassad.ee\/fi\/#organization","name":"BBQ \u00c4ssad","url":"https:\/\/bbqassad.ee\/fi\/","logo":{"@type":"ImageObject","inLanguage":"fi","@id":"https:\/\/bbqassad.ee\/fi\/#\/schema\/logo\/image\/","url":"https:\/\/bbqassad.ee\/wp-content\/uploads\/2022\/10\/BBQ-2ssadlogo.png","contentUrl":"https:\/\/bbqassad.ee\/wp-content\/uploads\/2022\/10\/BBQ-2ssadlogo.png","width":1080,"height":1080,"caption":"BBQ \u00c4ssad"},"image":{"@id":"https:\/\/bbqassad.ee\/fi\/#\/schema\/logo\/image\/"},"sameAs":["https:\/\/www.facebook.com\/bbqassad","https:\/\/www.youtube.com\/channel\/UCsoufn49J6TVi9Ah9meE93w"]}]}},"_links":{"self":[{"href":"https:\/\/bbqassad.ee\/fi\/wp-json\/wp\/v2\/product\/23669","targetHints":{"allow":["GET"]}}],"collection":[{"href":"https:\/\/bbqassad.ee\/fi\/wp-json\/wp\/v2\/product"}],"about":[{"href":"https:\/\/bbqassad.ee\/fi\/wp-json\/wp\/v2\/types\/product"}],"replies":[{"embeddable":true,"href":"https:\/\/bbqassad.ee\/fi\/wp-json\/wp\/v2\/comments?post=23669"}],"wp:featuredmedia":[{"embeddable":true,"href":"https:\/\/bbqassad.ee\/fi\/wp-json\/wp\/v2\/media\/22327"}],"wp:attachment":[{"href":"https:\/\/bbqassad.ee\/fi\/wp-json\/wp\/v2\/media?parent=23669"}],"wp:term":[{"taxonomy":"product_brand","embeddable":true,"href":"https:\/\/bbqassad.ee\/fi\/wp-json\/wp\/v2\/product_brand?post=23669"},{"taxonomy":"product_cat","embeddable":true,"href":"https:\/\/bbqassad.ee\/fi\/wp-json\/wp\/v2\/product_cat?post=23669"},{"taxonomy":"product_tag","embeddable":true,"href":"https:\/\/bbqassad.ee\/fi\/wp-json\/wp\/v2\/product_tag?post=23669"}],"curies":[{"name":"wp","href":"https:\/\/api.w.org\/{rel}","templated":true}]}}