{"id":23667,"date":"2026-03-26T09:20:52","date_gmt":"2026-03-26T09:20:52","guid":{"rendered":"https:\/\/bbqassad.ee\/toode\/aw-shit-seasoning-rub-256-g-2\/"},"modified":"2026-04-14T06:34:32","modified_gmt":"2026-04-14T06:34:32","slug":"aw-shit-seasoning-rub-256-g-2","status":"publish","type":"product","link":"https:\/\/bbqassad.ee\/fi\/toode\/aw-shit-seasoning-rub-256-g-2\/","title":{"rendered":"AW Shit Seasoning Rub 256 g"},"content":{"rendered":"<h2>AW Shit Seasoning Rub 256 g<\/h2>\n<p><strong style=\"font-size: 14.4px;\">AW Shit Seasoning Rub<\/strong><span style=\"font-size: 14.4px;\">  on rohkean mausteinen ja aromikas sekoitus, joka lis\u00e4\u00e4 v\u00e4litt\u00f6m\u00e4sti mausteisuutta ja luonnetta ruokaan. Se on mukava yhdistelm\u00e4 suolaisuutta, pippurisuutta, yrttej\u00e4 ja liev\u00e4\u00e4 mausteisuutta, mik\u00e4 tekee siit\u00e4 loistavan jokap\u00e4iv\u00e4isen mausteen grilliin tai keitti\u00f6\u00f6n. <\/span><\/p>\n<div>\n<p>T\u00e4m\u00e4 hieronta sopii yht\u00e4 hyvin kanalle, sianlihalle, naudanlihalle kuin vihanneksillekin &#8211; ravista sit\u00e4 vain p\u00e4\u00e4lle, ja lopputulos on heti t\u00e4ytel\u00e4isempi ja j\u00e4nnitt\u00e4v\u00e4mpi.<\/p>\n<h2><strong>BBQ Aces kommentti<\/strong><\/h2>\n<p>&#8221;T\u00e4m\u00e4 sekoitus her\u00e4tt\u00e4\u00e4 lautasen v\u00e4litt\u00f6m\u00e4sti. Mausteita ja pippureita on juuri sopivasti, joten makua on paljon, mutta se ei ole liian voimakas. Meid\u00e4n keitti\u00f6ss\u00e4mme AW Shitist\u00e4 on tullut nopeasti rub, johon tartumme, kun haluamme vain, ett\u00e4 ruoka on parempaa &#8211; olipa kyseess\u00e4 sitten kana, liha tai vihannekset.&#8221;  <\/p>\n<h2><strong>Ammattilaisen vinkki<\/strong><\/h2>\n<p>Pirskota hierontaa lihan p\u00e4\u00e4lle ja anna seist\u00e4 noin <strong>10-15<\/strong> minuuttia ennen kypsennyst\u00e4.<br \/>\nT\u00e4m\u00e4 auttaa makua imeytym\u00e4\u00e4n ja tekee lopputuloksesta huomattavasti maukkaamman. Sopii erinomaisesti nopeaan maustamiseen. <\/p>\n<\/div>\n<p>&nbsp;<\/p>\n","protected":false},"excerpt":{"rendered":"<p>AW Shit Seasoning, mausteseos. Nettom\u00e4\u00e4r\u00e4 256 g <\/p>\n<p>Ainesosat: suola, cayennepippuri, ancho-chili, pippuri, chilijauhe,<br \/>\nvalkosipuli, paprika, sokeri, sipuli, kalsiumstearaatti.<br \/>\nRavintosis\u00e4lt\u00f6 100 g:ssa: energia: 1195 kJ\/286 kcal;<br \/>\nrasvat 0 g, josta tyydyttyneit\u00e4 rasvahappoja 0 g; hiilihydraatit 57 g,<br \/>\njosta sokereita 0 g; valkuaisaineet 0 g; suola 26 g.<br \/>\nParasta ennen:Katso pakkauksesta.<\/p>\n<p>Tuotettu Yhdysvalloissa.<br \/>\nMaahantuoja: RESACO B.V., Karrewiel 8, 6942 LK Didam.<br \/>\nJ\u00e4lleenmyyj\u00e4 Virossa: BBQ \u00c4ssad O\u00dc www.bbqassad.ee www.bbqassad.ee.<\/p>\n","protected":false},"featured_media":22342,"comment_status":"open","ping_status":"closed","template":"","meta":[],"product_brand":[],"product_cat":[802],"product_tag":[],"class_list":{"0":"post-23667","1":"product","2":"type-product","3":"status-publish","4":"has-post-thumbnail","6":"product_cat-sekoitukset","8":"first","9":"instock","10":"taxable","11":"shipping-taxable","12":"purchasable","13":"product-type-simple"},"yoast_head":"<!-- This site is optimized with the Yoast SEO plugin v27.4 - https:\/\/yoast.com\/product\/yoast-seo-wordpress\/ -->\n<title>AW Shit Seasoning Rub 256 g -% BBQ \u00c4ssad%<\/title>\n<meta name=\"description\" content=\"AW Shit Seasoning on mausteseos, joka sis\u00e4lt\u00e4\u00e4 suolaa, cayennepippuria, valkosipulia ja muita ainesosia. Nettom\u00e4\u00e4r\u00e4 256 g. Tuotettu Yhdysvalloissa.\" \/>\n<meta name=\"robots\" content=\"index, follow, max-snippet:-1, max-image-preview:large, max-video-preview:-1\" \/>\n<link rel=\"canonical\" href=\"https:\/\/bbqassad.ee\/fi\/toode\/aw-shit-seasoning-rub-256-g-2\/\" \/>\n<meta property=\"og:locale\" content=\"fi_FI\" \/>\n<meta property=\"og:type\" content=\"article\" \/>\n<meta property=\"og:title\" content=\"AW Shit Seasoning Rub 256 g -% BBQ \u00c4ssad%\" \/>\n<meta property=\"og:description\" content=\"AW Shit Seasoning on mausteseos, joka sis\u00e4lt\u00e4\u00e4 suolaa, cayennepippuria, valkosipulia ja muita ainesosia. Nettom\u00e4\u00e4r\u00e4 256 g. Tuotettu Yhdysvalloissa.\" \/>\n<meta property=\"og:url\" content=\"https:\/\/bbqassad.ee\/fi\/toode\/aw-shit-seasoning-rub-256-g-2\/\" \/>\n<meta property=\"og:site_name\" content=\"BBQ \u00c4ssad\" \/>\n<meta property=\"article:publisher\" content=\"https:\/\/www.facebook.com\/bbqassad\" \/>\n<meta property=\"article:modified_time\" content=\"2026-04-14T06:34:32+00:00\" \/>\n<meta property=\"og:image\" content=\"https:\/\/bbqassad.ee\/wp-content\/uploads\/2026\/03\/AW_Shit_Seasoning_Rub_256-g.png\" \/>\n<meta name=\"twitter:card\" content=\"summary_large_image\" \/>\n<meta name=\"twitter:title\" content=\"AW Shit Seasoning Rub 256 g -% BBQ \u00c4ssad%\" \/>\n<meta name=\"twitter:description\" content=\"AW Shit Seasoning on mausteseos, joka sis\u00e4lt\u00e4\u00e4 suolaa, cayennepippuria, valkosipulia ja muita ainesosia. Nettom\u00e4\u00e4r\u00e4 256 g. Tuotettu Yhdysvalloissa.\" \/>\n<meta name=\"twitter:image\" content=\"https:\/\/bbqassad.ee\/wp-content\/uploads\/2026\/03\/AW_Shit_Seasoning_Rub_256-g.png\" \/>\n<meta name=\"twitter:label1\" content=\"Arvioitu lukuaika\" \/>\n\t<meta name=\"twitter:data1\" content=\"1 minuutti\" \/>\n<script type=\"application\/ld+json\" class=\"yoast-schema-graph\">{\"@context\":\"https:\\\/\\\/schema.org\",\"@graph\":[{\"@type\":\"WebPage\",\"@id\":\"https:\\\/\\\/bbqassad.ee\\\/fi\\\/toode\\\/aw-shit-seasoning-rub-256-g-2\\\/\",\"url\":\"https:\\\/\\\/bbqassad.ee\\\/fi\\\/toode\\\/aw-shit-seasoning-rub-256-g-2\\\/\",\"name\":\"AW Shit Seasoning Rub 256 g -% BBQ \u00c4ssad%\",\"isPartOf\":{\"@id\":\"https:\\\/\\\/bbqassad.ee\\\/fi\\\/#website\"},\"primaryImageOfPage\":{\"@id\":\"https:\\\/\\\/bbqassad.ee\\\/fi\\\/toode\\\/aw-shit-seasoning-rub-256-g-2\\\/#primaryimage\"},\"image\":{\"@id\":\"https:\\\/\\\/bbqassad.ee\\\/fi\\\/toode\\\/aw-shit-seasoning-rub-256-g-2\\\/#primaryimage\"},\"thumbnailUrl\":\"https:\\\/\\\/bbqassad.ee\\\/wp-content\\\/uploads\\\/2026\\\/03\\\/AW_Shit_Seasoning_Rub_256-g.png\",\"datePublished\":\"2026-03-26T09:20:52+00:00\",\"dateModified\":\"2026-04-14T06:34:32+00:00\",\"description\":\"AW Shit Seasoning on mausteseos, joka sis\u00e4lt\u00e4\u00e4 suolaa, cayennepippuria, valkosipulia ja muita ainesosia. Nettom\u00e4\u00e4r\u00e4 256 g. Tuotettu Yhdysvalloissa.\",\"breadcrumb\":{\"@id\":\"https:\\\/\\\/bbqassad.ee\\\/fi\\\/toode\\\/aw-shit-seasoning-rub-256-g-2\\\/#breadcrumb\"},\"inLanguage\":\"fi\",\"potentialAction\":[{\"@type\":\"ReadAction\",\"target\":[\"https:\\\/\\\/bbqassad.ee\\\/fi\\\/toode\\\/aw-shit-seasoning-rub-256-g-2\\\/\"]}]},{\"@type\":\"ImageObject\",\"inLanguage\":\"fi\",\"@id\":\"https:\\\/\\\/bbqassad.ee\\\/fi\\\/toode\\\/aw-shit-seasoning-rub-256-g-2\\\/#primaryimage\",\"url\":\"https:\\\/\\\/bbqassad.ee\\\/wp-content\\\/uploads\\\/2026\\\/03\\\/AW_Shit_Seasoning_Rub_256-g.png\",\"contentUrl\":\"https:\\\/\\\/bbqassad.ee\\\/wp-content\\\/uploads\\\/2026\\\/03\\\/AW_Shit_Seasoning_Rub_256-g.png\",\"width\":1280,\"height\":720},{\"@type\":\"BreadcrumbList\",\"@id\":\"https:\\\/\\\/bbqassad.ee\\\/fi\\\/toode\\\/aw-shit-seasoning-rub-256-g-2\\\/#breadcrumb\",\"itemListElement\":[{\"@type\":\"ListItem\",\"position\":1,\"name\":\"Home\",\"item\":\"https:\\\/\\\/bbqassad.ee\\\/fi\\\/bbq-assat\\\/\"},{\"@type\":\"ListItem\",\"position\":2,\"name\":\"Verkkokauppa\",\"item\":\"https:\\\/\\\/bbqassad.ee\\\/fi\\\/verkkokauppa\\\/\"},{\"@type\":\"ListItem\",\"position\":3,\"name\":\"AW Shit Seasoning Rub 256 g\"}]},{\"@type\":\"WebSite\",\"@id\":\"https:\\\/\\\/bbqassad.ee\\\/fi\\\/#website\",\"url\":\"https:\\\/\\\/bbqassad.ee\\\/fi\\\/\",\"name\":\"BBQ \u00c4ssad\",\"description\":\"BBQ maitseained, kastmed, ahjud\",\"publisher\":{\"@id\":\"https:\\\/\\\/bbqassad.ee\\\/fi\\\/#organization\"},\"potentialAction\":[{\"@type\":\"SearchAction\",\"target\":{\"@type\":\"EntryPoint\",\"urlTemplate\":\"https:\\\/\\\/bbqassad.ee\\\/fi\\\/?s={search_term_string}\"},\"query-input\":{\"@type\":\"PropertyValueSpecification\",\"valueRequired\":true,\"valueName\":\"search_term_string\"}}],\"inLanguage\":\"fi\"},{\"@type\":\"Organization\",\"@id\":\"https:\\\/\\\/bbqassad.ee\\\/fi\\\/#organization\",\"name\":\"BBQ \u00c4ssad\",\"url\":\"https:\\\/\\\/bbqassad.ee\\\/fi\\\/\",\"logo\":{\"@type\":\"ImageObject\",\"inLanguage\":\"fi\",\"@id\":\"https:\\\/\\\/bbqassad.ee\\\/fi\\\/#\\\/schema\\\/logo\\\/image\\\/\",\"url\":\"https:\\\/\\\/bbqassad.ee\\\/wp-content\\\/uploads\\\/2022\\\/10\\\/BBQ-2ssadlogo.png\",\"contentUrl\":\"https:\\\/\\\/bbqassad.ee\\\/wp-content\\\/uploads\\\/2022\\\/10\\\/BBQ-2ssadlogo.png\",\"width\":1080,\"height\":1080,\"caption\":\"BBQ \u00c4ssad\"},\"image\":{\"@id\":\"https:\\\/\\\/bbqassad.ee\\\/fi\\\/#\\\/schema\\\/logo\\\/image\\\/\"},\"sameAs\":[\"https:\\\/\\\/www.facebook.com\\\/bbqassad\",\"https:\\\/\\\/www.youtube.com\\\/channel\\\/UCsoufn49J6TVi9Ah9meE93w\"]}]}<\/script>\n<!-- \/ Yoast SEO plugin. -->","yoast_head_json":{"title":"AW Shit Seasoning Rub 256 g -% BBQ \u00c4ssad%","description":"AW Shit Seasoning on mausteseos, joka sis\u00e4lt\u00e4\u00e4 suolaa, cayennepippuria, valkosipulia ja muita ainesosia. Nettom\u00e4\u00e4r\u00e4 256 g. Tuotettu Yhdysvalloissa.","robots":{"index":"index","follow":"follow","max-snippet":"max-snippet:-1","max-image-preview":"max-image-preview:large","max-video-preview":"max-video-preview:-1"},"canonical":"https:\/\/bbqassad.ee\/fi\/toode\/aw-shit-seasoning-rub-256-g-2\/","og_locale":"fi_FI","og_type":"article","og_title":"AW Shit Seasoning Rub 256 g -% BBQ \u00c4ssad%","og_description":"AW Shit Seasoning on mausteseos, joka sis\u00e4lt\u00e4\u00e4 suolaa, cayennepippuria, valkosipulia ja muita ainesosia. Nettom\u00e4\u00e4r\u00e4 256 g. Tuotettu Yhdysvalloissa.","og_url":"https:\/\/bbqassad.ee\/fi\/toode\/aw-shit-seasoning-rub-256-g-2\/","og_site_name":"BBQ \u00c4ssad","article_publisher":"https:\/\/www.facebook.com\/bbqassad","article_modified_time":"2026-04-14T06:34:32+00:00","og_image":[{"url":"https:\/\/bbqassad.ee\/wp-content\/uploads\/2026\/03\/AW_Shit_Seasoning_Rub_256-g.png","type":"","width":"","height":""}],"twitter_card":"summary_large_image","twitter_title":"AW Shit Seasoning Rub 256 g -% BBQ \u00c4ssad%","twitter_description":"AW Shit Seasoning on mausteseos, joka sis\u00e4lt\u00e4\u00e4 suolaa, cayennepippuria, valkosipulia ja muita ainesosia. Nettom\u00e4\u00e4r\u00e4 256 g. Tuotettu Yhdysvalloissa.","twitter_image":"https:\/\/bbqassad.ee\/wp-content\/uploads\/2026\/03\/AW_Shit_Seasoning_Rub_256-g.png","twitter_misc":{"Arvioitu lukuaika":"1 minuutti"},"schema":{"@context":"https:\/\/schema.org","@graph":[{"@type":"WebPage","@id":"https:\/\/bbqassad.ee\/fi\/toode\/aw-shit-seasoning-rub-256-g-2\/","url":"https:\/\/bbqassad.ee\/fi\/toode\/aw-shit-seasoning-rub-256-g-2\/","name":"AW Shit Seasoning Rub 256 g -% BBQ \u00c4ssad%","isPartOf":{"@id":"https:\/\/bbqassad.ee\/fi\/#website"},"primaryImageOfPage":{"@id":"https:\/\/bbqassad.ee\/fi\/toode\/aw-shit-seasoning-rub-256-g-2\/#primaryimage"},"image":{"@id":"https:\/\/bbqassad.ee\/fi\/toode\/aw-shit-seasoning-rub-256-g-2\/#primaryimage"},"thumbnailUrl":"https:\/\/bbqassad.ee\/wp-content\/uploads\/2026\/03\/AW_Shit_Seasoning_Rub_256-g.png","datePublished":"2026-03-26T09:20:52+00:00","dateModified":"2026-04-14T06:34:32+00:00","description":"AW Shit Seasoning on mausteseos, joka sis\u00e4lt\u00e4\u00e4 suolaa, cayennepippuria, valkosipulia ja muita ainesosia. Nettom\u00e4\u00e4r\u00e4 256 g. Tuotettu Yhdysvalloissa.","breadcrumb":{"@id":"https:\/\/bbqassad.ee\/fi\/toode\/aw-shit-seasoning-rub-256-g-2\/#breadcrumb"},"inLanguage":"fi","potentialAction":[{"@type":"ReadAction","target":["https:\/\/bbqassad.ee\/fi\/toode\/aw-shit-seasoning-rub-256-g-2\/"]}]},{"@type":"ImageObject","inLanguage":"fi","@id":"https:\/\/bbqassad.ee\/fi\/toode\/aw-shit-seasoning-rub-256-g-2\/#primaryimage","url":"https:\/\/bbqassad.ee\/wp-content\/uploads\/2026\/03\/AW_Shit_Seasoning_Rub_256-g.png","contentUrl":"https:\/\/bbqassad.ee\/wp-content\/uploads\/2026\/03\/AW_Shit_Seasoning_Rub_256-g.png","width":1280,"height":720},{"@type":"BreadcrumbList","@id":"https:\/\/bbqassad.ee\/fi\/toode\/aw-shit-seasoning-rub-256-g-2\/#breadcrumb","itemListElement":[{"@type":"ListItem","position":1,"name":"Home","item":"https:\/\/bbqassad.ee\/fi\/bbq-assat\/"},{"@type":"ListItem","position":2,"name":"Verkkokauppa","item":"https:\/\/bbqassad.ee\/fi\/verkkokauppa\/"},{"@type":"ListItem","position":3,"name":"AW Shit Seasoning Rub 256 g"}]},{"@type":"WebSite","@id":"https:\/\/bbqassad.ee\/fi\/#website","url":"https:\/\/bbqassad.ee\/fi\/","name":"BBQ \u00c4ssad","description":"BBQ maitseained, kastmed, ahjud","publisher":{"@id":"https:\/\/bbqassad.ee\/fi\/#organization"},"potentialAction":[{"@type":"SearchAction","target":{"@type":"EntryPoint","urlTemplate":"https:\/\/bbqassad.ee\/fi\/?s={search_term_string}"},"query-input":{"@type":"PropertyValueSpecification","valueRequired":true,"valueName":"search_term_string"}}],"inLanguage":"fi"},{"@type":"Organization","@id":"https:\/\/bbqassad.ee\/fi\/#organization","name":"BBQ \u00c4ssad","url":"https:\/\/bbqassad.ee\/fi\/","logo":{"@type":"ImageObject","inLanguage":"fi","@id":"https:\/\/bbqassad.ee\/fi\/#\/schema\/logo\/image\/","url":"https:\/\/bbqassad.ee\/wp-content\/uploads\/2022\/10\/BBQ-2ssadlogo.png","contentUrl":"https:\/\/bbqassad.ee\/wp-content\/uploads\/2022\/10\/BBQ-2ssadlogo.png","width":1080,"height":1080,"caption":"BBQ \u00c4ssad"},"image":{"@id":"https:\/\/bbqassad.ee\/fi\/#\/schema\/logo\/image\/"},"sameAs":["https:\/\/www.facebook.com\/bbqassad","https:\/\/www.youtube.com\/channel\/UCsoufn49J6TVi9Ah9meE93w"]}]}},"_links":{"self":[{"href":"https:\/\/bbqassad.ee\/fi\/wp-json\/wp\/v2\/product\/23667","targetHints":{"allow":["GET"]}}],"collection":[{"href":"https:\/\/bbqassad.ee\/fi\/wp-json\/wp\/v2\/product"}],"about":[{"href":"https:\/\/bbqassad.ee\/fi\/wp-json\/wp\/v2\/types\/product"}],"replies":[{"embeddable":true,"href":"https:\/\/bbqassad.ee\/fi\/wp-json\/wp\/v2\/comments?post=23667"}],"wp:featuredmedia":[{"embeddable":true,"href":"https:\/\/bbqassad.ee\/fi\/wp-json\/wp\/v2\/media\/22342"}],"wp:attachment":[{"href":"https:\/\/bbqassad.ee\/fi\/wp-json\/wp\/v2\/media?parent=23667"}],"wp:term":[{"taxonomy":"product_brand","embeddable":true,"href":"https:\/\/bbqassad.ee\/fi\/wp-json\/wp\/v2\/product_brand?post=23667"},{"taxonomy":"product_cat","embeddable":true,"href":"https:\/\/bbqassad.ee\/fi\/wp-json\/wp\/v2\/product_cat?post=23667"},{"taxonomy":"product_tag","embeddable":true,"href":"https:\/\/bbqassad.ee\/fi\/wp-json\/wp\/v2\/product_tag?post=23667"}],"curies":[{"name":"wp","href":"https:\/\/api.w.org\/{rel}","templated":true}]}}