{"id":23666,"date":"2026-03-26T09:27:13","date_gmt":"2026-03-26T09:27:13","guid":{"rendered":"https:\/\/bbqassad.ee\/toode\/sucklebusters-persikka-bbq-kastike-354-ml\/"},"modified":"2026-04-14T06:34:32","modified_gmt":"2026-04-14T06:34:32","slug":"sucklebusters-persikka-bbq-kastike-354-ml","status":"publish","type":"product","link":"https:\/\/bbqassad.ee\/fi\/toode\/sucklebusters-persikka-bbq-kastike-354-ml\/","title":{"rendered":"SuckleBusters Peach BBQ -kastike 354ml"},"content":{"rendered":"<h2>SuckleBusters Persikka BBQ-kastike 354 ml<\/h2>\n<p><strong style=\"font-size: 14.4px;\">SuckleBusters Persikka BBQ-kastike<\/strong><span style=\"font-size: 14.4px;\">  on teksasilaisittain makea ja hedelm\u00e4inen BBQ-kastike, jossa yhdistyv\u00e4t persikan mieto makeus, kevyt tomaatti ja mausteinen kuori. Tuloksena on aromaattinen ja maukas kastike, joka sopii erinomaisesti kanalle, ribseille, sianlihalle ja grillatuille vihanneksille. <\/span><\/p>\n<div>\n<p>Persikan luonnollisuus tulee erityisen hyvin esiin kuumuudessa &#8211; kuorrutteen muodostava kerros pysyy lihan p\u00e4\u00e4ll\u00e4 kauniin kultaisena, hieman karamellimaisena ja miellytt\u00e4v\u00e4n hedelm\u00e4isen\u00e4. T\u00e4m\u00e4 kastike sopii mainiosti niin kes\u00e4iseen grillaukseen kuin jokap\u00e4iv\u00e4iseen kotiruoan kokeiluun. <\/p>\n<h2><strong>BBQ Aces kommentti<\/strong><\/h2>\n<p>&#8221;Persikka antaa t\u00e4lle kastikkeelle mukavan pehmeyden ja luonnollisen makeuden, joka sopii erityisen hyvin kanan ja sianlihan kanssa. Hieman mausteinen tausta viipyy, mutta ei hallitse &#8211; pikemminkin se antaa ruokalajille mukavan py\u00f6reyden. Se on yksi niist\u00e4 kastikkeista, jotka her\u00e4tt\u00e4v\u00e4t aina kysymyksen: mik\u00e4 siin\u00e4 maistuu niin hyv\u00e4lt\u00e4?&#8221;.&#8221;  <\/p>\n<h2><strong>Ammattilaisen vinkki  <\/strong><\/h2>\n<p>Sopii erityisesti kananpoikien, kyljysten ja grillatun sianlihan viimeistelyyn.<\/p>\n<\/div>\n","protected":false},"excerpt":{"rendered":"<p>SuckleBusters Peach BBQ -kastike. Nettom\u00e4\u00e4r\u00e4 354 ml <\/p>\n<p>Ainesosat: etikka, ruskea sokeri, vesi, persikat, sokeri, suola,<br \/>\nluonnollinen savuaromi, mausteet ja ksantaanikumi.<br \/>\nRavintosis\u00e4lt\u00f6 100 g:ssa: energia 157 kcal (656 kJ), rasva 0 g, josta<br \/>\ntyydyttyneit\u00e4 rasvahappoja 0 g, hiilihydraatteja 37 g, josta<br \/>\nsokereita 33 g, proteiinia 0 g, suolaa 1,5 g.<br \/>\nS\u00e4ilyt\u00e4 ennen: katso pakkauksesta.<br \/>\nAvaamisen j\u00e4lkeen s\u00e4ilyt\u00e4 j\u00e4\u00e4kaapissa.<\/p>\n<p>Tuotettu Yhdysvalloissa<br \/>\nMaahantuoja: Resaco BV, Karrewiel 8, 6942 LK Didam.<br \/>\nJ\u00e4lleenmyyj\u00e4 Virossa: BBQ \u00c4ssad O\u00dc www.bbqassad.ee www.bbqassad.ee.<\/p>\n","protected":false},"featured_media":22352,"comment_status":"open","ping_status":"closed","template":"","meta":[],"product_brand":[],"product_cat":[788],"product_tag":[],"class_list":{"0":"post-23666","1":"product","2":"type-product","3":"status-publish","4":"has-post-thumbnail","6":"product_cat-kastit","8":"first","9":"instock","10":"taxable","11":"shipping-taxable","12":"purchasable","13":"product-type-simple"},"yoast_head":"<!-- This site is optimized with the Yoast SEO plugin v27.4 - https:\/\/yoast.com\/product\/yoast-seo-wordpress\/ -->\n<title>SuckleBusters Persikka BBQ-kastike 354 ml -% BBQ \u00c4ssad%<\/title>\n<meta name=\"description\" content=\"SuckleBusters Peach BBQ-kastike 354 ml on herkullinen kastike, joka sis\u00e4lt\u00e4\u00e4 etikkaa, persikkaa ja mausteita. S\u00e4ilyt\u00e4 j\u00e4\u00e4kaapissa avaamisen j\u00e4lkeen.\" \/>\n<meta name=\"robots\" content=\"index, follow, max-snippet:-1, max-image-preview:large, max-video-preview:-1\" \/>\n<link rel=\"canonical\" href=\"https:\/\/bbqassad.ee\/fi\/toode\/sucklebusters-persikka-bbq-kastike-354-ml\/\" \/>\n<meta property=\"og:locale\" content=\"fi_FI\" \/>\n<meta property=\"og:type\" content=\"article\" \/>\n<meta property=\"og:title\" content=\"SuckleBusters Persikka BBQ-kastike 354 ml -% BBQ \u00c4ssad%\" \/>\n<meta property=\"og:description\" content=\"SuckleBusters Peach BBQ-kastike 354 ml on herkullinen kastike, joka sis\u00e4lt\u00e4\u00e4 etikkaa, persikkaa ja mausteita. S\u00e4ilyt\u00e4 j\u00e4\u00e4kaapissa avaamisen j\u00e4lkeen.\" \/>\n<meta property=\"og:url\" content=\"https:\/\/bbqassad.ee\/fi\/toode\/sucklebusters-persikka-bbq-kastike-354-ml\/\" \/>\n<meta property=\"og:site_name\" content=\"BBQ \u00c4ssad\" \/>\n<meta property=\"article:publisher\" content=\"https:\/\/www.facebook.com\/bbqassad\" \/>\n<meta property=\"article:modified_time\" content=\"2026-04-14T06:34:32+00:00\" \/>\n<meta property=\"og:image\" content=\"https:\/\/bbqassad.ee\/wp-content\/uploads\/2026\/03\/SuckleBusters_Peach_BBQ_sauce_354ml.png\" \/>\n<meta name=\"twitter:card\" content=\"summary_large_image\" \/>\n<meta name=\"twitter:title\" content=\"SuckleBusters Persikka BBQ-kastike 354 ml -% BBQ \u00c4ssad%\" \/>\n<meta name=\"twitter:description\" content=\"SuckleBusters Peach BBQ-kastike 354 ml on herkullinen kastike, joka sis\u00e4lt\u00e4\u00e4 etikkaa, persikkaa ja mausteita. S\u00e4ilyt\u00e4 j\u00e4\u00e4kaapissa avaamisen j\u00e4lkeen.\" \/>\n<meta name=\"twitter:image\" content=\"https:\/\/bbqassad.ee\/wp-content\/uploads\/2026\/03\/SuckleBusters_Peach_BBQ_sauce_354ml.png\" \/>\n<meta name=\"twitter:label1\" content=\"Arvioitu lukuaika\" \/>\n\t<meta name=\"twitter:data1\" content=\"1 minuutti\" \/>\n<script type=\"application\/ld+json\" class=\"yoast-schema-graph\">{\"@context\":\"https:\\\/\\\/schema.org\",\"@graph\":[{\"@type\":\"WebPage\",\"@id\":\"https:\\\/\\\/bbqassad.ee\\\/fi\\\/toode\\\/sucklebusters-persikka-bbq-kastike-354-ml\\\/\",\"url\":\"https:\\\/\\\/bbqassad.ee\\\/fi\\\/toode\\\/sucklebusters-persikka-bbq-kastike-354-ml\\\/\",\"name\":\"SuckleBusters Persikka BBQ-kastike 354 ml -% BBQ \u00c4ssad%\",\"isPartOf\":{\"@id\":\"https:\\\/\\\/bbqassad.ee\\\/fi\\\/#website\"},\"primaryImageOfPage\":{\"@id\":\"https:\\\/\\\/bbqassad.ee\\\/fi\\\/toode\\\/sucklebusters-persikka-bbq-kastike-354-ml\\\/#primaryimage\"},\"image\":{\"@id\":\"https:\\\/\\\/bbqassad.ee\\\/fi\\\/toode\\\/sucklebusters-persikka-bbq-kastike-354-ml\\\/#primaryimage\"},\"thumbnailUrl\":\"https:\\\/\\\/bbqassad.ee\\\/wp-content\\\/uploads\\\/2026\\\/03\\\/SuckleBusters_Peach_BBQ_sauce_354ml.png\",\"datePublished\":\"2026-03-26T09:27:13+00:00\",\"dateModified\":\"2026-04-14T06:34:32+00:00\",\"description\":\"SuckleBusters Peach BBQ-kastike 354 ml on herkullinen kastike, joka sis\u00e4lt\u00e4\u00e4 etikkaa, persikkaa ja mausteita. S\u00e4ilyt\u00e4 j\u00e4\u00e4kaapissa avaamisen j\u00e4lkeen.\",\"breadcrumb\":{\"@id\":\"https:\\\/\\\/bbqassad.ee\\\/fi\\\/toode\\\/sucklebusters-persikka-bbq-kastike-354-ml\\\/#breadcrumb\"},\"inLanguage\":\"fi\",\"potentialAction\":[{\"@type\":\"ReadAction\",\"target\":[\"https:\\\/\\\/bbqassad.ee\\\/fi\\\/toode\\\/sucklebusters-persikka-bbq-kastike-354-ml\\\/\"]}]},{\"@type\":\"ImageObject\",\"inLanguage\":\"fi\",\"@id\":\"https:\\\/\\\/bbqassad.ee\\\/fi\\\/toode\\\/sucklebusters-persikka-bbq-kastike-354-ml\\\/#primaryimage\",\"url\":\"https:\\\/\\\/bbqassad.ee\\\/wp-content\\\/uploads\\\/2026\\\/03\\\/SuckleBusters_Peach_BBQ_sauce_354ml.png\",\"contentUrl\":\"https:\\\/\\\/bbqassad.ee\\\/wp-content\\\/uploads\\\/2026\\\/03\\\/SuckleBusters_Peach_BBQ_sauce_354ml.png\",\"width\":1280,\"height\":720},{\"@type\":\"BreadcrumbList\",\"@id\":\"https:\\\/\\\/bbqassad.ee\\\/fi\\\/toode\\\/sucklebusters-persikka-bbq-kastike-354-ml\\\/#breadcrumb\",\"itemListElement\":[{\"@type\":\"ListItem\",\"position\":1,\"name\":\"Home\",\"item\":\"https:\\\/\\\/bbqassad.ee\\\/fi\\\/bbq-assat\\\/\"},{\"@type\":\"ListItem\",\"position\":2,\"name\":\"Verkkokauppa\",\"item\":\"https:\\\/\\\/bbqassad.ee\\\/fi\\\/verkkokauppa\\\/\"},{\"@type\":\"ListItem\",\"position\":3,\"name\":\"SuckleBusters Peach BBQ -kastike 354ml\"}]},{\"@type\":\"WebSite\",\"@id\":\"https:\\\/\\\/bbqassad.ee\\\/fi\\\/#website\",\"url\":\"https:\\\/\\\/bbqassad.ee\\\/fi\\\/\",\"name\":\"BBQ \u00c4ssad\",\"description\":\"BBQ maitseained, kastmed, ahjud\",\"publisher\":{\"@id\":\"https:\\\/\\\/bbqassad.ee\\\/fi\\\/#organization\"},\"potentialAction\":[{\"@type\":\"SearchAction\",\"target\":{\"@type\":\"EntryPoint\",\"urlTemplate\":\"https:\\\/\\\/bbqassad.ee\\\/fi\\\/?s={search_term_string}\"},\"query-input\":{\"@type\":\"PropertyValueSpecification\",\"valueRequired\":true,\"valueName\":\"search_term_string\"}}],\"inLanguage\":\"fi\"},{\"@type\":\"Organization\",\"@id\":\"https:\\\/\\\/bbqassad.ee\\\/fi\\\/#organization\",\"name\":\"BBQ \u00c4ssad\",\"url\":\"https:\\\/\\\/bbqassad.ee\\\/fi\\\/\",\"logo\":{\"@type\":\"ImageObject\",\"inLanguage\":\"fi\",\"@id\":\"https:\\\/\\\/bbqassad.ee\\\/fi\\\/#\\\/schema\\\/logo\\\/image\\\/\",\"url\":\"https:\\\/\\\/bbqassad.ee\\\/wp-content\\\/uploads\\\/2022\\\/10\\\/BBQ-2ssadlogo.png\",\"contentUrl\":\"https:\\\/\\\/bbqassad.ee\\\/wp-content\\\/uploads\\\/2022\\\/10\\\/BBQ-2ssadlogo.png\",\"width\":1080,\"height\":1080,\"caption\":\"BBQ \u00c4ssad\"},\"image\":{\"@id\":\"https:\\\/\\\/bbqassad.ee\\\/fi\\\/#\\\/schema\\\/logo\\\/image\\\/\"},\"sameAs\":[\"https:\\\/\\\/www.facebook.com\\\/bbqassad\",\"https:\\\/\\\/www.youtube.com\\\/channel\\\/UCsoufn49J6TVi9Ah9meE93w\"]}]}<\/script>\n<!-- \/ Yoast SEO plugin. -->","yoast_head_json":{"title":"SuckleBusters Persikka BBQ-kastike 354 ml -% BBQ \u00c4ssad%","description":"SuckleBusters Peach BBQ-kastike 354 ml on herkullinen kastike, joka sis\u00e4lt\u00e4\u00e4 etikkaa, persikkaa ja mausteita. S\u00e4ilyt\u00e4 j\u00e4\u00e4kaapissa avaamisen j\u00e4lkeen.","robots":{"index":"index","follow":"follow","max-snippet":"max-snippet:-1","max-image-preview":"max-image-preview:large","max-video-preview":"max-video-preview:-1"},"canonical":"https:\/\/bbqassad.ee\/fi\/toode\/sucklebusters-persikka-bbq-kastike-354-ml\/","og_locale":"fi_FI","og_type":"article","og_title":"SuckleBusters Persikka BBQ-kastike 354 ml -% BBQ \u00c4ssad%","og_description":"SuckleBusters Peach BBQ-kastike 354 ml on herkullinen kastike, joka sis\u00e4lt\u00e4\u00e4 etikkaa, persikkaa ja mausteita. S\u00e4ilyt\u00e4 j\u00e4\u00e4kaapissa avaamisen j\u00e4lkeen.","og_url":"https:\/\/bbqassad.ee\/fi\/toode\/sucklebusters-persikka-bbq-kastike-354-ml\/","og_site_name":"BBQ \u00c4ssad","article_publisher":"https:\/\/www.facebook.com\/bbqassad","article_modified_time":"2026-04-14T06:34:32+00:00","og_image":[{"url":"https:\/\/bbqassad.ee\/wp-content\/uploads\/2026\/03\/SuckleBusters_Peach_BBQ_sauce_354ml.png","type":"","width":"","height":""}],"twitter_card":"summary_large_image","twitter_title":"SuckleBusters Persikka BBQ-kastike 354 ml -% BBQ \u00c4ssad%","twitter_description":"SuckleBusters Peach BBQ-kastike 354 ml on herkullinen kastike, joka sis\u00e4lt\u00e4\u00e4 etikkaa, persikkaa ja mausteita. S\u00e4ilyt\u00e4 j\u00e4\u00e4kaapissa avaamisen j\u00e4lkeen.","twitter_image":"https:\/\/bbqassad.ee\/wp-content\/uploads\/2026\/03\/SuckleBusters_Peach_BBQ_sauce_354ml.png","twitter_misc":{"Arvioitu lukuaika":"1 minuutti"},"schema":{"@context":"https:\/\/schema.org","@graph":[{"@type":"WebPage","@id":"https:\/\/bbqassad.ee\/fi\/toode\/sucklebusters-persikka-bbq-kastike-354-ml\/","url":"https:\/\/bbqassad.ee\/fi\/toode\/sucklebusters-persikka-bbq-kastike-354-ml\/","name":"SuckleBusters Persikka BBQ-kastike 354 ml -% BBQ \u00c4ssad%","isPartOf":{"@id":"https:\/\/bbqassad.ee\/fi\/#website"},"primaryImageOfPage":{"@id":"https:\/\/bbqassad.ee\/fi\/toode\/sucklebusters-persikka-bbq-kastike-354-ml\/#primaryimage"},"image":{"@id":"https:\/\/bbqassad.ee\/fi\/toode\/sucklebusters-persikka-bbq-kastike-354-ml\/#primaryimage"},"thumbnailUrl":"https:\/\/bbqassad.ee\/wp-content\/uploads\/2026\/03\/SuckleBusters_Peach_BBQ_sauce_354ml.png","datePublished":"2026-03-26T09:27:13+00:00","dateModified":"2026-04-14T06:34:32+00:00","description":"SuckleBusters Peach BBQ-kastike 354 ml on herkullinen kastike, joka sis\u00e4lt\u00e4\u00e4 etikkaa, persikkaa ja mausteita. S\u00e4ilyt\u00e4 j\u00e4\u00e4kaapissa avaamisen j\u00e4lkeen.","breadcrumb":{"@id":"https:\/\/bbqassad.ee\/fi\/toode\/sucklebusters-persikka-bbq-kastike-354-ml\/#breadcrumb"},"inLanguage":"fi","potentialAction":[{"@type":"ReadAction","target":["https:\/\/bbqassad.ee\/fi\/toode\/sucklebusters-persikka-bbq-kastike-354-ml\/"]}]},{"@type":"ImageObject","inLanguage":"fi","@id":"https:\/\/bbqassad.ee\/fi\/toode\/sucklebusters-persikka-bbq-kastike-354-ml\/#primaryimage","url":"https:\/\/bbqassad.ee\/wp-content\/uploads\/2026\/03\/SuckleBusters_Peach_BBQ_sauce_354ml.png","contentUrl":"https:\/\/bbqassad.ee\/wp-content\/uploads\/2026\/03\/SuckleBusters_Peach_BBQ_sauce_354ml.png","width":1280,"height":720},{"@type":"BreadcrumbList","@id":"https:\/\/bbqassad.ee\/fi\/toode\/sucklebusters-persikka-bbq-kastike-354-ml\/#breadcrumb","itemListElement":[{"@type":"ListItem","position":1,"name":"Home","item":"https:\/\/bbqassad.ee\/fi\/bbq-assat\/"},{"@type":"ListItem","position":2,"name":"Verkkokauppa","item":"https:\/\/bbqassad.ee\/fi\/verkkokauppa\/"},{"@type":"ListItem","position":3,"name":"SuckleBusters Peach BBQ -kastike 354ml"}]},{"@type":"WebSite","@id":"https:\/\/bbqassad.ee\/fi\/#website","url":"https:\/\/bbqassad.ee\/fi\/","name":"BBQ \u00c4ssad","description":"BBQ maitseained, kastmed, ahjud","publisher":{"@id":"https:\/\/bbqassad.ee\/fi\/#organization"},"potentialAction":[{"@type":"SearchAction","target":{"@type":"EntryPoint","urlTemplate":"https:\/\/bbqassad.ee\/fi\/?s={search_term_string}"},"query-input":{"@type":"PropertyValueSpecification","valueRequired":true,"valueName":"search_term_string"}}],"inLanguage":"fi"},{"@type":"Organization","@id":"https:\/\/bbqassad.ee\/fi\/#organization","name":"BBQ \u00c4ssad","url":"https:\/\/bbqassad.ee\/fi\/","logo":{"@type":"ImageObject","inLanguage":"fi","@id":"https:\/\/bbqassad.ee\/fi\/#\/schema\/logo\/image\/","url":"https:\/\/bbqassad.ee\/wp-content\/uploads\/2022\/10\/BBQ-2ssadlogo.png","contentUrl":"https:\/\/bbqassad.ee\/wp-content\/uploads\/2022\/10\/BBQ-2ssadlogo.png","width":1080,"height":1080,"caption":"BBQ \u00c4ssad"},"image":{"@id":"https:\/\/bbqassad.ee\/fi\/#\/schema\/logo\/image\/"},"sameAs":["https:\/\/www.facebook.com\/bbqassad","https:\/\/www.youtube.com\/channel\/UCsoufn49J6TVi9Ah9meE93w"]}]}},"_links":{"self":[{"href":"https:\/\/bbqassad.ee\/fi\/wp-json\/wp\/v2\/product\/23666","targetHints":{"allow":["GET"]}}],"collection":[{"href":"https:\/\/bbqassad.ee\/fi\/wp-json\/wp\/v2\/product"}],"about":[{"href":"https:\/\/bbqassad.ee\/fi\/wp-json\/wp\/v2\/types\/product"}],"replies":[{"embeddable":true,"href":"https:\/\/bbqassad.ee\/fi\/wp-json\/wp\/v2\/comments?post=23666"}],"wp:featuredmedia":[{"embeddable":true,"href":"https:\/\/bbqassad.ee\/fi\/wp-json\/wp\/v2\/media\/22352"}],"wp:attachment":[{"href":"https:\/\/bbqassad.ee\/fi\/wp-json\/wp\/v2\/media?parent=23666"}],"wp:term":[{"taxonomy":"product_brand","embeddable":true,"href":"https:\/\/bbqassad.ee\/fi\/wp-json\/wp\/v2\/product_brand?post=23666"},{"taxonomy":"product_cat","embeddable":true,"href":"https:\/\/bbqassad.ee\/fi\/wp-json\/wp\/v2\/product_cat?post=23666"},{"taxonomy":"product_tag","embeddable":true,"href":"https:\/\/bbqassad.ee\/fi\/wp-json\/wp\/v2\/product_tag?post=23666"}],"curies":[{"name":"wp","href":"https:\/\/api.w.org\/{rel}","templated":true}]}}