{"id":23665,"date":"2026-03-26T09:39:54","date_gmt":"2026-03-26T09:39:54","guid":{"rendered":"https:\/\/bbqassad.ee\/toode\/lihakirkon-maustesuola-170-g\/"},"modified":"2026-04-14T06:34:32","modified_gmt":"2026-04-14T06:34:32","slug":"lihakirkon-maustesuola-170-g","status":"publish","type":"product","link":"https:\/\/bbqassad.ee\/fi\/toode\/lihakirkon-maustesuola-170-g\/","title":{"rendered":"Meat Church The Gospel All Purpose 170 g"},"content":{"rendered":"<h2>Lihakirkon maustesuola 170 g<\/h2>\n<p><strong style=\"font-size: 14.4px;\">Liha Church Season Suola<\/strong><span style=\"font-size: 14.4px;\">  on yleismauste, joka sopii juuri sinne, miss\u00e4 tavallinen suola k\u00e4y liian tyls\u00e4ksi. Se on t\u00e4ytel\u00e4isen makuinen suolaseos, jossa yhdistyv\u00e4t lempe\u00e4t pippurit, valkosipuli, yrtit ja kevyt mausteinen aksentti. Tuloksena on seos, joka toimii niin grilliss\u00e4 kuin arjen keitti\u00f6ss\u00e4 &#8211; todella monipuolinen ja helppok\u00e4ytt\u00f6inen.  <\/span><\/p>\n<div>\n<p>Sopii kana-, naudan- ja sianliharuokiin, perunoihin, vihanneksiin, munaruokiin ja jopa keittoihin.<br \/>\nSe on mauste, joka antaa nopeasti lis\u00e4\u00e4 luonnetta ruokaan ilman, ett\u00e4 tarvitsee mietti\u00e4, mit\u00e4 muuta voisi lis\u00e4t\u00e4.<\/p>\n<h2><strong>BBQ Aces kommentti<\/strong><\/h2>\n<p>&#8221;Season Salt on ihanteellinen jokap\u00e4iv\u00e4inen mauste. Sit\u00e4 on helppo k\u00e4ytt\u00e4\u00e4 ja se tekee mist\u00e4 tahansa ruoasta v\u00e4litt\u00f6m\u00e4sti herkullisemman. Se sopii erityisen hyvin kanan, perunoiden ja vihannesten kanssa &#8211; laita sit\u00e4 vain p\u00e4\u00e4lle ja kaikki on juuri sopivaa. Purkki tyhjenee yll\u00e4tt\u00e4v\u00e4n nopeasti.&#8221;   <\/p>\n<h2><strong>Ammattilaisen vinkki  <\/strong><\/h2>\n<p>.sopii erinomaisesti sek\u00e4 lihan ett\u00e4 vihannesten nopeaan maustamiseen.<\/p>\n<\/div>\n","protected":false},"excerpt":{"rendered":"<p>Lihakirkko Maustesuola, mausteseos. Netto 170 g. <\/p>\n<p>Ainesosat: sokeri, suola, mausteet, kuivattu valkosipuli ja sipuli,<br \/>\npaprika, trikalsiumfosfaatti, kurkuma ja maissit\u00e4rkkelys.<br \/>\nRavintosis\u00e4lt\u00f6 100 g:aa kohti: energia: 0 kJ\/0 kcal; rasvat 0 g, josta<br \/>\ntyydyttyneit\u00e4 rasvahappoja: 0 g; hiilihydraatit 0 g, josta<br \/>\nsokereita 0 g; proteiinit 0 g; suola 65 g.<br \/>\nS\u00e4ilyvyysaika ennen: ks. pakkauksesta.<\/p>\n<p>Tuotettu Yhdysvalloissa.<br \/>\nMaahantuoja: RESACO B.V., Karrewiel 8,6942 LK Didam.<br \/>\nJ\u00e4lleenmyyj\u00e4 Virossa: BBQ \u00c4ssad O\u00dc www.bbqassad.ee www.bbqassad.ee.<\/p>\n","protected":false},"featured_media":22358,"comment_status":"open","ping_status":"closed","template":"","meta":[],"product_brand":[],"product_cat":[802],"product_tag":[],"class_list":{"0":"post-23665","1":"product","2":"type-product","3":"status-publish","4":"has-post-thumbnail","6":"product_cat-sekoitukset","8":"first","9":"instock","10":"taxable","11":"shipping-taxable","12":"purchasable","13":"product-type-simple"},"yoast_head":"<!-- This site is optimized with the Yoast SEO plugin v27.4 - https:\/\/yoast.com\/product\/yoast-seo-wordpress\/ -->\n<title>Lihakirkon maustesuola 170 g - BBQ \u00c4ssad%<\/title>\n<meta name=\"description\" content=\"Meat Church Season Salt on mausteseos, joka sis\u00e4lt\u00e4\u00e4 sokeria, suolaa, mausteita, kuivattua valkosipulia ja sipulia. Nettom\u00e4\u00e4r\u00e4 170 g.\" \/>\n<meta name=\"robots\" content=\"index, follow, max-snippet:-1, max-image-preview:large, max-video-preview:-1\" \/>\n<link rel=\"canonical\" href=\"https:\/\/bbqassad.ee\/fi\/toode\/lihakirkon-maustesuola-170-g\/\" \/>\n<meta property=\"og:locale\" content=\"fi_FI\" \/>\n<meta property=\"og:type\" content=\"article\" \/>\n<meta property=\"og:title\" content=\"Lihakirkon maustesuola 170 g - BBQ \u00c4ssad%\" \/>\n<meta property=\"og:description\" content=\"Meat Church Season Salt on mausteseos, joka sis\u00e4lt\u00e4\u00e4 sokeria, suolaa, mausteita, kuivattua valkosipulia ja sipulia. Nettom\u00e4\u00e4r\u00e4 170 g.\" \/>\n<meta property=\"og:url\" content=\"https:\/\/bbqassad.ee\/fi\/toode\/lihakirkon-maustesuola-170-g\/\" \/>\n<meta property=\"og:site_name\" content=\"BBQ \u00c4ssad\" \/>\n<meta property=\"article:publisher\" content=\"https:\/\/www.facebook.com\/bbqassad\" \/>\n<meta property=\"article:modified_time\" content=\"2026-04-14T06:34:32+00:00\" \/>\n<meta property=\"og:image\" content=\"https:\/\/bbqassad.ee\/wp-content\/uploads\/2026\/03\/Meat_Church_Season_Salt_170g.png\" \/>\n<meta name=\"twitter:card\" content=\"summary_large_image\" \/>\n<meta name=\"twitter:title\" content=\"Lihakirkon maustesuola 170 g - BBQ \u00c4ssad%\" \/>\n<meta name=\"twitter:description\" content=\"Meat Church Season Salt on mausteseos, joka sis\u00e4lt\u00e4\u00e4 sokeria, suolaa, mausteita, kuivattua valkosipulia ja sipulia. Nettom\u00e4\u00e4r\u00e4 170 g.\" \/>\n<meta name=\"twitter:image\" content=\"https:\/\/bbqassad.ee\/wp-content\/uploads\/2026\/03\/Meat_Church_Season_Salt_170g.png\" \/>\n<meta name=\"twitter:label1\" content=\"Arvioitu lukuaika\" \/>\n\t<meta name=\"twitter:data1\" content=\"1 minuutti\" \/>\n<script type=\"application\/ld+json\" class=\"yoast-schema-graph\">{\"@context\":\"https:\\\/\\\/schema.org\",\"@graph\":[{\"@type\":\"WebPage\",\"@id\":\"https:\\\/\\\/bbqassad.ee\\\/fi\\\/toode\\\/lihakirkon-maustesuola-170-g\\\/\",\"url\":\"https:\\\/\\\/bbqassad.ee\\\/fi\\\/toode\\\/lihakirkon-maustesuola-170-g\\\/\",\"name\":\"Lihakirkon maustesuola 170 g - BBQ \u00c4ssad%\",\"isPartOf\":{\"@id\":\"https:\\\/\\\/bbqassad.ee\\\/fi\\\/#website\"},\"primaryImageOfPage\":{\"@id\":\"https:\\\/\\\/bbqassad.ee\\\/fi\\\/toode\\\/lihakirkon-maustesuola-170-g\\\/#primaryimage\"},\"image\":{\"@id\":\"https:\\\/\\\/bbqassad.ee\\\/fi\\\/toode\\\/lihakirkon-maustesuola-170-g\\\/#primaryimage\"},\"thumbnailUrl\":\"https:\\\/\\\/bbqassad.ee\\\/wp-content\\\/uploads\\\/2026\\\/03\\\/Meat_Church_Season_Salt_170g.png\",\"datePublished\":\"2026-03-26T09:39:54+00:00\",\"dateModified\":\"2026-04-14T06:34:32+00:00\",\"description\":\"Meat Church Season Salt on mausteseos, joka sis\u00e4lt\u00e4\u00e4 sokeria, suolaa, mausteita, kuivattua valkosipulia ja sipulia. Nettom\u00e4\u00e4r\u00e4 170 g.\",\"breadcrumb\":{\"@id\":\"https:\\\/\\\/bbqassad.ee\\\/fi\\\/toode\\\/lihakirkon-maustesuola-170-g\\\/#breadcrumb\"},\"inLanguage\":\"fi\",\"potentialAction\":[{\"@type\":\"ReadAction\",\"target\":[\"https:\\\/\\\/bbqassad.ee\\\/fi\\\/toode\\\/lihakirkon-maustesuola-170-g\\\/\"]}]},{\"@type\":\"ImageObject\",\"inLanguage\":\"fi\",\"@id\":\"https:\\\/\\\/bbqassad.ee\\\/fi\\\/toode\\\/lihakirkon-maustesuola-170-g\\\/#primaryimage\",\"url\":\"https:\\\/\\\/bbqassad.ee\\\/wp-content\\\/uploads\\\/2026\\\/03\\\/Meat_Church_Season_Salt_170g.png\",\"contentUrl\":\"https:\\\/\\\/bbqassad.ee\\\/wp-content\\\/uploads\\\/2026\\\/03\\\/Meat_Church_Season_Salt_170g.png\",\"width\":1280,\"height\":720},{\"@type\":\"BreadcrumbList\",\"@id\":\"https:\\\/\\\/bbqassad.ee\\\/fi\\\/toode\\\/lihakirkon-maustesuola-170-g\\\/#breadcrumb\",\"itemListElement\":[{\"@type\":\"ListItem\",\"position\":1,\"name\":\"Home\",\"item\":\"https:\\\/\\\/bbqassad.ee\\\/fi\\\/bbq-assat\\\/\"},{\"@type\":\"ListItem\",\"position\":2,\"name\":\"Verkkokauppa\",\"item\":\"https:\\\/\\\/bbqassad.ee\\\/fi\\\/verkkokauppa\\\/\"},{\"@type\":\"ListItem\",\"position\":3,\"name\":\"Meat Church The Gospel All Purpose 170 g\"}]},{\"@type\":\"WebSite\",\"@id\":\"https:\\\/\\\/bbqassad.ee\\\/fi\\\/#website\",\"url\":\"https:\\\/\\\/bbqassad.ee\\\/fi\\\/\",\"name\":\"BBQ \u00c4ssad\",\"description\":\"BBQ maitseained, kastmed, ahjud\",\"publisher\":{\"@id\":\"https:\\\/\\\/bbqassad.ee\\\/fi\\\/#organization\"},\"potentialAction\":[{\"@type\":\"SearchAction\",\"target\":{\"@type\":\"EntryPoint\",\"urlTemplate\":\"https:\\\/\\\/bbqassad.ee\\\/fi\\\/?s={search_term_string}\"},\"query-input\":{\"@type\":\"PropertyValueSpecification\",\"valueRequired\":true,\"valueName\":\"search_term_string\"}}],\"inLanguage\":\"fi\"},{\"@type\":\"Organization\",\"@id\":\"https:\\\/\\\/bbqassad.ee\\\/fi\\\/#organization\",\"name\":\"BBQ \u00c4ssad\",\"url\":\"https:\\\/\\\/bbqassad.ee\\\/fi\\\/\",\"logo\":{\"@type\":\"ImageObject\",\"inLanguage\":\"fi\",\"@id\":\"https:\\\/\\\/bbqassad.ee\\\/fi\\\/#\\\/schema\\\/logo\\\/image\\\/\",\"url\":\"https:\\\/\\\/bbqassad.ee\\\/wp-content\\\/uploads\\\/2022\\\/10\\\/BBQ-2ssadlogo.png\",\"contentUrl\":\"https:\\\/\\\/bbqassad.ee\\\/wp-content\\\/uploads\\\/2022\\\/10\\\/BBQ-2ssadlogo.png\",\"width\":1080,\"height\":1080,\"caption\":\"BBQ \u00c4ssad\"},\"image\":{\"@id\":\"https:\\\/\\\/bbqassad.ee\\\/fi\\\/#\\\/schema\\\/logo\\\/image\\\/\"},\"sameAs\":[\"https:\\\/\\\/www.facebook.com\\\/bbqassad\",\"https:\\\/\\\/www.youtube.com\\\/channel\\\/UCsoufn49J6TVi9Ah9meE93w\"]}]}<\/script>\n<!-- \/ Yoast SEO plugin. -->","yoast_head_json":{"title":"Lihakirkon maustesuola 170 g - BBQ \u00c4ssad%","description":"Meat Church Season Salt on mausteseos, joka sis\u00e4lt\u00e4\u00e4 sokeria, suolaa, mausteita, kuivattua valkosipulia ja sipulia. Nettom\u00e4\u00e4r\u00e4 170 g.","robots":{"index":"index","follow":"follow","max-snippet":"max-snippet:-1","max-image-preview":"max-image-preview:large","max-video-preview":"max-video-preview:-1"},"canonical":"https:\/\/bbqassad.ee\/fi\/toode\/lihakirkon-maustesuola-170-g\/","og_locale":"fi_FI","og_type":"article","og_title":"Lihakirkon maustesuola 170 g - BBQ \u00c4ssad%","og_description":"Meat Church Season Salt on mausteseos, joka sis\u00e4lt\u00e4\u00e4 sokeria, suolaa, mausteita, kuivattua valkosipulia ja sipulia. Nettom\u00e4\u00e4r\u00e4 170 g.","og_url":"https:\/\/bbqassad.ee\/fi\/toode\/lihakirkon-maustesuola-170-g\/","og_site_name":"BBQ \u00c4ssad","article_publisher":"https:\/\/www.facebook.com\/bbqassad","article_modified_time":"2026-04-14T06:34:32+00:00","og_image":[{"url":"https:\/\/bbqassad.ee\/wp-content\/uploads\/2026\/03\/Meat_Church_Season_Salt_170g.png","type":"","width":"","height":""}],"twitter_card":"summary_large_image","twitter_title":"Lihakirkon maustesuola 170 g - BBQ \u00c4ssad%","twitter_description":"Meat Church Season Salt on mausteseos, joka sis\u00e4lt\u00e4\u00e4 sokeria, suolaa, mausteita, kuivattua valkosipulia ja sipulia. Nettom\u00e4\u00e4r\u00e4 170 g.","twitter_image":"https:\/\/bbqassad.ee\/wp-content\/uploads\/2026\/03\/Meat_Church_Season_Salt_170g.png","twitter_misc":{"Arvioitu lukuaika":"1 minuutti"},"schema":{"@context":"https:\/\/schema.org","@graph":[{"@type":"WebPage","@id":"https:\/\/bbqassad.ee\/fi\/toode\/lihakirkon-maustesuola-170-g\/","url":"https:\/\/bbqassad.ee\/fi\/toode\/lihakirkon-maustesuola-170-g\/","name":"Lihakirkon maustesuola 170 g - BBQ \u00c4ssad%","isPartOf":{"@id":"https:\/\/bbqassad.ee\/fi\/#website"},"primaryImageOfPage":{"@id":"https:\/\/bbqassad.ee\/fi\/toode\/lihakirkon-maustesuola-170-g\/#primaryimage"},"image":{"@id":"https:\/\/bbqassad.ee\/fi\/toode\/lihakirkon-maustesuola-170-g\/#primaryimage"},"thumbnailUrl":"https:\/\/bbqassad.ee\/wp-content\/uploads\/2026\/03\/Meat_Church_Season_Salt_170g.png","datePublished":"2026-03-26T09:39:54+00:00","dateModified":"2026-04-14T06:34:32+00:00","description":"Meat Church Season Salt on mausteseos, joka sis\u00e4lt\u00e4\u00e4 sokeria, suolaa, mausteita, kuivattua valkosipulia ja sipulia. Nettom\u00e4\u00e4r\u00e4 170 g.","breadcrumb":{"@id":"https:\/\/bbqassad.ee\/fi\/toode\/lihakirkon-maustesuola-170-g\/#breadcrumb"},"inLanguage":"fi","potentialAction":[{"@type":"ReadAction","target":["https:\/\/bbqassad.ee\/fi\/toode\/lihakirkon-maustesuola-170-g\/"]}]},{"@type":"ImageObject","inLanguage":"fi","@id":"https:\/\/bbqassad.ee\/fi\/toode\/lihakirkon-maustesuola-170-g\/#primaryimage","url":"https:\/\/bbqassad.ee\/wp-content\/uploads\/2026\/03\/Meat_Church_Season_Salt_170g.png","contentUrl":"https:\/\/bbqassad.ee\/wp-content\/uploads\/2026\/03\/Meat_Church_Season_Salt_170g.png","width":1280,"height":720},{"@type":"BreadcrumbList","@id":"https:\/\/bbqassad.ee\/fi\/toode\/lihakirkon-maustesuola-170-g\/#breadcrumb","itemListElement":[{"@type":"ListItem","position":1,"name":"Home","item":"https:\/\/bbqassad.ee\/fi\/bbq-assat\/"},{"@type":"ListItem","position":2,"name":"Verkkokauppa","item":"https:\/\/bbqassad.ee\/fi\/verkkokauppa\/"},{"@type":"ListItem","position":3,"name":"Meat Church The Gospel All Purpose 170 g"}]},{"@type":"WebSite","@id":"https:\/\/bbqassad.ee\/fi\/#website","url":"https:\/\/bbqassad.ee\/fi\/","name":"BBQ \u00c4ssad","description":"BBQ maitseained, kastmed, ahjud","publisher":{"@id":"https:\/\/bbqassad.ee\/fi\/#organization"},"potentialAction":[{"@type":"SearchAction","target":{"@type":"EntryPoint","urlTemplate":"https:\/\/bbqassad.ee\/fi\/?s={search_term_string}"},"query-input":{"@type":"PropertyValueSpecification","valueRequired":true,"valueName":"search_term_string"}}],"inLanguage":"fi"},{"@type":"Organization","@id":"https:\/\/bbqassad.ee\/fi\/#organization","name":"BBQ \u00c4ssad","url":"https:\/\/bbqassad.ee\/fi\/","logo":{"@type":"ImageObject","inLanguage":"fi","@id":"https:\/\/bbqassad.ee\/fi\/#\/schema\/logo\/image\/","url":"https:\/\/bbqassad.ee\/wp-content\/uploads\/2022\/10\/BBQ-2ssadlogo.png","contentUrl":"https:\/\/bbqassad.ee\/wp-content\/uploads\/2022\/10\/BBQ-2ssadlogo.png","width":1080,"height":1080,"caption":"BBQ \u00c4ssad"},"image":{"@id":"https:\/\/bbqassad.ee\/fi\/#\/schema\/logo\/image\/"},"sameAs":["https:\/\/www.facebook.com\/bbqassad","https:\/\/www.youtube.com\/channel\/UCsoufn49J6TVi9Ah9meE93w"]}]}},"_links":{"self":[{"href":"https:\/\/bbqassad.ee\/fi\/wp-json\/wp\/v2\/product\/23665","targetHints":{"allow":["GET"]}}],"collection":[{"href":"https:\/\/bbqassad.ee\/fi\/wp-json\/wp\/v2\/product"}],"about":[{"href":"https:\/\/bbqassad.ee\/fi\/wp-json\/wp\/v2\/types\/product"}],"replies":[{"embeddable":true,"href":"https:\/\/bbqassad.ee\/fi\/wp-json\/wp\/v2\/comments?post=23665"}],"wp:featuredmedia":[{"embeddable":true,"href":"https:\/\/bbqassad.ee\/fi\/wp-json\/wp\/v2\/media\/22358"}],"wp:attachment":[{"href":"https:\/\/bbqassad.ee\/fi\/wp-json\/wp\/v2\/media?parent=23665"}],"wp:term":[{"taxonomy":"product_brand","embeddable":true,"href":"https:\/\/bbqassad.ee\/fi\/wp-json\/wp\/v2\/product_brand?post=23665"},{"taxonomy":"product_cat","embeddable":true,"href":"https:\/\/bbqassad.ee\/fi\/wp-json\/wp\/v2\/product_cat?post=23665"},{"taxonomy":"product_tag","embeddable":true,"href":"https:\/\/bbqassad.ee\/fi\/wp-json\/wp\/v2\/product_tag?post=23665"}],"curies":[{"name":"wp","href":"https:\/\/api.w.org\/{rel}","templated":true}]}}