{"id":23664,"date":"2026-03-26T09:49:22","date_gmt":"2026-03-26T09:49:22","guid":{"rendered":"https:\/\/bbqassad.ee\/toode\/burnt-finger-bbq-spicy-kc-bbq-kastike-544g\/"},"modified":"2026-04-14T06:34:31","modified_gmt":"2026-04-14T06:34:31","slug":"burnt-finger-bbq-spicy-kc-bbq-kastike-544g","status":"publish","type":"product","link":"https:\/\/bbqassad.ee\/fi\/toode\/burnt-finger-bbq-spicy-kc-bbq-kastike-544g\/","title":{"rendered":"Burnt Finger BBQ Spicy KC BBQ -kastike 544g"},"content":{"rendered":"<h2>Burnt Finger BBQ Spicy KC BBQ-kastike 544g<\/h2>\n<p><strong style=\"font-size: 14.4px;\">Burnt Finger BBQ Mausteinen KC BBQ-kastike<\/strong><span style=\"font-size: 14.4px;\">  on t\u00e4ytel\u00e4inen, makean mausteinen ja tomaattimainen klassinen Kansas Cityn BBQ-kastike, jossa on mausteinen, tulinen vivahde, joka tuo ruokaan mukavan potkun. Se kuorruttaa kauniisti ribsej\u00e4, kanaa ja sianlihaa, ja kypsyess\u00e4\u00e4n se muuttuu hieman karamellisoituneeksi luoden juuri sellaisen kiilt\u00e4v\u00e4n, t\u00e4ytel\u00e4isen lopputuloksen, jota KC-tyylin tuntija etsii. <\/span><\/p>\n<div>\n<p>Spicy KC on monipuolinen sanan parhaassa merkityksess\u00e4: makeus ja mauste ovat tasapainossa, tomaatti antaa syvyytt\u00e4 ja rakenne tarttuu lihaan t\u00e4ydellisesti. T\u00e4m\u00e4 kastike toimii joka kerta, olipa kyse sitten grillaamisesta, uunissa paistamisesta tai nopeasta pannulla kypsent\u00e4misest\u00e4. <\/p>\n<h2><strong>BBQ Aces kommentti<\/strong><\/h2>\n<p>&#8221;Mausteinen KC saa ruoan maistumaan rikkaammalta ja j\u00e4nnitt\u00e4v\u00e4mm\u00e4lt\u00e4. Makeat ja mausteiset vivahteet ovat hyvin kohdallaan, kastike tarttuu lihaan hyvin ja antaa mukavan kuorrutteen kypsennyksen aikana. Sopii erityisen hyvin kanalle ja ribseille.&#8221;  <\/p>\n<h2><strong>Pro tip (p\u00e4ivitetty versio)<\/strong><\/h2>\n<p>Levit\u00e4 kastike lihan p\u00e4\u00e4lle <strong>heti kypsennyksen j\u00e4lkeen<\/strong>, kun liha on viel\u00e4 kuumaa.<br \/>\nKuuman pinnan ansiosta kastike sekoittuu v\u00e4litt\u00f6m\u00e4sti, ja tuloksena on miedompi, pehme\u00e4mpi ja t\u00e4ytel\u00e4isempi maku.<br \/>\nIhanteellinen menetelm\u00e4 kylkiluille, kanansiiville ja possun niskoille.<\/p>\n<\/div>\n","protected":false},"excerpt":{"rendered":"<p>Burnt Finger BBQ Mausteinen KC BBQ-kastike. Nettopaino 544g <\/p>\n<p>Ainesosat: <\/p>\n<p> Worcestershire-kastike (etikka, melassi, maissisiirappi, etikka, melassi, maissisiirappi), suola,<br \/>\nkaramelliv\u00e4ri (sis\u00e4lt\u00e4\u00e4 sulfiitteja), valkosipuli, ruskea sokeri, mausteet,<br \/>\ntamarindi, luontainen aromi ja maltodekstriini),<br \/>\nsipulijauhe, mononatriumglutamaatti ja omenahappo.<\/p>\n<p>Ravintosis\u00e4lt\u00f6 100 g kohti: energia 147 kcal (615 kJ),<br \/>\nrasvaa 0 g, josta tyydyttyneit\u00e4 rasvahappoja 0 g, hiilihydraatteja 38 g,<br \/>\njosta sokereita 29 g, proteiinia 0 g, suolaa 2,2 g.<\/p>\n<p>Parasta ennen: katso pakkaus,<br \/>\nTuotettu: USA:ssa.<\/p>\n<p>Maahantuoja: Resaco BV, Karrewiel 8, NL-6942 LK Didam.<br \/>\nJ\u00e4lleenmyyj\u00e4 Virossa: BBQ \u00c4ssad O\u00dc www.bbqassad.ee<\/p>\n","protected":false},"featured_media":22363,"comment_status":"open","ping_status":"closed","template":"","meta":[],"product_brand":[],"product_cat":[788],"product_tag":[],"class_list":{"0":"post-23664","1":"product","2":"type-product","3":"status-publish","4":"has-post-thumbnail","6":"product_cat-kastit","8":"first","9":"instock","10":"taxable","11":"shipping-taxable","12":"purchasable","13":"product-type-simple"},"yoast_head":"<!-- This site is optimized with the Yoast SEO plugin v27.4 - https:\/\/yoast.com\/product\/yoast-seo-wordpress\/ -->\n<title>Burnt Finger BBQ Spicy KC BBQ Sauce 544g -% BBQ \u00c4ssad%<\/title>\n<meta name=\"description\" content=\"Burnt Finger BBQ Spicy KC BBQ -kastike 544 g on maustekastike, joka sis\u00e4lt\u00e4\u00e4 tomaattipastaa, mausteita ja Worcestershire-kastiketta. Ihanteellinen grillaukseen ja dippaamiseen\" \/>\n<meta name=\"robots\" content=\"index, follow, max-snippet:-1, max-image-preview:large, max-video-preview:-1\" \/>\n<link rel=\"canonical\" href=\"https:\/\/bbqassad.ee\/fi\/toode\/burnt-finger-bbq-spicy-kc-bbq-kastike-544g\/\" \/>\n<meta property=\"og:locale\" content=\"fi_FI\" \/>\n<meta property=\"og:type\" content=\"article\" \/>\n<meta property=\"og:title\" content=\"Burnt Finger BBQ Spicy KC BBQ Sauce 544g -% BBQ \u00c4ssad%\" \/>\n<meta property=\"og:description\" content=\"Burnt Finger BBQ Spicy KC BBQ -kastike 544 g on maustekastike, joka sis\u00e4lt\u00e4\u00e4 tomaattipastaa, mausteita ja Worcestershire-kastiketta. Ihanteellinen grillaukseen ja dippaamiseen\" \/>\n<meta property=\"og:url\" content=\"https:\/\/bbqassad.ee\/fi\/toode\/burnt-finger-bbq-spicy-kc-bbq-kastike-544g\/\" \/>\n<meta property=\"og:site_name\" content=\"BBQ \u00c4ssad\" \/>\n<meta property=\"article:publisher\" content=\"https:\/\/www.facebook.com\/bbqassad\" \/>\n<meta property=\"article:modified_time\" content=\"2026-04-14T06:34:31+00:00\" \/>\n<meta property=\"og:image\" content=\"https:\/\/bbqassad.ee\/wp-content\/uploads\/2026\/03\/Burnt_Finger_BBQ_Spicy_KC_BBQ_Sauce544g.png\" \/>\n<meta name=\"twitter:card\" content=\"summary_large_image\" \/>\n<meta name=\"twitter:title\" content=\"Burnt Finger BBQ Spicy KC BBQ Sauce 544g -% BBQ \u00c4ssad%\" \/>\n<meta name=\"twitter:description\" content=\"Burnt Finger BBQ Spicy KC BBQ -kastike 544 g on maustekastike, joka sis\u00e4lt\u00e4\u00e4 tomaattipastaa, mausteita ja Worcestershire-kastiketta. Ihanteellinen grillaukseen ja dippaamiseen\" \/>\n<meta name=\"twitter:image\" content=\"https:\/\/bbqassad.ee\/wp-content\/uploads\/2026\/03\/Burnt_Finger_BBQ_Spicy_KC_BBQ_Sauce544g.png\" \/>\n<meta name=\"twitter:label1\" content=\"Arvioitu lukuaika\" \/>\n\t<meta name=\"twitter:data1\" content=\"1 minuutti\" \/>\n<script type=\"application\/ld+json\" class=\"yoast-schema-graph\">{\"@context\":\"https:\\\/\\\/schema.org\",\"@graph\":[{\"@type\":\"WebPage\",\"@id\":\"https:\\\/\\\/bbqassad.ee\\\/fi\\\/toode\\\/burnt-finger-bbq-spicy-kc-bbq-kastike-544g\\\/\",\"url\":\"https:\\\/\\\/bbqassad.ee\\\/fi\\\/toode\\\/burnt-finger-bbq-spicy-kc-bbq-kastike-544g\\\/\",\"name\":\"Burnt Finger BBQ Spicy KC BBQ Sauce 544g -% BBQ \u00c4ssad%\",\"isPartOf\":{\"@id\":\"https:\\\/\\\/bbqassad.ee\\\/fi\\\/#website\"},\"primaryImageOfPage\":{\"@id\":\"https:\\\/\\\/bbqassad.ee\\\/fi\\\/toode\\\/burnt-finger-bbq-spicy-kc-bbq-kastike-544g\\\/#primaryimage\"},\"image\":{\"@id\":\"https:\\\/\\\/bbqassad.ee\\\/fi\\\/toode\\\/burnt-finger-bbq-spicy-kc-bbq-kastike-544g\\\/#primaryimage\"},\"thumbnailUrl\":\"https:\\\/\\\/bbqassad.ee\\\/wp-content\\\/uploads\\\/2026\\\/03\\\/Burnt_Finger_BBQ_Spicy_KC_BBQ_Sauce544g.png\",\"datePublished\":\"2026-03-26T09:49:22+00:00\",\"dateModified\":\"2026-04-14T06:34:31+00:00\",\"description\":\"Burnt Finger BBQ Spicy KC BBQ -kastike 544 g on maustekastike, joka sis\u00e4lt\u00e4\u00e4 tomaattipastaa, mausteita ja Worcestershire-kastiketta. Ihanteellinen grillaukseen ja dippaamiseen\",\"breadcrumb\":{\"@id\":\"https:\\\/\\\/bbqassad.ee\\\/fi\\\/toode\\\/burnt-finger-bbq-spicy-kc-bbq-kastike-544g\\\/#breadcrumb\"},\"inLanguage\":\"fi\",\"potentialAction\":[{\"@type\":\"ReadAction\",\"target\":[\"https:\\\/\\\/bbqassad.ee\\\/fi\\\/toode\\\/burnt-finger-bbq-spicy-kc-bbq-kastike-544g\\\/\"]}]},{\"@type\":\"ImageObject\",\"inLanguage\":\"fi\",\"@id\":\"https:\\\/\\\/bbqassad.ee\\\/fi\\\/toode\\\/burnt-finger-bbq-spicy-kc-bbq-kastike-544g\\\/#primaryimage\",\"url\":\"https:\\\/\\\/bbqassad.ee\\\/wp-content\\\/uploads\\\/2026\\\/03\\\/Burnt_Finger_BBQ_Spicy_KC_BBQ_Sauce544g.png\",\"contentUrl\":\"https:\\\/\\\/bbqassad.ee\\\/wp-content\\\/uploads\\\/2026\\\/03\\\/Burnt_Finger_BBQ_Spicy_KC_BBQ_Sauce544g.png\",\"width\":1280,\"height\":720},{\"@type\":\"BreadcrumbList\",\"@id\":\"https:\\\/\\\/bbqassad.ee\\\/fi\\\/toode\\\/burnt-finger-bbq-spicy-kc-bbq-kastike-544g\\\/#breadcrumb\",\"itemListElement\":[{\"@type\":\"ListItem\",\"position\":1,\"name\":\"Home\",\"item\":\"https:\\\/\\\/bbqassad.ee\\\/fi\\\/bbq-assat\\\/\"},{\"@type\":\"ListItem\",\"position\":2,\"name\":\"Verkkokauppa\",\"item\":\"https:\\\/\\\/bbqassad.ee\\\/fi\\\/verkkokauppa\\\/\"},{\"@type\":\"ListItem\",\"position\":3,\"name\":\"Burnt Finger BBQ Spicy KC BBQ -kastike 544g\"}]},{\"@type\":\"WebSite\",\"@id\":\"https:\\\/\\\/bbqassad.ee\\\/fi\\\/#website\",\"url\":\"https:\\\/\\\/bbqassad.ee\\\/fi\\\/\",\"name\":\"BBQ \u00c4ssad\",\"description\":\"BBQ maitseained, kastmed, ahjud\",\"publisher\":{\"@id\":\"https:\\\/\\\/bbqassad.ee\\\/fi\\\/#organization\"},\"potentialAction\":[{\"@type\":\"SearchAction\",\"target\":{\"@type\":\"EntryPoint\",\"urlTemplate\":\"https:\\\/\\\/bbqassad.ee\\\/fi\\\/?s={search_term_string}\"},\"query-input\":{\"@type\":\"PropertyValueSpecification\",\"valueRequired\":true,\"valueName\":\"search_term_string\"}}],\"inLanguage\":\"fi\"},{\"@type\":\"Organization\",\"@id\":\"https:\\\/\\\/bbqassad.ee\\\/fi\\\/#organization\",\"name\":\"BBQ \u00c4ssad\",\"url\":\"https:\\\/\\\/bbqassad.ee\\\/fi\\\/\",\"logo\":{\"@type\":\"ImageObject\",\"inLanguage\":\"fi\",\"@id\":\"https:\\\/\\\/bbqassad.ee\\\/fi\\\/#\\\/schema\\\/logo\\\/image\\\/\",\"url\":\"https:\\\/\\\/bbqassad.ee\\\/wp-content\\\/uploads\\\/2022\\\/10\\\/BBQ-2ssadlogo.png\",\"contentUrl\":\"https:\\\/\\\/bbqassad.ee\\\/wp-content\\\/uploads\\\/2022\\\/10\\\/BBQ-2ssadlogo.png\",\"width\":1080,\"height\":1080,\"caption\":\"BBQ \u00c4ssad\"},\"image\":{\"@id\":\"https:\\\/\\\/bbqassad.ee\\\/fi\\\/#\\\/schema\\\/logo\\\/image\\\/\"},\"sameAs\":[\"https:\\\/\\\/www.facebook.com\\\/bbqassad\",\"https:\\\/\\\/www.youtube.com\\\/channel\\\/UCsoufn49J6TVi9Ah9meE93w\"]}]}<\/script>\n<!-- \/ Yoast SEO plugin. -->","yoast_head_json":{"title":"Burnt Finger BBQ Spicy KC BBQ Sauce 544g -% BBQ \u00c4ssad%","description":"Burnt Finger BBQ Spicy KC BBQ -kastike 544 g on maustekastike, joka sis\u00e4lt\u00e4\u00e4 tomaattipastaa, mausteita ja Worcestershire-kastiketta. Ihanteellinen grillaukseen ja dippaamiseen","robots":{"index":"index","follow":"follow","max-snippet":"max-snippet:-1","max-image-preview":"max-image-preview:large","max-video-preview":"max-video-preview:-1"},"canonical":"https:\/\/bbqassad.ee\/fi\/toode\/burnt-finger-bbq-spicy-kc-bbq-kastike-544g\/","og_locale":"fi_FI","og_type":"article","og_title":"Burnt Finger BBQ Spicy KC BBQ Sauce 544g -% BBQ \u00c4ssad%","og_description":"Burnt Finger BBQ Spicy KC BBQ -kastike 544 g on maustekastike, joka sis\u00e4lt\u00e4\u00e4 tomaattipastaa, mausteita ja Worcestershire-kastiketta. Ihanteellinen grillaukseen ja dippaamiseen","og_url":"https:\/\/bbqassad.ee\/fi\/toode\/burnt-finger-bbq-spicy-kc-bbq-kastike-544g\/","og_site_name":"BBQ \u00c4ssad","article_publisher":"https:\/\/www.facebook.com\/bbqassad","article_modified_time":"2026-04-14T06:34:31+00:00","og_image":[{"url":"https:\/\/bbqassad.ee\/wp-content\/uploads\/2026\/03\/Burnt_Finger_BBQ_Spicy_KC_BBQ_Sauce544g.png","type":"","width":"","height":""}],"twitter_card":"summary_large_image","twitter_title":"Burnt Finger BBQ Spicy KC BBQ Sauce 544g -% BBQ \u00c4ssad%","twitter_description":"Burnt Finger BBQ Spicy KC BBQ -kastike 544 g on maustekastike, joka sis\u00e4lt\u00e4\u00e4 tomaattipastaa, mausteita ja Worcestershire-kastiketta. Ihanteellinen grillaukseen ja dippaamiseen","twitter_image":"https:\/\/bbqassad.ee\/wp-content\/uploads\/2026\/03\/Burnt_Finger_BBQ_Spicy_KC_BBQ_Sauce544g.png","twitter_misc":{"Arvioitu lukuaika":"1 minuutti"},"schema":{"@context":"https:\/\/schema.org","@graph":[{"@type":"WebPage","@id":"https:\/\/bbqassad.ee\/fi\/toode\/burnt-finger-bbq-spicy-kc-bbq-kastike-544g\/","url":"https:\/\/bbqassad.ee\/fi\/toode\/burnt-finger-bbq-spicy-kc-bbq-kastike-544g\/","name":"Burnt Finger BBQ Spicy KC BBQ Sauce 544g -% BBQ \u00c4ssad%","isPartOf":{"@id":"https:\/\/bbqassad.ee\/fi\/#website"},"primaryImageOfPage":{"@id":"https:\/\/bbqassad.ee\/fi\/toode\/burnt-finger-bbq-spicy-kc-bbq-kastike-544g\/#primaryimage"},"image":{"@id":"https:\/\/bbqassad.ee\/fi\/toode\/burnt-finger-bbq-spicy-kc-bbq-kastike-544g\/#primaryimage"},"thumbnailUrl":"https:\/\/bbqassad.ee\/wp-content\/uploads\/2026\/03\/Burnt_Finger_BBQ_Spicy_KC_BBQ_Sauce544g.png","datePublished":"2026-03-26T09:49:22+00:00","dateModified":"2026-04-14T06:34:31+00:00","description":"Burnt Finger BBQ Spicy KC BBQ -kastike 544 g on maustekastike, joka sis\u00e4lt\u00e4\u00e4 tomaattipastaa, mausteita ja Worcestershire-kastiketta. Ihanteellinen grillaukseen ja dippaamiseen","breadcrumb":{"@id":"https:\/\/bbqassad.ee\/fi\/toode\/burnt-finger-bbq-spicy-kc-bbq-kastike-544g\/#breadcrumb"},"inLanguage":"fi","potentialAction":[{"@type":"ReadAction","target":["https:\/\/bbqassad.ee\/fi\/toode\/burnt-finger-bbq-spicy-kc-bbq-kastike-544g\/"]}]},{"@type":"ImageObject","inLanguage":"fi","@id":"https:\/\/bbqassad.ee\/fi\/toode\/burnt-finger-bbq-spicy-kc-bbq-kastike-544g\/#primaryimage","url":"https:\/\/bbqassad.ee\/wp-content\/uploads\/2026\/03\/Burnt_Finger_BBQ_Spicy_KC_BBQ_Sauce544g.png","contentUrl":"https:\/\/bbqassad.ee\/wp-content\/uploads\/2026\/03\/Burnt_Finger_BBQ_Spicy_KC_BBQ_Sauce544g.png","width":1280,"height":720},{"@type":"BreadcrumbList","@id":"https:\/\/bbqassad.ee\/fi\/toode\/burnt-finger-bbq-spicy-kc-bbq-kastike-544g\/#breadcrumb","itemListElement":[{"@type":"ListItem","position":1,"name":"Home","item":"https:\/\/bbqassad.ee\/fi\/bbq-assat\/"},{"@type":"ListItem","position":2,"name":"Verkkokauppa","item":"https:\/\/bbqassad.ee\/fi\/verkkokauppa\/"},{"@type":"ListItem","position":3,"name":"Burnt Finger BBQ Spicy KC BBQ -kastike 544g"}]},{"@type":"WebSite","@id":"https:\/\/bbqassad.ee\/fi\/#website","url":"https:\/\/bbqassad.ee\/fi\/","name":"BBQ \u00c4ssad","description":"BBQ maitseained, kastmed, ahjud","publisher":{"@id":"https:\/\/bbqassad.ee\/fi\/#organization"},"potentialAction":[{"@type":"SearchAction","target":{"@type":"EntryPoint","urlTemplate":"https:\/\/bbqassad.ee\/fi\/?s={search_term_string}"},"query-input":{"@type":"PropertyValueSpecification","valueRequired":true,"valueName":"search_term_string"}}],"inLanguage":"fi"},{"@type":"Organization","@id":"https:\/\/bbqassad.ee\/fi\/#organization","name":"BBQ \u00c4ssad","url":"https:\/\/bbqassad.ee\/fi\/","logo":{"@type":"ImageObject","inLanguage":"fi","@id":"https:\/\/bbqassad.ee\/fi\/#\/schema\/logo\/image\/","url":"https:\/\/bbqassad.ee\/wp-content\/uploads\/2022\/10\/BBQ-2ssadlogo.png","contentUrl":"https:\/\/bbqassad.ee\/wp-content\/uploads\/2022\/10\/BBQ-2ssadlogo.png","width":1080,"height":1080,"caption":"BBQ \u00c4ssad"},"image":{"@id":"https:\/\/bbqassad.ee\/fi\/#\/schema\/logo\/image\/"},"sameAs":["https:\/\/www.facebook.com\/bbqassad","https:\/\/www.youtube.com\/channel\/UCsoufn49J6TVi9Ah9meE93w"]}]}},"_links":{"self":[{"href":"https:\/\/bbqassad.ee\/fi\/wp-json\/wp\/v2\/product\/23664","targetHints":{"allow":["GET"]}}],"collection":[{"href":"https:\/\/bbqassad.ee\/fi\/wp-json\/wp\/v2\/product"}],"about":[{"href":"https:\/\/bbqassad.ee\/fi\/wp-json\/wp\/v2\/types\/product"}],"replies":[{"embeddable":true,"href":"https:\/\/bbqassad.ee\/fi\/wp-json\/wp\/v2\/comments?post=23664"}],"wp:featuredmedia":[{"embeddable":true,"href":"https:\/\/bbqassad.ee\/fi\/wp-json\/wp\/v2\/media\/22363"}],"wp:attachment":[{"href":"https:\/\/bbqassad.ee\/fi\/wp-json\/wp\/v2\/media?parent=23664"}],"wp:term":[{"taxonomy":"product_brand","embeddable":true,"href":"https:\/\/bbqassad.ee\/fi\/wp-json\/wp\/v2\/product_brand?post=23664"},{"taxonomy":"product_cat","embeddable":true,"href":"https:\/\/bbqassad.ee\/fi\/wp-json\/wp\/v2\/product_cat?post=23664"},{"taxonomy":"product_tag","embeddable":true,"href":"https:\/\/bbqassad.ee\/fi\/wp-json\/wp\/v2\/product_tag?post=23664"}],"curies":[{"name":"wp","href":"https:\/\/api.w.org\/{rel}","templated":true}]}}