{"id":23662,"date":"2026-03-26T10:02:44","date_gmt":"2026-03-26T10:02:44","guid":{"rendered":"https:\/\/bbqassad.ee\/toode\/american-stockyard-southern-blues-bbq-kastike-355-ml\/"},"modified":"2026-04-14T06:34:30","modified_gmt":"2026-04-14T06:34:30","slug":"american-stockyard-southern-blues-bbq-kastike-355-ml","status":"publish","type":"product","link":"https:\/\/bbqassad.ee\/fi\/toode\/american-stockyard-southern-blues-bbq-kastike-355-ml\/","title":{"rendered":"American Stockyard Southern Blues BBQ -kastike 355ml"},"content":{"rendered":"<h2>American Stockyard Southern Blues BBQ-kastike 355 ml<\/h2>\n<p><strong style=\"font-size: 14.4px;\">American Stockyard Southern Blues BBQ-kastike<\/strong><span style=\"font-size: 14.4px;\">  on etel\u00e4isten osavaltioiden inspiroima makean savuinen BBQ-kastike, jossa on pehme\u00e4 tomaattimaku, karamellimainen syvyys ja l\u00e4mmin, soul-ruokamainen mauste. Se antaa ruokiin pehme\u00e4n, t\u00e4ytel\u00e4isen maun, joka sopii t\u00e4ydellisesti ribseille, kanalle, possun kuorrutukseen ja grillattujen vihannesten p\u00e4\u00e4lle. Kypsennett\u00e4ess\u00e4 kastike tarttuu lihaan kauniisti ja luo kauniin, hieman kiilt\u00e4v\u00e4n kuorrutuksen.  <\/span><\/p>\n<div>\n<p>Southern Blues on tasapainoinen ja monipuolinen &#8211; tarpeeksi makea ollakseen nautittavaa, tarpeeksi savuinen ollakseen omaleimaista ja tarpeeksi mausteinen ollakseen tyls\u00e4\u00e4.<\/p>\n<h2><strong>BBQ Aces kommentti<\/strong><\/h2>\n<p>&#8221;Southern Blues antaa m\u00e4dille todella t\u00e4ytel\u00e4isen maun ja mukavan savuisen pehmeyden. Laita sit\u00e4 kyljysten, kanan tai kuorrutetun sianlihan p\u00e4\u00e4lle &#8211; t\u00e4m\u00e4 kastike saa ruoan vain maistumaan paremmalta. Helppo k\u00e4ytt\u00e4\u00e4 ja aina hyv\u00e4 tulos.&#8221;  <\/p>\n<h2><strong>Ammattilaisen vinkki<\/strong><\/h2>\n<p><em>&#8221;Valele kastike lihan p\u00e4\u00e4lle viime hetkell\u00e4 ja katso, kuinka se muuttuu makean savuiseksi mestariteokseksi sekunneissa.&#8221;<\/em><\/p>\n<\/div>\n","protected":false},"excerpt":{"rendered":"<p>American Stockyard Southern Blues BBQ -kastike. Nettotilavuus 355 ml <\/p>\n<p>Ainesosat:<br \/>\n vesi, mausteseos (paprika, chilijauhe, suola, mustapippuri,<br \/>\nSINEEDES, valkosipuli, juustokumina, cayennepippuri), basilika,<br \/>\ninkiv\u00e4\u00e4ri, timjami, kaneli, chilihiutaleet), konjakkietikka, suola,<br \/>\nsipuli, vaniljauute, savuaromi, melassi, sipulijauhe, tamarindi,<br \/>\nvalkosipulijauhe, mausteet.<\/p>\n<p>Ravintosis\u00e4lt\u00f6 100 g kohti: energia 231 kcal (980 kJ), rasva 0 g, josta tyydyttyneit\u00e4 rasvahappoja 0 g, hiilihydraatteja 55 g, josta<br \/>\nsokereita 53 g, proteiinia 1 g, suolaa 2,8 g.<br \/>\nS\u00e4ilyvyysaika: ks. pakkaus.<br \/>\nS\u00e4ilyt\u00e4 avaamisen j\u00e4lkeen j\u00e4\u00e4kaapissa. S\u00e4ilyt\u00e4 viile\u00e4ss\u00e4 paikassa.<\/p>\n<p>Tuotettu Yhdysvalloissa.<br \/>\nMaahantuoja: RESACO B.V., Karrewiel 8, 6942 LK Didam.<br \/>\nJ\u00e4lleenmyyj\u00e4 Virossa: BBQ \u00c4ssad O\u00dc www.bbqassad.ee www.bbqassad.ee.<\/p>\n","protected":false},"featured_media":22376,"comment_status":"open","ping_status":"closed","template":"","meta":[],"product_brand":[],"product_cat":[788],"product_tag":[],"class_list":{"0":"post-23662","1":"product","2":"type-product","3":"status-publish","4":"has-post-thumbnail","6":"product_cat-kastit","8":"first","9":"instock","10":"taxable","11":"shipping-taxable","12":"purchasable","13":"product-type-simple"},"yoast_head":"<!-- This site is optimized with the Yoast SEO plugin v27.4 - https:\/\/yoast.com\/product\/yoast-seo-wordpress\/ -->\n<title>American Stockyard Southern Blues BBQ-kastike 355 ml - BBQ \u00c4ssad%<\/title>\n<meta name=\"description\" content=\"American Stockyard Southern Blues BBQ-kastike 355 ml. Ainesosat: ruskea sokeri, tomaattipyree, mausteet ym. S\u00e4ilyt\u00e4 j\u00e4\u00e4kaapissa avaamisen j\u00e4lkeen.\" \/>\n<meta name=\"robots\" content=\"index, follow, max-snippet:-1, max-image-preview:large, max-video-preview:-1\" \/>\n<link rel=\"canonical\" href=\"https:\/\/bbqassad.ee\/fi\/toode\/american-stockyard-southern-blues-bbq-kastike-355-ml\/\" \/>\n<meta property=\"og:locale\" content=\"fi_FI\" \/>\n<meta property=\"og:type\" content=\"article\" \/>\n<meta property=\"og:title\" content=\"American Stockyard Southern Blues BBQ-kastike 355 ml - BBQ \u00c4ssad%\" \/>\n<meta property=\"og:description\" content=\"American Stockyard Southern Blues BBQ-kastike 355 ml. Ainesosat: ruskea sokeri, tomaattipyree, mausteet ym. S\u00e4ilyt\u00e4 j\u00e4\u00e4kaapissa avaamisen j\u00e4lkeen.\" \/>\n<meta property=\"og:url\" content=\"https:\/\/bbqassad.ee\/fi\/toode\/american-stockyard-southern-blues-bbq-kastike-355-ml\/\" \/>\n<meta property=\"og:site_name\" content=\"BBQ \u00c4ssad\" \/>\n<meta property=\"article:publisher\" content=\"https:\/\/www.facebook.com\/bbqassad\" \/>\n<meta property=\"article:modified_time\" content=\"2026-04-14T06:34:30+00:00\" \/>\n<meta property=\"og:image\" content=\"https:\/\/bbqassad.ee\/wp-content\/uploads\/2026\/03\/American_Stockyard_Southern-Blues_BBQ_Sauce_355ml.png\" \/>\n<meta name=\"twitter:card\" content=\"summary_large_image\" \/>\n<meta name=\"twitter:title\" content=\"American Stockyard Southern Blues BBQ-kastike 355 ml - BBQ \u00c4ssad%\" \/>\n<meta name=\"twitter:description\" content=\"American Stockyard Southern Blues BBQ-kastike 355 ml. Ainesosat: ruskea sokeri, tomaattipyree, mausteet ym. S\u00e4ilyt\u00e4 j\u00e4\u00e4kaapissa avaamisen j\u00e4lkeen.\" \/>\n<meta name=\"twitter:image\" content=\"https:\/\/bbqassad.ee\/wp-content\/uploads\/2026\/03\/American_Stockyard_Southern-Blues_BBQ_Sauce_355ml.png\" \/>\n<meta name=\"twitter:label1\" content=\"Arvioitu lukuaika\" \/>\n\t<meta name=\"twitter:data1\" content=\"1 minuutti\" \/>\n<script type=\"application\/ld+json\" class=\"yoast-schema-graph\">{\"@context\":\"https:\\\/\\\/schema.org\",\"@graph\":[{\"@type\":\"WebPage\",\"@id\":\"https:\\\/\\\/bbqassad.ee\\\/fi\\\/toode\\\/american-stockyard-southern-blues-bbq-kastike-355-ml\\\/\",\"url\":\"https:\\\/\\\/bbqassad.ee\\\/fi\\\/toode\\\/american-stockyard-southern-blues-bbq-kastike-355-ml\\\/\",\"name\":\"American Stockyard Southern Blues BBQ-kastike 355 ml - BBQ \u00c4ssad%\",\"isPartOf\":{\"@id\":\"https:\\\/\\\/bbqassad.ee\\\/fi\\\/#website\"},\"primaryImageOfPage\":{\"@id\":\"https:\\\/\\\/bbqassad.ee\\\/fi\\\/toode\\\/american-stockyard-southern-blues-bbq-kastike-355-ml\\\/#primaryimage\"},\"image\":{\"@id\":\"https:\\\/\\\/bbqassad.ee\\\/fi\\\/toode\\\/american-stockyard-southern-blues-bbq-kastike-355-ml\\\/#primaryimage\"},\"thumbnailUrl\":\"https:\\\/\\\/bbqassad.ee\\\/wp-content\\\/uploads\\\/2026\\\/03\\\/American_Stockyard_Southern-Blues_BBQ_Sauce_355ml.png\",\"datePublished\":\"2026-03-26T10:02:44+00:00\",\"dateModified\":\"2026-04-14T06:34:30+00:00\",\"description\":\"American Stockyard Southern Blues BBQ-kastike 355 ml. Ainesosat: ruskea sokeri, tomaattipyree, mausteet ym. S\u00e4ilyt\u00e4 j\u00e4\u00e4kaapissa avaamisen j\u00e4lkeen.\",\"breadcrumb\":{\"@id\":\"https:\\\/\\\/bbqassad.ee\\\/fi\\\/toode\\\/american-stockyard-southern-blues-bbq-kastike-355-ml\\\/#breadcrumb\"},\"inLanguage\":\"fi\",\"potentialAction\":[{\"@type\":\"ReadAction\",\"target\":[\"https:\\\/\\\/bbqassad.ee\\\/fi\\\/toode\\\/american-stockyard-southern-blues-bbq-kastike-355-ml\\\/\"]}]},{\"@type\":\"ImageObject\",\"inLanguage\":\"fi\",\"@id\":\"https:\\\/\\\/bbqassad.ee\\\/fi\\\/toode\\\/american-stockyard-southern-blues-bbq-kastike-355-ml\\\/#primaryimage\",\"url\":\"https:\\\/\\\/bbqassad.ee\\\/wp-content\\\/uploads\\\/2026\\\/03\\\/American_Stockyard_Southern-Blues_BBQ_Sauce_355ml.png\",\"contentUrl\":\"https:\\\/\\\/bbqassad.ee\\\/wp-content\\\/uploads\\\/2026\\\/03\\\/American_Stockyard_Southern-Blues_BBQ_Sauce_355ml.png\",\"width\":1280,\"height\":720},{\"@type\":\"BreadcrumbList\",\"@id\":\"https:\\\/\\\/bbqassad.ee\\\/fi\\\/toode\\\/american-stockyard-southern-blues-bbq-kastike-355-ml\\\/#breadcrumb\",\"itemListElement\":[{\"@type\":\"ListItem\",\"position\":1,\"name\":\"Home\",\"item\":\"https:\\\/\\\/bbqassad.ee\\\/fi\\\/bbq-assat\\\/\"},{\"@type\":\"ListItem\",\"position\":2,\"name\":\"Verkkokauppa\",\"item\":\"https:\\\/\\\/bbqassad.ee\\\/fi\\\/verkkokauppa\\\/\"},{\"@type\":\"ListItem\",\"position\":3,\"name\":\"American Stockyard Southern Blues BBQ -kastike 355ml\"}]},{\"@type\":\"WebSite\",\"@id\":\"https:\\\/\\\/bbqassad.ee\\\/fi\\\/#website\",\"url\":\"https:\\\/\\\/bbqassad.ee\\\/fi\\\/\",\"name\":\"BBQ \u00c4ssad\",\"description\":\"BBQ maitseained, kastmed, ahjud\",\"publisher\":{\"@id\":\"https:\\\/\\\/bbqassad.ee\\\/fi\\\/#organization\"},\"potentialAction\":[{\"@type\":\"SearchAction\",\"target\":{\"@type\":\"EntryPoint\",\"urlTemplate\":\"https:\\\/\\\/bbqassad.ee\\\/fi\\\/?s={search_term_string}\"},\"query-input\":{\"@type\":\"PropertyValueSpecification\",\"valueRequired\":true,\"valueName\":\"search_term_string\"}}],\"inLanguage\":\"fi\"},{\"@type\":\"Organization\",\"@id\":\"https:\\\/\\\/bbqassad.ee\\\/fi\\\/#organization\",\"name\":\"BBQ \u00c4ssad\",\"url\":\"https:\\\/\\\/bbqassad.ee\\\/fi\\\/\",\"logo\":{\"@type\":\"ImageObject\",\"inLanguage\":\"fi\",\"@id\":\"https:\\\/\\\/bbqassad.ee\\\/fi\\\/#\\\/schema\\\/logo\\\/image\\\/\",\"url\":\"https:\\\/\\\/bbqassad.ee\\\/wp-content\\\/uploads\\\/2022\\\/10\\\/BBQ-2ssadlogo.png\",\"contentUrl\":\"https:\\\/\\\/bbqassad.ee\\\/wp-content\\\/uploads\\\/2022\\\/10\\\/BBQ-2ssadlogo.png\",\"width\":1080,\"height\":1080,\"caption\":\"BBQ \u00c4ssad\"},\"image\":{\"@id\":\"https:\\\/\\\/bbqassad.ee\\\/fi\\\/#\\\/schema\\\/logo\\\/image\\\/\"},\"sameAs\":[\"https:\\\/\\\/www.facebook.com\\\/bbqassad\",\"https:\\\/\\\/www.youtube.com\\\/channel\\\/UCsoufn49J6TVi9Ah9meE93w\"]}]}<\/script>\n<!-- \/ Yoast SEO plugin. -->","yoast_head_json":{"title":"American Stockyard Southern Blues BBQ-kastike 355 ml - BBQ \u00c4ssad%","description":"American Stockyard Southern Blues BBQ-kastike 355 ml. Ainesosat: ruskea sokeri, tomaattipyree, mausteet ym. S\u00e4ilyt\u00e4 j\u00e4\u00e4kaapissa avaamisen j\u00e4lkeen.","robots":{"index":"index","follow":"follow","max-snippet":"max-snippet:-1","max-image-preview":"max-image-preview:large","max-video-preview":"max-video-preview:-1"},"canonical":"https:\/\/bbqassad.ee\/fi\/toode\/american-stockyard-southern-blues-bbq-kastike-355-ml\/","og_locale":"fi_FI","og_type":"article","og_title":"American Stockyard Southern Blues BBQ-kastike 355 ml - BBQ \u00c4ssad%","og_description":"American Stockyard Southern Blues BBQ-kastike 355 ml. Ainesosat: ruskea sokeri, tomaattipyree, mausteet ym. S\u00e4ilyt\u00e4 j\u00e4\u00e4kaapissa avaamisen j\u00e4lkeen.","og_url":"https:\/\/bbqassad.ee\/fi\/toode\/american-stockyard-southern-blues-bbq-kastike-355-ml\/","og_site_name":"BBQ \u00c4ssad","article_publisher":"https:\/\/www.facebook.com\/bbqassad","article_modified_time":"2026-04-14T06:34:30+00:00","og_image":[{"url":"https:\/\/bbqassad.ee\/wp-content\/uploads\/2026\/03\/American_Stockyard_Southern-Blues_BBQ_Sauce_355ml.png","type":"","width":"","height":""}],"twitter_card":"summary_large_image","twitter_title":"American Stockyard Southern Blues BBQ-kastike 355 ml - BBQ \u00c4ssad%","twitter_description":"American Stockyard Southern Blues BBQ-kastike 355 ml. Ainesosat: ruskea sokeri, tomaattipyree, mausteet ym. S\u00e4ilyt\u00e4 j\u00e4\u00e4kaapissa avaamisen j\u00e4lkeen.","twitter_image":"https:\/\/bbqassad.ee\/wp-content\/uploads\/2026\/03\/American_Stockyard_Southern-Blues_BBQ_Sauce_355ml.png","twitter_misc":{"Arvioitu lukuaika":"1 minuutti"},"schema":{"@context":"https:\/\/schema.org","@graph":[{"@type":"WebPage","@id":"https:\/\/bbqassad.ee\/fi\/toode\/american-stockyard-southern-blues-bbq-kastike-355-ml\/","url":"https:\/\/bbqassad.ee\/fi\/toode\/american-stockyard-southern-blues-bbq-kastike-355-ml\/","name":"American Stockyard Southern Blues BBQ-kastike 355 ml - BBQ \u00c4ssad%","isPartOf":{"@id":"https:\/\/bbqassad.ee\/fi\/#website"},"primaryImageOfPage":{"@id":"https:\/\/bbqassad.ee\/fi\/toode\/american-stockyard-southern-blues-bbq-kastike-355-ml\/#primaryimage"},"image":{"@id":"https:\/\/bbqassad.ee\/fi\/toode\/american-stockyard-southern-blues-bbq-kastike-355-ml\/#primaryimage"},"thumbnailUrl":"https:\/\/bbqassad.ee\/wp-content\/uploads\/2026\/03\/American_Stockyard_Southern-Blues_BBQ_Sauce_355ml.png","datePublished":"2026-03-26T10:02:44+00:00","dateModified":"2026-04-14T06:34:30+00:00","description":"American Stockyard Southern Blues BBQ-kastike 355 ml. Ainesosat: ruskea sokeri, tomaattipyree, mausteet ym. S\u00e4ilyt\u00e4 j\u00e4\u00e4kaapissa avaamisen j\u00e4lkeen.","breadcrumb":{"@id":"https:\/\/bbqassad.ee\/fi\/toode\/american-stockyard-southern-blues-bbq-kastike-355-ml\/#breadcrumb"},"inLanguage":"fi","potentialAction":[{"@type":"ReadAction","target":["https:\/\/bbqassad.ee\/fi\/toode\/american-stockyard-southern-blues-bbq-kastike-355-ml\/"]}]},{"@type":"ImageObject","inLanguage":"fi","@id":"https:\/\/bbqassad.ee\/fi\/toode\/american-stockyard-southern-blues-bbq-kastike-355-ml\/#primaryimage","url":"https:\/\/bbqassad.ee\/wp-content\/uploads\/2026\/03\/American_Stockyard_Southern-Blues_BBQ_Sauce_355ml.png","contentUrl":"https:\/\/bbqassad.ee\/wp-content\/uploads\/2026\/03\/American_Stockyard_Southern-Blues_BBQ_Sauce_355ml.png","width":1280,"height":720},{"@type":"BreadcrumbList","@id":"https:\/\/bbqassad.ee\/fi\/toode\/american-stockyard-southern-blues-bbq-kastike-355-ml\/#breadcrumb","itemListElement":[{"@type":"ListItem","position":1,"name":"Home","item":"https:\/\/bbqassad.ee\/fi\/bbq-assat\/"},{"@type":"ListItem","position":2,"name":"Verkkokauppa","item":"https:\/\/bbqassad.ee\/fi\/verkkokauppa\/"},{"@type":"ListItem","position":3,"name":"American Stockyard Southern Blues BBQ -kastike 355ml"}]},{"@type":"WebSite","@id":"https:\/\/bbqassad.ee\/fi\/#website","url":"https:\/\/bbqassad.ee\/fi\/","name":"BBQ \u00c4ssad","description":"BBQ maitseained, kastmed, ahjud","publisher":{"@id":"https:\/\/bbqassad.ee\/fi\/#organization"},"potentialAction":[{"@type":"SearchAction","target":{"@type":"EntryPoint","urlTemplate":"https:\/\/bbqassad.ee\/fi\/?s={search_term_string}"},"query-input":{"@type":"PropertyValueSpecification","valueRequired":true,"valueName":"search_term_string"}}],"inLanguage":"fi"},{"@type":"Organization","@id":"https:\/\/bbqassad.ee\/fi\/#organization","name":"BBQ \u00c4ssad","url":"https:\/\/bbqassad.ee\/fi\/","logo":{"@type":"ImageObject","inLanguage":"fi","@id":"https:\/\/bbqassad.ee\/fi\/#\/schema\/logo\/image\/","url":"https:\/\/bbqassad.ee\/wp-content\/uploads\/2022\/10\/BBQ-2ssadlogo.png","contentUrl":"https:\/\/bbqassad.ee\/wp-content\/uploads\/2022\/10\/BBQ-2ssadlogo.png","width":1080,"height":1080,"caption":"BBQ \u00c4ssad"},"image":{"@id":"https:\/\/bbqassad.ee\/fi\/#\/schema\/logo\/image\/"},"sameAs":["https:\/\/www.facebook.com\/bbqassad","https:\/\/www.youtube.com\/channel\/UCsoufn49J6TVi9Ah9meE93w"]}]}},"_links":{"self":[{"href":"https:\/\/bbqassad.ee\/fi\/wp-json\/wp\/v2\/product\/23662","targetHints":{"allow":["GET"]}}],"collection":[{"href":"https:\/\/bbqassad.ee\/fi\/wp-json\/wp\/v2\/product"}],"about":[{"href":"https:\/\/bbqassad.ee\/fi\/wp-json\/wp\/v2\/types\/product"}],"replies":[{"embeddable":true,"href":"https:\/\/bbqassad.ee\/fi\/wp-json\/wp\/v2\/comments?post=23662"}],"wp:featuredmedia":[{"embeddable":true,"href":"https:\/\/bbqassad.ee\/fi\/wp-json\/wp\/v2\/media\/22376"}],"wp:attachment":[{"href":"https:\/\/bbqassad.ee\/fi\/wp-json\/wp\/v2\/media?parent=23662"}],"wp:term":[{"taxonomy":"product_brand","embeddable":true,"href":"https:\/\/bbqassad.ee\/fi\/wp-json\/wp\/v2\/product_brand?post=23662"},{"taxonomy":"product_cat","embeddable":true,"href":"https:\/\/bbqassad.ee\/fi\/wp-json\/wp\/v2\/product_cat?post=23662"},{"taxonomy":"product_tag","embeddable":true,"href":"https:\/\/bbqassad.ee\/fi\/wp-json\/wp\/v2\/product_tag?post=23662"}],"curies":[{"name":"wp","href":"https:\/\/api.w.org\/{rel}","templated":true}]}}