{"id":23661,"date":"2026-03-26T10:06:40","date_gmt":"2026-03-26T10:06:40","guid":{"rendered":"https:\/\/bbqassad.ee\/toode\/suckelbusters-texas-heat-habanero-pippurikastike-148-ml\/"},"modified":"2026-04-14T06:34:30","modified_gmt":"2026-04-14T06:34:30","slug":"suckelbusters-texas-heat-habanero-pippurikastike-148-ml","status":"publish","type":"product","link":"https:\/\/bbqassad.ee\/fi\/toode\/suckelbusters-texas-heat-habanero-pippurikastike-148-ml\/","title":{"rendered":"SuckleBusters Texas Heat Habanero Pepper Sauce 148ml"},"content":{"rendered":"<h2>SuckelBusters Texas Heat Habanero pippurikastike 148 ml<\/h2>\n<p><strong style=\"font-size: 14.4px;\">SuckleBusters Texas Heat Habanero pippuri<\/strong><span style=\"font-size: 14.4px;\">  on todella kirpe\u00e4 tulinen kastike, jossa yhdistyv\u00e4t teksasilaisen tyylin rehellinen tulisuus ja habaneron hedelm\u00e4inen mutta mausteinen luonne. Se on miellytt\u00e4v\u00e4n mausteinen, olematta kuitenkaan liian makea, ja sopii erinomaisesti niille, jotka haluavat lis\u00e4t\u00e4 ruokaansa mausteista makua.   <\/span><em style=\"font-size: 14.4px;\">todellinen l\u00e4mp\u00f6<\/em><span style=\"font-size: 14.4px;\">, ei vain kevytt\u00e4 pippurivaahtoa.<\/span><\/p>\n<div>\n<p>Lorauta sit\u00e4 kanan, ribsien, tacojen, hampurilaisten tai jopa aamiaismunien p\u00e4\u00e4lle &#8211; t\u00e4m\u00e4 kastike antaa mille tahansa ruoalle rohkean ja elinvoimaisen luonteen. Se on juuri sopivan paksuista, jotta se valuu hyvin, mutta maistuu silti selv\u00e4sti etupuolelta. <\/p>\n<h2><strong>BBQ Aces kommentti<\/strong><\/h2>\n<p>&#8221;T\u00e4m\u00e4 kastike antaa tulisuutta, joka her\u00e4tt\u00e4\u00e4 ruokalajin v\u00e4litt\u00f6m\u00e4sti henkiin. Habaneron potku on tuntuva mutta maukas &#8211; juuri sellainen kastike, jota haluat k\u00e4ytt\u00e4\u00e4, kun haluat maustaa ruokalajin nopeasti.&#8221; <\/p>\n<h2><strong>Ammattilaisen vinkki<\/strong><\/h2>\n<p><em>&#8221;Lis\u00e4\u00e4 muutama tippa valmiiseen rolaan ja tee siit\u00e4 hetkess\u00e4 tulinen texasilaisherkku.&#8221;<\/em><\/p>\n<\/div>\n","protected":false},"excerpt":{"rendered":"<p>SuckelBusters Texas Heat Habanero Pepper -kastike. Nettom\u00e4\u00e4r\u00e4 148 ml <\/p>\n<p>Ravintosis\u00e4lt\u00f6 100 g kohti: energia 0 kcal (0 kJ), rasva 0 g, josta tyydyttyneit\u00e4 rasvahappoja 0 g,<br \/>\n, hiilihydraatteja 22 g,<br \/>\njosta sokereita 0 g, proteiinia 0 g, suolaa 2,8 g.<br \/>\nAinesosat: paprika, vesi, etikka, suola, sokeri, sipuli,<br \/>\nvalkosipuli, habanero, pippurisipulit, mausteet, ksantaanikumi.<br \/>\nParasta ennen: katso pakkauksesta.<br \/>\nS\u00e4ilyt\u00e4 j\u00e4\u00e4kaapissa avaamisen j\u00e4lkeen.<\/p>\n<p>Tuotettu Yhdysvalloissa.<br \/>\nMaahantuoja: RESACO B.V., Karrewiel 8, 6942 LK Didam.<br \/>\nJ\u00e4lleenmyyj\u00e4 Virossa: BBQ \u00c4ssad O\u00dc www.bbqassad.ee www.bbqassad.ee.<\/p>\n","protected":false},"featured_media":22381,"comment_status":"open","ping_status":"closed","template":"","meta":[],"product_brand":[],"product_cat":[788],"product_tag":[],"class_list":{"0":"post-23661","1":"product","2":"type-product","3":"status-publish","4":"has-post-thumbnail","6":"product_cat-kastit","8":"first","9":"instock","10":"taxable","11":"shipping-taxable","12":"purchasable","13":"product-type-simple"},"yoast_head":"<!-- This site is optimized with the Yoast SEO plugin v27.4 - https:\/\/yoast.com\/product\/yoast-seo-wordpress\/ -->\n<title>SuckelBusters Texas Heat Habanero Sauce 148 ml - BBQ \u00c4ssad%<\/title>\n<meta name=\"description\" content=\"SuckelBusters Texas Heat Habanero-kastike 148 ml. Ainesosat: paprika, vesi, etikka, suola, sokeri, sipuli, valkosipuli, habanero. S\u00e4ilyt\u00e4 j\u00e4\u00e4kaapissa avaamisen j\u00e4lkeen.\" \/>\n<meta name=\"robots\" content=\"index, follow, max-snippet:-1, max-image-preview:large, max-video-preview:-1\" \/>\n<link rel=\"canonical\" href=\"https:\/\/bbqassad.ee\/fi\/toode\/suckelbusters-texas-heat-habanero-pippurikastike-148-ml\/\" \/>\n<meta property=\"og:locale\" content=\"fi_FI\" \/>\n<meta property=\"og:type\" content=\"article\" \/>\n<meta property=\"og:title\" content=\"SuckelBusters Texas Heat Habanero Sauce 148 ml - BBQ \u00c4ssad%\" \/>\n<meta property=\"og:description\" content=\"SuckelBusters Texas Heat Habanero-kastike 148 ml. Ainesosat: paprika, vesi, etikka, suola, sokeri, sipuli, valkosipuli, habanero. S\u00e4ilytet\u00e4\u00e4n j\u00e4\u00e4kaapissa avaamisen j\u00e4lkeen.\" \/>\n<meta property=\"og:url\" content=\"https:\/\/bbqassad.ee\/fi\/toode\/suckelbusters-texas-heat-habanero-pippurikastike-148-ml\/\" \/>\n<meta property=\"og:site_name\" content=\"BBQ \u00c4ssad\" \/>\n<meta property=\"article:publisher\" content=\"https:\/\/www.facebook.com\/bbqassad\" \/>\n<meta property=\"article:modified_time\" content=\"2026-04-14T06:34:30+00:00\" \/>\n<meta property=\"og:image\" content=\"https:\/\/bbqassad.ee\/wp-content\/uploads\/2026\/03\/SuckelBusters_Texas_Heat-Habanero_Pepper_148ml.png\" \/>\n<meta name=\"twitter:card\" content=\"summary_large_image\" \/>\n<meta name=\"twitter:title\" content=\"SuckelBusters Texas Heat Habanero Sauce 148 ml - BBQ \u00c4ssad%\" \/>\n<meta name=\"twitter:description\" content=\"SuckelBusters Texas Heat Habanero-kastike 148 ml. Ainesosat: paprika, vesi, etikka, suola, sokeri, sipuli, valkosipuli, habanero. S\u00e4ilytet\u00e4\u00e4n j\u00e4\u00e4kaapissa avaamisen j\u00e4lkeen.\" \/>\n<meta name=\"twitter:image\" content=\"https:\/\/bbqassad.ee\/wp-content\/uploads\/2026\/03\/SuckelBusters_Texas_Heat-Habanero_Pepper_148ml.png\" \/>\n<meta name=\"twitter:label1\" content=\"Arvioitu lukuaika\" \/>\n\t<meta name=\"twitter:data1\" content=\"1 minuutti\" \/>\n<script type=\"application\/ld+json\" class=\"yoast-schema-graph\">{\"@context\":\"https:\\\/\\\/schema.org\",\"@graph\":[{\"@type\":\"WebPage\",\"@id\":\"https:\\\/\\\/bbqassad.ee\\\/fi\\\/toode\\\/suckelbusters-texas-heat-habanero-pippurikastike-148-ml\\\/\",\"url\":\"https:\\\/\\\/bbqassad.ee\\\/fi\\\/toode\\\/suckelbusters-texas-heat-habanero-pippurikastike-148-ml\\\/\",\"name\":\"SuckelBusters Texas Heat Habanero Sauce 148 ml - BBQ \u00c4ssad%\",\"isPartOf\":{\"@id\":\"https:\\\/\\\/bbqassad.ee\\\/fi\\\/#website\"},\"primaryImageOfPage\":{\"@id\":\"https:\\\/\\\/bbqassad.ee\\\/fi\\\/toode\\\/suckelbusters-texas-heat-habanero-pippurikastike-148-ml\\\/#primaryimage\"},\"image\":{\"@id\":\"https:\\\/\\\/bbqassad.ee\\\/fi\\\/toode\\\/suckelbusters-texas-heat-habanero-pippurikastike-148-ml\\\/#primaryimage\"},\"thumbnailUrl\":\"https:\\\/\\\/bbqassad.ee\\\/wp-content\\\/uploads\\\/2026\\\/03\\\/SuckelBusters_Texas_Heat-Habanero_Pepper_148ml.png\",\"datePublished\":\"2026-03-26T10:06:40+00:00\",\"dateModified\":\"2026-04-14T06:34:30+00:00\",\"description\":\"SuckelBusters Texas Heat Habanero-kastike 148 ml. Ainesosat: paprika, vesi, etikka, suola, sokeri, sipuli, valkosipuli, habanero. S\u00e4ilyt\u00e4 j\u00e4\u00e4kaapissa avaamisen j\u00e4lkeen.\",\"breadcrumb\":{\"@id\":\"https:\\\/\\\/bbqassad.ee\\\/fi\\\/toode\\\/suckelbusters-texas-heat-habanero-pippurikastike-148-ml\\\/#breadcrumb\"},\"inLanguage\":\"fi\",\"potentialAction\":[{\"@type\":\"ReadAction\",\"target\":[\"https:\\\/\\\/bbqassad.ee\\\/fi\\\/toode\\\/suckelbusters-texas-heat-habanero-pippurikastike-148-ml\\\/\"]}]},{\"@type\":\"ImageObject\",\"inLanguage\":\"fi\",\"@id\":\"https:\\\/\\\/bbqassad.ee\\\/fi\\\/toode\\\/suckelbusters-texas-heat-habanero-pippurikastike-148-ml\\\/#primaryimage\",\"url\":\"https:\\\/\\\/bbqassad.ee\\\/wp-content\\\/uploads\\\/2026\\\/03\\\/SuckelBusters_Texas_Heat-Habanero_Pepper_148ml.png\",\"contentUrl\":\"https:\\\/\\\/bbqassad.ee\\\/wp-content\\\/uploads\\\/2026\\\/03\\\/SuckelBusters_Texas_Heat-Habanero_Pepper_148ml.png\",\"width\":1280,\"height\":720},{\"@type\":\"BreadcrumbList\",\"@id\":\"https:\\\/\\\/bbqassad.ee\\\/fi\\\/toode\\\/suckelbusters-texas-heat-habanero-pippurikastike-148-ml\\\/#breadcrumb\",\"itemListElement\":[{\"@type\":\"ListItem\",\"position\":1,\"name\":\"Home\",\"item\":\"https:\\\/\\\/bbqassad.ee\\\/fi\\\/bbq-assat\\\/\"},{\"@type\":\"ListItem\",\"position\":2,\"name\":\"Verkkokauppa\",\"item\":\"https:\\\/\\\/bbqassad.ee\\\/fi\\\/verkkokauppa\\\/\"},{\"@type\":\"ListItem\",\"position\":3,\"name\":\"SuckleBusters Texas Heat Habanero Pepper Sauce 148ml\"}]},{\"@type\":\"WebSite\",\"@id\":\"https:\\\/\\\/bbqassad.ee\\\/fi\\\/#website\",\"url\":\"https:\\\/\\\/bbqassad.ee\\\/fi\\\/\",\"name\":\"BBQ \u00c4ssad\",\"description\":\"BBQ maitseained, kastmed, ahjud\",\"publisher\":{\"@id\":\"https:\\\/\\\/bbqassad.ee\\\/fi\\\/#organization\"},\"potentialAction\":[{\"@type\":\"SearchAction\",\"target\":{\"@type\":\"EntryPoint\",\"urlTemplate\":\"https:\\\/\\\/bbqassad.ee\\\/fi\\\/?s={search_term_string}\"},\"query-input\":{\"@type\":\"PropertyValueSpecification\",\"valueRequired\":true,\"valueName\":\"search_term_string\"}}],\"inLanguage\":\"fi\"},{\"@type\":\"Organization\",\"@id\":\"https:\\\/\\\/bbqassad.ee\\\/fi\\\/#organization\",\"name\":\"BBQ \u00c4ssad\",\"url\":\"https:\\\/\\\/bbqassad.ee\\\/fi\\\/\",\"logo\":{\"@type\":\"ImageObject\",\"inLanguage\":\"fi\",\"@id\":\"https:\\\/\\\/bbqassad.ee\\\/fi\\\/#\\\/schema\\\/logo\\\/image\\\/\",\"url\":\"https:\\\/\\\/bbqassad.ee\\\/wp-content\\\/uploads\\\/2022\\\/10\\\/BBQ-2ssadlogo.png\",\"contentUrl\":\"https:\\\/\\\/bbqassad.ee\\\/wp-content\\\/uploads\\\/2022\\\/10\\\/BBQ-2ssadlogo.png\",\"width\":1080,\"height\":1080,\"caption\":\"BBQ \u00c4ssad\"},\"image\":{\"@id\":\"https:\\\/\\\/bbqassad.ee\\\/fi\\\/#\\\/schema\\\/logo\\\/image\\\/\"},\"sameAs\":[\"https:\\\/\\\/www.facebook.com\\\/bbqassad\",\"https:\\\/\\\/www.youtube.com\\\/channel\\\/UCsoufn49J6TVi9Ah9meE93w\"]}]}<\/script>\n<!-- \/ Yoast SEO plugin. -->","yoast_head_json":{"title":"SuckelBusters Texas Heat Habanero Sauce 148 ml - BBQ \u00c4ssad%","description":"SuckelBusters Texas Heat Habanero-kastike 148 ml. Ainesosat: paprika, vesi, etikka, suola, sokeri, sipuli, valkosipuli, habanero. S\u00e4ilyt\u00e4 j\u00e4\u00e4kaapissa avaamisen j\u00e4lkeen.","robots":{"index":"index","follow":"follow","max-snippet":"max-snippet:-1","max-image-preview":"max-image-preview:large","max-video-preview":"max-video-preview:-1"},"canonical":"https:\/\/bbqassad.ee\/fi\/toode\/suckelbusters-texas-heat-habanero-pippurikastike-148-ml\/","og_locale":"fi_FI","og_type":"article","og_title":"SuckelBusters Texas Heat Habanero Sauce 148 ml - BBQ \u00c4ssad%","og_description":"SuckelBusters Texas Heat Habanero-kastike 148 ml. Ainesosat: paprika, vesi, etikka, suola, sokeri, sipuli, valkosipuli, habanero. S\u00e4ilytet\u00e4\u00e4n j\u00e4\u00e4kaapissa avaamisen j\u00e4lkeen.","og_url":"https:\/\/bbqassad.ee\/fi\/toode\/suckelbusters-texas-heat-habanero-pippurikastike-148-ml\/","og_site_name":"BBQ \u00c4ssad","article_publisher":"https:\/\/www.facebook.com\/bbqassad","article_modified_time":"2026-04-14T06:34:30+00:00","og_image":[{"url":"https:\/\/bbqassad.ee\/wp-content\/uploads\/2026\/03\/SuckelBusters_Texas_Heat-Habanero_Pepper_148ml.png","type":"","width":"","height":""}],"twitter_card":"summary_large_image","twitter_title":"SuckelBusters Texas Heat Habanero Sauce 148 ml - BBQ \u00c4ssad%","twitter_description":"SuckelBusters Texas Heat Habanero-kastike 148 ml. Ainesosat: paprika, vesi, etikka, suola, sokeri, sipuli, valkosipuli, habanero. S\u00e4ilytet\u00e4\u00e4n j\u00e4\u00e4kaapissa avaamisen j\u00e4lkeen.","twitter_image":"https:\/\/bbqassad.ee\/wp-content\/uploads\/2026\/03\/SuckelBusters_Texas_Heat-Habanero_Pepper_148ml.png","twitter_misc":{"Arvioitu lukuaika":"1 minuutti"},"schema":{"@context":"https:\/\/schema.org","@graph":[{"@type":"WebPage","@id":"https:\/\/bbqassad.ee\/fi\/toode\/suckelbusters-texas-heat-habanero-pippurikastike-148-ml\/","url":"https:\/\/bbqassad.ee\/fi\/toode\/suckelbusters-texas-heat-habanero-pippurikastike-148-ml\/","name":"SuckelBusters Texas Heat Habanero Sauce 148 ml - BBQ \u00c4ssad%","isPartOf":{"@id":"https:\/\/bbqassad.ee\/fi\/#website"},"primaryImageOfPage":{"@id":"https:\/\/bbqassad.ee\/fi\/toode\/suckelbusters-texas-heat-habanero-pippurikastike-148-ml\/#primaryimage"},"image":{"@id":"https:\/\/bbqassad.ee\/fi\/toode\/suckelbusters-texas-heat-habanero-pippurikastike-148-ml\/#primaryimage"},"thumbnailUrl":"https:\/\/bbqassad.ee\/wp-content\/uploads\/2026\/03\/SuckelBusters_Texas_Heat-Habanero_Pepper_148ml.png","datePublished":"2026-03-26T10:06:40+00:00","dateModified":"2026-04-14T06:34:30+00:00","description":"SuckelBusters Texas Heat Habanero-kastike 148 ml. Ainesosat: paprika, vesi, etikka, suola, sokeri, sipuli, valkosipuli, habanero. S\u00e4ilyt\u00e4 j\u00e4\u00e4kaapissa avaamisen j\u00e4lkeen.","breadcrumb":{"@id":"https:\/\/bbqassad.ee\/fi\/toode\/suckelbusters-texas-heat-habanero-pippurikastike-148-ml\/#breadcrumb"},"inLanguage":"fi","potentialAction":[{"@type":"ReadAction","target":["https:\/\/bbqassad.ee\/fi\/toode\/suckelbusters-texas-heat-habanero-pippurikastike-148-ml\/"]}]},{"@type":"ImageObject","inLanguage":"fi","@id":"https:\/\/bbqassad.ee\/fi\/toode\/suckelbusters-texas-heat-habanero-pippurikastike-148-ml\/#primaryimage","url":"https:\/\/bbqassad.ee\/wp-content\/uploads\/2026\/03\/SuckelBusters_Texas_Heat-Habanero_Pepper_148ml.png","contentUrl":"https:\/\/bbqassad.ee\/wp-content\/uploads\/2026\/03\/SuckelBusters_Texas_Heat-Habanero_Pepper_148ml.png","width":1280,"height":720},{"@type":"BreadcrumbList","@id":"https:\/\/bbqassad.ee\/fi\/toode\/suckelbusters-texas-heat-habanero-pippurikastike-148-ml\/#breadcrumb","itemListElement":[{"@type":"ListItem","position":1,"name":"Home","item":"https:\/\/bbqassad.ee\/fi\/bbq-assat\/"},{"@type":"ListItem","position":2,"name":"Verkkokauppa","item":"https:\/\/bbqassad.ee\/fi\/verkkokauppa\/"},{"@type":"ListItem","position":3,"name":"SuckleBusters Texas Heat Habanero Pepper Sauce 148ml"}]},{"@type":"WebSite","@id":"https:\/\/bbqassad.ee\/fi\/#website","url":"https:\/\/bbqassad.ee\/fi\/","name":"BBQ \u00c4ssad","description":"BBQ maitseained, kastmed, ahjud","publisher":{"@id":"https:\/\/bbqassad.ee\/fi\/#organization"},"potentialAction":[{"@type":"SearchAction","target":{"@type":"EntryPoint","urlTemplate":"https:\/\/bbqassad.ee\/fi\/?s={search_term_string}"},"query-input":{"@type":"PropertyValueSpecification","valueRequired":true,"valueName":"search_term_string"}}],"inLanguage":"fi"},{"@type":"Organization","@id":"https:\/\/bbqassad.ee\/fi\/#organization","name":"BBQ \u00c4ssad","url":"https:\/\/bbqassad.ee\/fi\/","logo":{"@type":"ImageObject","inLanguage":"fi","@id":"https:\/\/bbqassad.ee\/fi\/#\/schema\/logo\/image\/","url":"https:\/\/bbqassad.ee\/wp-content\/uploads\/2022\/10\/BBQ-2ssadlogo.png","contentUrl":"https:\/\/bbqassad.ee\/wp-content\/uploads\/2022\/10\/BBQ-2ssadlogo.png","width":1080,"height":1080,"caption":"BBQ \u00c4ssad"},"image":{"@id":"https:\/\/bbqassad.ee\/fi\/#\/schema\/logo\/image\/"},"sameAs":["https:\/\/www.facebook.com\/bbqassad","https:\/\/www.youtube.com\/channel\/UCsoufn49J6TVi9Ah9meE93w"]}]}},"_links":{"self":[{"href":"https:\/\/bbqassad.ee\/fi\/wp-json\/wp\/v2\/product\/23661","targetHints":{"allow":["GET"]}}],"collection":[{"href":"https:\/\/bbqassad.ee\/fi\/wp-json\/wp\/v2\/product"}],"about":[{"href":"https:\/\/bbqassad.ee\/fi\/wp-json\/wp\/v2\/types\/product"}],"replies":[{"embeddable":true,"href":"https:\/\/bbqassad.ee\/fi\/wp-json\/wp\/v2\/comments?post=23661"}],"wp:featuredmedia":[{"embeddable":true,"href":"https:\/\/bbqassad.ee\/fi\/wp-json\/wp\/v2\/media\/22381"}],"wp:attachment":[{"href":"https:\/\/bbqassad.ee\/fi\/wp-json\/wp\/v2\/media?parent=23661"}],"wp:term":[{"taxonomy":"product_brand","embeddable":true,"href":"https:\/\/bbqassad.ee\/fi\/wp-json\/wp\/v2\/product_brand?post=23661"},{"taxonomy":"product_cat","embeddable":true,"href":"https:\/\/bbqassad.ee\/fi\/wp-json\/wp\/v2\/product_cat?post=23661"},{"taxonomy":"product_tag","embeddable":true,"href":"https:\/\/bbqassad.ee\/fi\/wp-json\/wp\/v2\/product_tag?post=23661"}],"curies":[{"name":"wp","href":"https:\/\/api.w.org\/{rel}","templated":true}]}}