{"id":23660,"date":"2026-03-26T10:15:02","date_gmt":"2026-03-26T10:15:02","guid":{"rendered":"https:\/\/bbqassad.ee\/toode\/american-stockyard-red-rasperry-bbq-kastike-355-ml\/"},"modified":"2026-04-14T06:34:29","modified_gmt":"2026-04-14T06:34:29","slug":"american-stockyard-red-rasperry-bbq-kastike-355-ml","status":"publish","type":"product","link":"https:\/\/bbqassad.ee\/fi\/toode\/american-stockyard-red-rasperry-bbq-kastike-355-ml\/","title":{"rendered":"American Stockyard Red Raspberry BBQ -kastike 355ml"},"content":{"rendered":"<h2>American Stockyard Red Rasperry BBQ-kastike 355 ml<\/h2>\n<p><strong style=\"font-size: 14.4px;\">American Stockyard Red Raspberry BBQ -kastike<\/strong><span style=\"font-size: 14.4px;\">  yhdist\u00e4\u00e4 mehukkaiden vadelmien luonnollisen makeuden, tomaattien syvyyden ja hienovaraisen mausteisuuden, mik\u00e4 luo ainutlaatuisen ja t\u00e4ytel\u00e4isen kastikkeen, joka sopii t\u00e4ydellisesti grillatun lihan, kanan ja jopa juuston kanssa. Vadelma antaa kastikkeelle hedelm\u00e4isen raikkauden, joka kypsyess\u00e4\u00e4n hieman karamellisoituu ja luo kauniin kuorrutuksen m\u00e4dille. <\/span><\/p>\n<div>\n<p>T\u00e4m\u00e4 kastike sopii grilliin, uuniin tai paistinpannulle &#8211; sen tasapainoinen maku pirist\u00e4\u00e4 ruokia ja antaa hedelm\u00e4isen vivahteen jokaiseen suupalaan. Jos haluat jotain tavallisesta grillikastikkeesta poikkeavaa, t\u00e4m\u00e4 kastike yll\u00e4tt\u00e4\u00e4 positiivisesti. <\/p>\n<h2><strong>BBQ Aces kommentti<\/strong><\/h2>\n<p>&#8221;Vadelmien mieto makeus ja kevyt mausteisuus luovat yhdess\u00e4 eritt\u00e4in miellytt\u00e4v\u00e4n grillimaun. T\u00e4m\u00e4 kastike antaa kanan- ja porsaankyljyksille erityisen herkullisen, hieman hedelm\u00e4isen kuorrutuksen &#8211; mutta toimii my\u00f6s todella hyvin juustohampurilaisen tai grillattujen vihannesten kanssa.&#8221; <\/p>\n<h2><strong>Ammattilaisen vinkki<\/strong><\/h2>\n<p><em>&#8221;Kaada kastike kuuman lihan p\u00e4\u00e4lle ja anna vadelmien tehd\u00e4 heti mehukas ty\u00f6ns\u00e4.&#8221;<\/em><\/p>\n<\/div>\n","protected":false},"excerpt":{"rendered":"<p>American Stockyard Red Rasperry BBQ -kastike. Nettom\u00e4\u00e4r\u00e4 355 ml <\/p>\n<p>KOMPONENTIT: Ruokosokeri, vesi, 18% vadelmia, tomaattipyree,<br \/>\nkonjakkietikka, hunaja, sipuli, suola, mausteseos (sipuli, suola, mausteet,<br \/>\nvalkosipuli), savupaprika, chilitahna (chilit, vesi, suola,<br \/>\nhappamuudens\u00e4\u00e4t\u00f6aine sitruunahappo, savu), paprika, oliivi\u00f6ljy, melassi,<br \/>\nvalkosipuli, chilijauhe, tamarindi, mausteet.<\/p>\n<p>Ravintosis\u00e4lt\u00f6 100 g kohti: energia 163 kcal (693 kJ), rasva 0 g, josta tyydyttynytt\u00e4 rasvaa 0 g, hiilihydraatteja 38 g, josta<br \/>\nsokereita 37 g, proteiinia 1 g, suolaa 1,4 g.<br \/>\nParasta ennen: katso pakkauksesta.<\/p>\n<p>Tuotettu: USA<br \/>\nMaahantuoja: Resaco, Karrewiel 8, 6942 LK Didam.<br \/>\nJakelija Virossa: BBQ \u00c4ssad O\u00dc www.bbqassad.ee<\/p>\n","protected":false},"featured_media":22386,"comment_status":"open","ping_status":"closed","template":"","meta":[],"product_brand":[],"product_cat":[788],"product_tag":[],"class_list":{"0":"post-23660","1":"product","2":"type-product","3":"status-publish","4":"has-post-thumbnail","6":"product_cat-kastit","8":"first","9":"instock","10":"taxable","11":"shipping-taxable","12":"purchasable","13":"product-type-simple"},"yoast_head":"<!-- This site is optimized with the Yoast SEO plugin v27.4 - https:\/\/yoast.com\/product\/yoast-seo-wordpress\/ -->\n<title>American Stockyard Red Raspberry BBQ Sauce 355 ml -% BBQ \u00c4ssad%<\/title>\n<meta name=\"description\" content=\"American Stockyard Red Raspberry BBQ-kastike 355 ml. Ainesosat: ruokosokeri, vadelmat, tomaattipyree, hunaja, mausteet ym. Tuote Amerikasta.\" \/>\n<meta name=\"robots\" content=\"index, follow, max-snippet:-1, max-image-preview:large, max-video-preview:-1\" \/>\n<link rel=\"canonical\" href=\"https:\/\/bbqassad.ee\/fi\/toode\/american-stockyard-red-rasperry-bbq-kastike-355-ml\/\" \/>\n<meta property=\"og:locale\" content=\"fi_FI\" \/>\n<meta property=\"og:type\" content=\"article\" \/>\n<meta property=\"og:title\" content=\"American Stockyard Red Raspberry BBQ Sauce 355 ml -% BBQ \u00c4ssad%\" \/>\n<meta property=\"og:description\" content=\"American Stockyard Red Raspberry BBQ-kastike 355 ml. Ainesosat: ruokosokeri, vadelmat, tomaattipyree, hunaja, mausteet ym. Tuote Amerikasta.\" \/>\n<meta property=\"og:url\" content=\"https:\/\/bbqassad.ee\/fi\/toode\/american-stockyard-red-rasperry-bbq-kastike-355-ml\/\" \/>\n<meta property=\"og:site_name\" content=\"BBQ \u00c4ssad\" \/>\n<meta property=\"article:publisher\" content=\"https:\/\/www.facebook.com\/bbqassad\" \/>\n<meta property=\"article:modified_time\" content=\"2026-04-14T06:34:29+00:00\" \/>\n<meta property=\"og:image\" content=\"https:\/\/bbqassad.ee\/wp-content\/uploads\/2026\/03\/American_Stockyard_Red_Rasperry_BBQ_355ml.png\" \/>\n<meta name=\"twitter:card\" content=\"summary_large_image\" \/>\n<meta name=\"twitter:title\" content=\"American Stockyard Red Raspberry BBQ Sauce 355 ml -% BBQ \u00c4ssad%\" \/>\n<meta name=\"twitter:description\" content=\"American Stockyard Red Raspberry BBQ-kastike 355 ml. Ainesosat: ruokosokeri, vadelmat, tomaattipyree, hunaja, mausteet ym. Tuote Amerikasta.\" \/>\n<meta name=\"twitter:image\" content=\"https:\/\/bbqassad.ee\/wp-content\/uploads\/2026\/03\/American_Stockyard_Red_Rasperry_BBQ_355ml.png\" \/>\n<meta name=\"twitter:label1\" content=\"Arvioitu lukuaika\" \/>\n\t<meta name=\"twitter:data1\" content=\"1 minuutti\" \/>\n<script type=\"application\/ld+json\" class=\"yoast-schema-graph\">{\"@context\":\"https:\\\/\\\/schema.org\",\"@graph\":[{\"@type\":\"WebPage\",\"@id\":\"https:\\\/\\\/bbqassad.ee\\\/fi\\\/toode\\\/american-stockyard-red-rasperry-bbq-kastike-355-ml\\\/\",\"url\":\"https:\\\/\\\/bbqassad.ee\\\/fi\\\/toode\\\/american-stockyard-red-rasperry-bbq-kastike-355-ml\\\/\",\"name\":\"American Stockyard Red Raspberry BBQ Sauce 355 ml -% BBQ \u00c4ssad%\",\"isPartOf\":{\"@id\":\"https:\\\/\\\/bbqassad.ee\\\/fi\\\/#website\"},\"primaryImageOfPage\":{\"@id\":\"https:\\\/\\\/bbqassad.ee\\\/fi\\\/toode\\\/american-stockyard-red-rasperry-bbq-kastike-355-ml\\\/#primaryimage\"},\"image\":{\"@id\":\"https:\\\/\\\/bbqassad.ee\\\/fi\\\/toode\\\/american-stockyard-red-rasperry-bbq-kastike-355-ml\\\/#primaryimage\"},\"thumbnailUrl\":\"https:\\\/\\\/bbqassad.ee\\\/wp-content\\\/uploads\\\/2026\\\/03\\\/American_Stockyard_Red_Rasperry_BBQ_355ml.png\",\"datePublished\":\"2026-03-26T10:15:02+00:00\",\"dateModified\":\"2026-04-14T06:34:29+00:00\",\"description\":\"American Stockyard Red Raspberry BBQ-kastike 355 ml. Ainesosat: ruokosokeri, vadelmat, tomaattipyree, hunaja, mausteet ym. Tuote Amerikasta.\",\"breadcrumb\":{\"@id\":\"https:\\\/\\\/bbqassad.ee\\\/fi\\\/toode\\\/american-stockyard-red-rasperry-bbq-kastike-355-ml\\\/#breadcrumb\"},\"inLanguage\":\"fi\",\"potentialAction\":[{\"@type\":\"ReadAction\",\"target\":[\"https:\\\/\\\/bbqassad.ee\\\/fi\\\/toode\\\/american-stockyard-red-rasperry-bbq-kastike-355-ml\\\/\"]}]},{\"@type\":\"ImageObject\",\"inLanguage\":\"fi\",\"@id\":\"https:\\\/\\\/bbqassad.ee\\\/fi\\\/toode\\\/american-stockyard-red-rasperry-bbq-kastike-355-ml\\\/#primaryimage\",\"url\":\"https:\\\/\\\/bbqassad.ee\\\/wp-content\\\/uploads\\\/2026\\\/03\\\/American_Stockyard_Red_Rasperry_BBQ_355ml.png\",\"contentUrl\":\"https:\\\/\\\/bbqassad.ee\\\/wp-content\\\/uploads\\\/2026\\\/03\\\/American_Stockyard_Red_Rasperry_BBQ_355ml.png\",\"width\":1280,\"height\":720},{\"@type\":\"BreadcrumbList\",\"@id\":\"https:\\\/\\\/bbqassad.ee\\\/fi\\\/toode\\\/american-stockyard-red-rasperry-bbq-kastike-355-ml\\\/#breadcrumb\",\"itemListElement\":[{\"@type\":\"ListItem\",\"position\":1,\"name\":\"Home\",\"item\":\"https:\\\/\\\/bbqassad.ee\\\/fi\\\/bbq-assat\\\/\"},{\"@type\":\"ListItem\",\"position\":2,\"name\":\"Verkkokauppa\",\"item\":\"https:\\\/\\\/bbqassad.ee\\\/fi\\\/verkkokauppa\\\/\"},{\"@type\":\"ListItem\",\"position\":3,\"name\":\"American Stockyard Red Raspberry BBQ -kastike 355ml\"}]},{\"@type\":\"WebSite\",\"@id\":\"https:\\\/\\\/bbqassad.ee\\\/fi\\\/#website\",\"url\":\"https:\\\/\\\/bbqassad.ee\\\/fi\\\/\",\"name\":\"BBQ \u00c4ssad\",\"description\":\"BBQ maitseained, kastmed, ahjud\",\"publisher\":{\"@id\":\"https:\\\/\\\/bbqassad.ee\\\/fi\\\/#organization\"},\"potentialAction\":[{\"@type\":\"SearchAction\",\"target\":{\"@type\":\"EntryPoint\",\"urlTemplate\":\"https:\\\/\\\/bbqassad.ee\\\/fi\\\/?s={search_term_string}\"},\"query-input\":{\"@type\":\"PropertyValueSpecification\",\"valueRequired\":true,\"valueName\":\"search_term_string\"}}],\"inLanguage\":\"fi\"},{\"@type\":\"Organization\",\"@id\":\"https:\\\/\\\/bbqassad.ee\\\/fi\\\/#organization\",\"name\":\"BBQ \u00c4ssad\",\"url\":\"https:\\\/\\\/bbqassad.ee\\\/fi\\\/\",\"logo\":{\"@type\":\"ImageObject\",\"inLanguage\":\"fi\",\"@id\":\"https:\\\/\\\/bbqassad.ee\\\/fi\\\/#\\\/schema\\\/logo\\\/image\\\/\",\"url\":\"https:\\\/\\\/bbqassad.ee\\\/wp-content\\\/uploads\\\/2022\\\/10\\\/BBQ-2ssadlogo.png\",\"contentUrl\":\"https:\\\/\\\/bbqassad.ee\\\/wp-content\\\/uploads\\\/2022\\\/10\\\/BBQ-2ssadlogo.png\",\"width\":1080,\"height\":1080,\"caption\":\"BBQ \u00c4ssad\"},\"image\":{\"@id\":\"https:\\\/\\\/bbqassad.ee\\\/fi\\\/#\\\/schema\\\/logo\\\/image\\\/\"},\"sameAs\":[\"https:\\\/\\\/www.facebook.com\\\/bbqassad\",\"https:\\\/\\\/www.youtube.com\\\/channel\\\/UCsoufn49J6TVi9Ah9meE93w\"]}]}<\/script>\n<!-- \/ Yoast SEO plugin. -->","yoast_head_json":{"title":"American Stockyard Red Raspberry BBQ Sauce 355 ml -% BBQ \u00c4ssad%","description":"American Stockyard Red Raspberry BBQ-kastike 355 ml. Ainesosat: ruokosokeri, vadelmat, tomaattipyree, hunaja, mausteet ym. Tuote Amerikasta.","robots":{"index":"index","follow":"follow","max-snippet":"max-snippet:-1","max-image-preview":"max-image-preview:large","max-video-preview":"max-video-preview:-1"},"canonical":"https:\/\/bbqassad.ee\/fi\/toode\/american-stockyard-red-rasperry-bbq-kastike-355-ml\/","og_locale":"fi_FI","og_type":"article","og_title":"American Stockyard Red Raspberry BBQ Sauce 355 ml -% BBQ \u00c4ssad%","og_description":"American Stockyard Red Raspberry BBQ-kastike 355 ml. Ainesosat: ruokosokeri, vadelmat, tomaattipyree, hunaja, mausteet ym. Tuote Amerikasta.","og_url":"https:\/\/bbqassad.ee\/fi\/toode\/american-stockyard-red-rasperry-bbq-kastike-355-ml\/","og_site_name":"BBQ \u00c4ssad","article_publisher":"https:\/\/www.facebook.com\/bbqassad","article_modified_time":"2026-04-14T06:34:29+00:00","og_image":[{"url":"https:\/\/bbqassad.ee\/wp-content\/uploads\/2026\/03\/American_Stockyard_Red_Rasperry_BBQ_355ml.png","type":"","width":"","height":""}],"twitter_card":"summary_large_image","twitter_title":"American Stockyard Red Raspberry BBQ Sauce 355 ml -% BBQ \u00c4ssad%","twitter_description":"American Stockyard Red Raspberry BBQ-kastike 355 ml. Ainesosat: ruokosokeri, vadelmat, tomaattipyree, hunaja, mausteet ym. Tuote Amerikasta.","twitter_image":"https:\/\/bbqassad.ee\/wp-content\/uploads\/2026\/03\/American_Stockyard_Red_Rasperry_BBQ_355ml.png","twitter_misc":{"Arvioitu lukuaika":"1 minuutti"},"schema":{"@context":"https:\/\/schema.org","@graph":[{"@type":"WebPage","@id":"https:\/\/bbqassad.ee\/fi\/toode\/american-stockyard-red-rasperry-bbq-kastike-355-ml\/","url":"https:\/\/bbqassad.ee\/fi\/toode\/american-stockyard-red-rasperry-bbq-kastike-355-ml\/","name":"American Stockyard Red Raspberry BBQ Sauce 355 ml -% BBQ \u00c4ssad%","isPartOf":{"@id":"https:\/\/bbqassad.ee\/fi\/#website"},"primaryImageOfPage":{"@id":"https:\/\/bbqassad.ee\/fi\/toode\/american-stockyard-red-rasperry-bbq-kastike-355-ml\/#primaryimage"},"image":{"@id":"https:\/\/bbqassad.ee\/fi\/toode\/american-stockyard-red-rasperry-bbq-kastike-355-ml\/#primaryimage"},"thumbnailUrl":"https:\/\/bbqassad.ee\/wp-content\/uploads\/2026\/03\/American_Stockyard_Red_Rasperry_BBQ_355ml.png","datePublished":"2026-03-26T10:15:02+00:00","dateModified":"2026-04-14T06:34:29+00:00","description":"American Stockyard Red Raspberry BBQ-kastike 355 ml. Ainesosat: ruokosokeri, vadelmat, tomaattipyree, hunaja, mausteet ym. Tuote Amerikasta.","breadcrumb":{"@id":"https:\/\/bbqassad.ee\/fi\/toode\/american-stockyard-red-rasperry-bbq-kastike-355-ml\/#breadcrumb"},"inLanguage":"fi","potentialAction":[{"@type":"ReadAction","target":["https:\/\/bbqassad.ee\/fi\/toode\/american-stockyard-red-rasperry-bbq-kastike-355-ml\/"]}]},{"@type":"ImageObject","inLanguage":"fi","@id":"https:\/\/bbqassad.ee\/fi\/toode\/american-stockyard-red-rasperry-bbq-kastike-355-ml\/#primaryimage","url":"https:\/\/bbqassad.ee\/wp-content\/uploads\/2026\/03\/American_Stockyard_Red_Rasperry_BBQ_355ml.png","contentUrl":"https:\/\/bbqassad.ee\/wp-content\/uploads\/2026\/03\/American_Stockyard_Red_Rasperry_BBQ_355ml.png","width":1280,"height":720},{"@type":"BreadcrumbList","@id":"https:\/\/bbqassad.ee\/fi\/toode\/american-stockyard-red-rasperry-bbq-kastike-355-ml\/#breadcrumb","itemListElement":[{"@type":"ListItem","position":1,"name":"Home","item":"https:\/\/bbqassad.ee\/fi\/bbq-assat\/"},{"@type":"ListItem","position":2,"name":"Verkkokauppa","item":"https:\/\/bbqassad.ee\/fi\/verkkokauppa\/"},{"@type":"ListItem","position":3,"name":"American Stockyard Red Raspberry BBQ -kastike 355ml"}]},{"@type":"WebSite","@id":"https:\/\/bbqassad.ee\/fi\/#website","url":"https:\/\/bbqassad.ee\/fi\/","name":"BBQ \u00c4ssad","description":"BBQ maitseained, kastmed, ahjud","publisher":{"@id":"https:\/\/bbqassad.ee\/fi\/#organization"},"potentialAction":[{"@type":"SearchAction","target":{"@type":"EntryPoint","urlTemplate":"https:\/\/bbqassad.ee\/fi\/?s={search_term_string}"},"query-input":{"@type":"PropertyValueSpecification","valueRequired":true,"valueName":"search_term_string"}}],"inLanguage":"fi"},{"@type":"Organization","@id":"https:\/\/bbqassad.ee\/fi\/#organization","name":"BBQ \u00c4ssad","url":"https:\/\/bbqassad.ee\/fi\/","logo":{"@type":"ImageObject","inLanguage":"fi","@id":"https:\/\/bbqassad.ee\/fi\/#\/schema\/logo\/image\/","url":"https:\/\/bbqassad.ee\/wp-content\/uploads\/2022\/10\/BBQ-2ssadlogo.png","contentUrl":"https:\/\/bbqassad.ee\/wp-content\/uploads\/2022\/10\/BBQ-2ssadlogo.png","width":1080,"height":1080,"caption":"BBQ \u00c4ssad"},"image":{"@id":"https:\/\/bbqassad.ee\/fi\/#\/schema\/logo\/image\/"},"sameAs":["https:\/\/www.facebook.com\/bbqassad","https:\/\/www.youtube.com\/channel\/UCsoufn49J6TVi9Ah9meE93w"]}]}},"_links":{"self":[{"href":"https:\/\/bbqassad.ee\/fi\/wp-json\/wp\/v2\/product\/23660","targetHints":{"allow":["GET"]}}],"collection":[{"href":"https:\/\/bbqassad.ee\/fi\/wp-json\/wp\/v2\/product"}],"about":[{"href":"https:\/\/bbqassad.ee\/fi\/wp-json\/wp\/v2\/types\/product"}],"replies":[{"embeddable":true,"href":"https:\/\/bbqassad.ee\/fi\/wp-json\/wp\/v2\/comments?post=23660"}],"wp:featuredmedia":[{"embeddable":true,"href":"https:\/\/bbqassad.ee\/fi\/wp-json\/wp\/v2\/media\/22386"}],"wp:attachment":[{"href":"https:\/\/bbqassad.ee\/fi\/wp-json\/wp\/v2\/media?parent=23660"}],"wp:term":[{"taxonomy":"product_brand","embeddable":true,"href":"https:\/\/bbqassad.ee\/fi\/wp-json\/wp\/v2\/product_brand?post=23660"},{"taxonomy":"product_cat","embeddable":true,"href":"https:\/\/bbqassad.ee\/fi\/wp-json\/wp\/v2\/product_cat?post=23660"},{"taxonomy":"product_tag","embeddable":true,"href":"https:\/\/bbqassad.ee\/fi\/wp-json\/wp\/v2\/product_tag?post=23660"}],"curies":[{"name":"wp","href":"https:\/\/api.w.org\/{rel}","templated":true}]}}