{"id":23659,"date":"2026-03-26T10:21:53","date_gmt":"2026-03-26T10:21:53","guid":{"rendered":"https:\/\/bbqassad.ee\/toode\/american-stockyard-memphis-red-bbq-kastike-355-ml\/"},"modified":"2026-04-14T06:34:29","modified_gmt":"2026-04-14T06:34:29","slug":"american-stockyard-memphis-red-bbq-kastike-355-ml","status":"publish","type":"product","link":"https:\/\/bbqassad.ee\/fi\/toode\/american-stockyard-memphis-red-bbq-kastike-355-ml\/","title":{"rendered":"American Stockyard Memphis Red BBQ -kastike 355ml"},"content":{"rendered":"<h2>American Stockyard Memphis Red BBQ-kastike 355 ml<\/h2>\n<p><strong style=\"font-size: 14.4px;\">American Stockyard Memphis Red BBQ-kastike<\/strong><span style=\"font-size: 14.4px;\">  tuo lautaselle klassisen Memphis-tyylisen punaisen kastikkeen &#8211; kirpe\u00e4n, etikkaisen ja tomaattisen, jossa on kevytt\u00e4 mausteisuutta ja riitt\u00e4v\u00e4sti t\u00e4ytel\u00e4isyytt\u00e4, jotta jokainen suupala on el\u00e4v\u00e4 ja maukas. T\u00e4m\u00e4 kastike sopii erityisen hyvin ribs-, kana- ja sianliharuokiin, sill\u00e4 se tuo ruokaan raikkaan, hieman happaman ja mehukkaan s\u00e4vyn. <\/span><\/p>\n<div>\n<p>Memphis Red tarttuu kauniisti lihaan kypsyess\u00e4\u00e4n, tuo esiin savuisen pehmeyden ja lis\u00e4\u00e4 v\u00e4ri\u00e4 jokaiseen suupalaan. T\u00e4ydellinen valinta niille, jotka pit\u00e4v\u00e4t hieman kirpe\u00e4mm\u00e4st\u00e4 ja etikkaisemmasta BBQ-tyylist\u00e4, joka pit\u00e4\u00e4 ruokalajin mukavan kevyen\u00e4 mutta t\u00e4ynn\u00e4 makua. <\/p>\n<h2><strong>BBQ Aces kommentti<\/strong><\/h2>\n<p>&#8221;Memphis Red tuo v\u00e4litt\u00f6m\u00e4sti energiaa roa:han &#8211; mukavaa hapokkuutta, kevytt\u00e4 mausteisuutta ja riitt\u00e4v\u00e4sti syvyytt\u00e4. Se toimii erinomaisesti ribsien ja kanan kanssa, mutta yll\u00e4tt\u00e4\u00e4 my\u00f6s yksinkertaisemmissa ruokalajeissa. Se on yksi niist\u00e4 kastikkeista, joita maistat kerran ja k\u00e4yt\u00e4t useammin kuin luulitkaan.&#8221;  <\/p>\n<h2><strong>Ammattilaisen vinkki<\/strong><\/h2>\n<p><em>&#8221;Lis\u00e4\u00e4 sit\u00e4 kuuman lihan joukkoon, niin koko ruokalajista tulee heti kirpe\u00e4mpi ja eloisampi.&#8221;<\/em><\/p>\n<\/div>\n<p>&nbsp;<\/p>\n<p>&nbsp;<\/p>\n","protected":false},"excerpt":{"rendered":"<p>American Stockyard Memphis Red BBQ -kastike. Nettotilavuus 355 ml <\/p>\n<p>AINESOSAT: ruokosokeri, omenaviinietikka, tomaattipyree, vesi,<br \/>\nkonjakkietikka, suola, mustapippuri, punaiset chilit,<br \/>\nsakeuttamisaine ksantaanikumi, sipulijauhe.<\/p>\n<p>Ravintosis\u00e4lt\u00f6 100 g kohti: energia 185 kcal (786 kJ), rasva 0 g, josta tyydyttynytt\u00e4 rasvaa 0 g, hiilihydraatteja 43 g, josta sokereita 42 g, proteiinia 1 g, suolaa 2 g.<br \/>\nParasta ennen: katso pakkauksesta.<\/p>\n<p>Tuotettu Yhdysvalloissa.<br \/>\nMaahantuoja: RESACO B.V., Karrewiel 8, 6942 LK Didam.<br \/>\nJ\u00e4lleenmyyj\u00e4 Virossa: BBQ \u00c4ssad O\u00dc www.bbqassad.ee www.bbqassad.ee.<\/p>\n","protected":false},"featured_media":22391,"comment_status":"open","ping_status":"closed","template":"","meta":[],"product_brand":[],"product_cat":[788],"product_tag":[],"class_list":{"0":"post-23659","1":"product","2":"type-product","3":"status-publish","4":"has-post-thumbnail","6":"product_cat-kastit","8":"first","9":"instock","10":"taxable","11":"shipping-taxable","12":"purchasable","13":"product-type-simple"},"yoast_head":"<!-- This site is optimized with the Yoast SEO plugin v27.4 - https:\/\/yoast.com\/product\/yoast-seo-wordpress\/ -->\n<title>American Stockyard Memphis Red BBQ-kastike 355 ml - BBQ \u00c4ssad%<\/title>\n<meta name=\"description\" content=\"American Stockyard Memphis Red BBQ-kastike 355 ml. Ainesosat: ruokosokeri, omenaviinietikka, tomaattipyree, vesi, konjakkietikka ja mausteet.\" \/>\n<meta name=\"robots\" content=\"index, follow, max-snippet:-1, max-image-preview:large, max-video-preview:-1\" \/>\n<link rel=\"canonical\" href=\"https:\/\/bbqassad.ee\/fi\/toode\/american-stockyard-memphis-red-bbq-kastike-355-ml\/\" \/>\n<meta property=\"og:locale\" content=\"fi_FI\" \/>\n<meta property=\"og:type\" content=\"article\" \/>\n<meta property=\"og:title\" content=\"American Stockyard Memphis Red BBQ-kastike 355 ml - BBQ \u00c4ssad%\" \/>\n<meta property=\"og:description\" content=\"American Stockyard Memphis Red BBQ-kastike 355 ml. Ainesosat: ruokosokeri, omenaviinietikka, tomaattipyree, vesi, konjakkietikka ja mausteet.\" \/>\n<meta property=\"og:url\" content=\"https:\/\/bbqassad.ee\/fi\/toode\/american-stockyard-memphis-red-bbq-kastike-355-ml\/\" \/>\n<meta property=\"og:site_name\" content=\"BBQ \u00c4ssad\" \/>\n<meta property=\"article:publisher\" content=\"https:\/\/www.facebook.com\/bbqassad\" \/>\n<meta property=\"article:modified_time\" content=\"2026-04-14T06:34:29+00:00\" \/>\n<meta property=\"og:image\" content=\"https:\/\/bbqassad.ee\/wp-content\/uploads\/2026\/03\/American_Stockyard_Memphis_Red_BBQ_355ml.png\" \/>\n<meta name=\"twitter:card\" content=\"summary_large_image\" \/>\n<meta name=\"twitter:title\" content=\"American Stockyard Memphis Red BBQ-kastike 355 ml - BBQ \u00c4ssad%\" \/>\n<meta name=\"twitter:description\" content=\"American Stockyard Memphis Red BBQ-kastike 355 ml. Ainesosat: ruokosokeri, omenaviinietikka, tomaattipyree, vesi, konjakkietikka ja mausteet.\" \/>\n<meta name=\"twitter:image\" content=\"https:\/\/bbqassad.ee\/wp-content\/uploads\/2026\/03\/American_Stockyard_Memphis_Red_BBQ_355ml.png\" \/>\n<meta name=\"twitter:label1\" content=\"Arvioitu lukuaika\" \/>\n\t<meta name=\"twitter:data1\" content=\"1 minuutti\" \/>\n<script type=\"application\/ld+json\" class=\"yoast-schema-graph\">{\"@context\":\"https:\\\/\\\/schema.org\",\"@graph\":[{\"@type\":\"WebPage\",\"@id\":\"https:\\\/\\\/bbqassad.ee\\\/fi\\\/toode\\\/american-stockyard-memphis-red-bbq-kastike-355-ml\\\/\",\"url\":\"https:\\\/\\\/bbqassad.ee\\\/fi\\\/toode\\\/american-stockyard-memphis-red-bbq-kastike-355-ml\\\/\",\"name\":\"American Stockyard Memphis Red BBQ-kastike 355 ml - BBQ \u00c4ssad%\",\"isPartOf\":{\"@id\":\"https:\\\/\\\/bbqassad.ee\\\/fi\\\/#website\"},\"primaryImageOfPage\":{\"@id\":\"https:\\\/\\\/bbqassad.ee\\\/fi\\\/toode\\\/american-stockyard-memphis-red-bbq-kastike-355-ml\\\/#primaryimage\"},\"image\":{\"@id\":\"https:\\\/\\\/bbqassad.ee\\\/fi\\\/toode\\\/american-stockyard-memphis-red-bbq-kastike-355-ml\\\/#primaryimage\"},\"thumbnailUrl\":\"https:\\\/\\\/bbqassad.ee\\\/wp-content\\\/uploads\\\/2026\\\/03\\\/American_Stockyard_Memphis_Red_BBQ_355ml.png\",\"datePublished\":\"2026-03-26T10:21:53+00:00\",\"dateModified\":\"2026-04-14T06:34:29+00:00\",\"description\":\"American Stockyard Memphis Red BBQ-kastike 355 ml. Ainesosat: ruokosokeri, omenaviinietikka, tomaattipyree, vesi, konjakkietikka ja mausteet.\",\"breadcrumb\":{\"@id\":\"https:\\\/\\\/bbqassad.ee\\\/fi\\\/toode\\\/american-stockyard-memphis-red-bbq-kastike-355-ml\\\/#breadcrumb\"},\"inLanguage\":\"fi\",\"potentialAction\":[{\"@type\":\"ReadAction\",\"target\":[\"https:\\\/\\\/bbqassad.ee\\\/fi\\\/toode\\\/american-stockyard-memphis-red-bbq-kastike-355-ml\\\/\"]}]},{\"@type\":\"ImageObject\",\"inLanguage\":\"fi\",\"@id\":\"https:\\\/\\\/bbqassad.ee\\\/fi\\\/toode\\\/american-stockyard-memphis-red-bbq-kastike-355-ml\\\/#primaryimage\",\"url\":\"https:\\\/\\\/bbqassad.ee\\\/wp-content\\\/uploads\\\/2026\\\/03\\\/American_Stockyard_Memphis_Red_BBQ_355ml.png\",\"contentUrl\":\"https:\\\/\\\/bbqassad.ee\\\/wp-content\\\/uploads\\\/2026\\\/03\\\/American_Stockyard_Memphis_Red_BBQ_355ml.png\",\"width\":1280,\"height\":720},{\"@type\":\"BreadcrumbList\",\"@id\":\"https:\\\/\\\/bbqassad.ee\\\/fi\\\/toode\\\/american-stockyard-memphis-red-bbq-kastike-355-ml\\\/#breadcrumb\",\"itemListElement\":[{\"@type\":\"ListItem\",\"position\":1,\"name\":\"Home\",\"item\":\"https:\\\/\\\/bbqassad.ee\\\/fi\\\/bbq-assat\\\/\"},{\"@type\":\"ListItem\",\"position\":2,\"name\":\"Verkkokauppa\",\"item\":\"https:\\\/\\\/bbqassad.ee\\\/fi\\\/verkkokauppa\\\/\"},{\"@type\":\"ListItem\",\"position\":3,\"name\":\"American Stockyard Memphis Red BBQ -kastike 355ml\"}]},{\"@type\":\"WebSite\",\"@id\":\"https:\\\/\\\/bbqassad.ee\\\/fi\\\/#website\",\"url\":\"https:\\\/\\\/bbqassad.ee\\\/fi\\\/\",\"name\":\"BBQ \u00c4ssad\",\"description\":\"BBQ maitseained, kastmed, ahjud\",\"publisher\":{\"@id\":\"https:\\\/\\\/bbqassad.ee\\\/fi\\\/#organization\"},\"potentialAction\":[{\"@type\":\"SearchAction\",\"target\":{\"@type\":\"EntryPoint\",\"urlTemplate\":\"https:\\\/\\\/bbqassad.ee\\\/fi\\\/?s={search_term_string}\"},\"query-input\":{\"@type\":\"PropertyValueSpecification\",\"valueRequired\":true,\"valueName\":\"search_term_string\"}}],\"inLanguage\":\"fi\"},{\"@type\":\"Organization\",\"@id\":\"https:\\\/\\\/bbqassad.ee\\\/fi\\\/#organization\",\"name\":\"BBQ \u00c4ssad\",\"url\":\"https:\\\/\\\/bbqassad.ee\\\/fi\\\/\",\"logo\":{\"@type\":\"ImageObject\",\"inLanguage\":\"fi\",\"@id\":\"https:\\\/\\\/bbqassad.ee\\\/fi\\\/#\\\/schema\\\/logo\\\/image\\\/\",\"url\":\"https:\\\/\\\/bbqassad.ee\\\/wp-content\\\/uploads\\\/2022\\\/10\\\/BBQ-2ssadlogo.png\",\"contentUrl\":\"https:\\\/\\\/bbqassad.ee\\\/wp-content\\\/uploads\\\/2022\\\/10\\\/BBQ-2ssadlogo.png\",\"width\":1080,\"height\":1080,\"caption\":\"BBQ \u00c4ssad\"},\"image\":{\"@id\":\"https:\\\/\\\/bbqassad.ee\\\/fi\\\/#\\\/schema\\\/logo\\\/image\\\/\"},\"sameAs\":[\"https:\\\/\\\/www.facebook.com\\\/bbqassad\",\"https:\\\/\\\/www.youtube.com\\\/channel\\\/UCsoufn49J6TVi9Ah9meE93w\"]}]}<\/script>\n<!-- \/ Yoast SEO plugin. -->","yoast_head_json":{"title":"American Stockyard Memphis Red BBQ-kastike 355 ml - BBQ \u00c4ssad%","description":"American Stockyard Memphis Red BBQ-kastike 355 ml. Ainesosat: ruokosokeri, omenaviinietikka, tomaattipyree, vesi, konjakkietikka ja mausteet.","robots":{"index":"index","follow":"follow","max-snippet":"max-snippet:-1","max-image-preview":"max-image-preview:large","max-video-preview":"max-video-preview:-1"},"canonical":"https:\/\/bbqassad.ee\/fi\/toode\/american-stockyard-memphis-red-bbq-kastike-355-ml\/","og_locale":"fi_FI","og_type":"article","og_title":"American Stockyard Memphis Red BBQ-kastike 355 ml - BBQ \u00c4ssad%","og_description":"American Stockyard Memphis Red BBQ-kastike 355 ml. Ainesosat: ruokosokeri, omenaviinietikka, tomaattipyree, vesi, konjakkietikka ja mausteet.","og_url":"https:\/\/bbqassad.ee\/fi\/toode\/american-stockyard-memphis-red-bbq-kastike-355-ml\/","og_site_name":"BBQ \u00c4ssad","article_publisher":"https:\/\/www.facebook.com\/bbqassad","article_modified_time":"2026-04-14T06:34:29+00:00","og_image":[{"url":"https:\/\/bbqassad.ee\/wp-content\/uploads\/2026\/03\/American_Stockyard_Memphis_Red_BBQ_355ml.png","type":"","width":"","height":""}],"twitter_card":"summary_large_image","twitter_title":"American Stockyard Memphis Red BBQ-kastike 355 ml - BBQ \u00c4ssad%","twitter_description":"American Stockyard Memphis Red BBQ-kastike 355 ml. Ainesosat: ruokosokeri, omenaviinietikka, tomaattipyree, vesi, konjakkietikka ja mausteet.","twitter_image":"https:\/\/bbqassad.ee\/wp-content\/uploads\/2026\/03\/American_Stockyard_Memphis_Red_BBQ_355ml.png","twitter_misc":{"Arvioitu lukuaika":"1 minuutti"},"schema":{"@context":"https:\/\/schema.org","@graph":[{"@type":"WebPage","@id":"https:\/\/bbqassad.ee\/fi\/toode\/american-stockyard-memphis-red-bbq-kastike-355-ml\/","url":"https:\/\/bbqassad.ee\/fi\/toode\/american-stockyard-memphis-red-bbq-kastike-355-ml\/","name":"American Stockyard Memphis Red BBQ-kastike 355 ml - BBQ \u00c4ssad%","isPartOf":{"@id":"https:\/\/bbqassad.ee\/fi\/#website"},"primaryImageOfPage":{"@id":"https:\/\/bbqassad.ee\/fi\/toode\/american-stockyard-memphis-red-bbq-kastike-355-ml\/#primaryimage"},"image":{"@id":"https:\/\/bbqassad.ee\/fi\/toode\/american-stockyard-memphis-red-bbq-kastike-355-ml\/#primaryimage"},"thumbnailUrl":"https:\/\/bbqassad.ee\/wp-content\/uploads\/2026\/03\/American_Stockyard_Memphis_Red_BBQ_355ml.png","datePublished":"2026-03-26T10:21:53+00:00","dateModified":"2026-04-14T06:34:29+00:00","description":"American Stockyard Memphis Red BBQ-kastike 355 ml. Ainesosat: ruokosokeri, omenaviinietikka, tomaattipyree, vesi, konjakkietikka ja mausteet.","breadcrumb":{"@id":"https:\/\/bbqassad.ee\/fi\/toode\/american-stockyard-memphis-red-bbq-kastike-355-ml\/#breadcrumb"},"inLanguage":"fi","potentialAction":[{"@type":"ReadAction","target":["https:\/\/bbqassad.ee\/fi\/toode\/american-stockyard-memphis-red-bbq-kastike-355-ml\/"]}]},{"@type":"ImageObject","inLanguage":"fi","@id":"https:\/\/bbqassad.ee\/fi\/toode\/american-stockyard-memphis-red-bbq-kastike-355-ml\/#primaryimage","url":"https:\/\/bbqassad.ee\/wp-content\/uploads\/2026\/03\/American_Stockyard_Memphis_Red_BBQ_355ml.png","contentUrl":"https:\/\/bbqassad.ee\/wp-content\/uploads\/2026\/03\/American_Stockyard_Memphis_Red_BBQ_355ml.png","width":1280,"height":720},{"@type":"BreadcrumbList","@id":"https:\/\/bbqassad.ee\/fi\/toode\/american-stockyard-memphis-red-bbq-kastike-355-ml\/#breadcrumb","itemListElement":[{"@type":"ListItem","position":1,"name":"Home","item":"https:\/\/bbqassad.ee\/fi\/bbq-assat\/"},{"@type":"ListItem","position":2,"name":"Verkkokauppa","item":"https:\/\/bbqassad.ee\/fi\/verkkokauppa\/"},{"@type":"ListItem","position":3,"name":"American Stockyard Memphis Red BBQ -kastike 355ml"}]},{"@type":"WebSite","@id":"https:\/\/bbqassad.ee\/fi\/#website","url":"https:\/\/bbqassad.ee\/fi\/","name":"BBQ \u00c4ssad","description":"BBQ maitseained, kastmed, ahjud","publisher":{"@id":"https:\/\/bbqassad.ee\/fi\/#organization"},"potentialAction":[{"@type":"SearchAction","target":{"@type":"EntryPoint","urlTemplate":"https:\/\/bbqassad.ee\/fi\/?s={search_term_string}"},"query-input":{"@type":"PropertyValueSpecification","valueRequired":true,"valueName":"search_term_string"}}],"inLanguage":"fi"},{"@type":"Organization","@id":"https:\/\/bbqassad.ee\/fi\/#organization","name":"BBQ \u00c4ssad","url":"https:\/\/bbqassad.ee\/fi\/","logo":{"@type":"ImageObject","inLanguage":"fi","@id":"https:\/\/bbqassad.ee\/fi\/#\/schema\/logo\/image\/","url":"https:\/\/bbqassad.ee\/wp-content\/uploads\/2022\/10\/BBQ-2ssadlogo.png","contentUrl":"https:\/\/bbqassad.ee\/wp-content\/uploads\/2022\/10\/BBQ-2ssadlogo.png","width":1080,"height":1080,"caption":"BBQ \u00c4ssad"},"image":{"@id":"https:\/\/bbqassad.ee\/fi\/#\/schema\/logo\/image\/"},"sameAs":["https:\/\/www.facebook.com\/bbqassad","https:\/\/www.youtube.com\/channel\/UCsoufn49J6TVi9Ah9meE93w"]}]}},"_links":{"self":[{"href":"https:\/\/bbqassad.ee\/fi\/wp-json\/wp\/v2\/product\/23659","targetHints":{"allow":["GET"]}}],"collection":[{"href":"https:\/\/bbqassad.ee\/fi\/wp-json\/wp\/v2\/product"}],"about":[{"href":"https:\/\/bbqassad.ee\/fi\/wp-json\/wp\/v2\/types\/product"}],"replies":[{"embeddable":true,"href":"https:\/\/bbqassad.ee\/fi\/wp-json\/wp\/v2\/comments?post=23659"}],"wp:featuredmedia":[{"embeddable":true,"href":"https:\/\/bbqassad.ee\/fi\/wp-json\/wp\/v2\/media\/22391"}],"wp:attachment":[{"href":"https:\/\/bbqassad.ee\/fi\/wp-json\/wp\/v2\/media?parent=23659"}],"wp:term":[{"taxonomy":"product_brand","embeddable":true,"href":"https:\/\/bbqassad.ee\/fi\/wp-json\/wp\/v2\/product_brand?post=23659"},{"taxonomy":"product_cat","embeddable":true,"href":"https:\/\/bbqassad.ee\/fi\/wp-json\/wp\/v2\/product_cat?post=23659"},{"taxonomy":"product_tag","embeddable":true,"href":"https:\/\/bbqassad.ee\/fi\/wp-json\/wp\/v2\/product_tag?post=23659"}],"curies":[{"name":"wp","href":"https:\/\/api.w.org\/{rel}","templated":true}]}}