{"id":23658,"date":"2026-03-26T10:27:16","date_gmt":"2026-03-26T10:27:16","guid":{"rendered":"https:\/\/bbqassad.ee\/toode\/lillies-q-brisket-pepper-218g-2\/"},"modified":"2026-04-14T06:34:29","modified_gmt":"2026-04-14T06:34:29","slug":"lillies-q-brisket-pepper-218g-2","status":"publish","type":"product","link":"https:\/\/bbqassad.ee\/fi\/toode\/lillies-q-brisket-pepper-218g-2\/","title":{"rendered":"Lillie&#8217;s Q Brisket Pepper 218g"},"content":{"rendered":"<h2>Lillie`s Q Brisket Pepper 218g<\/h2>\n<p><strong style=\"font-size: 14.4px;\">Lillie&#8217;s Q Brisket Pepper (pippuria)<\/strong><span style=\"font-size: 14.4px;\">  on luotu klassiseen teksasilaiseen tyyliin &#8211; puhdas, rehellinen ja pippurinen sekoitus, joka tuo esiin naudanlihan luonnolliset maut piilottamatta niit\u00e4. Viile\u00e4 mustapippuri, tasapainoinen suolaisuus ja kevyt yrttitausta luovat t\u00e4ydellisen rubin rintafileelle, ribseille, tri-tipille ja pihveille. Se on juuri sellainen mauste, joka antaa lihalle kauniin, vankan ja syv\u00e4n kuoren ja j\u00e4tt\u00e4\u00e4 sis\u00e4puolen mehev\u00e4ksi ja t\u00e4ynn\u00e4 makua.  <\/span><\/p>\n<div>\n<p>Brisket Pepper sopii erinomaisesti my\u00f6s kanan, sianlihan ja grillattujen vihannesten maustamiseen &#8211; jos haluat puhdasta, puhdasta pippurista makua, joka tuo raaka-aineet itsess\u00e4\u00e4n esiin, t\u00e4m\u00e4 sekoitus on tehty sit\u00e4 varten.<\/p>\n<h2><strong>BBQ Aces kommentti<\/strong><\/h2>\n<p>&#8221;Hieronta saa naudanlihan loistamaan. Viile\u00e4 pippuri ja tarkka suolaisuus antavat lihalle juuri sen voimakkaan ja omaleimaisen maun, jota hyv\u00e4 rintafilee tai pihvi tarvitsee. Se on yksinkertainen sekoitus, joka tekee ty\u00f6ns\u00e4 uskomattoman hyvin.&#8221;  <\/p>\n<h2><strong>Ammattilaisen vinkki<\/strong><\/h2>\n<p><em>&#8221;Tiputa lihan p\u00e4\u00e4lle ja anna pippurin tehd\u00e4 teksasilaisen taikansa.&#8221;<\/em><\/p>\n<\/div>\n","protected":false},"excerpt":{"rendered":"<p>Lillie&#8217;s Q Brisket Pepper Rub. Nettom\u00e4\u00e4r\u00e4 218g <\/p>\n<p>Ainesosat:<br \/>\n Parasta ennen: katso pakkaus.<\/p>\n<p>Ravintosis\u00e4lt\u00f6: 100 g: Energiaa 500 kcal (2093 kJ),<br \/>\nRasvaa 0 g, josta tyydyttynytt\u00e4, tyydyttyneit\u00e4 rasvahappoja 0 g,<br \/>\nHiilihydraatteja 100 g, josta sokereita 0 g, proteiinia 0 g, suolaa 0 g.<br \/>\nS\u00e4ilyt\u00e4 j\u00e4\u00e4kaapissa avaamisen j\u00e4lkeen.<br \/>\nValmistettu Yhdysvalloissa.<\/p>\n<p>Maahantuoja: Resaco BV, Karrewiel 8, NL-6942 LK Didam.<br \/>\nJ\u00e4lleenmyyj\u00e4 Virossa: BBQ\u00c4ssad O\u00dc , ww.bbqassad.ee.<\/p>\n","protected":false},"featured_media":22396,"comment_status":"open","ping_status":"closed","template":"","meta":[],"product_brand":[],"product_cat":[802],"product_tag":[],"class_list":{"0":"post-23658","1":"product","2":"type-product","3":"status-publish","4":"has-post-thumbnail","6":"product_cat-sekoitukset","8":"first","9":"instock","10":"taxable","11":"shipping-taxable","12":"purchasable","13":"product-type-simple"},"yoast_head":"<!-- This site is optimized with the Yoast SEO plugin v27.4 - https:\/\/yoast.com\/product\/yoast-seo-wordpress\/ -->\n<title>Lillie`s Q Brisket Pepper 218g -% BBQ \u00c4ssad%<\/title>\n<meta name=\"description\" content=\"Lillie&#039;s Q Brisket Pepper Rub 218g. Ainesosat: mustapippuri. Ravintosis\u00e4lt\u00f6: Pippuria, pippuria, pippuria, pippuria. 500 g. 500 g. S\u00e4ilyt\u00e4 j\u00e4\u00e4kaapissa avaamisen j\u00e4lkeen. Valmistettu Yhdysvalloissa.\" \/>\n<meta name=\"robots\" content=\"index, follow, max-snippet:-1, max-image-preview:large, max-video-preview:-1\" \/>\n<link rel=\"canonical\" href=\"https:\/\/bbqassad.ee\/fi\/toode\/lillies-q-brisket-pepper-218g-2\/\" \/>\n<meta property=\"og:locale\" content=\"fi_FI\" \/>\n<meta property=\"og:type\" content=\"article\" \/>\n<meta property=\"og:title\" content=\"Lillie`s Q Brisket Pepper 218g -% BBQ \u00c4ssad%\" \/>\n<meta property=\"og:description\" content=\"Lillie&#039;s Q Brisket Pepper Rub 218g. Ainesosat: mustapippuri. Ravintosis\u00e4lt\u00f6: Pippuria. 500 g. 500 g. S\u00e4ilyt\u00e4 j\u00e4\u00e4kaapissa avaamisen j\u00e4lkeen. Valmistettu Yhdysvalloissa.\" \/>\n<meta property=\"og:url\" content=\"https:\/\/bbqassad.ee\/fi\/toode\/lillies-q-brisket-pepper-218g-2\/\" \/>\n<meta property=\"og:site_name\" content=\"BBQ \u00c4ssad\" \/>\n<meta property=\"article:publisher\" content=\"https:\/\/www.facebook.com\/bbqassad\" \/>\n<meta property=\"article:modified_time\" content=\"2026-04-14T06:34:29+00:00\" \/>\n<meta property=\"og:image\" content=\"https:\/\/bbqassad.ee\/wp-content\/uploads\/2026\/03\/Lillies_Q_Brisket_Pepper_218g.png\" \/>\n<meta name=\"twitter:card\" content=\"summary_large_image\" \/>\n<meta name=\"twitter:title\" content=\"Lillie`s Q Brisket Pepper 218g -% BBQ \u00c4ssad%\" \/>\n<meta name=\"twitter:description\" content=\"Lillie&#039;s Q Brisket Pepper Rub 218g. Ainesosat: mustapippuri. Ravintosis\u00e4lt\u00f6: Pippuria. 500 g. 500 g. S\u00e4ilyt\u00e4 j\u00e4\u00e4kaapissa avaamisen j\u00e4lkeen. Valmistettu Yhdysvalloissa.\" \/>\n<meta name=\"twitter:image\" content=\"https:\/\/bbqassad.ee\/wp-content\/uploads\/2026\/03\/Lillies_Q_Brisket_Pepper_218g.png\" \/>\n<meta name=\"twitter:label1\" content=\"Arvioitu lukuaika\" \/>\n\t<meta name=\"twitter:data1\" content=\"1 minuutti\" \/>\n<script type=\"application\/ld+json\" class=\"yoast-schema-graph\">{\"@context\":\"https:\\\/\\\/schema.org\",\"@graph\":[{\"@type\":\"WebPage\",\"@id\":\"https:\\\/\\\/bbqassad.ee\\\/fi\\\/toode\\\/lillies-q-brisket-pepper-218g-2\\\/\",\"url\":\"https:\\\/\\\/bbqassad.ee\\\/fi\\\/toode\\\/lillies-q-brisket-pepper-218g-2\\\/\",\"name\":\"Lillie`s Q Brisket Pepper 218g -% BBQ \u00c4ssad%\",\"isPartOf\":{\"@id\":\"https:\\\/\\\/bbqassad.ee\\\/fi\\\/#website\"},\"primaryImageOfPage\":{\"@id\":\"https:\\\/\\\/bbqassad.ee\\\/fi\\\/toode\\\/lillies-q-brisket-pepper-218g-2\\\/#primaryimage\"},\"image\":{\"@id\":\"https:\\\/\\\/bbqassad.ee\\\/fi\\\/toode\\\/lillies-q-brisket-pepper-218g-2\\\/#primaryimage\"},\"thumbnailUrl\":\"https:\\\/\\\/bbqassad.ee\\\/wp-content\\\/uploads\\\/2026\\\/03\\\/Lillies_Q_Brisket_Pepper_218g.png\",\"datePublished\":\"2026-03-26T10:27:16+00:00\",\"dateModified\":\"2026-04-14T06:34:29+00:00\",\"description\":\"Lillie's Q Brisket Pepper Rub 218g. Ainesosat: mustapippuri. Ravintosis\u00e4lt\u00f6: Pippuria, pippuria, pippuria, pippuria. 500 g. 500 g. S\u00e4ilyt\u00e4 j\u00e4\u00e4kaapissa avaamisen j\u00e4lkeen. Valmistettu Yhdysvalloissa.\",\"breadcrumb\":{\"@id\":\"https:\\\/\\\/bbqassad.ee\\\/fi\\\/toode\\\/lillies-q-brisket-pepper-218g-2\\\/#breadcrumb\"},\"inLanguage\":\"fi\",\"potentialAction\":[{\"@type\":\"ReadAction\",\"target\":[\"https:\\\/\\\/bbqassad.ee\\\/fi\\\/toode\\\/lillies-q-brisket-pepper-218g-2\\\/\"]}]},{\"@type\":\"ImageObject\",\"inLanguage\":\"fi\",\"@id\":\"https:\\\/\\\/bbqassad.ee\\\/fi\\\/toode\\\/lillies-q-brisket-pepper-218g-2\\\/#primaryimage\",\"url\":\"https:\\\/\\\/bbqassad.ee\\\/wp-content\\\/uploads\\\/2026\\\/03\\\/Lillies_Q_Brisket_Pepper_218g.png\",\"contentUrl\":\"https:\\\/\\\/bbqassad.ee\\\/wp-content\\\/uploads\\\/2026\\\/03\\\/Lillies_Q_Brisket_Pepper_218g.png\",\"width\":1280,\"height\":720},{\"@type\":\"BreadcrumbList\",\"@id\":\"https:\\\/\\\/bbqassad.ee\\\/fi\\\/toode\\\/lillies-q-brisket-pepper-218g-2\\\/#breadcrumb\",\"itemListElement\":[{\"@type\":\"ListItem\",\"position\":1,\"name\":\"Home\",\"item\":\"https:\\\/\\\/bbqassad.ee\\\/fi\\\/bbq-assat\\\/\"},{\"@type\":\"ListItem\",\"position\":2,\"name\":\"Verkkokauppa\",\"item\":\"https:\\\/\\\/bbqassad.ee\\\/fi\\\/verkkokauppa\\\/\"},{\"@type\":\"ListItem\",\"position\":3,\"name\":\"Lillie&#8217;s Q Brisket Pepper 218g\"}]},{\"@type\":\"WebSite\",\"@id\":\"https:\\\/\\\/bbqassad.ee\\\/fi\\\/#website\",\"url\":\"https:\\\/\\\/bbqassad.ee\\\/fi\\\/\",\"name\":\"BBQ \u00c4ssad\",\"description\":\"BBQ maitseained, kastmed, ahjud\",\"publisher\":{\"@id\":\"https:\\\/\\\/bbqassad.ee\\\/fi\\\/#organization\"},\"potentialAction\":[{\"@type\":\"SearchAction\",\"target\":{\"@type\":\"EntryPoint\",\"urlTemplate\":\"https:\\\/\\\/bbqassad.ee\\\/fi\\\/?s={search_term_string}\"},\"query-input\":{\"@type\":\"PropertyValueSpecification\",\"valueRequired\":true,\"valueName\":\"search_term_string\"}}],\"inLanguage\":\"fi\"},{\"@type\":\"Organization\",\"@id\":\"https:\\\/\\\/bbqassad.ee\\\/fi\\\/#organization\",\"name\":\"BBQ \u00c4ssad\",\"url\":\"https:\\\/\\\/bbqassad.ee\\\/fi\\\/\",\"logo\":{\"@type\":\"ImageObject\",\"inLanguage\":\"fi\",\"@id\":\"https:\\\/\\\/bbqassad.ee\\\/fi\\\/#\\\/schema\\\/logo\\\/image\\\/\",\"url\":\"https:\\\/\\\/bbqassad.ee\\\/wp-content\\\/uploads\\\/2022\\\/10\\\/BBQ-2ssadlogo.png\",\"contentUrl\":\"https:\\\/\\\/bbqassad.ee\\\/wp-content\\\/uploads\\\/2022\\\/10\\\/BBQ-2ssadlogo.png\",\"width\":1080,\"height\":1080,\"caption\":\"BBQ \u00c4ssad\"},\"image\":{\"@id\":\"https:\\\/\\\/bbqassad.ee\\\/fi\\\/#\\\/schema\\\/logo\\\/image\\\/\"},\"sameAs\":[\"https:\\\/\\\/www.facebook.com\\\/bbqassad\",\"https:\\\/\\\/www.youtube.com\\\/channel\\\/UCsoufn49J6TVi9Ah9meE93w\"]}]}<\/script>\n<!-- \/ Yoast SEO plugin. -->","yoast_head_json":{"title":"Lillie`s Q Brisket Pepper 218g -% BBQ \u00c4ssad%","description":"Lillie's Q Brisket Pepper Rub 218g. Ainesosat: mustapippuri. Ravintosis\u00e4lt\u00f6: Pippuria, pippuria, pippuria, pippuria. 500 g. 500 g. S\u00e4ilyt\u00e4 j\u00e4\u00e4kaapissa avaamisen j\u00e4lkeen. Valmistettu Yhdysvalloissa.","robots":{"index":"index","follow":"follow","max-snippet":"max-snippet:-1","max-image-preview":"max-image-preview:large","max-video-preview":"max-video-preview:-1"},"canonical":"https:\/\/bbqassad.ee\/fi\/toode\/lillies-q-brisket-pepper-218g-2\/","og_locale":"fi_FI","og_type":"article","og_title":"Lillie`s Q Brisket Pepper 218g -% BBQ \u00c4ssad%","og_description":"Lillie's Q Brisket Pepper Rub 218g. Ainesosat: mustapippuri. Ravintosis\u00e4lt\u00f6: Pippuria. 500 g. 500 g. S\u00e4ilyt\u00e4 j\u00e4\u00e4kaapissa avaamisen j\u00e4lkeen. Valmistettu Yhdysvalloissa.","og_url":"https:\/\/bbqassad.ee\/fi\/toode\/lillies-q-brisket-pepper-218g-2\/","og_site_name":"BBQ \u00c4ssad","article_publisher":"https:\/\/www.facebook.com\/bbqassad","article_modified_time":"2026-04-14T06:34:29+00:00","og_image":[{"url":"https:\/\/bbqassad.ee\/wp-content\/uploads\/2026\/03\/Lillies_Q_Brisket_Pepper_218g.png","type":"","width":"","height":""}],"twitter_card":"summary_large_image","twitter_title":"Lillie`s Q Brisket Pepper 218g -% BBQ \u00c4ssad%","twitter_description":"Lillie's Q Brisket Pepper Rub 218g. Ainesosat: mustapippuri. Ravintosis\u00e4lt\u00f6: Pippuria. 500 g. 500 g. S\u00e4ilyt\u00e4 j\u00e4\u00e4kaapissa avaamisen j\u00e4lkeen. Valmistettu Yhdysvalloissa.","twitter_image":"https:\/\/bbqassad.ee\/wp-content\/uploads\/2026\/03\/Lillies_Q_Brisket_Pepper_218g.png","twitter_misc":{"Arvioitu lukuaika":"1 minuutti"},"schema":{"@context":"https:\/\/schema.org","@graph":[{"@type":"WebPage","@id":"https:\/\/bbqassad.ee\/fi\/toode\/lillies-q-brisket-pepper-218g-2\/","url":"https:\/\/bbqassad.ee\/fi\/toode\/lillies-q-brisket-pepper-218g-2\/","name":"Lillie`s Q Brisket Pepper 218g -% BBQ \u00c4ssad%","isPartOf":{"@id":"https:\/\/bbqassad.ee\/fi\/#website"},"primaryImageOfPage":{"@id":"https:\/\/bbqassad.ee\/fi\/toode\/lillies-q-brisket-pepper-218g-2\/#primaryimage"},"image":{"@id":"https:\/\/bbqassad.ee\/fi\/toode\/lillies-q-brisket-pepper-218g-2\/#primaryimage"},"thumbnailUrl":"https:\/\/bbqassad.ee\/wp-content\/uploads\/2026\/03\/Lillies_Q_Brisket_Pepper_218g.png","datePublished":"2026-03-26T10:27:16+00:00","dateModified":"2026-04-14T06:34:29+00:00","description":"Lillie's Q Brisket Pepper Rub 218g. Ainesosat: mustapippuri. Ravintosis\u00e4lt\u00f6: Pippuria, pippuria, pippuria, pippuria. 500 g. 500 g. S\u00e4ilyt\u00e4 j\u00e4\u00e4kaapissa avaamisen j\u00e4lkeen. Valmistettu Yhdysvalloissa.","breadcrumb":{"@id":"https:\/\/bbqassad.ee\/fi\/toode\/lillies-q-brisket-pepper-218g-2\/#breadcrumb"},"inLanguage":"fi","potentialAction":[{"@type":"ReadAction","target":["https:\/\/bbqassad.ee\/fi\/toode\/lillies-q-brisket-pepper-218g-2\/"]}]},{"@type":"ImageObject","inLanguage":"fi","@id":"https:\/\/bbqassad.ee\/fi\/toode\/lillies-q-brisket-pepper-218g-2\/#primaryimage","url":"https:\/\/bbqassad.ee\/wp-content\/uploads\/2026\/03\/Lillies_Q_Brisket_Pepper_218g.png","contentUrl":"https:\/\/bbqassad.ee\/wp-content\/uploads\/2026\/03\/Lillies_Q_Brisket_Pepper_218g.png","width":1280,"height":720},{"@type":"BreadcrumbList","@id":"https:\/\/bbqassad.ee\/fi\/toode\/lillies-q-brisket-pepper-218g-2\/#breadcrumb","itemListElement":[{"@type":"ListItem","position":1,"name":"Home","item":"https:\/\/bbqassad.ee\/fi\/bbq-assat\/"},{"@type":"ListItem","position":2,"name":"Verkkokauppa","item":"https:\/\/bbqassad.ee\/fi\/verkkokauppa\/"},{"@type":"ListItem","position":3,"name":"Lillie&#8217;s Q Brisket Pepper 218g"}]},{"@type":"WebSite","@id":"https:\/\/bbqassad.ee\/fi\/#website","url":"https:\/\/bbqassad.ee\/fi\/","name":"BBQ \u00c4ssad","description":"BBQ maitseained, kastmed, ahjud","publisher":{"@id":"https:\/\/bbqassad.ee\/fi\/#organization"},"potentialAction":[{"@type":"SearchAction","target":{"@type":"EntryPoint","urlTemplate":"https:\/\/bbqassad.ee\/fi\/?s={search_term_string}"},"query-input":{"@type":"PropertyValueSpecification","valueRequired":true,"valueName":"search_term_string"}}],"inLanguage":"fi"},{"@type":"Organization","@id":"https:\/\/bbqassad.ee\/fi\/#organization","name":"BBQ \u00c4ssad","url":"https:\/\/bbqassad.ee\/fi\/","logo":{"@type":"ImageObject","inLanguage":"fi","@id":"https:\/\/bbqassad.ee\/fi\/#\/schema\/logo\/image\/","url":"https:\/\/bbqassad.ee\/wp-content\/uploads\/2022\/10\/BBQ-2ssadlogo.png","contentUrl":"https:\/\/bbqassad.ee\/wp-content\/uploads\/2022\/10\/BBQ-2ssadlogo.png","width":1080,"height":1080,"caption":"BBQ \u00c4ssad"},"image":{"@id":"https:\/\/bbqassad.ee\/fi\/#\/schema\/logo\/image\/"},"sameAs":["https:\/\/www.facebook.com\/bbqassad","https:\/\/www.youtube.com\/channel\/UCsoufn49J6TVi9Ah9meE93w"]}]}},"_links":{"self":[{"href":"https:\/\/bbqassad.ee\/fi\/wp-json\/wp\/v2\/product\/23658","targetHints":{"allow":["GET"]}}],"collection":[{"href":"https:\/\/bbqassad.ee\/fi\/wp-json\/wp\/v2\/product"}],"about":[{"href":"https:\/\/bbqassad.ee\/fi\/wp-json\/wp\/v2\/types\/product"}],"replies":[{"embeddable":true,"href":"https:\/\/bbqassad.ee\/fi\/wp-json\/wp\/v2\/comments?post=23658"}],"wp:featuredmedia":[{"embeddable":true,"href":"https:\/\/bbqassad.ee\/fi\/wp-json\/wp\/v2\/media\/22396"}],"wp:attachment":[{"href":"https:\/\/bbqassad.ee\/fi\/wp-json\/wp\/v2\/media?parent=23658"}],"wp:term":[{"taxonomy":"product_brand","embeddable":true,"href":"https:\/\/bbqassad.ee\/fi\/wp-json\/wp\/v2\/product_brand?post=23658"},{"taxonomy":"product_cat","embeddable":true,"href":"https:\/\/bbqassad.ee\/fi\/wp-json\/wp\/v2\/product_cat?post=23658"},{"taxonomy":"product_tag","embeddable":true,"href":"https:\/\/bbqassad.ee\/fi\/wp-json\/wp\/v2\/product_tag?post=23658"}],"curies":[{"name":"wp","href":"https:\/\/api.w.org\/{rel}","templated":true}]}}