{"id":23657,"date":"2026-04-22T12:00:14","date_gmt":"2026-04-22T12:00:14","guid":{"rendered":"https:\/\/bbqassad.ee\/?post_type=product&#038;p=23657"},"modified":"2026-04-22T12:00:14","modified_gmt":"2026-04-22T12:00:14","slug":"tuffy-stone-everything-mauste-197-g","status":"publish","type":"product","link":"https:\/\/bbqassad.ee\/fi\/toode\/tuffy-stone-everything-mauste-197-g\/","title":{"rendered":"Tuffy Stone Everything mauste 197 g"},"content":{"rendered":"<h2>Tuffy Stone Everything mauste 197 g<\/h2>\n<p><strong style=\"font-size: 14.4px;\">Tuffy Stone Everything -mausteseos<\/strong><span style=\"font-size: 14.4px;\">  on mauste, joka on nimens\u00e4 veroinen &#8211; se sopii l\u00e4hes kaikkeen. Suolaisuuden, pippurisen mausteisuuden, yrttisen raikkauden ja kevyen valkosipulimausteen tasapaino luovat sekoituksen, joka on yht\u00e4 aikaa yksinkertainen, puhdas ja uskomattoman monipuolinen. Se on juuri sellainen purkki, joka pysyy keitti\u00f6ss\u00e4 etunen\u00e4ss\u00e4 ja toimii lihan, vihannesten, munaruokien ja nopeiden v\u00e4lipalojen kanssa.  <\/span><\/p>\n<div>\n<p>Everything-mauste tuo esiin raaka-aineiden luonnollisen maun kuormittamatta niit\u00e4 liikaa &#8211; ihanteellinen, kun tarvitset luotettavaa maustetta arkeen. Ripottele vain p\u00e4\u00e4lle ja olet valmis. <\/p>\n<h2><strong>BBQ Aces kommentti<\/strong><\/h2>\n<p>&#8221;T\u00e4m\u00e4 sekoitus on juuri sit\u00e4, mit\u00e4 nimi lupaa &#8211; jos sit\u00e4 laittaa mihin tahansa, maku paranee v\u00e4litt\u00f6m\u00e4sti. Se on tasapainoinen ja yleisp\u00e4tev\u00e4, mutta siin\u00e4 on riitt\u00e4v\u00e4sti luonnetta, jotta se voi her\u00e4tt\u00e4\u00e4 m\u00e4din henkiin. Se on loistava jokap\u00e4iv\u00e4inen ty\u00f6juhta.&#8221;  <\/p>\n<h2><strong>Ammattilaisen vinkki<\/strong><\/h2>\n<p><em>&#8221;Ripottele sit\u00e4 kaikkeen, mik\u00e4 menee pannulle tai grilliin.&#8221;<\/em><\/p>\n<\/div>\n<p>&nbsp;<\/p>\n<p>&nbsp;<\/p>\n","protected":false},"excerpt":{"rendered":"<p>Tuffy Stone Everything Seasoning, mausteseos. Nettom\u00e4\u00e4r\u00e4 197 g. <\/p>\n<p>Ainesosat: suola, savupaprika, mausteet, sumakki, kuivattu valkosipuli<br \/>\nja paprikauutteet (v\u00e4riaine).<br \/>\nRavintosis\u00e4lt\u00f6 100 g:aa kohti: energia: 0 kJ\/0kcal; rasvat 0 g, josta tyydyttyneit\u00e4 rasvahappoja 0 g; hiilihydraatit 0 g, josta sokereita 0 g; proteiinit 0 g; suola 62,5 g.<br \/>\nS\u00e4ilyvyysaika: katso pakkauksesta.<\/p>\n<p>Tuotettu Yhdysvalloissa.<br \/>\nMaahantuoja: RESACO B.V., Karrewiel 8,6942 LK Didam.<br \/>\nJ\u00e4lleenmyyj\u00e4 Virossa: BBQ \u00c4ssad O\u00dc www.bbqassad.ee www.bbqassad.ee.<\/p>\n","protected":false},"featured_media":22402,"comment_status":"open","ping_status":"closed","template":"","meta":[],"product_brand":[163],"product_cat":[802],"product_tag":[],"class_list":{"0":"post-23657","1":"product","2":"type-product","3":"status-publish","4":"has-post-thumbnail","6":"product_brand-tuffy-stone-en","7":"product_cat-sekoitukset","9":"first","10":"instock","11":"taxable","12":"shipping-taxable","13":"purchasable","14":"product-type-simple"},"yoast_head":"<!-- This site is optimized with the Yoast SEO plugin v27.4 - https:\/\/yoast.com\/product\/yoast-seo-wordpress\/ -->\n<title>Tuffy Stone Everything -mausteseos 197 g - BBQ \u00c4ssad%<\/title>\n<meta name=\"description\" content=\"Tuffy Stone Everything Seasoning on mausteseos, joka sis\u00e4lt\u00e4\u00e4 suolaa, savupaprikaa, mausteita, sumakkia, kuivattua valkosipulia ja paprikauutetta. Nettom\u00e4\u00e4r\u00e4 197\" \/>\n<meta name=\"robots\" content=\"index, follow, max-snippet:-1, max-image-preview:large, max-video-preview:-1\" \/>\n<link rel=\"canonical\" href=\"https:\/\/bbqassad.ee\/fi\/toode\/tuffy-stone-everything-mauste-197-g\/\" \/>\n<meta property=\"og:locale\" content=\"fi_FI\" \/>\n<meta property=\"og:type\" content=\"article\" \/>\n<meta property=\"og:title\" content=\"Tuffy Stone Everything -mausteseos 197 g - BBQ \u00c4ssad%\" \/>\n<meta property=\"og:description\" content=\"Tuffy Stone Everything Seasoning on mausteseos, joka sis\u00e4lt\u00e4\u00e4 suolaa, savupaprikaa, mausteita, sumakkia, kuivattua valkosipulia ja paprikauutetta. Nettom\u00e4\u00e4r\u00e4 197\" \/>\n<meta property=\"og:url\" content=\"https:\/\/bbqassad.ee\/fi\/toode\/tuffy-stone-everything-mauste-197-g\/\" \/>\n<meta property=\"og:site_name\" content=\"BBQ \u00c4ssad\" \/>\n<meta property=\"article:publisher\" content=\"https:\/\/www.facebook.com\/bbqassad\" \/>\n<meta property=\"og:image\" content=\"https:\/\/bbqassad.ee\/wp-content\/uploads\/2026\/03\/Tuffy_Stone_Everything_Seasoning_197g.png\" \/>\n<meta name=\"twitter:card\" content=\"summary_large_image\" \/>\n<meta name=\"twitter:title\" content=\"Tuffy Stone Everything -mausteseos 197 g - BBQ \u00c4ssad%\" \/>\n<meta name=\"twitter:description\" content=\"Tuffy Stone Everything Seasoning on mausteseos, joka sis\u00e4lt\u00e4\u00e4 suolaa, savupaprikaa, mausteita, sumakkia, kuivattua valkosipulia ja paprikauutetta. Nettom\u00e4\u00e4r\u00e4 197\" \/>\n<meta name=\"twitter:image\" content=\"https:\/\/bbqassad.ee\/wp-content\/uploads\/2026\/03\/Tuffy_Stone_Everything_Seasoning_197g.png\" \/>\n<meta name=\"twitter:label1\" content=\"Arvioitu lukuaika\" \/>\n\t<meta name=\"twitter:data1\" content=\"1 minuutti\" \/>\n<script type=\"application\/ld+json\" class=\"yoast-schema-graph\">{\"@context\":\"https:\\\/\\\/schema.org\",\"@graph\":[{\"@type\":\"WebPage\",\"@id\":\"https:\\\/\\\/bbqassad.ee\\\/fi\\\/toode\\\/tuffy-stone-everything-mauste-197-g\\\/\",\"url\":\"https:\\\/\\\/bbqassad.ee\\\/fi\\\/toode\\\/tuffy-stone-everything-mauste-197-g\\\/\",\"name\":\"Tuffy Stone Everything -mausteseos 197 g - BBQ \u00c4ssad%\",\"isPartOf\":{\"@id\":\"https:\\\/\\\/bbqassad.ee\\\/fi\\\/#website\"},\"primaryImageOfPage\":{\"@id\":\"https:\\\/\\\/bbqassad.ee\\\/fi\\\/toode\\\/tuffy-stone-everything-mauste-197-g\\\/#primaryimage\"},\"image\":{\"@id\":\"https:\\\/\\\/bbqassad.ee\\\/fi\\\/toode\\\/tuffy-stone-everything-mauste-197-g\\\/#primaryimage\"},\"thumbnailUrl\":\"https:\\\/\\\/bbqassad.ee\\\/wp-content\\\/uploads\\\/2026\\\/03\\\/Tuffy_Stone_Everything_Seasoning_197g.png\",\"datePublished\":\"2026-04-22T12:00:14+00:00\",\"description\":\"Tuffy Stone Everything Seasoning on mausteseos, joka sis\u00e4lt\u00e4\u00e4 suolaa, savupaprikaa, mausteita, sumakkia, kuivattua valkosipulia ja paprikauutetta. Nettom\u00e4\u00e4r\u00e4 197\",\"breadcrumb\":{\"@id\":\"https:\\\/\\\/bbqassad.ee\\\/fi\\\/toode\\\/tuffy-stone-everything-mauste-197-g\\\/#breadcrumb\"},\"inLanguage\":\"fi\",\"potentialAction\":[{\"@type\":\"ReadAction\",\"target\":[\"https:\\\/\\\/bbqassad.ee\\\/fi\\\/toode\\\/tuffy-stone-everything-mauste-197-g\\\/\"]}]},{\"@type\":\"ImageObject\",\"inLanguage\":\"fi\",\"@id\":\"https:\\\/\\\/bbqassad.ee\\\/fi\\\/toode\\\/tuffy-stone-everything-mauste-197-g\\\/#primaryimage\",\"url\":\"https:\\\/\\\/bbqassad.ee\\\/wp-content\\\/uploads\\\/2026\\\/03\\\/Tuffy_Stone_Everything_Seasoning_197g.png\",\"contentUrl\":\"https:\\\/\\\/bbqassad.ee\\\/wp-content\\\/uploads\\\/2026\\\/03\\\/Tuffy_Stone_Everything_Seasoning_197g.png\",\"width\":1280,\"height\":720},{\"@type\":\"BreadcrumbList\",\"@id\":\"https:\\\/\\\/bbqassad.ee\\\/fi\\\/toode\\\/tuffy-stone-everything-mauste-197-g\\\/#breadcrumb\",\"itemListElement\":[{\"@type\":\"ListItem\",\"position\":1,\"name\":\"Home\",\"item\":\"https:\\\/\\\/bbqassad.ee\\\/fi\\\/bbq-assat\\\/\"},{\"@type\":\"ListItem\",\"position\":2,\"name\":\"Verkkokauppa\",\"item\":\"https:\\\/\\\/bbqassad.ee\\\/fi\\\/verkkokauppa\\\/\"},{\"@type\":\"ListItem\",\"position\":3,\"name\":\"Tuffy Stone Everything mauste 197 g\"}]},{\"@type\":\"WebSite\",\"@id\":\"https:\\\/\\\/bbqassad.ee\\\/fi\\\/#website\",\"url\":\"https:\\\/\\\/bbqassad.ee\\\/fi\\\/\",\"name\":\"BBQ \u00c4ssad\",\"description\":\"BBQ maitseained, kastmed, ahjud\",\"publisher\":{\"@id\":\"https:\\\/\\\/bbqassad.ee\\\/fi\\\/#organization\"},\"potentialAction\":[{\"@type\":\"SearchAction\",\"target\":{\"@type\":\"EntryPoint\",\"urlTemplate\":\"https:\\\/\\\/bbqassad.ee\\\/fi\\\/?s={search_term_string}\"},\"query-input\":{\"@type\":\"PropertyValueSpecification\",\"valueRequired\":true,\"valueName\":\"search_term_string\"}}],\"inLanguage\":\"fi\"},{\"@type\":\"Organization\",\"@id\":\"https:\\\/\\\/bbqassad.ee\\\/fi\\\/#organization\",\"name\":\"BBQ \u00c4ssad\",\"url\":\"https:\\\/\\\/bbqassad.ee\\\/fi\\\/\",\"logo\":{\"@type\":\"ImageObject\",\"inLanguage\":\"fi\",\"@id\":\"https:\\\/\\\/bbqassad.ee\\\/fi\\\/#\\\/schema\\\/logo\\\/image\\\/\",\"url\":\"https:\\\/\\\/bbqassad.ee\\\/wp-content\\\/uploads\\\/2022\\\/10\\\/BBQ-2ssadlogo.png\",\"contentUrl\":\"https:\\\/\\\/bbqassad.ee\\\/wp-content\\\/uploads\\\/2022\\\/10\\\/BBQ-2ssadlogo.png\",\"width\":1080,\"height\":1080,\"caption\":\"BBQ \u00c4ssad\"},\"image\":{\"@id\":\"https:\\\/\\\/bbqassad.ee\\\/fi\\\/#\\\/schema\\\/logo\\\/image\\\/\"},\"sameAs\":[\"https:\\\/\\\/www.facebook.com\\\/bbqassad\",\"https:\\\/\\\/www.youtube.com\\\/channel\\\/UCsoufn49J6TVi9Ah9meE93w\"]}]}<\/script>\n<!-- \/ Yoast SEO plugin. -->","yoast_head_json":{"title":"Tuffy Stone Everything -mausteseos 197 g - BBQ \u00c4ssad%","description":"Tuffy Stone Everything Seasoning on mausteseos, joka sis\u00e4lt\u00e4\u00e4 suolaa, savupaprikaa, mausteita, sumakkia, kuivattua valkosipulia ja paprikauutetta. Nettom\u00e4\u00e4r\u00e4 197","robots":{"index":"index","follow":"follow","max-snippet":"max-snippet:-1","max-image-preview":"max-image-preview:large","max-video-preview":"max-video-preview:-1"},"canonical":"https:\/\/bbqassad.ee\/fi\/toode\/tuffy-stone-everything-mauste-197-g\/","og_locale":"fi_FI","og_type":"article","og_title":"Tuffy Stone Everything -mausteseos 197 g - BBQ \u00c4ssad%","og_description":"Tuffy Stone Everything Seasoning on mausteseos, joka sis\u00e4lt\u00e4\u00e4 suolaa, savupaprikaa, mausteita, sumakkia, kuivattua valkosipulia ja paprikauutetta. Nettom\u00e4\u00e4r\u00e4 197","og_url":"https:\/\/bbqassad.ee\/fi\/toode\/tuffy-stone-everything-mauste-197-g\/","og_site_name":"BBQ \u00c4ssad","article_publisher":"https:\/\/www.facebook.com\/bbqassad","og_image":[{"url":"https:\/\/bbqassad.ee\/wp-content\/uploads\/2026\/03\/Tuffy_Stone_Everything_Seasoning_197g.png","type":"","width":"","height":""}],"twitter_card":"summary_large_image","twitter_title":"Tuffy Stone Everything -mausteseos 197 g - BBQ \u00c4ssad%","twitter_description":"Tuffy Stone Everything Seasoning on mausteseos, joka sis\u00e4lt\u00e4\u00e4 suolaa, savupaprikaa, mausteita, sumakkia, kuivattua valkosipulia ja paprikauutetta. Nettom\u00e4\u00e4r\u00e4 197","twitter_image":"https:\/\/bbqassad.ee\/wp-content\/uploads\/2026\/03\/Tuffy_Stone_Everything_Seasoning_197g.png","twitter_misc":{"Arvioitu lukuaika":"1 minuutti"},"schema":{"@context":"https:\/\/schema.org","@graph":[{"@type":"WebPage","@id":"https:\/\/bbqassad.ee\/fi\/toode\/tuffy-stone-everything-mauste-197-g\/","url":"https:\/\/bbqassad.ee\/fi\/toode\/tuffy-stone-everything-mauste-197-g\/","name":"Tuffy Stone Everything -mausteseos 197 g - BBQ \u00c4ssad%","isPartOf":{"@id":"https:\/\/bbqassad.ee\/fi\/#website"},"primaryImageOfPage":{"@id":"https:\/\/bbqassad.ee\/fi\/toode\/tuffy-stone-everything-mauste-197-g\/#primaryimage"},"image":{"@id":"https:\/\/bbqassad.ee\/fi\/toode\/tuffy-stone-everything-mauste-197-g\/#primaryimage"},"thumbnailUrl":"https:\/\/bbqassad.ee\/wp-content\/uploads\/2026\/03\/Tuffy_Stone_Everything_Seasoning_197g.png","datePublished":"2026-04-22T12:00:14+00:00","description":"Tuffy Stone Everything Seasoning on mausteseos, joka sis\u00e4lt\u00e4\u00e4 suolaa, savupaprikaa, mausteita, sumakkia, kuivattua valkosipulia ja paprikauutetta. Nettom\u00e4\u00e4r\u00e4 197","breadcrumb":{"@id":"https:\/\/bbqassad.ee\/fi\/toode\/tuffy-stone-everything-mauste-197-g\/#breadcrumb"},"inLanguage":"fi","potentialAction":[{"@type":"ReadAction","target":["https:\/\/bbqassad.ee\/fi\/toode\/tuffy-stone-everything-mauste-197-g\/"]}]},{"@type":"ImageObject","inLanguage":"fi","@id":"https:\/\/bbqassad.ee\/fi\/toode\/tuffy-stone-everything-mauste-197-g\/#primaryimage","url":"https:\/\/bbqassad.ee\/wp-content\/uploads\/2026\/03\/Tuffy_Stone_Everything_Seasoning_197g.png","contentUrl":"https:\/\/bbqassad.ee\/wp-content\/uploads\/2026\/03\/Tuffy_Stone_Everything_Seasoning_197g.png","width":1280,"height":720},{"@type":"BreadcrumbList","@id":"https:\/\/bbqassad.ee\/fi\/toode\/tuffy-stone-everything-mauste-197-g\/#breadcrumb","itemListElement":[{"@type":"ListItem","position":1,"name":"Home","item":"https:\/\/bbqassad.ee\/fi\/bbq-assat\/"},{"@type":"ListItem","position":2,"name":"Verkkokauppa","item":"https:\/\/bbqassad.ee\/fi\/verkkokauppa\/"},{"@type":"ListItem","position":3,"name":"Tuffy Stone Everything mauste 197 g"}]},{"@type":"WebSite","@id":"https:\/\/bbqassad.ee\/fi\/#website","url":"https:\/\/bbqassad.ee\/fi\/","name":"BBQ \u00c4ssad","description":"BBQ maitseained, kastmed, ahjud","publisher":{"@id":"https:\/\/bbqassad.ee\/fi\/#organization"},"potentialAction":[{"@type":"SearchAction","target":{"@type":"EntryPoint","urlTemplate":"https:\/\/bbqassad.ee\/fi\/?s={search_term_string}"},"query-input":{"@type":"PropertyValueSpecification","valueRequired":true,"valueName":"search_term_string"}}],"inLanguage":"fi"},{"@type":"Organization","@id":"https:\/\/bbqassad.ee\/fi\/#organization","name":"BBQ \u00c4ssad","url":"https:\/\/bbqassad.ee\/fi\/","logo":{"@type":"ImageObject","inLanguage":"fi","@id":"https:\/\/bbqassad.ee\/fi\/#\/schema\/logo\/image\/","url":"https:\/\/bbqassad.ee\/wp-content\/uploads\/2022\/10\/BBQ-2ssadlogo.png","contentUrl":"https:\/\/bbqassad.ee\/wp-content\/uploads\/2022\/10\/BBQ-2ssadlogo.png","width":1080,"height":1080,"caption":"BBQ \u00c4ssad"},"image":{"@id":"https:\/\/bbqassad.ee\/fi\/#\/schema\/logo\/image\/"},"sameAs":["https:\/\/www.facebook.com\/bbqassad","https:\/\/www.youtube.com\/channel\/UCsoufn49J6TVi9Ah9meE93w"]}]}},"_links":{"self":[{"href":"https:\/\/bbqassad.ee\/fi\/wp-json\/wp\/v2\/product\/23657","targetHints":{"allow":["GET"]}}],"collection":[{"href":"https:\/\/bbqassad.ee\/fi\/wp-json\/wp\/v2\/product"}],"about":[{"href":"https:\/\/bbqassad.ee\/fi\/wp-json\/wp\/v2\/types\/product"}],"replies":[{"embeddable":true,"href":"https:\/\/bbqassad.ee\/fi\/wp-json\/wp\/v2\/comments?post=23657"}],"wp:featuredmedia":[{"embeddable":true,"href":"https:\/\/bbqassad.ee\/fi\/wp-json\/wp\/v2\/media\/22402"}],"wp:attachment":[{"href":"https:\/\/bbqassad.ee\/fi\/wp-json\/wp\/v2\/media?parent=23657"}],"wp:term":[{"taxonomy":"product_brand","embeddable":true,"href":"https:\/\/bbqassad.ee\/fi\/wp-json\/wp\/v2\/product_brand?post=23657"},{"taxonomy":"product_cat","embeddable":true,"href":"https:\/\/bbqassad.ee\/fi\/wp-json\/wp\/v2\/product_cat?post=23657"},{"taxonomy":"product_tag","embeddable":true,"href":"https:\/\/bbqassad.ee\/fi\/wp-json\/wp\/v2\/product_tag?post=23657"}],"curies":[{"name":"wp","href":"https:\/\/api.w.org\/{rel}","templated":true}]}}