{"id":23656,"date":"2026-03-26T12:17:04","date_gmt":"2026-03-26T12:17:04","guid":{"rendered":"https:\/\/bbqassad.ee\/toode\/american-stockyard-kc-classic-bbq-kastike-425g\/"},"modified":"2026-04-14T06:34:28","modified_gmt":"2026-04-14T06:34:28","slug":"american-stockyard-kc-classic-bbq-kastike-425g","status":"publish","type":"product","link":"https:\/\/bbqassad.ee\/fi\/toode\/american-stockyard-kc-classic-bbq-kastike-425g\/","title":{"rendered":"American Stockyard KC Classic BBQ -kastike 425g"},"content":{"rendered":"<h2>American Stockyard KC Classic BBQ-kastike 425g<\/h2>\n<p><strong style=\"font-size: 14.4px;\">American Stockyard KC Classic BBQ-kastike<\/strong><span style=\"font-size: 14.4px;\">  on Kansas Cityn tyylin todellinen edustaja &#8211; t\u00e4ytel\u00e4inen, makean tomaatin makuinen, mukavan savuinen ja t\u00e4ytel\u00e4inen. Sen paksu rakenne tarttuu hyvin lihaan, ja kypsyess\u00e4\u00e4n se muuttuu hieman karamellimaiseksi, jolloin syntyy kaunis, kiilt\u00e4v\u00e4 kuorrutus. <\/span><\/p>\n<div>\n<p>KC Classic sopii t\u00e4ydellisesti ribseille, kanalle, possun niskalle ja kaikille grillatuille ruokalajeille, jotka kaipaavat klassista BBQ-maustetta.<\/p>\n<p>T\u00e4m\u00e4n kastikkeen kanssa on vaikea menn\u00e4 pieleen &#8211; maku on tasapainoinen heti ensimm\u00e4isest\u00e4 maistamishetkest\u00e4 l\u00e4htien, ja se sopii sek\u00e4 hitaaseen kypsennykseen ett\u00e4 nopeaan grillaukseen.<\/p>\n<h2><strong>BBQ Aces kommentti<\/strong><\/h2>\n<p>&#8221;KC Classic antaa m\u00e4dille upean BBQ-maun: makeutta ja savua on runsaasti, ja tomaatin maku sitoo kaiken yhteen. Laita sit\u00e4 ribsien p\u00e4\u00e4lle, kanan p\u00e4\u00e4lle tai vain valmiin aterian kylkeen &#8211; t\u00e4m\u00e4 kastike hoitaa homman aina moitteettomasti.&#8221; <\/p>\n<h2><strong>Ammattilaisen vinkki<\/strong><\/h2>\n<p><em>&#8221;Lis\u00e4\u00e4 kastike juuri ennen tarjoilua &#8211; jokainen lusikallinen maistuu kuin BBQ-herkku.&#8221;<\/em><\/p>\n<\/div>\n","protected":false},"excerpt":{"rendered":"<p>American Stockyard KC Classic BBQ -kastike. Nettom\u00e4\u00e4r\u00e4 425g <\/p>\n<p>Ainesosat: tomaattipyree, sokeri, ruskea sokeri, chilijauhe,<br \/>\nviinietikka, omenaviinietikka, mausteet (sis\u00e4lt\u00e4\u00e4 SELLERi\u00e4),<br \/>\nsavustettu mauste, SINESE-jauhe, suola, sipulijauhe,<br \/>\nkuivattu valkosipuli. tamarindia, mausteita. <\/p>\n<p>Ravintosis\u00e4lt\u00f6 100 g kohti: Energiaa 178 kcal (756 kJ) Rasvaa 0 g, josta tyydyttynytt\u00e4 rasvaa 0 g.<br \/>\n. Hiilihydraatteja 41 g, josta<br \/>\nsokereita 40 g, proteiinia 0 g, suolaa 0,73 g. Hiilihydraatteja. <\/p>\n<p>Parasta ennen: katso pakkaus,<br \/>\nTuotettu: USA:ssa.<\/p>\n<p>Maahantuoja: Resaco BV, Karrewiel 8, NL-6942 LK Didam.<br \/>\nJ\u00e4lleenmyyj\u00e4 Virossa: BBQ \u00c4ssad O\u00dc www.bbqassad.ee<\/p>\n","protected":false},"featured_media":22407,"comment_status":"open","ping_status":"closed","template":"","meta":[],"product_brand":[],"product_cat":[788],"product_tag":[],"class_list":{"0":"post-23656","1":"product","2":"type-product","3":"status-publish","4":"has-post-thumbnail","6":"product_cat-kastit","8":"first","9":"instock","10":"taxable","11":"shipping-taxable","12":"purchasable","13":"product-type-simple"},"yoast_head":"<!-- This site is optimized with the Yoast SEO plugin v27.4 - https:\/\/yoast.com\/product\/yoast-seo-wordpress\/ -->\n<title>American Stockyard KC Classic BBQ-kastike 425g -% BBQ \u00c4ssad%<\/title>\n<meta name=\"description\" content=\"American Stockyard KC Classic BBQ -kastike 425g sis\u00e4lt\u00e4\u00e4 tomaattipyreet\u00e4, sokeria, mausteita ja muita ainesosia. Tuote on valmistettu Yhdysvalloissa.\" \/>\n<meta name=\"robots\" content=\"index, follow, max-snippet:-1, max-image-preview:large, max-video-preview:-1\" \/>\n<link rel=\"canonical\" href=\"https:\/\/bbqassad.ee\/fi\/toode\/american-stockyard-kc-classic-bbq-kastike-425g\/\" \/>\n<meta property=\"og:locale\" content=\"fi_FI\" \/>\n<meta property=\"og:type\" content=\"article\" \/>\n<meta property=\"og:title\" content=\"American Stockyard KC Classic BBQ-kastike 425g -% BBQ \u00c4ssad%\" \/>\n<meta property=\"og:description\" content=\"American Stockyard KC Classic BBQ -kastike 425g sis\u00e4lt\u00e4\u00e4 tomaattipyreet\u00e4, sokeria, mausteita ja muita ainesosia. Tuote on valmistettu Yhdysvalloissa.\" \/>\n<meta property=\"og:url\" content=\"https:\/\/bbqassad.ee\/fi\/toode\/american-stockyard-kc-classic-bbq-kastike-425g\/\" \/>\n<meta property=\"og:site_name\" content=\"BBQ \u00c4ssad\" \/>\n<meta property=\"article:publisher\" content=\"https:\/\/www.facebook.com\/bbqassad\" \/>\n<meta property=\"article:modified_time\" content=\"2026-04-14T06:34:28+00:00\" \/>\n<meta property=\"og:image\" content=\"https:\/\/bbqassad.ee\/wp-content\/uploads\/2026\/03\/American_Stockyard_Kansas_City_Classic_BBQ_Sauce_425g.png\" \/>\n<meta name=\"twitter:card\" content=\"summary_large_image\" \/>\n<meta name=\"twitter:title\" content=\"American Stockyard KC Classic BBQ-kastike 425g -% BBQ \u00c4ssad%\" \/>\n<meta name=\"twitter:description\" content=\"American Stockyard KC Classic BBQ -kastike 425g sis\u00e4lt\u00e4\u00e4 tomaattipyreet\u00e4, sokeria, mausteita ja muita ainesosia. Tuote on valmistettu Yhdysvalloissa.\" \/>\n<meta name=\"twitter:image\" content=\"https:\/\/bbqassad.ee\/wp-content\/uploads\/2026\/03\/American_Stockyard_Kansas_City_Classic_BBQ_Sauce_425g.png\" \/>\n<meta name=\"twitter:label1\" content=\"Arvioitu lukuaika\" \/>\n\t<meta name=\"twitter:data1\" content=\"1 minuutti\" \/>\n<script type=\"application\/ld+json\" class=\"yoast-schema-graph\">{\"@context\":\"https:\\\/\\\/schema.org\",\"@graph\":[{\"@type\":\"WebPage\",\"@id\":\"https:\\\/\\\/bbqassad.ee\\\/fi\\\/toode\\\/american-stockyard-kc-classic-bbq-kastike-425g\\\/\",\"url\":\"https:\\\/\\\/bbqassad.ee\\\/fi\\\/toode\\\/american-stockyard-kc-classic-bbq-kastike-425g\\\/\",\"name\":\"American Stockyard KC Classic BBQ-kastike 425g -% BBQ \u00c4ssad%\",\"isPartOf\":{\"@id\":\"https:\\\/\\\/bbqassad.ee\\\/fi\\\/#website\"},\"primaryImageOfPage\":{\"@id\":\"https:\\\/\\\/bbqassad.ee\\\/fi\\\/toode\\\/american-stockyard-kc-classic-bbq-kastike-425g\\\/#primaryimage\"},\"image\":{\"@id\":\"https:\\\/\\\/bbqassad.ee\\\/fi\\\/toode\\\/american-stockyard-kc-classic-bbq-kastike-425g\\\/#primaryimage\"},\"thumbnailUrl\":\"https:\\\/\\\/bbqassad.ee\\\/wp-content\\\/uploads\\\/2026\\\/03\\\/American_Stockyard_Kansas_City_Classic_BBQ_Sauce_425g.png\",\"datePublished\":\"2026-03-26T12:17:04+00:00\",\"dateModified\":\"2026-04-14T06:34:28+00:00\",\"description\":\"American Stockyard KC Classic BBQ -kastike 425g sis\u00e4lt\u00e4\u00e4 tomaattipyreet\u00e4, sokeria, mausteita ja muita ainesosia. Tuote on valmistettu Yhdysvalloissa.\",\"breadcrumb\":{\"@id\":\"https:\\\/\\\/bbqassad.ee\\\/fi\\\/toode\\\/american-stockyard-kc-classic-bbq-kastike-425g\\\/#breadcrumb\"},\"inLanguage\":\"fi\",\"potentialAction\":[{\"@type\":\"ReadAction\",\"target\":[\"https:\\\/\\\/bbqassad.ee\\\/fi\\\/toode\\\/american-stockyard-kc-classic-bbq-kastike-425g\\\/\"]}]},{\"@type\":\"ImageObject\",\"inLanguage\":\"fi\",\"@id\":\"https:\\\/\\\/bbqassad.ee\\\/fi\\\/toode\\\/american-stockyard-kc-classic-bbq-kastike-425g\\\/#primaryimage\",\"url\":\"https:\\\/\\\/bbqassad.ee\\\/wp-content\\\/uploads\\\/2026\\\/03\\\/American_Stockyard_Kansas_City_Classic_BBQ_Sauce_425g.png\",\"contentUrl\":\"https:\\\/\\\/bbqassad.ee\\\/wp-content\\\/uploads\\\/2026\\\/03\\\/American_Stockyard_Kansas_City_Classic_BBQ_Sauce_425g.png\",\"width\":1280,\"height\":720},{\"@type\":\"BreadcrumbList\",\"@id\":\"https:\\\/\\\/bbqassad.ee\\\/fi\\\/toode\\\/american-stockyard-kc-classic-bbq-kastike-425g\\\/#breadcrumb\",\"itemListElement\":[{\"@type\":\"ListItem\",\"position\":1,\"name\":\"Home\",\"item\":\"https:\\\/\\\/bbqassad.ee\\\/fi\\\/bbq-assat\\\/\"},{\"@type\":\"ListItem\",\"position\":2,\"name\":\"Verkkokauppa\",\"item\":\"https:\\\/\\\/bbqassad.ee\\\/fi\\\/verkkokauppa\\\/\"},{\"@type\":\"ListItem\",\"position\":3,\"name\":\"American Stockyard KC Classic BBQ -kastike 425g\"}]},{\"@type\":\"WebSite\",\"@id\":\"https:\\\/\\\/bbqassad.ee\\\/fi\\\/#website\",\"url\":\"https:\\\/\\\/bbqassad.ee\\\/fi\\\/\",\"name\":\"BBQ \u00c4ssad\",\"description\":\"BBQ maitseained, kastmed, ahjud\",\"publisher\":{\"@id\":\"https:\\\/\\\/bbqassad.ee\\\/fi\\\/#organization\"},\"potentialAction\":[{\"@type\":\"SearchAction\",\"target\":{\"@type\":\"EntryPoint\",\"urlTemplate\":\"https:\\\/\\\/bbqassad.ee\\\/fi\\\/?s={search_term_string}\"},\"query-input\":{\"@type\":\"PropertyValueSpecification\",\"valueRequired\":true,\"valueName\":\"search_term_string\"}}],\"inLanguage\":\"fi\"},{\"@type\":\"Organization\",\"@id\":\"https:\\\/\\\/bbqassad.ee\\\/fi\\\/#organization\",\"name\":\"BBQ \u00c4ssad\",\"url\":\"https:\\\/\\\/bbqassad.ee\\\/fi\\\/\",\"logo\":{\"@type\":\"ImageObject\",\"inLanguage\":\"fi\",\"@id\":\"https:\\\/\\\/bbqassad.ee\\\/fi\\\/#\\\/schema\\\/logo\\\/image\\\/\",\"url\":\"https:\\\/\\\/bbqassad.ee\\\/wp-content\\\/uploads\\\/2022\\\/10\\\/BBQ-2ssadlogo.png\",\"contentUrl\":\"https:\\\/\\\/bbqassad.ee\\\/wp-content\\\/uploads\\\/2022\\\/10\\\/BBQ-2ssadlogo.png\",\"width\":1080,\"height\":1080,\"caption\":\"BBQ \u00c4ssad\"},\"image\":{\"@id\":\"https:\\\/\\\/bbqassad.ee\\\/fi\\\/#\\\/schema\\\/logo\\\/image\\\/\"},\"sameAs\":[\"https:\\\/\\\/www.facebook.com\\\/bbqassad\",\"https:\\\/\\\/www.youtube.com\\\/channel\\\/UCsoufn49J6TVi9Ah9meE93w\"]}]}<\/script>\n<!-- \/ Yoast SEO plugin. -->","yoast_head_json":{"title":"American Stockyard KC Classic BBQ-kastike 425g -% BBQ \u00c4ssad%","description":"American Stockyard KC Classic BBQ -kastike 425g sis\u00e4lt\u00e4\u00e4 tomaattipyreet\u00e4, sokeria, mausteita ja muita ainesosia. Tuote on valmistettu Yhdysvalloissa.","robots":{"index":"index","follow":"follow","max-snippet":"max-snippet:-1","max-image-preview":"max-image-preview:large","max-video-preview":"max-video-preview:-1"},"canonical":"https:\/\/bbqassad.ee\/fi\/toode\/american-stockyard-kc-classic-bbq-kastike-425g\/","og_locale":"fi_FI","og_type":"article","og_title":"American Stockyard KC Classic BBQ-kastike 425g -% BBQ \u00c4ssad%","og_description":"American Stockyard KC Classic BBQ -kastike 425g sis\u00e4lt\u00e4\u00e4 tomaattipyreet\u00e4, sokeria, mausteita ja muita ainesosia. Tuote on valmistettu Yhdysvalloissa.","og_url":"https:\/\/bbqassad.ee\/fi\/toode\/american-stockyard-kc-classic-bbq-kastike-425g\/","og_site_name":"BBQ \u00c4ssad","article_publisher":"https:\/\/www.facebook.com\/bbqassad","article_modified_time":"2026-04-14T06:34:28+00:00","og_image":[{"url":"https:\/\/bbqassad.ee\/wp-content\/uploads\/2026\/03\/American_Stockyard_Kansas_City_Classic_BBQ_Sauce_425g.png","type":"","width":"","height":""}],"twitter_card":"summary_large_image","twitter_title":"American Stockyard KC Classic BBQ-kastike 425g -% BBQ \u00c4ssad%","twitter_description":"American Stockyard KC Classic BBQ -kastike 425g sis\u00e4lt\u00e4\u00e4 tomaattipyreet\u00e4, sokeria, mausteita ja muita ainesosia. Tuote on valmistettu Yhdysvalloissa.","twitter_image":"https:\/\/bbqassad.ee\/wp-content\/uploads\/2026\/03\/American_Stockyard_Kansas_City_Classic_BBQ_Sauce_425g.png","twitter_misc":{"Arvioitu lukuaika":"1 minuutti"},"schema":{"@context":"https:\/\/schema.org","@graph":[{"@type":"WebPage","@id":"https:\/\/bbqassad.ee\/fi\/toode\/american-stockyard-kc-classic-bbq-kastike-425g\/","url":"https:\/\/bbqassad.ee\/fi\/toode\/american-stockyard-kc-classic-bbq-kastike-425g\/","name":"American Stockyard KC Classic BBQ-kastike 425g -% BBQ \u00c4ssad%","isPartOf":{"@id":"https:\/\/bbqassad.ee\/fi\/#website"},"primaryImageOfPage":{"@id":"https:\/\/bbqassad.ee\/fi\/toode\/american-stockyard-kc-classic-bbq-kastike-425g\/#primaryimage"},"image":{"@id":"https:\/\/bbqassad.ee\/fi\/toode\/american-stockyard-kc-classic-bbq-kastike-425g\/#primaryimage"},"thumbnailUrl":"https:\/\/bbqassad.ee\/wp-content\/uploads\/2026\/03\/American_Stockyard_Kansas_City_Classic_BBQ_Sauce_425g.png","datePublished":"2026-03-26T12:17:04+00:00","dateModified":"2026-04-14T06:34:28+00:00","description":"American Stockyard KC Classic BBQ -kastike 425g sis\u00e4lt\u00e4\u00e4 tomaattipyreet\u00e4, sokeria, mausteita ja muita ainesosia. Tuote on valmistettu Yhdysvalloissa.","breadcrumb":{"@id":"https:\/\/bbqassad.ee\/fi\/toode\/american-stockyard-kc-classic-bbq-kastike-425g\/#breadcrumb"},"inLanguage":"fi","potentialAction":[{"@type":"ReadAction","target":["https:\/\/bbqassad.ee\/fi\/toode\/american-stockyard-kc-classic-bbq-kastike-425g\/"]}]},{"@type":"ImageObject","inLanguage":"fi","@id":"https:\/\/bbqassad.ee\/fi\/toode\/american-stockyard-kc-classic-bbq-kastike-425g\/#primaryimage","url":"https:\/\/bbqassad.ee\/wp-content\/uploads\/2026\/03\/American_Stockyard_Kansas_City_Classic_BBQ_Sauce_425g.png","contentUrl":"https:\/\/bbqassad.ee\/wp-content\/uploads\/2026\/03\/American_Stockyard_Kansas_City_Classic_BBQ_Sauce_425g.png","width":1280,"height":720},{"@type":"BreadcrumbList","@id":"https:\/\/bbqassad.ee\/fi\/toode\/american-stockyard-kc-classic-bbq-kastike-425g\/#breadcrumb","itemListElement":[{"@type":"ListItem","position":1,"name":"Home","item":"https:\/\/bbqassad.ee\/fi\/bbq-assat\/"},{"@type":"ListItem","position":2,"name":"Verkkokauppa","item":"https:\/\/bbqassad.ee\/fi\/verkkokauppa\/"},{"@type":"ListItem","position":3,"name":"American Stockyard KC Classic BBQ -kastike 425g"}]},{"@type":"WebSite","@id":"https:\/\/bbqassad.ee\/fi\/#website","url":"https:\/\/bbqassad.ee\/fi\/","name":"BBQ \u00c4ssad","description":"BBQ maitseained, kastmed, ahjud","publisher":{"@id":"https:\/\/bbqassad.ee\/fi\/#organization"},"potentialAction":[{"@type":"SearchAction","target":{"@type":"EntryPoint","urlTemplate":"https:\/\/bbqassad.ee\/fi\/?s={search_term_string}"},"query-input":{"@type":"PropertyValueSpecification","valueRequired":true,"valueName":"search_term_string"}}],"inLanguage":"fi"},{"@type":"Organization","@id":"https:\/\/bbqassad.ee\/fi\/#organization","name":"BBQ \u00c4ssad","url":"https:\/\/bbqassad.ee\/fi\/","logo":{"@type":"ImageObject","inLanguage":"fi","@id":"https:\/\/bbqassad.ee\/fi\/#\/schema\/logo\/image\/","url":"https:\/\/bbqassad.ee\/wp-content\/uploads\/2022\/10\/BBQ-2ssadlogo.png","contentUrl":"https:\/\/bbqassad.ee\/wp-content\/uploads\/2022\/10\/BBQ-2ssadlogo.png","width":1080,"height":1080,"caption":"BBQ \u00c4ssad"},"image":{"@id":"https:\/\/bbqassad.ee\/fi\/#\/schema\/logo\/image\/"},"sameAs":["https:\/\/www.facebook.com\/bbqassad","https:\/\/www.youtube.com\/channel\/UCsoufn49J6TVi9Ah9meE93w"]}]}},"_links":{"self":[{"href":"https:\/\/bbqassad.ee\/fi\/wp-json\/wp\/v2\/product\/23656","targetHints":{"allow":["GET"]}}],"collection":[{"href":"https:\/\/bbqassad.ee\/fi\/wp-json\/wp\/v2\/product"}],"about":[{"href":"https:\/\/bbqassad.ee\/fi\/wp-json\/wp\/v2\/types\/product"}],"replies":[{"embeddable":true,"href":"https:\/\/bbqassad.ee\/fi\/wp-json\/wp\/v2\/comments?post=23656"}],"wp:featuredmedia":[{"embeddable":true,"href":"https:\/\/bbqassad.ee\/fi\/wp-json\/wp\/v2\/media\/22407"}],"wp:attachment":[{"href":"https:\/\/bbqassad.ee\/fi\/wp-json\/wp\/v2\/media?parent=23656"}],"wp:term":[{"taxonomy":"product_brand","embeddable":true,"href":"https:\/\/bbqassad.ee\/fi\/wp-json\/wp\/v2\/product_brand?post=23656"},{"taxonomy":"product_cat","embeddable":true,"href":"https:\/\/bbqassad.ee\/fi\/wp-json\/wp\/v2\/product_cat?post=23656"},{"taxonomy":"product_tag","embeddable":true,"href":"https:\/\/bbqassad.ee\/fi\/wp-json\/wp\/v2\/product_tag?post=23656"}],"curies":[{"name":"wp","href":"https:\/\/api.w.org\/{rel}","templated":true}]}}