{"id":23655,"date":"2026-04-22T11:58:41","date_gmt":"2026-04-22T11:58:41","guid":{"rendered":"https:\/\/bbqassad.ee\/?post_type=product&#038;p=23655"},"modified":"2026-04-22T11:58:41","modified_gmt":"2026-04-22T11:58:41","slug":"angus-oink-rub-me-valkosipuli-yrtti-ap-italian-200-g","status":"publish","type":"product","link":"https:\/\/bbqassad.ee\/fi\/toode\/angus-oink-rub-me-valkosipuli-yrtti-ap-italian-200-g\/","title":{"rendered":"Angus &amp; Oink Rub Me Valkosipuli &amp; Yrtti AP Italian 200 g"},"content":{"rendered":"<h2>Angus &amp; Oink Rub Me Valkosipuli &amp; Yrtti AP Italian 200 g<\/h2>\n<p><strong style=\"font-size: 14.4px;\">Angus &amp; Oink Rub Me Valkosipuli &amp; Yrtti AP Italialainen<\/strong><span style=\"font-size: 14.4px;\">  on italialaisvaikutteinen monik\u00e4ytt\u00f6inen maunparannusaine, jossa valkosipuli, yrtit, sipuli ja suola yhdistyv\u00e4t t\u00e4ydellisess\u00e4 suhteessa luoden puhtaan ja aromaattisen sekoituksen. Seos antaa ruoalle v\u00e4limerellisen maun ja sopii yht\u00e4 hyvin kanan, sianlihan, naudanlihan, vihannesten, perunoiden ja pastan kanssa. <\/span><\/p>\n<div>\n<p>Seos on suunniteltu &#8221;laita kaikkea&#8221; -tyyppiseksi rubiksi &#8211; ravistat sit\u00e4 p\u00e4\u00e4lle ja heti on huomattavasti enemm\u00e4n makua. Valkosipuli ja rosmariini antavat vankan pohjan, basilika ja oregano tuovat raikkautta ja suola tasapainottaa koko seoksen, joten se on eritt\u00e4in monipuolinen grilliss\u00e4 ja keitti\u00f6ss\u00e4. <\/p>\n<h2><strong>BBQ Aces kommentti<\/strong><\/h2>\n<p>&#8221;T\u00e4m\u00e4 sekoitus tuo aitoa italialaista luonnetta roa. Se sopii erityisen hyvin kananlihalle ja perunoille, mutta my\u00f6s naudanlihalle ja vihanneksille. Helppo k\u00e4ytt\u00e4\u00e4, tuoksu ja maku saavat hymyn huulille &#8211; t\u00e4m\u00e4 purkki tyhjenee nopeammin kuin luuletkaan.&#8221;  <\/p>\n<h2><strong>Ammattilaisen vinkki<\/strong><\/h2>\n<\/div>\n<h3>italialaisen keitti\u00f6n aromir\u00e4j\u00e4hdys hetkess\u00e4.&#8221;<\/h3>\n","protected":false},"excerpt":{"rendered":"<p>Angus &amp; Oink Rub Me Valkosipuli &amp; Yrtti AP Italian. Nettopaino 200 g <\/p>\n<p>AINESOSAT: suola, sokeri, mustapippuri, oregano<br \/>\nbasilika, sitruunajauhe, sipuli, valkosipuli, punainen paprika, salvia<br \/>\nlaakerinlehti, fenkoli, rosmariini, tomaatit, selleri kastike<br \/>\n(MYYNTI), natriumglutamaatti, dinatriumminosinaatti.<br \/>\nRavintosis\u00e4lt\u00f6 100 g kohti: energia 261 kcal(1101kJ), rasva 2,1 g<br \/>\njosta tyydyttyneit\u00e4 rasvahappoja 0,5 g, hiilihydraatteja 49 g,<br \/>\njosta sokeria 40 g, proteiinia 5,8 g, suolaa 17 g.<br \/>\nS\u00e4ilyvyysaika: katso pakkauksesta.<\/p>\n<p>Tuotettu Euroopassa<br \/>\nMyyj\u00e4 Virossa: BBQ \u00c4ssad O\u00dc www.bbqassad.ee<\/p>\n","protected":false},"featured_media":22412,"comment_status":"open","ping_status":"closed","template":"","meta":[],"product_brand":[143],"product_cat":[802],"product_tag":[],"class_list":{"0":"post-23655","1":"product","2":"type-product","3":"status-publish","4":"has-post-thumbnail","6":"product_brand-angus-and-oink","7":"product_cat-sekoitukset","9":"first","10":"instock","11":"taxable","12":"shipping-taxable","13":"purchasable","14":"product-type-simple"},"yoast_head":"<!-- This site is optimized with the Yoast SEO plugin v27.4 - https:\/\/yoast.com\/product\/yoast-seo-wordpress\/ -->\n<title>Angus &amp; Oink Rub Me Valkosipuli &amp; Yrtti AP Italialainen 200 g - BBQ \u00c4ssad%<\/title>\n<meta name=\"description\" content=\"Angus &amp; Oink Rub Me Valkosipuli &amp; Yrtti AP Italian, 200 g. Ainesosat: suola, sokeri, mustapippuri, basilika, valkosipuli ja muut mausteet. Valmistettu Euroopassa\" \/>\n<meta name=\"robots\" content=\"index, follow, max-snippet:-1, max-image-preview:large, max-video-preview:-1\" \/>\n<link rel=\"canonical\" href=\"https:\/\/bbqassad.ee\/fi\/toode\/angus-oink-rub-me-valkosipuli-yrtti-ap-italian-200-g\/\" \/>\n<meta property=\"og:locale\" content=\"fi_FI\" \/>\n<meta property=\"og:type\" content=\"article\" \/>\n<meta property=\"og:title\" content=\"Angus &amp; Oink Rub Me Valkosipuli &amp; Yrtti AP Italialainen 200 g - BBQ \u00c4ssad%\" \/>\n<meta property=\"og:description\" content=\"Angus &amp; Oink Rub Me Valkosipuli &amp; Yrtti AP Italian, 200 g. Ainesosat: suola, sokeri, mustapippuri, basilika, valkosipuli ja muut mausteet. Valmistettu Euroopassa\" \/>\n<meta property=\"og:url\" content=\"https:\/\/bbqassad.ee\/fi\/toode\/angus-oink-rub-me-valkosipuli-yrtti-ap-italian-200-g\/\" \/>\n<meta property=\"og:site_name\" content=\"BBQ \u00c4ssad\" \/>\n<meta property=\"article:publisher\" content=\"https:\/\/www.facebook.com\/bbqassad\" \/>\n<meta property=\"og:image\" content=\"https:\/\/bbqassad.ee\/wp-content\/uploads\/2026\/03\/Angus__Oink_Rub_Me_Garlic__Herb-AP-Italian_200g.png\" \/>\n<meta name=\"twitter:card\" content=\"summary_large_image\" \/>\n<meta name=\"twitter:title\" content=\"Angus &amp; Oink Rub Me Valkosipuli &amp; Yrtti AP Italialainen 200 g - BBQ \u00c4ssad%\" \/>\n<meta name=\"twitter:description\" content=\"Angus &amp; Oink Rub Me Valkosipuli &amp; Yrtti AP Italian, 200 g. Ainesosat: suola, sokeri, mustapippuri, basilika, valkosipuli ja muut mausteet. Valmistettu Euroopassa\" \/>\n<meta name=\"twitter:image\" content=\"https:\/\/bbqassad.ee\/wp-content\/uploads\/2026\/03\/Angus__Oink_Rub_Me_Garlic__Herb-AP-Italian_200g.png\" \/>\n<meta name=\"twitter:label1\" content=\"Arvioitu lukuaika\" \/>\n\t<meta name=\"twitter:data1\" content=\"1 minuutti\" \/>\n<script type=\"application\/ld+json\" class=\"yoast-schema-graph\">{\"@context\":\"https:\\\/\\\/schema.org\",\"@graph\":[{\"@type\":\"WebPage\",\"@id\":\"https:\\\/\\\/bbqassad.ee\\\/fi\\\/toode\\\/angus-oink-rub-me-valkosipuli-yrtti-ap-italian-200-g\\\/\",\"url\":\"https:\\\/\\\/bbqassad.ee\\\/fi\\\/toode\\\/angus-oink-rub-me-valkosipuli-yrtti-ap-italian-200-g\\\/\",\"name\":\"Angus & Oink Rub Me Valkosipuli & Yrtti AP Italialainen 200 g - BBQ \u00c4ssad%\",\"isPartOf\":{\"@id\":\"https:\\\/\\\/bbqassad.ee\\\/fi\\\/#website\"},\"primaryImageOfPage\":{\"@id\":\"https:\\\/\\\/bbqassad.ee\\\/fi\\\/toode\\\/angus-oink-rub-me-valkosipuli-yrtti-ap-italian-200-g\\\/#primaryimage\"},\"image\":{\"@id\":\"https:\\\/\\\/bbqassad.ee\\\/fi\\\/toode\\\/angus-oink-rub-me-valkosipuli-yrtti-ap-italian-200-g\\\/#primaryimage\"},\"thumbnailUrl\":\"https:\\\/\\\/bbqassad.ee\\\/wp-content\\\/uploads\\\/2026\\\/03\\\/Angus__Oink_Rub_Me_Garlic__Herb-AP-Italian_200g.png\",\"datePublished\":\"2026-04-22T11:58:41+00:00\",\"description\":\"Angus & Oink Rub Me Valkosipuli & Yrtti AP Italian, 200 g. Ainesosat: suola, sokeri, mustapippuri, basilika, valkosipuli ja muut mausteet. Valmistettu Euroopassa\",\"breadcrumb\":{\"@id\":\"https:\\\/\\\/bbqassad.ee\\\/fi\\\/toode\\\/angus-oink-rub-me-valkosipuli-yrtti-ap-italian-200-g\\\/#breadcrumb\"},\"inLanguage\":\"fi\",\"potentialAction\":[{\"@type\":\"ReadAction\",\"target\":[\"https:\\\/\\\/bbqassad.ee\\\/fi\\\/toode\\\/angus-oink-rub-me-valkosipuli-yrtti-ap-italian-200-g\\\/\"]}]},{\"@type\":\"ImageObject\",\"inLanguage\":\"fi\",\"@id\":\"https:\\\/\\\/bbqassad.ee\\\/fi\\\/toode\\\/angus-oink-rub-me-valkosipuli-yrtti-ap-italian-200-g\\\/#primaryimage\",\"url\":\"https:\\\/\\\/bbqassad.ee\\\/wp-content\\\/uploads\\\/2026\\\/03\\\/Angus__Oink_Rub_Me_Garlic__Herb-AP-Italian_200g.png\",\"contentUrl\":\"https:\\\/\\\/bbqassad.ee\\\/wp-content\\\/uploads\\\/2026\\\/03\\\/Angus__Oink_Rub_Me_Garlic__Herb-AP-Italian_200g.png\",\"width\":1280,\"height\":720},{\"@type\":\"BreadcrumbList\",\"@id\":\"https:\\\/\\\/bbqassad.ee\\\/fi\\\/toode\\\/angus-oink-rub-me-valkosipuli-yrtti-ap-italian-200-g\\\/#breadcrumb\",\"itemListElement\":[{\"@type\":\"ListItem\",\"position\":1,\"name\":\"Home\",\"item\":\"https:\\\/\\\/bbqassad.ee\\\/fi\\\/bbq-assat\\\/\"},{\"@type\":\"ListItem\",\"position\":2,\"name\":\"Verkkokauppa\",\"item\":\"https:\\\/\\\/bbqassad.ee\\\/fi\\\/verkkokauppa\\\/\"},{\"@type\":\"ListItem\",\"position\":3,\"name\":\"Angus &amp; Oink Rub Me Valkosipuli &amp; Yrtti AP Italian 200 g\"}]},{\"@type\":\"WebSite\",\"@id\":\"https:\\\/\\\/bbqassad.ee\\\/fi\\\/#website\",\"url\":\"https:\\\/\\\/bbqassad.ee\\\/fi\\\/\",\"name\":\"BBQ \u00c4ssad\",\"description\":\"BBQ maitseained, kastmed, ahjud\",\"publisher\":{\"@id\":\"https:\\\/\\\/bbqassad.ee\\\/fi\\\/#organization\"},\"potentialAction\":[{\"@type\":\"SearchAction\",\"target\":{\"@type\":\"EntryPoint\",\"urlTemplate\":\"https:\\\/\\\/bbqassad.ee\\\/fi\\\/?s={search_term_string}\"},\"query-input\":{\"@type\":\"PropertyValueSpecification\",\"valueRequired\":true,\"valueName\":\"search_term_string\"}}],\"inLanguage\":\"fi\"},{\"@type\":\"Organization\",\"@id\":\"https:\\\/\\\/bbqassad.ee\\\/fi\\\/#organization\",\"name\":\"BBQ \u00c4ssad\",\"url\":\"https:\\\/\\\/bbqassad.ee\\\/fi\\\/\",\"logo\":{\"@type\":\"ImageObject\",\"inLanguage\":\"fi\",\"@id\":\"https:\\\/\\\/bbqassad.ee\\\/fi\\\/#\\\/schema\\\/logo\\\/image\\\/\",\"url\":\"https:\\\/\\\/bbqassad.ee\\\/wp-content\\\/uploads\\\/2022\\\/10\\\/BBQ-2ssadlogo.png\",\"contentUrl\":\"https:\\\/\\\/bbqassad.ee\\\/wp-content\\\/uploads\\\/2022\\\/10\\\/BBQ-2ssadlogo.png\",\"width\":1080,\"height\":1080,\"caption\":\"BBQ \u00c4ssad\"},\"image\":{\"@id\":\"https:\\\/\\\/bbqassad.ee\\\/fi\\\/#\\\/schema\\\/logo\\\/image\\\/\"},\"sameAs\":[\"https:\\\/\\\/www.facebook.com\\\/bbqassad\",\"https:\\\/\\\/www.youtube.com\\\/channel\\\/UCsoufn49J6TVi9Ah9meE93w\"]}]}<\/script>\n<!-- \/ Yoast SEO plugin. -->","yoast_head_json":{"title":"Angus & Oink Rub Me Valkosipuli & Yrtti AP Italialainen 200 g - BBQ \u00c4ssad%","description":"Angus & Oink Rub Me Valkosipuli & Yrtti AP Italian, 200 g. Ainesosat: suola, sokeri, mustapippuri, basilika, valkosipuli ja muut mausteet. Valmistettu Euroopassa","robots":{"index":"index","follow":"follow","max-snippet":"max-snippet:-1","max-image-preview":"max-image-preview:large","max-video-preview":"max-video-preview:-1"},"canonical":"https:\/\/bbqassad.ee\/fi\/toode\/angus-oink-rub-me-valkosipuli-yrtti-ap-italian-200-g\/","og_locale":"fi_FI","og_type":"article","og_title":"Angus & Oink Rub Me Valkosipuli & Yrtti AP Italialainen 200 g - BBQ \u00c4ssad%","og_description":"Angus & Oink Rub Me Valkosipuli & Yrtti AP Italian, 200 g. Ainesosat: suola, sokeri, mustapippuri, basilika, valkosipuli ja muut mausteet. Valmistettu Euroopassa","og_url":"https:\/\/bbqassad.ee\/fi\/toode\/angus-oink-rub-me-valkosipuli-yrtti-ap-italian-200-g\/","og_site_name":"BBQ \u00c4ssad","article_publisher":"https:\/\/www.facebook.com\/bbqassad","og_image":[{"url":"https:\/\/bbqassad.ee\/wp-content\/uploads\/2026\/03\/Angus__Oink_Rub_Me_Garlic__Herb-AP-Italian_200g.png","type":"","width":"","height":""}],"twitter_card":"summary_large_image","twitter_title":"Angus & Oink Rub Me Valkosipuli & Yrtti AP Italialainen 200 g - BBQ \u00c4ssad%","twitter_description":"Angus & Oink Rub Me Valkosipuli & Yrtti AP Italian, 200 g. Ainesosat: suola, sokeri, mustapippuri, basilika, valkosipuli ja muut mausteet. Valmistettu Euroopassa","twitter_image":"https:\/\/bbqassad.ee\/wp-content\/uploads\/2026\/03\/Angus__Oink_Rub_Me_Garlic__Herb-AP-Italian_200g.png","twitter_misc":{"Arvioitu lukuaika":"1 minuutti"},"schema":{"@context":"https:\/\/schema.org","@graph":[{"@type":"WebPage","@id":"https:\/\/bbqassad.ee\/fi\/toode\/angus-oink-rub-me-valkosipuli-yrtti-ap-italian-200-g\/","url":"https:\/\/bbqassad.ee\/fi\/toode\/angus-oink-rub-me-valkosipuli-yrtti-ap-italian-200-g\/","name":"Angus & Oink Rub Me Valkosipuli & Yrtti AP Italialainen 200 g - BBQ \u00c4ssad%","isPartOf":{"@id":"https:\/\/bbqassad.ee\/fi\/#website"},"primaryImageOfPage":{"@id":"https:\/\/bbqassad.ee\/fi\/toode\/angus-oink-rub-me-valkosipuli-yrtti-ap-italian-200-g\/#primaryimage"},"image":{"@id":"https:\/\/bbqassad.ee\/fi\/toode\/angus-oink-rub-me-valkosipuli-yrtti-ap-italian-200-g\/#primaryimage"},"thumbnailUrl":"https:\/\/bbqassad.ee\/wp-content\/uploads\/2026\/03\/Angus__Oink_Rub_Me_Garlic__Herb-AP-Italian_200g.png","datePublished":"2026-04-22T11:58:41+00:00","description":"Angus & Oink Rub Me Valkosipuli & Yrtti AP Italian, 200 g. Ainesosat: suola, sokeri, mustapippuri, basilika, valkosipuli ja muut mausteet. Valmistettu Euroopassa","breadcrumb":{"@id":"https:\/\/bbqassad.ee\/fi\/toode\/angus-oink-rub-me-valkosipuli-yrtti-ap-italian-200-g\/#breadcrumb"},"inLanguage":"fi","potentialAction":[{"@type":"ReadAction","target":["https:\/\/bbqassad.ee\/fi\/toode\/angus-oink-rub-me-valkosipuli-yrtti-ap-italian-200-g\/"]}]},{"@type":"ImageObject","inLanguage":"fi","@id":"https:\/\/bbqassad.ee\/fi\/toode\/angus-oink-rub-me-valkosipuli-yrtti-ap-italian-200-g\/#primaryimage","url":"https:\/\/bbqassad.ee\/wp-content\/uploads\/2026\/03\/Angus__Oink_Rub_Me_Garlic__Herb-AP-Italian_200g.png","contentUrl":"https:\/\/bbqassad.ee\/wp-content\/uploads\/2026\/03\/Angus__Oink_Rub_Me_Garlic__Herb-AP-Italian_200g.png","width":1280,"height":720},{"@type":"BreadcrumbList","@id":"https:\/\/bbqassad.ee\/fi\/toode\/angus-oink-rub-me-valkosipuli-yrtti-ap-italian-200-g\/#breadcrumb","itemListElement":[{"@type":"ListItem","position":1,"name":"Home","item":"https:\/\/bbqassad.ee\/fi\/bbq-assat\/"},{"@type":"ListItem","position":2,"name":"Verkkokauppa","item":"https:\/\/bbqassad.ee\/fi\/verkkokauppa\/"},{"@type":"ListItem","position":3,"name":"Angus &amp; Oink Rub Me Valkosipuli &amp; Yrtti AP Italian 200 g"}]},{"@type":"WebSite","@id":"https:\/\/bbqassad.ee\/fi\/#website","url":"https:\/\/bbqassad.ee\/fi\/","name":"BBQ \u00c4ssad","description":"BBQ maitseained, kastmed, ahjud","publisher":{"@id":"https:\/\/bbqassad.ee\/fi\/#organization"},"potentialAction":[{"@type":"SearchAction","target":{"@type":"EntryPoint","urlTemplate":"https:\/\/bbqassad.ee\/fi\/?s={search_term_string}"},"query-input":{"@type":"PropertyValueSpecification","valueRequired":true,"valueName":"search_term_string"}}],"inLanguage":"fi"},{"@type":"Organization","@id":"https:\/\/bbqassad.ee\/fi\/#organization","name":"BBQ \u00c4ssad","url":"https:\/\/bbqassad.ee\/fi\/","logo":{"@type":"ImageObject","inLanguage":"fi","@id":"https:\/\/bbqassad.ee\/fi\/#\/schema\/logo\/image\/","url":"https:\/\/bbqassad.ee\/wp-content\/uploads\/2022\/10\/BBQ-2ssadlogo.png","contentUrl":"https:\/\/bbqassad.ee\/wp-content\/uploads\/2022\/10\/BBQ-2ssadlogo.png","width":1080,"height":1080,"caption":"BBQ \u00c4ssad"},"image":{"@id":"https:\/\/bbqassad.ee\/fi\/#\/schema\/logo\/image\/"},"sameAs":["https:\/\/www.facebook.com\/bbqassad","https:\/\/www.youtube.com\/channel\/UCsoufn49J6TVi9Ah9meE93w"]}]}},"_links":{"self":[{"href":"https:\/\/bbqassad.ee\/fi\/wp-json\/wp\/v2\/product\/23655","targetHints":{"allow":["GET"]}}],"collection":[{"href":"https:\/\/bbqassad.ee\/fi\/wp-json\/wp\/v2\/product"}],"about":[{"href":"https:\/\/bbqassad.ee\/fi\/wp-json\/wp\/v2\/types\/product"}],"replies":[{"embeddable":true,"href":"https:\/\/bbqassad.ee\/fi\/wp-json\/wp\/v2\/comments?post=23655"}],"wp:featuredmedia":[{"embeddable":true,"href":"https:\/\/bbqassad.ee\/fi\/wp-json\/wp\/v2\/media\/22412"}],"wp:attachment":[{"href":"https:\/\/bbqassad.ee\/fi\/wp-json\/wp\/v2\/media?parent=23655"}],"wp:term":[{"taxonomy":"product_brand","embeddable":true,"href":"https:\/\/bbqassad.ee\/fi\/wp-json\/wp\/v2\/product_brand?post=23655"},{"taxonomy":"product_cat","embeddable":true,"href":"https:\/\/bbqassad.ee\/fi\/wp-json\/wp\/v2\/product_cat?post=23655"},{"taxonomy":"product_tag","embeddable":true,"href":"https:\/\/bbqassad.ee\/fi\/wp-json\/wp\/v2\/product_tag?post=23655"}],"curies":[{"name":"wp","href":"https:\/\/api.w.org\/{rel}","templated":true}]}}