{"id":23654,"date":"2026-03-26T12:36:03","date_gmt":"2026-03-26T12:36:03","guid":{"rendered":"https:\/\/bbqassad.ee\/toode\/fire-smoke-society-fish-monger-merenelavien-sekoitus-269g\/"},"modified":"2026-04-14T06:34:28","modified_gmt":"2026-04-14T06:34:28","slug":"fire-smoke-society-fish-monger-merenelavien-sekoitus-269g","status":"publish","type":"product","link":"https:\/\/bbqassad.ee\/fi\/toode\/fire-smoke-society-fish-monger-merenelavien-sekoitus-269g\/","title":{"rendered":"Fire &#038; Smoke Society Fish Monger -kalamausteseos 269g"},"content":{"rendered":"<h2>Fire &amp; Smoke Society Fish Monger merenel\u00e4vien sekoitus 269g<\/h2>\n<p><strong style=\"font-size: 14.4px;\">Fire &amp; Smoke Society Fish Monger<\/strong><span style=\"font-size: 14.4px;\">  on merenel\u00e4vien yst\u00e4vien salainen ase &#8211; kirpe\u00e4 ja aromaattinen makusekoitus, joka tuo esiin sek\u00e4 kalan ett\u00e4 merenel\u00e4vien luonnolliset maut. Seos sis\u00e4lt\u00e4\u00e4 suolaa, pippuria, yrttej\u00e4, fenkolia, sitrushedelmien kuorta ja valkosipulia, jotka yhdess\u00e4 luovat raikkaan ja hieman mausteisen lopputuloksen. Se sopii erinomaisesti lohelle, valkoiselle kalalle, katkaravuille, \u00e4yri\u00e4isille ja my\u00f6s grillatuille vihanneksille, jotka kaipaavat pient\u00e4 lis\u00e4maustetta.  <\/span><\/p>\n<div>\n<p>Seoksen tasapainoisen koostumuksen ansiosta se sopii erinomaisesti nopeaan paistamiseen, pannulla paistamiseen tai grillaamiseen &#8211; ravista vain p\u00e4\u00e4lle ja maku on valmis.<\/p>\n<h2><strong>BBQ Aces kommentti<\/strong><\/h2>\n<p>&#8221;Fish Monger antaa kalalle juuri sen raikkaan ja kevyen maun, jota hyv\u00e4 \u00e4yri\u00e4isruoka tarvitsee. Sitrushedelm\u00e4t, yrtit ja fenkoli p\u00e4\u00e4sev\u00e4t todella oikeuksiinsa lohen ja katkarapujen kanssa &#8211; eritt\u00e4in miellytt\u00e4v\u00e4 ja universaali sekoitus.&#8221; <\/p>\n<\/div>\n<div>\n<h2><strong>Ammattilaisen vinkki<\/strong><\/h2>\n<p><em>Kalat rakastavat t\u00e4t\u00e4 makua.<\/em><\/p>\n<\/div>\n","protected":false},"excerpt":{"rendered":"<p>Fire &amp; Smoke Society Fish Monger Seafood -sekoitus. Netto 269g <\/p>\n<p>Ainesosat: suola, mausteet, fenkoli, cayennepippuri, oregano,<br \/>\ntimjami, mustapippuri, persilja ja vaaleanpunainen pippuri, kuivattu valkosipuli,<br \/>\nsitruunan- ja appelsiininkuori, sokeri, vaaleanpunainen Himalajan suola, paprika,<br \/>\nenint\u00e4\u00e4n 2 % trikalsiumfosfaattia (paakkuuntumisenestoaine).<\/p>\n<p>Energiaa kcal (0 kJ), Rasvaa 60 g, josta tyydyttynytt\u00e4 rasvaa 0 g, hiilihydraattia 0 g, josta sokereita 0 g,<br \/>\n, proteiinia 0 g, suolaa 55 g.<br \/>\nParasta ennen.<\/p>\n<p>Tuotettu Yhdysvalloissa<br \/>\nMaahantuoja: Resaco B.V., Karrewiel 8, 6942 LK Didam.<br \/>\nJ\u00e4lleenmyyj\u00e4 Virossa: BBQ \u00c4ssad O\u00dc www.bbqassad.ee www.bbqassad.ee www.bbqassad.ee<\/p>\n","protected":false},"featured_media":22417,"comment_status":"open","ping_status":"closed","template":"","meta":[],"product_brand":[],"product_cat":[802],"product_tag":[],"class_list":{"0":"post-23654","1":"product","2":"type-product","3":"status-publish","4":"has-post-thumbnail","6":"product_cat-sekoitukset","8":"first","9":"instock","10":"taxable","11":"shipping-taxable","12":"purchasable","13":"product-type-simple"},"yoast_head":"<!-- This site is optimized with the Yoast SEO plugin v27.4 - https:\/\/yoast.com\/product\/yoast-seo-wordpress\/ -->\n<title>Fire &amp; Smoke Society Fish Monger 269g - BBQ \u00c4ssad%<\/title>\n<meta name=\"description\" content=\"Fire &amp; Smoke Society Fish Monger Seafood-sekoitus 269g. Sis\u00e4lt\u00e4\u00e4 suolaa, mausteita ja yrttej\u00e4 merenel\u00e4vi\u00e4 sis\u00e4lt\u00e4vien ruokien maustamiseen. Valmistettu Yhdysvalloissa.\" \/>\n<meta name=\"robots\" content=\"index, follow, max-snippet:-1, max-image-preview:large, max-video-preview:-1\" \/>\n<link rel=\"canonical\" href=\"https:\/\/bbqassad.ee\/fi\/toode\/fire-smoke-society-fish-monger-merenelavien-sekoitus-269g\/\" \/>\n<meta property=\"og:locale\" content=\"fi_FI\" \/>\n<meta property=\"og:type\" content=\"article\" \/>\n<meta property=\"og:title\" content=\"Fire &amp; Smoke Society Fish Monger 269g - BBQ \u00c4ssad%\" \/>\n<meta property=\"og:description\" content=\"Fire &amp; Smoke Society Fish Monger Seafood-sekoitus 269g. Sis\u00e4lt\u00e4\u00e4 suolaa, mausteita ja yrttej\u00e4 merenel\u00e4vi\u00e4 sis\u00e4lt\u00e4vien ruokien maustamiseen. Valmistettu Yhdysvalloissa.\" \/>\n<meta property=\"og:url\" content=\"https:\/\/bbqassad.ee\/fi\/toode\/fire-smoke-society-fish-monger-merenelavien-sekoitus-269g\/\" \/>\n<meta property=\"og:site_name\" content=\"BBQ \u00c4ssad\" \/>\n<meta property=\"article:publisher\" content=\"https:\/\/www.facebook.com\/bbqassad\" \/>\n<meta property=\"article:modified_time\" content=\"2026-04-14T06:34:28+00:00\" \/>\n<meta property=\"og:image\" content=\"https:\/\/bbqassad.ee\/wp-content\/uploads\/2026\/03\/Fire__Smoke_Society_Fish_Monger_Seafood-blend_269g.png\" \/>\n<meta name=\"twitter:card\" content=\"summary_large_image\" \/>\n<meta name=\"twitter:title\" content=\"Fire &amp; Smoke Society Fish Monger 269g - BBQ \u00c4ssad%\" \/>\n<meta name=\"twitter:description\" content=\"Fire &amp; Smoke Society Fish Monger Seafood-sekoitus 269g. Sis\u00e4lt\u00e4\u00e4 suolaa, mausteita ja yrttej\u00e4 merenel\u00e4vi\u00e4 sis\u00e4lt\u00e4vien ruokien maustamiseen. Valmistettu Yhdysvalloissa.\" \/>\n<meta name=\"twitter:image\" content=\"https:\/\/bbqassad.ee\/wp-content\/uploads\/2026\/03\/Fire__Smoke_Society_Fish_Monger_Seafood-blend_269g.png\" \/>\n<meta name=\"twitter:label1\" content=\"Arvioitu lukuaika\" \/>\n\t<meta name=\"twitter:data1\" content=\"1 minuutti\" \/>\n<script type=\"application\/ld+json\" class=\"yoast-schema-graph\">{\"@context\":\"https:\\\/\\\/schema.org\",\"@graph\":[{\"@type\":\"WebPage\",\"@id\":\"https:\\\/\\\/bbqassad.ee\\\/fi\\\/toode\\\/fire-smoke-society-fish-monger-merenelavien-sekoitus-269g\\\/\",\"url\":\"https:\\\/\\\/bbqassad.ee\\\/fi\\\/toode\\\/fire-smoke-society-fish-monger-merenelavien-sekoitus-269g\\\/\",\"name\":\"Fire & Smoke Society Fish Monger 269g - BBQ \u00c4ssad%\",\"isPartOf\":{\"@id\":\"https:\\\/\\\/bbqassad.ee\\\/fi\\\/#website\"},\"primaryImageOfPage\":{\"@id\":\"https:\\\/\\\/bbqassad.ee\\\/fi\\\/toode\\\/fire-smoke-society-fish-monger-merenelavien-sekoitus-269g\\\/#primaryimage\"},\"image\":{\"@id\":\"https:\\\/\\\/bbqassad.ee\\\/fi\\\/toode\\\/fire-smoke-society-fish-monger-merenelavien-sekoitus-269g\\\/#primaryimage\"},\"thumbnailUrl\":\"https:\\\/\\\/bbqassad.ee\\\/wp-content\\\/uploads\\\/2026\\\/03\\\/Fire__Smoke_Society_Fish_Monger_Seafood-blend_269g.png\",\"datePublished\":\"2026-03-26T12:36:03+00:00\",\"dateModified\":\"2026-04-14T06:34:28+00:00\",\"description\":\"Fire & Smoke Society Fish Monger Seafood-sekoitus 269g. Sis\u00e4lt\u00e4\u00e4 suolaa, mausteita ja yrttej\u00e4 merenel\u00e4vi\u00e4 sis\u00e4lt\u00e4vien ruokien maustamiseen. Valmistettu Yhdysvalloissa.\",\"breadcrumb\":{\"@id\":\"https:\\\/\\\/bbqassad.ee\\\/fi\\\/toode\\\/fire-smoke-society-fish-monger-merenelavien-sekoitus-269g\\\/#breadcrumb\"},\"inLanguage\":\"fi\",\"potentialAction\":[{\"@type\":\"ReadAction\",\"target\":[\"https:\\\/\\\/bbqassad.ee\\\/fi\\\/toode\\\/fire-smoke-society-fish-monger-merenelavien-sekoitus-269g\\\/\"]}]},{\"@type\":\"ImageObject\",\"inLanguage\":\"fi\",\"@id\":\"https:\\\/\\\/bbqassad.ee\\\/fi\\\/toode\\\/fire-smoke-society-fish-monger-merenelavien-sekoitus-269g\\\/#primaryimage\",\"url\":\"https:\\\/\\\/bbqassad.ee\\\/wp-content\\\/uploads\\\/2026\\\/03\\\/Fire__Smoke_Society_Fish_Monger_Seafood-blend_269g.png\",\"contentUrl\":\"https:\\\/\\\/bbqassad.ee\\\/wp-content\\\/uploads\\\/2026\\\/03\\\/Fire__Smoke_Society_Fish_Monger_Seafood-blend_269g.png\",\"width\":1280,\"height\":720},{\"@type\":\"BreadcrumbList\",\"@id\":\"https:\\\/\\\/bbqassad.ee\\\/fi\\\/toode\\\/fire-smoke-society-fish-monger-merenelavien-sekoitus-269g\\\/#breadcrumb\",\"itemListElement\":[{\"@type\":\"ListItem\",\"position\":1,\"name\":\"Home\",\"item\":\"https:\\\/\\\/bbqassad.ee\\\/fi\\\/bbq-assat\\\/\"},{\"@type\":\"ListItem\",\"position\":2,\"name\":\"Verkkokauppa\",\"item\":\"https:\\\/\\\/bbqassad.ee\\\/fi\\\/verkkokauppa\\\/\"},{\"@type\":\"ListItem\",\"position\":3,\"name\":\"Fire &#038; Smoke Society Fish Monger -kalamausteseos 269g\"}]},{\"@type\":\"WebSite\",\"@id\":\"https:\\\/\\\/bbqassad.ee\\\/fi\\\/#website\",\"url\":\"https:\\\/\\\/bbqassad.ee\\\/fi\\\/\",\"name\":\"BBQ \u00c4ssad\",\"description\":\"BBQ maitseained, kastmed, ahjud\",\"publisher\":{\"@id\":\"https:\\\/\\\/bbqassad.ee\\\/fi\\\/#organization\"},\"potentialAction\":[{\"@type\":\"SearchAction\",\"target\":{\"@type\":\"EntryPoint\",\"urlTemplate\":\"https:\\\/\\\/bbqassad.ee\\\/fi\\\/?s={search_term_string}\"},\"query-input\":{\"@type\":\"PropertyValueSpecification\",\"valueRequired\":true,\"valueName\":\"search_term_string\"}}],\"inLanguage\":\"fi\"},{\"@type\":\"Organization\",\"@id\":\"https:\\\/\\\/bbqassad.ee\\\/fi\\\/#organization\",\"name\":\"BBQ \u00c4ssad\",\"url\":\"https:\\\/\\\/bbqassad.ee\\\/fi\\\/\",\"logo\":{\"@type\":\"ImageObject\",\"inLanguage\":\"fi\",\"@id\":\"https:\\\/\\\/bbqassad.ee\\\/fi\\\/#\\\/schema\\\/logo\\\/image\\\/\",\"url\":\"https:\\\/\\\/bbqassad.ee\\\/wp-content\\\/uploads\\\/2022\\\/10\\\/BBQ-2ssadlogo.png\",\"contentUrl\":\"https:\\\/\\\/bbqassad.ee\\\/wp-content\\\/uploads\\\/2022\\\/10\\\/BBQ-2ssadlogo.png\",\"width\":1080,\"height\":1080,\"caption\":\"BBQ \u00c4ssad\"},\"image\":{\"@id\":\"https:\\\/\\\/bbqassad.ee\\\/fi\\\/#\\\/schema\\\/logo\\\/image\\\/\"},\"sameAs\":[\"https:\\\/\\\/www.facebook.com\\\/bbqassad\",\"https:\\\/\\\/www.youtube.com\\\/channel\\\/UCsoufn49J6TVi9Ah9meE93w\"]}]}<\/script>\n<!-- \/ Yoast SEO plugin. -->","yoast_head_json":{"title":"Fire & Smoke Society Fish Monger 269g - BBQ \u00c4ssad%","description":"Fire & Smoke Society Fish Monger Seafood-sekoitus 269g. Sis\u00e4lt\u00e4\u00e4 suolaa, mausteita ja yrttej\u00e4 merenel\u00e4vi\u00e4 sis\u00e4lt\u00e4vien ruokien maustamiseen. Valmistettu Yhdysvalloissa.","robots":{"index":"index","follow":"follow","max-snippet":"max-snippet:-1","max-image-preview":"max-image-preview:large","max-video-preview":"max-video-preview:-1"},"canonical":"https:\/\/bbqassad.ee\/fi\/toode\/fire-smoke-society-fish-monger-merenelavien-sekoitus-269g\/","og_locale":"fi_FI","og_type":"article","og_title":"Fire & Smoke Society Fish Monger 269g - BBQ \u00c4ssad%","og_description":"Fire & Smoke Society Fish Monger Seafood-sekoitus 269g. Sis\u00e4lt\u00e4\u00e4 suolaa, mausteita ja yrttej\u00e4 merenel\u00e4vi\u00e4 sis\u00e4lt\u00e4vien ruokien maustamiseen. Valmistettu Yhdysvalloissa.","og_url":"https:\/\/bbqassad.ee\/fi\/toode\/fire-smoke-society-fish-monger-merenelavien-sekoitus-269g\/","og_site_name":"BBQ \u00c4ssad","article_publisher":"https:\/\/www.facebook.com\/bbqassad","article_modified_time":"2026-04-14T06:34:28+00:00","og_image":[{"url":"https:\/\/bbqassad.ee\/wp-content\/uploads\/2026\/03\/Fire__Smoke_Society_Fish_Monger_Seafood-blend_269g.png","type":"","width":"","height":""}],"twitter_card":"summary_large_image","twitter_title":"Fire & Smoke Society Fish Monger 269g - BBQ \u00c4ssad%","twitter_description":"Fire & Smoke Society Fish Monger Seafood-sekoitus 269g. Sis\u00e4lt\u00e4\u00e4 suolaa, mausteita ja yrttej\u00e4 merenel\u00e4vi\u00e4 sis\u00e4lt\u00e4vien ruokien maustamiseen. Valmistettu Yhdysvalloissa.","twitter_image":"https:\/\/bbqassad.ee\/wp-content\/uploads\/2026\/03\/Fire__Smoke_Society_Fish_Monger_Seafood-blend_269g.png","twitter_misc":{"Arvioitu lukuaika":"1 minuutti"},"schema":{"@context":"https:\/\/schema.org","@graph":[{"@type":"WebPage","@id":"https:\/\/bbqassad.ee\/fi\/toode\/fire-smoke-society-fish-monger-merenelavien-sekoitus-269g\/","url":"https:\/\/bbqassad.ee\/fi\/toode\/fire-smoke-society-fish-monger-merenelavien-sekoitus-269g\/","name":"Fire & Smoke Society Fish Monger 269g - BBQ \u00c4ssad%","isPartOf":{"@id":"https:\/\/bbqassad.ee\/fi\/#website"},"primaryImageOfPage":{"@id":"https:\/\/bbqassad.ee\/fi\/toode\/fire-smoke-society-fish-monger-merenelavien-sekoitus-269g\/#primaryimage"},"image":{"@id":"https:\/\/bbqassad.ee\/fi\/toode\/fire-smoke-society-fish-monger-merenelavien-sekoitus-269g\/#primaryimage"},"thumbnailUrl":"https:\/\/bbqassad.ee\/wp-content\/uploads\/2026\/03\/Fire__Smoke_Society_Fish_Monger_Seafood-blend_269g.png","datePublished":"2026-03-26T12:36:03+00:00","dateModified":"2026-04-14T06:34:28+00:00","description":"Fire & Smoke Society Fish Monger Seafood-sekoitus 269g. Sis\u00e4lt\u00e4\u00e4 suolaa, mausteita ja yrttej\u00e4 merenel\u00e4vi\u00e4 sis\u00e4lt\u00e4vien ruokien maustamiseen. Valmistettu Yhdysvalloissa.","breadcrumb":{"@id":"https:\/\/bbqassad.ee\/fi\/toode\/fire-smoke-society-fish-monger-merenelavien-sekoitus-269g\/#breadcrumb"},"inLanguage":"fi","potentialAction":[{"@type":"ReadAction","target":["https:\/\/bbqassad.ee\/fi\/toode\/fire-smoke-society-fish-monger-merenelavien-sekoitus-269g\/"]}]},{"@type":"ImageObject","inLanguage":"fi","@id":"https:\/\/bbqassad.ee\/fi\/toode\/fire-smoke-society-fish-monger-merenelavien-sekoitus-269g\/#primaryimage","url":"https:\/\/bbqassad.ee\/wp-content\/uploads\/2026\/03\/Fire__Smoke_Society_Fish_Monger_Seafood-blend_269g.png","contentUrl":"https:\/\/bbqassad.ee\/wp-content\/uploads\/2026\/03\/Fire__Smoke_Society_Fish_Monger_Seafood-blend_269g.png","width":1280,"height":720},{"@type":"BreadcrumbList","@id":"https:\/\/bbqassad.ee\/fi\/toode\/fire-smoke-society-fish-monger-merenelavien-sekoitus-269g\/#breadcrumb","itemListElement":[{"@type":"ListItem","position":1,"name":"Home","item":"https:\/\/bbqassad.ee\/fi\/bbq-assat\/"},{"@type":"ListItem","position":2,"name":"Verkkokauppa","item":"https:\/\/bbqassad.ee\/fi\/verkkokauppa\/"},{"@type":"ListItem","position":3,"name":"Fire &#038; Smoke Society Fish Monger -kalamausteseos 269g"}]},{"@type":"WebSite","@id":"https:\/\/bbqassad.ee\/fi\/#website","url":"https:\/\/bbqassad.ee\/fi\/","name":"BBQ \u00c4ssad","description":"BBQ maitseained, kastmed, ahjud","publisher":{"@id":"https:\/\/bbqassad.ee\/fi\/#organization"},"potentialAction":[{"@type":"SearchAction","target":{"@type":"EntryPoint","urlTemplate":"https:\/\/bbqassad.ee\/fi\/?s={search_term_string}"},"query-input":{"@type":"PropertyValueSpecification","valueRequired":true,"valueName":"search_term_string"}}],"inLanguage":"fi"},{"@type":"Organization","@id":"https:\/\/bbqassad.ee\/fi\/#organization","name":"BBQ \u00c4ssad","url":"https:\/\/bbqassad.ee\/fi\/","logo":{"@type":"ImageObject","inLanguage":"fi","@id":"https:\/\/bbqassad.ee\/fi\/#\/schema\/logo\/image\/","url":"https:\/\/bbqassad.ee\/wp-content\/uploads\/2022\/10\/BBQ-2ssadlogo.png","contentUrl":"https:\/\/bbqassad.ee\/wp-content\/uploads\/2022\/10\/BBQ-2ssadlogo.png","width":1080,"height":1080,"caption":"BBQ \u00c4ssad"},"image":{"@id":"https:\/\/bbqassad.ee\/fi\/#\/schema\/logo\/image\/"},"sameAs":["https:\/\/www.facebook.com\/bbqassad","https:\/\/www.youtube.com\/channel\/UCsoufn49J6TVi9Ah9meE93w"]}]}},"_links":{"self":[{"href":"https:\/\/bbqassad.ee\/fi\/wp-json\/wp\/v2\/product\/23654","targetHints":{"allow":["GET"]}}],"collection":[{"href":"https:\/\/bbqassad.ee\/fi\/wp-json\/wp\/v2\/product"}],"about":[{"href":"https:\/\/bbqassad.ee\/fi\/wp-json\/wp\/v2\/types\/product"}],"replies":[{"embeddable":true,"href":"https:\/\/bbqassad.ee\/fi\/wp-json\/wp\/v2\/comments?post=23654"}],"wp:featuredmedia":[{"embeddable":true,"href":"https:\/\/bbqassad.ee\/fi\/wp-json\/wp\/v2\/media\/22417"}],"wp:attachment":[{"href":"https:\/\/bbqassad.ee\/fi\/wp-json\/wp\/v2\/media?parent=23654"}],"wp:term":[{"taxonomy":"product_brand","embeddable":true,"href":"https:\/\/bbqassad.ee\/fi\/wp-json\/wp\/v2\/product_brand?post=23654"},{"taxonomy":"product_cat","embeddable":true,"href":"https:\/\/bbqassad.ee\/fi\/wp-json\/wp\/v2\/product_cat?post=23654"},{"taxonomy":"product_tag","embeddable":true,"href":"https:\/\/bbqassad.ee\/fi\/wp-json\/wp\/v2\/product_tag?post=23654"}],"curies":[{"name":"wp","href":"https:\/\/api.w.org\/{rel}","templated":true}]}}