{"id":23653,"date":"2026-03-26T12:43:44","date_gmt":"2026-03-26T12:43:44","guid":{"rendered":"https:\/\/bbqassad.ee\/toode\/fire-smoke-society-the-usual-all-purpose-303g-2\/"},"modified":"2026-04-14T06:34:28","modified_gmt":"2026-04-14T06:34:28","slug":"fire-smoke-society-the-usual-all-purpose-303g-2","status":"publish","type":"product","link":"https:\/\/bbqassad.ee\/fi\/toode\/fire-smoke-society-the-usual-all-purpose-303g-2\/","title":{"rendered":"Fire &#038; Smoke Society The Usual All Purpose 303g"},"content":{"rendered":"<h2>Fire &amp; Smoke Society The Usual All Purpose 303g<\/h2>\n<p><strong style=\"font-size: 14.4px;\">Fire &amp; Smoke Society Tavallinen yleisk\u00e4ytt\u00f6inen yhdistys<\/strong><span style=\"font-size: 14.4px;\">  on yleisk\u00e4ytt\u00f6inen mausteseos, joka tekee mist\u00e4 tahansa ruuasta herkullisemman ja t\u00e4ysin koukuttavan, mik\u00e4 tekee hyv\u00e4st\u00e4 ruoanlaitosta helpompaa. Se perustuu laadukkaisiin perusmausteisiin &#8211; suolaisuus, valkosipuli, yrtit ja hieman mausteinen vivahde ovat kaikki t\u00e4ydellisess\u00e4 tasapainossa ja antavat ruokalajille mukavan, pehme\u00e4n ja mehev\u00e4n py\u00f6re\u00e4n maun. <\/span><\/p>\n<div>\n<p>Se on sekoitus, joka sopii hyvin lihan, kanan, vihannesten ja munaruokien kanssa. Jokap\u00e4iv\u00e4isess\u00e4 keitti\u00f6ss\u00e4 siit\u00e4 on nopeasti tulossa ensimm\u00e4inen purkki, johon tartut &#8211; helppo k\u00e4ytt\u00e4\u00e4, sopii kaikkeen ja tekee jokaisesta suupalasta paremman. <\/p>\n<h2><strong>BBQ Aces kommentti<\/strong><\/h2>\n<p>&#8221;Periaatteessa se on universaali sekoitus, joka sopii kaikkeen. Kotiruoanlaitossa se on puhdasta kultaa &#8211; sit\u00e4 vain ripotellaan p\u00e4\u00e4lle, ja ruoasta tulee paljon maukkaampaa.&#8221; <\/p>\n<h2><strong>Ammattilaisen vinkki<\/strong><\/h2>\n<p><em>&#8221;Laita sit\u00e4 rohkeasti vihannesten, kuten paistettujen perunoiden p\u00e4\u00e4lle &#8211; se on salainen aseesi, jota et tule katumaan.&#8221;<\/em><\/p>\n<\/div>\n<div>\n<p>&nbsp;<\/p>\n<\/div>\n","protected":false},"excerpt":{"rendered":"<p>Fire &amp; Smoke Society The Usual All Purpose. Netokogus 303g <\/p>\n<p>Ainesosat: suola, mustapippuri, rosmariini, valkosipuli, sitruuna,<br \/>\ncayennepippuri<br \/>\nRavintosis\u00e4lt\u00f6 100 g:ssa: energia 0 kcal (0 kJ),<br \/>\nrasvaa 0 g, josta tyydyttynytt\u00e4 rasvaa 0 g, hiilihydraatteja 0 g,<br \/>\njosta sokereita 0 g, proteiineja 0 g. suola 50 g.<br \/>\nParin ennen: katso pakkauksesta. <\/p>\n<p>Tuotettu Yhdysvalloissa<br \/>\nMaahantuoja: Resaco BV. Karrewiel 8, 6942 LK Didam<br \/>\nJakelija Virossa: BBQ \u00c4ssad O\u00dc www.bbqassad.ee www.bbqassad.ee Yhdysvalloissa. <\/p>\n","protected":false},"featured_media":22422,"comment_status":"open","ping_status":"closed","template":"","meta":[],"product_brand":[],"product_cat":[802],"product_tag":[],"class_list":{"0":"post-23653","1":"product","2":"type-product","3":"status-publish","4":"has-post-thumbnail","6":"product_cat-sekoitukset","8":"first","9":"instock","10":"taxable","11":"shipping-taxable","12":"purchasable","13":"product-type-simple"},"yoast_head":"<!-- This site is optimized with the Yoast SEO plugin v27.4 - https:\/\/yoast.com\/product\/yoast-seo-wordpress\/ -->\n<title>Fire &amp; Smoke Society The Usual 303g - BBQ \u00c4ssad%<\/title>\n<meta name=\"description\" content=\"Fire &amp; Smoke Society The Usual All Purpose Landainesegu 303g. Ainesosat: suola, mustapippuri, rosmariini, valkosipuli, sitruuna ja cayennepippuri.\" \/>\n<meta name=\"robots\" content=\"index, follow, max-snippet:-1, max-image-preview:large, max-video-preview:-1\" \/>\n<link rel=\"canonical\" href=\"https:\/\/bbqassad.ee\/fi\/toode\/fire-smoke-society-the-usual-all-purpose-303g-2\/\" \/>\n<meta property=\"og:locale\" content=\"fi_FI\" \/>\n<meta property=\"og:type\" content=\"article\" \/>\n<meta property=\"og:title\" content=\"Fire &amp; Smoke Society The Usual 303g - BBQ \u00c4ssad%\" \/>\n<meta property=\"og:description\" content=\"Fire &amp; Smoke Society The Usual All Purpose Landainesegu 303g. Ainesosat: suola, mustapippuri, rosmariini, valkosipuli, sitruuna ja cayennepippuri.\" \/>\n<meta property=\"og:url\" content=\"https:\/\/bbqassad.ee\/fi\/toode\/fire-smoke-society-the-usual-all-purpose-303g-2\/\" \/>\n<meta property=\"og:site_name\" content=\"BBQ \u00c4ssad\" \/>\n<meta property=\"article:publisher\" content=\"https:\/\/www.facebook.com\/bbqassad\" \/>\n<meta property=\"article:modified_time\" content=\"2026-04-14T06:34:28+00:00\" \/>\n<meta property=\"og:image\" content=\"https:\/\/bbqassad.ee\/wp-content\/uploads\/2026\/03\/Fire__Smoke_Society_The_Usual_All_Purpose_303g.png\" \/>\n<meta name=\"twitter:card\" content=\"summary_large_image\" \/>\n<meta name=\"twitter:title\" content=\"Fire &amp; Smoke Society The Usual 303g - BBQ \u00c4ssad%\" \/>\n<meta name=\"twitter:description\" content=\"Fire &amp; Smoke Society The Usual All Purpose Landainesegu 303g. Ainesosat: suola, mustapippuri, rosmariini, valkosipuli, sitruuna ja cayennepippuri.\" \/>\n<meta name=\"twitter:image\" content=\"https:\/\/bbqassad.ee\/wp-content\/uploads\/2026\/03\/Fire__Smoke_Society_The_Usual_All_Purpose_303g.png\" \/>\n<meta name=\"twitter:label1\" content=\"Arvioitu lukuaika\" \/>\n\t<meta name=\"twitter:data1\" content=\"1 minuutti\" \/>\n<script type=\"application\/ld+json\" class=\"yoast-schema-graph\">{\"@context\":\"https:\\\/\\\/schema.org\",\"@graph\":[{\"@type\":\"WebPage\",\"@id\":\"https:\\\/\\\/bbqassad.ee\\\/fi\\\/toode\\\/fire-smoke-society-the-usual-all-purpose-303g-2\\\/\",\"url\":\"https:\\\/\\\/bbqassad.ee\\\/fi\\\/toode\\\/fire-smoke-society-the-usual-all-purpose-303g-2\\\/\",\"name\":\"Fire & Smoke Society The Usual 303g - BBQ \u00c4ssad%\",\"isPartOf\":{\"@id\":\"https:\\\/\\\/bbqassad.ee\\\/fi\\\/#website\"},\"primaryImageOfPage\":{\"@id\":\"https:\\\/\\\/bbqassad.ee\\\/fi\\\/toode\\\/fire-smoke-society-the-usual-all-purpose-303g-2\\\/#primaryimage\"},\"image\":{\"@id\":\"https:\\\/\\\/bbqassad.ee\\\/fi\\\/toode\\\/fire-smoke-society-the-usual-all-purpose-303g-2\\\/#primaryimage\"},\"thumbnailUrl\":\"https:\\\/\\\/bbqassad.ee\\\/wp-content\\\/uploads\\\/2026\\\/03\\\/Fire__Smoke_Society_The_Usual_All_Purpose_303g.png\",\"datePublished\":\"2026-03-26T12:43:44+00:00\",\"dateModified\":\"2026-04-14T06:34:28+00:00\",\"description\":\"Fire & Smoke Society The Usual All Purpose Landainesegu 303g. Ainesosat: suola, mustapippuri, rosmariini, valkosipuli, sitruuna ja cayennepippuri.\",\"breadcrumb\":{\"@id\":\"https:\\\/\\\/bbqassad.ee\\\/fi\\\/toode\\\/fire-smoke-society-the-usual-all-purpose-303g-2\\\/#breadcrumb\"},\"inLanguage\":\"fi\",\"potentialAction\":[{\"@type\":\"ReadAction\",\"target\":[\"https:\\\/\\\/bbqassad.ee\\\/fi\\\/toode\\\/fire-smoke-society-the-usual-all-purpose-303g-2\\\/\"]}]},{\"@type\":\"ImageObject\",\"inLanguage\":\"fi\",\"@id\":\"https:\\\/\\\/bbqassad.ee\\\/fi\\\/toode\\\/fire-smoke-society-the-usual-all-purpose-303g-2\\\/#primaryimage\",\"url\":\"https:\\\/\\\/bbqassad.ee\\\/wp-content\\\/uploads\\\/2026\\\/03\\\/Fire__Smoke_Society_The_Usual_All_Purpose_303g.png\",\"contentUrl\":\"https:\\\/\\\/bbqassad.ee\\\/wp-content\\\/uploads\\\/2026\\\/03\\\/Fire__Smoke_Society_The_Usual_All_Purpose_303g.png\",\"width\":1280,\"height\":720},{\"@type\":\"BreadcrumbList\",\"@id\":\"https:\\\/\\\/bbqassad.ee\\\/fi\\\/toode\\\/fire-smoke-society-the-usual-all-purpose-303g-2\\\/#breadcrumb\",\"itemListElement\":[{\"@type\":\"ListItem\",\"position\":1,\"name\":\"Home\",\"item\":\"https:\\\/\\\/bbqassad.ee\\\/fi\\\/bbq-assat\\\/\"},{\"@type\":\"ListItem\",\"position\":2,\"name\":\"Verkkokauppa\",\"item\":\"https:\\\/\\\/bbqassad.ee\\\/fi\\\/verkkokauppa\\\/\"},{\"@type\":\"ListItem\",\"position\":3,\"name\":\"Fire &#038; Smoke Society The Usual All Purpose 303g\"}]},{\"@type\":\"WebSite\",\"@id\":\"https:\\\/\\\/bbqassad.ee\\\/fi\\\/#website\",\"url\":\"https:\\\/\\\/bbqassad.ee\\\/fi\\\/\",\"name\":\"BBQ \u00c4ssad\",\"description\":\"BBQ maitseained, kastmed, ahjud\",\"publisher\":{\"@id\":\"https:\\\/\\\/bbqassad.ee\\\/fi\\\/#organization\"},\"potentialAction\":[{\"@type\":\"SearchAction\",\"target\":{\"@type\":\"EntryPoint\",\"urlTemplate\":\"https:\\\/\\\/bbqassad.ee\\\/fi\\\/?s={search_term_string}\"},\"query-input\":{\"@type\":\"PropertyValueSpecification\",\"valueRequired\":true,\"valueName\":\"search_term_string\"}}],\"inLanguage\":\"fi\"},{\"@type\":\"Organization\",\"@id\":\"https:\\\/\\\/bbqassad.ee\\\/fi\\\/#organization\",\"name\":\"BBQ \u00c4ssad\",\"url\":\"https:\\\/\\\/bbqassad.ee\\\/fi\\\/\",\"logo\":{\"@type\":\"ImageObject\",\"inLanguage\":\"fi\",\"@id\":\"https:\\\/\\\/bbqassad.ee\\\/fi\\\/#\\\/schema\\\/logo\\\/image\\\/\",\"url\":\"https:\\\/\\\/bbqassad.ee\\\/wp-content\\\/uploads\\\/2022\\\/10\\\/BBQ-2ssadlogo.png\",\"contentUrl\":\"https:\\\/\\\/bbqassad.ee\\\/wp-content\\\/uploads\\\/2022\\\/10\\\/BBQ-2ssadlogo.png\",\"width\":1080,\"height\":1080,\"caption\":\"BBQ \u00c4ssad\"},\"image\":{\"@id\":\"https:\\\/\\\/bbqassad.ee\\\/fi\\\/#\\\/schema\\\/logo\\\/image\\\/\"},\"sameAs\":[\"https:\\\/\\\/www.facebook.com\\\/bbqassad\",\"https:\\\/\\\/www.youtube.com\\\/channel\\\/UCsoufn49J6TVi9Ah9meE93w\"]}]}<\/script>\n<!-- \/ Yoast SEO plugin. -->","yoast_head_json":{"title":"Fire & Smoke Society The Usual 303g - BBQ \u00c4ssad%","description":"Fire & Smoke Society The Usual All Purpose Landainesegu 303g. Ainesosat: suola, mustapippuri, rosmariini, valkosipuli, sitruuna ja cayennepippuri.","robots":{"index":"index","follow":"follow","max-snippet":"max-snippet:-1","max-image-preview":"max-image-preview:large","max-video-preview":"max-video-preview:-1"},"canonical":"https:\/\/bbqassad.ee\/fi\/toode\/fire-smoke-society-the-usual-all-purpose-303g-2\/","og_locale":"fi_FI","og_type":"article","og_title":"Fire & Smoke Society The Usual 303g - BBQ \u00c4ssad%","og_description":"Fire & Smoke Society The Usual All Purpose Landainesegu 303g. Ainesosat: suola, mustapippuri, rosmariini, valkosipuli, sitruuna ja cayennepippuri.","og_url":"https:\/\/bbqassad.ee\/fi\/toode\/fire-smoke-society-the-usual-all-purpose-303g-2\/","og_site_name":"BBQ \u00c4ssad","article_publisher":"https:\/\/www.facebook.com\/bbqassad","article_modified_time":"2026-04-14T06:34:28+00:00","og_image":[{"url":"https:\/\/bbqassad.ee\/wp-content\/uploads\/2026\/03\/Fire__Smoke_Society_The_Usual_All_Purpose_303g.png","type":"","width":"","height":""}],"twitter_card":"summary_large_image","twitter_title":"Fire & Smoke Society The Usual 303g - BBQ \u00c4ssad%","twitter_description":"Fire & Smoke Society The Usual All Purpose Landainesegu 303g. Ainesosat: suola, mustapippuri, rosmariini, valkosipuli, sitruuna ja cayennepippuri.","twitter_image":"https:\/\/bbqassad.ee\/wp-content\/uploads\/2026\/03\/Fire__Smoke_Society_The_Usual_All_Purpose_303g.png","twitter_misc":{"Arvioitu lukuaika":"1 minuutti"},"schema":{"@context":"https:\/\/schema.org","@graph":[{"@type":"WebPage","@id":"https:\/\/bbqassad.ee\/fi\/toode\/fire-smoke-society-the-usual-all-purpose-303g-2\/","url":"https:\/\/bbqassad.ee\/fi\/toode\/fire-smoke-society-the-usual-all-purpose-303g-2\/","name":"Fire & Smoke Society The Usual 303g - BBQ \u00c4ssad%","isPartOf":{"@id":"https:\/\/bbqassad.ee\/fi\/#website"},"primaryImageOfPage":{"@id":"https:\/\/bbqassad.ee\/fi\/toode\/fire-smoke-society-the-usual-all-purpose-303g-2\/#primaryimage"},"image":{"@id":"https:\/\/bbqassad.ee\/fi\/toode\/fire-smoke-society-the-usual-all-purpose-303g-2\/#primaryimage"},"thumbnailUrl":"https:\/\/bbqassad.ee\/wp-content\/uploads\/2026\/03\/Fire__Smoke_Society_The_Usual_All_Purpose_303g.png","datePublished":"2026-03-26T12:43:44+00:00","dateModified":"2026-04-14T06:34:28+00:00","description":"Fire & Smoke Society The Usual All Purpose Landainesegu 303g. Ainesosat: suola, mustapippuri, rosmariini, valkosipuli, sitruuna ja cayennepippuri.","breadcrumb":{"@id":"https:\/\/bbqassad.ee\/fi\/toode\/fire-smoke-society-the-usual-all-purpose-303g-2\/#breadcrumb"},"inLanguage":"fi","potentialAction":[{"@type":"ReadAction","target":["https:\/\/bbqassad.ee\/fi\/toode\/fire-smoke-society-the-usual-all-purpose-303g-2\/"]}]},{"@type":"ImageObject","inLanguage":"fi","@id":"https:\/\/bbqassad.ee\/fi\/toode\/fire-smoke-society-the-usual-all-purpose-303g-2\/#primaryimage","url":"https:\/\/bbqassad.ee\/wp-content\/uploads\/2026\/03\/Fire__Smoke_Society_The_Usual_All_Purpose_303g.png","contentUrl":"https:\/\/bbqassad.ee\/wp-content\/uploads\/2026\/03\/Fire__Smoke_Society_The_Usual_All_Purpose_303g.png","width":1280,"height":720},{"@type":"BreadcrumbList","@id":"https:\/\/bbqassad.ee\/fi\/toode\/fire-smoke-society-the-usual-all-purpose-303g-2\/#breadcrumb","itemListElement":[{"@type":"ListItem","position":1,"name":"Home","item":"https:\/\/bbqassad.ee\/fi\/bbq-assat\/"},{"@type":"ListItem","position":2,"name":"Verkkokauppa","item":"https:\/\/bbqassad.ee\/fi\/verkkokauppa\/"},{"@type":"ListItem","position":3,"name":"Fire &#038; Smoke Society The Usual All Purpose 303g"}]},{"@type":"WebSite","@id":"https:\/\/bbqassad.ee\/fi\/#website","url":"https:\/\/bbqassad.ee\/fi\/","name":"BBQ \u00c4ssad","description":"BBQ maitseained, kastmed, ahjud","publisher":{"@id":"https:\/\/bbqassad.ee\/fi\/#organization"},"potentialAction":[{"@type":"SearchAction","target":{"@type":"EntryPoint","urlTemplate":"https:\/\/bbqassad.ee\/fi\/?s={search_term_string}"},"query-input":{"@type":"PropertyValueSpecification","valueRequired":true,"valueName":"search_term_string"}}],"inLanguage":"fi"},{"@type":"Organization","@id":"https:\/\/bbqassad.ee\/fi\/#organization","name":"BBQ \u00c4ssad","url":"https:\/\/bbqassad.ee\/fi\/","logo":{"@type":"ImageObject","inLanguage":"fi","@id":"https:\/\/bbqassad.ee\/fi\/#\/schema\/logo\/image\/","url":"https:\/\/bbqassad.ee\/wp-content\/uploads\/2022\/10\/BBQ-2ssadlogo.png","contentUrl":"https:\/\/bbqassad.ee\/wp-content\/uploads\/2022\/10\/BBQ-2ssadlogo.png","width":1080,"height":1080,"caption":"BBQ \u00c4ssad"},"image":{"@id":"https:\/\/bbqassad.ee\/fi\/#\/schema\/logo\/image\/"},"sameAs":["https:\/\/www.facebook.com\/bbqassad","https:\/\/www.youtube.com\/channel\/UCsoufn49J6TVi9Ah9meE93w"]}]}},"_links":{"self":[{"href":"https:\/\/bbqassad.ee\/fi\/wp-json\/wp\/v2\/product\/23653","targetHints":{"allow":["GET"]}}],"collection":[{"href":"https:\/\/bbqassad.ee\/fi\/wp-json\/wp\/v2\/product"}],"about":[{"href":"https:\/\/bbqassad.ee\/fi\/wp-json\/wp\/v2\/types\/product"}],"replies":[{"embeddable":true,"href":"https:\/\/bbqassad.ee\/fi\/wp-json\/wp\/v2\/comments?post=23653"}],"wp:featuredmedia":[{"embeddable":true,"href":"https:\/\/bbqassad.ee\/fi\/wp-json\/wp\/v2\/media\/22422"}],"wp:attachment":[{"href":"https:\/\/bbqassad.ee\/fi\/wp-json\/wp\/v2\/media?parent=23653"}],"wp:term":[{"taxonomy":"product_brand","embeddable":true,"href":"https:\/\/bbqassad.ee\/fi\/wp-json\/wp\/v2\/product_brand?post=23653"},{"taxonomy":"product_cat","embeddable":true,"href":"https:\/\/bbqassad.ee\/fi\/wp-json\/wp\/v2\/product_cat?post=23653"},{"taxonomy":"product_tag","embeddable":true,"href":"https:\/\/bbqassad.ee\/fi\/wp-json\/wp\/v2\/product_tag?post=23653"}],"curies":[{"name":"wp","href":"https:\/\/api.w.org\/{rel}","templated":true}]}}