{"id":23652,"date":"2026-03-26T12:50:12","date_gmt":"2026-03-26T12:50:12","guid":{"rendered":"https:\/\/bbqassad.ee\/toode\/lamberts-sweet-rub-omine-bbq-184g-2\/"},"modified":"2026-04-14T06:34:28","modified_gmt":"2026-04-14T06:34:28","slug":"lamberts-sweet-rub-omine-bbq-184g-2","status":"publish","type":"product","link":"https:\/\/bbqassad.ee\/fi\/toode\/lamberts-sweet-rub-omine-bbq-184g-2\/","title":{"rendered":"Lambert&#8217;s Sweet Rub O&#8217;Mine BBQ 184g"},"content":{"rendered":"<h2>Lambert\u00b4s Sweet Rub o`Mine BBQ 184g<\/h2>\n<p><strong style=\"font-size: 14.4px;\">Lambert&#8217;s Sweet Rub O&#8217;Mine<\/strong><span style=\"font-size: 14.4px;\">  on grillikuutio, jossa on t\u00e4ydellinen tasapaino makean, suolaisen ja mausteisen v\u00e4lill\u00e4, mik\u00e4 antaa lihalle kauniin v\u00e4rin, mukavan karamellikuoren ja t\u00e4ytel\u00e4isen maun. Se on sekoitus, joka sopii t\u00e4ydellisesti ribseille, porsaankyljyksille, kanalle ja grillatuille vihanneksille &#8211; yksi niist\u00e4 rubeista, jotka tekev\u00e4t grillaamisesta helppoa ja lopputuloksesta aina nautinnollista. <\/span><\/p>\n<div>\n<p>Seos on riitt\u00e4v\u00e4n maukas antamaan m\u00e4dille syvyytt\u00e4, mutta silti riitt\u00e4v\u00e4n pehme\u00e4 p\u00e4ivitt\u00e4iseen k\u00e4ytt\u00f6\u00f6n. Laita se lihan p\u00e4\u00e4lle ja maku on heti l\u00e4sn\u00e4 &#8211; t\u00e4ydellinen aloittelijalle tai kokeneelle grillaajalle. <\/p>\n<h2><strong>BBQ Aces kommentti<\/strong><\/h2>\n<p>&#8221;Sweet Rub O&#8217;Mine on rub, jota on vaikea olla huomaamatta. Makea, miellytt\u00e4v\u00e4 ja aina tasapainoinen. Antaa ribseille ja possun kaulalle oikean BBQ-tunnelman &#8211; joka kerta.&#8221;  <\/p>\n<h2><strong>Ammattilaisen vinkki<\/strong><\/h2>\n<p><em>&#8221;K\u00e4yt\u00e4 t\u00e4t\u00e4 rubia, kun haluat lihasta todella makean savuisen BBQ-tuntuman.&#8221;<\/em><\/p>\n<\/div>\n","protected":false},"excerpt":{"rendered":"<p>Lambert\u00b4s Sweet Rub o`Mine BBQ. Nettom\u00e4\u00e4r\u00e4 184g <\/p>\n<p>Ainesosat:<br \/>\nmausteet, SINES-siemenet, arominvahventeet, arominvahventeet (mononatriumglutamaatti),<br \/>\nnatriumdiasetaatti, SELLER-siemenet, v\u00e4riaine (karamelli),<br \/>\nsitruunahappo, luontainen aromi,<br \/>\nv\u00e4riaine (paprikauute), trikalsiumfosfaatti<br \/>\n(paakkuuntumisenestoaine) lis\u00e4ttyn\u00e4 enint\u00e4\u00e4n 2 %.<\/p>\n<p>Ravintoarvo100 g: Energiaa 500 kcal (2032 kJ), rasvaa 0 g, josta tyydyttynytt\u00e4 rasvaa 0 g,<br \/>\n, hiilihydraatteja 100 g, sokeria 0 g,<br \/>\nproteiineja 0 g, suolaa 21 g.<\/p>\n<p>Parasta ennen: katso pakkaus<br \/>\nMade in USA<\/p>\n<p>Maahantuoja: Resaco GY. Karrewiel 8, NL-6942 LK Didam.<br \/>\nJ\u00e4lleenmyyj\u00e4 Virossa: BBQ \u00c4ssad O\u00dc www.bbqassad.ee www.bbqassad.ee <\/p>\n","protected":false},"featured_media":22427,"comment_status":"open","ping_status":"closed","template":"","meta":[],"product_brand":[],"product_cat":[802],"product_tag":[],"class_list":{"0":"post-23652","1":"product","2":"type-product","3":"status-publish","4":"has-post-thumbnail","6":"product_cat-sekoitukset","8":"first","9":"instock","10":"taxable","11":"shipping-taxable","12":"purchasable","13":"product-type-simple"},"yoast_head":"<!-- This site is optimized with the Yoast SEO plugin v27.4 - https:\/\/yoast.com\/product\/yoast-seo-wordpress\/ -->\n<title>Lambert\u00b4s Sweet Rub o`Mine BBQ 184g - BBQ \u00c4ssad%<\/title>\n<meta name=\"description\" content=\"Lambert\u00b4s Sweet Rub o`Mine BBQ on mausteseos, joka sis\u00e4lt\u00e4\u00e4 ruokosokeria, suolaa, sipulijauhetta ja paprikauutetta. Nettom\u00e4\u00e4r\u00e4 184 g. Valmistettu Yhdysvalloissa.\" \/>\n<meta name=\"robots\" content=\"index, follow, max-snippet:-1, max-image-preview:large, max-video-preview:-1\" \/>\n<link rel=\"canonical\" href=\"https:\/\/bbqassad.ee\/fi\/toode\/lamberts-sweet-rub-omine-bbq-184g-2\/\" \/>\n<meta property=\"og:locale\" content=\"fi_FI\" \/>\n<meta property=\"og:type\" content=\"article\" \/>\n<meta property=\"og:title\" content=\"Lambert\u00b4s Sweet Rub o`Mine BBQ 184g - BBQ \u00c4ssad%\" \/>\n<meta property=\"og:description\" content=\"Lambert\u00b4s Sweet Rub o`Mine BBQ on mausteseos, joka sis\u00e4lt\u00e4\u00e4 ruokosokeria, suolaa, sipulijauhetta ja paprikauutetta. Nettom\u00e4\u00e4r\u00e4 184 g. Valmistettu Yhdysvalloissa.\" \/>\n<meta property=\"og:url\" content=\"https:\/\/bbqassad.ee\/fi\/toode\/lamberts-sweet-rub-omine-bbq-184g-2\/\" \/>\n<meta property=\"og:site_name\" content=\"BBQ \u00c4ssad\" \/>\n<meta property=\"article:publisher\" content=\"https:\/\/www.facebook.com\/bbqassad\" \/>\n<meta property=\"article:modified_time\" content=\"2026-04-14T06:34:28+00:00\" \/>\n<meta property=\"og:image\" content=\"https:\/\/bbqassad.ee\/wp-content\/uploads\/2026\/03\/Lambert\u00b4s_Sweet_Rub_oMine_BBQ_184g.png\" \/>\n<meta name=\"twitter:card\" content=\"summary_large_image\" \/>\n<meta name=\"twitter:title\" content=\"Lambert\u00b4s Sweet Rub o`Mine BBQ 184g - BBQ \u00c4ssad%\" \/>\n<meta name=\"twitter:description\" content=\"Lambert\u00b4s Sweet Rub o`Mine BBQ on mausteseos, joka sis\u00e4lt\u00e4\u00e4 ruokosokeria, suolaa, sipulijauhetta ja paprikauutetta. Nettom\u00e4\u00e4r\u00e4 184 g. Valmistettu Yhdysvalloissa.\" \/>\n<meta name=\"twitter:image\" content=\"https:\/\/bbqassad.ee\/wp-content\/uploads\/2026\/03\/Lambert\u00b4s_Sweet_Rub_oMine_BBQ_184g.png\" \/>\n<meta name=\"twitter:label1\" content=\"Arvioitu lukuaika\" \/>\n\t<meta name=\"twitter:data1\" content=\"1 minuutti\" \/>\n<script type=\"application\/ld+json\" class=\"yoast-schema-graph\">{\"@context\":\"https:\\\/\\\/schema.org\",\"@graph\":[{\"@type\":\"WebPage\",\"@id\":\"https:\\\/\\\/bbqassad.ee\\\/fi\\\/toode\\\/lamberts-sweet-rub-omine-bbq-184g-2\\\/\",\"url\":\"https:\\\/\\\/bbqassad.ee\\\/fi\\\/toode\\\/lamberts-sweet-rub-omine-bbq-184g-2\\\/\",\"name\":\"Lambert\u00b4s Sweet Rub o`Mine BBQ 184g - BBQ \u00c4ssad%\",\"isPartOf\":{\"@id\":\"https:\\\/\\\/bbqassad.ee\\\/fi\\\/#website\"},\"primaryImageOfPage\":{\"@id\":\"https:\\\/\\\/bbqassad.ee\\\/fi\\\/toode\\\/lamberts-sweet-rub-omine-bbq-184g-2\\\/#primaryimage\"},\"image\":{\"@id\":\"https:\\\/\\\/bbqassad.ee\\\/fi\\\/toode\\\/lamberts-sweet-rub-omine-bbq-184g-2\\\/#primaryimage\"},\"thumbnailUrl\":\"https:\\\/\\\/bbqassad.ee\\\/wp-content\\\/uploads\\\/2026\\\/03\\\/Lambert\u00b4s_Sweet_Rub_oMine_BBQ_184g.png\",\"datePublished\":\"2026-03-26T12:50:12+00:00\",\"dateModified\":\"2026-04-14T06:34:28+00:00\",\"description\":\"Lambert\u00b4s Sweet Rub o`Mine BBQ on mausteseos, joka sis\u00e4lt\u00e4\u00e4 ruokosokeria, suolaa, sipulijauhetta ja paprikauutetta. Nettom\u00e4\u00e4r\u00e4 184 g. Valmistettu Yhdysvalloissa.\",\"breadcrumb\":{\"@id\":\"https:\\\/\\\/bbqassad.ee\\\/fi\\\/toode\\\/lamberts-sweet-rub-omine-bbq-184g-2\\\/#breadcrumb\"},\"inLanguage\":\"fi\",\"potentialAction\":[{\"@type\":\"ReadAction\",\"target\":[\"https:\\\/\\\/bbqassad.ee\\\/fi\\\/toode\\\/lamberts-sweet-rub-omine-bbq-184g-2\\\/\"]}]},{\"@type\":\"ImageObject\",\"inLanguage\":\"fi\",\"@id\":\"https:\\\/\\\/bbqassad.ee\\\/fi\\\/toode\\\/lamberts-sweet-rub-omine-bbq-184g-2\\\/#primaryimage\",\"url\":\"https:\\\/\\\/bbqassad.ee\\\/wp-content\\\/uploads\\\/2026\\\/03\\\/Lambert\u00b4s_Sweet_Rub_oMine_BBQ_184g.png\",\"contentUrl\":\"https:\\\/\\\/bbqassad.ee\\\/wp-content\\\/uploads\\\/2026\\\/03\\\/Lambert\u00b4s_Sweet_Rub_oMine_BBQ_184g.png\",\"width\":1280,\"height\":720},{\"@type\":\"BreadcrumbList\",\"@id\":\"https:\\\/\\\/bbqassad.ee\\\/fi\\\/toode\\\/lamberts-sweet-rub-omine-bbq-184g-2\\\/#breadcrumb\",\"itemListElement\":[{\"@type\":\"ListItem\",\"position\":1,\"name\":\"Home\",\"item\":\"https:\\\/\\\/bbqassad.ee\\\/fi\\\/bbq-assat\\\/\"},{\"@type\":\"ListItem\",\"position\":2,\"name\":\"Verkkokauppa\",\"item\":\"https:\\\/\\\/bbqassad.ee\\\/fi\\\/verkkokauppa\\\/\"},{\"@type\":\"ListItem\",\"position\":3,\"name\":\"Lambert&#8217;s Sweet Rub O&#8217;Mine BBQ 184g\"}]},{\"@type\":\"WebSite\",\"@id\":\"https:\\\/\\\/bbqassad.ee\\\/fi\\\/#website\",\"url\":\"https:\\\/\\\/bbqassad.ee\\\/fi\\\/\",\"name\":\"BBQ \u00c4ssad\",\"description\":\"BBQ maitseained, kastmed, ahjud\",\"publisher\":{\"@id\":\"https:\\\/\\\/bbqassad.ee\\\/fi\\\/#organization\"},\"potentialAction\":[{\"@type\":\"SearchAction\",\"target\":{\"@type\":\"EntryPoint\",\"urlTemplate\":\"https:\\\/\\\/bbqassad.ee\\\/fi\\\/?s={search_term_string}\"},\"query-input\":{\"@type\":\"PropertyValueSpecification\",\"valueRequired\":true,\"valueName\":\"search_term_string\"}}],\"inLanguage\":\"fi\"},{\"@type\":\"Organization\",\"@id\":\"https:\\\/\\\/bbqassad.ee\\\/fi\\\/#organization\",\"name\":\"BBQ \u00c4ssad\",\"url\":\"https:\\\/\\\/bbqassad.ee\\\/fi\\\/\",\"logo\":{\"@type\":\"ImageObject\",\"inLanguage\":\"fi\",\"@id\":\"https:\\\/\\\/bbqassad.ee\\\/fi\\\/#\\\/schema\\\/logo\\\/image\\\/\",\"url\":\"https:\\\/\\\/bbqassad.ee\\\/wp-content\\\/uploads\\\/2022\\\/10\\\/BBQ-2ssadlogo.png\",\"contentUrl\":\"https:\\\/\\\/bbqassad.ee\\\/wp-content\\\/uploads\\\/2022\\\/10\\\/BBQ-2ssadlogo.png\",\"width\":1080,\"height\":1080,\"caption\":\"BBQ \u00c4ssad\"},\"image\":{\"@id\":\"https:\\\/\\\/bbqassad.ee\\\/fi\\\/#\\\/schema\\\/logo\\\/image\\\/\"},\"sameAs\":[\"https:\\\/\\\/www.facebook.com\\\/bbqassad\",\"https:\\\/\\\/www.youtube.com\\\/channel\\\/UCsoufn49J6TVi9Ah9meE93w\"]}]}<\/script>\n<!-- \/ Yoast SEO plugin. -->","yoast_head_json":{"title":"Lambert\u00b4s Sweet Rub o`Mine BBQ 184g - BBQ \u00c4ssad%","description":"Lambert\u00b4s Sweet Rub o`Mine BBQ on mausteseos, joka sis\u00e4lt\u00e4\u00e4 ruokosokeria, suolaa, sipulijauhetta ja paprikauutetta. Nettom\u00e4\u00e4r\u00e4 184 g. Valmistettu Yhdysvalloissa.","robots":{"index":"index","follow":"follow","max-snippet":"max-snippet:-1","max-image-preview":"max-image-preview:large","max-video-preview":"max-video-preview:-1"},"canonical":"https:\/\/bbqassad.ee\/fi\/toode\/lamberts-sweet-rub-omine-bbq-184g-2\/","og_locale":"fi_FI","og_type":"article","og_title":"Lambert\u00b4s Sweet Rub o`Mine BBQ 184g - BBQ \u00c4ssad%","og_description":"Lambert\u00b4s Sweet Rub o`Mine BBQ on mausteseos, joka sis\u00e4lt\u00e4\u00e4 ruokosokeria, suolaa, sipulijauhetta ja paprikauutetta. Nettom\u00e4\u00e4r\u00e4 184 g. Valmistettu Yhdysvalloissa.","og_url":"https:\/\/bbqassad.ee\/fi\/toode\/lamberts-sweet-rub-omine-bbq-184g-2\/","og_site_name":"BBQ \u00c4ssad","article_publisher":"https:\/\/www.facebook.com\/bbqassad","article_modified_time":"2026-04-14T06:34:28+00:00","og_image":[{"url":"https:\/\/bbqassad.ee\/wp-content\/uploads\/2026\/03\/Lambert\u00b4s_Sweet_Rub_oMine_BBQ_184g.png","type":"","width":"","height":""}],"twitter_card":"summary_large_image","twitter_title":"Lambert\u00b4s Sweet Rub o`Mine BBQ 184g - BBQ \u00c4ssad%","twitter_description":"Lambert\u00b4s Sweet Rub o`Mine BBQ on mausteseos, joka sis\u00e4lt\u00e4\u00e4 ruokosokeria, suolaa, sipulijauhetta ja paprikauutetta. Nettom\u00e4\u00e4r\u00e4 184 g. Valmistettu Yhdysvalloissa.","twitter_image":"https:\/\/bbqassad.ee\/wp-content\/uploads\/2026\/03\/Lambert\u00b4s_Sweet_Rub_oMine_BBQ_184g.png","twitter_misc":{"Arvioitu lukuaika":"1 minuutti"},"schema":{"@context":"https:\/\/schema.org","@graph":[{"@type":"WebPage","@id":"https:\/\/bbqassad.ee\/fi\/toode\/lamberts-sweet-rub-omine-bbq-184g-2\/","url":"https:\/\/bbqassad.ee\/fi\/toode\/lamberts-sweet-rub-omine-bbq-184g-2\/","name":"Lambert\u00b4s Sweet Rub o`Mine BBQ 184g - BBQ \u00c4ssad%","isPartOf":{"@id":"https:\/\/bbqassad.ee\/fi\/#website"},"primaryImageOfPage":{"@id":"https:\/\/bbqassad.ee\/fi\/toode\/lamberts-sweet-rub-omine-bbq-184g-2\/#primaryimage"},"image":{"@id":"https:\/\/bbqassad.ee\/fi\/toode\/lamberts-sweet-rub-omine-bbq-184g-2\/#primaryimage"},"thumbnailUrl":"https:\/\/bbqassad.ee\/wp-content\/uploads\/2026\/03\/Lambert\u00b4s_Sweet_Rub_oMine_BBQ_184g.png","datePublished":"2026-03-26T12:50:12+00:00","dateModified":"2026-04-14T06:34:28+00:00","description":"Lambert\u00b4s Sweet Rub o`Mine BBQ on mausteseos, joka sis\u00e4lt\u00e4\u00e4 ruokosokeria, suolaa, sipulijauhetta ja paprikauutetta. Nettom\u00e4\u00e4r\u00e4 184 g. Valmistettu Yhdysvalloissa.","breadcrumb":{"@id":"https:\/\/bbqassad.ee\/fi\/toode\/lamberts-sweet-rub-omine-bbq-184g-2\/#breadcrumb"},"inLanguage":"fi","potentialAction":[{"@type":"ReadAction","target":["https:\/\/bbqassad.ee\/fi\/toode\/lamberts-sweet-rub-omine-bbq-184g-2\/"]}]},{"@type":"ImageObject","inLanguage":"fi","@id":"https:\/\/bbqassad.ee\/fi\/toode\/lamberts-sweet-rub-omine-bbq-184g-2\/#primaryimage","url":"https:\/\/bbqassad.ee\/wp-content\/uploads\/2026\/03\/Lambert\u00b4s_Sweet_Rub_oMine_BBQ_184g.png","contentUrl":"https:\/\/bbqassad.ee\/wp-content\/uploads\/2026\/03\/Lambert\u00b4s_Sweet_Rub_oMine_BBQ_184g.png","width":1280,"height":720},{"@type":"BreadcrumbList","@id":"https:\/\/bbqassad.ee\/fi\/toode\/lamberts-sweet-rub-omine-bbq-184g-2\/#breadcrumb","itemListElement":[{"@type":"ListItem","position":1,"name":"Home","item":"https:\/\/bbqassad.ee\/fi\/bbq-assat\/"},{"@type":"ListItem","position":2,"name":"Verkkokauppa","item":"https:\/\/bbqassad.ee\/fi\/verkkokauppa\/"},{"@type":"ListItem","position":3,"name":"Lambert&#8217;s Sweet Rub O&#8217;Mine BBQ 184g"}]},{"@type":"WebSite","@id":"https:\/\/bbqassad.ee\/fi\/#website","url":"https:\/\/bbqassad.ee\/fi\/","name":"BBQ \u00c4ssad","description":"BBQ maitseained, kastmed, ahjud","publisher":{"@id":"https:\/\/bbqassad.ee\/fi\/#organization"},"potentialAction":[{"@type":"SearchAction","target":{"@type":"EntryPoint","urlTemplate":"https:\/\/bbqassad.ee\/fi\/?s={search_term_string}"},"query-input":{"@type":"PropertyValueSpecification","valueRequired":true,"valueName":"search_term_string"}}],"inLanguage":"fi"},{"@type":"Organization","@id":"https:\/\/bbqassad.ee\/fi\/#organization","name":"BBQ \u00c4ssad","url":"https:\/\/bbqassad.ee\/fi\/","logo":{"@type":"ImageObject","inLanguage":"fi","@id":"https:\/\/bbqassad.ee\/fi\/#\/schema\/logo\/image\/","url":"https:\/\/bbqassad.ee\/wp-content\/uploads\/2022\/10\/BBQ-2ssadlogo.png","contentUrl":"https:\/\/bbqassad.ee\/wp-content\/uploads\/2022\/10\/BBQ-2ssadlogo.png","width":1080,"height":1080,"caption":"BBQ \u00c4ssad"},"image":{"@id":"https:\/\/bbqassad.ee\/fi\/#\/schema\/logo\/image\/"},"sameAs":["https:\/\/www.facebook.com\/bbqassad","https:\/\/www.youtube.com\/channel\/UCsoufn49J6TVi9Ah9meE93w"]}]}},"_links":{"self":[{"href":"https:\/\/bbqassad.ee\/fi\/wp-json\/wp\/v2\/product\/23652","targetHints":{"allow":["GET"]}}],"collection":[{"href":"https:\/\/bbqassad.ee\/fi\/wp-json\/wp\/v2\/product"}],"about":[{"href":"https:\/\/bbqassad.ee\/fi\/wp-json\/wp\/v2\/types\/product"}],"replies":[{"embeddable":true,"href":"https:\/\/bbqassad.ee\/fi\/wp-json\/wp\/v2\/comments?post=23652"}],"wp:featuredmedia":[{"embeddable":true,"href":"https:\/\/bbqassad.ee\/fi\/wp-json\/wp\/v2\/media\/22427"}],"wp:attachment":[{"href":"https:\/\/bbqassad.ee\/fi\/wp-json\/wp\/v2\/media?parent=23652"}],"wp:term":[{"taxonomy":"product_brand","embeddable":true,"href":"https:\/\/bbqassad.ee\/fi\/wp-json\/wp\/v2\/product_brand?post=23652"},{"taxonomy":"product_cat","embeddable":true,"href":"https:\/\/bbqassad.ee\/fi\/wp-json\/wp\/v2\/product_cat?post=23652"},{"taxonomy":"product_tag","embeddable":true,"href":"https:\/\/bbqassad.ee\/fi\/wp-json\/wp\/v2\/product_tag?post=23652"}],"curies":[{"name":"wp","href":"https:\/\/api.w.org\/{rel}","templated":true}]}}