{"id":23651,"date":"2026-03-26T12:58:55","date_gmt":"2026-03-26T12:58:55","guid":{"rendered":"https:\/\/bbqassad.ee\/toode\/lamberts-sweet-rub-omine-apple-chipotle-rub-264g-2\/"},"modified":"2026-04-14T06:34:27","modified_gmt":"2026-04-14T06:34:27","slug":"lamberts-sweet-rub-omine-apple-chipotle-rub-264g-2","status":"publish","type":"product","link":"https:\/\/bbqassad.ee\/fi\/toode\/lamberts-sweet-rub-omine-apple-chipotle-rub-264g-2\/","title":{"rendered":"Lambert&#8217;s Sweet Rub O&#8217;Mine Apple Chipotle Rub 264g"},"content":{"rendered":"<h2>Lambert\u00b4s Sweet Rub o&#8217;Mine Apple Chipotle Rub 264g<\/h2>\n<p><strong style=\"font-size: 14.4px;\">Lambert&#8217;s Sweet Rub O&#8217;Mine Apple Chipotle (omena-chipotle)<\/strong><span style=\"font-size: 14.4px;\">  yhdistyv\u00e4t makean omenan pehme\u00e4 hedelm\u00e4isyys ja chipotlen savuinen vivahde, mik\u00e4 luo hieronnan, joka antaa lihalle v\u00e4ri\u00e4, makua ja luonnetta yht\u00e4 aikaa. Se sopii t\u00e4ydellisesti ribseille, possun kaulalle, kanalle ja jopa grillatuille vihanneksille &#8211; mihin tahansa, miss\u00e4 haluat makean ja mausteisen BBQ-aksentin. <\/span><\/p>\n<div>\n<p>Omenan makeus antaa lihalle mukavan karamellimaisen kuoren, kun taas chipotle antaa mukavan l\u00e4mpim\u00e4n syvyyden ilman, ett\u00e4 siit\u00e4 tulee liian mausteista. T\u00e4m\u00e4 rub sopii t\u00e4ydellisesti niille, jotka rakastavat BBQ-maailman makuja ilman liian monimutkaisia, mutta erottuvia makuja. <\/p>\n<h2><strong>BBQ Aces kommentti<\/strong><\/h2>\n<p>&#8221;Apple Chipotle antaa lihalle makean pehmeyden ja samalla maltillisen savuisen mausteisuuden&#8221;. Se tekee ihmeit\u00e4 kylkiluiden ja kanansiipien kanssa &#8211; v\u00e4ri on kaunis, maku voimakas ja lopputulos vain toimii.&#8221; <\/p>\n<h2><strong>Ammattilaisen vinkki<\/strong><\/h2>\n<p><em>&#8221;K\u00e4yt\u00e4 sit\u00e4, kun haluat, ett\u00e4 jokainen kuva on el\u00e4mys.&#8221;<\/em><\/p>\n<\/div>\n","protected":false},"excerpt":{"rendered":"<p>Lambert\u00b4s Sweet Rub o&#8217;Mine Apple Chipotle Rub. Netto 264g <\/p>\n<p>Ainesosat: Mausteet, kuten chipotle, paprika, ruokosokeri, omenajauhe,<br \/>\nsavupaprika, suola, kuivattu valkosipuli, SINEP-siemenet,<br \/>\ntrikalsiumfosfaatti (paakkuuntumisenestoaine).<\/p>\n<p>Ravintosis\u00e4lt\u00f6 100 g:ssa:Energiaa 500 kcal (2092 kJ),<br \/>\nrasvaa 0 g, josta tyydyttyneit\u00e4 rasvahappoja 0 g, hiilihydraatteja 100 g,<br \/>\njosta sokereita 0 g, proteiinia 0 g, suolaa 8,8 g.<\/p>\n<p>Parasta ennen: katso pakkauksesta<br \/>\nMade in:USA<\/p>\n<p>Maahantuoja: Resaco BV, Karrewiel 8, NL-6942 LK Didam.<br \/>\nJ\u00e4lleenmyyj\u00e4 Virossa: BBQ \u00c4ssad O\u00dc www.bbqassad.ee<\/p>\n","protected":false},"featured_media":22432,"comment_status":"open","ping_status":"closed","template":"","meta":[],"product_brand":[],"product_cat":[802],"product_tag":[],"class_list":{"0":"post-23651","1":"product","2":"type-product","3":"status-publish","4":"has-post-thumbnail","6":"product_cat-sekoitukset","8":"first","9":"instock","10":"taxable","11":"shipping-taxable","12":"purchasable","13":"product-type-simple"},"yoast_head":"<!-- This site is optimized with the Yoast SEO plugin v27.4 - https:\/\/yoast.com\/product\/yoast-seo-wordpress\/ -->\n<title>Lambert&#039;s Sweet Rub o&#039; Mine Apple Chipotle Rub 264g - BBQ \u00c4ssad%<\/title>\n<meta name=\"description\" content=\"Lambert&#039;s Sweet Rub o&#039;Mine Apple Chipotle Rub 264g. Ainesosat: chipotle, paprika, ruokosokeri, omenajauhe, savupaprika, suola ja kuivattu valkosipuli.\" \/>\n<meta name=\"robots\" content=\"index, follow, max-snippet:-1, max-image-preview:large, max-video-preview:-1\" \/>\n<link rel=\"canonical\" href=\"https:\/\/bbqassad.ee\/fi\/toode\/lamberts-sweet-rub-omine-apple-chipotle-rub-264g-2\/\" \/>\n<meta property=\"og:locale\" content=\"fi_FI\" \/>\n<meta property=\"og:type\" content=\"article\" \/>\n<meta property=\"og:title\" content=\"Lambert&#039;s Sweet Rub o&#039; Mine Apple Chipotle Rub 264g - BBQ \u00c4ssad%\" \/>\n<meta property=\"og:description\" content=\"Lambert&#039;s Sweet Rub o&#039;Mine Apple Chipotle Rub 264g. Ainesosat: chipotle, paprika, ruokosokeri, omenajauhe, savupaprika, suola ja kuivattu valkosipuli.\" \/>\n<meta property=\"og:url\" content=\"https:\/\/bbqassad.ee\/fi\/toode\/lamberts-sweet-rub-omine-apple-chipotle-rub-264g-2\/\" \/>\n<meta property=\"og:site_name\" content=\"BBQ \u00c4ssad\" \/>\n<meta property=\"article:publisher\" content=\"https:\/\/www.facebook.com\/bbqassad\" \/>\n<meta property=\"article:modified_time\" content=\"2026-04-14T06:34:27+00:00\" \/>\n<meta property=\"og:image\" content=\"https:\/\/bbqassad.ee\/wp-content\/uploads\/2026\/03\/Lambert\u00b4s_Sweet_Rub_oMine_Apple_Chipotle-Rub_264g.png\" \/>\n<meta name=\"twitter:card\" content=\"summary_large_image\" \/>\n<meta name=\"twitter:title\" content=\"Lambert&#039;s Sweet Rub o&#039; Mine Apple Chipotle Rub 264g - BBQ \u00c4ssad%\" \/>\n<meta name=\"twitter:description\" content=\"Lambert&#039;s Sweet Rub o&#039;Mine Apple Chipotle Rub 264g. Ainesosat: chipotle, paprika, ruokosokeri, omenajauhe, savupaprika, suola ja kuivattu valkosipuli.\" \/>\n<meta name=\"twitter:image\" content=\"https:\/\/bbqassad.ee\/wp-content\/uploads\/2026\/03\/Lambert\u00b4s_Sweet_Rub_oMine_Apple_Chipotle-Rub_264g.png\" \/>\n<meta name=\"twitter:label1\" content=\"Arvioitu lukuaika\" \/>\n\t<meta name=\"twitter:data1\" content=\"1 minuutti\" \/>\n<script type=\"application\/ld+json\" class=\"yoast-schema-graph\">{\"@context\":\"https:\\\/\\\/schema.org\",\"@graph\":[{\"@type\":\"WebPage\",\"@id\":\"https:\\\/\\\/bbqassad.ee\\\/fi\\\/toode\\\/lamberts-sweet-rub-omine-apple-chipotle-rub-264g-2\\\/\",\"url\":\"https:\\\/\\\/bbqassad.ee\\\/fi\\\/toode\\\/lamberts-sweet-rub-omine-apple-chipotle-rub-264g-2\\\/\",\"name\":\"Lambert's Sweet Rub o' Mine Apple Chipotle Rub 264g - BBQ \u00c4ssad%\",\"isPartOf\":{\"@id\":\"https:\\\/\\\/bbqassad.ee\\\/fi\\\/#website\"},\"primaryImageOfPage\":{\"@id\":\"https:\\\/\\\/bbqassad.ee\\\/fi\\\/toode\\\/lamberts-sweet-rub-omine-apple-chipotle-rub-264g-2\\\/#primaryimage\"},\"image\":{\"@id\":\"https:\\\/\\\/bbqassad.ee\\\/fi\\\/toode\\\/lamberts-sweet-rub-omine-apple-chipotle-rub-264g-2\\\/#primaryimage\"},\"thumbnailUrl\":\"https:\\\/\\\/bbqassad.ee\\\/wp-content\\\/uploads\\\/2026\\\/03\\\/Lambert\u00b4s_Sweet_Rub_oMine_Apple_Chipotle-Rub_264g.png\",\"datePublished\":\"2026-03-26T12:58:55+00:00\",\"dateModified\":\"2026-04-14T06:34:27+00:00\",\"description\":\"Lambert's Sweet Rub o'Mine Apple Chipotle Rub 264g. Ainesosat: chipotle, paprika, ruokosokeri, omenajauhe, savupaprika, suola ja kuivattu valkosipuli.\",\"breadcrumb\":{\"@id\":\"https:\\\/\\\/bbqassad.ee\\\/fi\\\/toode\\\/lamberts-sweet-rub-omine-apple-chipotle-rub-264g-2\\\/#breadcrumb\"},\"inLanguage\":\"fi\",\"potentialAction\":[{\"@type\":\"ReadAction\",\"target\":[\"https:\\\/\\\/bbqassad.ee\\\/fi\\\/toode\\\/lamberts-sweet-rub-omine-apple-chipotle-rub-264g-2\\\/\"]}]},{\"@type\":\"ImageObject\",\"inLanguage\":\"fi\",\"@id\":\"https:\\\/\\\/bbqassad.ee\\\/fi\\\/toode\\\/lamberts-sweet-rub-omine-apple-chipotle-rub-264g-2\\\/#primaryimage\",\"url\":\"https:\\\/\\\/bbqassad.ee\\\/wp-content\\\/uploads\\\/2026\\\/03\\\/Lambert\u00b4s_Sweet_Rub_oMine_Apple_Chipotle-Rub_264g.png\",\"contentUrl\":\"https:\\\/\\\/bbqassad.ee\\\/wp-content\\\/uploads\\\/2026\\\/03\\\/Lambert\u00b4s_Sweet_Rub_oMine_Apple_Chipotle-Rub_264g.png\",\"width\":1280,\"height\":720},{\"@type\":\"BreadcrumbList\",\"@id\":\"https:\\\/\\\/bbqassad.ee\\\/fi\\\/toode\\\/lamberts-sweet-rub-omine-apple-chipotle-rub-264g-2\\\/#breadcrumb\",\"itemListElement\":[{\"@type\":\"ListItem\",\"position\":1,\"name\":\"Home\",\"item\":\"https:\\\/\\\/bbqassad.ee\\\/fi\\\/bbq-assat\\\/\"},{\"@type\":\"ListItem\",\"position\":2,\"name\":\"Verkkokauppa\",\"item\":\"https:\\\/\\\/bbqassad.ee\\\/fi\\\/verkkokauppa\\\/\"},{\"@type\":\"ListItem\",\"position\":3,\"name\":\"Lambert&#8217;s Sweet Rub O&#8217;Mine Apple Chipotle Rub 264g\"}]},{\"@type\":\"WebSite\",\"@id\":\"https:\\\/\\\/bbqassad.ee\\\/fi\\\/#website\",\"url\":\"https:\\\/\\\/bbqassad.ee\\\/fi\\\/\",\"name\":\"BBQ \u00c4ssad\",\"description\":\"BBQ maitseained, kastmed, ahjud\",\"publisher\":{\"@id\":\"https:\\\/\\\/bbqassad.ee\\\/fi\\\/#organization\"},\"potentialAction\":[{\"@type\":\"SearchAction\",\"target\":{\"@type\":\"EntryPoint\",\"urlTemplate\":\"https:\\\/\\\/bbqassad.ee\\\/fi\\\/?s={search_term_string}\"},\"query-input\":{\"@type\":\"PropertyValueSpecification\",\"valueRequired\":true,\"valueName\":\"search_term_string\"}}],\"inLanguage\":\"fi\"},{\"@type\":\"Organization\",\"@id\":\"https:\\\/\\\/bbqassad.ee\\\/fi\\\/#organization\",\"name\":\"BBQ \u00c4ssad\",\"url\":\"https:\\\/\\\/bbqassad.ee\\\/fi\\\/\",\"logo\":{\"@type\":\"ImageObject\",\"inLanguage\":\"fi\",\"@id\":\"https:\\\/\\\/bbqassad.ee\\\/fi\\\/#\\\/schema\\\/logo\\\/image\\\/\",\"url\":\"https:\\\/\\\/bbqassad.ee\\\/wp-content\\\/uploads\\\/2022\\\/10\\\/BBQ-2ssadlogo.png\",\"contentUrl\":\"https:\\\/\\\/bbqassad.ee\\\/wp-content\\\/uploads\\\/2022\\\/10\\\/BBQ-2ssadlogo.png\",\"width\":1080,\"height\":1080,\"caption\":\"BBQ \u00c4ssad\"},\"image\":{\"@id\":\"https:\\\/\\\/bbqassad.ee\\\/fi\\\/#\\\/schema\\\/logo\\\/image\\\/\"},\"sameAs\":[\"https:\\\/\\\/www.facebook.com\\\/bbqassad\",\"https:\\\/\\\/www.youtube.com\\\/channel\\\/UCsoufn49J6TVi9Ah9meE93w\"]}]}<\/script>\n<!-- \/ Yoast SEO plugin. -->","yoast_head_json":{"title":"Lambert's Sweet Rub o' Mine Apple Chipotle Rub 264g - BBQ \u00c4ssad%","description":"Lambert's Sweet Rub o'Mine Apple Chipotle Rub 264g. Ainesosat: chipotle, paprika, ruokosokeri, omenajauhe, savupaprika, suola ja kuivattu valkosipuli.","robots":{"index":"index","follow":"follow","max-snippet":"max-snippet:-1","max-image-preview":"max-image-preview:large","max-video-preview":"max-video-preview:-1"},"canonical":"https:\/\/bbqassad.ee\/fi\/toode\/lamberts-sweet-rub-omine-apple-chipotle-rub-264g-2\/","og_locale":"fi_FI","og_type":"article","og_title":"Lambert's Sweet Rub o' Mine Apple Chipotle Rub 264g - BBQ \u00c4ssad%","og_description":"Lambert's Sweet Rub o'Mine Apple Chipotle Rub 264g. Ainesosat: chipotle, paprika, ruokosokeri, omenajauhe, savupaprika, suola ja kuivattu valkosipuli.","og_url":"https:\/\/bbqassad.ee\/fi\/toode\/lamberts-sweet-rub-omine-apple-chipotle-rub-264g-2\/","og_site_name":"BBQ \u00c4ssad","article_publisher":"https:\/\/www.facebook.com\/bbqassad","article_modified_time":"2026-04-14T06:34:27+00:00","og_image":[{"url":"https:\/\/bbqassad.ee\/wp-content\/uploads\/2026\/03\/Lambert\u00b4s_Sweet_Rub_oMine_Apple_Chipotle-Rub_264g.png","type":"","width":"","height":""}],"twitter_card":"summary_large_image","twitter_title":"Lambert's Sweet Rub o' Mine Apple Chipotle Rub 264g - BBQ \u00c4ssad%","twitter_description":"Lambert's Sweet Rub o'Mine Apple Chipotle Rub 264g. Ainesosat: chipotle, paprika, ruokosokeri, omenajauhe, savupaprika, suola ja kuivattu valkosipuli.","twitter_image":"https:\/\/bbqassad.ee\/wp-content\/uploads\/2026\/03\/Lambert\u00b4s_Sweet_Rub_oMine_Apple_Chipotle-Rub_264g.png","twitter_misc":{"Arvioitu lukuaika":"1 minuutti"},"schema":{"@context":"https:\/\/schema.org","@graph":[{"@type":"WebPage","@id":"https:\/\/bbqassad.ee\/fi\/toode\/lamberts-sweet-rub-omine-apple-chipotle-rub-264g-2\/","url":"https:\/\/bbqassad.ee\/fi\/toode\/lamberts-sweet-rub-omine-apple-chipotle-rub-264g-2\/","name":"Lambert's Sweet Rub o' Mine Apple Chipotle Rub 264g - BBQ \u00c4ssad%","isPartOf":{"@id":"https:\/\/bbqassad.ee\/fi\/#website"},"primaryImageOfPage":{"@id":"https:\/\/bbqassad.ee\/fi\/toode\/lamberts-sweet-rub-omine-apple-chipotle-rub-264g-2\/#primaryimage"},"image":{"@id":"https:\/\/bbqassad.ee\/fi\/toode\/lamberts-sweet-rub-omine-apple-chipotle-rub-264g-2\/#primaryimage"},"thumbnailUrl":"https:\/\/bbqassad.ee\/wp-content\/uploads\/2026\/03\/Lambert\u00b4s_Sweet_Rub_oMine_Apple_Chipotle-Rub_264g.png","datePublished":"2026-03-26T12:58:55+00:00","dateModified":"2026-04-14T06:34:27+00:00","description":"Lambert's Sweet Rub o'Mine Apple Chipotle Rub 264g. Ainesosat: chipotle, paprika, ruokosokeri, omenajauhe, savupaprika, suola ja kuivattu valkosipuli.","breadcrumb":{"@id":"https:\/\/bbqassad.ee\/fi\/toode\/lamberts-sweet-rub-omine-apple-chipotle-rub-264g-2\/#breadcrumb"},"inLanguage":"fi","potentialAction":[{"@type":"ReadAction","target":["https:\/\/bbqassad.ee\/fi\/toode\/lamberts-sweet-rub-omine-apple-chipotle-rub-264g-2\/"]}]},{"@type":"ImageObject","inLanguage":"fi","@id":"https:\/\/bbqassad.ee\/fi\/toode\/lamberts-sweet-rub-omine-apple-chipotle-rub-264g-2\/#primaryimage","url":"https:\/\/bbqassad.ee\/wp-content\/uploads\/2026\/03\/Lambert\u00b4s_Sweet_Rub_oMine_Apple_Chipotle-Rub_264g.png","contentUrl":"https:\/\/bbqassad.ee\/wp-content\/uploads\/2026\/03\/Lambert\u00b4s_Sweet_Rub_oMine_Apple_Chipotle-Rub_264g.png","width":1280,"height":720},{"@type":"BreadcrumbList","@id":"https:\/\/bbqassad.ee\/fi\/toode\/lamberts-sweet-rub-omine-apple-chipotle-rub-264g-2\/#breadcrumb","itemListElement":[{"@type":"ListItem","position":1,"name":"Home","item":"https:\/\/bbqassad.ee\/fi\/bbq-assat\/"},{"@type":"ListItem","position":2,"name":"Verkkokauppa","item":"https:\/\/bbqassad.ee\/fi\/verkkokauppa\/"},{"@type":"ListItem","position":3,"name":"Lambert&#8217;s Sweet Rub O&#8217;Mine Apple Chipotle Rub 264g"}]},{"@type":"WebSite","@id":"https:\/\/bbqassad.ee\/fi\/#website","url":"https:\/\/bbqassad.ee\/fi\/","name":"BBQ \u00c4ssad","description":"BBQ maitseained, kastmed, ahjud","publisher":{"@id":"https:\/\/bbqassad.ee\/fi\/#organization"},"potentialAction":[{"@type":"SearchAction","target":{"@type":"EntryPoint","urlTemplate":"https:\/\/bbqassad.ee\/fi\/?s={search_term_string}"},"query-input":{"@type":"PropertyValueSpecification","valueRequired":true,"valueName":"search_term_string"}}],"inLanguage":"fi"},{"@type":"Organization","@id":"https:\/\/bbqassad.ee\/fi\/#organization","name":"BBQ \u00c4ssad","url":"https:\/\/bbqassad.ee\/fi\/","logo":{"@type":"ImageObject","inLanguage":"fi","@id":"https:\/\/bbqassad.ee\/fi\/#\/schema\/logo\/image\/","url":"https:\/\/bbqassad.ee\/wp-content\/uploads\/2022\/10\/BBQ-2ssadlogo.png","contentUrl":"https:\/\/bbqassad.ee\/wp-content\/uploads\/2022\/10\/BBQ-2ssadlogo.png","width":1080,"height":1080,"caption":"BBQ \u00c4ssad"},"image":{"@id":"https:\/\/bbqassad.ee\/fi\/#\/schema\/logo\/image\/"},"sameAs":["https:\/\/www.facebook.com\/bbqassad","https:\/\/www.youtube.com\/channel\/UCsoufn49J6TVi9Ah9meE93w"]}]}},"_links":{"self":[{"href":"https:\/\/bbqassad.ee\/fi\/wp-json\/wp\/v2\/product\/23651","targetHints":{"allow":["GET"]}}],"collection":[{"href":"https:\/\/bbqassad.ee\/fi\/wp-json\/wp\/v2\/product"}],"about":[{"href":"https:\/\/bbqassad.ee\/fi\/wp-json\/wp\/v2\/types\/product"}],"replies":[{"embeddable":true,"href":"https:\/\/bbqassad.ee\/fi\/wp-json\/wp\/v2\/comments?post=23651"}],"wp:featuredmedia":[{"embeddable":true,"href":"https:\/\/bbqassad.ee\/fi\/wp-json\/wp\/v2\/media\/22432"}],"wp:attachment":[{"href":"https:\/\/bbqassad.ee\/fi\/wp-json\/wp\/v2\/media?parent=23651"}],"wp:term":[{"taxonomy":"product_brand","embeddable":true,"href":"https:\/\/bbqassad.ee\/fi\/wp-json\/wp\/v2\/product_brand?post=23651"},{"taxonomy":"product_cat","embeddable":true,"href":"https:\/\/bbqassad.ee\/fi\/wp-json\/wp\/v2\/product_cat?post=23651"},{"taxonomy":"product_tag","embeddable":true,"href":"https:\/\/bbqassad.ee\/fi\/wp-json\/wp\/v2\/product_tag?post=23651"}],"curies":[{"name":"wp","href":"https:\/\/api.w.org\/{rel}","templated":true}]}}