{"id":23648,"date":"2026-03-27T10:04:10","date_gmt":"2026-03-27T10:04:10","guid":{"rendered":"https:\/\/bbqassad.ee\/toode\/sucklebusters-sitruunapippuri-valkosipuli-369g\/"},"modified":"2026-04-14T06:34:27","modified_gmt":"2026-04-14T06:34:27","slug":"sucklebusters-sitruunapippuri-valkosipuli-369g","status":"publish","type":"product","link":"https:\/\/bbqassad.ee\/fi\/toode\/sucklebusters-sitruunapippuri-valkosipuli-369g\/","title":{"rendered":"SuckleBusters Lemon Pepper Garlic 369g"},"content":{"rendered":"<h2>SuckleBusters Sitruunapippuri Valkosipuli 369g<\/h2>\n<p><strong style=\"font-size: 14.4px;\">SuckleBusters sitruunapippuri valkosipuli<\/strong><span style=\"font-size: 14.4px;\">  on raikas ja aromaattinen makusekoitus, jossa yhdistyv\u00e4t sitruunan mieto happamuus, mustapippurin omaleimainen kuori ja valkosipulin syvyys. T\u00e4m\u00e4 sekoitus sopii erinomaisesti jokap\u00e4iv\u00e4iseen k\u00e4ytt\u00f6\u00f6n &#8211; kanan, kalan, sianlihan, katkarapujen, perunoiden ja grillattujen vihannesten sek\u00e4 salaattien ja v\u00e4lipalojen kanssa, jotka kaipaavat vain hieman lis\u00e4\u00e4 eloa. <\/span><\/p>\n<div>\n<p>Seos on luonnostaan kirkas ja kirpe\u00e4, mik\u00e4 tuo ruokiin puhtaan ja raikkaan maun. Sitruuna antaa kevyen sitruksisen raikkauden, pippuri luo vahvan pohjan ja valkosipuli sitoo kaiken yhten\u00e4iseksi aromaattiseksi kokonaisuudeksi. T\u00e4m\u00e4 on yksi niist\u00e4 purkeista, jotka siirtyv\u00e4t nopeasti keitti\u00f6n eturiviin.  <\/p>\n<h2><strong>BBQ Aces kommentti<\/strong><\/h2>\n<p>&#8221;T\u00e4m\u00e4 sekoitus antaa ruoalle v\u00e4litt\u00f6m\u00e4sti tuoreutta ja eloisuutta. Sitruunan ja pippurin yhdistelm\u00e4 on t\u00e4ydellisen tasapainoinen, valkosipuli lis\u00e4\u00e4 syvyytt\u00e4, ja kaikki yhdess\u00e4 tekev\u00e4t mist\u00e4 tahansa ruoasta nautittavamman.&#8221; <\/p>\n<h2><strong>Ammattilaisen vinkki<\/strong><\/h2>\n<p>&#8221;K\u00e4yt\u00e4 sit\u00e4, kun haluat antaa ruokaan raikkaan s\u00e4v\u00e4yksen hetkess\u00e4.&#8221;<\/p>\n<\/div>\n","protected":false},"excerpt":{"rendered":"<p>SuckleBusters Lemon Pepper Garlic. netto 369g. <\/p>\n<p>Ainesosat: merisuola, valkosipuli, mustapippuri, turbinadosokeri, sipuli,<br \/>\nsokeri, sitruunamehujauhe, sitruuna\u00f6ljy, mausteet.<br \/>\nRavintosis\u00e4lt\u00f6 100 g:ssa: energia 135 kcal (565 kJ), rasvaa 0,<br \/>\njosta tyydyttynytt\u00e4 0 g, hiilihydraattia\/ 27 g, josta sokereita 0 g,<br \/>\nvalkuaista 0 g, suolaa 48,5 g.<br \/>\nParasta ennen: katso pakkauksesta. Parasta ennen: katso pakkauksesta.<\/p>\n<p>Tuotettu Yhdysvalloissa<br \/>\nMaahantuoja: Resaco BV, Karrewiel 8, 6942 LK Didam.<br \/>\nJ\u00e4lleenmyyj\u00e4 Virossa: BBQ \u00c4ssad O\u00dc www.bbqassad.ee www.bbqassad.ee.<\/p>\n","protected":false},"featured_media":22928,"comment_status":"open","ping_status":"closed","template":"","meta":[],"product_brand":[],"product_cat":[802],"product_tag":[],"class_list":{"0":"post-23648","1":"product","2":"type-product","3":"status-publish","4":"has-post-thumbnail","6":"product_cat-sekoitukset","8":"first","9":"instock","10":"taxable","11":"shipping-taxable","12":"purchasable","13":"product-type-simple"},"yoast_head":"<!-- This site is optimized with the Yoast SEO plugin v27.4 - https:\/\/yoast.com\/product\/yoast-seo-wordpress\/ -->\n<title>SuckleBusters Lemon Pepper Garlic 369g - BBQ \u00c4ssad%<\/title>\n<meta name=\"description\" content=\"SuckleBusters Sitruunapippuri-valkosipulimauste 369g. Ainesosat: merisuola, valkosipuli, mustapippuri, sitruunamehujauhe ja mausteet. Tuote Yhdysvalloista\" \/>\n<meta name=\"robots\" content=\"index, follow, max-snippet:-1, max-image-preview:large, max-video-preview:-1\" \/>\n<link rel=\"canonical\" href=\"https:\/\/bbqassad.ee\/fi\/toode\/sucklebusters-sitruunapippuri-valkosipuli-369g\/\" \/>\n<meta property=\"og:locale\" content=\"fi_FI\" \/>\n<meta property=\"og:type\" content=\"article\" \/>\n<meta property=\"og:title\" content=\"SuckleBusters Lemon Pepper Garlic 369g - BBQ \u00c4ssad%\" \/>\n<meta property=\"og:description\" content=\"SuckleBusters Sitruunapippuri-valkosipulimauste 369g. Ainesosat: merisuola, valkosipuli, mustapippuri, sitruunamehujauhe ja mausteet. Tuote Yhdysvalloista\" \/>\n<meta property=\"og:url\" content=\"https:\/\/bbqassad.ee\/fi\/toode\/sucklebusters-sitruunapippuri-valkosipuli-369g\/\" \/>\n<meta property=\"og:site_name\" content=\"BBQ \u00c4ssad\" \/>\n<meta property=\"article:publisher\" content=\"https:\/\/www.facebook.com\/bbqassad\" \/>\n<meta property=\"article:modified_time\" content=\"2026-04-14T06:34:27+00:00\" \/>\n<meta property=\"og:image\" content=\"https:\/\/bbqassad.ee\/wp-content\/uploads\/2026\/03\/SuckleBusters_Lemon_Pepper_Garlic_369g.png\" \/>\n<meta name=\"twitter:card\" content=\"summary_large_image\" \/>\n<meta name=\"twitter:title\" content=\"SuckleBusters Lemon Pepper Garlic 369g - BBQ \u00c4ssad%\" \/>\n<meta name=\"twitter:description\" content=\"SuckleBusters Sitruunapippuri-valkosipulimauste 369g. Ainesosat: merisuola, valkosipuli, mustapippuri, sitruunamehujauhe ja mausteet. Tuote Yhdysvalloista\" \/>\n<meta name=\"twitter:image\" content=\"https:\/\/bbqassad.ee\/wp-content\/uploads\/2026\/03\/SuckleBusters_Lemon_Pepper_Garlic_369g.png\" \/>\n<meta name=\"twitter:label1\" content=\"Arvioitu lukuaika\" \/>\n\t<meta name=\"twitter:data1\" content=\"1 minuutti\" \/>\n<script type=\"application\/ld+json\" class=\"yoast-schema-graph\">{\"@context\":\"https:\\\/\\\/schema.org\",\"@graph\":[{\"@type\":\"WebPage\",\"@id\":\"https:\\\/\\\/bbqassad.ee\\\/fi\\\/toode\\\/sucklebusters-sitruunapippuri-valkosipuli-369g\\\/\",\"url\":\"https:\\\/\\\/bbqassad.ee\\\/fi\\\/toode\\\/sucklebusters-sitruunapippuri-valkosipuli-369g\\\/\",\"name\":\"SuckleBusters Lemon Pepper Garlic 369g - BBQ \u00c4ssad%\",\"isPartOf\":{\"@id\":\"https:\\\/\\\/bbqassad.ee\\\/fi\\\/#website\"},\"primaryImageOfPage\":{\"@id\":\"https:\\\/\\\/bbqassad.ee\\\/fi\\\/toode\\\/sucklebusters-sitruunapippuri-valkosipuli-369g\\\/#primaryimage\"},\"image\":{\"@id\":\"https:\\\/\\\/bbqassad.ee\\\/fi\\\/toode\\\/sucklebusters-sitruunapippuri-valkosipuli-369g\\\/#primaryimage\"},\"thumbnailUrl\":\"https:\\\/\\\/bbqassad.ee\\\/wp-content\\\/uploads\\\/2026\\\/03\\\/SuckleBusters_Lemon_Pepper_Garlic_369g.png\",\"datePublished\":\"2026-03-27T10:04:10+00:00\",\"dateModified\":\"2026-04-14T06:34:27+00:00\",\"description\":\"SuckleBusters Sitruunapippuri-valkosipulimauste 369g. Ainesosat: merisuola, valkosipuli, mustapippuri, sitruunamehujauhe ja mausteet. Tuote Yhdysvalloista\",\"breadcrumb\":{\"@id\":\"https:\\\/\\\/bbqassad.ee\\\/fi\\\/toode\\\/sucklebusters-sitruunapippuri-valkosipuli-369g\\\/#breadcrumb\"},\"inLanguage\":\"fi\",\"potentialAction\":[{\"@type\":\"ReadAction\",\"target\":[\"https:\\\/\\\/bbqassad.ee\\\/fi\\\/toode\\\/sucklebusters-sitruunapippuri-valkosipuli-369g\\\/\"]}]},{\"@type\":\"ImageObject\",\"inLanguage\":\"fi\",\"@id\":\"https:\\\/\\\/bbqassad.ee\\\/fi\\\/toode\\\/sucklebusters-sitruunapippuri-valkosipuli-369g\\\/#primaryimage\",\"url\":\"https:\\\/\\\/bbqassad.ee\\\/wp-content\\\/uploads\\\/2026\\\/03\\\/SuckleBusters_Lemon_Pepper_Garlic_369g.png\",\"contentUrl\":\"https:\\\/\\\/bbqassad.ee\\\/wp-content\\\/uploads\\\/2026\\\/03\\\/SuckleBusters_Lemon_Pepper_Garlic_369g.png\",\"width\":1280,\"height\":720},{\"@type\":\"BreadcrumbList\",\"@id\":\"https:\\\/\\\/bbqassad.ee\\\/fi\\\/toode\\\/sucklebusters-sitruunapippuri-valkosipuli-369g\\\/#breadcrumb\",\"itemListElement\":[{\"@type\":\"ListItem\",\"position\":1,\"name\":\"Home\",\"item\":\"https:\\\/\\\/bbqassad.ee\\\/fi\\\/bbq-assat\\\/\"},{\"@type\":\"ListItem\",\"position\":2,\"name\":\"Verkkokauppa\",\"item\":\"https:\\\/\\\/bbqassad.ee\\\/fi\\\/verkkokauppa\\\/\"},{\"@type\":\"ListItem\",\"position\":3,\"name\":\"SuckleBusters Lemon Pepper Garlic 369g\"}]},{\"@type\":\"WebSite\",\"@id\":\"https:\\\/\\\/bbqassad.ee\\\/fi\\\/#website\",\"url\":\"https:\\\/\\\/bbqassad.ee\\\/fi\\\/\",\"name\":\"BBQ \u00c4ssad\",\"description\":\"BBQ maitseained, kastmed, ahjud\",\"publisher\":{\"@id\":\"https:\\\/\\\/bbqassad.ee\\\/fi\\\/#organization\"},\"potentialAction\":[{\"@type\":\"SearchAction\",\"target\":{\"@type\":\"EntryPoint\",\"urlTemplate\":\"https:\\\/\\\/bbqassad.ee\\\/fi\\\/?s={search_term_string}\"},\"query-input\":{\"@type\":\"PropertyValueSpecification\",\"valueRequired\":true,\"valueName\":\"search_term_string\"}}],\"inLanguage\":\"fi\"},{\"@type\":\"Organization\",\"@id\":\"https:\\\/\\\/bbqassad.ee\\\/fi\\\/#organization\",\"name\":\"BBQ \u00c4ssad\",\"url\":\"https:\\\/\\\/bbqassad.ee\\\/fi\\\/\",\"logo\":{\"@type\":\"ImageObject\",\"inLanguage\":\"fi\",\"@id\":\"https:\\\/\\\/bbqassad.ee\\\/fi\\\/#\\\/schema\\\/logo\\\/image\\\/\",\"url\":\"https:\\\/\\\/bbqassad.ee\\\/wp-content\\\/uploads\\\/2022\\\/10\\\/BBQ-2ssadlogo.png\",\"contentUrl\":\"https:\\\/\\\/bbqassad.ee\\\/wp-content\\\/uploads\\\/2022\\\/10\\\/BBQ-2ssadlogo.png\",\"width\":1080,\"height\":1080,\"caption\":\"BBQ \u00c4ssad\"},\"image\":{\"@id\":\"https:\\\/\\\/bbqassad.ee\\\/fi\\\/#\\\/schema\\\/logo\\\/image\\\/\"},\"sameAs\":[\"https:\\\/\\\/www.facebook.com\\\/bbqassad\",\"https:\\\/\\\/www.youtube.com\\\/channel\\\/UCsoufn49J6TVi9Ah9meE93w\"]}]}<\/script>\n<!-- \/ Yoast SEO plugin. -->","yoast_head_json":{"title":"SuckleBusters Lemon Pepper Garlic 369g - BBQ \u00c4ssad%","description":"SuckleBusters Sitruunapippuri-valkosipulimauste 369g. Ainesosat: merisuola, valkosipuli, mustapippuri, sitruunamehujauhe ja mausteet. Tuote Yhdysvalloista","robots":{"index":"index","follow":"follow","max-snippet":"max-snippet:-1","max-image-preview":"max-image-preview:large","max-video-preview":"max-video-preview:-1"},"canonical":"https:\/\/bbqassad.ee\/fi\/toode\/sucklebusters-sitruunapippuri-valkosipuli-369g\/","og_locale":"fi_FI","og_type":"article","og_title":"SuckleBusters Lemon Pepper Garlic 369g - BBQ \u00c4ssad%","og_description":"SuckleBusters Sitruunapippuri-valkosipulimauste 369g. Ainesosat: merisuola, valkosipuli, mustapippuri, sitruunamehujauhe ja mausteet. Tuote Yhdysvalloista","og_url":"https:\/\/bbqassad.ee\/fi\/toode\/sucklebusters-sitruunapippuri-valkosipuli-369g\/","og_site_name":"BBQ \u00c4ssad","article_publisher":"https:\/\/www.facebook.com\/bbqassad","article_modified_time":"2026-04-14T06:34:27+00:00","og_image":[{"url":"https:\/\/bbqassad.ee\/wp-content\/uploads\/2026\/03\/SuckleBusters_Lemon_Pepper_Garlic_369g.png","type":"","width":"","height":""}],"twitter_card":"summary_large_image","twitter_title":"SuckleBusters Lemon Pepper Garlic 369g - BBQ \u00c4ssad%","twitter_description":"SuckleBusters Sitruunapippuri-valkosipulimauste 369g. Ainesosat: merisuola, valkosipuli, mustapippuri, sitruunamehujauhe ja mausteet. Tuote Yhdysvalloista","twitter_image":"https:\/\/bbqassad.ee\/wp-content\/uploads\/2026\/03\/SuckleBusters_Lemon_Pepper_Garlic_369g.png","twitter_misc":{"Arvioitu lukuaika":"1 minuutti"},"schema":{"@context":"https:\/\/schema.org","@graph":[{"@type":"WebPage","@id":"https:\/\/bbqassad.ee\/fi\/toode\/sucklebusters-sitruunapippuri-valkosipuli-369g\/","url":"https:\/\/bbqassad.ee\/fi\/toode\/sucklebusters-sitruunapippuri-valkosipuli-369g\/","name":"SuckleBusters Lemon Pepper Garlic 369g - BBQ \u00c4ssad%","isPartOf":{"@id":"https:\/\/bbqassad.ee\/fi\/#website"},"primaryImageOfPage":{"@id":"https:\/\/bbqassad.ee\/fi\/toode\/sucklebusters-sitruunapippuri-valkosipuli-369g\/#primaryimage"},"image":{"@id":"https:\/\/bbqassad.ee\/fi\/toode\/sucklebusters-sitruunapippuri-valkosipuli-369g\/#primaryimage"},"thumbnailUrl":"https:\/\/bbqassad.ee\/wp-content\/uploads\/2026\/03\/SuckleBusters_Lemon_Pepper_Garlic_369g.png","datePublished":"2026-03-27T10:04:10+00:00","dateModified":"2026-04-14T06:34:27+00:00","description":"SuckleBusters Sitruunapippuri-valkosipulimauste 369g. Ainesosat: merisuola, valkosipuli, mustapippuri, sitruunamehujauhe ja mausteet. Tuote Yhdysvalloista","breadcrumb":{"@id":"https:\/\/bbqassad.ee\/fi\/toode\/sucklebusters-sitruunapippuri-valkosipuli-369g\/#breadcrumb"},"inLanguage":"fi","potentialAction":[{"@type":"ReadAction","target":["https:\/\/bbqassad.ee\/fi\/toode\/sucklebusters-sitruunapippuri-valkosipuli-369g\/"]}]},{"@type":"ImageObject","inLanguage":"fi","@id":"https:\/\/bbqassad.ee\/fi\/toode\/sucklebusters-sitruunapippuri-valkosipuli-369g\/#primaryimage","url":"https:\/\/bbqassad.ee\/wp-content\/uploads\/2026\/03\/SuckleBusters_Lemon_Pepper_Garlic_369g.png","contentUrl":"https:\/\/bbqassad.ee\/wp-content\/uploads\/2026\/03\/SuckleBusters_Lemon_Pepper_Garlic_369g.png","width":1280,"height":720},{"@type":"BreadcrumbList","@id":"https:\/\/bbqassad.ee\/fi\/toode\/sucklebusters-sitruunapippuri-valkosipuli-369g\/#breadcrumb","itemListElement":[{"@type":"ListItem","position":1,"name":"Home","item":"https:\/\/bbqassad.ee\/fi\/bbq-assat\/"},{"@type":"ListItem","position":2,"name":"Verkkokauppa","item":"https:\/\/bbqassad.ee\/fi\/verkkokauppa\/"},{"@type":"ListItem","position":3,"name":"SuckleBusters Lemon Pepper Garlic 369g"}]},{"@type":"WebSite","@id":"https:\/\/bbqassad.ee\/fi\/#website","url":"https:\/\/bbqassad.ee\/fi\/","name":"BBQ \u00c4ssad","description":"BBQ maitseained, kastmed, ahjud","publisher":{"@id":"https:\/\/bbqassad.ee\/fi\/#organization"},"potentialAction":[{"@type":"SearchAction","target":{"@type":"EntryPoint","urlTemplate":"https:\/\/bbqassad.ee\/fi\/?s={search_term_string}"},"query-input":{"@type":"PropertyValueSpecification","valueRequired":true,"valueName":"search_term_string"}}],"inLanguage":"fi"},{"@type":"Organization","@id":"https:\/\/bbqassad.ee\/fi\/#organization","name":"BBQ \u00c4ssad","url":"https:\/\/bbqassad.ee\/fi\/","logo":{"@type":"ImageObject","inLanguage":"fi","@id":"https:\/\/bbqassad.ee\/fi\/#\/schema\/logo\/image\/","url":"https:\/\/bbqassad.ee\/wp-content\/uploads\/2022\/10\/BBQ-2ssadlogo.png","contentUrl":"https:\/\/bbqassad.ee\/wp-content\/uploads\/2022\/10\/BBQ-2ssadlogo.png","width":1080,"height":1080,"caption":"BBQ \u00c4ssad"},"image":{"@id":"https:\/\/bbqassad.ee\/fi\/#\/schema\/logo\/image\/"},"sameAs":["https:\/\/www.facebook.com\/bbqassad","https:\/\/www.youtube.com\/channel\/UCsoufn49J6TVi9Ah9meE93w"]}]}},"_links":{"self":[{"href":"https:\/\/bbqassad.ee\/fi\/wp-json\/wp\/v2\/product\/23648","targetHints":{"allow":["GET"]}}],"collection":[{"href":"https:\/\/bbqassad.ee\/fi\/wp-json\/wp\/v2\/product"}],"about":[{"href":"https:\/\/bbqassad.ee\/fi\/wp-json\/wp\/v2\/types\/product"}],"replies":[{"embeddable":true,"href":"https:\/\/bbqassad.ee\/fi\/wp-json\/wp\/v2\/comments?post=23648"}],"wp:featuredmedia":[{"embeddable":true,"href":"https:\/\/bbqassad.ee\/fi\/wp-json\/wp\/v2\/media\/22928"}],"wp:attachment":[{"href":"https:\/\/bbqassad.ee\/fi\/wp-json\/wp\/v2\/media?parent=23648"}],"wp:term":[{"taxonomy":"product_brand","embeddable":true,"href":"https:\/\/bbqassad.ee\/fi\/wp-json\/wp\/v2\/product_brand?post=23648"},{"taxonomy":"product_cat","embeddable":true,"href":"https:\/\/bbqassad.ee\/fi\/wp-json\/wp\/v2\/product_cat?post=23648"},{"taxonomy":"product_tag","embeddable":true,"href":"https:\/\/bbqassad.ee\/fi\/wp-json\/wp\/v2\/product_tag?post=23648"}],"curies":[{"name":"wp","href":"https:\/\/api.w.org\/{rel}","templated":true}]}}