{"id":23647,"date":"2026-03-27T10:30:04","date_gmt":"2026-03-27T10:30:04","guid":{"rendered":"https:\/\/bbqassad.ee\/toode\/sucklebusters-hog-waller-pork-rib-rub-113g-2\/"},"modified":"2026-04-14T06:34:26","modified_gmt":"2026-04-14T06:34:26","slug":"sucklebusters-hog-waller-pork-rib-rub-113g-2","status":"publish","type":"product","link":"https:\/\/bbqassad.ee\/fi\/toode\/sucklebusters-hog-waller-pork-rib-rub-113g-2\/","title":{"rendered":"SuckleBusters Hog Waller Pork &#038; Rib Rub 113g"},"content":{"rendered":"<h2>SuckleBusters Hog Waller Pork &amp; Rib Rub 113g<\/h2>\n<p><strong style=\"font-size: 14.4px;\">SuckleBusters Hog Waller Pork &amp; Rib Rub Rub (sianliha ja kylkiluu)<\/strong><span style=\"font-size: 14.4px;\">  on klassinen makean ja mausteisen sianlihan kuori, joka on luotu ribsej\u00e4, sianlihan kaulaa ja pulled pork -tyyppisi\u00e4 ruokia varten. Seos antaa lihalle kauniin punertavan v\u00e4rin, t\u00e4ytel\u00e4isen maun ja hieman karamellisoituneen kuoren, joka tekee jokaisesta suupalasta mehukkaan ja herkullisen t\u00e4ydellisen BBQ-ruoan. <\/span><\/p>\n<div>\n<p>Makeat s\u00e4vyt ovat t\u00e4ydellisess\u00e4 tasapainossa suolaisuuden ja hienovaraisen pippurisuuden kanssa, joten rub sopii erinomaisesti sek\u00e4 hitaaseen kypsennykseen ett\u00e4 nopeaan grillaukseen.<br \/>\nHog Waller sopii my\u00f6s broilerille ja grillatuille vihanneksille, jos haluat voimakkaampaa grillauksen makua ja t\u00e4ytel\u00e4isyytt\u00e4.<\/p>\n<h2><strong>BBQ Aces kommentti<\/strong><\/h2>\n<p>&#8221;Hog Waller on makea ja mausteinen, ja se antaa sianlihalle juuri oikean BBQ-tuntuman. Kylkiluut ja possun kaula ovat erityisen hyvi\u00e4 sen kanssa &#8211; v\u00e4ri, kuori ja maku yhdistyv\u00e4t.&#8221; <\/p>\n<h2><strong>Ammattilaisen vinkki<\/strong><\/h2>\n<p><em>&#8221;K\u00e4yt\u00e4 Hog Walleria, kun haluat tuoda sianlihasta esiin maksimaalisen BBQ-maun &#8211; seos hoitaa homman heti ensimm\u00e4isell\u00e4 kosketuksella.&#8221;<\/em><\/p>\n<\/div>\n","protected":false},"excerpt":{"rendered":"<p>SuckleBusters Hog Waller Pork &amp; Rib Rub. Nettom\u00e4\u00e4r\u00e4 113g <\/p>\n<p>Ainesosat: Merisuola, sokeri, ruskea sokeri, chilipippuri, mausteet,<br \/>\npiidioksidi<br \/>\nRavintosis\u00e4lt\u00f6 100 g:ssa: energia 230 kcal (962 kJ), rasva 1 g, josta tyydyttynytt\u00e4<br \/>\n0 g, hiilihydraatteja 55 g, josta sokereita 48 g,<br \/>\nproteiinia 2 g, suolaa 36,6 g.<br \/>\nS\u00e4ilyvyysaika: katso pakkauksesta.<\/p>\n<p>Tuotettu Yhdysvalloissa<br \/>\nMaahantuoja: Resaco BV, Karrewiel 8, 6942 LK Didam.<br \/>\nJ\u00e4lleenmyyj\u00e4 Virossa: BBQ \u00c4ssad O\u00dc www.bbqassad.ee www.bbqassad.ee.<\/p>\n","protected":false},"featured_media":22935,"comment_status":"open","ping_status":"closed","template":"","meta":[],"product_brand":[],"product_cat":[802],"product_tag":[],"class_list":{"0":"post-23647","1":"product","2":"type-product","3":"status-publish","4":"has-post-thumbnail","6":"product_cat-sekoitukset","8":"first","9":"instock","10":"taxable","11":"shipping-taxable","12":"purchasable","13":"product-type-simple"},"yoast_head":"<!-- This site is optimized with the Yoast SEO plugin v27.4 - https:\/\/yoast.com\/product\/yoast-seo-wordpress\/ -->\n<title>SuckleBusters Hog Waller Pork &amp; Rib Rub 113g - BBQ \u00c4ssad%<\/title>\n<meta name=\"description\" content=\"SuckleBusters Hog Waller Pork &amp; Rib Rub 113g. Ainesosat: merisuola, sokeri, ruskea sokeri, mausteet. Valmistettu Yhdysvalloissa. BBQ \u00c4ss\u00e4t.\" \/>\n<meta name=\"robots\" content=\"index, follow, max-snippet:-1, max-image-preview:large, max-video-preview:-1\" \/>\n<link rel=\"canonical\" href=\"https:\/\/bbqassad.ee\/fi\/toode\/sucklebusters-hog-waller-pork-rib-rub-113g-2\/\" \/>\n<meta property=\"og:locale\" content=\"fi_FI\" \/>\n<meta property=\"og:type\" content=\"article\" \/>\n<meta property=\"og:title\" content=\"SuckleBusters Hog Waller Pork &amp; Rib Rub 113g - BBQ \u00c4ssad%\" \/>\n<meta property=\"og:description\" content=\"SuckleBusters Hog Waller Pork &amp; Rib Rub 113g. Ainesosat: merisuola, sokeri, ruskea sokeri, mausteet. Valmistettu Yhdysvalloissa. BBQ \u00c4ss\u00e4t.\" \/>\n<meta property=\"og:url\" content=\"https:\/\/bbqassad.ee\/fi\/toode\/sucklebusters-hog-waller-pork-rib-rub-113g-2\/\" \/>\n<meta property=\"og:site_name\" content=\"BBQ \u00c4ssad\" \/>\n<meta property=\"article:publisher\" content=\"https:\/\/www.facebook.com\/bbqassad\" \/>\n<meta property=\"article:modified_time\" content=\"2026-04-14T06:34:26+00:00\" \/>\n<meta property=\"og:image\" content=\"https:\/\/bbqassad.ee\/wp-content\/uploads\/2026\/03\/SuckleBusters_Hog_Waller_Pork__Rib_Rub_113g.png\" \/>\n<meta name=\"twitter:card\" content=\"summary_large_image\" \/>\n<meta name=\"twitter:title\" content=\"SuckleBusters Hog Waller Pork &amp; Rib Rub 113g - BBQ \u00c4ssad%\" \/>\n<meta name=\"twitter:description\" content=\"SuckleBusters Hog Waller Pork &amp; Rib Rub 113g. Ainesosat: merisuola, sokeri, ruskea sokeri, mausteet. Valmistettu Yhdysvalloissa. BBQ \u00c4ss\u00e4t.\" \/>\n<meta name=\"twitter:image\" content=\"https:\/\/bbqassad.ee\/wp-content\/uploads\/2026\/03\/SuckleBusters_Hog_Waller_Pork__Rib_Rub_113g.png\" \/>\n<meta name=\"twitter:label1\" content=\"Arvioitu lukuaika\" \/>\n\t<meta name=\"twitter:data1\" content=\"1 minuutti\" \/>\n<script type=\"application\/ld+json\" class=\"yoast-schema-graph\">{\"@context\":\"https:\\\/\\\/schema.org\",\"@graph\":[{\"@type\":\"WebPage\",\"@id\":\"https:\\\/\\\/bbqassad.ee\\\/fi\\\/toode\\\/sucklebusters-hog-waller-pork-rib-rub-113g-2\\\/\",\"url\":\"https:\\\/\\\/bbqassad.ee\\\/fi\\\/toode\\\/sucklebusters-hog-waller-pork-rib-rub-113g-2\\\/\",\"name\":\"SuckleBusters Hog Waller Pork & Rib Rub 113g - BBQ \u00c4ssad%\",\"isPartOf\":{\"@id\":\"https:\\\/\\\/bbqassad.ee\\\/fi\\\/#website\"},\"primaryImageOfPage\":{\"@id\":\"https:\\\/\\\/bbqassad.ee\\\/fi\\\/toode\\\/sucklebusters-hog-waller-pork-rib-rub-113g-2\\\/#primaryimage\"},\"image\":{\"@id\":\"https:\\\/\\\/bbqassad.ee\\\/fi\\\/toode\\\/sucklebusters-hog-waller-pork-rib-rub-113g-2\\\/#primaryimage\"},\"thumbnailUrl\":\"https:\\\/\\\/bbqassad.ee\\\/wp-content\\\/uploads\\\/2026\\\/03\\\/SuckleBusters_Hog_Waller_Pork__Rib_Rub_113g.png\",\"datePublished\":\"2026-03-27T10:30:04+00:00\",\"dateModified\":\"2026-04-14T06:34:26+00:00\",\"description\":\"SuckleBusters Hog Waller Pork & Rib Rub 113g. Ainesosat: merisuola, sokeri, ruskea sokeri, mausteet. Valmistettu Yhdysvalloissa. BBQ \u00c4ss\u00e4t.\",\"breadcrumb\":{\"@id\":\"https:\\\/\\\/bbqassad.ee\\\/fi\\\/toode\\\/sucklebusters-hog-waller-pork-rib-rub-113g-2\\\/#breadcrumb\"},\"inLanguage\":\"fi\",\"potentialAction\":[{\"@type\":\"ReadAction\",\"target\":[\"https:\\\/\\\/bbqassad.ee\\\/fi\\\/toode\\\/sucklebusters-hog-waller-pork-rib-rub-113g-2\\\/\"]}]},{\"@type\":\"ImageObject\",\"inLanguage\":\"fi\",\"@id\":\"https:\\\/\\\/bbqassad.ee\\\/fi\\\/toode\\\/sucklebusters-hog-waller-pork-rib-rub-113g-2\\\/#primaryimage\",\"url\":\"https:\\\/\\\/bbqassad.ee\\\/wp-content\\\/uploads\\\/2026\\\/03\\\/SuckleBusters_Hog_Waller_Pork__Rib_Rub_113g.png\",\"contentUrl\":\"https:\\\/\\\/bbqassad.ee\\\/wp-content\\\/uploads\\\/2026\\\/03\\\/SuckleBusters_Hog_Waller_Pork__Rib_Rub_113g.png\",\"width\":1280,\"height\":720},{\"@type\":\"BreadcrumbList\",\"@id\":\"https:\\\/\\\/bbqassad.ee\\\/fi\\\/toode\\\/sucklebusters-hog-waller-pork-rib-rub-113g-2\\\/#breadcrumb\",\"itemListElement\":[{\"@type\":\"ListItem\",\"position\":1,\"name\":\"Home\",\"item\":\"https:\\\/\\\/bbqassad.ee\\\/fi\\\/bbq-assat\\\/\"},{\"@type\":\"ListItem\",\"position\":2,\"name\":\"Verkkokauppa\",\"item\":\"https:\\\/\\\/bbqassad.ee\\\/fi\\\/verkkokauppa\\\/\"},{\"@type\":\"ListItem\",\"position\":3,\"name\":\"SuckleBusters Hog Waller Pork &#038; Rib Rub 113g\"}]},{\"@type\":\"WebSite\",\"@id\":\"https:\\\/\\\/bbqassad.ee\\\/fi\\\/#website\",\"url\":\"https:\\\/\\\/bbqassad.ee\\\/fi\\\/\",\"name\":\"BBQ \u00c4ssad\",\"description\":\"BBQ maitseained, kastmed, ahjud\",\"publisher\":{\"@id\":\"https:\\\/\\\/bbqassad.ee\\\/fi\\\/#organization\"},\"potentialAction\":[{\"@type\":\"SearchAction\",\"target\":{\"@type\":\"EntryPoint\",\"urlTemplate\":\"https:\\\/\\\/bbqassad.ee\\\/fi\\\/?s={search_term_string}\"},\"query-input\":{\"@type\":\"PropertyValueSpecification\",\"valueRequired\":true,\"valueName\":\"search_term_string\"}}],\"inLanguage\":\"fi\"},{\"@type\":\"Organization\",\"@id\":\"https:\\\/\\\/bbqassad.ee\\\/fi\\\/#organization\",\"name\":\"BBQ \u00c4ssad\",\"url\":\"https:\\\/\\\/bbqassad.ee\\\/fi\\\/\",\"logo\":{\"@type\":\"ImageObject\",\"inLanguage\":\"fi\",\"@id\":\"https:\\\/\\\/bbqassad.ee\\\/fi\\\/#\\\/schema\\\/logo\\\/image\\\/\",\"url\":\"https:\\\/\\\/bbqassad.ee\\\/wp-content\\\/uploads\\\/2022\\\/10\\\/BBQ-2ssadlogo.png\",\"contentUrl\":\"https:\\\/\\\/bbqassad.ee\\\/wp-content\\\/uploads\\\/2022\\\/10\\\/BBQ-2ssadlogo.png\",\"width\":1080,\"height\":1080,\"caption\":\"BBQ \u00c4ssad\"},\"image\":{\"@id\":\"https:\\\/\\\/bbqassad.ee\\\/fi\\\/#\\\/schema\\\/logo\\\/image\\\/\"},\"sameAs\":[\"https:\\\/\\\/www.facebook.com\\\/bbqassad\",\"https:\\\/\\\/www.youtube.com\\\/channel\\\/UCsoufn49J6TVi9Ah9meE93w\"]}]}<\/script>\n<!-- \/ Yoast SEO plugin. -->","yoast_head_json":{"title":"SuckleBusters Hog Waller Pork & Rib Rub 113g - BBQ \u00c4ssad%","description":"SuckleBusters Hog Waller Pork & Rib Rub 113g. Ainesosat: merisuola, sokeri, ruskea sokeri, mausteet. Valmistettu Yhdysvalloissa. BBQ \u00c4ss\u00e4t.","robots":{"index":"index","follow":"follow","max-snippet":"max-snippet:-1","max-image-preview":"max-image-preview:large","max-video-preview":"max-video-preview:-1"},"canonical":"https:\/\/bbqassad.ee\/fi\/toode\/sucklebusters-hog-waller-pork-rib-rub-113g-2\/","og_locale":"fi_FI","og_type":"article","og_title":"SuckleBusters Hog Waller Pork & Rib Rub 113g - BBQ \u00c4ssad%","og_description":"SuckleBusters Hog Waller Pork & Rib Rub 113g. Ainesosat: merisuola, sokeri, ruskea sokeri, mausteet. Valmistettu Yhdysvalloissa. BBQ \u00c4ss\u00e4t.","og_url":"https:\/\/bbqassad.ee\/fi\/toode\/sucklebusters-hog-waller-pork-rib-rub-113g-2\/","og_site_name":"BBQ \u00c4ssad","article_publisher":"https:\/\/www.facebook.com\/bbqassad","article_modified_time":"2026-04-14T06:34:26+00:00","og_image":[{"url":"https:\/\/bbqassad.ee\/wp-content\/uploads\/2026\/03\/SuckleBusters_Hog_Waller_Pork__Rib_Rub_113g.png","type":"","width":"","height":""}],"twitter_card":"summary_large_image","twitter_title":"SuckleBusters Hog Waller Pork & Rib Rub 113g - BBQ \u00c4ssad%","twitter_description":"SuckleBusters Hog Waller Pork & Rib Rub 113g. Ainesosat: merisuola, sokeri, ruskea sokeri, mausteet. Valmistettu Yhdysvalloissa. BBQ \u00c4ss\u00e4t.","twitter_image":"https:\/\/bbqassad.ee\/wp-content\/uploads\/2026\/03\/SuckleBusters_Hog_Waller_Pork__Rib_Rub_113g.png","twitter_misc":{"Arvioitu lukuaika":"1 minuutti"},"schema":{"@context":"https:\/\/schema.org","@graph":[{"@type":"WebPage","@id":"https:\/\/bbqassad.ee\/fi\/toode\/sucklebusters-hog-waller-pork-rib-rub-113g-2\/","url":"https:\/\/bbqassad.ee\/fi\/toode\/sucklebusters-hog-waller-pork-rib-rub-113g-2\/","name":"SuckleBusters Hog Waller Pork & Rib Rub 113g - BBQ \u00c4ssad%","isPartOf":{"@id":"https:\/\/bbqassad.ee\/fi\/#website"},"primaryImageOfPage":{"@id":"https:\/\/bbqassad.ee\/fi\/toode\/sucklebusters-hog-waller-pork-rib-rub-113g-2\/#primaryimage"},"image":{"@id":"https:\/\/bbqassad.ee\/fi\/toode\/sucklebusters-hog-waller-pork-rib-rub-113g-2\/#primaryimage"},"thumbnailUrl":"https:\/\/bbqassad.ee\/wp-content\/uploads\/2026\/03\/SuckleBusters_Hog_Waller_Pork__Rib_Rub_113g.png","datePublished":"2026-03-27T10:30:04+00:00","dateModified":"2026-04-14T06:34:26+00:00","description":"SuckleBusters Hog Waller Pork & Rib Rub 113g. Ainesosat: merisuola, sokeri, ruskea sokeri, mausteet. Valmistettu Yhdysvalloissa. BBQ \u00c4ss\u00e4t.","breadcrumb":{"@id":"https:\/\/bbqassad.ee\/fi\/toode\/sucklebusters-hog-waller-pork-rib-rub-113g-2\/#breadcrumb"},"inLanguage":"fi","potentialAction":[{"@type":"ReadAction","target":["https:\/\/bbqassad.ee\/fi\/toode\/sucklebusters-hog-waller-pork-rib-rub-113g-2\/"]}]},{"@type":"ImageObject","inLanguage":"fi","@id":"https:\/\/bbqassad.ee\/fi\/toode\/sucklebusters-hog-waller-pork-rib-rub-113g-2\/#primaryimage","url":"https:\/\/bbqassad.ee\/wp-content\/uploads\/2026\/03\/SuckleBusters_Hog_Waller_Pork__Rib_Rub_113g.png","contentUrl":"https:\/\/bbqassad.ee\/wp-content\/uploads\/2026\/03\/SuckleBusters_Hog_Waller_Pork__Rib_Rub_113g.png","width":1280,"height":720},{"@type":"BreadcrumbList","@id":"https:\/\/bbqassad.ee\/fi\/toode\/sucklebusters-hog-waller-pork-rib-rub-113g-2\/#breadcrumb","itemListElement":[{"@type":"ListItem","position":1,"name":"Home","item":"https:\/\/bbqassad.ee\/fi\/bbq-assat\/"},{"@type":"ListItem","position":2,"name":"Verkkokauppa","item":"https:\/\/bbqassad.ee\/fi\/verkkokauppa\/"},{"@type":"ListItem","position":3,"name":"SuckleBusters Hog Waller Pork &#038; Rib Rub 113g"}]},{"@type":"WebSite","@id":"https:\/\/bbqassad.ee\/fi\/#website","url":"https:\/\/bbqassad.ee\/fi\/","name":"BBQ \u00c4ssad","description":"BBQ maitseained, kastmed, ahjud","publisher":{"@id":"https:\/\/bbqassad.ee\/fi\/#organization"},"potentialAction":[{"@type":"SearchAction","target":{"@type":"EntryPoint","urlTemplate":"https:\/\/bbqassad.ee\/fi\/?s={search_term_string}"},"query-input":{"@type":"PropertyValueSpecification","valueRequired":true,"valueName":"search_term_string"}}],"inLanguage":"fi"},{"@type":"Organization","@id":"https:\/\/bbqassad.ee\/fi\/#organization","name":"BBQ \u00c4ssad","url":"https:\/\/bbqassad.ee\/fi\/","logo":{"@type":"ImageObject","inLanguage":"fi","@id":"https:\/\/bbqassad.ee\/fi\/#\/schema\/logo\/image\/","url":"https:\/\/bbqassad.ee\/wp-content\/uploads\/2022\/10\/BBQ-2ssadlogo.png","contentUrl":"https:\/\/bbqassad.ee\/wp-content\/uploads\/2022\/10\/BBQ-2ssadlogo.png","width":1080,"height":1080,"caption":"BBQ \u00c4ssad"},"image":{"@id":"https:\/\/bbqassad.ee\/fi\/#\/schema\/logo\/image\/"},"sameAs":["https:\/\/www.facebook.com\/bbqassad","https:\/\/www.youtube.com\/channel\/UCsoufn49J6TVi9Ah9meE93w"]}]}},"_links":{"self":[{"href":"https:\/\/bbqassad.ee\/fi\/wp-json\/wp\/v2\/product\/23647","targetHints":{"allow":["GET"]}}],"collection":[{"href":"https:\/\/bbqassad.ee\/fi\/wp-json\/wp\/v2\/product"}],"about":[{"href":"https:\/\/bbqassad.ee\/fi\/wp-json\/wp\/v2\/types\/product"}],"replies":[{"embeddable":true,"href":"https:\/\/bbqassad.ee\/fi\/wp-json\/wp\/v2\/comments?post=23647"}],"wp:featuredmedia":[{"embeddable":true,"href":"https:\/\/bbqassad.ee\/fi\/wp-json\/wp\/v2\/media\/22935"}],"wp:attachment":[{"href":"https:\/\/bbqassad.ee\/fi\/wp-json\/wp\/v2\/media?parent=23647"}],"wp:term":[{"taxonomy":"product_brand","embeddable":true,"href":"https:\/\/bbqassad.ee\/fi\/wp-json\/wp\/v2\/product_brand?post=23647"},{"taxonomy":"product_cat","embeddable":true,"href":"https:\/\/bbqassad.ee\/fi\/wp-json\/wp\/v2\/product_cat?post=23647"},{"taxonomy":"product_tag","embeddable":true,"href":"https:\/\/bbqassad.ee\/fi\/wp-json\/wp\/v2\/product_tag?post=23647"}],"curies":[{"name":"wp","href":"https:\/\/api.w.org\/{rel}","templated":true}]}}