{"id":23646,"date":"2026-03-27T10:35:20","date_gmt":"2026-03-27T10:35:20","guid":{"rendered":"https:\/\/bbqassad.ee\/toode\/suckelbusters-texas-heat-ghost-pepper-kastike-148-ml\/"},"modified":"2026-04-14T06:34:26","modified_gmt":"2026-04-14T06:34:26","slug":"suckelbusters-texas-heat-ghost-pepper-kastike-148-ml","status":"publish","type":"product","link":"https:\/\/bbqassad.ee\/fi\/toode\/suckelbusters-texas-heat-ghost-pepper-kastike-148-ml\/","title":{"rendered":"SuckleBusters Texas Heat Ghost Pepper Sauce 148ml"},"content":{"rendered":"<h2>SuckelBusters Texas Heat Ghost Pepper -kastike 148 ml<\/h2>\n<p><strong style=\"font-size: 14.4px;\">SuckleBusters Texas Heat Haamupippuri<\/strong><span style=\"font-size: 14.4px;\">  on vakava tulikaste niille, jotka arvostavat aitoa ja rehellist\u00e4 l\u00e4mp\u00f6\u00e4. Haamupippuri eli bhut jolokia tuo kastikkeeseen intensiivist\u00e4 ja syv\u00e4\u00e4 tulisuutta, jota monet muut paprikat hillitsev\u00e4t &#8211; t\u00e4m\u00e4 tulisuus ei kirvele, se kasvaa ja kest\u00e4\u00e4. Tasapainoinen tomaattimausteisuus, hieman etikkainen raikkaus ja texasilaiset mausteet luovat kastikkeen, joka sopii grillatun lihan, tacojen, hampurilaisten, kanansiipien ja arkiruokien maustamiseen.  <\/span><\/p>\n<div>\n<p>Kastike on tarpeeksi paksua, jotta se tarttuu hyvin lihaan, ja tarpeeksi kirpe\u00e4\u00e4 antamaan ruokalajille luonnetta jo muutamalla tipalla. Texas Heat Ghost Pepper ei ole heikkohermoisille &#8211; se on kastike, joka saa makuhermot todella liikkeelle. <\/p>\n<h2><strong>BBQ Aces kommentti<\/strong><\/h2>\n<p>&#8221;T\u00e4m\u00e4 kastike ei ole vitsi. Haamupippuri on heti havaittavissa, mutta maku on samalla t\u00e4ytel\u00e4inen ja nautinnollinen. T\u00e4ydellinen niille, jotka haluavat lis\u00e4t\u00e4 ruokaansa aitoa texasilaisuutta &#8211; ei &#8217;hieman mausteista&#8217;, vaan <em>todella tulista<\/em>.&#8221;  <\/p>\n<h2><strong>Ammattilaisen vinkki<\/strong><\/h2>\n<p><em>&#8221;Se on parempi kuin juhannusp\u00e4iv\u00e4n\u00e4 nuotion yli hypp\u00e4\u00e4minen.&#8221;<\/em><\/p>\n<\/div>\n","protected":false},"excerpt":{"rendered":"<p>SuckelBusters Texas Heat Ghost Pepper -kastike. Nettom\u00e4\u00e4r\u00e4 148 ml <\/p>\n<p>Ainesosat: paprika, vesi, etikka, suola, sokeri, sipuli, valkosipuli,<br \/>\nhaamupippuri, mausteet ja ksantaanikumi.<br \/>\nRavintosis\u00e4lt\u00f6: 100 g:ssa: energiaa 0 kcal (0 kJ), rasvaa 0 g,<br \/>\njosta tyydyttyneit\u00e4 rasvahappoja 0 g, hiilihydraatteja 22 g,<br \/>\njosta sokereita 0 g, proteiineja 0 g suolaa 2,8 g.<br \/>\nS\u00e4ilyt\u00e4 ennen parasta ennen: katso pakkauksesta.<br \/>\nAvaamisen j\u00e4lkeen s\u00e4ilyt\u00e4 j\u00e4\u00e4kaapissa.<\/p>\n<p>Tuotettu Yhdysvalloissa.<br \/>\nMaahantuoja: RESACO B.V., Karrewiel 8, 6942 LK Didam.<br \/>\nJ\u00e4lleenmyyj\u00e4 Virossa: BBQ \u00c4ssad O\u00dc www.bbqassad.ee www.bbqassad.ee.<\/p>\n","protected":false},"featured_media":22941,"comment_status":"open","ping_status":"closed","template":"","meta":[],"product_brand":[],"product_cat":[788],"product_tag":[],"class_list":{"0":"post-23646","1":"product","2":"type-product","3":"status-publish","4":"has-post-thumbnail","6":"product_cat-kastit","8":"first","9":"instock","10":"taxable","11":"shipping-taxable","12":"purchasable","13":"product-type-simple"},"yoast_head":"<!-- This site is optimized with the Yoast SEO plugin v27.4 - https:\/\/yoast.com\/product\/yoast-seo-wordpress\/ -->\n<title>SuckelBusters Texas Heat Ghost Pepper -kastike 148 ml - BBQ \u00c4ssad%<\/title>\n<meta name=\"description\" content=\"SuckelBusters Texas Heat Ghost Pepper Sauce 148 ml sis\u00e4lt\u00e4\u00e4 paprikaa, haamupippuria ja mausteita. S\u00e4ilyt\u00e4 j\u00e4\u00e4kaapissa avaamisen j\u00e4lkeen. Valmistettu Yhdysvalloissa.\" \/>\n<meta name=\"robots\" content=\"index, follow, max-snippet:-1, max-image-preview:large, max-video-preview:-1\" \/>\n<link rel=\"canonical\" href=\"https:\/\/bbqassad.ee\/fi\/toode\/suckelbusters-texas-heat-ghost-pepper-kastike-148-ml\/\" \/>\n<meta property=\"og:locale\" content=\"fi_FI\" \/>\n<meta property=\"og:type\" content=\"article\" \/>\n<meta property=\"og:title\" content=\"SuckelBusters Texas Heat Ghost Pepper -kastike 148 ml - BBQ \u00c4ssad%\" \/>\n<meta property=\"og:description\" content=\"SuckelBusters Texas Heat Ghost Pepper Sauce 148 ml sis\u00e4lt\u00e4\u00e4 paprikaa, haamupippuria ja mausteita. S\u00e4ilyt\u00e4 j\u00e4\u00e4kaapissa avaamisen j\u00e4lkeen. Valmistettu Yhdysvalloissa.\" \/>\n<meta property=\"og:url\" content=\"https:\/\/bbqassad.ee\/fi\/toode\/suckelbusters-texas-heat-ghost-pepper-kastike-148-ml\/\" \/>\n<meta property=\"og:site_name\" content=\"BBQ \u00c4ssad\" \/>\n<meta property=\"article:publisher\" content=\"https:\/\/www.facebook.com\/bbqassad\" \/>\n<meta property=\"article:modified_time\" content=\"2026-04-14T06:34:26+00:00\" \/>\n<meta property=\"og:image\" content=\"https:\/\/bbqassad.ee\/wp-content\/uploads\/2026\/03\/SuckelBusters_Texas_Heat_Ghost_Pepper_kaste_148ml.png\" \/>\n<meta name=\"twitter:card\" content=\"summary_large_image\" \/>\n<meta name=\"twitter:title\" content=\"SuckelBusters Texas Heat Ghost Pepper -kastike 148 ml - BBQ \u00c4ssad%\" \/>\n<meta name=\"twitter:description\" content=\"SuckelBusters Texas Heat Ghost Pepper Sauce 148 ml sis\u00e4lt\u00e4\u00e4 paprikaa, haamupippuria ja mausteita. S\u00e4ilyt\u00e4 j\u00e4\u00e4kaapissa avaamisen j\u00e4lkeen. Valmistettu Yhdysvalloissa.\" \/>\n<meta name=\"twitter:image\" content=\"https:\/\/bbqassad.ee\/wp-content\/uploads\/2026\/03\/SuckelBusters_Texas_Heat_Ghost_Pepper_kaste_148ml.png\" \/>\n<meta name=\"twitter:label1\" content=\"Arvioitu lukuaika\" \/>\n\t<meta name=\"twitter:data1\" content=\"1 minuutti\" \/>\n<script type=\"application\/ld+json\" class=\"yoast-schema-graph\">{\"@context\":\"https:\\\/\\\/schema.org\",\"@graph\":[{\"@type\":\"WebPage\",\"@id\":\"https:\\\/\\\/bbqassad.ee\\\/fi\\\/toode\\\/suckelbusters-texas-heat-ghost-pepper-kastike-148-ml\\\/\",\"url\":\"https:\\\/\\\/bbqassad.ee\\\/fi\\\/toode\\\/suckelbusters-texas-heat-ghost-pepper-kastike-148-ml\\\/\",\"name\":\"SuckelBusters Texas Heat Ghost Pepper -kastike 148 ml - BBQ \u00c4ssad%\",\"isPartOf\":{\"@id\":\"https:\\\/\\\/bbqassad.ee\\\/fi\\\/#website\"},\"primaryImageOfPage\":{\"@id\":\"https:\\\/\\\/bbqassad.ee\\\/fi\\\/toode\\\/suckelbusters-texas-heat-ghost-pepper-kastike-148-ml\\\/#primaryimage\"},\"image\":{\"@id\":\"https:\\\/\\\/bbqassad.ee\\\/fi\\\/toode\\\/suckelbusters-texas-heat-ghost-pepper-kastike-148-ml\\\/#primaryimage\"},\"thumbnailUrl\":\"https:\\\/\\\/bbqassad.ee\\\/wp-content\\\/uploads\\\/2026\\\/03\\\/SuckelBusters_Texas_Heat_Ghost_Pepper_kaste_148ml.png\",\"datePublished\":\"2026-03-27T10:35:20+00:00\",\"dateModified\":\"2026-04-14T06:34:26+00:00\",\"description\":\"SuckelBusters Texas Heat Ghost Pepper Sauce 148 ml sis\u00e4lt\u00e4\u00e4 paprikaa, haamupippuria ja mausteita. S\u00e4ilyt\u00e4 j\u00e4\u00e4kaapissa avaamisen j\u00e4lkeen. Valmistettu Yhdysvalloissa.\",\"breadcrumb\":{\"@id\":\"https:\\\/\\\/bbqassad.ee\\\/fi\\\/toode\\\/suckelbusters-texas-heat-ghost-pepper-kastike-148-ml\\\/#breadcrumb\"},\"inLanguage\":\"fi\",\"potentialAction\":[{\"@type\":\"ReadAction\",\"target\":[\"https:\\\/\\\/bbqassad.ee\\\/fi\\\/toode\\\/suckelbusters-texas-heat-ghost-pepper-kastike-148-ml\\\/\"]}]},{\"@type\":\"ImageObject\",\"inLanguage\":\"fi\",\"@id\":\"https:\\\/\\\/bbqassad.ee\\\/fi\\\/toode\\\/suckelbusters-texas-heat-ghost-pepper-kastike-148-ml\\\/#primaryimage\",\"url\":\"https:\\\/\\\/bbqassad.ee\\\/wp-content\\\/uploads\\\/2026\\\/03\\\/SuckelBusters_Texas_Heat_Ghost_Pepper_kaste_148ml.png\",\"contentUrl\":\"https:\\\/\\\/bbqassad.ee\\\/wp-content\\\/uploads\\\/2026\\\/03\\\/SuckelBusters_Texas_Heat_Ghost_Pepper_kaste_148ml.png\",\"width\":1280,\"height\":720},{\"@type\":\"BreadcrumbList\",\"@id\":\"https:\\\/\\\/bbqassad.ee\\\/fi\\\/toode\\\/suckelbusters-texas-heat-ghost-pepper-kastike-148-ml\\\/#breadcrumb\",\"itemListElement\":[{\"@type\":\"ListItem\",\"position\":1,\"name\":\"Home\",\"item\":\"https:\\\/\\\/bbqassad.ee\\\/fi\\\/bbq-assat\\\/\"},{\"@type\":\"ListItem\",\"position\":2,\"name\":\"Verkkokauppa\",\"item\":\"https:\\\/\\\/bbqassad.ee\\\/fi\\\/verkkokauppa\\\/\"},{\"@type\":\"ListItem\",\"position\":3,\"name\":\"SuckleBusters Texas Heat Ghost Pepper Sauce 148ml\"}]},{\"@type\":\"WebSite\",\"@id\":\"https:\\\/\\\/bbqassad.ee\\\/fi\\\/#website\",\"url\":\"https:\\\/\\\/bbqassad.ee\\\/fi\\\/\",\"name\":\"BBQ \u00c4ssad\",\"description\":\"BBQ maitseained, kastmed, ahjud\",\"publisher\":{\"@id\":\"https:\\\/\\\/bbqassad.ee\\\/fi\\\/#organization\"},\"potentialAction\":[{\"@type\":\"SearchAction\",\"target\":{\"@type\":\"EntryPoint\",\"urlTemplate\":\"https:\\\/\\\/bbqassad.ee\\\/fi\\\/?s={search_term_string}\"},\"query-input\":{\"@type\":\"PropertyValueSpecification\",\"valueRequired\":true,\"valueName\":\"search_term_string\"}}],\"inLanguage\":\"fi\"},{\"@type\":\"Organization\",\"@id\":\"https:\\\/\\\/bbqassad.ee\\\/fi\\\/#organization\",\"name\":\"BBQ \u00c4ssad\",\"url\":\"https:\\\/\\\/bbqassad.ee\\\/fi\\\/\",\"logo\":{\"@type\":\"ImageObject\",\"inLanguage\":\"fi\",\"@id\":\"https:\\\/\\\/bbqassad.ee\\\/fi\\\/#\\\/schema\\\/logo\\\/image\\\/\",\"url\":\"https:\\\/\\\/bbqassad.ee\\\/wp-content\\\/uploads\\\/2022\\\/10\\\/BBQ-2ssadlogo.png\",\"contentUrl\":\"https:\\\/\\\/bbqassad.ee\\\/wp-content\\\/uploads\\\/2022\\\/10\\\/BBQ-2ssadlogo.png\",\"width\":1080,\"height\":1080,\"caption\":\"BBQ \u00c4ssad\"},\"image\":{\"@id\":\"https:\\\/\\\/bbqassad.ee\\\/fi\\\/#\\\/schema\\\/logo\\\/image\\\/\"},\"sameAs\":[\"https:\\\/\\\/www.facebook.com\\\/bbqassad\",\"https:\\\/\\\/www.youtube.com\\\/channel\\\/UCsoufn49J6TVi9Ah9meE93w\"]}]}<\/script>\n<!-- \/ Yoast SEO plugin. -->","yoast_head_json":{"title":"SuckelBusters Texas Heat Ghost Pepper -kastike 148 ml - BBQ \u00c4ssad%","description":"SuckelBusters Texas Heat Ghost Pepper Sauce 148 ml sis\u00e4lt\u00e4\u00e4 paprikaa, haamupippuria ja mausteita. S\u00e4ilyt\u00e4 j\u00e4\u00e4kaapissa avaamisen j\u00e4lkeen. Valmistettu Yhdysvalloissa.","robots":{"index":"index","follow":"follow","max-snippet":"max-snippet:-1","max-image-preview":"max-image-preview:large","max-video-preview":"max-video-preview:-1"},"canonical":"https:\/\/bbqassad.ee\/fi\/toode\/suckelbusters-texas-heat-ghost-pepper-kastike-148-ml\/","og_locale":"fi_FI","og_type":"article","og_title":"SuckelBusters Texas Heat Ghost Pepper -kastike 148 ml - BBQ \u00c4ssad%","og_description":"SuckelBusters Texas Heat Ghost Pepper Sauce 148 ml sis\u00e4lt\u00e4\u00e4 paprikaa, haamupippuria ja mausteita. S\u00e4ilyt\u00e4 j\u00e4\u00e4kaapissa avaamisen j\u00e4lkeen. Valmistettu Yhdysvalloissa.","og_url":"https:\/\/bbqassad.ee\/fi\/toode\/suckelbusters-texas-heat-ghost-pepper-kastike-148-ml\/","og_site_name":"BBQ \u00c4ssad","article_publisher":"https:\/\/www.facebook.com\/bbqassad","article_modified_time":"2026-04-14T06:34:26+00:00","og_image":[{"url":"https:\/\/bbqassad.ee\/wp-content\/uploads\/2026\/03\/SuckelBusters_Texas_Heat_Ghost_Pepper_kaste_148ml.png","type":"","width":"","height":""}],"twitter_card":"summary_large_image","twitter_title":"SuckelBusters Texas Heat Ghost Pepper -kastike 148 ml - BBQ \u00c4ssad%","twitter_description":"SuckelBusters Texas Heat Ghost Pepper Sauce 148 ml sis\u00e4lt\u00e4\u00e4 paprikaa, haamupippuria ja mausteita. S\u00e4ilyt\u00e4 j\u00e4\u00e4kaapissa avaamisen j\u00e4lkeen. Valmistettu Yhdysvalloissa.","twitter_image":"https:\/\/bbqassad.ee\/wp-content\/uploads\/2026\/03\/SuckelBusters_Texas_Heat_Ghost_Pepper_kaste_148ml.png","twitter_misc":{"Arvioitu lukuaika":"1 minuutti"},"schema":{"@context":"https:\/\/schema.org","@graph":[{"@type":"WebPage","@id":"https:\/\/bbqassad.ee\/fi\/toode\/suckelbusters-texas-heat-ghost-pepper-kastike-148-ml\/","url":"https:\/\/bbqassad.ee\/fi\/toode\/suckelbusters-texas-heat-ghost-pepper-kastike-148-ml\/","name":"SuckelBusters Texas Heat Ghost Pepper -kastike 148 ml - BBQ \u00c4ssad%","isPartOf":{"@id":"https:\/\/bbqassad.ee\/fi\/#website"},"primaryImageOfPage":{"@id":"https:\/\/bbqassad.ee\/fi\/toode\/suckelbusters-texas-heat-ghost-pepper-kastike-148-ml\/#primaryimage"},"image":{"@id":"https:\/\/bbqassad.ee\/fi\/toode\/suckelbusters-texas-heat-ghost-pepper-kastike-148-ml\/#primaryimage"},"thumbnailUrl":"https:\/\/bbqassad.ee\/wp-content\/uploads\/2026\/03\/SuckelBusters_Texas_Heat_Ghost_Pepper_kaste_148ml.png","datePublished":"2026-03-27T10:35:20+00:00","dateModified":"2026-04-14T06:34:26+00:00","description":"SuckelBusters Texas Heat Ghost Pepper Sauce 148 ml sis\u00e4lt\u00e4\u00e4 paprikaa, haamupippuria ja mausteita. S\u00e4ilyt\u00e4 j\u00e4\u00e4kaapissa avaamisen j\u00e4lkeen. Valmistettu Yhdysvalloissa.","breadcrumb":{"@id":"https:\/\/bbqassad.ee\/fi\/toode\/suckelbusters-texas-heat-ghost-pepper-kastike-148-ml\/#breadcrumb"},"inLanguage":"fi","potentialAction":[{"@type":"ReadAction","target":["https:\/\/bbqassad.ee\/fi\/toode\/suckelbusters-texas-heat-ghost-pepper-kastike-148-ml\/"]}]},{"@type":"ImageObject","inLanguage":"fi","@id":"https:\/\/bbqassad.ee\/fi\/toode\/suckelbusters-texas-heat-ghost-pepper-kastike-148-ml\/#primaryimage","url":"https:\/\/bbqassad.ee\/wp-content\/uploads\/2026\/03\/SuckelBusters_Texas_Heat_Ghost_Pepper_kaste_148ml.png","contentUrl":"https:\/\/bbqassad.ee\/wp-content\/uploads\/2026\/03\/SuckelBusters_Texas_Heat_Ghost_Pepper_kaste_148ml.png","width":1280,"height":720},{"@type":"BreadcrumbList","@id":"https:\/\/bbqassad.ee\/fi\/toode\/suckelbusters-texas-heat-ghost-pepper-kastike-148-ml\/#breadcrumb","itemListElement":[{"@type":"ListItem","position":1,"name":"Home","item":"https:\/\/bbqassad.ee\/fi\/bbq-assat\/"},{"@type":"ListItem","position":2,"name":"Verkkokauppa","item":"https:\/\/bbqassad.ee\/fi\/verkkokauppa\/"},{"@type":"ListItem","position":3,"name":"SuckleBusters Texas Heat Ghost Pepper Sauce 148ml"}]},{"@type":"WebSite","@id":"https:\/\/bbqassad.ee\/fi\/#website","url":"https:\/\/bbqassad.ee\/fi\/","name":"BBQ \u00c4ssad","description":"BBQ maitseained, kastmed, ahjud","publisher":{"@id":"https:\/\/bbqassad.ee\/fi\/#organization"},"potentialAction":[{"@type":"SearchAction","target":{"@type":"EntryPoint","urlTemplate":"https:\/\/bbqassad.ee\/fi\/?s={search_term_string}"},"query-input":{"@type":"PropertyValueSpecification","valueRequired":true,"valueName":"search_term_string"}}],"inLanguage":"fi"},{"@type":"Organization","@id":"https:\/\/bbqassad.ee\/fi\/#organization","name":"BBQ \u00c4ssad","url":"https:\/\/bbqassad.ee\/fi\/","logo":{"@type":"ImageObject","inLanguage":"fi","@id":"https:\/\/bbqassad.ee\/fi\/#\/schema\/logo\/image\/","url":"https:\/\/bbqassad.ee\/wp-content\/uploads\/2022\/10\/BBQ-2ssadlogo.png","contentUrl":"https:\/\/bbqassad.ee\/wp-content\/uploads\/2022\/10\/BBQ-2ssadlogo.png","width":1080,"height":1080,"caption":"BBQ \u00c4ssad"},"image":{"@id":"https:\/\/bbqassad.ee\/fi\/#\/schema\/logo\/image\/"},"sameAs":["https:\/\/www.facebook.com\/bbqassad","https:\/\/www.youtube.com\/channel\/UCsoufn49J6TVi9Ah9meE93w"]}]}},"_links":{"self":[{"href":"https:\/\/bbqassad.ee\/fi\/wp-json\/wp\/v2\/product\/23646","targetHints":{"allow":["GET"]}}],"collection":[{"href":"https:\/\/bbqassad.ee\/fi\/wp-json\/wp\/v2\/product"}],"about":[{"href":"https:\/\/bbqassad.ee\/fi\/wp-json\/wp\/v2\/types\/product"}],"replies":[{"embeddable":true,"href":"https:\/\/bbqassad.ee\/fi\/wp-json\/wp\/v2\/comments?post=23646"}],"wp:featuredmedia":[{"embeddable":true,"href":"https:\/\/bbqassad.ee\/fi\/wp-json\/wp\/v2\/media\/22941"}],"wp:attachment":[{"href":"https:\/\/bbqassad.ee\/fi\/wp-json\/wp\/v2\/media?parent=23646"}],"wp:term":[{"taxonomy":"product_brand","embeddable":true,"href":"https:\/\/bbqassad.ee\/fi\/wp-json\/wp\/v2\/product_brand?post=23646"},{"taxonomy":"product_cat","embeddable":true,"href":"https:\/\/bbqassad.ee\/fi\/wp-json\/wp\/v2\/product_cat?post=23646"},{"taxonomy":"product_tag","embeddable":true,"href":"https:\/\/bbqassad.ee\/fi\/wp-json\/wp\/v2\/product_tag?post=23646"}],"curies":[{"name":"wp","href":"https:\/\/api.w.org\/{rel}","templated":true}]}}