{"id":23644,"date":"2026-03-27T10:50:25","date_gmt":"2026-03-27T10:50:25","guid":{"rendered":"https:\/\/bbqassad.ee\/toode\/sucklebusters-texas-pecan-bbq-rub-113g-2\/"},"modified":"2026-04-14T06:34:26","modified_gmt":"2026-04-14T06:34:26","slug":"sucklebusters-texas-pecan-bbq-rub-113g-2","status":"publish","type":"product","link":"https:\/\/bbqassad.ee\/fi\/toode\/sucklebusters-texas-pecan-bbq-rub-113g-2\/","title":{"rendered":"SuckleBusters Texas Pecan BBQ Rub 113g"},"content":{"rendered":"<h2>SuckleBusters Texas Pecan BBQ Rub 113g<\/h2>\n<p><strong style=\"font-size: 14.4px;\">SuckleBusters Texas Pekaanip\u00e4hkin\u00e4 BBQ-kumi<\/strong><span style=\"font-size: 14.4px;\">  on makean savuinen rub, jossa on pekaanip\u00e4hkin\u00e4n vivahde ja joka on suunniteltu antamaan lihalle t\u00e4ytel\u00e4inen BBQ-aromi. Seoksessa yhdistyv\u00e4t pehme\u00e4t p\u00e4hkin\u00e4iset vivahteet, paprika, valkosipuli, suola ja liev\u00e4 mausteisuus, mink\u00e4 ansiosta se sopii erityisen hyvin kylkiluille, possun niskalle, kanalle ja jopa grillatuille vihanneksille. <\/span><\/p>\n<div>\n<p>Pekaanip\u00e4hkin\u00e4t antavat rubille erityist\u00e4 syvyytt\u00e4, joka kypsyess\u00e4\u00e4n muuttuu hieman karamellimaiseksi ja antaa ruokalajille kauniin v\u00e4rin ja tasaisen t\u00e4ytel\u00e4isen maun. T\u00e4m\u00e4 rub tuo lautaselle teksasilaisen leirinuotion maun &#8211; l\u00e4mmin, maukas ja aina toimiva. <\/p>\n<h2><strong>BBQ Aces kommentti<\/strong><\/h2>\n<p>&#8221;Texas Pecan on makea ja p\u00e4hkin\u00e4inen sekoitus, joka antaa lihalle kauniin v\u00e4rin ja pehme\u00e4n BBQ-luonteen. Se sopii erinomaisesti ribseille ja sianlihalle, mutta my\u00f6s kanalle ja on vain parempi versio grilliruoasta.&#8221; <\/p>\n<h2><strong>Ammattilaisen vinkki<\/strong><\/h2>\n<p><em>&#8221;K\u00e4yt\u00e4 sit\u00e4, kun haluat ruokaan pehme\u00e4n pekaanip\u00e4hkin\u00e4isen savuisen luonteen &#8211; t\u00e4m\u00e4 rub tuo sen esiin.&#8221;<\/em><\/p>\n<\/div>\n","protected":false},"excerpt":{"rendered":"<p>SuckleBusters Texas Pecan BBQ Rub. Nettom\u00e4\u00e4r\u00e4 113g <\/p>\n<p>Ainesosat: sokeri, merisuola, ruskea sokeri, paprikajauhe,<br \/>\nchilijauhe, valkosipuli, sipuli, mustapippuri, luonnollinen savuaromi,<br \/>\npekaanip\u00e4hkin\u00e4\u00f6ljy, mausteet ja piidioksidi.<br \/>\n(sis\u00e4lt\u00e4\u00e4 luonnollista savuaromia, pekaanip\u00e4hkin\u00e4jauhetta, pekaani\u00f6ljy\u00e4)<br \/>\nRavintosis\u00e4lt\u00f6 100 g:ssa : energia 244 kcal (1019 kJ),<br \/>\nrasvaa 0 g, josta tyydyttynytt\u00e4 0 g, hiilihydraatteja 49 g,<br \/>\njosta sokereita 49 g, proteiineja 0 g, suolaa 16,5 g.<br \/>\nParasta ennen: ks. pakkaus. Parasta ennen.<\/p>\n<p>Tuotettu Yhdysvalloissa<br \/>\nMaahantuoja: Resaco BV, Karrewiel 8, NL-6942 LK Didam.<br \/>\nJ\u00e4lleenmyyj\u00e4 Virossa: BBQ \u00c4ssad O\u00dc www.bbqassad.ee www.bbqassad.ee.<\/p>\n","protected":false},"featured_media":22951,"comment_status":"open","ping_status":"closed","template":"","meta":[],"product_brand":[],"product_cat":[802],"product_tag":[],"class_list":{"0":"post-23644","1":"product","2":"type-product","3":"status-publish","4":"has-post-thumbnail","6":"product_cat-sekoitukset","8":"first","9":"instock","10":"taxable","11":"shipping-taxable","12":"purchasable","13":"product-type-simple"},"yoast_head":"<!-- This site is optimized with the Yoast SEO plugin v27.4 - https:\/\/yoast.com\/product\/yoast-seo-wordpress\/ -->\n<title>SuckleBusters Texas Pecan BBQ Rub 113g - BBQ \u00c4ssad%<\/title>\n<meta name=\"description\" content=\"SuckleBusters Texas Pecan BBQ Rub 113g on mausteseos, joka sis\u00e4lt\u00e4\u00e4 sokeria, merisuolaa, paprikaa ja pekaanip\u00e4hkin\u00e4jauhetta. Valmistettu Amerikassa.\" \/>\n<meta name=\"robots\" content=\"index, follow, max-snippet:-1, max-image-preview:large, max-video-preview:-1\" \/>\n<link rel=\"canonical\" href=\"https:\/\/bbqassad.ee\/fi\/toode\/sucklebusters-texas-pecan-bbq-rub-113g-2\/\" \/>\n<meta property=\"og:locale\" content=\"fi_FI\" \/>\n<meta property=\"og:type\" content=\"article\" \/>\n<meta property=\"og:title\" content=\"SuckleBusters Texas Pecan BBQ Rub 113g - BBQ \u00c4ssad%\" \/>\n<meta property=\"og:description\" content=\"SuckleBusters Texas Pecan BBQ Rub 113g on mausteseos, joka sis\u00e4lt\u00e4\u00e4 sokeria, merisuolaa, paprikaa ja pekaanip\u00e4hkin\u00e4jauhetta. Valmistettu Amerikassa.\" \/>\n<meta property=\"og:url\" content=\"https:\/\/bbqassad.ee\/fi\/toode\/sucklebusters-texas-pecan-bbq-rub-113g-2\/\" \/>\n<meta property=\"og:site_name\" content=\"BBQ \u00c4ssad\" \/>\n<meta property=\"article:publisher\" content=\"https:\/\/www.facebook.com\/bbqassad\" \/>\n<meta property=\"article:modified_time\" content=\"2026-04-14T06:34:26+00:00\" \/>\n<meta property=\"og:image\" content=\"https:\/\/bbqassad.ee\/wp-content\/uploads\/2026\/03\/SuckleBusters_Texas_Pecan_BBQ_Rub-_113g.png\" \/>\n<meta name=\"twitter:card\" content=\"summary_large_image\" \/>\n<meta name=\"twitter:title\" content=\"SuckleBusters Texas Pecan BBQ Rub 113g - BBQ \u00c4ssad%\" \/>\n<meta name=\"twitter:description\" content=\"SuckleBusters Texas Pecan BBQ Rub 113g on mausteseos, joka sis\u00e4lt\u00e4\u00e4 sokeria, merisuolaa, paprikaa ja pekaanip\u00e4hkin\u00e4jauhetta. Valmistettu Amerikassa.\" \/>\n<meta name=\"twitter:image\" content=\"https:\/\/bbqassad.ee\/wp-content\/uploads\/2026\/03\/SuckleBusters_Texas_Pecan_BBQ_Rub-_113g.png\" \/>\n<meta name=\"twitter:label1\" content=\"Arvioitu lukuaika\" \/>\n\t<meta name=\"twitter:data1\" content=\"1 minuutti\" \/>\n<script type=\"application\/ld+json\" class=\"yoast-schema-graph\">{\"@context\":\"https:\\\/\\\/schema.org\",\"@graph\":[{\"@type\":\"WebPage\",\"@id\":\"https:\\\/\\\/bbqassad.ee\\\/fi\\\/toode\\\/sucklebusters-texas-pecan-bbq-rub-113g-2\\\/\",\"url\":\"https:\\\/\\\/bbqassad.ee\\\/fi\\\/toode\\\/sucklebusters-texas-pecan-bbq-rub-113g-2\\\/\",\"name\":\"SuckleBusters Texas Pecan BBQ Rub 113g - BBQ \u00c4ssad%\",\"isPartOf\":{\"@id\":\"https:\\\/\\\/bbqassad.ee\\\/fi\\\/#website\"},\"primaryImageOfPage\":{\"@id\":\"https:\\\/\\\/bbqassad.ee\\\/fi\\\/toode\\\/sucklebusters-texas-pecan-bbq-rub-113g-2\\\/#primaryimage\"},\"image\":{\"@id\":\"https:\\\/\\\/bbqassad.ee\\\/fi\\\/toode\\\/sucklebusters-texas-pecan-bbq-rub-113g-2\\\/#primaryimage\"},\"thumbnailUrl\":\"https:\\\/\\\/bbqassad.ee\\\/wp-content\\\/uploads\\\/2026\\\/03\\\/SuckleBusters_Texas_Pecan_BBQ_Rub-_113g.png\",\"datePublished\":\"2026-03-27T10:50:25+00:00\",\"dateModified\":\"2026-04-14T06:34:26+00:00\",\"description\":\"SuckleBusters Texas Pecan BBQ Rub 113g on mausteseos, joka sis\u00e4lt\u00e4\u00e4 sokeria, merisuolaa, paprikaa ja pekaanip\u00e4hkin\u00e4jauhetta. Valmistettu Amerikassa.\",\"breadcrumb\":{\"@id\":\"https:\\\/\\\/bbqassad.ee\\\/fi\\\/toode\\\/sucklebusters-texas-pecan-bbq-rub-113g-2\\\/#breadcrumb\"},\"inLanguage\":\"fi\",\"potentialAction\":[{\"@type\":\"ReadAction\",\"target\":[\"https:\\\/\\\/bbqassad.ee\\\/fi\\\/toode\\\/sucklebusters-texas-pecan-bbq-rub-113g-2\\\/\"]}]},{\"@type\":\"ImageObject\",\"inLanguage\":\"fi\",\"@id\":\"https:\\\/\\\/bbqassad.ee\\\/fi\\\/toode\\\/sucklebusters-texas-pecan-bbq-rub-113g-2\\\/#primaryimage\",\"url\":\"https:\\\/\\\/bbqassad.ee\\\/wp-content\\\/uploads\\\/2026\\\/03\\\/SuckleBusters_Texas_Pecan_BBQ_Rub-_113g.png\",\"contentUrl\":\"https:\\\/\\\/bbqassad.ee\\\/wp-content\\\/uploads\\\/2026\\\/03\\\/SuckleBusters_Texas_Pecan_BBQ_Rub-_113g.png\",\"width\":1280,\"height\":720},{\"@type\":\"BreadcrumbList\",\"@id\":\"https:\\\/\\\/bbqassad.ee\\\/fi\\\/toode\\\/sucklebusters-texas-pecan-bbq-rub-113g-2\\\/#breadcrumb\",\"itemListElement\":[{\"@type\":\"ListItem\",\"position\":1,\"name\":\"Home\",\"item\":\"https:\\\/\\\/bbqassad.ee\\\/fi\\\/bbq-assat\\\/\"},{\"@type\":\"ListItem\",\"position\":2,\"name\":\"Verkkokauppa\",\"item\":\"https:\\\/\\\/bbqassad.ee\\\/fi\\\/verkkokauppa\\\/\"},{\"@type\":\"ListItem\",\"position\":3,\"name\":\"SuckleBusters Texas Pecan BBQ Rub 113g\"}]},{\"@type\":\"WebSite\",\"@id\":\"https:\\\/\\\/bbqassad.ee\\\/fi\\\/#website\",\"url\":\"https:\\\/\\\/bbqassad.ee\\\/fi\\\/\",\"name\":\"BBQ \u00c4ssad\",\"description\":\"BBQ maitseained, kastmed, ahjud\",\"publisher\":{\"@id\":\"https:\\\/\\\/bbqassad.ee\\\/fi\\\/#organization\"},\"potentialAction\":[{\"@type\":\"SearchAction\",\"target\":{\"@type\":\"EntryPoint\",\"urlTemplate\":\"https:\\\/\\\/bbqassad.ee\\\/fi\\\/?s={search_term_string}\"},\"query-input\":{\"@type\":\"PropertyValueSpecification\",\"valueRequired\":true,\"valueName\":\"search_term_string\"}}],\"inLanguage\":\"fi\"},{\"@type\":\"Organization\",\"@id\":\"https:\\\/\\\/bbqassad.ee\\\/fi\\\/#organization\",\"name\":\"BBQ \u00c4ssad\",\"url\":\"https:\\\/\\\/bbqassad.ee\\\/fi\\\/\",\"logo\":{\"@type\":\"ImageObject\",\"inLanguage\":\"fi\",\"@id\":\"https:\\\/\\\/bbqassad.ee\\\/fi\\\/#\\\/schema\\\/logo\\\/image\\\/\",\"url\":\"https:\\\/\\\/bbqassad.ee\\\/wp-content\\\/uploads\\\/2022\\\/10\\\/BBQ-2ssadlogo.png\",\"contentUrl\":\"https:\\\/\\\/bbqassad.ee\\\/wp-content\\\/uploads\\\/2022\\\/10\\\/BBQ-2ssadlogo.png\",\"width\":1080,\"height\":1080,\"caption\":\"BBQ \u00c4ssad\"},\"image\":{\"@id\":\"https:\\\/\\\/bbqassad.ee\\\/fi\\\/#\\\/schema\\\/logo\\\/image\\\/\"},\"sameAs\":[\"https:\\\/\\\/www.facebook.com\\\/bbqassad\",\"https:\\\/\\\/www.youtube.com\\\/channel\\\/UCsoufn49J6TVi9Ah9meE93w\"]}]}<\/script>\n<!-- \/ Yoast SEO plugin. -->","yoast_head_json":{"title":"SuckleBusters Texas Pecan BBQ Rub 113g - BBQ \u00c4ssad%","description":"SuckleBusters Texas Pecan BBQ Rub 113g on mausteseos, joka sis\u00e4lt\u00e4\u00e4 sokeria, merisuolaa, paprikaa ja pekaanip\u00e4hkin\u00e4jauhetta. Valmistettu Amerikassa.","robots":{"index":"index","follow":"follow","max-snippet":"max-snippet:-1","max-image-preview":"max-image-preview:large","max-video-preview":"max-video-preview:-1"},"canonical":"https:\/\/bbqassad.ee\/fi\/toode\/sucklebusters-texas-pecan-bbq-rub-113g-2\/","og_locale":"fi_FI","og_type":"article","og_title":"SuckleBusters Texas Pecan BBQ Rub 113g - BBQ \u00c4ssad%","og_description":"SuckleBusters Texas Pecan BBQ Rub 113g on mausteseos, joka sis\u00e4lt\u00e4\u00e4 sokeria, merisuolaa, paprikaa ja pekaanip\u00e4hkin\u00e4jauhetta. Valmistettu Amerikassa.","og_url":"https:\/\/bbqassad.ee\/fi\/toode\/sucklebusters-texas-pecan-bbq-rub-113g-2\/","og_site_name":"BBQ \u00c4ssad","article_publisher":"https:\/\/www.facebook.com\/bbqassad","article_modified_time":"2026-04-14T06:34:26+00:00","og_image":[{"url":"https:\/\/bbqassad.ee\/wp-content\/uploads\/2026\/03\/SuckleBusters_Texas_Pecan_BBQ_Rub-_113g.png","type":"","width":"","height":""}],"twitter_card":"summary_large_image","twitter_title":"SuckleBusters Texas Pecan BBQ Rub 113g - BBQ \u00c4ssad%","twitter_description":"SuckleBusters Texas Pecan BBQ Rub 113g on mausteseos, joka sis\u00e4lt\u00e4\u00e4 sokeria, merisuolaa, paprikaa ja pekaanip\u00e4hkin\u00e4jauhetta. Valmistettu Amerikassa.","twitter_image":"https:\/\/bbqassad.ee\/wp-content\/uploads\/2026\/03\/SuckleBusters_Texas_Pecan_BBQ_Rub-_113g.png","twitter_misc":{"Arvioitu lukuaika":"1 minuutti"},"schema":{"@context":"https:\/\/schema.org","@graph":[{"@type":"WebPage","@id":"https:\/\/bbqassad.ee\/fi\/toode\/sucklebusters-texas-pecan-bbq-rub-113g-2\/","url":"https:\/\/bbqassad.ee\/fi\/toode\/sucklebusters-texas-pecan-bbq-rub-113g-2\/","name":"SuckleBusters Texas Pecan BBQ Rub 113g - BBQ \u00c4ssad%","isPartOf":{"@id":"https:\/\/bbqassad.ee\/fi\/#website"},"primaryImageOfPage":{"@id":"https:\/\/bbqassad.ee\/fi\/toode\/sucklebusters-texas-pecan-bbq-rub-113g-2\/#primaryimage"},"image":{"@id":"https:\/\/bbqassad.ee\/fi\/toode\/sucklebusters-texas-pecan-bbq-rub-113g-2\/#primaryimage"},"thumbnailUrl":"https:\/\/bbqassad.ee\/wp-content\/uploads\/2026\/03\/SuckleBusters_Texas_Pecan_BBQ_Rub-_113g.png","datePublished":"2026-03-27T10:50:25+00:00","dateModified":"2026-04-14T06:34:26+00:00","description":"SuckleBusters Texas Pecan BBQ Rub 113g on mausteseos, joka sis\u00e4lt\u00e4\u00e4 sokeria, merisuolaa, paprikaa ja pekaanip\u00e4hkin\u00e4jauhetta. Valmistettu Amerikassa.","breadcrumb":{"@id":"https:\/\/bbqassad.ee\/fi\/toode\/sucklebusters-texas-pecan-bbq-rub-113g-2\/#breadcrumb"},"inLanguage":"fi","potentialAction":[{"@type":"ReadAction","target":["https:\/\/bbqassad.ee\/fi\/toode\/sucklebusters-texas-pecan-bbq-rub-113g-2\/"]}]},{"@type":"ImageObject","inLanguage":"fi","@id":"https:\/\/bbqassad.ee\/fi\/toode\/sucklebusters-texas-pecan-bbq-rub-113g-2\/#primaryimage","url":"https:\/\/bbqassad.ee\/wp-content\/uploads\/2026\/03\/SuckleBusters_Texas_Pecan_BBQ_Rub-_113g.png","contentUrl":"https:\/\/bbqassad.ee\/wp-content\/uploads\/2026\/03\/SuckleBusters_Texas_Pecan_BBQ_Rub-_113g.png","width":1280,"height":720},{"@type":"BreadcrumbList","@id":"https:\/\/bbqassad.ee\/fi\/toode\/sucklebusters-texas-pecan-bbq-rub-113g-2\/#breadcrumb","itemListElement":[{"@type":"ListItem","position":1,"name":"Home","item":"https:\/\/bbqassad.ee\/fi\/bbq-assat\/"},{"@type":"ListItem","position":2,"name":"Verkkokauppa","item":"https:\/\/bbqassad.ee\/fi\/verkkokauppa\/"},{"@type":"ListItem","position":3,"name":"SuckleBusters Texas Pecan BBQ Rub 113g"}]},{"@type":"WebSite","@id":"https:\/\/bbqassad.ee\/fi\/#website","url":"https:\/\/bbqassad.ee\/fi\/","name":"BBQ \u00c4ssad","description":"BBQ maitseained, kastmed, ahjud","publisher":{"@id":"https:\/\/bbqassad.ee\/fi\/#organization"},"potentialAction":[{"@type":"SearchAction","target":{"@type":"EntryPoint","urlTemplate":"https:\/\/bbqassad.ee\/fi\/?s={search_term_string}"},"query-input":{"@type":"PropertyValueSpecification","valueRequired":true,"valueName":"search_term_string"}}],"inLanguage":"fi"},{"@type":"Organization","@id":"https:\/\/bbqassad.ee\/fi\/#organization","name":"BBQ \u00c4ssad","url":"https:\/\/bbqassad.ee\/fi\/","logo":{"@type":"ImageObject","inLanguage":"fi","@id":"https:\/\/bbqassad.ee\/fi\/#\/schema\/logo\/image\/","url":"https:\/\/bbqassad.ee\/wp-content\/uploads\/2022\/10\/BBQ-2ssadlogo.png","contentUrl":"https:\/\/bbqassad.ee\/wp-content\/uploads\/2022\/10\/BBQ-2ssadlogo.png","width":1080,"height":1080,"caption":"BBQ \u00c4ssad"},"image":{"@id":"https:\/\/bbqassad.ee\/fi\/#\/schema\/logo\/image\/"},"sameAs":["https:\/\/www.facebook.com\/bbqassad","https:\/\/www.youtube.com\/channel\/UCsoufn49J6TVi9Ah9meE93w"]}]}},"_links":{"self":[{"href":"https:\/\/bbqassad.ee\/fi\/wp-json\/wp\/v2\/product\/23644","targetHints":{"allow":["GET"]}}],"collection":[{"href":"https:\/\/bbqassad.ee\/fi\/wp-json\/wp\/v2\/product"}],"about":[{"href":"https:\/\/bbqassad.ee\/fi\/wp-json\/wp\/v2\/types\/product"}],"replies":[{"embeddable":true,"href":"https:\/\/bbqassad.ee\/fi\/wp-json\/wp\/v2\/comments?post=23644"}],"wp:featuredmedia":[{"embeddable":true,"href":"https:\/\/bbqassad.ee\/fi\/wp-json\/wp\/v2\/media\/22951"}],"wp:attachment":[{"href":"https:\/\/bbqassad.ee\/fi\/wp-json\/wp\/v2\/media?parent=23644"}],"wp:term":[{"taxonomy":"product_brand","embeddable":true,"href":"https:\/\/bbqassad.ee\/fi\/wp-json\/wp\/v2\/product_brand?post=23644"},{"taxonomy":"product_cat","embeddable":true,"href":"https:\/\/bbqassad.ee\/fi\/wp-json\/wp\/v2\/product_cat?post=23644"},{"taxonomy":"product_tag","embeddable":true,"href":"https:\/\/bbqassad.ee\/fi\/wp-json\/wp\/v2\/product_tag?post=23644"}],"curies":[{"name":"wp","href":"https:\/\/api.w.org\/{rel}","templated":true}]}}