{"id":23643,"date":"2026-03-27T10:59:09","date_gmt":"2026-03-27T10:59:09","guid":{"rendered":"https:\/\/bbqassad.ee\/toode\/kosmos-q-the-best-classic-steak-rub-301-g-2\/"},"modified":"2026-04-14T06:34:26","modified_gmt":"2026-04-14T06:34:26","slug":"kosmos-q-the-best-classic-steak-rub-301-g-2","status":"publish","type":"product","link":"https:\/\/bbqassad.ee\/fi\/toode\/kosmos-q-the-best-classic-steak-rub-301-g-2\/","title":{"rendered":"Kosmos Q The Best Classic Steak Rub 301 g"},"content":{"rendered":"<h2>Kosmos Q The Best Classic Steak Rub 301 g<\/h2>\n<p><strong style=\"font-size: 14.4px;\">Kosmos Q The Best Classic Steak Rub<\/strong><span style=\"font-size: 14.4px;\">  on vahvoihin, puhtaisiin ja rehellisiin makuihin perustuva muhennos, joka tuo esiin lihan puhtaimman ja luonnollisimman luonteen. Seos on kehitetty erityisesti punaiselle lihalle &#8211; mustapippuri, suola, valkosipuli ja yrtit antavat lihalle voimakkaan aromaattisen ja tasaisen maun, joka sopii erinomaisesti ribeye-, antre code <\/span><span style=\"font-size: 14.4px;\">, tomahawk, kylkipihvi ja kaikki muut suosikkipihvit.<\/span><\/p>\n<div>\n<p>T\u00e4m\u00e4 rub antaa lihalle kauniin kuoren, syvemm\u00e4n maun ja luonnollisen v\u00e4rin. Se on voimakas, mutta tasapainoinen &#8211; juuri sellainen kuin hyv\u00e4n pihvirouheen pit\u00e4\u00e4kin olla. Klassinen, puhdas ja varma valinta kaikille, jotka arvostavat aidon lihan makua.  <\/p>\n<h2><strong>BBQ Aces kommentti<\/strong><\/h2>\n<p>&#8221;T\u00e4m\u00e4 rub sopii t\u00e4ydellisesti punaiselle lihalle &#8211; voimakas, pippurinen ja rehellinen maku, joka tuo lihan itsens\u00e4 esiin. Pihvit tulevat sen avulla juuri sellaisiksi kuin kunnon pihvin kuuluukin.&#8221; <\/p>\n<h2><strong>Ammattilaisen vinkki<\/strong><\/h2>\n<p><em>&#8221;K\u00e4yt\u00e4 sit\u00e4, kun haluat pihvin maun olevan voimakas ja klassinen.&#8221;<\/em><\/p>\n<\/div>\n","protected":false},"excerpt":{"rendered":"<p>Kosmos Q The Best Classic Steak Rub. Nettopaino 301 g <\/p>\n<p>Ainesosat: suola, mausteet, kuivattu valkosipuli, musta<br \/>\npippuri, aromi (perunat\u00e4rkkelys, triglyseridit,<br \/>\nluontainen aromi, liivate, arabikumi), paprika\u00f6ljy.<\/p>\n<p>Ravintosis\u00e4lt\u00f6 100 g kohti: energia 250 kcal (1046kJ) rasvaa 0 g, josta tyydyttyneit\u00e4 rasvahappoja 0 g, hiilihydraatteja 50 g<br \/>\nsokeria 0 g, proteiinia 0 g, suolaa 52,5 g.<br \/>\nS\u00e4ilyvyysaika: katso pakkauksesta.<\/p>\n<p>Tuotettu Yhdysvalloissa.<br \/>\nMaahantuoja: RESACO B.V., Karrewiel 8, 6942 LK Didam.<br \/>\nJ\u00e4lleenmyyj\u00e4 Virossa: BBQ \u00c4ssad O\u00dc www.bbqassad.ee www.bbqassad.ee.<\/p>\n","protected":false},"featured_media":22956,"comment_status":"open","ping_status":"closed","template":"","meta":[],"product_brand":[],"product_cat":[802],"product_tag":[],"class_list":{"0":"post-23643","1":"product","2":"type-product","3":"status-publish","4":"has-post-thumbnail","6":"product_cat-sekoitukset","8":"first","9":"instock","10":"taxable","11":"shipping-taxable","12":"purchasable","13":"product-type-simple"},"yoast_head":"<!-- This site is optimized with the Yoast SEO plugin v27.4 - https:\/\/yoast.com\/product\/yoast-seo-wordpress\/ -->\n<title>Kosmos Q Classic Steak Rub 301 g -% BBQ \u00c4ssad%<\/title>\n<meta name=\"description\" content=\"Kosmos Q Classic Steak Rub 301 g. Ainesosat: suola, mausteet, kuivattu valkosipuli, mustapippuri, paprika\u00f6ljy. Valmistettu Amerikan yhdysvalloissa.\" \/>\n<meta name=\"robots\" content=\"index, follow, max-snippet:-1, max-image-preview:large, max-video-preview:-1\" \/>\n<link rel=\"canonical\" href=\"https:\/\/bbqassad.ee\/fi\/toode\/kosmos-q-the-best-classic-steak-rub-301-g-2\/\" \/>\n<meta property=\"og:locale\" content=\"fi_FI\" \/>\n<meta property=\"og:type\" content=\"article\" \/>\n<meta property=\"og:title\" content=\"Kosmos Q Classic Steak Rub 301 g -% BBQ \u00c4ssad%\" \/>\n<meta property=\"og:description\" content=\"Kosmos Q Classic Steak Rub 301 g. Ainesosat: suola, mausteet, kuivattu valkosipuli, mustapippuri, paprika\u00f6ljy. Valmistettu Amerikan yhdysvalloissa.\" \/>\n<meta property=\"og:url\" content=\"https:\/\/bbqassad.ee\/fi\/toode\/kosmos-q-the-best-classic-steak-rub-301-g-2\/\" \/>\n<meta property=\"og:site_name\" content=\"BBQ \u00c4ssad\" \/>\n<meta property=\"article:publisher\" content=\"https:\/\/www.facebook.com\/bbqassad\" \/>\n<meta property=\"article:modified_time\" content=\"2026-04-14T06:34:26+00:00\" \/>\n<meta property=\"og:image\" content=\"https:\/\/bbqassad.ee\/wp-content\/uploads\/2026\/03\/Kosmos_Q_The_Best_Classic_Steak_Rub_301g.png\" \/>\n<meta name=\"twitter:card\" content=\"summary_large_image\" \/>\n<meta name=\"twitter:title\" content=\"Kosmos Q Classic Steak Rub 301 g -% BBQ \u00c4ssad%\" \/>\n<meta name=\"twitter:description\" content=\"Kosmos Q Classic Steak Rub 301 g. Ainesosat: suola, mausteet, kuivattu valkosipuli, mustapippuri, paprika\u00f6ljy. Valmistettu Amerikan yhdysvalloissa.\" \/>\n<meta name=\"twitter:image\" content=\"https:\/\/bbqassad.ee\/wp-content\/uploads\/2026\/03\/Kosmos_Q_The_Best_Classic_Steak_Rub_301g.png\" \/>\n<meta name=\"twitter:label1\" content=\"Arvioitu lukuaika\" \/>\n\t<meta name=\"twitter:data1\" content=\"1 minuutti\" \/>\n<script type=\"application\/ld+json\" class=\"yoast-schema-graph\">{\"@context\":\"https:\\\/\\\/schema.org\",\"@graph\":[{\"@type\":\"WebPage\",\"@id\":\"https:\\\/\\\/bbqassad.ee\\\/fi\\\/toode\\\/kosmos-q-the-best-classic-steak-rub-301-g-2\\\/\",\"url\":\"https:\\\/\\\/bbqassad.ee\\\/fi\\\/toode\\\/kosmos-q-the-best-classic-steak-rub-301-g-2\\\/\",\"name\":\"Kosmos Q Classic Steak Rub 301 g -% BBQ \u00c4ssad%\",\"isPartOf\":{\"@id\":\"https:\\\/\\\/bbqassad.ee\\\/fi\\\/#website\"},\"primaryImageOfPage\":{\"@id\":\"https:\\\/\\\/bbqassad.ee\\\/fi\\\/toode\\\/kosmos-q-the-best-classic-steak-rub-301-g-2\\\/#primaryimage\"},\"image\":{\"@id\":\"https:\\\/\\\/bbqassad.ee\\\/fi\\\/toode\\\/kosmos-q-the-best-classic-steak-rub-301-g-2\\\/#primaryimage\"},\"thumbnailUrl\":\"https:\\\/\\\/bbqassad.ee\\\/wp-content\\\/uploads\\\/2026\\\/03\\\/Kosmos_Q_The_Best_Classic_Steak_Rub_301g.png\",\"datePublished\":\"2026-03-27T10:59:09+00:00\",\"dateModified\":\"2026-04-14T06:34:26+00:00\",\"description\":\"Kosmos Q Classic Steak Rub 301 g. Ainesosat: suola, mausteet, kuivattu valkosipuli, mustapippuri, paprika\u00f6ljy. Valmistettu Amerikan yhdysvalloissa.\",\"breadcrumb\":{\"@id\":\"https:\\\/\\\/bbqassad.ee\\\/fi\\\/toode\\\/kosmos-q-the-best-classic-steak-rub-301-g-2\\\/#breadcrumb\"},\"inLanguage\":\"fi\",\"potentialAction\":[{\"@type\":\"ReadAction\",\"target\":[\"https:\\\/\\\/bbqassad.ee\\\/fi\\\/toode\\\/kosmos-q-the-best-classic-steak-rub-301-g-2\\\/\"]}]},{\"@type\":\"ImageObject\",\"inLanguage\":\"fi\",\"@id\":\"https:\\\/\\\/bbqassad.ee\\\/fi\\\/toode\\\/kosmos-q-the-best-classic-steak-rub-301-g-2\\\/#primaryimage\",\"url\":\"https:\\\/\\\/bbqassad.ee\\\/wp-content\\\/uploads\\\/2026\\\/03\\\/Kosmos_Q_The_Best_Classic_Steak_Rub_301g.png\",\"contentUrl\":\"https:\\\/\\\/bbqassad.ee\\\/wp-content\\\/uploads\\\/2026\\\/03\\\/Kosmos_Q_The_Best_Classic_Steak_Rub_301g.png\",\"width\":1280,\"height\":720},{\"@type\":\"BreadcrumbList\",\"@id\":\"https:\\\/\\\/bbqassad.ee\\\/fi\\\/toode\\\/kosmos-q-the-best-classic-steak-rub-301-g-2\\\/#breadcrumb\",\"itemListElement\":[{\"@type\":\"ListItem\",\"position\":1,\"name\":\"Home\",\"item\":\"https:\\\/\\\/bbqassad.ee\\\/fi\\\/bbq-assat\\\/\"},{\"@type\":\"ListItem\",\"position\":2,\"name\":\"Verkkokauppa\",\"item\":\"https:\\\/\\\/bbqassad.ee\\\/fi\\\/verkkokauppa\\\/\"},{\"@type\":\"ListItem\",\"position\":3,\"name\":\"Kosmos Q The Best Classic Steak Rub 301 g\"}]},{\"@type\":\"WebSite\",\"@id\":\"https:\\\/\\\/bbqassad.ee\\\/fi\\\/#website\",\"url\":\"https:\\\/\\\/bbqassad.ee\\\/fi\\\/\",\"name\":\"BBQ \u00c4ssad\",\"description\":\"BBQ maitseained, kastmed, ahjud\",\"publisher\":{\"@id\":\"https:\\\/\\\/bbqassad.ee\\\/fi\\\/#organization\"},\"potentialAction\":[{\"@type\":\"SearchAction\",\"target\":{\"@type\":\"EntryPoint\",\"urlTemplate\":\"https:\\\/\\\/bbqassad.ee\\\/fi\\\/?s={search_term_string}\"},\"query-input\":{\"@type\":\"PropertyValueSpecification\",\"valueRequired\":true,\"valueName\":\"search_term_string\"}}],\"inLanguage\":\"fi\"},{\"@type\":\"Organization\",\"@id\":\"https:\\\/\\\/bbqassad.ee\\\/fi\\\/#organization\",\"name\":\"BBQ \u00c4ssad\",\"url\":\"https:\\\/\\\/bbqassad.ee\\\/fi\\\/\",\"logo\":{\"@type\":\"ImageObject\",\"inLanguage\":\"fi\",\"@id\":\"https:\\\/\\\/bbqassad.ee\\\/fi\\\/#\\\/schema\\\/logo\\\/image\\\/\",\"url\":\"https:\\\/\\\/bbqassad.ee\\\/wp-content\\\/uploads\\\/2022\\\/10\\\/BBQ-2ssadlogo.png\",\"contentUrl\":\"https:\\\/\\\/bbqassad.ee\\\/wp-content\\\/uploads\\\/2022\\\/10\\\/BBQ-2ssadlogo.png\",\"width\":1080,\"height\":1080,\"caption\":\"BBQ \u00c4ssad\"},\"image\":{\"@id\":\"https:\\\/\\\/bbqassad.ee\\\/fi\\\/#\\\/schema\\\/logo\\\/image\\\/\"},\"sameAs\":[\"https:\\\/\\\/www.facebook.com\\\/bbqassad\",\"https:\\\/\\\/www.youtube.com\\\/channel\\\/UCsoufn49J6TVi9Ah9meE93w\"]}]}<\/script>\n<!-- \/ Yoast SEO plugin. -->","yoast_head_json":{"title":"Kosmos Q Classic Steak Rub 301 g -% BBQ \u00c4ssad%","description":"Kosmos Q Classic Steak Rub 301 g. Ainesosat: suola, mausteet, kuivattu valkosipuli, mustapippuri, paprika\u00f6ljy. Valmistettu Amerikan yhdysvalloissa.","robots":{"index":"index","follow":"follow","max-snippet":"max-snippet:-1","max-image-preview":"max-image-preview:large","max-video-preview":"max-video-preview:-1"},"canonical":"https:\/\/bbqassad.ee\/fi\/toode\/kosmos-q-the-best-classic-steak-rub-301-g-2\/","og_locale":"fi_FI","og_type":"article","og_title":"Kosmos Q Classic Steak Rub 301 g -% BBQ \u00c4ssad%","og_description":"Kosmos Q Classic Steak Rub 301 g. Ainesosat: suola, mausteet, kuivattu valkosipuli, mustapippuri, paprika\u00f6ljy. Valmistettu Amerikan yhdysvalloissa.","og_url":"https:\/\/bbqassad.ee\/fi\/toode\/kosmos-q-the-best-classic-steak-rub-301-g-2\/","og_site_name":"BBQ \u00c4ssad","article_publisher":"https:\/\/www.facebook.com\/bbqassad","article_modified_time":"2026-04-14T06:34:26+00:00","og_image":[{"url":"https:\/\/bbqassad.ee\/wp-content\/uploads\/2026\/03\/Kosmos_Q_The_Best_Classic_Steak_Rub_301g.png","type":"","width":"","height":""}],"twitter_card":"summary_large_image","twitter_title":"Kosmos Q Classic Steak Rub 301 g -% BBQ \u00c4ssad%","twitter_description":"Kosmos Q Classic Steak Rub 301 g. Ainesosat: suola, mausteet, kuivattu valkosipuli, mustapippuri, paprika\u00f6ljy. Valmistettu Amerikan yhdysvalloissa.","twitter_image":"https:\/\/bbqassad.ee\/wp-content\/uploads\/2026\/03\/Kosmos_Q_The_Best_Classic_Steak_Rub_301g.png","twitter_misc":{"Arvioitu lukuaika":"1 minuutti"},"schema":{"@context":"https:\/\/schema.org","@graph":[{"@type":"WebPage","@id":"https:\/\/bbqassad.ee\/fi\/toode\/kosmos-q-the-best-classic-steak-rub-301-g-2\/","url":"https:\/\/bbqassad.ee\/fi\/toode\/kosmos-q-the-best-classic-steak-rub-301-g-2\/","name":"Kosmos Q Classic Steak Rub 301 g -% BBQ \u00c4ssad%","isPartOf":{"@id":"https:\/\/bbqassad.ee\/fi\/#website"},"primaryImageOfPage":{"@id":"https:\/\/bbqassad.ee\/fi\/toode\/kosmos-q-the-best-classic-steak-rub-301-g-2\/#primaryimage"},"image":{"@id":"https:\/\/bbqassad.ee\/fi\/toode\/kosmos-q-the-best-classic-steak-rub-301-g-2\/#primaryimage"},"thumbnailUrl":"https:\/\/bbqassad.ee\/wp-content\/uploads\/2026\/03\/Kosmos_Q_The_Best_Classic_Steak_Rub_301g.png","datePublished":"2026-03-27T10:59:09+00:00","dateModified":"2026-04-14T06:34:26+00:00","description":"Kosmos Q Classic Steak Rub 301 g. Ainesosat: suola, mausteet, kuivattu valkosipuli, mustapippuri, paprika\u00f6ljy. Valmistettu Amerikan yhdysvalloissa.","breadcrumb":{"@id":"https:\/\/bbqassad.ee\/fi\/toode\/kosmos-q-the-best-classic-steak-rub-301-g-2\/#breadcrumb"},"inLanguage":"fi","potentialAction":[{"@type":"ReadAction","target":["https:\/\/bbqassad.ee\/fi\/toode\/kosmos-q-the-best-classic-steak-rub-301-g-2\/"]}]},{"@type":"ImageObject","inLanguage":"fi","@id":"https:\/\/bbqassad.ee\/fi\/toode\/kosmos-q-the-best-classic-steak-rub-301-g-2\/#primaryimage","url":"https:\/\/bbqassad.ee\/wp-content\/uploads\/2026\/03\/Kosmos_Q_The_Best_Classic_Steak_Rub_301g.png","contentUrl":"https:\/\/bbqassad.ee\/wp-content\/uploads\/2026\/03\/Kosmos_Q_The_Best_Classic_Steak_Rub_301g.png","width":1280,"height":720},{"@type":"BreadcrumbList","@id":"https:\/\/bbqassad.ee\/fi\/toode\/kosmos-q-the-best-classic-steak-rub-301-g-2\/#breadcrumb","itemListElement":[{"@type":"ListItem","position":1,"name":"Home","item":"https:\/\/bbqassad.ee\/fi\/bbq-assat\/"},{"@type":"ListItem","position":2,"name":"Verkkokauppa","item":"https:\/\/bbqassad.ee\/fi\/verkkokauppa\/"},{"@type":"ListItem","position":3,"name":"Kosmos Q The Best Classic Steak Rub 301 g"}]},{"@type":"WebSite","@id":"https:\/\/bbqassad.ee\/fi\/#website","url":"https:\/\/bbqassad.ee\/fi\/","name":"BBQ \u00c4ssad","description":"BBQ maitseained, kastmed, ahjud","publisher":{"@id":"https:\/\/bbqassad.ee\/fi\/#organization"},"potentialAction":[{"@type":"SearchAction","target":{"@type":"EntryPoint","urlTemplate":"https:\/\/bbqassad.ee\/fi\/?s={search_term_string}"},"query-input":{"@type":"PropertyValueSpecification","valueRequired":true,"valueName":"search_term_string"}}],"inLanguage":"fi"},{"@type":"Organization","@id":"https:\/\/bbqassad.ee\/fi\/#organization","name":"BBQ \u00c4ssad","url":"https:\/\/bbqassad.ee\/fi\/","logo":{"@type":"ImageObject","inLanguage":"fi","@id":"https:\/\/bbqassad.ee\/fi\/#\/schema\/logo\/image\/","url":"https:\/\/bbqassad.ee\/wp-content\/uploads\/2022\/10\/BBQ-2ssadlogo.png","contentUrl":"https:\/\/bbqassad.ee\/wp-content\/uploads\/2022\/10\/BBQ-2ssadlogo.png","width":1080,"height":1080,"caption":"BBQ \u00c4ssad"},"image":{"@id":"https:\/\/bbqassad.ee\/fi\/#\/schema\/logo\/image\/"},"sameAs":["https:\/\/www.facebook.com\/bbqassad","https:\/\/www.youtube.com\/channel\/UCsoufn49J6TVi9Ah9meE93w"]}]}},"_links":{"self":[{"href":"https:\/\/bbqassad.ee\/fi\/wp-json\/wp\/v2\/product\/23643","targetHints":{"allow":["GET"]}}],"collection":[{"href":"https:\/\/bbqassad.ee\/fi\/wp-json\/wp\/v2\/product"}],"about":[{"href":"https:\/\/bbqassad.ee\/fi\/wp-json\/wp\/v2\/types\/product"}],"replies":[{"embeddable":true,"href":"https:\/\/bbqassad.ee\/fi\/wp-json\/wp\/v2\/comments?post=23643"}],"wp:featuredmedia":[{"embeddable":true,"href":"https:\/\/bbqassad.ee\/fi\/wp-json\/wp\/v2\/media\/22956"}],"wp:attachment":[{"href":"https:\/\/bbqassad.ee\/fi\/wp-json\/wp\/v2\/media?parent=23643"}],"wp:term":[{"taxonomy":"product_brand","embeddable":true,"href":"https:\/\/bbqassad.ee\/fi\/wp-json\/wp\/v2\/product_brand?post=23643"},{"taxonomy":"product_cat","embeddable":true,"href":"https:\/\/bbqassad.ee\/fi\/wp-json\/wp\/v2\/product_cat?post=23643"},{"taxonomy":"product_tag","embeddable":true,"href":"https:\/\/bbqassad.ee\/fi\/wp-json\/wp\/v2\/product_tag?post=23643"}],"curies":[{"name":"wp","href":"https:\/\/api.w.org\/{rel}","templated":true}]}}