{"id":23642,"date":"2026-03-27T11:04:24","date_gmt":"2026-03-27T11:04:24","guid":{"rendered":"https:\/\/bbqassad.ee\/toode\/kosmos-q-the-best-sizzlin-burger-rub-261g-2\/"},"modified":"2026-04-14T06:34:26","modified_gmt":"2026-04-14T06:34:26","slug":"kosmos-q-the-best-sizzlin-burger-rub-261g-2","status":"publish","type":"product","link":"https:\/\/bbqassad.ee\/fi\/toode\/kosmos-q-the-best-sizzlin-burger-rub-261g-2\/","title":{"rendered":"Kosmos Q The Best Sizzlin` Burger Rub 261g"},"content":{"rendered":"<h2>Kosmos Q The Best Sizzlin` Burger Rub 261g<\/h2>\n<p><strong style=\"font-size: 14.4px;\">Kosmos Q The Best Sizzlin&#8217; Burger Rub (paras burgerikastike)<\/strong><span style=\"font-size: 14.4px;\">  on sekoitus, joka on suunniteltu tekem\u00e4\u00e4n jokaisesta hampurilaisesta paremman version itsest\u00e4\u00e4n &#8211; vahvempi maku, syvempi aromi ja paljon enemm\u00e4n luonnetta. Rubissa yhdistyv\u00e4t suola, pippuri, valkosipuli, sipuli ja hienovarainen mausteisuus, jotka tuovat esiin jauhelihan luonnollisen mehukkuuden ja luovat hampurilaisiin miellytt\u00e4v\u00e4n &#8221;sizzle&#8221;-efektin sek\u00e4 maun ett\u00e4 tuoksun osalta. <\/span><\/p>\n<div>\n<p>T\u00e4m\u00e4 seos sopii kaikille hampurilaisille: naudan-, sian-, kanan- tai kasvispihveille. Lis\u00e4ksi se sopii mainiosti ranskalaisiin, vihanneksiin ja jopa munaruokiin &#8211; kaikkialle, miss\u00e4 haluat nopean makupyr\u00e4hdyksen ilman liikaa lis\u00e4aineita.<br \/>\nTuloksena on t\u00e4ytel\u00e4inen, tasapainoinen ja luonteenomainen hampurilainen, jota on vaikea voittaa. <\/p>\n<h2><strong>BBQ Aces kommentti<\/strong><\/h2>\n<p>&#8221;Sizzlin&#8217; Burger Rub tuo hampurilaiselle oikean mehevyyden ja vahvan luonteen. Maku alkaa heti, ja hampurilaisista tulee aina parempia sen avulla &#8211; yksinkertainen mutta tehokas sekoitus, joka tekee juuri sen, mit\u00e4 lupaa.&#8221; <\/p>\n<h2><strong>Ammattilaisen vinkki<\/strong><\/h2>\n<p><em>&#8221;K\u00e4yt\u00e4 sit\u00e4, kun haluat hampurilaisesi maistuvan yht\u00e4 hyv\u00e4lt\u00e4 kuin se tuoksuu grilliss\u00e4 paistettaessa.&#8221;<\/em><\/p>\n<\/div>\n","protected":false},"excerpt":{"rendered":"<p>Kosmos Q The Best Sizzlin` Burger Rub. Netto 261g <\/p>\n<p>Ainesosat: <\/p>\n<p> Worcestershire-jauhe (dekstroosi, selluloosakumi, valkosipulijauhe<br \/>\nsipulijauhe, omenahappo), Siam sinappijauhe [tislattu etikka,<br \/>\nSINAPINSIEMENET, kurkuma], hiivauute, luontaiset aromit<br \/>\nja aromit), paprika, puhdistettu SOIJU\u00d6LJY, alle 2 % lis\u00e4tty<br \/>\nkalsiumsilikaatti (antikoagulantti).<br \/>\nRavintosis\u00e4lt\u00f6 100 g kohti: energia 250 kcal (1046 kJ), rasva 0 g, josta tyydyttyneit\u00e4 rasvahappoja 0 g,<br \/>\n, hiilihydraatteja 50 g,<br \/>\njosta sokereita 0 g, proteiineja 0 g, suolaa 16,3 g<br \/>\nKestoaika: katso pakkauksesta.<\/p>\n<p>Tuotettu Yhdysvalloissa.<br \/>\nMaahantuoja: RESACO B.V., Karrewiel 8, 6942 LK Didam.<br \/>\nJ\u00e4lleenmyyj\u00e4 Virossa: BBQ \u00c4ssad O\u00dc www.bbqassad.ee www.bbqassad.ee.<\/p>\n","protected":false},"featured_media":22961,"comment_status":"open","ping_status":"closed","template":"","meta":[],"product_brand":[],"product_cat":[802],"product_tag":[],"class_list":{"0":"post-23642","1":"product","2":"type-product","3":"status-publish","4":"has-post-thumbnail","6":"product_cat-sekoitukset","8":"first","9":"instock","10":"taxable","11":"shipping-taxable","12":"purchasable","13":"product-type-simple"},"yoast_head":"<!-- This site is optimized with the Yoast SEO plugin v27.4 - https:\/\/yoast.com\/product\/yoast-seo-wordpress\/ -->\n<title>Kosmos Q Burger Rub 261g -% BBQ \u00c4ssad%<\/title>\n<meta name=\"description\" content=\"Kosmos Q The Best Sizzlin` Burger Rub 261g. Ainesosat: valkosipuli, mausteet, suola, Worcestershire-jauhe ja paprika. Valmistettu Yhdysvalloissa.\" \/>\n<meta name=\"robots\" content=\"index, follow, max-snippet:-1, max-image-preview:large, max-video-preview:-1\" \/>\n<link rel=\"canonical\" href=\"https:\/\/bbqassad.ee\/fi\/toode\/kosmos-q-the-best-sizzlin-burger-rub-261g-2\/\" \/>\n<meta property=\"og:locale\" content=\"fi_FI\" \/>\n<meta property=\"og:type\" content=\"article\" \/>\n<meta property=\"og:title\" content=\"Kosmos Q Burger Rub 261g -% BBQ \u00c4ssad%\" \/>\n<meta property=\"og:description\" content=\"Kosmos Q The Best Sizzlin` Burger Rub 261g. Ainesosat: valkosipuli, mausteet, suola, Worcestershire-jauhe ja paprika. Valmistettu Yhdysvalloissa.\" \/>\n<meta property=\"og:url\" content=\"https:\/\/bbqassad.ee\/fi\/toode\/kosmos-q-the-best-sizzlin-burger-rub-261g-2\/\" \/>\n<meta property=\"og:site_name\" content=\"BBQ \u00c4ssad\" \/>\n<meta property=\"article:publisher\" content=\"https:\/\/www.facebook.com\/bbqassad\" \/>\n<meta property=\"article:modified_time\" content=\"2026-04-14T06:34:26+00:00\" \/>\n<meta property=\"og:image\" content=\"https:\/\/bbqassad.ee\/wp-content\/uploads\/2026\/03\/Kosmos_Q_The_Best_Sizzlin_Burger_Rub_261g.png\" \/>\n<meta name=\"twitter:card\" content=\"summary_large_image\" \/>\n<meta name=\"twitter:title\" content=\"Kosmos Q Burger Rub 261g -% BBQ \u00c4ssad%\" \/>\n<meta name=\"twitter:description\" content=\"Kosmos Q The Best Sizzlin` Burger Rub 261g. Ainesosat: valkosipuli, mausteet, suola, Worcestershire-jauhe ja paprika. Valmistettu Yhdysvalloissa.\" \/>\n<meta name=\"twitter:image\" content=\"https:\/\/bbqassad.ee\/wp-content\/uploads\/2026\/03\/Kosmos_Q_The_Best_Sizzlin_Burger_Rub_261g.png\" \/>\n<meta name=\"twitter:label1\" content=\"Arvioitu lukuaika\" \/>\n\t<meta name=\"twitter:data1\" content=\"1 minuutti\" \/>\n<script type=\"application\/ld+json\" class=\"yoast-schema-graph\">{\"@context\":\"https:\\\/\\\/schema.org\",\"@graph\":[{\"@type\":\"WebPage\",\"@id\":\"https:\\\/\\\/bbqassad.ee\\\/fi\\\/toode\\\/kosmos-q-the-best-sizzlin-burger-rub-261g-2\\\/\",\"url\":\"https:\\\/\\\/bbqassad.ee\\\/fi\\\/toode\\\/kosmos-q-the-best-sizzlin-burger-rub-261g-2\\\/\",\"name\":\"Kosmos Q Burger Rub 261g -% BBQ \u00c4ssad%\",\"isPartOf\":{\"@id\":\"https:\\\/\\\/bbqassad.ee\\\/fi\\\/#website\"},\"primaryImageOfPage\":{\"@id\":\"https:\\\/\\\/bbqassad.ee\\\/fi\\\/toode\\\/kosmos-q-the-best-sizzlin-burger-rub-261g-2\\\/#primaryimage\"},\"image\":{\"@id\":\"https:\\\/\\\/bbqassad.ee\\\/fi\\\/toode\\\/kosmos-q-the-best-sizzlin-burger-rub-261g-2\\\/#primaryimage\"},\"thumbnailUrl\":\"https:\\\/\\\/bbqassad.ee\\\/wp-content\\\/uploads\\\/2026\\\/03\\\/Kosmos_Q_The_Best_Sizzlin_Burger_Rub_261g.png\",\"datePublished\":\"2026-03-27T11:04:24+00:00\",\"dateModified\":\"2026-04-14T06:34:26+00:00\",\"description\":\"Kosmos Q The Best Sizzlin` Burger Rub 261g. Ainesosat: valkosipuli, mausteet, suola, Worcestershire-jauhe ja paprika. Valmistettu Yhdysvalloissa.\",\"breadcrumb\":{\"@id\":\"https:\\\/\\\/bbqassad.ee\\\/fi\\\/toode\\\/kosmos-q-the-best-sizzlin-burger-rub-261g-2\\\/#breadcrumb\"},\"inLanguage\":\"fi\",\"potentialAction\":[{\"@type\":\"ReadAction\",\"target\":[\"https:\\\/\\\/bbqassad.ee\\\/fi\\\/toode\\\/kosmos-q-the-best-sizzlin-burger-rub-261g-2\\\/\"]}]},{\"@type\":\"ImageObject\",\"inLanguage\":\"fi\",\"@id\":\"https:\\\/\\\/bbqassad.ee\\\/fi\\\/toode\\\/kosmos-q-the-best-sizzlin-burger-rub-261g-2\\\/#primaryimage\",\"url\":\"https:\\\/\\\/bbqassad.ee\\\/wp-content\\\/uploads\\\/2026\\\/03\\\/Kosmos_Q_The_Best_Sizzlin_Burger_Rub_261g.png\",\"contentUrl\":\"https:\\\/\\\/bbqassad.ee\\\/wp-content\\\/uploads\\\/2026\\\/03\\\/Kosmos_Q_The_Best_Sizzlin_Burger_Rub_261g.png\",\"width\":1280,\"height\":720},{\"@type\":\"BreadcrumbList\",\"@id\":\"https:\\\/\\\/bbqassad.ee\\\/fi\\\/toode\\\/kosmos-q-the-best-sizzlin-burger-rub-261g-2\\\/#breadcrumb\",\"itemListElement\":[{\"@type\":\"ListItem\",\"position\":1,\"name\":\"Home\",\"item\":\"https:\\\/\\\/bbqassad.ee\\\/fi\\\/bbq-assat\\\/\"},{\"@type\":\"ListItem\",\"position\":2,\"name\":\"Verkkokauppa\",\"item\":\"https:\\\/\\\/bbqassad.ee\\\/fi\\\/verkkokauppa\\\/\"},{\"@type\":\"ListItem\",\"position\":3,\"name\":\"Kosmos Q The Best Sizzlin` Burger Rub 261g\"}]},{\"@type\":\"WebSite\",\"@id\":\"https:\\\/\\\/bbqassad.ee\\\/fi\\\/#website\",\"url\":\"https:\\\/\\\/bbqassad.ee\\\/fi\\\/\",\"name\":\"BBQ \u00c4ssad\",\"description\":\"BBQ maitseained, kastmed, ahjud\",\"publisher\":{\"@id\":\"https:\\\/\\\/bbqassad.ee\\\/fi\\\/#organization\"},\"potentialAction\":[{\"@type\":\"SearchAction\",\"target\":{\"@type\":\"EntryPoint\",\"urlTemplate\":\"https:\\\/\\\/bbqassad.ee\\\/fi\\\/?s={search_term_string}\"},\"query-input\":{\"@type\":\"PropertyValueSpecification\",\"valueRequired\":true,\"valueName\":\"search_term_string\"}}],\"inLanguage\":\"fi\"},{\"@type\":\"Organization\",\"@id\":\"https:\\\/\\\/bbqassad.ee\\\/fi\\\/#organization\",\"name\":\"BBQ \u00c4ssad\",\"url\":\"https:\\\/\\\/bbqassad.ee\\\/fi\\\/\",\"logo\":{\"@type\":\"ImageObject\",\"inLanguage\":\"fi\",\"@id\":\"https:\\\/\\\/bbqassad.ee\\\/fi\\\/#\\\/schema\\\/logo\\\/image\\\/\",\"url\":\"https:\\\/\\\/bbqassad.ee\\\/wp-content\\\/uploads\\\/2022\\\/10\\\/BBQ-2ssadlogo.png\",\"contentUrl\":\"https:\\\/\\\/bbqassad.ee\\\/wp-content\\\/uploads\\\/2022\\\/10\\\/BBQ-2ssadlogo.png\",\"width\":1080,\"height\":1080,\"caption\":\"BBQ \u00c4ssad\"},\"image\":{\"@id\":\"https:\\\/\\\/bbqassad.ee\\\/fi\\\/#\\\/schema\\\/logo\\\/image\\\/\"},\"sameAs\":[\"https:\\\/\\\/www.facebook.com\\\/bbqassad\",\"https:\\\/\\\/www.youtube.com\\\/channel\\\/UCsoufn49J6TVi9Ah9meE93w\"]}]}<\/script>\n<!-- \/ Yoast SEO plugin. -->","yoast_head_json":{"title":"Kosmos Q Burger Rub 261g -% BBQ \u00c4ssad%","description":"Kosmos Q The Best Sizzlin` Burger Rub 261g. Ainesosat: valkosipuli, mausteet, suola, Worcestershire-jauhe ja paprika. Valmistettu Yhdysvalloissa.","robots":{"index":"index","follow":"follow","max-snippet":"max-snippet:-1","max-image-preview":"max-image-preview:large","max-video-preview":"max-video-preview:-1"},"canonical":"https:\/\/bbqassad.ee\/fi\/toode\/kosmos-q-the-best-sizzlin-burger-rub-261g-2\/","og_locale":"fi_FI","og_type":"article","og_title":"Kosmos Q Burger Rub 261g -% BBQ \u00c4ssad%","og_description":"Kosmos Q The Best Sizzlin` Burger Rub 261g. Ainesosat: valkosipuli, mausteet, suola, Worcestershire-jauhe ja paprika. Valmistettu Yhdysvalloissa.","og_url":"https:\/\/bbqassad.ee\/fi\/toode\/kosmos-q-the-best-sizzlin-burger-rub-261g-2\/","og_site_name":"BBQ \u00c4ssad","article_publisher":"https:\/\/www.facebook.com\/bbqassad","article_modified_time":"2026-04-14T06:34:26+00:00","og_image":[{"url":"https:\/\/bbqassad.ee\/wp-content\/uploads\/2026\/03\/Kosmos_Q_The_Best_Sizzlin_Burger_Rub_261g.png","type":"","width":"","height":""}],"twitter_card":"summary_large_image","twitter_title":"Kosmos Q Burger Rub 261g -% BBQ \u00c4ssad%","twitter_description":"Kosmos Q The Best Sizzlin` Burger Rub 261g. Ainesosat: valkosipuli, mausteet, suola, Worcestershire-jauhe ja paprika. Valmistettu Yhdysvalloissa.","twitter_image":"https:\/\/bbqassad.ee\/wp-content\/uploads\/2026\/03\/Kosmos_Q_The_Best_Sizzlin_Burger_Rub_261g.png","twitter_misc":{"Arvioitu lukuaika":"1 minuutti"},"schema":{"@context":"https:\/\/schema.org","@graph":[{"@type":"WebPage","@id":"https:\/\/bbqassad.ee\/fi\/toode\/kosmos-q-the-best-sizzlin-burger-rub-261g-2\/","url":"https:\/\/bbqassad.ee\/fi\/toode\/kosmos-q-the-best-sizzlin-burger-rub-261g-2\/","name":"Kosmos Q Burger Rub 261g -% BBQ \u00c4ssad%","isPartOf":{"@id":"https:\/\/bbqassad.ee\/fi\/#website"},"primaryImageOfPage":{"@id":"https:\/\/bbqassad.ee\/fi\/toode\/kosmos-q-the-best-sizzlin-burger-rub-261g-2\/#primaryimage"},"image":{"@id":"https:\/\/bbqassad.ee\/fi\/toode\/kosmos-q-the-best-sizzlin-burger-rub-261g-2\/#primaryimage"},"thumbnailUrl":"https:\/\/bbqassad.ee\/wp-content\/uploads\/2026\/03\/Kosmos_Q_The_Best_Sizzlin_Burger_Rub_261g.png","datePublished":"2026-03-27T11:04:24+00:00","dateModified":"2026-04-14T06:34:26+00:00","description":"Kosmos Q The Best Sizzlin` Burger Rub 261g. Ainesosat: valkosipuli, mausteet, suola, Worcestershire-jauhe ja paprika. Valmistettu Yhdysvalloissa.","breadcrumb":{"@id":"https:\/\/bbqassad.ee\/fi\/toode\/kosmos-q-the-best-sizzlin-burger-rub-261g-2\/#breadcrumb"},"inLanguage":"fi","potentialAction":[{"@type":"ReadAction","target":["https:\/\/bbqassad.ee\/fi\/toode\/kosmos-q-the-best-sizzlin-burger-rub-261g-2\/"]}]},{"@type":"ImageObject","inLanguage":"fi","@id":"https:\/\/bbqassad.ee\/fi\/toode\/kosmos-q-the-best-sizzlin-burger-rub-261g-2\/#primaryimage","url":"https:\/\/bbqassad.ee\/wp-content\/uploads\/2026\/03\/Kosmos_Q_The_Best_Sizzlin_Burger_Rub_261g.png","contentUrl":"https:\/\/bbqassad.ee\/wp-content\/uploads\/2026\/03\/Kosmos_Q_The_Best_Sizzlin_Burger_Rub_261g.png","width":1280,"height":720},{"@type":"BreadcrumbList","@id":"https:\/\/bbqassad.ee\/fi\/toode\/kosmos-q-the-best-sizzlin-burger-rub-261g-2\/#breadcrumb","itemListElement":[{"@type":"ListItem","position":1,"name":"Home","item":"https:\/\/bbqassad.ee\/fi\/bbq-assat\/"},{"@type":"ListItem","position":2,"name":"Verkkokauppa","item":"https:\/\/bbqassad.ee\/fi\/verkkokauppa\/"},{"@type":"ListItem","position":3,"name":"Kosmos Q The Best Sizzlin` Burger Rub 261g"}]},{"@type":"WebSite","@id":"https:\/\/bbqassad.ee\/fi\/#website","url":"https:\/\/bbqassad.ee\/fi\/","name":"BBQ \u00c4ssad","description":"BBQ maitseained, kastmed, ahjud","publisher":{"@id":"https:\/\/bbqassad.ee\/fi\/#organization"},"potentialAction":[{"@type":"SearchAction","target":{"@type":"EntryPoint","urlTemplate":"https:\/\/bbqassad.ee\/fi\/?s={search_term_string}"},"query-input":{"@type":"PropertyValueSpecification","valueRequired":true,"valueName":"search_term_string"}}],"inLanguage":"fi"},{"@type":"Organization","@id":"https:\/\/bbqassad.ee\/fi\/#organization","name":"BBQ \u00c4ssad","url":"https:\/\/bbqassad.ee\/fi\/","logo":{"@type":"ImageObject","inLanguage":"fi","@id":"https:\/\/bbqassad.ee\/fi\/#\/schema\/logo\/image\/","url":"https:\/\/bbqassad.ee\/wp-content\/uploads\/2022\/10\/BBQ-2ssadlogo.png","contentUrl":"https:\/\/bbqassad.ee\/wp-content\/uploads\/2022\/10\/BBQ-2ssadlogo.png","width":1080,"height":1080,"caption":"BBQ \u00c4ssad"},"image":{"@id":"https:\/\/bbqassad.ee\/fi\/#\/schema\/logo\/image\/"},"sameAs":["https:\/\/www.facebook.com\/bbqassad","https:\/\/www.youtube.com\/channel\/UCsoufn49J6TVi9Ah9meE93w"]}]}},"_links":{"self":[{"href":"https:\/\/bbqassad.ee\/fi\/wp-json\/wp\/v2\/product\/23642","targetHints":{"allow":["GET"]}}],"collection":[{"href":"https:\/\/bbqassad.ee\/fi\/wp-json\/wp\/v2\/product"}],"about":[{"href":"https:\/\/bbqassad.ee\/fi\/wp-json\/wp\/v2\/types\/product"}],"replies":[{"embeddable":true,"href":"https:\/\/bbqassad.ee\/fi\/wp-json\/wp\/v2\/comments?post=23642"}],"wp:featuredmedia":[{"embeddable":true,"href":"https:\/\/bbqassad.ee\/fi\/wp-json\/wp\/v2\/media\/22961"}],"wp:attachment":[{"href":"https:\/\/bbqassad.ee\/fi\/wp-json\/wp\/v2\/media?parent=23642"}],"wp:term":[{"taxonomy":"product_brand","embeddable":true,"href":"https:\/\/bbqassad.ee\/fi\/wp-json\/wp\/v2\/product_brand?post=23642"},{"taxonomy":"product_cat","embeddable":true,"href":"https:\/\/bbqassad.ee\/fi\/wp-json\/wp\/v2\/product_cat?post=23642"},{"taxonomy":"product_tag","embeddable":true,"href":"https:\/\/bbqassad.ee\/fi\/wp-json\/wp\/v2\/product_tag?post=23642"}],"curies":[{"name":"wp","href":"https:\/\/api.w.org\/{rel}","templated":true}]}}