{"id":23641,"date":"2026-03-27T11:10:50","date_gmt":"2026-03-27T11:10:50","guid":{"rendered":"https:\/\/bbqassad.ee\/toode\/loot-nbooty-gold-star-chicken-rub-369-g-2\/"},"modified":"2026-04-14T06:34:26","modified_gmt":"2026-04-14T06:34:26","slug":"loot-nbooty-gold-star-chicken-rub-369-g-2","status":"publish","type":"product","link":"https:\/\/bbqassad.ee\/fi\/toode\/loot-nbooty-gold-star-chicken-rub-369-g-2\/","title":{"rendered":"Loot N&#8217;Booty Gold Star Chicken Rub 369 g"},"content":{"rendered":"<h2>Loot N&#8217;Booty Gold Star Chicken Rub 369 g<\/h2>\n<p><strong style=\"font-size: 14.4px;\">Loot N&#8217;Booty Gold Star Chicken Rub -kanarouhe<\/strong><span style=\"font-size: 14.4px;\">  on kirpe\u00e4 ja aromaattinen makusekoitus, joka on kehitetty erityisesti kanaruokien maustamiseen. T\u00e4ss\u00e4 rubissa yhdistyv\u00e4t suolaisuus, paprikan tulisuus, sitrushedelmien raikkaus ja yrttien syvyys, jotka tuovat kanan makuja esiin grilliss\u00e4, pannulla ja jokap\u00e4iv\u00e4isess\u00e4 ruoanlaitossa. <\/span><\/p>\n<div>\n<p>Gold Star antaa kanalle kauniin kultaisen v\u00e4rin ja t\u00e4ytel\u00e4isen maun, joka on samanaikaisesti puhdas, kirkas ja tasapainoinen. Se on juuri oikea sekoitus broilerin siiville, fileille, broilerin reisille ja my\u00f6s salaattien tai k\u00e4\u00e4reiden maustamiseen. <\/p>\n<h2><strong>BBQ Aces kommentti<\/strong><\/h2>\n<p>&#8221;T\u00e4m\u00e4 hieronta antaa kanalle v\u00e4litt\u00f6m\u00e4sti kauniin v\u00e4rin ja eloisan yrtti-sitruksisen luonteen. Maku on tasapainoinen ja toimii yll\u00e4tt\u00e4v\u00e4n hyvin monenlaisten ruokien kanssa &#8211; todella hieno kanaan keskittyv\u00e4 sekoitus.&#8221; <\/p>\n<h2><strong>Ammattilaisen vinkki<\/strong><\/h2>\n<p><strong>&#8221;K\u00e4yt\u00e4 sit\u00e4, kun haluat kanaruoan saavan v\u00e4litt\u00f6m\u00e4sti kultaisen, kirpe\u00e4n maun.&#8221;<\/strong><\/p>\n<\/div>\n","protected":false},"excerpt":{"rendered":"<p>Loot N&#8217;Booty Gold Star Chicken Rub, mausteseos. Nettopaino 369g. <\/p>\n<p>Ainesosat: suola; valkosipuli, sipuli, paprika; sokeri; mausteet, mukaan lukien<br \/>\nchilipippuri; paprika; arominvahventeet E621; sinapinsiemenet;<br \/>\nSELLER-siemenet; hapettumisenestoaine E330; luonnollinen hikkori-savuaromi<br \/>\n; elintarvikev\u00e4ri E100; sitruuna\u00f6ljy; papaiinientsyymi;<br \/>\npaakkuuntumisenestoaine E511.<\/p>\n<p>Ravintosis\u00e4lt\u00f6 100 g:aa kohti: energia: 0 kJ\/0 kcal; rasva: 0 g, josta tyydyttyneit\u00e4 rasvahappoja: 0 g; hiilihydraatit: 0 g, josta sokereita: 0 g; proteiini: 0 g; suola: 37,5 g.<br \/>\nParasta ennen: ks. pakkaus.<\/p>\n<p>Tuotettu Yhdysvalloissa.<br \/>\nMaahantuoja: RESACO B.V., Karrewiel 8, 6942 LK Didam.<br \/>\nJ\u00e4lleenmyyj\u00e4 Virossa: BBQ \u00c4ssad O\u00dc www.bbqassad.ee www.bbqassad.ee.<\/p>\n","protected":false},"featured_media":22969,"comment_status":"open","ping_status":"closed","template":"","meta":[],"product_brand":[],"product_cat":[802],"product_tag":[],"class_list":{"0":"post-23641","1":"product","2":"type-product","3":"status-publish","4":"has-post-thumbnail","6":"product_cat-sekoitukset","8":"first","9":"instock","10":"taxable","11":"shipping-taxable","12":"purchasable","13":"product-type-simple"},"yoast_head":"<!-- This site is optimized with the Yoast SEO plugin v27.4 - https:\/\/yoast.com\/product\/yoast-seo-wordpress\/ -->\n<title>Loot N&#039;Booty Gold Star Chicken Rub 369 g - BBQ \u00c4ssad%<\/title>\n<meta name=\"description\" content=\"Loot N&#039;Booty Gold Star Chicken Rub on mausteseos, joka sis\u00e4lt\u00e4\u00e4 suolaa, valkosipulia, sipulia ja muita mausteita. Nettopaino 369 g. Valmistettu Yhdysvalloissa.\" \/>\n<meta name=\"robots\" content=\"index, follow, max-snippet:-1, max-image-preview:large, max-video-preview:-1\" \/>\n<link rel=\"canonical\" href=\"https:\/\/bbqassad.ee\/fi\/toode\/loot-nbooty-gold-star-chicken-rub-369-g-2\/\" \/>\n<meta property=\"og:locale\" content=\"fi_FI\" \/>\n<meta property=\"og:type\" content=\"article\" \/>\n<meta property=\"og:title\" content=\"Loot N&#039;Booty Gold Star Chicken Rub 369 g - BBQ \u00c4ssad%\" \/>\n<meta property=\"og:description\" content=\"Loot N&#039;Booty Gold Star Chicken Rub on mausteseos, joka sis\u00e4lt\u00e4\u00e4 suolaa, valkosipulia, sipulia ja muita mausteita. Nettopaino 369 g. Valmistettu Yhdysvalloissa.\" \/>\n<meta property=\"og:url\" content=\"https:\/\/bbqassad.ee\/fi\/toode\/loot-nbooty-gold-star-chicken-rub-369-g-2\/\" \/>\n<meta property=\"og:site_name\" content=\"BBQ \u00c4ssad\" \/>\n<meta property=\"article:publisher\" content=\"https:\/\/www.facebook.com\/bbqassad\" \/>\n<meta property=\"article:modified_time\" content=\"2026-04-14T06:34:26+00:00\" \/>\n<meta property=\"og:image\" content=\"https:\/\/bbqassad.ee\/wp-content\/uploads\/2026\/03\/Loot_NBooty_Gold_Star_Chicken_Rub_369g.png\" \/>\n<meta name=\"twitter:card\" content=\"summary_large_image\" \/>\n<meta name=\"twitter:title\" content=\"Loot N&#039;Booty Gold Star Chicken Rub 369 g - BBQ \u00c4ssad%\" \/>\n<meta name=\"twitter:description\" content=\"Loot N&#039;Booty Gold Star Chicken Rub on mausteseos, joka sis\u00e4lt\u00e4\u00e4 suolaa, valkosipulia, sipulia ja muita mausteita. Nettopaino 369 g. Valmistettu Yhdysvalloissa.\" \/>\n<meta name=\"twitter:image\" content=\"https:\/\/bbqassad.ee\/wp-content\/uploads\/2026\/03\/Loot_NBooty_Gold_Star_Chicken_Rub_369g.png\" \/>\n<meta name=\"twitter:label1\" content=\"Arvioitu lukuaika\" \/>\n\t<meta name=\"twitter:data1\" content=\"1 minuutti\" \/>\n<script type=\"application\/ld+json\" class=\"yoast-schema-graph\">{\"@context\":\"https:\\\/\\\/schema.org\",\"@graph\":[{\"@type\":\"WebPage\",\"@id\":\"https:\\\/\\\/bbqassad.ee\\\/fi\\\/toode\\\/loot-nbooty-gold-star-chicken-rub-369-g-2\\\/\",\"url\":\"https:\\\/\\\/bbqassad.ee\\\/fi\\\/toode\\\/loot-nbooty-gold-star-chicken-rub-369-g-2\\\/\",\"name\":\"Loot N'Booty Gold Star Chicken Rub 369 g - BBQ \u00c4ssad%\",\"isPartOf\":{\"@id\":\"https:\\\/\\\/bbqassad.ee\\\/fi\\\/#website\"},\"primaryImageOfPage\":{\"@id\":\"https:\\\/\\\/bbqassad.ee\\\/fi\\\/toode\\\/loot-nbooty-gold-star-chicken-rub-369-g-2\\\/#primaryimage\"},\"image\":{\"@id\":\"https:\\\/\\\/bbqassad.ee\\\/fi\\\/toode\\\/loot-nbooty-gold-star-chicken-rub-369-g-2\\\/#primaryimage\"},\"thumbnailUrl\":\"https:\\\/\\\/bbqassad.ee\\\/wp-content\\\/uploads\\\/2026\\\/03\\\/Loot_NBooty_Gold_Star_Chicken_Rub_369g.png\",\"datePublished\":\"2026-03-27T11:10:50+00:00\",\"dateModified\":\"2026-04-14T06:34:26+00:00\",\"description\":\"Loot N'Booty Gold Star Chicken Rub on mausteseos, joka sis\u00e4lt\u00e4\u00e4 suolaa, valkosipulia, sipulia ja muita mausteita. Nettopaino 369 g. Valmistettu Yhdysvalloissa.\",\"breadcrumb\":{\"@id\":\"https:\\\/\\\/bbqassad.ee\\\/fi\\\/toode\\\/loot-nbooty-gold-star-chicken-rub-369-g-2\\\/#breadcrumb\"},\"inLanguage\":\"fi\",\"potentialAction\":[{\"@type\":\"ReadAction\",\"target\":[\"https:\\\/\\\/bbqassad.ee\\\/fi\\\/toode\\\/loot-nbooty-gold-star-chicken-rub-369-g-2\\\/\"]}]},{\"@type\":\"ImageObject\",\"inLanguage\":\"fi\",\"@id\":\"https:\\\/\\\/bbqassad.ee\\\/fi\\\/toode\\\/loot-nbooty-gold-star-chicken-rub-369-g-2\\\/#primaryimage\",\"url\":\"https:\\\/\\\/bbqassad.ee\\\/wp-content\\\/uploads\\\/2026\\\/03\\\/Loot_NBooty_Gold_Star_Chicken_Rub_369g.png\",\"contentUrl\":\"https:\\\/\\\/bbqassad.ee\\\/wp-content\\\/uploads\\\/2026\\\/03\\\/Loot_NBooty_Gold_Star_Chicken_Rub_369g.png\",\"width\":1280,\"height\":720},{\"@type\":\"BreadcrumbList\",\"@id\":\"https:\\\/\\\/bbqassad.ee\\\/fi\\\/toode\\\/loot-nbooty-gold-star-chicken-rub-369-g-2\\\/#breadcrumb\",\"itemListElement\":[{\"@type\":\"ListItem\",\"position\":1,\"name\":\"Home\",\"item\":\"https:\\\/\\\/bbqassad.ee\\\/fi\\\/bbq-assat\\\/\"},{\"@type\":\"ListItem\",\"position\":2,\"name\":\"Verkkokauppa\",\"item\":\"https:\\\/\\\/bbqassad.ee\\\/fi\\\/verkkokauppa\\\/\"},{\"@type\":\"ListItem\",\"position\":3,\"name\":\"Loot N&#8217;Booty Gold Star Chicken Rub 369 g\"}]},{\"@type\":\"WebSite\",\"@id\":\"https:\\\/\\\/bbqassad.ee\\\/fi\\\/#website\",\"url\":\"https:\\\/\\\/bbqassad.ee\\\/fi\\\/\",\"name\":\"BBQ \u00c4ssad\",\"description\":\"BBQ maitseained, kastmed, ahjud\",\"publisher\":{\"@id\":\"https:\\\/\\\/bbqassad.ee\\\/fi\\\/#organization\"},\"potentialAction\":[{\"@type\":\"SearchAction\",\"target\":{\"@type\":\"EntryPoint\",\"urlTemplate\":\"https:\\\/\\\/bbqassad.ee\\\/fi\\\/?s={search_term_string}\"},\"query-input\":{\"@type\":\"PropertyValueSpecification\",\"valueRequired\":true,\"valueName\":\"search_term_string\"}}],\"inLanguage\":\"fi\"},{\"@type\":\"Organization\",\"@id\":\"https:\\\/\\\/bbqassad.ee\\\/fi\\\/#organization\",\"name\":\"BBQ \u00c4ssad\",\"url\":\"https:\\\/\\\/bbqassad.ee\\\/fi\\\/\",\"logo\":{\"@type\":\"ImageObject\",\"inLanguage\":\"fi\",\"@id\":\"https:\\\/\\\/bbqassad.ee\\\/fi\\\/#\\\/schema\\\/logo\\\/image\\\/\",\"url\":\"https:\\\/\\\/bbqassad.ee\\\/wp-content\\\/uploads\\\/2022\\\/10\\\/BBQ-2ssadlogo.png\",\"contentUrl\":\"https:\\\/\\\/bbqassad.ee\\\/wp-content\\\/uploads\\\/2022\\\/10\\\/BBQ-2ssadlogo.png\",\"width\":1080,\"height\":1080,\"caption\":\"BBQ \u00c4ssad\"},\"image\":{\"@id\":\"https:\\\/\\\/bbqassad.ee\\\/fi\\\/#\\\/schema\\\/logo\\\/image\\\/\"},\"sameAs\":[\"https:\\\/\\\/www.facebook.com\\\/bbqassad\",\"https:\\\/\\\/www.youtube.com\\\/channel\\\/UCsoufn49J6TVi9Ah9meE93w\"]}]}<\/script>\n<!-- \/ Yoast SEO plugin. -->","yoast_head_json":{"title":"Loot N'Booty Gold Star Chicken Rub 369 g - BBQ \u00c4ssad%","description":"Loot N'Booty Gold Star Chicken Rub on mausteseos, joka sis\u00e4lt\u00e4\u00e4 suolaa, valkosipulia, sipulia ja muita mausteita. Nettopaino 369 g. Valmistettu Yhdysvalloissa.","robots":{"index":"index","follow":"follow","max-snippet":"max-snippet:-1","max-image-preview":"max-image-preview:large","max-video-preview":"max-video-preview:-1"},"canonical":"https:\/\/bbqassad.ee\/fi\/toode\/loot-nbooty-gold-star-chicken-rub-369-g-2\/","og_locale":"fi_FI","og_type":"article","og_title":"Loot N'Booty Gold Star Chicken Rub 369 g - BBQ \u00c4ssad%","og_description":"Loot N'Booty Gold Star Chicken Rub on mausteseos, joka sis\u00e4lt\u00e4\u00e4 suolaa, valkosipulia, sipulia ja muita mausteita. Nettopaino 369 g. Valmistettu Yhdysvalloissa.","og_url":"https:\/\/bbqassad.ee\/fi\/toode\/loot-nbooty-gold-star-chicken-rub-369-g-2\/","og_site_name":"BBQ \u00c4ssad","article_publisher":"https:\/\/www.facebook.com\/bbqassad","article_modified_time":"2026-04-14T06:34:26+00:00","og_image":[{"url":"https:\/\/bbqassad.ee\/wp-content\/uploads\/2026\/03\/Loot_NBooty_Gold_Star_Chicken_Rub_369g.png","type":"","width":"","height":""}],"twitter_card":"summary_large_image","twitter_title":"Loot N'Booty Gold Star Chicken Rub 369 g - BBQ \u00c4ssad%","twitter_description":"Loot N'Booty Gold Star Chicken Rub on mausteseos, joka sis\u00e4lt\u00e4\u00e4 suolaa, valkosipulia, sipulia ja muita mausteita. Nettopaino 369 g. Valmistettu Yhdysvalloissa.","twitter_image":"https:\/\/bbqassad.ee\/wp-content\/uploads\/2026\/03\/Loot_NBooty_Gold_Star_Chicken_Rub_369g.png","twitter_misc":{"Arvioitu lukuaika":"1 minuutti"},"schema":{"@context":"https:\/\/schema.org","@graph":[{"@type":"WebPage","@id":"https:\/\/bbqassad.ee\/fi\/toode\/loot-nbooty-gold-star-chicken-rub-369-g-2\/","url":"https:\/\/bbqassad.ee\/fi\/toode\/loot-nbooty-gold-star-chicken-rub-369-g-2\/","name":"Loot N'Booty Gold Star Chicken Rub 369 g - BBQ \u00c4ssad%","isPartOf":{"@id":"https:\/\/bbqassad.ee\/fi\/#website"},"primaryImageOfPage":{"@id":"https:\/\/bbqassad.ee\/fi\/toode\/loot-nbooty-gold-star-chicken-rub-369-g-2\/#primaryimage"},"image":{"@id":"https:\/\/bbqassad.ee\/fi\/toode\/loot-nbooty-gold-star-chicken-rub-369-g-2\/#primaryimage"},"thumbnailUrl":"https:\/\/bbqassad.ee\/wp-content\/uploads\/2026\/03\/Loot_NBooty_Gold_Star_Chicken_Rub_369g.png","datePublished":"2026-03-27T11:10:50+00:00","dateModified":"2026-04-14T06:34:26+00:00","description":"Loot N'Booty Gold Star Chicken Rub on mausteseos, joka sis\u00e4lt\u00e4\u00e4 suolaa, valkosipulia, sipulia ja muita mausteita. Nettopaino 369 g. Valmistettu Yhdysvalloissa.","breadcrumb":{"@id":"https:\/\/bbqassad.ee\/fi\/toode\/loot-nbooty-gold-star-chicken-rub-369-g-2\/#breadcrumb"},"inLanguage":"fi","potentialAction":[{"@type":"ReadAction","target":["https:\/\/bbqassad.ee\/fi\/toode\/loot-nbooty-gold-star-chicken-rub-369-g-2\/"]}]},{"@type":"ImageObject","inLanguage":"fi","@id":"https:\/\/bbqassad.ee\/fi\/toode\/loot-nbooty-gold-star-chicken-rub-369-g-2\/#primaryimage","url":"https:\/\/bbqassad.ee\/wp-content\/uploads\/2026\/03\/Loot_NBooty_Gold_Star_Chicken_Rub_369g.png","contentUrl":"https:\/\/bbqassad.ee\/wp-content\/uploads\/2026\/03\/Loot_NBooty_Gold_Star_Chicken_Rub_369g.png","width":1280,"height":720},{"@type":"BreadcrumbList","@id":"https:\/\/bbqassad.ee\/fi\/toode\/loot-nbooty-gold-star-chicken-rub-369-g-2\/#breadcrumb","itemListElement":[{"@type":"ListItem","position":1,"name":"Home","item":"https:\/\/bbqassad.ee\/fi\/bbq-assat\/"},{"@type":"ListItem","position":2,"name":"Verkkokauppa","item":"https:\/\/bbqassad.ee\/fi\/verkkokauppa\/"},{"@type":"ListItem","position":3,"name":"Loot N&#8217;Booty Gold Star Chicken Rub 369 g"}]},{"@type":"WebSite","@id":"https:\/\/bbqassad.ee\/fi\/#website","url":"https:\/\/bbqassad.ee\/fi\/","name":"BBQ \u00c4ssad","description":"BBQ maitseained, kastmed, ahjud","publisher":{"@id":"https:\/\/bbqassad.ee\/fi\/#organization"},"potentialAction":[{"@type":"SearchAction","target":{"@type":"EntryPoint","urlTemplate":"https:\/\/bbqassad.ee\/fi\/?s={search_term_string}"},"query-input":{"@type":"PropertyValueSpecification","valueRequired":true,"valueName":"search_term_string"}}],"inLanguage":"fi"},{"@type":"Organization","@id":"https:\/\/bbqassad.ee\/fi\/#organization","name":"BBQ \u00c4ssad","url":"https:\/\/bbqassad.ee\/fi\/","logo":{"@type":"ImageObject","inLanguage":"fi","@id":"https:\/\/bbqassad.ee\/fi\/#\/schema\/logo\/image\/","url":"https:\/\/bbqassad.ee\/wp-content\/uploads\/2022\/10\/BBQ-2ssadlogo.png","contentUrl":"https:\/\/bbqassad.ee\/wp-content\/uploads\/2022\/10\/BBQ-2ssadlogo.png","width":1080,"height":1080,"caption":"BBQ \u00c4ssad"},"image":{"@id":"https:\/\/bbqassad.ee\/fi\/#\/schema\/logo\/image\/"},"sameAs":["https:\/\/www.facebook.com\/bbqassad","https:\/\/www.youtube.com\/channel\/UCsoufn49J6TVi9Ah9meE93w"]}]}},"_links":{"self":[{"href":"https:\/\/bbqassad.ee\/fi\/wp-json\/wp\/v2\/product\/23641","targetHints":{"allow":["GET"]}}],"collection":[{"href":"https:\/\/bbqassad.ee\/fi\/wp-json\/wp\/v2\/product"}],"about":[{"href":"https:\/\/bbqassad.ee\/fi\/wp-json\/wp\/v2\/types\/product"}],"replies":[{"embeddable":true,"href":"https:\/\/bbqassad.ee\/fi\/wp-json\/wp\/v2\/comments?post=23641"}],"wp:featuredmedia":[{"embeddable":true,"href":"https:\/\/bbqassad.ee\/fi\/wp-json\/wp\/v2\/media\/22969"}],"wp:attachment":[{"href":"https:\/\/bbqassad.ee\/fi\/wp-json\/wp\/v2\/media?parent=23641"}],"wp:term":[{"taxonomy":"product_brand","embeddable":true,"href":"https:\/\/bbqassad.ee\/fi\/wp-json\/wp\/v2\/product_brand?post=23641"},{"taxonomy":"product_cat","embeddable":true,"href":"https:\/\/bbqassad.ee\/fi\/wp-json\/wp\/v2\/product_cat?post=23641"},{"taxonomy":"product_tag","embeddable":true,"href":"https:\/\/bbqassad.ee\/fi\/wp-json\/wp\/v2\/product_tag?post=23641"}],"curies":[{"name":"wp","href":"https:\/\/api.w.org\/{rel}","templated":true}]}}