{"id":23640,"date":"2026-04-22T11:53:27","date_gmt":"2026-04-22T11:53:27","guid":{"rendered":"https:\/\/bbqassad.ee\/?post_type=product&#038;p=23640"},"modified":"2026-04-22T11:53:27","modified_gmt":"2026-04-22T11:53:27","slug":"angus-oink-voodoo-mango-hot-sauce-150-ml","status":"publish","type":"product","link":"https:\/\/bbqassad.ee\/fi\/toode\/angus-oink-voodoo-mango-hot-sauce-150-ml\/","title":{"rendered":"Angus &amp; Oink Voodoo Mango Hot Sauce 150 ml"},"content":{"rendered":"<h2>Angus &amp; Oink Voodoo Mango Hot Sauce 150 ml<\/h2>\n<p><strong style=\"font-size: 14.4px;\">Angus &amp; Oink Voodoo Mango Hot Sauce &#8211; tulinen kastike<\/strong><span style=\"font-size: 14.4px;\">  on trooppista kuumuutta pullossa &#8211; makean mangon silkkinen pehmeys ja tulinen mauste yhdistyv\u00e4t luoden kastikkeen, joka on yht\u00e4 aikaa mehukas, kirpe\u00e4 ja herkullisen kerroksellinen. T\u00e4m\u00e4 kastike ei ole vain tulinen, vaan se on tulinen maultaan: makea alku, mausteinen loppu ja reilu annos eksoottista luonnetta niiden v\u00e4liss\u00e4. <\/span><\/p>\n<div>\n<p>Voodoo Mango sopii erinomaisesti kanalle, ribseille, tacoille, katkaravuille ja kaikille ruokalajeille, jotka kaipaavat hedelm\u00e4isyytt\u00e4 ja tulisuutta. Muutama tippa antaa m\u00e4dille v\u00e4ri\u00e4, eloa ja yll\u00e4tt\u00e4v\u00e4n syv\u00e4n maun &#8211; juuri se, mik\u00e4 tekee kastikkeesta todellisen suosikin. <\/p>\n<h2><strong>BBQ Aces kommentti<\/strong><\/h2>\n<p>&#8221;Voodoo Mango saa jokaisen ruokalajin loistamaan. Makea mango ja mukava tulisuus tekev\u00e4t t\u00e4st\u00e4 kastikkeesta t\u00e4ydellisen lis\u00e4n, kun haluat ruokaan lis\u00e4\u00e4 eloa. Maku tulee heti l\u00e4pi ja pysyy suussa &#8211; eritt\u00e4in hyv\u00e4\u00e4 tavaraa.&#8221;  <\/p>\n<h2><strong>Ammattilaisen vinkki<\/strong><\/h2>\n<p><em>&#8221;K\u00e4yt\u00e4 sit\u00e4, kun haluat lautasellesi Jamaikan trooppista makeutta ja mausteiden tulisuutta.&#8221;<\/em><\/p>\n<\/div>\n","protected":false},"excerpt":{"rendered":"<p>Angus &amp; Oink Voodoo Mango Hot Sauce. Nettom\u00e4\u00e4r\u00e4 150 ml <\/p>\n<p>Ainesosat: mangosose (27,3 %), tislattu mallasetikka,<br \/>\nomenamehu, sipuli, porkkana, paprika, Scotch Bonnet -chili, valkosipuli,<br \/>\ninkiv\u00e4\u00e4ri, kultainen siirappi, SINEPI-jauhe, suola, kurkuma, juustokumina,<br \/>\nkorianteri, mustapippuri<br \/>\nRavintosis\u00e4lt\u00f6 100 g:aa kohti. Lis\u00e4aineet: rasva 0,7 g, josta<br \/>\ntyydyttyneit\u00e4 rasvahappoja 0 g, hiilihydraatteja 0 g, josta<br \/>\nsokereita 0 g, proteiineja 0 g, suolaa 37,5 g.<br \/>\nParasta ennen: ks. pakkaus.<\/p>\n<p>Tuotettu Yhdysvalloissa<br \/>\nMaahantuoja: Resaco BV, Karrewiel 8, LK Didam.<br \/>\nJ\u00e4lleenmyyj\u00e4 Virossa: BBQ \u00c4ssad O\u00dc www.bbqassad.ee www.bbqassad.ee www.bbqassad.ee.<\/p>\n","protected":false},"featured_media":22974,"comment_status":"open","ping_status":"closed","template":"","meta":[],"product_brand":[143],"product_cat":[788],"product_tag":[],"class_list":{"0":"post-23640","1":"product","2":"type-product","3":"status-publish","4":"has-post-thumbnail","6":"product_brand-angus-and-oink","7":"product_cat-kastit","9":"first","10":"instock","11":"taxable","12":"shipping-taxable","13":"purchasable","14":"product-type-simple"},"yoast_head":"<!-- This site is optimized with the Yoast SEO plugin v27.4 - https:\/\/yoast.com\/product\/yoast-seo-wordpress\/ -->\n<title>Angus &amp; Oink Voodoo Mango Hot Sauce 150 ml - BBQ \u00c4ssad%<\/title>\n<meta name=\"description\" content=\"Tutustu Angus &amp; Oink Voodoo Mangoon, joka on tulinen kastike, joka sis\u00e4lt\u00e4\u00e4 mangososetta ja erilaisia mausteita. T\u00e4ydellinen seuralainen grillatuille ruokalajeille ja v\u00e4lipaloille.\" \/>\n<meta name=\"robots\" content=\"index, follow, max-snippet:-1, max-image-preview:large, max-video-preview:-1\" \/>\n<link rel=\"canonical\" href=\"https:\/\/bbqassad.ee\/fi\/toode\/angus-oink-voodoo-mango-hot-sauce-150-ml\/\" \/>\n<meta property=\"og:locale\" content=\"fi_FI\" \/>\n<meta property=\"og:type\" content=\"article\" \/>\n<meta property=\"og:title\" content=\"Angus &amp; Oink Voodoo Mango Hot Sauce 150 ml - BBQ \u00c4ssad%\" \/>\n<meta property=\"og:description\" content=\"Tutustu Angus &amp; Oink Voodoo Mangoon, joka on tulinen kastike, joka sis\u00e4lt\u00e4\u00e4 mangososetta ja erilaisia mausteita. T\u00e4ydellinen grillattujen ruokien ja v\u00e4lipalojen seuralainen.\" \/>\n<meta property=\"og:url\" content=\"https:\/\/bbqassad.ee\/fi\/toode\/angus-oink-voodoo-mango-hot-sauce-150-ml\/\" \/>\n<meta property=\"og:site_name\" content=\"BBQ \u00c4ssad\" \/>\n<meta property=\"article:publisher\" content=\"https:\/\/www.facebook.com\/bbqassad\" \/>\n<meta property=\"og:image\" content=\"https:\/\/bbqassad.ee\/wp-content\/uploads\/2026\/03\/Angus__Oink_Voodoo_Mango_Hot_Sauce_150ml.png\" \/>\n<meta name=\"twitter:card\" content=\"summary_large_image\" \/>\n<meta name=\"twitter:title\" content=\"Angus &amp; Oink Voodoo Mango Hot Sauce 150 ml - BBQ \u00c4ssad%\" \/>\n<meta name=\"twitter:description\" content=\"Tutustu Angus &amp; Oink Voodoo Mangoon, joka on tulinen kastike, joka sis\u00e4lt\u00e4\u00e4 mangososetta ja erilaisia mausteita. T\u00e4ydellinen grillattujen ruokien ja v\u00e4lipalojen seuralainen.\" \/>\n<meta name=\"twitter:image\" content=\"https:\/\/bbqassad.ee\/wp-content\/uploads\/2026\/03\/Angus__Oink_Voodoo_Mango_Hot_Sauce_150ml.png\" \/>\n<meta name=\"twitter:label1\" content=\"Arvioitu lukuaika\" \/>\n\t<meta name=\"twitter:data1\" content=\"1 minuutti\" \/>\n<script type=\"application\/ld+json\" class=\"yoast-schema-graph\">{\"@context\":\"https:\\\/\\\/schema.org\",\"@graph\":[{\"@type\":\"WebPage\",\"@id\":\"https:\\\/\\\/bbqassad.ee\\\/fi\\\/toode\\\/angus-oink-voodoo-mango-hot-sauce-150-ml\\\/\",\"url\":\"https:\\\/\\\/bbqassad.ee\\\/fi\\\/toode\\\/angus-oink-voodoo-mango-hot-sauce-150-ml\\\/\",\"name\":\"Angus & Oink Voodoo Mango Hot Sauce 150 ml - BBQ \u00c4ssad%\",\"isPartOf\":{\"@id\":\"https:\\\/\\\/bbqassad.ee\\\/fi\\\/#website\"},\"primaryImageOfPage\":{\"@id\":\"https:\\\/\\\/bbqassad.ee\\\/fi\\\/toode\\\/angus-oink-voodoo-mango-hot-sauce-150-ml\\\/#primaryimage\"},\"image\":{\"@id\":\"https:\\\/\\\/bbqassad.ee\\\/fi\\\/toode\\\/angus-oink-voodoo-mango-hot-sauce-150-ml\\\/#primaryimage\"},\"thumbnailUrl\":\"https:\\\/\\\/bbqassad.ee\\\/wp-content\\\/uploads\\\/2026\\\/03\\\/Angus__Oink_Voodoo_Mango_Hot_Sauce_150ml.png\",\"datePublished\":\"2026-04-22T11:53:27+00:00\",\"description\":\"Tutustu Angus & Oink Voodoo Mangoon, joka on tulinen kastike, joka sis\u00e4lt\u00e4\u00e4 mangososetta ja erilaisia mausteita. T\u00e4ydellinen seuralainen grillatuille ruokalajeille ja v\u00e4lipaloille.\",\"breadcrumb\":{\"@id\":\"https:\\\/\\\/bbqassad.ee\\\/fi\\\/toode\\\/angus-oink-voodoo-mango-hot-sauce-150-ml\\\/#breadcrumb\"},\"inLanguage\":\"fi\",\"potentialAction\":[{\"@type\":\"ReadAction\",\"target\":[\"https:\\\/\\\/bbqassad.ee\\\/fi\\\/toode\\\/angus-oink-voodoo-mango-hot-sauce-150-ml\\\/\"]}]},{\"@type\":\"ImageObject\",\"inLanguage\":\"fi\",\"@id\":\"https:\\\/\\\/bbqassad.ee\\\/fi\\\/toode\\\/angus-oink-voodoo-mango-hot-sauce-150-ml\\\/#primaryimage\",\"url\":\"https:\\\/\\\/bbqassad.ee\\\/wp-content\\\/uploads\\\/2026\\\/03\\\/Angus__Oink_Voodoo_Mango_Hot_Sauce_150ml.png\",\"contentUrl\":\"https:\\\/\\\/bbqassad.ee\\\/wp-content\\\/uploads\\\/2026\\\/03\\\/Angus__Oink_Voodoo_Mango_Hot_Sauce_150ml.png\",\"width\":1280,\"height\":720},{\"@type\":\"BreadcrumbList\",\"@id\":\"https:\\\/\\\/bbqassad.ee\\\/fi\\\/toode\\\/angus-oink-voodoo-mango-hot-sauce-150-ml\\\/#breadcrumb\",\"itemListElement\":[{\"@type\":\"ListItem\",\"position\":1,\"name\":\"Home\",\"item\":\"https:\\\/\\\/bbqassad.ee\\\/fi\\\/bbq-assat\\\/\"},{\"@type\":\"ListItem\",\"position\":2,\"name\":\"Verkkokauppa\",\"item\":\"https:\\\/\\\/bbqassad.ee\\\/fi\\\/verkkokauppa\\\/\"},{\"@type\":\"ListItem\",\"position\":3,\"name\":\"Angus &amp; Oink Voodoo Mango Hot Sauce 150 ml\"}]},{\"@type\":\"WebSite\",\"@id\":\"https:\\\/\\\/bbqassad.ee\\\/fi\\\/#website\",\"url\":\"https:\\\/\\\/bbqassad.ee\\\/fi\\\/\",\"name\":\"BBQ \u00c4ssad\",\"description\":\"BBQ maitseained, kastmed, ahjud\",\"publisher\":{\"@id\":\"https:\\\/\\\/bbqassad.ee\\\/fi\\\/#organization\"},\"potentialAction\":[{\"@type\":\"SearchAction\",\"target\":{\"@type\":\"EntryPoint\",\"urlTemplate\":\"https:\\\/\\\/bbqassad.ee\\\/fi\\\/?s={search_term_string}\"},\"query-input\":{\"@type\":\"PropertyValueSpecification\",\"valueRequired\":true,\"valueName\":\"search_term_string\"}}],\"inLanguage\":\"fi\"},{\"@type\":\"Organization\",\"@id\":\"https:\\\/\\\/bbqassad.ee\\\/fi\\\/#organization\",\"name\":\"BBQ \u00c4ssad\",\"url\":\"https:\\\/\\\/bbqassad.ee\\\/fi\\\/\",\"logo\":{\"@type\":\"ImageObject\",\"inLanguage\":\"fi\",\"@id\":\"https:\\\/\\\/bbqassad.ee\\\/fi\\\/#\\\/schema\\\/logo\\\/image\\\/\",\"url\":\"https:\\\/\\\/bbqassad.ee\\\/wp-content\\\/uploads\\\/2022\\\/10\\\/BBQ-2ssadlogo.png\",\"contentUrl\":\"https:\\\/\\\/bbqassad.ee\\\/wp-content\\\/uploads\\\/2022\\\/10\\\/BBQ-2ssadlogo.png\",\"width\":1080,\"height\":1080,\"caption\":\"BBQ \u00c4ssad\"},\"image\":{\"@id\":\"https:\\\/\\\/bbqassad.ee\\\/fi\\\/#\\\/schema\\\/logo\\\/image\\\/\"},\"sameAs\":[\"https:\\\/\\\/www.facebook.com\\\/bbqassad\",\"https:\\\/\\\/www.youtube.com\\\/channel\\\/UCsoufn49J6TVi9Ah9meE93w\"]}]}<\/script>\n<!-- \/ Yoast SEO plugin. -->","yoast_head_json":{"title":"Angus & Oink Voodoo Mango Hot Sauce 150 ml - BBQ \u00c4ssad%","description":"Tutustu Angus & Oink Voodoo Mangoon, joka on tulinen kastike, joka sis\u00e4lt\u00e4\u00e4 mangososetta ja erilaisia mausteita. T\u00e4ydellinen seuralainen grillatuille ruokalajeille ja v\u00e4lipaloille.","robots":{"index":"index","follow":"follow","max-snippet":"max-snippet:-1","max-image-preview":"max-image-preview:large","max-video-preview":"max-video-preview:-1"},"canonical":"https:\/\/bbqassad.ee\/fi\/toode\/angus-oink-voodoo-mango-hot-sauce-150-ml\/","og_locale":"fi_FI","og_type":"article","og_title":"Angus & Oink Voodoo Mango Hot Sauce 150 ml - BBQ \u00c4ssad%","og_description":"Tutustu Angus & Oink Voodoo Mangoon, joka on tulinen kastike, joka sis\u00e4lt\u00e4\u00e4 mangososetta ja erilaisia mausteita. T\u00e4ydellinen grillattujen ruokien ja v\u00e4lipalojen seuralainen.","og_url":"https:\/\/bbqassad.ee\/fi\/toode\/angus-oink-voodoo-mango-hot-sauce-150-ml\/","og_site_name":"BBQ \u00c4ssad","article_publisher":"https:\/\/www.facebook.com\/bbqassad","og_image":[{"url":"https:\/\/bbqassad.ee\/wp-content\/uploads\/2026\/03\/Angus__Oink_Voodoo_Mango_Hot_Sauce_150ml.png","type":"","width":"","height":""}],"twitter_card":"summary_large_image","twitter_title":"Angus & Oink Voodoo Mango Hot Sauce 150 ml - BBQ \u00c4ssad%","twitter_description":"Tutustu Angus & Oink Voodoo Mangoon, joka on tulinen kastike, joka sis\u00e4lt\u00e4\u00e4 mangososetta ja erilaisia mausteita. T\u00e4ydellinen grillattujen ruokien ja v\u00e4lipalojen seuralainen.","twitter_image":"https:\/\/bbqassad.ee\/wp-content\/uploads\/2026\/03\/Angus__Oink_Voodoo_Mango_Hot_Sauce_150ml.png","twitter_misc":{"Arvioitu lukuaika":"1 minuutti"},"schema":{"@context":"https:\/\/schema.org","@graph":[{"@type":"WebPage","@id":"https:\/\/bbqassad.ee\/fi\/toode\/angus-oink-voodoo-mango-hot-sauce-150-ml\/","url":"https:\/\/bbqassad.ee\/fi\/toode\/angus-oink-voodoo-mango-hot-sauce-150-ml\/","name":"Angus & Oink Voodoo Mango Hot Sauce 150 ml - BBQ \u00c4ssad%","isPartOf":{"@id":"https:\/\/bbqassad.ee\/fi\/#website"},"primaryImageOfPage":{"@id":"https:\/\/bbqassad.ee\/fi\/toode\/angus-oink-voodoo-mango-hot-sauce-150-ml\/#primaryimage"},"image":{"@id":"https:\/\/bbqassad.ee\/fi\/toode\/angus-oink-voodoo-mango-hot-sauce-150-ml\/#primaryimage"},"thumbnailUrl":"https:\/\/bbqassad.ee\/wp-content\/uploads\/2026\/03\/Angus__Oink_Voodoo_Mango_Hot_Sauce_150ml.png","datePublished":"2026-04-22T11:53:27+00:00","description":"Tutustu Angus & Oink Voodoo Mangoon, joka on tulinen kastike, joka sis\u00e4lt\u00e4\u00e4 mangososetta ja erilaisia mausteita. T\u00e4ydellinen seuralainen grillatuille ruokalajeille ja v\u00e4lipaloille.","breadcrumb":{"@id":"https:\/\/bbqassad.ee\/fi\/toode\/angus-oink-voodoo-mango-hot-sauce-150-ml\/#breadcrumb"},"inLanguage":"fi","potentialAction":[{"@type":"ReadAction","target":["https:\/\/bbqassad.ee\/fi\/toode\/angus-oink-voodoo-mango-hot-sauce-150-ml\/"]}]},{"@type":"ImageObject","inLanguage":"fi","@id":"https:\/\/bbqassad.ee\/fi\/toode\/angus-oink-voodoo-mango-hot-sauce-150-ml\/#primaryimage","url":"https:\/\/bbqassad.ee\/wp-content\/uploads\/2026\/03\/Angus__Oink_Voodoo_Mango_Hot_Sauce_150ml.png","contentUrl":"https:\/\/bbqassad.ee\/wp-content\/uploads\/2026\/03\/Angus__Oink_Voodoo_Mango_Hot_Sauce_150ml.png","width":1280,"height":720},{"@type":"BreadcrumbList","@id":"https:\/\/bbqassad.ee\/fi\/toode\/angus-oink-voodoo-mango-hot-sauce-150-ml\/#breadcrumb","itemListElement":[{"@type":"ListItem","position":1,"name":"Home","item":"https:\/\/bbqassad.ee\/fi\/bbq-assat\/"},{"@type":"ListItem","position":2,"name":"Verkkokauppa","item":"https:\/\/bbqassad.ee\/fi\/verkkokauppa\/"},{"@type":"ListItem","position":3,"name":"Angus &amp; Oink Voodoo Mango Hot Sauce 150 ml"}]},{"@type":"WebSite","@id":"https:\/\/bbqassad.ee\/fi\/#website","url":"https:\/\/bbqassad.ee\/fi\/","name":"BBQ \u00c4ssad","description":"BBQ maitseained, kastmed, ahjud","publisher":{"@id":"https:\/\/bbqassad.ee\/fi\/#organization"},"potentialAction":[{"@type":"SearchAction","target":{"@type":"EntryPoint","urlTemplate":"https:\/\/bbqassad.ee\/fi\/?s={search_term_string}"},"query-input":{"@type":"PropertyValueSpecification","valueRequired":true,"valueName":"search_term_string"}}],"inLanguage":"fi"},{"@type":"Organization","@id":"https:\/\/bbqassad.ee\/fi\/#organization","name":"BBQ \u00c4ssad","url":"https:\/\/bbqassad.ee\/fi\/","logo":{"@type":"ImageObject","inLanguage":"fi","@id":"https:\/\/bbqassad.ee\/fi\/#\/schema\/logo\/image\/","url":"https:\/\/bbqassad.ee\/wp-content\/uploads\/2022\/10\/BBQ-2ssadlogo.png","contentUrl":"https:\/\/bbqassad.ee\/wp-content\/uploads\/2022\/10\/BBQ-2ssadlogo.png","width":1080,"height":1080,"caption":"BBQ \u00c4ssad"},"image":{"@id":"https:\/\/bbqassad.ee\/fi\/#\/schema\/logo\/image\/"},"sameAs":["https:\/\/www.facebook.com\/bbqassad","https:\/\/www.youtube.com\/channel\/UCsoufn49J6TVi9Ah9meE93w"]}]}},"_links":{"self":[{"href":"https:\/\/bbqassad.ee\/fi\/wp-json\/wp\/v2\/product\/23640","targetHints":{"allow":["GET"]}}],"collection":[{"href":"https:\/\/bbqassad.ee\/fi\/wp-json\/wp\/v2\/product"}],"about":[{"href":"https:\/\/bbqassad.ee\/fi\/wp-json\/wp\/v2\/types\/product"}],"replies":[{"embeddable":true,"href":"https:\/\/bbqassad.ee\/fi\/wp-json\/wp\/v2\/comments?post=23640"}],"wp:featuredmedia":[{"embeddable":true,"href":"https:\/\/bbqassad.ee\/fi\/wp-json\/wp\/v2\/media\/22974"}],"wp:attachment":[{"href":"https:\/\/bbqassad.ee\/fi\/wp-json\/wp\/v2\/media?parent=23640"}],"wp:term":[{"taxonomy":"product_brand","embeddable":true,"href":"https:\/\/bbqassad.ee\/fi\/wp-json\/wp\/v2\/product_brand?post=23640"},{"taxonomy":"product_cat","embeddable":true,"href":"https:\/\/bbqassad.ee\/fi\/wp-json\/wp\/v2\/product_cat?post=23640"},{"taxonomy":"product_tag","embeddable":true,"href":"https:\/\/bbqassad.ee\/fi\/wp-json\/wp\/v2\/product_tag?post=23640"}],"curies":[{"name":"wp","href":"https:\/\/api.w.org\/{rel}","templated":true}]}}