{"id":23639,"date":"2026-03-27T11:32:14","date_gmt":"2026-03-27T11:32:14","guid":{"rendered":"https:\/\/bbqassad.ee\/toode\/bbq-spot-rub-some-fish-159g-2\/"},"modified":"2026-04-14T06:34:25","modified_gmt":"2026-04-14T06:34:25","slug":"bbq-spot-rub-some-fish-159g-2","status":"publish","type":"product","link":"https:\/\/bbqassad.ee\/fi\/toode\/bbq-spot-rub-some-fish-159g-2\/","title":{"rendered":"BBQ Spot Some Fish Rub 159g"},"content":{"rendered":"<h2>BBQ Spot Rub Some Fish 159g<\/h2>\n<p><strong style=\"font-size: 14.4px;\">BBQ Spot Rub Some Fish<\/strong><span style=\"font-size: 14.4px;\">  on raikas, merellinen, aromaattinen ja hieman mausteinen makusekoitus, joka on suunniteltu kalojen ja \u00e4yri\u00e4isten esittelyyn. Seoksessa yhdistyv\u00e4t yrtit, sitrushedelm\u00e4t, valkosipuli, suola ja pippuri juuri oikeassa tasapainossa, jotta kalan luonnollinen maku korostuu ilman, ett\u00e4 sit\u00e4 lis\u00e4t\u00e4\u00e4n liikaa. <\/span><\/p>\n<div>\n<p>Se sopii erinomaisesti lohelle, valkoiselle kalalle, katkaravuille, \u00e4yri\u00e4isille ja jopa vihanneksille, jotka kaipaavat vain kevytt\u00e4, puhdasta, merellist\u00e4 makua.<br \/>\nRipottele sit\u00e4 p\u00e4\u00e4lle, niin ruokalaji saa v\u00e4litt\u00f6m\u00e4sti tuoreemman ja pirte\u00e4mm\u00e4n luonteen &#8211; juuri niin kuin hyv\u00e4n kalakastikkeen kuuluukin.<\/p>\n<h2><strong>BBQ Aces kommentti<\/strong><\/h2>\n<p>&#8221;Rub Some Fish&#8221; antaa kalalle juuri sen tarvitseman raikkaan ja hieman yrttisen potkun. Sitrushedelm\u00e4t ja valkosipuli antavat makua heti. Eritt\u00e4in miellytt\u00e4v\u00e4 ja yll\u00e4tt\u00e4v\u00e4n monipuolinen sekoitus, jota k\u00e4ytt\u00e4isin mielell\u00e4ni paljon muuhunkin kuin vain kalaan.&#8221;  <\/p>\n<h2><strong>Ammattilaisen vinkki<\/strong><\/h2>\n<p><em>&#8221;K\u00e4yt\u00e4 sit\u00e4, kun haluat lis\u00e4t\u00e4 nopeasti raikkautta ja todellista merituulen luonnetta m\u00e4dille.&#8221; &#8221;K\u00e4yt\u00e4 sit\u00e4, kun haluat lis\u00e4t\u00e4 nopeasti raikkautta ja todellista merituulen luonnetta m\u00e4dille.&#8221;<\/em><\/p>\n<\/div>\n","protected":false},"excerpt":{"rendered":"<p>BBQ Spot Rub Some Fish. Nettom\u00e4\u00e4r\u00e4 159g <\/p>\n<p>Ainesosat: merisuola, SESAME-siemenet, valkosipulijauhe, sipulijauhe,<br \/>\nsitruunamehujauhe (glukoosisiirappi, sitruunamehu, sitruuna\u00f6ljy)<br \/>\nsokeri, sitruunahappo, tilli, SELLER-siemenet, v\u00e4riaine (kurkumiini),<br \/>\nkurkumauute.<br \/>\nSAATTAA SIS\u00c4LT\u00c4\u00c4: gluteenipitoisia viljoja,<br \/>\nmaitoa, kananmunia, p\u00e4hkin\u00f6it\u00e4, kalaa, soijaa.<br \/>\nRavintosis\u00e4lt\u00f6 100 g:ssa: energia 500 kcal (2092 kJ),<br \/>\nrasvaa 0 g, josta tyydyttyneit\u00e4 rasvahappoja 0 g,hiilihydraatteja 0 g,<br \/>\njosta sokereita 0 g, proteiinia 0 g, suolaa 29 g.<br \/>\nParasta ennen: ks. pakkauksesta.<\/p>\n<p>Valmistaja: Ammerika USA<br \/>\nMaahantuoja: Resaco BV, Karrewiel 8, LK Didam.<br \/>\nJakelija Virossa: BBQ \u00c4ssad O\u00dc www.bbqassad.ee www.bbqassad.ee www.bbqassad.ee<\/p>\n","protected":false},"featured_media":22979,"comment_status":"open","ping_status":"closed","template":"","meta":[],"product_brand":[],"product_cat":[802],"product_tag":[],"class_list":{"0":"post-23639","1":"product","2":"type-product","3":"status-publish","4":"has-post-thumbnail","6":"product_cat-sekoitukset","8":"first","9":"instock","10":"taxable","11":"shipping-taxable","12":"purchasable","13":"product-type-simple"},"yoast_head":"<!-- This site is optimized with the Yoast SEO plugin v27.4 - https:\/\/yoast.com\/product\/yoast-seo-wordpress\/ -->\n<title>BBQ Spot Rub Some Fish 159g -% BBQ \u00c4ssad%<\/title>\n<meta name=\"description\" content=\"BBQ Spot Rub Some Fish suosikkimerenel\u00e4villesi. T\u00e4ss\u00e4 159 g:n sekoituksessa on merisuolaa, seesaminsiemeni\u00e4, valkosipulijauhetta ja paljon muuta makuel\u00e4myst\u00e4 varten.\" \/>\n<meta name=\"robots\" content=\"index, follow, max-snippet:-1, max-image-preview:large, max-video-preview:-1\" \/>\n<link rel=\"canonical\" href=\"https:\/\/bbqassad.ee\/fi\/toode\/bbq-spot-rub-some-fish-159g-2\/\" \/>\n<meta property=\"og:locale\" content=\"fi_FI\" \/>\n<meta property=\"og:type\" content=\"article\" \/>\n<meta property=\"og:title\" content=\"BBQ Spot Rub Some Fish 159g -% BBQ \u00c4ssad%\" \/>\n<meta property=\"og:description\" content=\"BBQ Spot Rub Some Fish suosikkimerenel\u00e4villesi. T\u00e4ss\u00e4 159 g:n sekoituksessa on merisuolaa, seesaminsiemeni\u00e4, valkosipulijauhetta ja paljon muuta makuel\u00e4myst\u00e4 varten.\" \/>\n<meta property=\"og:url\" content=\"https:\/\/bbqassad.ee\/fi\/toode\/bbq-spot-rub-some-fish-159g-2\/\" \/>\n<meta property=\"og:site_name\" content=\"BBQ \u00c4ssad\" \/>\n<meta property=\"article:publisher\" content=\"https:\/\/www.facebook.com\/bbqassad\" \/>\n<meta property=\"article:modified_time\" content=\"2026-04-14T06:34:25+00:00\" \/>\n<meta property=\"og:image\" content=\"https:\/\/bbqassad.ee\/wp-content\/uploads\/2026\/03\/BBQ_Spot_Rub_Some_Fish_159g.png\" \/>\n<meta name=\"twitter:card\" content=\"summary_large_image\" \/>\n<meta name=\"twitter:title\" content=\"BBQ Spot Rub Some Fish 159g -% BBQ \u00c4ssad%\" \/>\n<meta name=\"twitter:description\" content=\"BBQ Spot Rub Some Fish suosikkimerenel\u00e4villesi. T\u00e4ss\u00e4 159 g:n sekoituksessa on merisuolaa, seesaminsiemeni\u00e4, valkosipulijauhetta ja paljon muuta makuel\u00e4myst\u00e4 varten.\" \/>\n<meta name=\"twitter:image\" content=\"https:\/\/bbqassad.ee\/wp-content\/uploads\/2026\/03\/BBQ_Spot_Rub_Some_Fish_159g.png\" \/>\n<meta name=\"twitter:label1\" content=\"Arvioitu lukuaika\" \/>\n\t<meta name=\"twitter:data1\" content=\"1 minuutti\" \/>\n<script type=\"application\/ld+json\" class=\"yoast-schema-graph\">{\"@context\":\"https:\\\/\\\/schema.org\",\"@graph\":[{\"@type\":\"WebPage\",\"@id\":\"https:\\\/\\\/bbqassad.ee\\\/fi\\\/toode\\\/bbq-spot-rub-some-fish-159g-2\\\/\",\"url\":\"https:\\\/\\\/bbqassad.ee\\\/fi\\\/toode\\\/bbq-spot-rub-some-fish-159g-2\\\/\",\"name\":\"BBQ Spot Rub Some Fish 159g -% BBQ \u00c4ssad%\",\"isPartOf\":{\"@id\":\"https:\\\/\\\/bbqassad.ee\\\/fi\\\/#website\"},\"primaryImageOfPage\":{\"@id\":\"https:\\\/\\\/bbqassad.ee\\\/fi\\\/toode\\\/bbq-spot-rub-some-fish-159g-2\\\/#primaryimage\"},\"image\":{\"@id\":\"https:\\\/\\\/bbqassad.ee\\\/fi\\\/toode\\\/bbq-spot-rub-some-fish-159g-2\\\/#primaryimage\"},\"thumbnailUrl\":\"https:\\\/\\\/bbqassad.ee\\\/wp-content\\\/uploads\\\/2026\\\/03\\\/BBQ_Spot_Rub_Some_Fish_159g.png\",\"datePublished\":\"2026-03-27T11:32:14+00:00\",\"dateModified\":\"2026-04-14T06:34:25+00:00\",\"description\":\"BBQ Spot Rub Some Fish suosikkimerenel\u00e4villesi. T\u00e4ss\u00e4 159 g:n sekoituksessa on merisuolaa, seesaminsiemeni\u00e4, valkosipulijauhetta ja paljon muuta makuel\u00e4myst\u00e4 varten.\",\"breadcrumb\":{\"@id\":\"https:\\\/\\\/bbqassad.ee\\\/fi\\\/toode\\\/bbq-spot-rub-some-fish-159g-2\\\/#breadcrumb\"},\"inLanguage\":\"fi\",\"potentialAction\":[{\"@type\":\"ReadAction\",\"target\":[\"https:\\\/\\\/bbqassad.ee\\\/fi\\\/toode\\\/bbq-spot-rub-some-fish-159g-2\\\/\"]}]},{\"@type\":\"ImageObject\",\"inLanguage\":\"fi\",\"@id\":\"https:\\\/\\\/bbqassad.ee\\\/fi\\\/toode\\\/bbq-spot-rub-some-fish-159g-2\\\/#primaryimage\",\"url\":\"https:\\\/\\\/bbqassad.ee\\\/wp-content\\\/uploads\\\/2026\\\/03\\\/BBQ_Spot_Rub_Some_Fish_159g.png\",\"contentUrl\":\"https:\\\/\\\/bbqassad.ee\\\/wp-content\\\/uploads\\\/2026\\\/03\\\/BBQ_Spot_Rub_Some_Fish_159g.png\",\"width\":1280,\"height\":720},{\"@type\":\"BreadcrumbList\",\"@id\":\"https:\\\/\\\/bbqassad.ee\\\/fi\\\/toode\\\/bbq-spot-rub-some-fish-159g-2\\\/#breadcrumb\",\"itemListElement\":[{\"@type\":\"ListItem\",\"position\":1,\"name\":\"Home\",\"item\":\"https:\\\/\\\/bbqassad.ee\\\/fi\\\/bbq-assat\\\/\"},{\"@type\":\"ListItem\",\"position\":2,\"name\":\"Verkkokauppa\",\"item\":\"https:\\\/\\\/bbqassad.ee\\\/fi\\\/verkkokauppa\\\/\"},{\"@type\":\"ListItem\",\"position\":3,\"name\":\"BBQ Spot Some Fish Rub 159g\"}]},{\"@type\":\"WebSite\",\"@id\":\"https:\\\/\\\/bbqassad.ee\\\/fi\\\/#website\",\"url\":\"https:\\\/\\\/bbqassad.ee\\\/fi\\\/\",\"name\":\"BBQ \u00c4ssad\",\"description\":\"BBQ maitseained, kastmed, ahjud\",\"publisher\":{\"@id\":\"https:\\\/\\\/bbqassad.ee\\\/fi\\\/#organization\"},\"potentialAction\":[{\"@type\":\"SearchAction\",\"target\":{\"@type\":\"EntryPoint\",\"urlTemplate\":\"https:\\\/\\\/bbqassad.ee\\\/fi\\\/?s={search_term_string}\"},\"query-input\":{\"@type\":\"PropertyValueSpecification\",\"valueRequired\":true,\"valueName\":\"search_term_string\"}}],\"inLanguage\":\"fi\"},{\"@type\":\"Organization\",\"@id\":\"https:\\\/\\\/bbqassad.ee\\\/fi\\\/#organization\",\"name\":\"BBQ \u00c4ssad\",\"url\":\"https:\\\/\\\/bbqassad.ee\\\/fi\\\/\",\"logo\":{\"@type\":\"ImageObject\",\"inLanguage\":\"fi\",\"@id\":\"https:\\\/\\\/bbqassad.ee\\\/fi\\\/#\\\/schema\\\/logo\\\/image\\\/\",\"url\":\"https:\\\/\\\/bbqassad.ee\\\/wp-content\\\/uploads\\\/2022\\\/10\\\/BBQ-2ssadlogo.png\",\"contentUrl\":\"https:\\\/\\\/bbqassad.ee\\\/wp-content\\\/uploads\\\/2022\\\/10\\\/BBQ-2ssadlogo.png\",\"width\":1080,\"height\":1080,\"caption\":\"BBQ \u00c4ssad\"},\"image\":{\"@id\":\"https:\\\/\\\/bbqassad.ee\\\/fi\\\/#\\\/schema\\\/logo\\\/image\\\/\"},\"sameAs\":[\"https:\\\/\\\/www.facebook.com\\\/bbqassad\",\"https:\\\/\\\/www.youtube.com\\\/channel\\\/UCsoufn49J6TVi9Ah9meE93w\"]}]}<\/script>\n<!-- \/ Yoast SEO plugin. -->","yoast_head_json":{"title":"BBQ Spot Rub Some Fish 159g -% BBQ \u00c4ssad%","description":"BBQ Spot Rub Some Fish suosikkimerenel\u00e4villesi. T\u00e4ss\u00e4 159 g:n sekoituksessa on merisuolaa, seesaminsiemeni\u00e4, valkosipulijauhetta ja paljon muuta makuel\u00e4myst\u00e4 varten.","robots":{"index":"index","follow":"follow","max-snippet":"max-snippet:-1","max-image-preview":"max-image-preview:large","max-video-preview":"max-video-preview:-1"},"canonical":"https:\/\/bbqassad.ee\/fi\/toode\/bbq-spot-rub-some-fish-159g-2\/","og_locale":"fi_FI","og_type":"article","og_title":"BBQ Spot Rub Some Fish 159g -% BBQ \u00c4ssad%","og_description":"BBQ Spot Rub Some Fish suosikkimerenel\u00e4villesi. T\u00e4ss\u00e4 159 g:n sekoituksessa on merisuolaa, seesaminsiemeni\u00e4, valkosipulijauhetta ja paljon muuta makuel\u00e4myst\u00e4 varten.","og_url":"https:\/\/bbqassad.ee\/fi\/toode\/bbq-spot-rub-some-fish-159g-2\/","og_site_name":"BBQ \u00c4ssad","article_publisher":"https:\/\/www.facebook.com\/bbqassad","article_modified_time":"2026-04-14T06:34:25+00:00","og_image":[{"url":"https:\/\/bbqassad.ee\/wp-content\/uploads\/2026\/03\/BBQ_Spot_Rub_Some_Fish_159g.png","type":"","width":"","height":""}],"twitter_card":"summary_large_image","twitter_title":"BBQ Spot Rub Some Fish 159g -% BBQ \u00c4ssad%","twitter_description":"BBQ Spot Rub Some Fish suosikkimerenel\u00e4villesi. T\u00e4ss\u00e4 159 g:n sekoituksessa on merisuolaa, seesaminsiemeni\u00e4, valkosipulijauhetta ja paljon muuta makuel\u00e4myst\u00e4 varten.","twitter_image":"https:\/\/bbqassad.ee\/wp-content\/uploads\/2026\/03\/BBQ_Spot_Rub_Some_Fish_159g.png","twitter_misc":{"Arvioitu lukuaika":"1 minuutti"},"schema":{"@context":"https:\/\/schema.org","@graph":[{"@type":"WebPage","@id":"https:\/\/bbqassad.ee\/fi\/toode\/bbq-spot-rub-some-fish-159g-2\/","url":"https:\/\/bbqassad.ee\/fi\/toode\/bbq-spot-rub-some-fish-159g-2\/","name":"BBQ Spot Rub Some Fish 159g -% BBQ \u00c4ssad%","isPartOf":{"@id":"https:\/\/bbqassad.ee\/fi\/#website"},"primaryImageOfPage":{"@id":"https:\/\/bbqassad.ee\/fi\/toode\/bbq-spot-rub-some-fish-159g-2\/#primaryimage"},"image":{"@id":"https:\/\/bbqassad.ee\/fi\/toode\/bbq-spot-rub-some-fish-159g-2\/#primaryimage"},"thumbnailUrl":"https:\/\/bbqassad.ee\/wp-content\/uploads\/2026\/03\/BBQ_Spot_Rub_Some_Fish_159g.png","datePublished":"2026-03-27T11:32:14+00:00","dateModified":"2026-04-14T06:34:25+00:00","description":"BBQ Spot Rub Some Fish suosikkimerenel\u00e4villesi. T\u00e4ss\u00e4 159 g:n sekoituksessa on merisuolaa, seesaminsiemeni\u00e4, valkosipulijauhetta ja paljon muuta makuel\u00e4myst\u00e4 varten.","breadcrumb":{"@id":"https:\/\/bbqassad.ee\/fi\/toode\/bbq-spot-rub-some-fish-159g-2\/#breadcrumb"},"inLanguage":"fi","potentialAction":[{"@type":"ReadAction","target":["https:\/\/bbqassad.ee\/fi\/toode\/bbq-spot-rub-some-fish-159g-2\/"]}]},{"@type":"ImageObject","inLanguage":"fi","@id":"https:\/\/bbqassad.ee\/fi\/toode\/bbq-spot-rub-some-fish-159g-2\/#primaryimage","url":"https:\/\/bbqassad.ee\/wp-content\/uploads\/2026\/03\/BBQ_Spot_Rub_Some_Fish_159g.png","contentUrl":"https:\/\/bbqassad.ee\/wp-content\/uploads\/2026\/03\/BBQ_Spot_Rub_Some_Fish_159g.png","width":1280,"height":720},{"@type":"BreadcrumbList","@id":"https:\/\/bbqassad.ee\/fi\/toode\/bbq-spot-rub-some-fish-159g-2\/#breadcrumb","itemListElement":[{"@type":"ListItem","position":1,"name":"Home","item":"https:\/\/bbqassad.ee\/fi\/bbq-assat\/"},{"@type":"ListItem","position":2,"name":"Verkkokauppa","item":"https:\/\/bbqassad.ee\/fi\/verkkokauppa\/"},{"@type":"ListItem","position":3,"name":"BBQ Spot Some Fish Rub 159g"}]},{"@type":"WebSite","@id":"https:\/\/bbqassad.ee\/fi\/#website","url":"https:\/\/bbqassad.ee\/fi\/","name":"BBQ \u00c4ssad","description":"BBQ maitseained, kastmed, ahjud","publisher":{"@id":"https:\/\/bbqassad.ee\/fi\/#organization"},"potentialAction":[{"@type":"SearchAction","target":{"@type":"EntryPoint","urlTemplate":"https:\/\/bbqassad.ee\/fi\/?s={search_term_string}"},"query-input":{"@type":"PropertyValueSpecification","valueRequired":true,"valueName":"search_term_string"}}],"inLanguage":"fi"},{"@type":"Organization","@id":"https:\/\/bbqassad.ee\/fi\/#organization","name":"BBQ \u00c4ssad","url":"https:\/\/bbqassad.ee\/fi\/","logo":{"@type":"ImageObject","inLanguage":"fi","@id":"https:\/\/bbqassad.ee\/fi\/#\/schema\/logo\/image\/","url":"https:\/\/bbqassad.ee\/wp-content\/uploads\/2022\/10\/BBQ-2ssadlogo.png","contentUrl":"https:\/\/bbqassad.ee\/wp-content\/uploads\/2022\/10\/BBQ-2ssadlogo.png","width":1080,"height":1080,"caption":"BBQ \u00c4ssad"},"image":{"@id":"https:\/\/bbqassad.ee\/fi\/#\/schema\/logo\/image\/"},"sameAs":["https:\/\/www.facebook.com\/bbqassad","https:\/\/www.youtube.com\/channel\/UCsoufn49J6TVi9Ah9meE93w"]}]}},"_links":{"self":[{"href":"https:\/\/bbqassad.ee\/fi\/wp-json\/wp\/v2\/product\/23639","targetHints":{"allow":["GET"]}}],"collection":[{"href":"https:\/\/bbqassad.ee\/fi\/wp-json\/wp\/v2\/product"}],"about":[{"href":"https:\/\/bbqassad.ee\/fi\/wp-json\/wp\/v2\/types\/product"}],"replies":[{"embeddable":true,"href":"https:\/\/bbqassad.ee\/fi\/wp-json\/wp\/v2\/comments?post=23639"}],"wp:featuredmedia":[{"embeddable":true,"href":"https:\/\/bbqassad.ee\/fi\/wp-json\/wp\/v2\/media\/22979"}],"wp:attachment":[{"href":"https:\/\/bbqassad.ee\/fi\/wp-json\/wp\/v2\/media?parent=23639"}],"wp:term":[{"taxonomy":"product_brand","embeddable":true,"href":"https:\/\/bbqassad.ee\/fi\/wp-json\/wp\/v2\/product_brand?post=23639"},{"taxonomy":"product_cat","embeddable":true,"href":"https:\/\/bbqassad.ee\/fi\/wp-json\/wp\/v2\/product_cat?post=23639"},{"taxonomy":"product_tag","embeddable":true,"href":"https:\/\/bbqassad.ee\/fi\/wp-json\/wp\/v2\/product_tag?post=23639"}],"curies":[{"name":"wp","href":"https:\/\/api.w.org\/{rel}","templated":true}]}}