{"id":23638,"date":"2026-03-27T11:41:41","date_gmt":"2026-03-27T11:41:41","guid":{"rendered":"https:\/\/bbqassad.ee\/toode\/heath-riles-beef-rub-311-g-2\/"},"modified":"2026-04-14T06:34:25","modified_gmt":"2026-04-14T06:34:25","slug":"heath-riles-beef-rub-311-g-2","status":"publish","type":"product","link":"https:\/\/bbqassad.ee\/fi\/toode\/heath-riles-beef-rub-311-g-2\/","title":{"rendered":"Heath Riles Beef Rub 311 g"},"content":{"rendered":"<h2>Heath Riles Beef Rub 311 g<\/h2>\n<p><strong style=\"font-size: 14.4px;\">Heath Riles Beef Rub<\/strong><span style=\"font-size: 14.4px;\">  on lihaisa ja voimakas luonne, joka tuo punaisen lihan maut esiin puhtaalla, selke\u00e4ll\u00e4 ja vahvalla profiililla. Seos on suunniteltu korostamaan lihan luonnollisia mehuja ja umami-s\u00e4vyj\u00e4 &#8211; voimakas mustapippuri, tasapainoinen suolaisuus, valkosipuli ja yrtit luovat syv\u00e4n ja rehellisen maun. Se on t\u00e4ydellinen valinta brisketille, pihveille, naudan kylkiluille, hampurilaispihveille ja koko punaisen lihan maailmaan.  <\/span><\/p>\n<div>\n<p>Beef Rub antaa lihalle kauniin tumman kuoren, voimakkaan aromin ja t\u00e4ysin tunnistettavan BBQ-luonteen. T\u00e4m\u00e4 sekoitus on suunniteltu niille, jotka haluavat maksimoida naudanlihan maun sen peitt\u00e4misen sijaan. <\/p>\n<h2><strong>BBQ Aces kommentti<\/strong><\/h2>\n<p>&#8221;Beef Rub tuo esiin naudanlihan t\u00e4rkeimm\u00e4n puolen &#8211; lihan puhtaan maun ja voimakkaan pippurisen potkun. Pihveist\u00e4 rintafileeseen se antaa sekoitukselle luonnetta, joka saa l\u00e4hes jokaisen lihaleikkeen loistamaan.&#8221; <\/p>\n<h2><strong>Ammattilaisen vinkki<\/strong><\/h2>\n<p><em>&#8221;K\u00e4yt\u00e4 sit\u00e4, kun haluat antaa naudanlihalle voimakkaan, suoraviivaisen maun, joka saa lihan erottumaan edukseen.&#8221;<\/em><\/p>\n<\/div>\n","protected":false},"excerpt":{"rendered":"<p>Heath Riles Beef Rub, mausteseos. Nettopaino 311 g. <\/p>\n<p>Ainesosat: suola, mausteet, kuivattu valkosipuli, luontaiset<br \/>\naromit, paprika\u00f6ljy ja alle 2 % trikalsiumfosfaattia<br \/>\nlis\u00e4tty paakkuuntumisen est\u00e4miseksi.<br \/>\nRavintosis\u00e4lt\u00f6 100 g:aa kohti: energia: 1046 kJ\/250 kcal; rasvat<br \/>\n0 g, josta tyydyttyneit\u00e4 rasvahappoja: 0 g; hiilihydraatit 50 g, josta<br \/>\nsokereita 0 g; proteiinit 0 g; suola 39 g.<br \/>\nS\u00e4ilyvyysaika: ks. pakkaus.<\/p>\n<p>Tuotettu Yhdysvalloissa.<br \/>\nMaahantuoja: RESACO B.V., Karrewiel 8, 6942 LK Didam.<br \/>\nJ\u00e4lleenmyyj\u00e4 Virossa: BBQ \u00c4ssad O\u00dc www.bbqassad.ee www.bbqassad.ee.<\/p>\n","protected":false},"featured_media":22984,"comment_status":"open","ping_status":"closed","template":"","meta":[],"product_brand":[],"product_cat":[802],"product_tag":[],"class_list":{"0":"post-23638","1":"product","2":"type-product","3":"status-publish","4":"has-post-thumbnail","6":"product_cat-sekoitukset","8":"first","9":"instock","10":"taxable","11":"shipping-taxable","12":"purchasable","13":"product-type-simple"},"yoast_head":"<!-- This site is optimized with the Yoast SEO plugin v27.4 - https:\/\/yoast.com\/product\/yoast-seo-wordpress\/ -->\n<title>Heath Riles Beef Rub 311 g -% BBQ \u00c4ssad%<\/title>\n<meta name=\"description\" content=\"Heath Riles Beef Rub on mausteseos, joka sis\u00e4lt\u00e4\u00e4 suolaa, mausteita ja kuivattua valkosipulia. Nettopaino 311 g. Valmistettu Yhdysvalloissa.\" \/>\n<meta name=\"robots\" content=\"index, follow, max-snippet:-1, max-image-preview:large, max-video-preview:-1\" \/>\n<link rel=\"canonical\" href=\"https:\/\/bbqassad.ee\/fi\/toode\/heath-riles-beef-rub-311-g-2\/\" \/>\n<meta property=\"og:locale\" content=\"fi_FI\" \/>\n<meta property=\"og:type\" content=\"article\" \/>\n<meta property=\"og:title\" content=\"Heath Riles Beef Rub 311 g -% BBQ \u00c4ssad%\" \/>\n<meta property=\"og:description\" content=\"Heath Riles Beef Rub on mausteseos, joka sis\u00e4lt\u00e4\u00e4 suolaa, mausteita ja kuivattua valkosipulia. Nettopaino 311 g. Valmistettu Yhdysvalloissa.\" \/>\n<meta property=\"og:url\" content=\"https:\/\/bbqassad.ee\/fi\/toode\/heath-riles-beef-rub-311-g-2\/\" \/>\n<meta property=\"og:site_name\" content=\"BBQ \u00c4ssad\" \/>\n<meta property=\"article:publisher\" content=\"https:\/\/www.facebook.com\/bbqassad\" \/>\n<meta property=\"article:modified_time\" content=\"2026-04-14T06:34:25+00:00\" \/>\n<meta property=\"og:image\" content=\"https:\/\/bbqassad.ee\/wp-content\/uploads\/2026\/03\/Heath_Riles_Beef_Rub_311g.png\" \/>\n<meta name=\"twitter:card\" content=\"summary_large_image\" \/>\n<meta name=\"twitter:title\" content=\"Heath Riles Beef Rub 311 g -% BBQ \u00c4ssad%\" \/>\n<meta name=\"twitter:description\" content=\"Heath Riles Beef Rub on mausteseos, joka sis\u00e4lt\u00e4\u00e4 suolaa, mausteita ja kuivattua valkosipulia. Nettopaino 311 g. Valmistettu Yhdysvalloissa.\" \/>\n<meta name=\"twitter:image\" content=\"https:\/\/bbqassad.ee\/wp-content\/uploads\/2026\/03\/Heath_Riles_Beef_Rub_311g.png\" \/>\n<meta name=\"twitter:label1\" content=\"Arvioitu lukuaika\" \/>\n\t<meta name=\"twitter:data1\" content=\"1 minuutti\" \/>\n<script type=\"application\/ld+json\" class=\"yoast-schema-graph\">{\"@context\":\"https:\\\/\\\/schema.org\",\"@graph\":[{\"@type\":\"WebPage\",\"@id\":\"https:\\\/\\\/bbqassad.ee\\\/fi\\\/toode\\\/heath-riles-beef-rub-311-g-2\\\/\",\"url\":\"https:\\\/\\\/bbqassad.ee\\\/fi\\\/toode\\\/heath-riles-beef-rub-311-g-2\\\/\",\"name\":\"Heath Riles Beef Rub 311 g -% BBQ \u00c4ssad%\",\"isPartOf\":{\"@id\":\"https:\\\/\\\/bbqassad.ee\\\/fi\\\/#website\"},\"primaryImageOfPage\":{\"@id\":\"https:\\\/\\\/bbqassad.ee\\\/fi\\\/toode\\\/heath-riles-beef-rub-311-g-2\\\/#primaryimage\"},\"image\":{\"@id\":\"https:\\\/\\\/bbqassad.ee\\\/fi\\\/toode\\\/heath-riles-beef-rub-311-g-2\\\/#primaryimage\"},\"thumbnailUrl\":\"https:\\\/\\\/bbqassad.ee\\\/wp-content\\\/uploads\\\/2026\\\/03\\\/Heath_Riles_Beef_Rub_311g.png\",\"datePublished\":\"2026-03-27T11:41:41+00:00\",\"dateModified\":\"2026-04-14T06:34:25+00:00\",\"description\":\"Heath Riles Beef Rub on mausteseos, joka sis\u00e4lt\u00e4\u00e4 suolaa, mausteita ja kuivattua valkosipulia. Nettopaino 311 g. Valmistettu Yhdysvalloissa.\",\"breadcrumb\":{\"@id\":\"https:\\\/\\\/bbqassad.ee\\\/fi\\\/toode\\\/heath-riles-beef-rub-311-g-2\\\/#breadcrumb\"},\"inLanguage\":\"fi\",\"potentialAction\":[{\"@type\":\"ReadAction\",\"target\":[\"https:\\\/\\\/bbqassad.ee\\\/fi\\\/toode\\\/heath-riles-beef-rub-311-g-2\\\/\"]}]},{\"@type\":\"ImageObject\",\"inLanguage\":\"fi\",\"@id\":\"https:\\\/\\\/bbqassad.ee\\\/fi\\\/toode\\\/heath-riles-beef-rub-311-g-2\\\/#primaryimage\",\"url\":\"https:\\\/\\\/bbqassad.ee\\\/wp-content\\\/uploads\\\/2026\\\/03\\\/Heath_Riles_Beef_Rub_311g.png\",\"contentUrl\":\"https:\\\/\\\/bbqassad.ee\\\/wp-content\\\/uploads\\\/2026\\\/03\\\/Heath_Riles_Beef_Rub_311g.png\",\"width\":1280,\"height\":720},{\"@type\":\"BreadcrumbList\",\"@id\":\"https:\\\/\\\/bbqassad.ee\\\/fi\\\/toode\\\/heath-riles-beef-rub-311-g-2\\\/#breadcrumb\",\"itemListElement\":[{\"@type\":\"ListItem\",\"position\":1,\"name\":\"Home\",\"item\":\"https:\\\/\\\/bbqassad.ee\\\/fi\\\/bbq-assat\\\/\"},{\"@type\":\"ListItem\",\"position\":2,\"name\":\"Verkkokauppa\",\"item\":\"https:\\\/\\\/bbqassad.ee\\\/fi\\\/verkkokauppa\\\/\"},{\"@type\":\"ListItem\",\"position\":3,\"name\":\"Heath Riles Beef Rub 311 g\"}]},{\"@type\":\"WebSite\",\"@id\":\"https:\\\/\\\/bbqassad.ee\\\/fi\\\/#website\",\"url\":\"https:\\\/\\\/bbqassad.ee\\\/fi\\\/\",\"name\":\"BBQ \u00c4ssad\",\"description\":\"BBQ maitseained, kastmed, ahjud\",\"publisher\":{\"@id\":\"https:\\\/\\\/bbqassad.ee\\\/fi\\\/#organization\"},\"potentialAction\":[{\"@type\":\"SearchAction\",\"target\":{\"@type\":\"EntryPoint\",\"urlTemplate\":\"https:\\\/\\\/bbqassad.ee\\\/fi\\\/?s={search_term_string}\"},\"query-input\":{\"@type\":\"PropertyValueSpecification\",\"valueRequired\":true,\"valueName\":\"search_term_string\"}}],\"inLanguage\":\"fi\"},{\"@type\":\"Organization\",\"@id\":\"https:\\\/\\\/bbqassad.ee\\\/fi\\\/#organization\",\"name\":\"BBQ \u00c4ssad\",\"url\":\"https:\\\/\\\/bbqassad.ee\\\/fi\\\/\",\"logo\":{\"@type\":\"ImageObject\",\"inLanguage\":\"fi\",\"@id\":\"https:\\\/\\\/bbqassad.ee\\\/fi\\\/#\\\/schema\\\/logo\\\/image\\\/\",\"url\":\"https:\\\/\\\/bbqassad.ee\\\/wp-content\\\/uploads\\\/2022\\\/10\\\/BBQ-2ssadlogo.png\",\"contentUrl\":\"https:\\\/\\\/bbqassad.ee\\\/wp-content\\\/uploads\\\/2022\\\/10\\\/BBQ-2ssadlogo.png\",\"width\":1080,\"height\":1080,\"caption\":\"BBQ \u00c4ssad\"},\"image\":{\"@id\":\"https:\\\/\\\/bbqassad.ee\\\/fi\\\/#\\\/schema\\\/logo\\\/image\\\/\"},\"sameAs\":[\"https:\\\/\\\/www.facebook.com\\\/bbqassad\",\"https:\\\/\\\/www.youtube.com\\\/channel\\\/UCsoufn49J6TVi9Ah9meE93w\"]}]}<\/script>\n<!-- \/ Yoast SEO plugin. -->","yoast_head_json":{"title":"Heath Riles Beef Rub 311 g -% BBQ \u00c4ssad%","description":"Heath Riles Beef Rub on mausteseos, joka sis\u00e4lt\u00e4\u00e4 suolaa, mausteita ja kuivattua valkosipulia. Nettopaino 311 g. Valmistettu Yhdysvalloissa.","robots":{"index":"index","follow":"follow","max-snippet":"max-snippet:-1","max-image-preview":"max-image-preview:large","max-video-preview":"max-video-preview:-1"},"canonical":"https:\/\/bbqassad.ee\/fi\/toode\/heath-riles-beef-rub-311-g-2\/","og_locale":"fi_FI","og_type":"article","og_title":"Heath Riles Beef Rub 311 g -% BBQ \u00c4ssad%","og_description":"Heath Riles Beef Rub on mausteseos, joka sis\u00e4lt\u00e4\u00e4 suolaa, mausteita ja kuivattua valkosipulia. Nettopaino 311 g. Valmistettu Yhdysvalloissa.","og_url":"https:\/\/bbqassad.ee\/fi\/toode\/heath-riles-beef-rub-311-g-2\/","og_site_name":"BBQ \u00c4ssad","article_publisher":"https:\/\/www.facebook.com\/bbqassad","article_modified_time":"2026-04-14T06:34:25+00:00","og_image":[{"url":"https:\/\/bbqassad.ee\/wp-content\/uploads\/2026\/03\/Heath_Riles_Beef_Rub_311g.png","type":"","width":"","height":""}],"twitter_card":"summary_large_image","twitter_title":"Heath Riles Beef Rub 311 g -% BBQ \u00c4ssad%","twitter_description":"Heath Riles Beef Rub on mausteseos, joka sis\u00e4lt\u00e4\u00e4 suolaa, mausteita ja kuivattua valkosipulia. Nettopaino 311 g. Valmistettu Yhdysvalloissa.","twitter_image":"https:\/\/bbqassad.ee\/wp-content\/uploads\/2026\/03\/Heath_Riles_Beef_Rub_311g.png","twitter_misc":{"Arvioitu lukuaika":"1 minuutti"},"schema":{"@context":"https:\/\/schema.org","@graph":[{"@type":"WebPage","@id":"https:\/\/bbqassad.ee\/fi\/toode\/heath-riles-beef-rub-311-g-2\/","url":"https:\/\/bbqassad.ee\/fi\/toode\/heath-riles-beef-rub-311-g-2\/","name":"Heath Riles Beef Rub 311 g -% BBQ \u00c4ssad%","isPartOf":{"@id":"https:\/\/bbqassad.ee\/fi\/#website"},"primaryImageOfPage":{"@id":"https:\/\/bbqassad.ee\/fi\/toode\/heath-riles-beef-rub-311-g-2\/#primaryimage"},"image":{"@id":"https:\/\/bbqassad.ee\/fi\/toode\/heath-riles-beef-rub-311-g-2\/#primaryimage"},"thumbnailUrl":"https:\/\/bbqassad.ee\/wp-content\/uploads\/2026\/03\/Heath_Riles_Beef_Rub_311g.png","datePublished":"2026-03-27T11:41:41+00:00","dateModified":"2026-04-14T06:34:25+00:00","description":"Heath Riles Beef Rub on mausteseos, joka sis\u00e4lt\u00e4\u00e4 suolaa, mausteita ja kuivattua valkosipulia. Nettopaino 311 g. Valmistettu Yhdysvalloissa.","breadcrumb":{"@id":"https:\/\/bbqassad.ee\/fi\/toode\/heath-riles-beef-rub-311-g-2\/#breadcrumb"},"inLanguage":"fi","potentialAction":[{"@type":"ReadAction","target":["https:\/\/bbqassad.ee\/fi\/toode\/heath-riles-beef-rub-311-g-2\/"]}]},{"@type":"ImageObject","inLanguage":"fi","@id":"https:\/\/bbqassad.ee\/fi\/toode\/heath-riles-beef-rub-311-g-2\/#primaryimage","url":"https:\/\/bbqassad.ee\/wp-content\/uploads\/2026\/03\/Heath_Riles_Beef_Rub_311g.png","contentUrl":"https:\/\/bbqassad.ee\/wp-content\/uploads\/2026\/03\/Heath_Riles_Beef_Rub_311g.png","width":1280,"height":720},{"@type":"BreadcrumbList","@id":"https:\/\/bbqassad.ee\/fi\/toode\/heath-riles-beef-rub-311-g-2\/#breadcrumb","itemListElement":[{"@type":"ListItem","position":1,"name":"Home","item":"https:\/\/bbqassad.ee\/fi\/bbq-assat\/"},{"@type":"ListItem","position":2,"name":"Verkkokauppa","item":"https:\/\/bbqassad.ee\/fi\/verkkokauppa\/"},{"@type":"ListItem","position":3,"name":"Heath Riles Beef Rub 311 g"}]},{"@type":"WebSite","@id":"https:\/\/bbqassad.ee\/fi\/#website","url":"https:\/\/bbqassad.ee\/fi\/","name":"BBQ \u00c4ssad","description":"BBQ maitseained, kastmed, ahjud","publisher":{"@id":"https:\/\/bbqassad.ee\/fi\/#organization"},"potentialAction":[{"@type":"SearchAction","target":{"@type":"EntryPoint","urlTemplate":"https:\/\/bbqassad.ee\/fi\/?s={search_term_string}"},"query-input":{"@type":"PropertyValueSpecification","valueRequired":true,"valueName":"search_term_string"}}],"inLanguage":"fi"},{"@type":"Organization","@id":"https:\/\/bbqassad.ee\/fi\/#organization","name":"BBQ \u00c4ssad","url":"https:\/\/bbqassad.ee\/fi\/","logo":{"@type":"ImageObject","inLanguage":"fi","@id":"https:\/\/bbqassad.ee\/fi\/#\/schema\/logo\/image\/","url":"https:\/\/bbqassad.ee\/wp-content\/uploads\/2022\/10\/BBQ-2ssadlogo.png","contentUrl":"https:\/\/bbqassad.ee\/wp-content\/uploads\/2022\/10\/BBQ-2ssadlogo.png","width":1080,"height":1080,"caption":"BBQ \u00c4ssad"},"image":{"@id":"https:\/\/bbqassad.ee\/fi\/#\/schema\/logo\/image\/"},"sameAs":["https:\/\/www.facebook.com\/bbqassad","https:\/\/www.youtube.com\/channel\/UCsoufn49J6TVi9Ah9meE93w"]}]}},"_links":{"self":[{"href":"https:\/\/bbqassad.ee\/fi\/wp-json\/wp\/v2\/product\/23638","targetHints":{"allow":["GET"]}}],"collection":[{"href":"https:\/\/bbqassad.ee\/fi\/wp-json\/wp\/v2\/product"}],"about":[{"href":"https:\/\/bbqassad.ee\/fi\/wp-json\/wp\/v2\/types\/product"}],"replies":[{"embeddable":true,"href":"https:\/\/bbqassad.ee\/fi\/wp-json\/wp\/v2\/comments?post=23638"}],"wp:featuredmedia":[{"embeddable":true,"href":"https:\/\/bbqassad.ee\/fi\/wp-json\/wp\/v2\/media\/22984"}],"wp:attachment":[{"href":"https:\/\/bbqassad.ee\/fi\/wp-json\/wp\/v2\/media?parent=23638"}],"wp:term":[{"taxonomy":"product_brand","embeddable":true,"href":"https:\/\/bbqassad.ee\/fi\/wp-json\/wp\/v2\/product_brand?post=23638"},{"taxonomy":"product_cat","embeddable":true,"href":"https:\/\/bbqassad.ee\/fi\/wp-json\/wp\/v2\/product_cat?post=23638"},{"taxonomy":"product_tag","embeddable":true,"href":"https:\/\/bbqassad.ee\/fi\/wp-json\/wp\/v2\/product_tag?post=23638"}],"curies":[{"name":"wp","href":"https:\/\/api.w.org\/{rel}","templated":true}]}}