{"id":23633,"date":"2026-04-22T11:52:12","date_gmt":"2026-04-22T11:52:12","guid":{"rendered":"https:\/\/bbqassad.ee\/?post_type=product&#038;p=23633"},"modified":"2026-04-22T11:52:13","modified_gmt":"2026-04-22T11:52:13","slug":"grillteam-silikoniharja-2kpl","status":"publish","type":"product","link":"https:\/\/bbqassad.ee\/fi\/toode\/grillteam-silikoniharja-2kpl\/","title":{"rendered":"GrillTeam silikoniharja 2kpl"},"content":{"rendered":"<h2>GrillTeam Silikoniharja 2kpl<\/h2>\n","protected":false},"excerpt":{"rendered":"<p>GrillTeam Silikoniharja 2kpl<\/p>\n","protected":false},"featured_media":23012,"comment_status":"open","ping_status":"closed","template":"","meta":[],"product_brand":[189],"product_cat":[785,816,784],"product_tag":[],"class_list":{"0":"post-23633","1":"product","2":"type-product","3":"status-publish","4":"has-post-thumbnail","6":"product_brand-grillteam","7":"product_cat-kaasugrillien-tarvikkeet","8":"product_cat-kamado-grillien-tarvikkeet","9":"product_cat-tarvikkeet","11":"first","12":"instock","13":"taxable","14":"shipping-taxable","15":"purchasable","16":"product-type-simple"},"yoast_head":"<!-- This site is optimized with the Yoast SEO plugin v27.4 - https:\/\/yoast.com\/product\/yoast-seo-wordpress\/ -->\n<title>GrillTeam silikoniharja 2kpl - BBQ \u00c4ssad%<\/title>\n<meta name=\"description\" content=\"GrillTeam Silicone Brush Set sis\u00e4lt\u00e4\u00e4 kaksi korkealaatuista silikoniharjaa, jotka sopivat erinomaisesti kaasugrilleihin ja kamado-uuneihin. Helppo k\u00e4ytt\u00e4\u00e4 ja puhdistaa.\" \/>\n<meta name=\"robots\" content=\"index, follow, max-snippet:-1, max-image-preview:large, max-video-preview:-1\" \/>\n<link rel=\"canonical\" href=\"https:\/\/bbqassad.ee\/fi\/toode\/grillteam-silikoniharja-2kpl\/\" \/>\n<meta property=\"og:locale\" content=\"fi_FI\" \/>\n<meta property=\"og:type\" content=\"article\" \/>\n<meta property=\"og:title\" content=\"GrillTeam silikoniharja 2kpl - BBQ \u00c4ssad%\" \/>\n<meta property=\"og:description\" content=\"GrillTeam Silicone Brush Set sis\u00e4lt\u00e4\u00e4 kaksi korkealaatuista silikoniharjaa, jotka sopivat erinomaisesti kaasugrilleihin ja kamado-uuneihin. Helppo k\u00e4ytt\u00e4\u00e4 ja puhdistaa.\" \/>\n<meta property=\"og:url\" content=\"https:\/\/bbqassad.ee\/fi\/toode\/grillteam-silikoniharja-2kpl\/\" \/>\n<meta property=\"og:site_name\" content=\"BBQ \u00c4ssad\" \/>\n<meta property=\"article:publisher\" content=\"https:\/\/www.facebook.com\/bbqassad\" \/>\n<meta property=\"article:modified_time\" content=\"2026-04-22T11:52:13+00:00\" \/>\n<meta property=\"og:image\" content=\"https:\/\/bbqassad.ee\/wp-content\/uploads\/2026\/03\/GrillTeam_Silikoonhari_2tk.png\" \/>\n<meta name=\"twitter:card\" content=\"summary_large_image\" \/>\n<meta name=\"twitter:title\" content=\"GrillTeam silikoniharja 2kpl - BBQ \u00c4ssad%\" \/>\n<meta name=\"twitter:description\" content=\"GrillTeam Silicone Brush Set sis\u00e4lt\u00e4\u00e4 kaksi korkealaatuista silikoniharjaa, jotka sopivat erinomaisesti kaasugrilleihin ja kamado-uuneihin. Helppo k\u00e4ytt\u00e4\u00e4 ja puhdistaa.\" \/>\n<meta name=\"twitter:image\" content=\"https:\/\/bbqassad.ee\/wp-content\/uploads\/2026\/03\/GrillTeam_Silikoonhari_2tk.png\" \/>\n<script type=\"application\/ld+json\" class=\"yoast-schema-graph\">{\"@context\":\"https:\\\/\\\/schema.org\",\"@graph\":[{\"@type\":\"WebPage\",\"@id\":\"https:\\\/\\\/bbqassad.ee\\\/fi\\\/toode\\\/grillteam-silikoniharja-2kpl\\\/\",\"url\":\"https:\\\/\\\/bbqassad.ee\\\/fi\\\/toode\\\/grillteam-silikoniharja-2kpl\\\/\",\"name\":\"GrillTeam silikoniharja 2kpl - BBQ \u00c4ssad%\",\"isPartOf\":{\"@id\":\"https:\\\/\\\/bbqassad.ee\\\/fi\\\/#website\"},\"primaryImageOfPage\":{\"@id\":\"https:\\\/\\\/bbqassad.ee\\\/fi\\\/toode\\\/grillteam-silikoniharja-2kpl\\\/#primaryimage\"},\"image\":{\"@id\":\"https:\\\/\\\/bbqassad.ee\\\/fi\\\/toode\\\/grillteam-silikoniharja-2kpl\\\/#primaryimage\"},\"thumbnailUrl\":\"https:\\\/\\\/bbqassad.ee\\\/wp-content\\\/uploads\\\/2026\\\/03\\\/GrillTeam_Silikoonhari_2tk.png\",\"datePublished\":\"2026-04-22T11:52:12+00:00\",\"dateModified\":\"2026-04-22T11:52:13+00:00\",\"description\":\"GrillTeam Silicone Brush Set sis\u00e4lt\u00e4\u00e4 kaksi korkealaatuista silikoniharjaa, jotka sopivat erinomaisesti kaasugrilleihin ja kamado-uuneihin. Helppo k\u00e4ytt\u00e4\u00e4 ja puhdistaa.\",\"breadcrumb\":{\"@id\":\"https:\\\/\\\/bbqassad.ee\\\/fi\\\/toode\\\/grillteam-silikoniharja-2kpl\\\/#breadcrumb\"},\"inLanguage\":\"fi\",\"potentialAction\":[{\"@type\":\"ReadAction\",\"target\":[\"https:\\\/\\\/bbqassad.ee\\\/fi\\\/toode\\\/grillteam-silikoniharja-2kpl\\\/\"]}]},{\"@type\":\"ImageObject\",\"inLanguage\":\"fi\",\"@id\":\"https:\\\/\\\/bbqassad.ee\\\/fi\\\/toode\\\/grillteam-silikoniharja-2kpl\\\/#primaryimage\",\"url\":\"https:\\\/\\\/bbqassad.ee\\\/wp-content\\\/uploads\\\/2026\\\/03\\\/GrillTeam_Silikoonhari_2tk.png\",\"contentUrl\":\"https:\\\/\\\/bbqassad.ee\\\/wp-content\\\/uploads\\\/2026\\\/03\\\/GrillTeam_Silikoonhari_2tk.png\",\"width\":1280,\"height\":720},{\"@type\":\"BreadcrumbList\",\"@id\":\"https:\\\/\\\/bbqassad.ee\\\/fi\\\/toode\\\/grillteam-silikoniharja-2kpl\\\/#breadcrumb\",\"itemListElement\":[{\"@type\":\"ListItem\",\"position\":1,\"name\":\"Home\",\"item\":\"https:\\\/\\\/bbqassad.ee\\\/fi\\\/bbq-assat\\\/\"},{\"@type\":\"ListItem\",\"position\":2,\"name\":\"Verkkokauppa\",\"item\":\"https:\\\/\\\/bbqassad.ee\\\/fi\\\/verkkokauppa\\\/\"},{\"@type\":\"ListItem\",\"position\":3,\"name\":\"GrillTeam silikoniharja 2kpl\"}]},{\"@type\":\"WebSite\",\"@id\":\"https:\\\/\\\/bbqassad.ee\\\/fi\\\/#website\",\"url\":\"https:\\\/\\\/bbqassad.ee\\\/fi\\\/\",\"name\":\"BBQ \u00c4ssad\",\"description\":\"BBQ maitseained, kastmed, ahjud\",\"publisher\":{\"@id\":\"https:\\\/\\\/bbqassad.ee\\\/fi\\\/#organization\"},\"potentialAction\":[{\"@type\":\"SearchAction\",\"target\":{\"@type\":\"EntryPoint\",\"urlTemplate\":\"https:\\\/\\\/bbqassad.ee\\\/fi\\\/?s={search_term_string}\"},\"query-input\":{\"@type\":\"PropertyValueSpecification\",\"valueRequired\":true,\"valueName\":\"search_term_string\"}}],\"inLanguage\":\"fi\"},{\"@type\":\"Organization\",\"@id\":\"https:\\\/\\\/bbqassad.ee\\\/fi\\\/#organization\",\"name\":\"BBQ \u00c4ssad\",\"url\":\"https:\\\/\\\/bbqassad.ee\\\/fi\\\/\",\"logo\":{\"@type\":\"ImageObject\",\"inLanguage\":\"fi\",\"@id\":\"https:\\\/\\\/bbqassad.ee\\\/fi\\\/#\\\/schema\\\/logo\\\/image\\\/\",\"url\":\"https:\\\/\\\/bbqassad.ee\\\/wp-content\\\/uploads\\\/2022\\\/10\\\/BBQ-2ssadlogo.png\",\"contentUrl\":\"https:\\\/\\\/bbqassad.ee\\\/wp-content\\\/uploads\\\/2022\\\/10\\\/BBQ-2ssadlogo.png\",\"width\":1080,\"height\":1080,\"caption\":\"BBQ \u00c4ssad\"},\"image\":{\"@id\":\"https:\\\/\\\/bbqassad.ee\\\/fi\\\/#\\\/schema\\\/logo\\\/image\\\/\"},\"sameAs\":[\"https:\\\/\\\/www.facebook.com\\\/bbqassad\",\"https:\\\/\\\/www.youtube.com\\\/channel\\\/UCsoufn49J6TVi9Ah9meE93w\"]}]}<\/script>\n<!-- \/ Yoast SEO plugin. -->","yoast_head_json":{"title":"GrillTeam silikoniharja 2kpl - BBQ \u00c4ssad%","description":"GrillTeam Silicone Brush Set sis\u00e4lt\u00e4\u00e4 kaksi korkealaatuista silikoniharjaa, jotka sopivat erinomaisesti kaasugrilleihin ja kamado-uuneihin. Helppo k\u00e4ytt\u00e4\u00e4 ja puhdistaa.","robots":{"index":"index","follow":"follow","max-snippet":"max-snippet:-1","max-image-preview":"max-image-preview:large","max-video-preview":"max-video-preview:-1"},"canonical":"https:\/\/bbqassad.ee\/fi\/toode\/grillteam-silikoniharja-2kpl\/","og_locale":"fi_FI","og_type":"article","og_title":"GrillTeam silikoniharja 2kpl - BBQ \u00c4ssad%","og_description":"GrillTeam Silicone Brush Set sis\u00e4lt\u00e4\u00e4 kaksi korkealaatuista silikoniharjaa, jotka sopivat erinomaisesti kaasugrilleihin ja kamado-uuneihin. Helppo k\u00e4ytt\u00e4\u00e4 ja puhdistaa.","og_url":"https:\/\/bbqassad.ee\/fi\/toode\/grillteam-silikoniharja-2kpl\/","og_site_name":"BBQ \u00c4ssad","article_publisher":"https:\/\/www.facebook.com\/bbqassad","article_modified_time":"2026-04-22T11:52:13+00:00","og_image":[{"url":"https:\/\/bbqassad.ee\/wp-content\/uploads\/2026\/03\/GrillTeam_Silikoonhari_2tk.png","type":"","width":"","height":""}],"twitter_card":"summary_large_image","twitter_title":"GrillTeam silikoniharja 2kpl - BBQ \u00c4ssad%","twitter_description":"GrillTeam Silicone Brush Set sis\u00e4lt\u00e4\u00e4 kaksi korkealaatuista silikoniharjaa, jotka sopivat erinomaisesti kaasugrilleihin ja kamado-uuneihin. Helppo k\u00e4ytt\u00e4\u00e4 ja puhdistaa.","twitter_image":"https:\/\/bbqassad.ee\/wp-content\/uploads\/2026\/03\/GrillTeam_Silikoonhari_2tk.png","schema":{"@context":"https:\/\/schema.org","@graph":[{"@type":"WebPage","@id":"https:\/\/bbqassad.ee\/fi\/toode\/grillteam-silikoniharja-2kpl\/","url":"https:\/\/bbqassad.ee\/fi\/toode\/grillteam-silikoniharja-2kpl\/","name":"GrillTeam silikoniharja 2kpl - BBQ \u00c4ssad%","isPartOf":{"@id":"https:\/\/bbqassad.ee\/fi\/#website"},"primaryImageOfPage":{"@id":"https:\/\/bbqassad.ee\/fi\/toode\/grillteam-silikoniharja-2kpl\/#primaryimage"},"image":{"@id":"https:\/\/bbqassad.ee\/fi\/toode\/grillteam-silikoniharja-2kpl\/#primaryimage"},"thumbnailUrl":"https:\/\/bbqassad.ee\/wp-content\/uploads\/2026\/03\/GrillTeam_Silikoonhari_2tk.png","datePublished":"2026-04-22T11:52:12+00:00","dateModified":"2026-04-22T11:52:13+00:00","description":"GrillTeam Silicone Brush Set sis\u00e4lt\u00e4\u00e4 kaksi korkealaatuista silikoniharjaa, jotka sopivat erinomaisesti kaasugrilleihin ja kamado-uuneihin. Helppo k\u00e4ytt\u00e4\u00e4 ja puhdistaa.","breadcrumb":{"@id":"https:\/\/bbqassad.ee\/fi\/toode\/grillteam-silikoniharja-2kpl\/#breadcrumb"},"inLanguage":"fi","potentialAction":[{"@type":"ReadAction","target":["https:\/\/bbqassad.ee\/fi\/toode\/grillteam-silikoniharja-2kpl\/"]}]},{"@type":"ImageObject","inLanguage":"fi","@id":"https:\/\/bbqassad.ee\/fi\/toode\/grillteam-silikoniharja-2kpl\/#primaryimage","url":"https:\/\/bbqassad.ee\/wp-content\/uploads\/2026\/03\/GrillTeam_Silikoonhari_2tk.png","contentUrl":"https:\/\/bbqassad.ee\/wp-content\/uploads\/2026\/03\/GrillTeam_Silikoonhari_2tk.png","width":1280,"height":720},{"@type":"BreadcrumbList","@id":"https:\/\/bbqassad.ee\/fi\/toode\/grillteam-silikoniharja-2kpl\/#breadcrumb","itemListElement":[{"@type":"ListItem","position":1,"name":"Home","item":"https:\/\/bbqassad.ee\/fi\/bbq-assat\/"},{"@type":"ListItem","position":2,"name":"Verkkokauppa","item":"https:\/\/bbqassad.ee\/fi\/verkkokauppa\/"},{"@type":"ListItem","position":3,"name":"GrillTeam silikoniharja 2kpl"}]},{"@type":"WebSite","@id":"https:\/\/bbqassad.ee\/fi\/#website","url":"https:\/\/bbqassad.ee\/fi\/","name":"BBQ \u00c4ssad","description":"BBQ maitseained, kastmed, ahjud","publisher":{"@id":"https:\/\/bbqassad.ee\/fi\/#organization"},"potentialAction":[{"@type":"SearchAction","target":{"@type":"EntryPoint","urlTemplate":"https:\/\/bbqassad.ee\/fi\/?s={search_term_string}"},"query-input":{"@type":"PropertyValueSpecification","valueRequired":true,"valueName":"search_term_string"}}],"inLanguage":"fi"},{"@type":"Organization","@id":"https:\/\/bbqassad.ee\/fi\/#organization","name":"BBQ \u00c4ssad","url":"https:\/\/bbqassad.ee\/fi\/","logo":{"@type":"ImageObject","inLanguage":"fi","@id":"https:\/\/bbqassad.ee\/fi\/#\/schema\/logo\/image\/","url":"https:\/\/bbqassad.ee\/wp-content\/uploads\/2022\/10\/BBQ-2ssadlogo.png","contentUrl":"https:\/\/bbqassad.ee\/wp-content\/uploads\/2022\/10\/BBQ-2ssadlogo.png","width":1080,"height":1080,"caption":"BBQ \u00c4ssad"},"image":{"@id":"https:\/\/bbqassad.ee\/fi\/#\/schema\/logo\/image\/"},"sameAs":["https:\/\/www.facebook.com\/bbqassad","https:\/\/www.youtube.com\/channel\/UCsoufn49J6TVi9Ah9meE93w"]}]}},"_links":{"self":[{"href":"https:\/\/bbqassad.ee\/fi\/wp-json\/wp\/v2\/product\/23633","targetHints":{"allow":["GET"]}}],"collection":[{"href":"https:\/\/bbqassad.ee\/fi\/wp-json\/wp\/v2\/product"}],"about":[{"href":"https:\/\/bbqassad.ee\/fi\/wp-json\/wp\/v2\/types\/product"}],"replies":[{"embeddable":true,"href":"https:\/\/bbqassad.ee\/fi\/wp-json\/wp\/v2\/comments?post=23633"}],"wp:featuredmedia":[{"embeddable":true,"href":"https:\/\/bbqassad.ee\/fi\/wp-json\/wp\/v2\/media\/23012"}],"wp:attachment":[{"href":"https:\/\/bbqassad.ee\/fi\/wp-json\/wp\/v2\/media?parent=23633"}],"wp:term":[{"taxonomy":"product_brand","embeddable":true,"href":"https:\/\/bbqassad.ee\/fi\/wp-json\/wp\/v2\/product_brand?post=23633"},{"taxonomy":"product_cat","embeddable":true,"href":"https:\/\/bbqassad.ee\/fi\/wp-json\/wp\/v2\/product_cat?post=23633"},{"taxonomy":"product_tag","embeddable":true,"href":"https:\/\/bbqassad.ee\/fi\/wp-json\/wp\/v2\/product_tag?post=23633"}],"curies":[{"name":"wp","href":"https:\/\/api.w.org\/{rel}","templated":true}]}}