{"id":23629,"date":"2026-04-22T11:46:59","date_gmt":"2026-04-22T11:46:59","guid":{"rendered":"https:\/\/bbqassad.ee\/?post_type=product&#038;p=23629"},"modified":"2026-04-22T11:46:59","modified_gmt":"2026-04-22T11:46:59","slug":"grillteam-grilliharja-pitkalla-kahvalla","status":"publish","type":"product","link":"https:\/\/bbqassad.ee\/fi\/toode\/grillteam-grilliharja-pitkalla-kahvalla\/","title":{"rendered":"GrillTeam grilliharja pitk\u00e4ll\u00e4 kahvalla"},"content":{"rendered":"<h2>GrillTeam grilliharja pitk\u00e4ll\u00e4 kahvalla<\/h2>\n","protected":false},"excerpt":{"rendered":"<p>GrillTeam grilliharja pitk\u00e4ll\u00e4 kahvalla<\/p>\n","protected":false},"featured_media":23042,"comment_status":"open","ping_status":"closed","template":"","meta":[],"product_brand":[189],"product_cat":[785,816,784],"product_tag":[],"class_list":{"0":"post-23629","1":"product","2":"type-product","3":"status-publish","4":"has-post-thumbnail","6":"product_brand-grillteam","7":"product_cat-kaasugrillien-tarvikkeet","8":"product_cat-kamado-grillien-tarvikkeet","9":"product_cat-tarvikkeet","11":"first","12":"instock","13":"taxable","14":"shipping-taxable","15":"purchasable","16":"product-type-simple"},"yoast_head":"<!-- This site is optimized with the Yoast SEO plugin v27.4 - https:\/\/yoast.com\/product\/yoast-seo-wordpress\/ -->\n<title>GrillTeam grilliharja pitk\u00e4ll\u00e4 kahvalla -% BBQ \u00c4ssad%<\/title>\n<meta name=\"description\" content=\"GrillTeam-grilliharja pitk\u00e4ll\u00e4 kahvalla on ihanteellinen lis\u00e4varuste kaasugrilleihin ja kamado-uuneihin. Laadukas ja kest\u00e4v\u00e4 mukavaan grillaukseen.\" \/>\n<meta name=\"robots\" content=\"index, follow, max-snippet:-1, max-image-preview:large, max-video-preview:-1\" \/>\n<link rel=\"canonical\" href=\"https:\/\/bbqassad.ee\/fi\/toode\/grillteam-grilliharja-pitkalla-kahvalla\/\" \/>\n<meta property=\"og:locale\" content=\"fi_FI\" \/>\n<meta property=\"og:type\" content=\"article\" \/>\n<meta property=\"og:title\" content=\"GrillTeam grilliharja pitk\u00e4ll\u00e4 kahvalla -% BBQ \u00c4ssad%\" \/>\n<meta property=\"og:description\" content=\"GrillTeam-grilliharja pitk\u00e4ll\u00e4 kahvalla on ihanteellinen lis\u00e4varuste kaasugrilleihin ja kamado-uuneihin. Laadukas ja kest\u00e4v\u00e4 takaa mukavan grillauksen.\" \/>\n<meta property=\"og:url\" content=\"https:\/\/bbqassad.ee\/fi\/toode\/grillteam-grilliharja-pitkalla-kahvalla\/\" \/>\n<meta property=\"og:site_name\" content=\"BBQ \u00c4ssad\" \/>\n<meta property=\"article:publisher\" content=\"https:\/\/www.facebook.com\/bbqassad\" \/>\n<meta property=\"og:image\" content=\"https:\/\/bbqassad.ee\/wp-content\/uploads\/2026\/03\/GrillTeam_Grillhari_pika_varrega.png\" \/>\n<meta name=\"twitter:card\" content=\"summary_large_image\" \/>\n<meta name=\"twitter:title\" content=\"GrillTeam grilliharja pitk\u00e4ll\u00e4 kahvalla -% BBQ \u00c4ssad%\" \/>\n<meta name=\"twitter:description\" content=\"GrillTeam-grilliharja pitk\u00e4ll\u00e4 kahvalla on ihanteellinen lis\u00e4varuste kaasugrilleihin ja kamado-uuneihin. Laadukas ja kest\u00e4v\u00e4 takaa mukavan grillauksen.\" \/>\n<meta name=\"twitter:image\" content=\"https:\/\/bbqassad.ee\/wp-content\/uploads\/2026\/03\/GrillTeam_Grillhari_pika_varrega.png\" \/>\n<script type=\"application\/ld+json\" class=\"yoast-schema-graph\">{\"@context\":\"https:\\\/\\\/schema.org\",\"@graph\":[{\"@type\":\"WebPage\",\"@id\":\"https:\\\/\\\/bbqassad.ee\\\/fi\\\/toode\\\/grillteam-grilliharja-pitkalla-kahvalla\\\/\",\"url\":\"https:\\\/\\\/bbqassad.ee\\\/fi\\\/toode\\\/grillteam-grilliharja-pitkalla-kahvalla\\\/\",\"name\":\"GrillTeam grilliharja pitk\u00e4ll\u00e4 kahvalla -% BBQ \u00c4ssad%\",\"isPartOf\":{\"@id\":\"https:\\\/\\\/bbqassad.ee\\\/fi\\\/#website\"},\"primaryImageOfPage\":{\"@id\":\"https:\\\/\\\/bbqassad.ee\\\/fi\\\/toode\\\/grillteam-grilliharja-pitkalla-kahvalla\\\/#primaryimage\"},\"image\":{\"@id\":\"https:\\\/\\\/bbqassad.ee\\\/fi\\\/toode\\\/grillteam-grilliharja-pitkalla-kahvalla\\\/#primaryimage\"},\"thumbnailUrl\":\"https:\\\/\\\/bbqassad.ee\\\/wp-content\\\/uploads\\\/2026\\\/03\\\/GrillTeam_Grillhari_pika_varrega.png\",\"datePublished\":\"2026-04-22T11:46:59+00:00\",\"description\":\"GrillTeam-grilliharja pitk\u00e4ll\u00e4 kahvalla on ihanteellinen lis\u00e4varuste kaasugrilleihin ja kamado-uuneihin. Laadukas ja kest\u00e4v\u00e4 mukavaan grillaukseen.\",\"breadcrumb\":{\"@id\":\"https:\\\/\\\/bbqassad.ee\\\/fi\\\/toode\\\/grillteam-grilliharja-pitkalla-kahvalla\\\/#breadcrumb\"},\"inLanguage\":\"fi\",\"potentialAction\":[{\"@type\":\"ReadAction\",\"target\":[\"https:\\\/\\\/bbqassad.ee\\\/fi\\\/toode\\\/grillteam-grilliharja-pitkalla-kahvalla\\\/\"]}]},{\"@type\":\"ImageObject\",\"inLanguage\":\"fi\",\"@id\":\"https:\\\/\\\/bbqassad.ee\\\/fi\\\/toode\\\/grillteam-grilliharja-pitkalla-kahvalla\\\/#primaryimage\",\"url\":\"https:\\\/\\\/bbqassad.ee\\\/wp-content\\\/uploads\\\/2026\\\/03\\\/GrillTeam_Grillhari_pika_varrega.png\",\"contentUrl\":\"https:\\\/\\\/bbqassad.ee\\\/wp-content\\\/uploads\\\/2026\\\/03\\\/GrillTeam_Grillhari_pika_varrega.png\",\"width\":1280,\"height\":720},{\"@type\":\"BreadcrumbList\",\"@id\":\"https:\\\/\\\/bbqassad.ee\\\/fi\\\/toode\\\/grillteam-grilliharja-pitkalla-kahvalla\\\/#breadcrumb\",\"itemListElement\":[{\"@type\":\"ListItem\",\"position\":1,\"name\":\"Home\",\"item\":\"https:\\\/\\\/bbqassad.ee\\\/fi\\\/bbq-assat\\\/\"},{\"@type\":\"ListItem\",\"position\":2,\"name\":\"Verkkokauppa\",\"item\":\"https:\\\/\\\/bbqassad.ee\\\/fi\\\/verkkokauppa\\\/\"},{\"@type\":\"ListItem\",\"position\":3,\"name\":\"GrillTeam grilliharja pitk\u00e4ll\u00e4 kahvalla\"}]},{\"@type\":\"WebSite\",\"@id\":\"https:\\\/\\\/bbqassad.ee\\\/fi\\\/#website\",\"url\":\"https:\\\/\\\/bbqassad.ee\\\/fi\\\/\",\"name\":\"BBQ \u00c4ssad\",\"description\":\"BBQ maitseained, kastmed, ahjud\",\"publisher\":{\"@id\":\"https:\\\/\\\/bbqassad.ee\\\/fi\\\/#organization\"},\"potentialAction\":[{\"@type\":\"SearchAction\",\"target\":{\"@type\":\"EntryPoint\",\"urlTemplate\":\"https:\\\/\\\/bbqassad.ee\\\/fi\\\/?s={search_term_string}\"},\"query-input\":{\"@type\":\"PropertyValueSpecification\",\"valueRequired\":true,\"valueName\":\"search_term_string\"}}],\"inLanguage\":\"fi\"},{\"@type\":\"Organization\",\"@id\":\"https:\\\/\\\/bbqassad.ee\\\/fi\\\/#organization\",\"name\":\"BBQ \u00c4ssad\",\"url\":\"https:\\\/\\\/bbqassad.ee\\\/fi\\\/\",\"logo\":{\"@type\":\"ImageObject\",\"inLanguage\":\"fi\",\"@id\":\"https:\\\/\\\/bbqassad.ee\\\/fi\\\/#\\\/schema\\\/logo\\\/image\\\/\",\"url\":\"https:\\\/\\\/bbqassad.ee\\\/wp-content\\\/uploads\\\/2022\\\/10\\\/BBQ-2ssadlogo.png\",\"contentUrl\":\"https:\\\/\\\/bbqassad.ee\\\/wp-content\\\/uploads\\\/2022\\\/10\\\/BBQ-2ssadlogo.png\",\"width\":1080,\"height\":1080,\"caption\":\"BBQ \u00c4ssad\"},\"image\":{\"@id\":\"https:\\\/\\\/bbqassad.ee\\\/fi\\\/#\\\/schema\\\/logo\\\/image\\\/\"},\"sameAs\":[\"https:\\\/\\\/www.facebook.com\\\/bbqassad\",\"https:\\\/\\\/www.youtube.com\\\/channel\\\/UCsoufn49J6TVi9Ah9meE93w\"]}]}<\/script>\n<!-- \/ Yoast SEO plugin. -->","yoast_head_json":{"title":"GrillTeam grilliharja pitk\u00e4ll\u00e4 kahvalla -% BBQ \u00c4ssad%","description":"GrillTeam-grilliharja pitk\u00e4ll\u00e4 kahvalla on ihanteellinen lis\u00e4varuste kaasugrilleihin ja kamado-uuneihin. Laadukas ja kest\u00e4v\u00e4 mukavaan grillaukseen.","robots":{"index":"index","follow":"follow","max-snippet":"max-snippet:-1","max-image-preview":"max-image-preview:large","max-video-preview":"max-video-preview:-1"},"canonical":"https:\/\/bbqassad.ee\/fi\/toode\/grillteam-grilliharja-pitkalla-kahvalla\/","og_locale":"fi_FI","og_type":"article","og_title":"GrillTeam grilliharja pitk\u00e4ll\u00e4 kahvalla -% BBQ \u00c4ssad%","og_description":"GrillTeam-grilliharja pitk\u00e4ll\u00e4 kahvalla on ihanteellinen lis\u00e4varuste kaasugrilleihin ja kamado-uuneihin. Laadukas ja kest\u00e4v\u00e4 takaa mukavan grillauksen.","og_url":"https:\/\/bbqassad.ee\/fi\/toode\/grillteam-grilliharja-pitkalla-kahvalla\/","og_site_name":"BBQ \u00c4ssad","article_publisher":"https:\/\/www.facebook.com\/bbqassad","og_image":[{"url":"https:\/\/bbqassad.ee\/wp-content\/uploads\/2026\/03\/GrillTeam_Grillhari_pika_varrega.png","type":"","width":"","height":""}],"twitter_card":"summary_large_image","twitter_title":"GrillTeam grilliharja pitk\u00e4ll\u00e4 kahvalla -% BBQ \u00c4ssad%","twitter_description":"GrillTeam-grilliharja pitk\u00e4ll\u00e4 kahvalla on ihanteellinen lis\u00e4varuste kaasugrilleihin ja kamado-uuneihin. Laadukas ja kest\u00e4v\u00e4 takaa mukavan grillauksen.","twitter_image":"https:\/\/bbqassad.ee\/wp-content\/uploads\/2026\/03\/GrillTeam_Grillhari_pika_varrega.png","schema":{"@context":"https:\/\/schema.org","@graph":[{"@type":"WebPage","@id":"https:\/\/bbqassad.ee\/fi\/toode\/grillteam-grilliharja-pitkalla-kahvalla\/","url":"https:\/\/bbqassad.ee\/fi\/toode\/grillteam-grilliharja-pitkalla-kahvalla\/","name":"GrillTeam grilliharja pitk\u00e4ll\u00e4 kahvalla -% BBQ \u00c4ssad%","isPartOf":{"@id":"https:\/\/bbqassad.ee\/fi\/#website"},"primaryImageOfPage":{"@id":"https:\/\/bbqassad.ee\/fi\/toode\/grillteam-grilliharja-pitkalla-kahvalla\/#primaryimage"},"image":{"@id":"https:\/\/bbqassad.ee\/fi\/toode\/grillteam-grilliharja-pitkalla-kahvalla\/#primaryimage"},"thumbnailUrl":"https:\/\/bbqassad.ee\/wp-content\/uploads\/2026\/03\/GrillTeam_Grillhari_pika_varrega.png","datePublished":"2026-04-22T11:46:59+00:00","description":"GrillTeam-grilliharja pitk\u00e4ll\u00e4 kahvalla on ihanteellinen lis\u00e4varuste kaasugrilleihin ja kamado-uuneihin. Laadukas ja kest\u00e4v\u00e4 mukavaan grillaukseen.","breadcrumb":{"@id":"https:\/\/bbqassad.ee\/fi\/toode\/grillteam-grilliharja-pitkalla-kahvalla\/#breadcrumb"},"inLanguage":"fi","potentialAction":[{"@type":"ReadAction","target":["https:\/\/bbqassad.ee\/fi\/toode\/grillteam-grilliharja-pitkalla-kahvalla\/"]}]},{"@type":"ImageObject","inLanguage":"fi","@id":"https:\/\/bbqassad.ee\/fi\/toode\/grillteam-grilliharja-pitkalla-kahvalla\/#primaryimage","url":"https:\/\/bbqassad.ee\/wp-content\/uploads\/2026\/03\/GrillTeam_Grillhari_pika_varrega.png","contentUrl":"https:\/\/bbqassad.ee\/wp-content\/uploads\/2026\/03\/GrillTeam_Grillhari_pika_varrega.png","width":1280,"height":720},{"@type":"BreadcrumbList","@id":"https:\/\/bbqassad.ee\/fi\/toode\/grillteam-grilliharja-pitkalla-kahvalla\/#breadcrumb","itemListElement":[{"@type":"ListItem","position":1,"name":"Home","item":"https:\/\/bbqassad.ee\/fi\/bbq-assat\/"},{"@type":"ListItem","position":2,"name":"Verkkokauppa","item":"https:\/\/bbqassad.ee\/fi\/verkkokauppa\/"},{"@type":"ListItem","position":3,"name":"GrillTeam grilliharja pitk\u00e4ll\u00e4 kahvalla"}]},{"@type":"WebSite","@id":"https:\/\/bbqassad.ee\/fi\/#website","url":"https:\/\/bbqassad.ee\/fi\/","name":"BBQ \u00c4ssad","description":"BBQ maitseained, kastmed, ahjud","publisher":{"@id":"https:\/\/bbqassad.ee\/fi\/#organization"},"potentialAction":[{"@type":"SearchAction","target":{"@type":"EntryPoint","urlTemplate":"https:\/\/bbqassad.ee\/fi\/?s={search_term_string}"},"query-input":{"@type":"PropertyValueSpecification","valueRequired":true,"valueName":"search_term_string"}}],"inLanguage":"fi"},{"@type":"Organization","@id":"https:\/\/bbqassad.ee\/fi\/#organization","name":"BBQ \u00c4ssad","url":"https:\/\/bbqassad.ee\/fi\/","logo":{"@type":"ImageObject","inLanguage":"fi","@id":"https:\/\/bbqassad.ee\/fi\/#\/schema\/logo\/image\/","url":"https:\/\/bbqassad.ee\/wp-content\/uploads\/2022\/10\/BBQ-2ssadlogo.png","contentUrl":"https:\/\/bbqassad.ee\/wp-content\/uploads\/2022\/10\/BBQ-2ssadlogo.png","width":1080,"height":1080,"caption":"BBQ \u00c4ssad"},"image":{"@id":"https:\/\/bbqassad.ee\/fi\/#\/schema\/logo\/image\/"},"sameAs":["https:\/\/www.facebook.com\/bbqassad","https:\/\/www.youtube.com\/channel\/UCsoufn49J6TVi9Ah9meE93w"]}]}},"_links":{"self":[{"href":"https:\/\/bbqassad.ee\/fi\/wp-json\/wp\/v2\/product\/23629","targetHints":{"allow":["GET"]}}],"collection":[{"href":"https:\/\/bbqassad.ee\/fi\/wp-json\/wp\/v2\/product"}],"about":[{"href":"https:\/\/bbqassad.ee\/fi\/wp-json\/wp\/v2\/types\/product"}],"replies":[{"embeddable":true,"href":"https:\/\/bbqassad.ee\/fi\/wp-json\/wp\/v2\/comments?post=23629"}],"wp:featuredmedia":[{"embeddable":true,"href":"https:\/\/bbqassad.ee\/fi\/wp-json\/wp\/v2\/media\/23042"}],"wp:attachment":[{"href":"https:\/\/bbqassad.ee\/fi\/wp-json\/wp\/v2\/media?parent=23629"}],"wp:term":[{"taxonomy":"product_brand","embeddable":true,"href":"https:\/\/bbqassad.ee\/fi\/wp-json\/wp\/v2\/product_brand?post=23629"},{"taxonomy":"product_cat","embeddable":true,"href":"https:\/\/bbqassad.ee\/fi\/wp-json\/wp\/v2\/product_cat?post=23629"},{"taxonomy":"product_tag","embeddable":true,"href":"https:\/\/bbqassad.ee\/fi\/wp-json\/wp\/v2\/product_tag?post=23629"}],"curies":[{"name":"wp","href":"https:\/\/api.w.org\/{rel}","templated":true}]}}