{"id":23611,"date":"2022-11-02T10:28:08","date_gmt":"2022-11-02T10:28:08","guid":{"rendered":"https:\/\/bbqassad.ee\/toode\/good-shit-mausteseos\/"},"modified":"2026-04-30T16:50:45","modified_gmt":"2026-04-30T16:50:45","slug":"good-shit-mausteseos","status":"publish","type":"product","link":"https:\/\/bbqassad.ee\/fi\/toode\/good-shit-mausteseos\/","title":{"rendered":"Good Shit -mausteseos"},"content":{"rendered":"<p>Good Shit on suunniteltu tuomaan esiin makeutta, mutta se ei ole suolatonta. Se on enemm\u00e4nkin makea makuaine, joka sopii sek\u00e4 kanan ett\u00e4 sianlihan p\u00e4\u00e4lle. Kaikki on tehty sit\u00e4 varten, mit\u00e4 yst\u00e4v\u00e4si sanovat grillin sy\u00f6misen j\u00e4lkeen: T\u00e4m\u00e4 on hyv\u00e4\u00e4 kamaa \ud83d\ude42  <\/p>\n<h2>BBQ Aces kommentti:<\/h2>\n<p>Teimme kaikki omat hierontamme, kun menimme grillauskilpailuihin. Sianlihan rubimme voitti jatkuvasti ensimm\u00e4isen sijan sek\u00e4 Euroopan mestaruuskilpailuissa ett\u00e4 maailmanmestaruuskilpailuissa sek\u00e4 aba- ett\u00e4 kylkiluiden osalta. Good Shit on meille heureka-hetki, sill\u00e4 maistettuamme sit\u00e4 tajusimme, ett\u00e4 amerikkalaiset olivat tehneet periaatteessa samaa rubia, jonka me olimme itse sekoittaneet t\u00e4\u00e4ll\u00e4. Erityist\u00e4 heid\u00e4n rubissaan on se, ett\u00e4 kaikki on hienonnettu eritt\u00e4in hyvin ja tasaisesti, mik\u00e4 antaa tasaisen lopputuloksen lihan maustamisessa. Jos grillaat tai paistat, k\u00e4yt\u00e4 Good Shit -maustetta kananlihan, isompien sianlihapalojen (kuten niskalihasta tehdyn pulled porkin) tai superherkullisen ribsin maustamiseen.    <\/p>\n<h2>Pro-vinkki:<\/h2>\n<p>Kun k\u00e4yt\u00e4t t\u00e4t\u00e4 maustetta, mieti, ett\u00e4 laitat sen<br \/>\n6-7 tuntia ennen grilliuuniin laittamista suurille paloille, kuten lapa- tai kaulapaloille, ja noin 45 minuutista tuntiin kylkiluille.<\/p>\n","protected":false},"excerpt":{"rendered":"<p>Valmistaja: Big Cock Ranch<br \/>\nPaino: 313g<br \/>\nAinesosat: sokeri, ruskea sokeri, paprika, suola, pippuri, valkosipuli, sipuli, chili<\/p>\n<p>Toimitusaika: 1-3 ty\u00f6p\u00e4iv\u00e4\u00e4.<\/p>\n","protected":false},"featured_media":23623,"comment_status":"open","ping_status":"closed","template":"","meta":[],"product_brand":[],"product_cat":[802],"product_tag":[790,789],"class_list":{"0":"post-23611","1":"product","2":"type-product","3":"status-publish","4":"has-post-thumbnail","6":"product_cat-sekoitukset","7":"product_tag-kana","8":"product_tag-sika","10":"first","11":"instock","12":"taxable","13":"shipping-taxable","14":"purchasable","15":"product-type-simple"},"yoast_head":"<!-- This site is optimized with the Yoast SEO plugin v27.4 - https:\/\/yoast.com\/product\/yoast-seo-wordpress\/ -->\n<title>Good Shit -mausteseos - BBQ \u00c4ssad%<\/title>\n<meta name=\"description\" content=\"Good Shit - on suunniteltu tuomaan esiin makeutta, mutta se ei ole suolatonta. Pikemminkin makeampi maku ...\" \/>\n<meta name=\"robots\" content=\"index, follow, max-snippet:-1, max-image-preview:large, max-video-preview:-1\" \/>\n<link rel=\"canonical\" href=\"https:\/\/bbqassad.ee\/fi\/toode\/good-shit-mausteseos\/\" \/>\n<meta property=\"og:locale\" content=\"fi_FI\" \/>\n<meta property=\"og:type\" content=\"article\" \/>\n<meta property=\"og:title\" content=\"Good Shit -mausteseos - BBQ \u00c4ssad%\" \/>\n<meta property=\"og:description\" content=\"Good Shit - on suunniteltu tuomaan esiin makeutta, mutta se ei ole suolatonta. Pikemminkin makeampi maku ...\" \/>\n<meta property=\"og:url\" content=\"https:\/\/bbqassad.ee\/fi\/toode\/good-shit-mausteseos\/\" \/>\n<meta property=\"og:site_name\" content=\"BBQ \u00c4ssad\" \/>\n<meta property=\"article:publisher\" content=\"https:\/\/www.facebook.com\/bbqassad\" \/>\n<meta property=\"article:modified_time\" content=\"2026-04-30T16:50:45+00:00\" \/>\n<meta property=\"og:image\" content=\"https:\/\/bbqassad.ee\/wp-content\/uploads\/2022\/11\/ezgif.com-gif-maker.webp\" \/>\n\t<meta property=\"og:image:width\" content=\"800\" \/>\n\t<meta property=\"og:image:height\" content=\"800\" \/>\n\t<meta property=\"og:image:type\" content=\"image\/webp\" \/>\n<meta name=\"twitter:card\" content=\"summary_large_image\" \/>\n<meta name=\"twitter:label1\" content=\"Arvioitu lukuaika\" \/>\n\t<meta name=\"twitter:data1\" content=\"1 minuutti\" \/>\n<script type=\"application\/ld+json\" class=\"yoast-schema-graph\">{\"@context\":\"https:\\\/\\\/schema.org\",\"@graph\":[{\"@type\":\"WebPage\",\"@id\":\"https:\\\/\\\/bbqassad.ee\\\/fi\\\/toode\\\/good-shit-mausteseos\\\/\",\"url\":\"https:\\\/\\\/bbqassad.ee\\\/fi\\\/toode\\\/good-shit-mausteseos\\\/\",\"name\":\"Good Shit -mausteseos - BBQ \u00c4ssad%\",\"isPartOf\":{\"@id\":\"https:\\\/\\\/bbqassad.ee\\\/fi\\\/#website\"},\"primaryImageOfPage\":{\"@id\":\"https:\\\/\\\/bbqassad.ee\\\/fi\\\/toode\\\/good-shit-mausteseos\\\/#primaryimage\"},\"image\":{\"@id\":\"https:\\\/\\\/bbqassad.ee\\\/fi\\\/toode\\\/good-shit-mausteseos\\\/#primaryimage\"},\"thumbnailUrl\":\"https:\\\/\\\/bbqassad.ee\\\/wp-content\\\/uploads\\\/2022\\\/11\\\/ezgif.com-gif-maker.webp\",\"datePublished\":\"2022-11-02T10:28:08+00:00\",\"dateModified\":\"2026-04-30T16:50:45+00:00\",\"description\":\"Good Shit - on suunniteltu tuomaan esiin makeutta, mutta se ei ole suolatonta. Pikemminkin makeampi maku ...\",\"breadcrumb\":{\"@id\":\"https:\\\/\\\/bbqassad.ee\\\/fi\\\/toode\\\/good-shit-mausteseos\\\/#breadcrumb\"},\"inLanguage\":\"fi\",\"potentialAction\":[{\"@type\":\"ReadAction\",\"target\":[\"https:\\\/\\\/bbqassad.ee\\\/fi\\\/toode\\\/good-shit-mausteseos\\\/\"]}]},{\"@type\":\"ImageObject\",\"inLanguage\":\"fi\",\"@id\":\"https:\\\/\\\/bbqassad.ee\\\/fi\\\/toode\\\/good-shit-mausteseos\\\/#primaryimage\",\"url\":\"https:\\\/\\\/bbqassad.ee\\\/wp-content\\\/uploads\\\/2022\\\/11\\\/ezgif.com-gif-maker.webp\",\"contentUrl\":\"https:\\\/\\\/bbqassad.ee\\\/wp-content\\\/uploads\\\/2022\\\/11\\\/ezgif.com-gif-maker.webp\",\"width\":800,\"height\":800,\"caption\":\"Maitseainesegu Good Shit\"},{\"@type\":\"BreadcrumbList\",\"@id\":\"https:\\\/\\\/bbqassad.ee\\\/fi\\\/toode\\\/good-shit-mausteseos\\\/#breadcrumb\",\"itemListElement\":[{\"@type\":\"ListItem\",\"position\":1,\"name\":\"Home\",\"item\":\"https:\\\/\\\/bbqassad.ee\\\/fi\\\/bbq-assat\\\/\"},{\"@type\":\"ListItem\",\"position\":2,\"name\":\"Verkkokauppa\",\"item\":\"https:\\\/\\\/bbqassad.ee\\\/fi\\\/verkkokauppa\\\/\"},{\"@type\":\"ListItem\",\"position\":3,\"name\":\"Good Shit -mausteseos\"}]},{\"@type\":\"WebSite\",\"@id\":\"https:\\\/\\\/bbqassad.ee\\\/fi\\\/#website\",\"url\":\"https:\\\/\\\/bbqassad.ee\\\/fi\\\/\",\"name\":\"BBQ \u00c4ssad\",\"description\":\"BBQ maitseained, kastmed, ahjud\",\"publisher\":{\"@id\":\"https:\\\/\\\/bbqassad.ee\\\/fi\\\/#organization\"},\"potentialAction\":[{\"@type\":\"SearchAction\",\"target\":{\"@type\":\"EntryPoint\",\"urlTemplate\":\"https:\\\/\\\/bbqassad.ee\\\/fi\\\/?s={search_term_string}\"},\"query-input\":{\"@type\":\"PropertyValueSpecification\",\"valueRequired\":true,\"valueName\":\"search_term_string\"}}],\"inLanguage\":\"fi\"},{\"@type\":\"Organization\",\"@id\":\"https:\\\/\\\/bbqassad.ee\\\/fi\\\/#organization\",\"name\":\"BBQ \u00c4ssad\",\"url\":\"https:\\\/\\\/bbqassad.ee\\\/fi\\\/\",\"logo\":{\"@type\":\"ImageObject\",\"inLanguage\":\"fi\",\"@id\":\"https:\\\/\\\/bbqassad.ee\\\/fi\\\/#\\\/schema\\\/logo\\\/image\\\/\",\"url\":\"https:\\\/\\\/bbqassad.ee\\\/wp-content\\\/uploads\\\/2022\\\/10\\\/BBQ-2ssadlogo.png\",\"contentUrl\":\"https:\\\/\\\/bbqassad.ee\\\/wp-content\\\/uploads\\\/2022\\\/10\\\/BBQ-2ssadlogo.png\",\"width\":1080,\"height\":1080,\"caption\":\"BBQ \u00c4ssad\"},\"image\":{\"@id\":\"https:\\\/\\\/bbqassad.ee\\\/fi\\\/#\\\/schema\\\/logo\\\/image\\\/\"},\"sameAs\":[\"https:\\\/\\\/www.facebook.com\\\/bbqassad\",\"https:\\\/\\\/www.youtube.com\\\/channel\\\/UCsoufn49J6TVi9Ah9meE93w\"]}]}<\/script>\n<!-- \/ Yoast SEO plugin. -->","yoast_head_json":{"title":"Good Shit -mausteseos - BBQ \u00c4ssad%","description":"Good Shit - on suunniteltu tuomaan esiin makeutta, mutta se ei ole suolatonta. Pikemminkin makeampi maku ...","robots":{"index":"index","follow":"follow","max-snippet":"max-snippet:-1","max-image-preview":"max-image-preview:large","max-video-preview":"max-video-preview:-1"},"canonical":"https:\/\/bbqassad.ee\/fi\/toode\/good-shit-mausteseos\/","og_locale":"fi_FI","og_type":"article","og_title":"Good Shit -mausteseos - BBQ \u00c4ssad%","og_description":"Good Shit - on suunniteltu tuomaan esiin makeutta, mutta se ei ole suolatonta. Pikemminkin makeampi maku ...","og_url":"https:\/\/bbqassad.ee\/fi\/toode\/good-shit-mausteseos\/","og_site_name":"BBQ \u00c4ssad","article_publisher":"https:\/\/www.facebook.com\/bbqassad","article_modified_time":"2026-04-30T16:50:45+00:00","og_image":[{"width":800,"height":800,"url":"https:\/\/bbqassad.ee\/wp-content\/uploads\/2022\/11\/ezgif.com-gif-maker.webp","type":"image\/webp"}],"twitter_card":"summary_large_image","twitter_misc":{"Arvioitu lukuaika":"1 minuutti"},"schema":{"@context":"https:\/\/schema.org","@graph":[{"@type":"WebPage","@id":"https:\/\/bbqassad.ee\/fi\/toode\/good-shit-mausteseos\/","url":"https:\/\/bbqassad.ee\/fi\/toode\/good-shit-mausteseos\/","name":"Good Shit -mausteseos - BBQ \u00c4ssad%","isPartOf":{"@id":"https:\/\/bbqassad.ee\/fi\/#website"},"primaryImageOfPage":{"@id":"https:\/\/bbqassad.ee\/fi\/toode\/good-shit-mausteseos\/#primaryimage"},"image":{"@id":"https:\/\/bbqassad.ee\/fi\/toode\/good-shit-mausteseos\/#primaryimage"},"thumbnailUrl":"https:\/\/bbqassad.ee\/wp-content\/uploads\/2022\/11\/ezgif.com-gif-maker.webp","datePublished":"2022-11-02T10:28:08+00:00","dateModified":"2026-04-30T16:50:45+00:00","description":"Good Shit - on suunniteltu tuomaan esiin makeutta, mutta se ei ole suolatonta. Pikemminkin makeampi maku ...","breadcrumb":{"@id":"https:\/\/bbqassad.ee\/fi\/toode\/good-shit-mausteseos\/#breadcrumb"},"inLanguage":"fi","potentialAction":[{"@type":"ReadAction","target":["https:\/\/bbqassad.ee\/fi\/toode\/good-shit-mausteseos\/"]}]},{"@type":"ImageObject","inLanguage":"fi","@id":"https:\/\/bbqassad.ee\/fi\/toode\/good-shit-mausteseos\/#primaryimage","url":"https:\/\/bbqassad.ee\/wp-content\/uploads\/2022\/11\/ezgif.com-gif-maker.webp","contentUrl":"https:\/\/bbqassad.ee\/wp-content\/uploads\/2022\/11\/ezgif.com-gif-maker.webp","width":800,"height":800,"caption":"Maitseainesegu Good Shit"},{"@type":"BreadcrumbList","@id":"https:\/\/bbqassad.ee\/fi\/toode\/good-shit-mausteseos\/#breadcrumb","itemListElement":[{"@type":"ListItem","position":1,"name":"Home","item":"https:\/\/bbqassad.ee\/fi\/bbq-assat\/"},{"@type":"ListItem","position":2,"name":"Verkkokauppa","item":"https:\/\/bbqassad.ee\/fi\/verkkokauppa\/"},{"@type":"ListItem","position":3,"name":"Good Shit -mausteseos"}]},{"@type":"WebSite","@id":"https:\/\/bbqassad.ee\/fi\/#website","url":"https:\/\/bbqassad.ee\/fi\/","name":"BBQ \u00c4ssad","description":"BBQ maitseained, kastmed, ahjud","publisher":{"@id":"https:\/\/bbqassad.ee\/fi\/#organization"},"potentialAction":[{"@type":"SearchAction","target":{"@type":"EntryPoint","urlTemplate":"https:\/\/bbqassad.ee\/fi\/?s={search_term_string}"},"query-input":{"@type":"PropertyValueSpecification","valueRequired":true,"valueName":"search_term_string"}}],"inLanguage":"fi"},{"@type":"Organization","@id":"https:\/\/bbqassad.ee\/fi\/#organization","name":"BBQ \u00c4ssad","url":"https:\/\/bbqassad.ee\/fi\/","logo":{"@type":"ImageObject","inLanguage":"fi","@id":"https:\/\/bbqassad.ee\/fi\/#\/schema\/logo\/image\/","url":"https:\/\/bbqassad.ee\/wp-content\/uploads\/2022\/10\/BBQ-2ssadlogo.png","contentUrl":"https:\/\/bbqassad.ee\/wp-content\/uploads\/2022\/10\/BBQ-2ssadlogo.png","width":1080,"height":1080,"caption":"BBQ \u00c4ssad"},"image":{"@id":"https:\/\/bbqassad.ee\/fi\/#\/schema\/logo\/image\/"},"sameAs":["https:\/\/www.facebook.com\/bbqassad","https:\/\/www.youtube.com\/channel\/UCsoufn49J6TVi9Ah9meE93w"]}]}},"_links":{"self":[{"href":"https:\/\/bbqassad.ee\/fi\/wp-json\/wp\/v2\/product\/23611","targetHints":{"allow":["GET"]}}],"collection":[{"href":"https:\/\/bbqassad.ee\/fi\/wp-json\/wp\/v2\/product"}],"about":[{"href":"https:\/\/bbqassad.ee\/fi\/wp-json\/wp\/v2\/types\/product"}],"replies":[{"embeddable":true,"href":"https:\/\/bbqassad.ee\/fi\/wp-json\/wp\/v2\/comments?post=23611"}],"wp:featuredmedia":[{"embeddable":true,"href":"https:\/\/bbqassad.ee\/fi\/wp-json\/wp\/v2\/media\/23623"}],"wp:attachment":[{"href":"https:\/\/bbqassad.ee\/fi\/wp-json\/wp\/v2\/media?parent=23611"}],"wp:term":[{"taxonomy":"product_brand","embeddable":true,"href":"https:\/\/bbqassad.ee\/fi\/wp-json\/wp\/v2\/product_brand?post=23611"},{"taxonomy":"product_cat","embeddable":true,"href":"https:\/\/bbqassad.ee\/fi\/wp-json\/wp\/v2\/product_cat?post=23611"},{"taxonomy":"product_tag","embeddable":true,"href":"https:\/\/bbqassad.ee\/fi\/wp-json\/wp\/v2\/product_tag?post=23611"}],"curies":[{"name":"wp","href":"https:\/\/api.w.org\/{rel}","templated":true}]}}