{"id":23609,"date":"2022-11-02T12:27:14","date_gmt":"2022-11-02T12:27:14","guid":{"rendered":"https:\/\/bbqassad.ee\/toode\/mausteseos-blues-hog-bold-ja-beefy\/"},"modified":"2026-04-14T06:34:20","modified_gmt":"2026-04-14T06:34:20","slug":"mausteseos-blues-hog-bold-ja-beefy","status":"publish","type":"product","link":"https:\/\/bbqassad.ee\/fi\/toode\/mausteseos-blues-hog-bold-ja-beefy\/","title":{"rendered":"Blues Hog Bold &#038; Beefy -mausteseos"},"content":{"rendered":"<p>Blues Hog Bold ja Beefy. Aivan kuten nimest\u00e4 voi p\u00e4\u00e4tell\u00e4, t\u00e4m\u00e4 mauste on rohkea ja lihaisa, tai ehk\u00e4 se on suunniteltu tekem\u00e4\u00e4n vain yksi asia &#8211; tekem\u00e4\u00e4n<br \/>\nnaudanlihastasi eritt\u00e4in kuumaa. Pihvit, hampurilaiset tai jopa kokonaiset rintafileet voidaan valmistaa juuri sellaisiksi kuin olet kuvitellut mieless\u00e4si t\u00e4ll\u00e4 sekoituksella.  <\/p>\n<h2>BBQ Aces kommentti:<\/h2>\n<p>Blues Hog Bold and Beefy -mausteseos kulkee mukana kilpailuissa, sill\u00e4 jotenkin reippaalle reidelle on saatava todella hyv\u00e4 reiden maku. T\u00e4ss\u00e4 sekoituksessa on hieman sokeria, mutta se ei todellakaan ole makea sekoitus, vaan sokeri auttaa tuomaan esiin muita makuja. T\u00e4m\u00e4 sekoitus on tarkoitettu ainoastaan naudanlihalle, \u00e4l\u00e4 laita sit\u00e4 mihink\u00e4\u00e4n muualle. Jos grillaat pihvej\u00e4 tai teet esimerkiksi hampurilaisia, pelkk\u00e4 t\u00e4m\u00e4 mausteseos riitt\u00e4\u00e4, mutta ole varovainen, sill\u00e4 se on hyvin voimakas, voimakas maku. Kun valmistat rintafileet\u00e4 grilliuunissa, on vaikea l\u00f6yt\u00e4\u00e4 parempaa ainetta naudanlihan p\u00e4\u00e4lle, koska rintafilee tai naudanliha yleens\u00e4 ei pid\u00e4 sokerista kovinkaan paljon, ja t\u00e4m\u00e4 seos auttaa my\u00f6s vahvistamaan rasvaista lihapalaa.    <\/p>\n<h2>Pro-vinkki:<\/h2>\n<p>Jos aiot valmistaa naudanlihaa ja k\u00e4\u00e4ri\u00e4 sen folioon jonkin nesteen kanssa, lis\u00e4\u00e4 mukaan<br \/>\nBold and Beefy, se tekee kaikenlaisista naudanlihan nesteist\u00e4 erityisen maukkaita. Jos teet vain<br \/>\nnaudanlihalient\u00e4, Bold and Beefy tekee siit\u00e4kin pirun hyv\u00e4\u00e4. <\/p>\n<p>Ainesosat:<br \/>\nAinesosat: suola, sokeri, mausteet, hiivauute, valkosipuli, sipuli, maissiproteiini, soija\u00f6ljy,<br \/>\nluonnollinen naudanliha-aromi, sulatettu naudanrasva.<\/p>\n","protected":false},"excerpt":{"rendered":"<p>Tuottaja: Blues Hog<br \/>\nPaino: 170g<br \/>\nAinesosat: suola, sokeri, mausteet, hiivauute, valkosipuli, sipuli, maissiproteiini, soija\u00f6ljy,<br \/>\nluonnollinen naudanliha-aromi, sulatettu naudanrasva.<\/p>\n","protected":false},"featured_media":23610,"comment_status":"open","ping_status":"closed","template":"","meta":[],"product_brand":[],"product_cat":[802],"product_tag":[803],"class_list":{"0":"post-23609","1":"product","2":"type-product","3":"status-publish","4":"has-post-thumbnail","6":"product_cat-sekoitukset","7":"product_tag-karja","9":"first","10":"outofstock","11":"taxable","12":"shipping-taxable","13":"purchasable","14":"product-type-simple"},"yoast_head":"<!-- This site is optimized with the Yoast SEO plugin v27.4 - https:\/\/yoast.com\/product\/yoast-seo-wordpress\/ -->\n<title>Blues Hog Bold &amp; Beefy -mausteseos - BBQ \u00c4ssad%<\/title>\n<meta name=\"description\" content=\"Blues Hog Bold and Beefy - rohkea ja suunniteltu vain yhteen asiaan - tekem\u00e4\u00e4n naudanlihasta eritt\u00e4in kuumaa. Pihvit, hampurilaiset tai jopa kokonaiset rintafileet.\" \/>\n<meta name=\"robots\" content=\"index, follow, max-snippet:-1, max-image-preview:large, max-video-preview:-1\" \/>\n<link rel=\"canonical\" href=\"https:\/\/bbqassad.ee\/fi\/toode\/mausteseos-blues-hog-bold-ja-beefy\/\" \/>\n<meta property=\"og:locale\" content=\"fi_FI\" \/>\n<meta property=\"og:type\" content=\"article\" \/>\n<meta property=\"og:title\" content=\"Blues Hog Bold &amp; Beefy -mausteseos - BBQ \u00c4ssad%\" \/>\n<meta property=\"og:description\" content=\"Blues Hog Bold and Beefy - rohkea ja suunniteltu vain yhteen asiaan - tekem\u00e4\u00e4n naudanlihasta eritt\u00e4in kuumaa. Pihvit, hampurilaiset tai jopa kokonaiset rintafileet.\" \/>\n<meta property=\"og:url\" content=\"https:\/\/bbqassad.ee\/fi\/toode\/mausteseos-blues-hog-bold-ja-beefy\/\" \/>\n<meta property=\"og:site_name\" content=\"BBQ \u00c4ssad\" \/>\n<meta property=\"article:publisher\" content=\"https:\/\/www.facebook.com\/bbqassad\" \/>\n<meta property=\"article:modified_time\" content=\"2026-04-14T06:34:20+00:00\" \/>\n<meta property=\"og:image\" content=\"https:\/\/bbqassad.ee\/wp-content\/uploads\/2022\/11\/Blues-Hoggs-Bold-and-Beefy-2-BBQAssad-copy.webp\" \/>\n\t<meta property=\"og:image:width\" content=\"800\" \/>\n\t<meta property=\"og:image:height\" content=\"800\" \/>\n\t<meta property=\"og:image:type\" content=\"image\/webp\" \/>\n<meta name=\"twitter:card\" content=\"summary_large_image\" \/>\n<meta name=\"twitter:label1\" content=\"Arvioitu lukuaika\" \/>\n\t<meta name=\"twitter:data1\" content=\"1 minuutti\" \/>\n<script type=\"application\/ld+json\" class=\"yoast-schema-graph\">{\"@context\":\"https:\\\/\\\/schema.org\",\"@graph\":[{\"@type\":\"WebPage\",\"@id\":\"https:\\\/\\\/bbqassad.ee\\\/fi\\\/toode\\\/mausteseos-blues-hog-bold-ja-beefy\\\/\",\"url\":\"https:\\\/\\\/bbqassad.ee\\\/fi\\\/toode\\\/mausteseos-blues-hog-bold-ja-beefy\\\/\",\"name\":\"Blues Hog Bold & Beefy -mausteseos - BBQ \u00c4ssad%\",\"isPartOf\":{\"@id\":\"https:\\\/\\\/bbqassad.ee\\\/fi\\\/#website\"},\"primaryImageOfPage\":{\"@id\":\"https:\\\/\\\/bbqassad.ee\\\/fi\\\/toode\\\/mausteseos-blues-hog-bold-ja-beefy\\\/#primaryimage\"},\"image\":{\"@id\":\"https:\\\/\\\/bbqassad.ee\\\/fi\\\/toode\\\/mausteseos-blues-hog-bold-ja-beefy\\\/#primaryimage\"},\"thumbnailUrl\":\"https:\\\/\\\/bbqassad.ee\\\/wp-content\\\/uploads\\\/2022\\\/11\\\/Blues-Hoggs-Bold-and-Beefy-2-BBQAssad-copy.webp\",\"datePublished\":\"2022-11-02T12:27:14+00:00\",\"dateModified\":\"2026-04-14T06:34:20+00:00\",\"description\":\"Blues Hog Bold and Beefy - rohkea ja suunniteltu vain yhteen asiaan - tekem\u00e4\u00e4n naudanlihasta eritt\u00e4in kuumaa. Pihvit, hampurilaiset tai jopa kokonaiset rintafileet.\",\"breadcrumb\":{\"@id\":\"https:\\\/\\\/bbqassad.ee\\\/fi\\\/toode\\\/mausteseos-blues-hog-bold-ja-beefy\\\/#breadcrumb\"},\"inLanguage\":\"fi\",\"potentialAction\":[{\"@type\":\"ReadAction\",\"target\":[\"https:\\\/\\\/bbqassad.ee\\\/fi\\\/toode\\\/mausteseos-blues-hog-bold-ja-beefy\\\/\"]}]},{\"@type\":\"ImageObject\",\"inLanguage\":\"fi\",\"@id\":\"https:\\\/\\\/bbqassad.ee\\\/fi\\\/toode\\\/mausteseos-blues-hog-bold-ja-beefy\\\/#primaryimage\",\"url\":\"https:\\\/\\\/bbqassad.ee\\\/wp-content\\\/uploads\\\/2022\\\/11\\\/Blues-Hoggs-Bold-and-Beefy-2-BBQAssad-copy.webp\",\"contentUrl\":\"https:\\\/\\\/bbqassad.ee\\\/wp-content\\\/uploads\\\/2022\\\/11\\\/Blues-Hoggs-Bold-and-Beefy-2-BBQAssad-copy.webp\",\"width\":800,\"height\":800,\"caption\":\"Maitseainesegu Blues Hog Bold and Beefy\"},{\"@type\":\"BreadcrumbList\",\"@id\":\"https:\\\/\\\/bbqassad.ee\\\/fi\\\/toode\\\/mausteseos-blues-hog-bold-ja-beefy\\\/#breadcrumb\",\"itemListElement\":[{\"@type\":\"ListItem\",\"position\":1,\"name\":\"Home\",\"item\":\"https:\\\/\\\/bbqassad.ee\\\/fi\\\/bbq-assat\\\/\"},{\"@type\":\"ListItem\",\"position\":2,\"name\":\"Verkkokauppa\",\"item\":\"https:\\\/\\\/bbqassad.ee\\\/fi\\\/verkkokauppa\\\/\"},{\"@type\":\"ListItem\",\"position\":3,\"name\":\"Blues Hog Bold &#038; Beefy -mausteseos\"}]},{\"@type\":\"WebSite\",\"@id\":\"https:\\\/\\\/bbqassad.ee\\\/fi\\\/#website\",\"url\":\"https:\\\/\\\/bbqassad.ee\\\/fi\\\/\",\"name\":\"BBQ \u00c4ssad\",\"description\":\"BBQ maitseained, kastmed, ahjud\",\"publisher\":{\"@id\":\"https:\\\/\\\/bbqassad.ee\\\/fi\\\/#organization\"},\"potentialAction\":[{\"@type\":\"SearchAction\",\"target\":{\"@type\":\"EntryPoint\",\"urlTemplate\":\"https:\\\/\\\/bbqassad.ee\\\/fi\\\/?s={search_term_string}\"},\"query-input\":{\"@type\":\"PropertyValueSpecification\",\"valueRequired\":true,\"valueName\":\"search_term_string\"}}],\"inLanguage\":\"fi\"},{\"@type\":\"Organization\",\"@id\":\"https:\\\/\\\/bbqassad.ee\\\/fi\\\/#organization\",\"name\":\"BBQ \u00c4ssad\",\"url\":\"https:\\\/\\\/bbqassad.ee\\\/fi\\\/\",\"logo\":{\"@type\":\"ImageObject\",\"inLanguage\":\"fi\",\"@id\":\"https:\\\/\\\/bbqassad.ee\\\/fi\\\/#\\\/schema\\\/logo\\\/image\\\/\",\"url\":\"https:\\\/\\\/bbqassad.ee\\\/wp-content\\\/uploads\\\/2022\\\/10\\\/BBQ-2ssadlogo.png\",\"contentUrl\":\"https:\\\/\\\/bbqassad.ee\\\/wp-content\\\/uploads\\\/2022\\\/10\\\/BBQ-2ssadlogo.png\",\"width\":1080,\"height\":1080,\"caption\":\"BBQ \u00c4ssad\"},\"image\":{\"@id\":\"https:\\\/\\\/bbqassad.ee\\\/fi\\\/#\\\/schema\\\/logo\\\/image\\\/\"},\"sameAs\":[\"https:\\\/\\\/www.facebook.com\\\/bbqassad\",\"https:\\\/\\\/www.youtube.com\\\/channel\\\/UCsoufn49J6TVi9Ah9meE93w\"]}]}<\/script>\n<!-- \/ Yoast SEO plugin. -->","yoast_head_json":{"title":"Blues Hog Bold & Beefy -mausteseos - BBQ \u00c4ssad%","description":"Blues Hog Bold and Beefy - rohkea ja suunniteltu vain yhteen asiaan - tekem\u00e4\u00e4n naudanlihasta eritt\u00e4in kuumaa. Pihvit, hampurilaiset tai jopa kokonaiset rintafileet.","robots":{"index":"index","follow":"follow","max-snippet":"max-snippet:-1","max-image-preview":"max-image-preview:large","max-video-preview":"max-video-preview:-1"},"canonical":"https:\/\/bbqassad.ee\/fi\/toode\/mausteseos-blues-hog-bold-ja-beefy\/","og_locale":"fi_FI","og_type":"article","og_title":"Blues Hog Bold & Beefy -mausteseos - BBQ \u00c4ssad%","og_description":"Blues Hog Bold and Beefy - rohkea ja suunniteltu vain yhteen asiaan - tekem\u00e4\u00e4n naudanlihasta eritt\u00e4in kuumaa. Pihvit, hampurilaiset tai jopa kokonaiset rintafileet.","og_url":"https:\/\/bbqassad.ee\/fi\/toode\/mausteseos-blues-hog-bold-ja-beefy\/","og_site_name":"BBQ \u00c4ssad","article_publisher":"https:\/\/www.facebook.com\/bbqassad","article_modified_time":"2026-04-14T06:34:20+00:00","og_image":[{"width":800,"height":800,"url":"https:\/\/bbqassad.ee\/wp-content\/uploads\/2022\/11\/Blues-Hoggs-Bold-and-Beefy-2-BBQAssad-copy.webp","type":"image\/webp"}],"twitter_card":"summary_large_image","twitter_misc":{"Arvioitu lukuaika":"1 minuutti"},"schema":{"@context":"https:\/\/schema.org","@graph":[{"@type":"WebPage","@id":"https:\/\/bbqassad.ee\/fi\/toode\/mausteseos-blues-hog-bold-ja-beefy\/","url":"https:\/\/bbqassad.ee\/fi\/toode\/mausteseos-blues-hog-bold-ja-beefy\/","name":"Blues Hog Bold & Beefy -mausteseos - BBQ \u00c4ssad%","isPartOf":{"@id":"https:\/\/bbqassad.ee\/fi\/#website"},"primaryImageOfPage":{"@id":"https:\/\/bbqassad.ee\/fi\/toode\/mausteseos-blues-hog-bold-ja-beefy\/#primaryimage"},"image":{"@id":"https:\/\/bbqassad.ee\/fi\/toode\/mausteseos-blues-hog-bold-ja-beefy\/#primaryimage"},"thumbnailUrl":"https:\/\/bbqassad.ee\/wp-content\/uploads\/2022\/11\/Blues-Hoggs-Bold-and-Beefy-2-BBQAssad-copy.webp","datePublished":"2022-11-02T12:27:14+00:00","dateModified":"2026-04-14T06:34:20+00:00","description":"Blues Hog Bold and Beefy - rohkea ja suunniteltu vain yhteen asiaan - tekem\u00e4\u00e4n naudanlihasta eritt\u00e4in kuumaa. Pihvit, hampurilaiset tai jopa kokonaiset rintafileet.","breadcrumb":{"@id":"https:\/\/bbqassad.ee\/fi\/toode\/mausteseos-blues-hog-bold-ja-beefy\/#breadcrumb"},"inLanguage":"fi","potentialAction":[{"@type":"ReadAction","target":["https:\/\/bbqassad.ee\/fi\/toode\/mausteseos-blues-hog-bold-ja-beefy\/"]}]},{"@type":"ImageObject","inLanguage":"fi","@id":"https:\/\/bbqassad.ee\/fi\/toode\/mausteseos-blues-hog-bold-ja-beefy\/#primaryimage","url":"https:\/\/bbqassad.ee\/wp-content\/uploads\/2022\/11\/Blues-Hoggs-Bold-and-Beefy-2-BBQAssad-copy.webp","contentUrl":"https:\/\/bbqassad.ee\/wp-content\/uploads\/2022\/11\/Blues-Hoggs-Bold-and-Beefy-2-BBQAssad-copy.webp","width":800,"height":800,"caption":"Maitseainesegu Blues Hog Bold and Beefy"},{"@type":"BreadcrumbList","@id":"https:\/\/bbqassad.ee\/fi\/toode\/mausteseos-blues-hog-bold-ja-beefy\/#breadcrumb","itemListElement":[{"@type":"ListItem","position":1,"name":"Home","item":"https:\/\/bbqassad.ee\/fi\/bbq-assat\/"},{"@type":"ListItem","position":2,"name":"Verkkokauppa","item":"https:\/\/bbqassad.ee\/fi\/verkkokauppa\/"},{"@type":"ListItem","position":3,"name":"Blues Hog Bold &#038; Beefy -mausteseos"}]},{"@type":"WebSite","@id":"https:\/\/bbqassad.ee\/fi\/#website","url":"https:\/\/bbqassad.ee\/fi\/","name":"BBQ \u00c4ssad","description":"BBQ maitseained, kastmed, ahjud","publisher":{"@id":"https:\/\/bbqassad.ee\/fi\/#organization"},"potentialAction":[{"@type":"SearchAction","target":{"@type":"EntryPoint","urlTemplate":"https:\/\/bbqassad.ee\/fi\/?s={search_term_string}"},"query-input":{"@type":"PropertyValueSpecification","valueRequired":true,"valueName":"search_term_string"}}],"inLanguage":"fi"},{"@type":"Organization","@id":"https:\/\/bbqassad.ee\/fi\/#organization","name":"BBQ \u00c4ssad","url":"https:\/\/bbqassad.ee\/fi\/","logo":{"@type":"ImageObject","inLanguage":"fi","@id":"https:\/\/bbqassad.ee\/fi\/#\/schema\/logo\/image\/","url":"https:\/\/bbqassad.ee\/wp-content\/uploads\/2022\/10\/BBQ-2ssadlogo.png","contentUrl":"https:\/\/bbqassad.ee\/wp-content\/uploads\/2022\/10\/BBQ-2ssadlogo.png","width":1080,"height":1080,"caption":"BBQ \u00c4ssad"},"image":{"@id":"https:\/\/bbqassad.ee\/fi\/#\/schema\/logo\/image\/"},"sameAs":["https:\/\/www.facebook.com\/bbqassad","https:\/\/www.youtube.com\/channel\/UCsoufn49J6TVi9Ah9meE93w"]}]}},"_links":{"self":[{"href":"https:\/\/bbqassad.ee\/fi\/wp-json\/wp\/v2\/product\/23609","targetHints":{"allow":["GET"]}}],"collection":[{"href":"https:\/\/bbqassad.ee\/fi\/wp-json\/wp\/v2\/product"}],"about":[{"href":"https:\/\/bbqassad.ee\/fi\/wp-json\/wp\/v2\/types\/product"}],"replies":[{"embeddable":true,"href":"https:\/\/bbqassad.ee\/fi\/wp-json\/wp\/v2\/comments?post=23609"}],"wp:featuredmedia":[{"embeddable":true,"href":"https:\/\/bbqassad.ee\/fi\/wp-json\/wp\/v2\/media\/23610"}],"wp:attachment":[{"href":"https:\/\/bbqassad.ee\/fi\/wp-json\/wp\/v2\/media?parent=23609"}],"wp:term":[{"taxonomy":"product_brand","embeddable":true,"href":"https:\/\/bbqassad.ee\/fi\/wp-json\/wp\/v2\/product_brand?post=23609"},{"taxonomy":"product_cat","embeddable":true,"href":"https:\/\/bbqassad.ee\/fi\/wp-json\/wp\/v2\/product_cat?post=23609"},{"taxonomy":"product_tag","embeddable":true,"href":"https:\/\/bbqassad.ee\/fi\/wp-json\/wp\/v2\/product_tag?post=23609"}],"curies":[{"name":"wp","href":"https:\/\/api.w.org\/{rel}","templated":true}]}}