{"id":23607,"date":"2022-11-02T13:03:02","date_gmt":"2022-11-02T13:03:02","guid":{"rendered":"https:\/\/bbqassad.ee\/toode\/marinaadisegu-blues-hog-pork-marinade-mix-marinadiseos\/"},"modified":"2026-04-14T06:34:20","modified_gmt":"2026-04-14T06:34:20","slug":"marinaadisegu-blues-hog-pork-marinade-mix-marinadiseos","status":"publish","type":"product","link":"https:\/\/bbqassad.ee\/fi\/toode\/marinaadisegu-blues-hog-pork-marinade-mix-marinadiseos\/","title":{"rendered":"Blues Hog Pork Marinade Mix"},"content":{"rendered":"<p>Tuotetta voit k\u00e4ytt\u00e4\u00e4 marinadina, injektioihin tai vain nopeaan liotukseen. Se nostaa sianlihan maun ja mehukkuuden aivan uudelle tasolle, olipa kyseess\u00e4 grillaus tai paistaminen. <\/p>\n<h2>BBQ Aces kommentti<\/h2>\n<p>K\u00e4yt\u00e4mme sit\u00e4 kaikenlaisen sianlihan ruiskuttamiseen. Sill\u00e4 ei ole v\u00e4li\u00e4, onko kyseess\u00e4 iso pala vai suikale, se yksinkertaisesti korostaa sianlihan luonnollista makua ja takaa mehukkaan lopputuloksen joka kerta. Suosituksemme poikkeaa hieman valmistajan suosituksesta, jonka mukaan sit\u00e4 voidaan k\u00e4ytt\u00e4\u00e4 kaiken lihan, my\u00f6s kalan, kanan ja naudanlihan, lis\u00e4\u00e4miseen, mutta meid\u00e4n suosituksemme on, ett\u00e4 se pysyy sianlihassa. K\u00e4yt\u00e4 seosta tehdess\u00e4si joko puhdasta vett\u00e4, omenamehua tai persikkamehua. Ruiskuta tai liota lihaan ja anna seist\u00e4 hetki. Valmistajan mainitsema puoli tuntia on enemm\u00e4nkin myyntipuhe, mutta t\u00e4m\u00e4 kannattaa tehd\u00e4 edellisen\u00e4 iltana, jos aiot valmistaa ruokaa aamulla. Liian kauan ei my\u00f6sk\u00e4\u00e4n kannata j\u00e4tt\u00e4\u00e4, sill\u00e4 liha suolautuu. T\u00e4m\u00e4n marinadin antama maku ei ole makea, vaan enemm\u00e4nkin suolainen, mutta voit maistaa, miten lihan luonnollinen maku tulee esiin.       <\/p>\n<h2>Ammattilaisen vinkki<\/h2>\n<p>Valmista seos ja ruiskuta se noin kaksi tuntia my\u00f6hemmin.<\/p>\n","protected":false},"excerpt":{"rendered":"<p>Valmistaja: Blues Hog<\/p>\n<p>Paino: 368g<\/p>\n<p>Ainesosat: sokeri, suola, ruskea sokeri, valkosipuli, sipuli, maissivalkuainen, hiivauute, mausteet, maissisiirappi, soija\u00f6ljy, luontaiset aromit, karamelliv\u00e4ri, palmu\u00f6ljy, tamarindi.<\/p>\n","protected":false},"featured_media":23608,"comment_status":"open","ping_status":"closed","template":"","meta":[],"product_brand":[280],"product_cat":[812],"product_tag":[789],"class_list":{"0":"post-23607","1":"product","2":"type-product","3":"status-publish","4":"has-post-thumbnail","6":"product_brand-blues-hog","7":"product_cat-marinadit","8":"product_tag-sika","10":"first","11":"outofstock","12":"taxable","13":"shipping-taxable","14":"purchasable","15":"product-type-simple"},"yoast_head":"<!-- This site is optimized with the Yoast SEO plugin v27.4 - https:\/\/yoast.com\/product\/yoast-seo-wordpress\/ -->\n<title>Blues Hog Pork Marinade Mix - BBQ \u00c4ssad<\/title>\n<meta name=\"description\" content=\"Blues Hog Pork marinade mix - mausteseos, joka nostaa sianlihan maun ja mehevyyden aivan uudelle tasolle ...\" \/>\n<meta name=\"robots\" content=\"index, follow, max-snippet:-1, max-image-preview:large, max-video-preview:-1\" \/>\n<link rel=\"canonical\" href=\"https:\/\/bbqassad.ee\/fi\/toode\/marinaadisegu-blues-hog-pork-marinade-mix-marinadiseos\/\" \/>\n<meta property=\"og:locale\" content=\"fi_FI\" \/>\n<meta property=\"og:type\" content=\"article\" \/>\n<meta property=\"og:title\" content=\"Blues Hog Pork Marinade Mix - BBQ \u00c4ssad\" \/>\n<meta property=\"og:description\" content=\"Blues Hog Pork marinade mix - mausteseos, joka nostaa sianlihan maun ja mehevyyden aivan uudelle tasolle ...\" \/>\n<meta property=\"og:url\" content=\"https:\/\/bbqassad.ee\/fi\/toode\/marinaadisegu-blues-hog-pork-marinade-mix-marinadiseos\/\" \/>\n<meta property=\"og:site_name\" content=\"BBQ \u00c4ssad\" \/>\n<meta property=\"article:publisher\" content=\"https:\/\/www.facebook.com\/bbqassad\" \/>\n<meta property=\"article:modified_time\" content=\"2026-04-14T06:34:20+00:00\" \/>\n<meta property=\"og:image\" content=\"https:\/\/bbqassad.ee\/wp-content\/uploads\/2022\/11\/BluesHoggs-MarinadeMix-2-BBQAssad-copy.webp\" \/>\n\t<meta property=\"og:image:width\" content=\"800\" \/>\n\t<meta property=\"og:image:height\" content=\"800\" \/>\n\t<meta property=\"og:image:type\" content=\"image\/webp\" \/>\n<meta name=\"twitter:card\" content=\"summary_large_image\" \/>\n<meta name=\"twitter:label1\" content=\"Arvioitu lukuaika\" \/>\n\t<meta name=\"twitter:data1\" content=\"1 minuutti\" \/>\n<script type=\"application\/ld+json\" class=\"yoast-schema-graph\">{\"@context\":\"https:\\\/\\\/schema.org\",\"@graph\":[{\"@type\":\"WebPage\",\"@id\":\"https:\\\/\\\/bbqassad.ee\\\/fi\\\/toode\\\/marinaadisegu-blues-hog-pork-marinade-mix-marinadiseos\\\/\",\"url\":\"https:\\\/\\\/bbqassad.ee\\\/fi\\\/toode\\\/marinaadisegu-blues-hog-pork-marinade-mix-marinadiseos\\\/\",\"name\":\"Blues Hog Pork Marinade Mix - BBQ \u00c4ssad\",\"isPartOf\":{\"@id\":\"https:\\\/\\\/bbqassad.ee\\\/fi\\\/#website\"},\"primaryImageOfPage\":{\"@id\":\"https:\\\/\\\/bbqassad.ee\\\/fi\\\/toode\\\/marinaadisegu-blues-hog-pork-marinade-mix-marinadiseos\\\/#primaryimage\"},\"image\":{\"@id\":\"https:\\\/\\\/bbqassad.ee\\\/fi\\\/toode\\\/marinaadisegu-blues-hog-pork-marinade-mix-marinadiseos\\\/#primaryimage\"},\"thumbnailUrl\":\"https:\\\/\\\/bbqassad.ee\\\/wp-content\\\/uploads\\\/2022\\\/11\\\/BluesHoggs-MarinadeMix-2-BBQAssad-copy.webp\",\"datePublished\":\"2022-11-02T13:03:02+00:00\",\"dateModified\":\"2026-04-14T06:34:20+00:00\",\"description\":\"Blues Hog Pork marinade mix - mausteseos, joka nostaa sianlihan maun ja mehevyyden aivan uudelle tasolle ...\",\"breadcrumb\":{\"@id\":\"https:\\\/\\\/bbqassad.ee\\\/fi\\\/toode\\\/marinaadisegu-blues-hog-pork-marinade-mix-marinadiseos\\\/#breadcrumb\"},\"inLanguage\":\"fi\",\"potentialAction\":[{\"@type\":\"ReadAction\",\"target\":[\"https:\\\/\\\/bbqassad.ee\\\/fi\\\/toode\\\/marinaadisegu-blues-hog-pork-marinade-mix-marinadiseos\\\/\"]}]},{\"@type\":\"ImageObject\",\"inLanguage\":\"fi\",\"@id\":\"https:\\\/\\\/bbqassad.ee\\\/fi\\\/toode\\\/marinaadisegu-blues-hog-pork-marinade-mix-marinadiseos\\\/#primaryimage\",\"url\":\"https:\\\/\\\/bbqassad.ee\\\/wp-content\\\/uploads\\\/2022\\\/11\\\/BluesHoggs-MarinadeMix-2-BBQAssad-copy.webp\",\"contentUrl\":\"https:\\\/\\\/bbqassad.ee\\\/wp-content\\\/uploads\\\/2022\\\/11\\\/BluesHoggs-MarinadeMix-2-BBQAssad-copy.webp\",\"width\":800,\"height\":800,\"caption\":\"Marinaadisegu Blues Hog Pork marinade mix\"},{\"@type\":\"BreadcrumbList\",\"@id\":\"https:\\\/\\\/bbqassad.ee\\\/fi\\\/toode\\\/marinaadisegu-blues-hog-pork-marinade-mix-marinadiseos\\\/#breadcrumb\",\"itemListElement\":[{\"@type\":\"ListItem\",\"position\":1,\"name\":\"Home\",\"item\":\"https:\\\/\\\/bbqassad.ee\\\/fi\\\/bbq-assat\\\/\"},{\"@type\":\"ListItem\",\"position\":2,\"name\":\"Verkkokauppa\",\"item\":\"https:\\\/\\\/bbqassad.ee\\\/fi\\\/verkkokauppa\\\/\"},{\"@type\":\"ListItem\",\"position\":3,\"name\":\"Blues Hog Pork Marinade Mix\"}]},{\"@type\":\"WebSite\",\"@id\":\"https:\\\/\\\/bbqassad.ee\\\/fi\\\/#website\",\"url\":\"https:\\\/\\\/bbqassad.ee\\\/fi\\\/\",\"name\":\"BBQ \u00c4ssad\",\"description\":\"BBQ maitseained, kastmed, ahjud\",\"publisher\":{\"@id\":\"https:\\\/\\\/bbqassad.ee\\\/fi\\\/#organization\"},\"potentialAction\":[{\"@type\":\"SearchAction\",\"target\":{\"@type\":\"EntryPoint\",\"urlTemplate\":\"https:\\\/\\\/bbqassad.ee\\\/fi\\\/?s={search_term_string}\"},\"query-input\":{\"@type\":\"PropertyValueSpecification\",\"valueRequired\":true,\"valueName\":\"search_term_string\"}}],\"inLanguage\":\"fi\"},{\"@type\":\"Organization\",\"@id\":\"https:\\\/\\\/bbqassad.ee\\\/fi\\\/#organization\",\"name\":\"BBQ \u00c4ssad\",\"url\":\"https:\\\/\\\/bbqassad.ee\\\/fi\\\/\",\"logo\":{\"@type\":\"ImageObject\",\"inLanguage\":\"fi\",\"@id\":\"https:\\\/\\\/bbqassad.ee\\\/fi\\\/#\\\/schema\\\/logo\\\/image\\\/\",\"url\":\"https:\\\/\\\/bbqassad.ee\\\/wp-content\\\/uploads\\\/2022\\\/10\\\/BBQ-2ssadlogo.png\",\"contentUrl\":\"https:\\\/\\\/bbqassad.ee\\\/wp-content\\\/uploads\\\/2022\\\/10\\\/BBQ-2ssadlogo.png\",\"width\":1080,\"height\":1080,\"caption\":\"BBQ \u00c4ssad\"},\"image\":{\"@id\":\"https:\\\/\\\/bbqassad.ee\\\/fi\\\/#\\\/schema\\\/logo\\\/image\\\/\"},\"sameAs\":[\"https:\\\/\\\/www.facebook.com\\\/bbqassad\",\"https:\\\/\\\/www.youtube.com\\\/channel\\\/UCsoufn49J6TVi9Ah9meE93w\"]}]}<\/script>\n<!-- \/ Yoast SEO plugin. -->","yoast_head_json":{"title":"Blues Hog Pork Marinade Mix - BBQ \u00c4ssad","description":"Blues Hog Pork marinade mix - mausteseos, joka nostaa sianlihan maun ja mehevyyden aivan uudelle tasolle ...","robots":{"index":"index","follow":"follow","max-snippet":"max-snippet:-1","max-image-preview":"max-image-preview:large","max-video-preview":"max-video-preview:-1"},"canonical":"https:\/\/bbqassad.ee\/fi\/toode\/marinaadisegu-blues-hog-pork-marinade-mix-marinadiseos\/","og_locale":"fi_FI","og_type":"article","og_title":"Blues Hog Pork Marinade Mix - BBQ \u00c4ssad","og_description":"Blues Hog Pork marinade mix - mausteseos, joka nostaa sianlihan maun ja mehevyyden aivan uudelle tasolle ...","og_url":"https:\/\/bbqassad.ee\/fi\/toode\/marinaadisegu-blues-hog-pork-marinade-mix-marinadiseos\/","og_site_name":"BBQ \u00c4ssad","article_publisher":"https:\/\/www.facebook.com\/bbqassad","article_modified_time":"2026-04-14T06:34:20+00:00","og_image":[{"width":800,"height":800,"url":"https:\/\/bbqassad.ee\/wp-content\/uploads\/2022\/11\/BluesHoggs-MarinadeMix-2-BBQAssad-copy.webp","type":"image\/webp"}],"twitter_card":"summary_large_image","twitter_misc":{"Arvioitu lukuaika":"1 minuutti"},"schema":{"@context":"https:\/\/schema.org","@graph":[{"@type":"WebPage","@id":"https:\/\/bbqassad.ee\/fi\/toode\/marinaadisegu-blues-hog-pork-marinade-mix-marinadiseos\/","url":"https:\/\/bbqassad.ee\/fi\/toode\/marinaadisegu-blues-hog-pork-marinade-mix-marinadiseos\/","name":"Blues Hog Pork Marinade Mix - BBQ \u00c4ssad","isPartOf":{"@id":"https:\/\/bbqassad.ee\/fi\/#website"},"primaryImageOfPage":{"@id":"https:\/\/bbqassad.ee\/fi\/toode\/marinaadisegu-blues-hog-pork-marinade-mix-marinadiseos\/#primaryimage"},"image":{"@id":"https:\/\/bbqassad.ee\/fi\/toode\/marinaadisegu-blues-hog-pork-marinade-mix-marinadiseos\/#primaryimage"},"thumbnailUrl":"https:\/\/bbqassad.ee\/wp-content\/uploads\/2022\/11\/BluesHoggs-MarinadeMix-2-BBQAssad-copy.webp","datePublished":"2022-11-02T13:03:02+00:00","dateModified":"2026-04-14T06:34:20+00:00","description":"Blues Hog Pork marinade mix - mausteseos, joka nostaa sianlihan maun ja mehevyyden aivan uudelle tasolle ...","breadcrumb":{"@id":"https:\/\/bbqassad.ee\/fi\/toode\/marinaadisegu-blues-hog-pork-marinade-mix-marinadiseos\/#breadcrumb"},"inLanguage":"fi","potentialAction":[{"@type":"ReadAction","target":["https:\/\/bbqassad.ee\/fi\/toode\/marinaadisegu-blues-hog-pork-marinade-mix-marinadiseos\/"]}]},{"@type":"ImageObject","inLanguage":"fi","@id":"https:\/\/bbqassad.ee\/fi\/toode\/marinaadisegu-blues-hog-pork-marinade-mix-marinadiseos\/#primaryimage","url":"https:\/\/bbqassad.ee\/wp-content\/uploads\/2022\/11\/BluesHoggs-MarinadeMix-2-BBQAssad-copy.webp","contentUrl":"https:\/\/bbqassad.ee\/wp-content\/uploads\/2022\/11\/BluesHoggs-MarinadeMix-2-BBQAssad-copy.webp","width":800,"height":800,"caption":"Marinaadisegu Blues Hog Pork marinade mix"},{"@type":"BreadcrumbList","@id":"https:\/\/bbqassad.ee\/fi\/toode\/marinaadisegu-blues-hog-pork-marinade-mix-marinadiseos\/#breadcrumb","itemListElement":[{"@type":"ListItem","position":1,"name":"Home","item":"https:\/\/bbqassad.ee\/fi\/bbq-assat\/"},{"@type":"ListItem","position":2,"name":"Verkkokauppa","item":"https:\/\/bbqassad.ee\/fi\/verkkokauppa\/"},{"@type":"ListItem","position":3,"name":"Blues Hog Pork Marinade Mix"}]},{"@type":"WebSite","@id":"https:\/\/bbqassad.ee\/fi\/#website","url":"https:\/\/bbqassad.ee\/fi\/","name":"BBQ \u00c4ssad","description":"BBQ maitseained, kastmed, ahjud","publisher":{"@id":"https:\/\/bbqassad.ee\/fi\/#organization"},"potentialAction":[{"@type":"SearchAction","target":{"@type":"EntryPoint","urlTemplate":"https:\/\/bbqassad.ee\/fi\/?s={search_term_string}"},"query-input":{"@type":"PropertyValueSpecification","valueRequired":true,"valueName":"search_term_string"}}],"inLanguage":"fi"},{"@type":"Organization","@id":"https:\/\/bbqassad.ee\/fi\/#organization","name":"BBQ \u00c4ssad","url":"https:\/\/bbqassad.ee\/fi\/","logo":{"@type":"ImageObject","inLanguage":"fi","@id":"https:\/\/bbqassad.ee\/fi\/#\/schema\/logo\/image\/","url":"https:\/\/bbqassad.ee\/wp-content\/uploads\/2022\/10\/BBQ-2ssadlogo.png","contentUrl":"https:\/\/bbqassad.ee\/wp-content\/uploads\/2022\/10\/BBQ-2ssadlogo.png","width":1080,"height":1080,"caption":"BBQ \u00c4ssad"},"image":{"@id":"https:\/\/bbqassad.ee\/fi\/#\/schema\/logo\/image\/"},"sameAs":["https:\/\/www.facebook.com\/bbqassad","https:\/\/www.youtube.com\/channel\/UCsoufn49J6TVi9Ah9meE93w"]}]}},"_links":{"self":[{"href":"https:\/\/bbqassad.ee\/fi\/wp-json\/wp\/v2\/product\/23607","targetHints":{"allow":["GET"]}}],"collection":[{"href":"https:\/\/bbqassad.ee\/fi\/wp-json\/wp\/v2\/product"}],"about":[{"href":"https:\/\/bbqassad.ee\/fi\/wp-json\/wp\/v2\/types\/product"}],"replies":[{"embeddable":true,"href":"https:\/\/bbqassad.ee\/fi\/wp-json\/wp\/v2\/comments?post=23607"}],"wp:featuredmedia":[{"embeddable":true,"href":"https:\/\/bbqassad.ee\/fi\/wp-json\/wp\/v2\/media\/23608"}],"wp:attachment":[{"href":"https:\/\/bbqassad.ee\/fi\/wp-json\/wp\/v2\/media?parent=23607"}],"wp:term":[{"taxonomy":"product_brand","embeddable":true,"href":"https:\/\/bbqassad.ee\/fi\/wp-json\/wp\/v2\/product_brand?post=23607"},{"taxonomy":"product_cat","embeddable":true,"href":"https:\/\/bbqassad.ee\/fi\/wp-json\/wp\/v2\/product_cat?post=23607"},{"taxonomy":"product_tag","embeddable":true,"href":"https:\/\/bbqassad.ee\/fi\/wp-json\/wp\/v2\/product_tag?post=23607"}],"curies":[{"name":"wp","href":"https:\/\/api.w.org\/{rel}","templated":true}]}}