{"id":23599,"date":"2022-11-02T13:11:45","date_gmt":"2022-11-02T13:11:45","guid":{"rendered":"https:\/\/bbqassad.ee\/toode\/blues-hog-sweet-and-savory-mausteseos\/"},"modified":"2026-04-14T06:34:22","modified_gmt":"2026-04-14T06:34:22","slug":"blues-hog-sweet-and-savory-mausteseos","status":"publish","type":"product","link":"https:\/\/bbqassad.ee\/fi\/toode\/blues-hog-sweet-and-savory-mausteseos\/","title":{"rendered":"Blues Hog Sweet and Savory -mausteseos"},"content":{"rendered":"<h2>Blues Hog Sweet and Savory mausteseos<\/h2>\n<p>Legendaarisen Bill Arnoldin Blues Hog ei kaipaa esittely\u00e4, sill\u00e4 mik\u00e4\u00e4n muu tuote ei ole voittanut niin monia palkintoja kuin Blues Hog. Kuten heid\u00e4n tuotteistaan sanotaan &#8211; mestareiden valinta, ja se pit\u00e4\u00e4 paikkansa viel\u00e4 t\u00e4n\u00e4kin p\u00e4iv\u00e4n\u00e4, sill\u00e4 t\u00e4m\u00e4 rub voitti vuoden 2021 World Pork Scoop -luokan World Pig Roasting Championships -tapahtumassa ja vuoden 2022 World Whole Hog Roasting Championships -tapahtumassa Memphisiss\u00e4. <\/p>\n<h3>BBQ Aces kommentti<\/h3>\n<p>Blues Hog&#8217;s Sweet and Savory on parin ihmisen luoma tuote, jonka tarkoituksena on v\u00e4hent\u00e4\u00e4 kilpailuissa kannettavan roskan m\u00e4\u00e4r\u00e4\u00e4. T\u00e4m\u00e4n rubin ideana oli p\u00e4\u00e4st\u00e4 eroon niist\u00e4 kymmenist\u00e4 maustepusseista, joita kannetaan mukana kaikkialla. Kaiken piti mahtua yhteen purkkiin ja mit\u00e4\u00e4n ei voi sanoa, he onnistuivat 100%. Blues Hog Sweet and Savory on p\u00e4\u00e4ssyt maustekaapissamme kaikkiin kilpailuihin jo parin vuoden ajan, ja se on l\u00f6yt\u00e4nyt tiens\u00e4 my\u00f6s kotileivontaan. Mielest\u00e4mme se on monipuolisin maustekastike ikin\u00e4. Makea ja suolainen, mutta ei liian mausteinen. Kaiken lis\u00e4ksi, kun<br \/>\ngrillaat tai grillaat, t\u00e4m\u00e4 BBQ rub j\u00e4tt\u00e4\u00e4 lihaan upean punaisen v\u00e4rin. Kun yst\u00e4v\u00e4t kysyv\u00e4t suosituksia, t\u00e4m\u00e4 on yleens\u00e4 ensimm\u00e4inen purkki, jonka annamme heid\u00e4n k\u00e4siins\u00e4.       <\/p>\n<h3>Ammattilaisen vinkki<\/h3>\n<p>Se on eritt\u00e4in hyv\u00e4 kyljysten maustamiseen, ja sit\u00e4 voi my\u00f6s hyvin sekoittaa muiden mausteiden kanssa &#8211; jos haluat mausteisempaa, ei ongelmaa, sekoita omat mausteesi ja olet valmis.<\/p>\n","protected":false},"excerpt":{"rendered":"<p>Tuottaja: Blues Hog<br \/>\nPaino: 177g ja 354g<br \/>\nAinesosat: suola, sokeri, mausteet (kuten paprika), ruskea sokeri, valkosipuli, hiivauute, sipuli, soija\u00f6ljy, luonnollinen hikkorimaisema.<\/p>\n","protected":false},"featured_media":23600,"comment_status":"open","ping_status":"closed","template":"","meta":[],"product_brand":[280],"product_cat":[802],"product_tag":[790,789],"class_list":{"0":"post-23599","1":"product","2":"type-product","3":"status-publish","4":"has-post-thumbnail","6":"product_brand-blues-hog","7":"product_cat-sekoitukset","8":"product_tag-kana","9":"product_tag-sika","11":"first","12":"instock","13":"taxable","14":"shipping-taxable","15":"purchasable","16":"product-type-variable"},"yoast_head":"<!-- This site is optimized with the Yoast SEO plugin v27.4 - https:\/\/yoast.com\/product\/yoast-seo-wordpress\/ -->\n<title>Blues Hog Sweet and Savory -mausteseos - BBQ \u00c4ssad%<\/title>\n<meta name=\"description\" content=\"Blues Hog Sweet and Savory - Makeaa ja suolaista, mutta ei liian mausteista. Kaiken lis\u00e4ksi, kun grillaat tai teet barbecue&#039;d, se ...\" \/>\n<meta name=\"robots\" content=\"index, follow, max-snippet:-1, max-image-preview:large, max-video-preview:-1\" \/>\n<link rel=\"canonical\" href=\"https:\/\/bbqassad.ee\/fi\/toode\/blues-hog-sweet-and-savory-mausteseos\/\" \/>\n<meta property=\"og:locale\" content=\"fi_FI\" \/>\n<meta property=\"og:type\" content=\"article\" \/>\n<meta property=\"og:title\" content=\"Blues Hog Sweet and Savory mausteseos\" \/>\n<meta property=\"og:description\" content=\"Blues Hog Sweet and Savory - Makeaa ja suolaista, mutta ei liian mausteista. Kaiken lis\u00e4ksi, kun grillaat tai teet barbecue&#039;d, se ...\" \/>\n<meta property=\"og:url\" content=\"https:\/\/bbqassad.ee\/fi\/toode\/blues-hog-sweet-and-savory-mausteseos\/\" \/>\n<meta property=\"og:site_name\" content=\"BBQ \u00c4ssad\" \/>\n<meta property=\"article:publisher\" content=\"https:\/\/www.facebook.com\/bbqassad\" \/>\n<meta property=\"article:modified_time\" content=\"2026-04-14T06:34:22+00:00\" \/>\n<meta property=\"og:image\" content=\"https:\/\/bbqassad.ee\/wp-content\/uploads\/2022\/11\/BluesHoggs-SweetAndSavory-2-BBQAssad-copy-300x300.webp\" \/>\n<meta name=\"twitter:card\" content=\"summary_large_image\" \/>\n<meta name=\"twitter:label1\" content=\"Arvioitu lukuaika\" \/>\n\t<meta name=\"twitter:data1\" content=\"1 minuutti\" \/>\n<script type=\"application\/ld+json\" class=\"yoast-schema-graph\">{\"@context\":\"https:\\\/\\\/schema.org\",\"@graph\":[{\"@type\":\"WebPage\",\"@id\":\"https:\\\/\\\/bbqassad.ee\\\/fi\\\/toode\\\/blues-hog-sweet-and-savory-mausteseos\\\/\",\"url\":\"https:\\\/\\\/bbqassad.ee\\\/fi\\\/toode\\\/blues-hog-sweet-and-savory-mausteseos\\\/\",\"name\":\"Blues Hog Sweet and Savory -mausteseos - BBQ \u00c4ssad%\",\"isPartOf\":{\"@id\":\"https:\\\/\\\/bbqassad.ee\\\/fi\\\/#website\"},\"primaryImageOfPage\":{\"@id\":\"https:\\\/\\\/bbqassad.ee\\\/fi\\\/toode\\\/blues-hog-sweet-and-savory-mausteseos\\\/#primaryimage\"},\"image\":{\"@id\":\"https:\\\/\\\/bbqassad.ee\\\/fi\\\/toode\\\/blues-hog-sweet-and-savory-mausteseos\\\/#primaryimage\"},\"thumbnailUrl\":\"https:\\\/\\\/bbqassad.ee\\\/wp-content\\\/uploads\\\/2022\\\/11\\\/BluesHoggs-SweetAndSavory-2-BBQAssad-copy.webp\",\"datePublished\":\"2022-11-02T13:11:45+00:00\",\"dateModified\":\"2026-04-14T06:34:22+00:00\",\"description\":\"Blues Hog Sweet and Savory - Makeaa ja suolaista, mutta ei liian mausteista. Kaiken lis\u00e4ksi, kun grillaat tai teet barbecue'd, se ...\",\"breadcrumb\":{\"@id\":\"https:\\\/\\\/bbqassad.ee\\\/fi\\\/toode\\\/blues-hog-sweet-and-savory-mausteseos\\\/#breadcrumb\"},\"inLanguage\":\"fi\",\"potentialAction\":[{\"@type\":\"ReadAction\",\"target\":[\"https:\\\/\\\/bbqassad.ee\\\/fi\\\/toode\\\/blues-hog-sweet-and-savory-mausteseos\\\/\"]}]},{\"@type\":\"ImageObject\",\"inLanguage\":\"fi\",\"@id\":\"https:\\\/\\\/bbqassad.ee\\\/fi\\\/toode\\\/blues-hog-sweet-and-savory-mausteseos\\\/#primaryimage\",\"url\":\"https:\\\/\\\/bbqassad.ee\\\/wp-content\\\/uploads\\\/2022\\\/11\\\/BluesHoggs-SweetAndSavory-2-BBQAssad-copy.webp\",\"contentUrl\":\"https:\\\/\\\/bbqassad.ee\\\/wp-content\\\/uploads\\\/2022\\\/11\\\/BluesHoggs-SweetAndSavory-2-BBQAssad-copy.webp\",\"width\":800,\"height\":800,\"caption\":\"Maitseainesegu Blues Hog Sweet and Savory\"},{\"@type\":\"BreadcrumbList\",\"@id\":\"https:\\\/\\\/bbqassad.ee\\\/fi\\\/toode\\\/blues-hog-sweet-and-savory-mausteseos\\\/#breadcrumb\",\"itemListElement\":[{\"@type\":\"ListItem\",\"position\":1,\"name\":\"Home\",\"item\":\"https:\\\/\\\/bbqassad.ee\\\/fi\\\/bbq-assat\\\/\"},{\"@type\":\"ListItem\",\"position\":2,\"name\":\"Verkkokauppa\",\"item\":\"https:\\\/\\\/bbqassad.ee\\\/fi\\\/verkkokauppa\\\/\"},{\"@type\":\"ListItem\",\"position\":3,\"name\":\"Blues Hog Sweet and Savory -mausteseos\"}]},{\"@type\":\"WebSite\",\"@id\":\"https:\\\/\\\/bbqassad.ee\\\/fi\\\/#website\",\"url\":\"https:\\\/\\\/bbqassad.ee\\\/fi\\\/\",\"name\":\"BBQ \u00c4ssad\",\"description\":\"BBQ maitseained, kastmed, ahjud\",\"publisher\":{\"@id\":\"https:\\\/\\\/bbqassad.ee\\\/fi\\\/#organization\"},\"potentialAction\":[{\"@type\":\"SearchAction\",\"target\":{\"@type\":\"EntryPoint\",\"urlTemplate\":\"https:\\\/\\\/bbqassad.ee\\\/fi\\\/?s={search_term_string}\"},\"query-input\":{\"@type\":\"PropertyValueSpecification\",\"valueRequired\":true,\"valueName\":\"search_term_string\"}}],\"inLanguage\":\"fi\"},{\"@type\":\"Organization\",\"@id\":\"https:\\\/\\\/bbqassad.ee\\\/fi\\\/#organization\",\"name\":\"BBQ \u00c4ssad\",\"url\":\"https:\\\/\\\/bbqassad.ee\\\/fi\\\/\",\"logo\":{\"@type\":\"ImageObject\",\"inLanguage\":\"fi\",\"@id\":\"https:\\\/\\\/bbqassad.ee\\\/fi\\\/#\\\/schema\\\/logo\\\/image\\\/\",\"url\":\"https:\\\/\\\/bbqassad.ee\\\/wp-content\\\/uploads\\\/2022\\\/10\\\/BBQ-2ssadlogo.png\",\"contentUrl\":\"https:\\\/\\\/bbqassad.ee\\\/wp-content\\\/uploads\\\/2022\\\/10\\\/BBQ-2ssadlogo.png\",\"width\":1080,\"height\":1080,\"caption\":\"BBQ \u00c4ssad\"},\"image\":{\"@id\":\"https:\\\/\\\/bbqassad.ee\\\/fi\\\/#\\\/schema\\\/logo\\\/image\\\/\"},\"sameAs\":[\"https:\\\/\\\/www.facebook.com\\\/bbqassad\",\"https:\\\/\\\/www.youtube.com\\\/channel\\\/UCsoufn49J6TVi9Ah9meE93w\"]}]}<\/script>\n<!-- \/ Yoast SEO plugin. -->","yoast_head_json":{"title":"Blues Hog Sweet and Savory -mausteseos - BBQ \u00c4ssad%","description":"Blues Hog Sweet and Savory - Makeaa ja suolaista, mutta ei liian mausteista. Kaiken lis\u00e4ksi, kun grillaat tai teet barbecue'd, se ...","robots":{"index":"index","follow":"follow","max-snippet":"max-snippet:-1","max-image-preview":"max-image-preview:large","max-video-preview":"max-video-preview:-1"},"canonical":"https:\/\/bbqassad.ee\/fi\/toode\/blues-hog-sweet-and-savory-mausteseos\/","og_locale":"fi_FI","og_type":"article","og_title":"Blues Hog Sweet and Savory mausteseos","og_description":"Blues Hog Sweet and Savory - Makeaa ja suolaista, mutta ei liian mausteista. Kaiken lis\u00e4ksi, kun grillaat tai teet barbecue'd, se ...","og_url":"https:\/\/bbqassad.ee\/fi\/toode\/blues-hog-sweet-and-savory-mausteseos\/","og_site_name":"BBQ \u00c4ssad","article_publisher":"https:\/\/www.facebook.com\/bbqassad","article_modified_time":"2026-04-14T06:34:22+00:00","og_image":[{"url":"https:\/\/bbqassad.ee\/wp-content\/uploads\/2022\/11\/BluesHoggs-SweetAndSavory-2-BBQAssad-copy-300x300.webp","type":"","width":"","height":""}],"twitter_card":"summary_large_image","twitter_misc":{"Arvioitu lukuaika":"1 minuutti"},"schema":{"@context":"https:\/\/schema.org","@graph":[{"@type":"WebPage","@id":"https:\/\/bbqassad.ee\/fi\/toode\/blues-hog-sweet-and-savory-mausteseos\/","url":"https:\/\/bbqassad.ee\/fi\/toode\/blues-hog-sweet-and-savory-mausteseos\/","name":"Blues Hog Sweet and Savory -mausteseos - BBQ \u00c4ssad%","isPartOf":{"@id":"https:\/\/bbqassad.ee\/fi\/#website"},"primaryImageOfPage":{"@id":"https:\/\/bbqassad.ee\/fi\/toode\/blues-hog-sweet-and-savory-mausteseos\/#primaryimage"},"image":{"@id":"https:\/\/bbqassad.ee\/fi\/toode\/blues-hog-sweet-and-savory-mausteseos\/#primaryimage"},"thumbnailUrl":"https:\/\/bbqassad.ee\/wp-content\/uploads\/2022\/11\/BluesHoggs-SweetAndSavory-2-BBQAssad-copy.webp","datePublished":"2022-11-02T13:11:45+00:00","dateModified":"2026-04-14T06:34:22+00:00","description":"Blues Hog Sweet and Savory - Makeaa ja suolaista, mutta ei liian mausteista. Kaiken lis\u00e4ksi, kun grillaat tai teet barbecue'd, se ...","breadcrumb":{"@id":"https:\/\/bbqassad.ee\/fi\/toode\/blues-hog-sweet-and-savory-mausteseos\/#breadcrumb"},"inLanguage":"fi","potentialAction":[{"@type":"ReadAction","target":["https:\/\/bbqassad.ee\/fi\/toode\/blues-hog-sweet-and-savory-mausteseos\/"]}]},{"@type":"ImageObject","inLanguage":"fi","@id":"https:\/\/bbqassad.ee\/fi\/toode\/blues-hog-sweet-and-savory-mausteseos\/#primaryimage","url":"https:\/\/bbqassad.ee\/wp-content\/uploads\/2022\/11\/BluesHoggs-SweetAndSavory-2-BBQAssad-copy.webp","contentUrl":"https:\/\/bbqassad.ee\/wp-content\/uploads\/2022\/11\/BluesHoggs-SweetAndSavory-2-BBQAssad-copy.webp","width":800,"height":800,"caption":"Maitseainesegu Blues Hog Sweet and Savory"},{"@type":"BreadcrumbList","@id":"https:\/\/bbqassad.ee\/fi\/toode\/blues-hog-sweet-and-savory-mausteseos\/#breadcrumb","itemListElement":[{"@type":"ListItem","position":1,"name":"Home","item":"https:\/\/bbqassad.ee\/fi\/bbq-assat\/"},{"@type":"ListItem","position":2,"name":"Verkkokauppa","item":"https:\/\/bbqassad.ee\/fi\/verkkokauppa\/"},{"@type":"ListItem","position":3,"name":"Blues Hog Sweet and Savory -mausteseos"}]},{"@type":"WebSite","@id":"https:\/\/bbqassad.ee\/fi\/#website","url":"https:\/\/bbqassad.ee\/fi\/","name":"BBQ \u00c4ssad","description":"BBQ maitseained, kastmed, ahjud","publisher":{"@id":"https:\/\/bbqassad.ee\/fi\/#organization"},"potentialAction":[{"@type":"SearchAction","target":{"@type":"EntryPoint","urlTemplate":"https:\/\/bbqassad.ee\/fi\/?s={search_term_string}"},"query-input":{"@type":"PropertyValueSpecification","valueRequired":true,"valueName":"search_term_string"}}],"inLanguage":"fi"},{"@type":"Organization","@id":"https:\/\/bbqassad.ee\/fi\/#organization","name":"BBQ \u00c4ssad","url":"https:\/\/bbqassad.ee\/fi\/","logo":{"@type":"ImageObject","inLanguage":"fi","@id":"https:\/\/bbqassad.ee\/fi\/#\/schema\/logo\/image\/","url":"https:\/\/bbqassad.ee\/wp-content\/uploads\/2022\/10\/BBQ-2ssadlogo.png","contentUrl":"https:\/\/bbqassad.ee\/wp-content\/uploads\/2022\/10\/BBQ-2ssadlogo.png","width":1080,"height":1080,"caption":"BBQ \u00c4ssad"},"image":{"@id":"https:\/\/bbqassad.ee\/fi\/#\/schema\/logo\/image\/"},"sameAs":["https:\/\/www.facebook.com\/bbqassad","https:\/\/www.youtube.com\/channel\/UCsoufn49J6TVi9Ah9meE93w"]}]}},"_links":{"self":[{"href":"https:\/\/bbqassad.ee\/fi\/wp-json\/wp\/v2\/product\/23599","targetHints":{"allow":["GET"]}}],"collection":[{"href":"https:\/\/bbqassad.ee\/fi\/wp-json\/wp\/v2\/product"}],"about":[{"href":"https:\/\/bbqassad.ee\/fi\/wp-json\/wp\/v2\/types\/product"}],"replies":[{"embeddable":true,"href":"https:\/\/bbqassad.ee\/fi\/wp-json\/wp\/v2\/comments?post=23599"}],"wp:featuredmedia":[{"embeddable":true,"href":"https:\/\/bbqassad.ee\/fi\/wp-json\/wp\/v2\/media\/23600"}],"wp:attachment":[{"href":"https:\/\/bbqassad.ee\/fi\/wp-json\/wp\/v2\/media?parent=23599"}],"wp:term":[{"taxonomy":"product_brand","embeddable":true,"href":"https:\/\/bbqassad.ee\/fi\/wp-json\/wp\/v2\/product_brand?post=23599"},{"taxonomy":"product_cat","embeddable":true,"href":"https:\/\/bbqassad.ee\/fi\/wp-json\/wp\/v2\/product_cat?post=23599"},{"taxonomy":"product_tag","embeddable":true,"href":"https:\/\/bbqassad.ee\/fi\/wp-json\/wp\/v2\/product_tag?post=23599"}],"curies":[{"name":"wp","href":"https:\/\/api.w.org\/{rel}","templated":true}]}}