{"id":23597,"date":"2022-11-02T13:28:58","date_gmt":"2022-11-02T13:28:58","guid":{"rendered":"https:\/\/bbqassad.ee\/toode\/marinaadisegu-butcher-bbq-brisket-injection-ruiskutus\/"},"modified":"2026-04-14T06:34:19","modified_gmt":"2026-04-14T06:34:19","slug":"marinaadisegu-butcher-bbq-brisket-injection-ruiskutus","status":"publish","type":"product","link":"https:\/\/bbqassad.ee\/fi\/toode\/marinaadisegu-butcher-bbq-brisket-injection-ruiskutus\/","title":{"rendered":"Butcher BBQ Brisket Injection -marinadimix"},"content":{"rendered":"<h2>Marinaadisegu Butcher BBQ Brisket Injection -ruiskutus<\/h2>\n<p>Kaikkien aikojen legendaarisin naudanliharuiskusekoitus on aina tullut Butcher BBQ:lta ja sen perustajalta Dave Bouskalta. H\u00e4n on ammatiltaan teurastaja, ja on ollut sit\u00e4 jo hyvin pitk\u00e4\u00e4n, ja kaikki, mit\u00e4 h\u00e4n purkittaa myyntiin, on yleens\u00e4 hyvin tarkkaan harkittua. Kaikki suuret BBQ- tai grillimestarit k\u00e4ytt\u00e4v\u00e4t tavalla tai toisella h\u00e4nen tuotettaan, sill\u00e4 yli 10 vuoteen ei ole ollut kilpailijaa.  <\/p>\n<h2>BBQ Aces kommentti<\/h2>\n<p>Butcher BBQ -tuotteet olivat yksi valtavan valikoiman perustuksista brisket-luokkien k\u00e4rkisijoilla. Olemme aina k\u00e4ytt\u00e4neet Butcher BBQ -tuotetta ja sekoittaneet sen vain puhtaaseen veteen. Jos suunnittelet brisketin valmistusta, t\u00e4lle tuotteelle ei ole t\u00e4ss\u00e4 mit\u00e4\u00e4n vastinetta. \u00c4l\u00e4 yrit\u00e4 sekoittaa sit\u00e4 liemeen tai vastaavaan tuotteeseen, sill\u00e4 se tekee lihasta heti hyvin suolaista ja ainoa oikea tapa on k\u00e4ytt\u00e4\u00e4 puhdasta l\u00e4hdevett\u00e4. Toinen t\u00e4rke\u00e4 pointti on se, ett\u00e4 \u00e4l\u00e4 maista \ud83d\ude00 se on superrunsasta tavaraa, joka saa oikean makunsa ja antaa oikean maun lihan kypsyess\u00e4. Yksi t\u00e4rkeimmist\u00e4 tuloksista ruiskuttamisessa oli se, ett\u00e4 liha pysyi aina mehukkaana.      <\/p>\n<h2>Ammattilaisen vinkki<\/h2>\n<p>Seos kannattaa valmistaa noin p\u00e4iv\u00e4\u00e4 aikaisemmin, jotta se muuttuu hieman kiinte\u00e4mm\u00e4ksi ja pysyy paremmin lihassa. Jos haluat valmistaa sen aamulla, pistele edellisen\u00e4 iltana &#8211; kuusi tuntia on juuri sopiva aika. Liian pitk\u00e4 aika tekee lihasta suolaista. Kokeile, etk\u00e4 tule katumaan, parhaan rintafileen pokaali meill\u00e4 vahvistaa sen.   <\/p>\n","protected":false},"excerpt":{"rendered":"<p>Valmistaja: butcher BBQ<br \/>\nPaino: 453,5g<br \/>\nAinesosat: Kasviproteiinit, soija- ja maissiproteiinit, suola, kasvi\u00f6ljy, naudanliha, naudanlihaliemi, fosfaatit.<\/p>\n","protected":false},"featured_media":23598,"comment_status":"open","ping_status":"closed","template":"","meta":[],"product_brand":[382],"product_cat":[812],"product_tag":[803],"class_list":{"0":"post-23597","1":"product","2":"type-product","3":"status-publish","4":"has-post-thumbnail","6":"product_brand-butcher-bbq-et","7":"product_cat-marinadit","8":"product_tag-karja","10":"first","11":"instock","12":"taxable","13":"shipping-taxable","14":"purchasable","15":"product-type-simple"},"yoast_head":"<!-- This site is optimized with the Yoast SEO plugin v27.4 - https:\/\/yoast.com\/product\/yoast-seo-wordpress\/ -->\n<title>Butcher BBQ Brisket Injection -marinadimix - BBQ \u00c4ssad<\/title>\n<meta name=\"description\" content=\"Marinade Butcher BBQ Prime Brisket Injection - Kaikkien aikojen legendaarisin naudanlihan injektioseos. Liha pysyy aina mehukkaana.\" \/>\n<meta name=\"robots\" content=\"index, follow, max-snippet:-1, max-image-preview:large, max-video-preview:-1\" \/>\n<link rel=\"canonical\" href=\"https:\/\/bbqassad.ee\/fi\/toode\/marinaadisegu-butcher-bbq-brisket-injection-ruiskutus\/\" \/>\n<meta property=\"og:locale\" content=\"fi_FI\" \/>\n<meta property=\"og:type\" content=\"article\" \/>\n<meta property=\"og:title\" content=\"Marinaadisegu Butcher BBQ Brisket Injection -ruiskutus\" \/>\n<meta property=\"og:description\" content=\"Marinade Butcher BBQ Prime Brisket Injection - Kaikkien aikojen legendaarisin naudanlihan injektioseos. Liha pysyy aina mehukkaana.\" \/>\n<meta property=\"og:url\" content=\"https:\/\/bbqassad.ee\/fi\/toode\/marinaadisegu-butcher-bbq-brisket-injection-ruiskutus\/\" \/>\n<meta property=\"og:site_name\" content=\"BBQ \u00c4ssad\" \/>\n<meta property=\"article:publisher\" content=\"https:\/\/www.facebook.com\/bbqassad\" \/>\n<meta property=\"article:modified_time\" content=\"2026-04-14T06:34:19+00:00\" \/>\n<meta property=\"og:image\" content=\"https:\/\/bbqassad.ee\/wp-content\/uploads\/2022\/11\/ButcherBBQ-BrisketInjection-2-BBQAssad-copy-300x300.webp\" \/>\n<meta name=\"twitter:card\" content=\"summary_large_image\" \/>\n<meta name=\"twitter:label1\" content=\"Arvioitu lukuaika\" \/>\n\t<meta name=\"twitter:data1\" content=\"1 minuutti\" \/>\n<script type=\"application\/ld+json\" class=\"yoast-schema-graph\">{\"@context\":\"https:\\\/\\\/schema.org\",\"@graph\":[{\"@type\":\"WebPage\",\"@id\":\"https:\\\/\\\/bbqassad.ee\\\/fi\\\/toode\\\/marinaadisegu-butcher-bbq-brisket-injection-ruiskutus\\\/\",\"url\":\"https:\\\/\\\/bbqassad.ee\\\/fi\\\/toode\\\/marinaadisegu-butcher-bbq-brisket-injection-ruiskutus\\\/\",\"name\":\"Butcher BBQ Brisket Injection -marinadimix - BBQ \u00c4ssad\",\"isPartOf\":{\"@id\":\"https:\\\/\\\/bbqassad.ee\\\/fi\\\/#website\"},\"primaryImageOfPage\":{\"@id\":\"https:\\\/\\\/bbqassad.ee\\\/fi\\\/toode\\\/marinaadisegu-butcher-bbq-brisket-injection-ruiskutus\\\/#primaryimage\"},\"image\":{\"@id\":\"https:\\\/\\\/bbqassad.ee\\\/fi\\\/toode\\\/marinaadisegu-butcher-bbq-brisket-injection-ruiskutus\\\/#primaryimage\"},\"thumbnailUrl\":\"https:\\\/\\\/bbqassad.ee\\\/wp-content\\\/uploads\\\/2022\\\/11\\\/ButcherBBQ-BrisketInjection-2-BBQAssad-copy.webp\",\"datePublished\":\"2022-11-02T13:28:58+00:00\",\"dateModified\":\"2026-04-14T06:34:19+00:00\",\"description\":\"Marinade Butcher BBQ Prime Brisket Injection - Kaikkien aikojen legendaarisin naudanlihan injektioseos. Liha pysyy aina mehukkaana.\",\"breadcrumb\":{\"@id\":\"https:\\\/\\\/bbqassad.ee\\\/fi\\\/toode\\\/marinaadisegu-butcher-bbq-brisket-injection-ruiskutus\\\/#breadcrumb\"},\"inLanguage\":\"fi\",\"potentialAction\":[{\"@type\":\"ReadAction\",\"target\":[\"https:\\\/\\\/bbqassad.ee\\\/fi\\\/toode\\\/marinaadisegu-butcher-bbq-brisket-injection-ruiskutus\\\/\"]}]},{\"@type\":\"ImageObject\",\"inLanguage\":\"fi\",\"@id\":\"https:\\\/\\\/bbqassad.ee\\\/fi\\\/toode\\\/marinaadisegu-butcher-bbq-brisket-injection-ruiskutus\\\/#primaryimage\",\"url\":\"https:\\\/\\\/bbqassad.ee\\\/wp-content\\\/uploads\\\/2022\\\/11\\\/ButcherBBQ-BrisketInjection-2-BBQAssad-copy.webp\",\"contentUrl\":\"https:\\\/\\\/bbqassad.ee\\\/wp-content\\\/uploads\\\/2022\\\/11\\\/ButcherBBQ-BrisketInjection-2-BBQAssad-copy.webp\",\"width\":800,\"height\":800,\"caption\":\"Marinaadisegu Butcher BBQ Prime Brisket Injection\"},{\"@type\":\"BreadcrumbList\",\"@id\":\"https:\\\/\\\/bbqassad.ee\\\/fi\\\/toode\\\/marinaadisegu-butcher-bbq-brisket-injection-ruiskutus\\\/#breadcrumb\",\"itemListElement\":[{\"@type\":\"ListItem\",\"position\":1,\"name\":\"Home\",\"item\":\"https:\\\/\\\/bbqassad.ee\\\/fi\\\/bbq-assat\\\/\"},{\"@type\":\"ListItem\",\"position\":2,\"name\":\"Verkkokauppa\",\"item\":\"https:\\\/\\\/bbqassad.ee\\\/fi\\\/verkkokauppa\\\/\"},{\"@type\":\"ListItem\",\"position\":3,\"name\":\"Butcher BBQ Brisket Injection -marinadimix\"}]},{\"@type\":\"WebSite\",\"@id\":\"https:\\\/\\\/bbqassad.ee\\\/fi\\\/#website\",\"url\":\"https:\\\/\\\/bbqassad.ee\\\/fi\\\/\",\"name\":\"BBQ \u00c4ssad\",\"description\":\"BBQ maitseained, kastmed, ahjud\",\"publisher\":{\"@id\":\"https:\\\/\\\/bbqassad.ee\\\/fi\\\/#organization\"},\"potentialAction\":[{\"@type\":\"SearchAction\",\"target\":{\"@type\":\"EntryPoint\",\"urlTemplate\":\"https:\\\/\\\/bbqassad.ee\\\/fi\\\/?s={search_term_string}\"},\"query-input\":{\"@type\":\"PropertyValueSpecification\",\"valueRequired\":true,\"valueName\":\"search_term_string\"}}],\"inLanguage\":\"fi\"},{\"@type\":\"Organization\",\"@id\":\"https:\\\/\\\/bbqassad.ee\\\/fi\\\/#organization\",\"name\":\"BBQ \u00c4ssad\",\"url\":\"https:\\\/\\\/bbqassad.ee\\\/fi\\\/\",\"logo\":{\"@type\":\"ImageObject\",\"inLanguage\":\"fi\",\"@id\":\"https:\\\/\\\/bbqassad.ee\\\/fi\\\/#\\\/schema\\\/logo\\\/image\\\/\",\"url\":\"https:\\\/\\\/bbqassad.ee\\\/wp-content\\\/uploads\\\/2022\\\/10\\\/BBQ-2ssadlogo.png\",\"contentUrl\":\"https:\\\/\\\/bbqassad.ee\\\/wp-content\\\/uploads\\\/2022\\\/10\\\/BBQ-2ssadlogo.png\",\"width\":1080,\"height\":1080,\"caption\":\"BBQ \u00c4ssad\"},\"image\":{\"@id\":\"https:\\\/\\\/bbqassad.ee\\\/fi\\\/#\\\/schema\\\/logo\\\/image\\\/\"},\"sameAs\":[\"https:\\\/\\\/www.facebook.com\\\/bbqassad\",\"https:\\\/\\\/www.youtube.com\\\/channel\\\/UCsoufn49J6TVi9Ah9meE93w\"]}]}<\/script>\n<!-- \/ Yoast SEO plugin. -->","yoast_head_json":{"title":"Butcher BBQ Brisket Injection -marinadimix - BBQ \u00c4ssad","description":"Marinade Butcher BBQ Prime Brisket Injection - Kaikkien aikojen legendaarisin naudanlihan injektioseos. Liha pysyy aina mehukkaana.","robots":{"index":"index","follow":"follow","max-snippet":"max-snippet:-1","max-image-preview":"max-image-preview:large","max-video-preview":"max-video-preview:-1"},"canonical":"https:\/\/bbqassad.ee\/fi\/toode\/marinaadisegu-butcher-bbq-brisket-injection-ruiskutus\/","og_locale":"fi_FI","og_type":"article","og_title":"Marinaadisegu Butcher BBQ Brisket Injection -ruiskutus","og_description":"Marinade Butcher BBQ Prime Brisket Injection - Kaikkien aikojen legendaarisin naudanlihan injektioseos. Liha pysyy aina mehukkaana.","og_url":"https:\/\/bbqassad.ee\/fi\/toode\/marinaadisegu-butcher-bbq-brisket-injection-ruiskutus\/","og_site_name":"BBQ \u00c4ssad","article_publisher":"https:\/\/www.facebook.com\/bbqassad","article_modified_time":"2026-04-14T06:34:19+00:00","og_image":[{"url":"https:\/\/bbqassad.ee\/wp-content\/uploads\/2022\/11\/ButcherBBQ-BrisketInjection-2-BBQAssad-copy-300x300.webp","type":"","width":"","height":""}],"twitter_card":"summary_large_image","twitter_misc":{"Arvioitu lukuaika":"1 minuutti"},"schema":{"@context":"https:\/\/schema.org","@graph":[{"@type":"WebPage","@id":"https:\/\/bbqassad.ee\/fi\/toode\/marinaadisegu-butcher-bbq-brisket-injection-ruiskutus\/","url":"https:\/\/bbqassad.ee\/fi\/toode\/marinaadisegu-butcher-bbq-brisket-injection-ruiskutus\/","name":"Butcher BBQ Brisket Injection -marinadimix - BBQ \u00c4ssad","isPartOf":{"@id":"https:\/\/bbqassad.ee\/fi\/#website"},"primaryImageOfPage":{"@id":"https:\/\/bbqassad.ee\/fi\/toode\/marinaadisegu-butcher-bbq-brisket-injection-ruiskutus\/#primaryimage"},"image":{"@id":"https:\/\/bbqassad.ee\/fi\/toode\/marinaadisegu-butcher-bbq-brisket-injection-ruiskutus\/#primaryimage"},"thumbnailUrl":"https:\/\/bbqassad.ee\/wp-content\/uploads\/2022\/11\/ButcherBBQ-BrisketInjection-2-BBQAssad-copy.webp","datePublished":"2022-11-02T13:28:58+00:00","dateModified":"2026-04-14T06:34:19+00:00","description":"Marinade Butcher BBQ Prime Brisket Injection - Kaikkien aikojen legendaarisin naudanlihan injektioseos. Liha pysyy aina mehukkaana.","breadcrumb":{"@id":"https:\/\/bbqassad.ee\/fi\/toode\/marinaadisegu-butcher-bbq-brisket-injection-ruiskutus\/#breadcrumb"},"inLanguage":"fi","potentialAction":[{"@type":"ReadAction","target":["https:\/\/bbqassad.ee\/fi\/toode\/marinaadisegu-butcher-bbq-brisket-injection-ruiskutus\/"]}]},{"@type":"ImageObject","inLanguage":"fi","@id":"https:\/\/bbqassad.ee\/fi\/toode\/marinaadisegu-butcher-bbq-brisket-injection-ruiskutus\/#primaryimage","url":"https:\/\/bbqassad.ee\/wp-content\/uploads\/2022\/11\/ButcherBBQ-BrisketInjection-2-BBQAssad-copy.webp","contentUrl":"https:\/\/bbqassad.ee\/wp-content\/uploads\/2022\/11\/ButcherBBQ-BrisketInjection-2-BBQAssad-copy.webp","width":800,"height":800,"caption":"Marinaadisegu Butcher BBQ Prime Brisket Injection"},{"@type":"BreadcrumbList","@id":"https:\/\/bbqassad.ee\/fi\/toode\/marinaadisegu-butcher-bbq-brisket-injection-ruiskutus\/#breadcrumb","itemListElement":[{"@type":"ListItem","position":1,"name":"Home","item":"https:\/\/bbqassad.ee\/fi\/bbq-assat\/"},{"@type":"ListItem","position":2,"name":"Verkkokauppa","item":"https:\/\/bbqassad.ee\/fi\/verkkokauppa\/"},{"@type":"ListItem","position":3,"name":"Butcher BBQ Brisket Injection -marinadimix"}]},{"@type":"WebSite","@id":"https:\/\/bbqassad.ee\/fi\/#website","url":"https:\/\/bbqassad.ee\/fi\/","name":"BBQ \u00c4ssad","description":"BBQ maitseained, kastmed, ahjud","publisher":{"@id":"https:\/\/bbqassad.ee\/fi\/#organization"},"potentialAction":[{"@type":"SearchAction","target":{"@type":"EntryPoint","urlTemplate":"https:\/\/bbqassad.ee\/fi\/?s={search_term_string}"},"query-input":{"@type":"PropertyValueSpecification","valueRequired":true,"valueName":"search_term_string"}}],"inLanguage":"fi"},{"@type":"Organization","@id":"https:\/\/bbqassad.ee\/fi\/#organization","name":"BBQ \u00c4ssad","url":"https:\/\/bbqassad.ee\/fi\/","logo":{"@type":"ImageObject","inLanguage":"fi","@id":"https:\/\/bbqassad.ee\/fi\/#\/schema\/logo\/image\/","url":"https:\/\/bbqassad.ee\/wp-content\/uploads\/2022\/10\/BBQ-2ssadlogo.png","contentUrl":"https:\/\/bbqassad.ee\/wp-content\/uploads\/2022\/10\/BBQ-2ssadlogo.png","width":1080,"height":1080,"caption":"BBQ \u00c4ssad"},"image":{"@id":"https:\/\/bbqassad.ee\/fi\/#\/schema\/logo\/image\/"},"sameAs":["https:\/\/www.facebook.com\/bbqassad","https:\/\/www.youtube.com\/channel\/UCsoufn49J6TVi9Ah9meE93w"]}]}},"_links":{"self":[{"href":"https:\/\/bbqassad.ee\/fi\/wp-json\/wp\/v2\/product\/23597","targetHints":{"allow":["GET"]}}],"collection":[{"href":"https:\/\/bbqassad.ee\/fi\/wp-json\/wp\/v2\/product"}],"about":[{"href":"https:\/\/bbqassad.ee\/fi\/wp-json\/wp\/v2\/types\/product"}],"replies":[{"embeddable":true,"href":"https:\/\/bbqassad.ee\/fi\/wp-json\/wp\/v2\/comments?post=23597"}],"wp:featuredmedia":[{"embeddable":true,"href":"https:\/\/bbqassad.ee\/fi\/wp-json\/wp\/v2\/media\/23598"}],"wp:attachment":[{"href":"https:\/\/bbqassad.ee\/fi\/wp-json\/wp\/v2\/media?parent=23597"}],"wp:term":[{"taxonomy":"product_brand","embeddable":true,"href":"https:\/\/bbqassad.ee\/fi\/wp-json\/wp\/v2\/product_brand?post=23597"},{"taxonomy":"product_cat","embeddable":true,"href":"https:\/\/bbqassad.ee\/fi\/wp-json\/wp\/v2\/product_cat?post=23597"},{"taxonomy":"product_tag","embeddable":true,"href":"https:\/\/bbqassad.ee\/fi\/wp-json\/wp\/v2\/product_tag?post=23597"}],"curies":[{"name":"wp","href":"https:\/\/api.w.org\/{rel}","templated":true}]}}