{"id":23595,"date":"2022-11-02T13:39:48","date_gmt":"2022-11-02T13:39:48","guid":{"rendered":"https:\/\/bbqassad.ee\/toode\/ap-mauste\/"},"modified":"2026-05-09T07:55:57","modified_gmt":"2026-05-09T07:55:57","slug":"ap-mauste","status":"publish","type":"product","link":"https:\/\/bbqassad.ee\/fi\/toode\/ap-mauste\/","title":{"rendered":"AP-mauste"},"content":{"rendered":"<p>Tunnetko Malcolm Reedin? H\u00e4n on luultavasti Youtuben kuuluisin grillaaja. H\u00e4n kuuluu Killer Hogs BBQ -ryhm\u00e4\u00e4n. Killer Hogs on valmistanut erilaisia mausteseoksia jo hyvin pitk\u00e4\u00e4n, ja viel\u00e4 t\u00e4n\u00e4kin p\u00e4iv\u00e4n\u00e4 ne ovat monien joukkueiden perusruokaa. Heid\u00e4n mausteseoksiaan pidet\u00e4\u00e4n hyvin<br \/>\nhyvin\u00e4 perussekoituksina ja AP on kaikkien niiden perusta. AP eli All Purpose on nimens\u00e4 mukaisesti hyv\u00e4 kaikkeen, mutta siit\u00e4 ei saa j\u00e4lkiruokaa, sill\u00e4 se on pikemminkin suolainen seos.     <\/p>\n<h2>BBQ Aces kommentti<\/h2>\n<p>Malcolm Reedin BBQ-l\u00e4hetykset ovat yht\u00e4 legendaarisia kuin h\u00e4nen mausteseoksensa. Ne ovat olleet jokaisen joukkueen korissa jo vuosia, olipa kyseess\u00e4 BBQ tai grilli. Monien mielest\u00e4 heid\u00e4n AP rubinsa on yksi parhaista pihvimausteista. Jos olet sit\u00e4 tyyppi\u00e4, joka kiroaa ja kiroilee amerikkalaista BBQ:ta ja sit\u00e4, ett\u00e4 se on pelkk\u00e4\u00e4 makeaa paskaa, t\u00e4m\u00e4 mausteseos on sinua varten, sill\u00e4 siin\u00e4 ei ole h\u00e4iv\u00e4hdyst\u00e4k\u00e4\u00e4n sokeria &#8211; Malcolm<br \/>\non saavuttanut t\u00e4ydellisen tasapainon suolan, pippurin ja mausteiden v\u00e4lill\u00e4.   <\/p>\n<h2>Ammattilaisen vinkki<\/h2>\n<p>Se on loistava perushieronta, joten k\u00e4yt\u00e4 sit\u00e4 ensin lihaan ja lis\u00e4\u00e4 sitten<br \/>\nlempimausteesi.<\/p>\n","protected":false},"excerpt":{"rendered":"<p>Valmistaja: Killer Hogs Barbecue<br \/>\nPaino: 396,6g<br \/>\nAinesosat: suola, valkosipuli, mausteet, pippuri, soija\u00f6ljy, persilja.<\/p>\n","protected":false},"featured_media":23596,"comment_status":"open","ping_status":"closed","template":"","meta":[],"product_brand":[],"product_cat":[802],"product_tag":[791,790,803,789],"class_list":{"0":"post-23595","1":"product","2":"type-product","3":"status-publish","4":"has-post-thumbnail","6":"product_cat-sekoitukset","7":"product_tag-kala","8":"product_tag-kana","9":"product_tag-karja","10":"product_tag-sika","12":"first","13":"instock","14":"taxable","15":"shipping-taxable","16":"purchasable","17":"product-type-simple"},"yoast_head":"<!-- This site is optimized with the Yoast SEO plugin v27.4 - https:\/\/yoast.com\/product\/yoast-seo-wordpress\/ -->\n<title>AP-mauste - BBQ \u00c4ssad%<\/title>\n<meta name=\"description\" content=\"AP-mausteseos - Loistava perusmausteseos, joten k\u00e4yt\u00e4 sit\u00e4 ensin lihaan ja lis\u00e4\u00e4 sitten suosikkimausteseoksesi.\" \/>\n<meta name=\"robots\" content=\"index, follow, max-snippet:-1, max-image-preview:large, max-video-preview:-1\" \/>\n<link rel=\"canonical\" href=\"https:\/\/bbqassad.ee\/fi\/toode\/ap-mauste\/\" \/>\n<meta property=\"og:locale\" content=\"fi_FI\" \/>\n<meta property=\"og:type\" content=\"article\" \/>\n<meta property=\"og:title\" content=\"AP-mauste - BBQ \u00c4ssad%\" \/>\n<meta property=\"og:description\" content=\"AP-mausteseos - Loistava perusmausteseos, joten k\u00e4yt\u00e4 sit\u00e4 ensin lihaan ja lis\u00e4\u00e4 sitten suosikkimausteseoksesi.\" \/>\n<meta property=\"og:url\" content=\"https:\/\/bbqassad.ee\/fi\/toode\/ap-mauste\/\" \/>\n<meta property=\"og:site_name\" content=\"BBQ \u00c4ssad\" \/>\n<meta property=\"article:publisher\" content=\"https:\/\/www.facebook.com\/bbqassad\" \/>\n<meta property=\"article:modified_time\" content=\"2026-05-09T07:55:57+00:00\" \/>\n<meta property=\"og:image\" content=\"https:\/\/bbqassad.ee\/wp-content\/uploads\/2022\/11\/Killerhogs-2-BBQAssad-copy.webp\" \/>\n\t<meta property=\"og:image:width\" content=\"800\" \/>\n\t<meta property=\"og:image:height\" content=\"800\" \/>\n\t<meta property=\"og:image:type\" content=\"image\/webp\" \/>\n<meta name=\"twitter:card\" content=\"summary_large_image\" \/>\n<meta name=\"twitter:label1\" content=\"Arvioitu lukuaika\" \/>\n\t<meta name=\"twitter:data1\" content=\"1 minuutti\" \/>\n<script type=\"application\/ld+json\" class=\"yoast-schema-graph\">{\"@context\":\"https:\\\/\\\/schema.org\",\"@graph\":[{\"@type\":\"WebPage\",\"@id\":\"https:\\\/\\\/bbqassad.ee\\\/fi\\\/toode\\\/ap-mauste\\\/\",\"url\":\"https:\\\/\\\/bbqassad.ee\\\/fi\\\/toode\\\/ap-mauste\\\/\",\"name\":\"AP-mauste - BBQ \u00c4ssad%\",\"isPartOf\":{\"@id\":\"https:\\\/\\\/bbqassad.ee\\\/fi\\\/#website\"},\"primaryImageOfPage\":{\"@id\":\"https:\\\/\\\/bbqassad.ee\\\/fi\\\/toode\\\/ap-mauste\\\/#primaryimage\"},\"image\":{\"@id\":\"https:\\\/\\\/bbqassad.ee\\\/fi\\\/toode\\\/ap-mauste\\\/#primaryimage\"},\"thumbnailUrl\":\"https:\\\/\\\/bbqassad.ee\\\/wp-content\\\/uploads\\\/2022\\\/11\\\/Killerhogs-2-BBQAssad-copy.webp\",\"datePublished\":\"2022-11-02T13:39:48+00:00\",\"dateModified\":\"2026-05-09T07:55:57+00:00\",\"description\":\"AP-mausteseos - Loistava perusmausteseos, joten k\u00e4yt\u00e4 sit\u00e4 ensin lihaan ja lis\u00e4\u00e4 sitten suosikkimausteseoksesi.\",\"breadcrumb\":{\"@id\":\"https:\\\/\\\/bbqassad.ee\\\/fi\\\/toode\\\/ap-mauste\\\/#breadcrumb\"},\"inLanguage\":\"fi\",\"potentialAction\":[{\"@type\":\"ReadAction\",\"target\":[\"https:\\\/\\\/bbqassad.ee\\\/fi\\\/toode\\\/ap-mauste\\\/\"]}]},{\"@type\":\"ImageObject\",\"inLanguage\":\"fi\",\"@id\":\"https:\\\/\\\/bbqassad.ee\\\/fi\\\/toode\\\/ap-mauste\\\/#primaryimage\",\"url\":\"https:\\\/\\\/bbqassad.ee\\\/wp-content\\\/uploads\\\/2022\\\/11\\\/Killerhogs-2-BBQAssad-copy.webp\",\"contentUrl\":\"https:\\\/\\\/bbqassad.ee\\\/wp-content\\\/uploads\\\/2022\\\/11\\\/Killerhogs-2-BBQAssad-copy.webp\",\"width\":800,\"height\":800,\"caption\":\"Maitseainesegu The AP seasoning\"},{\"@type\":\"BreadcrumbList\",\"@id\":\"https:\\\/\\\/bbqassad.ee\\\/fi\\\/toode\\\/ap-mauste\\\/#breadcrumb\",\"itemListElement\":[{\"@type\":\"ListItem\",\"position\":1,\"name\":\"Home\",\"item\":\"https:\\\/\\\/bbqassad.ee\\\/fi\\\/bbq-assat\\\/\"},{\"@type\":\"ListItem\",\"position\":2,\"name\":\"Verkkokauppa\",\"item\":\"https:\\\/\\\/bbqassad.ee\\\/fi\\\/verkkokauppa\\\/\"},{\"@type\":\"ListItem\",\"position\":3,\"name\":\"AP-mauste\"}]},{\"@type\":\"WebSite\",\"@id\":\"https:\\\/\\\/bbqassad.ee\\\/fi\\\/#website\",\"url\":\"https:\\\/\\\/bbqassad.ee\\\/fi\\\/\",\"name\":\"BBQ \u00c4ssad\",\"description\":\"BBQ maitseained, kastmed, ahjud\",\"publisher\":{\"@id\":\"https:\\\/\\\/bbqassad.ee\\\/fi\\\/#organization\"},\"potentialAction\":[{\"@type\":\"SearchAction\",\"target\":{\"@type\":\"EntryPoint\",\"urlTemplate\":\"https:\\\/\\\/bbqassad.ee\\\/fi\\\/?s={search_term_string}\"},\"query-input\":{\"@type\":\"PropertyValueSpecification\",\"valueRequired\":true,\"valueName\":\"search_term_string\"}}],\"inLanguage\":\"fi\"},{\"@type\":\"Organization\",\"@id\":\"https:\\\/\\\/bbqassad.ee\\\/fi\\\/#organization\",\"name\":\"BBQ \u00c4ssad\",\"url\":\"https:\\\/\\\/bbqassad.ee\\\/fi\\\/\",\"logo\":{\"@type\":\"ImageObject\",\"inLanguage\":\"fi\",\"@id\":\"https:\\\/\\\/bbqassad.ee\\\/fi\\\/#\\\/schema\\\/logo\\\/image\\\/\",\"url\":\"https:\\\/\\\/bbqassad.ee\\\/wp-content\\\/uploads\\\/2022\\\/10\\\/BBQ-2ssadlogo.png\",\"contentUrl\":\"https:\\\/\\\/bbqassad.ee\\\/wp-content\\\/uploads\\\/2022\\\/10\\\/BBQ-2ssadlogo.png\",\"width\":1080,\"height\":1080,\"caption\":\"BBQ \u00c4ssad\"},\"image\":{\"@id\":\"https:\\\/\\\/bbqassad.ee\\\/fi\\\/#\\\/schema\\\/logo\\\/image\\\/\"},\"sameAs\":[\"https:\\\/\\\/www.facebook.com\\\/bbqassad\",\"https:\\\/\\\/www.youtube.com\\\/channel\\\/UCsoufn49J6TVi9Ah9meE93w\"]}]}<\/script>\n<!-- \/ Yoast SEO plugin. -->","yoast_head_json":{"title":"AP-mauste - BBQ \u00c4ssad%","description":"AP-mausteseos - Loistava perusmausteseos, joten k\u00e4yt\u00e4 sit\u00e4 ensin lihaan ja lis\u00e4\u00e4 sitten suosikkimausteseoksesi.","robots":{"index":"index","follow":"follow","max-snippet":"max-snippet:-1","max-image-preview":"max-image-preview:large","max-video-preview":"max-video-preview:-1"},"canonical":"https:\/\/bbqassad.ee\/fi\/toode\/ap-mauste\/","og_locale":"fi_FI","og_type":"article","og_title":"AP-mauste - BBQ \u00c4ssad%","og_description":"AP-mausteseos - Loistava perusmausteseos, joten k\u00e4yt\u00e4 sit\u00e4 ensin lihaan ja lis\u00e4\u00e4 sitten suosikkimausteseoksesi.","og_url":"https:\/\/bbqassad.ee\/fi\/toode\/ap-mauste\/","og_site_name":"BBQ \u00c4ssad","article_publisher":"https:\/\/www.facebook.com\/bbqassad","article_modified_time":"2026-05-09T07:55:57+00:00","og_image":[{"width":800,"height":800,"url":"https:\/\/bbqassad.ee\/wp-content\/uploads\/2022\/11\/Killerhogs-2-BBQAssad-copy.webp","type":"image\/webp"}],"twitter_card":"summary_large_image","twitter_misc":{"Arvioitu lukuaika":"1 minuutti"},"schema":{"@context":"https:\/\/schema.org","@graph":[{"@type":"WebPage","@id":"https:\/\/bbqassad.ee\/fi\/toode\/ap-mauste\/","url":"https:\/\/bbqassad.ee\/fi\/toode\/ap-mauste\/","name":"AP-mauste - BBQ \u00c4ssad%","isPartOf":{"@id":"https:\/\/bbqassad.ee\/fi\/#website"},"primaryImageOfPage":{"@id":"https:\/\/bbqassad.ee\/fi\/toode\/ap-mauste\/#primaryimage"},"image":{"@id":"https:\/\/bbqassad.ee\/fi\/toode\/ap-mauste\/#primaryimage"},"thumbnailUrl":"https:\/\/bbqassad.ee\/wp-content\/uploads\/2022\/11\/Killerhogs-2-BBQAssad-copy.webp","datePublished":"2022-11-02T13:39:48+00:00","dateModified":"2026-05-09T07:55:57+00:00","description":"AP-mausteseos - Loistava perusmausteseos, joten k\u00e4yt\u00e4 sit\u00e4 ensin lihaan ja lis\u00e4\u00e4 sitten suosikkimausteseoksesi.","breadcrumb":{"@id":"https:\/\/bbqassad.ee\/fi\/toode\/ap-mauste\/#breadcrumb"},"inLanguage":"fi","potentialAction":[{"@type":"ReadAction","target":["https:\/\/bbqassad.ee\/fi\/toode\/ap-mauste\/"]}]},{"@type":"ImageObject","inLanguage":"fi","@id":"https:\/\/bbqassad.ee\/fi\/toode\/ap-mauste\/#primaryimage","url":"https:\/\/bbqassad.ee\/wp-content\/uploads\/2022\/11\/Killerhogs-2-BBQAssad-copy.webp","contentUrl":"https:\/\/bbqassad.ee\/wp-content\/uploads\/2022\/11\/Killerhogs-2-BBQAssad-copy.webp","width":800,"height":800,"caption":"Maitseainesegu The AP seasoning"},{"@type":"BreadcrumbList","@id":"https:\/\/bbqassad.ee\/fi\/toode\/ap-mauste\/#breadcrumb","itemListElement":[{"@type":"ListItem","position":1,"name":"Home","item":"https:\/\/bbqassad.ee\/fi\/bbq-assat\/"},{"@type":"ListItem","position":2,"name":"Verkkokauppa","item":"https:\/\/bbqassad.ee\/fi\/verkkokauppa\/"},{"@type":"ListItem","position":3,"name":"AP-mauste"}]},{"@type":"WebSite","@id":"https:\/\/bbqassad.ee\/fi\/#website","url":"https:\/\/bbqassad.ee\/fi\/","name":"BBQ \u00c4ssad","description":"BBQ maitseained, kastmed, ahjud","publisher":{"@id":"https:\/\/bbqassad.ee\/fi\/#organization"},"potentialAction":[{"@type":"SearchAction","target":{"@type":"EntryPoint","urlTemplate":"https:\/\/bbqassad.ee\/fi\/?s={search_term_string}"},"query-input":{"@type":"PropertyValueSpecification","valueRequired":true,"valueName":"search_term_string"}}],"inLanguage":"fi"},{"@type":"Organization","@id":"https:\/\/bbqassad.ee\/fi\/#organization","name":"BBQ \u00c4ssad","url":"https:\/\/bbqassad.ee\/fi\/","logo":{"@type":"ImageObject","inLanguage":"fi","@id":"https:\/\/bbqassad.ee\/fi\/#\/schema\/logo\/image\/","url":"https:\/\/bbqassad.ee\/wp-content\/uploads\/2022\/10\/BBQ-2ssadlogo.png","contentUrl":"https:\/\/bbqassad.ee\/wp-content\/uploads\/2022\/10\/BBQ-2ssadlogo.png","width":1080,"height":1080,"caption":"BBQ \u00c4ssad"},"image":{"@id":"https:\/\/bbqassad.ee\/fi\/#\/schema\/logo\/image\/"},"sameAs":["https:\/\/www.facebook.com\/bbqassad","https:\/\/www.youtube.com\/channel\/UCsoufn49J6TVi9Ah9meE93w"]}]}},"_links":{"self":[{"href":"https:\/\/bbqassad.ee\/fi\/wp-json\/wp\/v2\/product\/23595","targetHints":{"allow":["GET"]}}],"collection":[{"href":"https:\/\/bbqassad.ee\/fi\/wp-json\/wp\/v2\/product"}],"about":[{"href":"https:\/\/bbqassad.ee\/fi\/wp-json\/wp\/v2\/types\/product"}],"replies":[{"embeddable":true,"href":"https:\/\/bbqassad.ee\/fi\/wp-json\/wp\/v2\/comments?post=23595"}],"wp:featuredmedia":[{"embeddable":true,"href":"https:\/\/bbqassad.ee\/fi\/wp-json\/wp\/v2\/media\/23596"}],"wp:attachment":[{"href":"https:\/\/bbqassad.ee\/fi\/wp-json\/wp\/v2\/media?parent=23595"}],"wp:term":[{"taxonomy":"product_brand","embeddable":true,"href":"https:\/\/bbqassad.ee\/fi\/wp-json\/wp\/v2\/product_brand?post=23595"},{"taxonomy":"product_cat","embeddable":true,"href":"https:\/\/bbqassad.ee\/fi\/wp-json\/wp\/v2\/product_cat?post=23595"},{"taxonomy":"product_tag","embeddable":true,"href":"https:\/\/bbqassad.ee\/fi\/wp-json\/wp\/v2\/product_tag?post=23595"}],"curies":[{"name":"wp","href":"https:\/\/api.w.org\/{rel}","templated":true}]}}